{"id":1008707,"date":"2025-01-24T09:27:43","date_gmt":"2025-01-24T08:27:43","guid":{"rendered":"https:\/\/hubsch-interior.com\/product\/product\/"},"modified":"2026-04-11T04:34:20","modified_gmt":"2026-04-11T02:34:20","slug":"ori-kissen-lila-beige","status":"publish","type":"product","link":"https:\/\/hubsch-interior.com\/de\/produkt\/ori-kissen-lila-beige\/","title":{"rendered":"Ori Kissen Lila\/Beige"},"content":{"rendered":"<p>Entdecken Sie den bezaubernden Komfort des Ori Kissen, ein wundersch\u00f6n gewebtes St\u00fcck mit einem Hauch von zartem Lila und einer sanften Sandfarbe. OEKO-TEX\u00ae STANDARD 100-zertifiziert garantiert dieses Kissen bei jeder Umarmung eine weiche Ber\u00fchrung. Perfekt geeignet f\u00fcr Ihre gem\u00fctliche Ecke, kombinieren Sie es mit anderen Kissen, um eine spielerische, einladende Zuflucht direkt in Ihrem Wohnzimmer zu schaffen. Erleben Sie den Charme und die W\u00e4rme von Ori, wo Komfort auf schickes Design trifft.<\/p>\n","protected":false},"excerpt":{"rendered":"<p>Entdecken Sie den bezaubernden Komfort des Ori Kissen, ein wundersch\u00f6n gewebtes St\u00fcck mit einem Hauch von zartem Lila und einer sanften Sandfarbe. OEKO-TEX\u00ae STANDARD 100-zertifiziert garantiert dieses Kissen bei jeder Umarmung eine weiche Ber\u00fchrung. Perfekt geeignet f\u00fcr Ihre gem\u00fctliche Ecke, kombinieren Sie es mit anderen Kissen, um eine spielerische, einladende Zuflucht direkt in Ihrem Wohnzimmer [&hellip;]<\/p>\n","protected":false},"featured_media":1098431,"template":"","meta":{"_acf_changed":false,"inline_featured_image":false},"product_brand":[],"product_cat":[6998,3004,3005],"product_tag":[],"class_list":{"0":"post-1008707","1":"product","2":"type-product","3":"status-publish","4":"has-post-thumbnail","6":"product_cat-the-buzz-de","7":"product_cat-textilien","8":"product_cat-kissen-de","9":"product_shipping_class-pk","11":"pa_color-beige-4","12":"pa_color-lila","14":"first","15":"instock","16":"taxable","17":"shipping-taxable","18":"purchasable","19":"product-type-simple"},"exclude_global_add_ons":[],"addons":[],"acf":[],"yoast_head":"<!-- This site is optimized with the Yoast SEO plugin v26.4 - https:\/\/yoast.com\/wordpress\/plugins\/seo\/ -->\n<title>Ori Kissen Lila\/Beige - H\u00fcbsch<\/title>\n<meta name=\"description\" content=\"Entdecken Sie den bezaubernden Komfort des Ori Kissen, ein wundersch\u00f6n gewebtes St\u00fcck mit einem Hauch von zartem Lila und einer sanften Sandfarbe.\" \/>\n<meta name=\"robots\" content=\"index, follow, max-snippet:-1, max-image-preview:large, max-video-preview:-1\" \/>\n<link rel=\"canonical\" href=\"https:\/\/hubsch-interior.com\/de\/wp-json\/wp\/v2\/product\/1008707\" \/>\n<meta property=\"og:locale\" content=\"de_DE\" \/>\n<meta property=\"og:type\" content=\"article\" \/>\n<meta property=\"og:title\" content=\"Ori Kissen Lila\/Beige - H\u00fcbsch\" \/>\n<meta property=\"og:description\" content=\"Entdecken Sie den bezaubernden Komfort des Ori Kissen, ein wundersch\u00f6n gewebtes St\u00fcck mit einem Hauch von zartem Lila und einer sanften Sandfarbe.\" \/>\n<meta property=\"og:url\" content=\"https:\/\/hubsch-interior.com\/de\/produkt\/ori-kissen-lila-beige\/\" \/>\n<meta property=\"og:site_name\" content=\"H\u00fcbsch\" \/>\n<meta property=\"article:modified_time\" content=\"2026-04-11T02:34:20+00:00\" \/>\n<meta property=\"og:image\" content=\"https:\/\/hubsch-interior.com\/wp-content\/uploads\/2025\/01\/ori-cushion-purplebeige-dd99f4c50a0f75300c48012603ed6c7c.jpg\" \/>\n\t<meta property=\"og:image:width\" content=\"1200\" \/>\n\t<meta property=\"og:image:height\" content=\"1200\" \/>\n\t<meta property=\"og:image:type\" content=\"image\/jpeg\" \/>\n<meta name=\"twitter:card\" content=\"summary_large_image\" \/>\n<script type=\"application\/ld+json\" class=\"yoast-schema-graph\">{\"@context\":\"https:\/\/schema.org\",\"@graph\":[{\"@type\":\"WebPage\",\"@id\":\"https:\/\/hubsch-interior.com\/de\/produkt\/ori-kissen-lila-beige\/\",\"url\":\"https:\/\/hubsch-interior.com\/de\/produkt\/ori-kissen-lila-beige\/\",\"name\":\"Ori Kissen Lila\/Beige - H\u00fcbsch\",\"isPartOf\":{\"@id\":\"https:\/\/hubsch-interior.com\/de\/#website\"},\"primaryImageOfPage\":{\"@id\":\"https:\/\/hubsch-interior.com\/de\/produkt\/ori-kissen-lila-beige\/#primaryimage\"},\"image\":{\"@id\":\"https:\/\/hubsch-interior.com\/de\/produkt\/ori-kissen-lila-beige\/#primaryimage\"},\"thumbnailUrl\":\"https:\/\/hubsch-interior.com\/wp-content\/uploads\/2026\/02\/ori-cushion-purplebeige-de76e9541ed78250b52f968b461da173.jpg\",\"datePublished\":\"2025-01-24T08:27:43+00:00\",\"dateModified\":\"2026-04-11T02:34:20+00:00\",\"description\":\"Entdecken Sie den bezaubernden Komfort des Ori Kissen, ein wundersch\u00f6n gewebtes St\u00fcck mit einem Hauch von zartem Lila und einer sanften Sandfarbe.\",\"breadcrumb\":{\"@id\":\"https:\/\/hubsch-interior.com\/de\/produkt\/ori-kissen-lila-beige\/#breadcrumb\"},\"inLanguage\":\"de\",\"potentialAction\":[{\"@type\":\"ReadAction\",\"target\":[\"https:\/\/hubsch-interior.com\/de\/produkt\/ori-kissen-lila-beige\/\"]}]},{\"@type\":\"ImageObject\",\"inLanguage\":\"de\",\"@id\":\"https:\/\/hubsch-interior.com\/de\/produkt\/ori-kissen-lila-beige\/#primaryimage\",\"url\":\"https:\/\/hubsch-interior.com\/wp-content\/uploads\/2026\/02\/ori-cushion-purplebeige-de76e9541ed78250b52f968b461da173.jpg\",\"contentUrl\":\"https:\/\/hubsch-interior.com\/wp-content\/uploads\/2026\/02\/ori-cushion-purplebeige-de76e9541ed78250b52f968b461da173.jpg\",\"width\":1024,\"height\":1024},{\"@type\":\"BreadcrumbList\",\"@id\":\"https:\/\/hubsch-interior.com\/de\/produkt\/ori-kissen-lila-beige\/#breadcrumb\",\"itemListElement\":[{\"@type\":\"ListItem\",\"position\":1,\"name\":\"Startseite\",\"item\":\"https:\/\/hubsch-interior.com\/de\/\"},{\"@type\":\"ListItem\",\"position\":2,\"name\":\"Produkte\",\"item\":\"https:\/\/hubsch-interior.com\/de\/shop-2\/\"},{\"@type\":\"ListItem\",\"position\":3,\"name\":\"Textilien\",\"item\":\"https:\/\/hubsch-interior.com\/de\/produkt-kategorie\/textilien\/\"},{\"@type\":\"ListItem\",\"position\":4,\"name\":\"Ori Kissen Lila\/Beige\"}]},{\"@type\":\"WebSite\",\"@id\":\"https:\/\/hubsch-interior.com\/de\/#website\",\"url\":\"https:\/\/hubsch-interior.com\/de\/\",\"name\":\"H\u00fcbsch\",\"description\":\"Danish Home Interior and Design\",\"publisher\":{\"@id\":\"https:\/\/hubsch-interior.com\/de\/#organization\"},\"potentialAction\":[{\"@type\":\"SearchAction\",\"target\":{\"@type\":\"EntryPoint\",\"urlTemplate\":\"https:\/\/hubsch-interior.com\/de\/?s={search_term_string}\"},\"query-input\":{\"@type\":\"PropertyValueSpecification\",\"valueRequired\":true,\"valueName\":\"search_term_string\"}}],\"inLanguage\":\"de\"},{\"@type\":\"Organization\",\"@id\":\"https:\/\/hubsch-interior.com\/de\/#organization\",\"name\":\"H\u00fcbsch\",\"url\":\"https:\/\/hubsch-interior.com\/de\/\",\"logo\":{\"@type\":\"ImageObject\",\"inLanguage\":\"de\",\"@id\":\"https:\/\/hubsch-interior.com\/de\/#\/schema\/logo\/image\/\",\"url\":\"https:\/\/hubsch-interior.com\/wp-content\/uploads\/2022\/12\/Hubsch_logo_black_one_line.svg\",\"contentUrl\":\"https:\/\/hubsch-interior.com\/wp-content\/uploads\/2022\/12\/Hubsch_logo_black_one_line.svg\",\"caption\":\"H\u00fcbsch\"},\"image\":{\"@id\":\"https:\/\/hubsch-interior.com\/de\/#\/schema\/logo\/image\/\"}}]}<\/script>\n<!-- \/ Yoast SEO plugin. -->","yoast_head_json":{"title":"Ori Kissen Lila\/Beige - H\u00fcbsch","description":"Entdecken Sie den bezaubernden Komfort des Ori Kissen, ein wundersch\u00f6n gewebtes St\u00fcck mit einem Hauch von zartem Lila und einer sanften Sandfarbe.","robots":{"index":"index","follow":"follow","max-snippet":"max-snippet:-1","max-image-preview":"max-image-preview:large","max-video-preview":"max-video-preview:-1"},"canonical":"https:\/\/hubsch-interior.com\/de\/wp-json\/wp\/v2\/product\/1008707","og_locale":"de_DE","og_type":"article","og_title":"Ori Kissen Lila\/Beige - H\u00fcbsch","og_description":"Entdecken Sie den bezaubernden Komfort des Ori Kissen, ein wundersch\u00f6n gewebtes St\u00fcck mit einem Hauch von zartem Lila und einer sanften Sandfarbe.","og_url":"https:\/\/hubsch-interior.com\/de\/produkt\/ori-kissen-lila-beige\/","og_site_name":"H\u00fcbsch","article_modified_time":"2026-04-11T02:34:20+00:00","og_image":[{"width":1200,"height":1200,"url":"https:\/\/hubsch-interior.com\/wp-content\/uploads\/2025\/01\/ori-cushion-purplebeige-dd99f4c50a0f75300c48012603ed6c7c.jpg","type":"image\/jpeg"}],"twitter_card":"summary_large_image","schema":{"@context":"https:\/\/schema.org","@graph":[{"@type":"WebPage","@id":"https:\/\/hubsch-interior.com\/de\/produkt\/ori-kissen-lila-beige\/","url":"https:\/\/hubsch-interior.com\/de\/produkt\/ori-kissen-lila-beige\/","name":"Ori Kissen Lila\/Beige - H\u00fcbsch","isPartOf":{"@id":"https:\/\/hubsch-interior.com\/de\/#website"},"primaryImageOfPage":{"@id":"https:\/\/hubsch-interior.com\/de\/produkt\/ori-kissen-lila-beige\/#primaryimage"},"image":{"@id":"https:\/\/hubsch-interior.com\/de\/produkt\/ori-kissen-lila-beige\/#primaryimage"},"thumbnailUrl":"https:\/\/hubsch-interior.com\/wp-content\/uploads\/2026\/02\/ori-cushion-purplebeige-de76e9541ed78250b52f968b461da173.jpg","datePublished":"2025-01-24T08:27:43+00:00","dateModified":"2026-04-11T02:34:20+00:00","description":"Entdecken Sie den bezaubernden Komfort des Ori Kissen, ein wundersch\u00f6n gewebtes St\u00fcck mit einem Hauch von zartem Lila und einer sanften Sandfarbe.","breadcrumb":{"@id":"https:\/\/hubsch-interior.com\/de\/produkt\/ori-kissen-lila-beige\/#breadcrumb"},"inLanguage":"de","potentialAction":[{"@type":"ReadAction","target":["https:\/\/hubsch-interior.com\/de\/produkt\/ori-kissen-lila-beige\/"]}]},{"@type":"ImageObject","inLanguage":"de","@id":"https:\/\/hubsch-interior.com\/de\/produkt\/ori-kissen-lila-beige\/#primaryimage","url":"https:\/\/hubsch-interior.com\/wp-content\/uploads\/2026\/02\/ori-cushion-purplebeige-de76e9541ed78250b52f968b461da173.jpg","contentUrl":"https:\/\/hubsch-interior.com\/wp-content\/uploads\/2026\/02\/ori-cushion-purplebeige-de76e9541ed78250b52f968b461da173.jpg","width":1024,"height":1024},{"@type":"BreadcrumbList","@id":"https:\/\/hubsch-interior.com\/de\/produkt\/ori-kissen-lila-beige\/#breadcrumb","itemListElement":[{"@type":"ListItem","position":1,"name":"Startseite","item":"https:\/\/hubsch-interior.com\/de\/"},{"@type":"ListItem","position":2,"name":"Produkte","item":"https:\/\/hubsch-interior.com\/de\/shop-2\/"},{"@type":"ListItem","position":3,"name":"Textilien","item":"https:\/\/hubsch-interior.com\/de\/produkt-kategorie\/textilien\/"},{"@type":"ListItem","position":4,"name":"Ori Kissen Lila\/Beige"}]},{"@type":"WebSite","@id":"https:\/\/hubsch-interior.com\/de\/#website","url":"https:\/\/hubsch-interior.com\/de\/","name":"H\u00fcbsch","description":"Danish Home Interior and Design","publisher":{"@id":"https:\/\/hubsch-interior.com\/de\/#organization"},"potentialAction":[{"@type":"SearchAction","target":{"@type":"EntryPoint","urlTemplate":"https:\/\/hubsch-interior.com\/de\/?s={search_term_string}"},"query-input":{"@type":"PropertyValueSpecification","valueRequired":true,"valueName":"search_term_string"}}],"inLanguage":"de"},{"@type":"Organization","@id":"https:\/\/hubsch-interior.com\/de\/#organization","name":"H\u00fcbsch","url":"https:\/\/hubsch-interior.com\/de\/","logo":{"@type":"ImageObject","inLanguage":"de","@id":"https:\/\/hubsch-interior.com\/de\/#\/schema\/logo\/image\/","url":"https:\/\/hubsch-interior.com\/wp-content\/uploads\/2022\/12\/Hubsch_logo_black_one_line.svg","contentUrl":"https:\/\/hubsch-interior.com\/wp-content\/uploads\/2022\/12\/Hubsch_logo_black_one_line.svg","caption":"H\u00fcbsch"},"image":{"@id":"https:\/\/hubsch-interior.com\/de\/#\/schema\/logo\/image\/"}}]}},"_links":{"self":[{"href":"https:\/\/hubsch-interior.com\/de\/wp-json\/wp\/v2\/product\/1008707","targetHints":{"allow":["GET"]}}],"collection":[{"href":"https:\/\/hubsch-interior.com\/de\/wp-json\/wp\/v2\/product"}],"about":[{"href":"https:\/\/hubsch-interior.com\/de\/wp-json\/wp\/v2\/types\/product"}],"wp:featuredmedia":[{"embeddable":true,"href":"https:\/\/hubsch-interior.com\/de\/wp-json\/wp\/v2\/media\/1098431"}],"wp:attachment":[{"href":"https:\/\/hubsch-interior.com\/de\/wp-json\/wp\/v2\/media?parent=1008707"}],"wp:term":[{"taxonomy":"product_brand","embeddable":true,"href":"https:\/\/hubsch-interior.com\/de\/wp-json\/wp\/v2\/product_brand?post=1008707"},{"taxonomy":"product_cat","embeddable":true,"href":"https:\/\/hubsch-interior.com\/de\/wp-json\/wp\/v2\/product_cat?post=1008707"},{"taxonomy":"product_tag","embeddable":true,"href":"https:\/\/hubsch-interior.com\/de\/wp-json\/wp\/v2\/product_tag?post=1008707"}],"curies":[{"name":"wp","href":"https:\/\/api.w.org\/{rel}","templated":true}]}}