{"id":1008727,"date":"2025-01-24T09:28:08","date_gmt":"2025-01-24T08:28:08","guid":{"rendered":"https:\/\/hubsch-interior.com\/product\/product\/"},"modified":"2026-04-11T04:34:23","modified_gmt":"2026-04-11T02:34:23","slug":"ori-kissen-olive-beige","status":"publish","type":"product","link":"https:\/\/hubsch-interior.com\/de\/produkt\/ori-kissen-olive-beige\/","title":{"rendered":"Ori Kissen Olive\/Beige"},"content":{"rendered":"<p>Wir pr\u00e4sentieren das Ori Kissen, ein wundersch\u00f6n gewebtes Kissen, das die zeitlose Eleganz von Beige und Schwarz vereint. Hergestellt aus einer Mischung aus Baumwolle und Polyester, garantiert dieses OEKO-TEX\u00ae STANDARD 100-zertifizierte St\u00fcck sowohl Komfort als auch ein gutes Gewissen. Perfekt geeignet, um jedem Raum einen Hauch von Raffinesse zu verleihen, l\u00e4sst sich das Ori Kissen m\u00fchelos mit anderen Kissen kombinieren, um eine verspielte, dennoch edle Atmosph\u00e4re zu schaffen. W\u00e4hlen Sie das Ori Kissen f\u00fcr ein ruhiges und gem\u00fctliches Update Ihres pers\u00f6nlichen Raums.<\/p>\n","protected":false},"excerpt":{"rendered":"<p>Wir pr\u00e4sentieren das Ori Kissen, ein wundersch\u00f6n gewebtes Kissen, das die zeitlose Eleganz von Beige und Schwarz vereint. Hergestellt aus einer Mischung aus Baumwolle und Polyester, garantiert dieses OEKO-TEX\u00ae STANDARD 100-zertifizierte St\u00fcck sowohl Komfort als auch ein gutes Gewissen. Perfekt geeignet, um jedem Raum einen Hauch von Raffinesse zu verleihen, l\u00e4sst sich das Ori Kissen [&hellip;]<\/p>\n","protected":false},"featured_media":1098451,"template":"","meta":{"_acf_changed":false,"inline_featured_image":false},"product_brand":[],"product_cat":[6998,3004,3005,5027],"product_tag":[],"class_list":{"0":"post-1008727","1":"product","2":"type-product","3":"status-publish","4":"has-post-thumbnail","6":"product_cat-the-buzz-de","7":"product_cat-textilien","8":"product_cat-kissen-de","9":"product_cat-bestsellers-de","10":"product_shipping_class-pk","12":"pa_color-beige-4","13":"pa_color-olive-3","15":"first","16":"instock","17":"featured","18":"taxable","19":"shipping-taxable","20":"purchasable","21":"product-type-simple"},"exclude_global_add_ons":[],"addons":[],"acf":[],"yoast_head":"<!-- This site is optimized with the Yoast SEO plugin v26.4 - https:\/\/yoast.com\/wordpress\/plugins\/seo\/ -->\n<title>Ori Kissen Olive\/Beige - H\u00fcbsch<\/title>\n<meta name=\"description\" content=\"Wir pr\u00e4sentieren das Ori Kissen, ein wundersch\u00f6n gewebtes Kissen, das die zeitlose Eleganz von Beige und Schwarz vereint. Hergestellt aus einer Mischung\" \/>\n<meta name=\"robots\" content=\"index, follow, max-snippet:-1, max-image-preview:large, max-video-preview:-1\" \/>\n<link rel=\"canonical\" href=\"https:\/\/hubsch-interior.com\/de\/wp-json\/wp\/v2\/product\/1008727\" \/>\n<meta property=\"og:locale\" content=\"de_DE\" \/>\n<meta property=\"og:type\" content=\"article\" \/>\n<meta property=\"og:title\" content=\"Ori Kissen Olive\/Beige - H\u00fcbsch\" \/>\n<meta property=\"og:description\" content=\"Wir pr\u00e4sentieren das Ori Kissen, ein wundersch\u00f6n gewebtes Kissen, das die zeitlose Eleganz von Beige und Schwarz vereint. Hergestellt aus einer Mischung\" \/>\n<meta property=\"og:url\" content=\"https:\/\/hubsch-interior.com\/de\/produkt\/ori-kissen-olive-beige\/\" \/>\n<meta property=\"og:site_name\" content=\"H\u00fcbsch\" \/>\n<meta property=\"article:modified_time\" content=\"2026-04-11T02:34:23+00:00\" \/>\n<meta property=\"og:image\" content=\"https:\/\/hubsch-interior.com\/wp-content\/uploads\/2025\/01\/ori-cushion-olivebeige-1d244dbc220481d33f578b4da94fcae8.jpg\" \/>\n\t<meta property=\"og:image:width\" content=\"1200\" \/>\n\t<meta property=\"og:image:height\" content=\"1200\" \/>\n\t<meta property=\"og:image:type\" content=\"image\/jpeg\" \/>\n<meta name=\"twitter:card\" content=\"summary_large_image\" \/>\n<script type=\"application\/ld+json\" class=\"yoast-schema-graph\">{\"@context\":\"https:\/\/schema.org\",\"@graph\":[{\"@type\":\"WebPage\",\"@id\":\"https:\/\/hubsch-interior.com\/de\/produkt\/ori-kissen-olive-beige\/\",\"url\":\"https:\/\/hubsch-interior.com\/de\/produkt\/ori-kissen-olive-beige\/\",\"name\":\"Ori Kissen Olive\/Beige - H\u00fcbsch\",\"isPartOf\":{\"@id\":\"https:\/\/hubsch-interior.com\/de\/#website\"},\"primaryImageOfPage\":{\"@id\":\"https:\/\/hubsch-interior.com\/de\/produkt\/ori-kissen-olive-beige\/#primaryimage\"},\"image\":{\"@id\":\"https:\/\/hubsch-interior.com\/de\/produkt\/ori-kissen-olive-beige\/#primaryimage\"},\"thumbnailUrl\":\"https:\/\/hubsch-interior.com\/wp-content\/uploads\/2026\/02\/ori-cushion-olivebeige-00f948daf495a1d8f884c22a14d9897c.jpg\",\"datePublished\":\"2025-01-24T08:28:08+00:00\",\"dateModified\":\"2026-04-11T02:34:23+00:00\",\"description\":\"Wir pr\u00e4sentieren das Ori Kissen, ein wundersch\u00f6n gewebtes Kissen, das die zeitlose Eleganz von Beige und Schwarz vereint. Hergestellt aus einer Mischung\",\"breadcrumb\":{\"@id\":\"https:\/\/hubsch-interior.com\/de\/produkt\/ori-kissen-olive-beige\/#breadcrumb\"},\"inLanguage\":\"de\",\"potentialAction\":[{\"@type\":\"ReadAction\",\"target\":[\"https:\/\/hubsch-interior.com\/de\/produkt\/ori-kissen-olive-beige\/\"]}]},{\"@type\":\"ImageObject\",\"inLanguage\":\"de\",\"@id\":\"https:\/\/hubsch-interior.com\/de\/produkt\/ori-kissen-olive-beige\/#primaryimage\",\"url\":\"https:\/\/hubsch-interior.com\/wp-content\/uploads\/2026\/02\/ori-cushion-olivebeige-00f948daf495a1d8f884c22a14d9897c.jpg\",\"contentUrl\":\"https:\/\/hubsch-interior.com\/wp-content\/uploads\/2026\/02\/ori-cushion-olivebeige-00f948daf495a1d8f884c22a14d9897c.jpg\",\"width\":1024,\"height\":1024},{\"@type\":\"BreadcrumbList\",\"@id\":\"https:\/\/hubsch-interior.com\/de\/produkt\/ori-kissen-olive-beige\/#breadcrumb\",\"itemListElement\":[{\"@type\":\"ListItem\",\"position\":1,\"name\":\"Startseite\",\"item\":\"https:\/\/hubsch-interior.com\/de\/\"},{\"@type\":\"ListItem\",\"position\":2,\"name\":\"Produkte\",\"item\":\"https:\/\/hubsch-interior.com\/de\/shop-2\/\"},{\"@type\":\"ListItem\",\"position\":3,\"name\":\"Textilien\",\"item\":\"https:\/\/hubsch-interior.com\/de\/produkt-kategorie\/textilien\/\"},{\"@type\":\"ListItem\",\"position\":4,\"name\":\"Ori Kissen Olive\/Beige\"}]},{\"@type\":\"WebSite\",\"@id\":\"https:\/\/hubsch-interior.com\/de\/#website\",\"url\":\"https:\/\/hubsch-interior.com\/de\/\",\"name\":\"H\u00fcbsch\",\"description\":\"Danish Home Interior and Design\",\"publisher\":{\"@id\":\"https:\/\/hubsch-interior.com\/de\/#organization\"},\"potentialAction\":[{\"@type\":\"SearchAction\",\"target\":{\"@type\":\"EntryPoint\",\"urlTemplate\":\"https:\/\/hubsch-interior.com\/de\/?s={search_term_string}\"},\"query-input\":{\"@type\":\"PropertyValueSpecification\",\"valueRequired\":true,\"valueName\":\"search_term_string\"}}],\"inLanguage\":\"de\"},{\"@type\":\"Organization\",\"@id\":\"https:\/\/hubsch-interior.com\/de\/#organization\",\"name\":\"H\u00fcbsch\",\"url\":\"https:\/\/hubsch-interior.com\/de\/\",\"logo\":{\"@type\":\"ImageObject\",\"inLanguage\":\"de\",\"@id\":\"https:\/\/hubsch-interior.com\/de\/#\/schema\/logo\/image\/\",\"url\":\"https:\/\/hubsch-interior.com\/wp-content\/uploads\/2022\/12\/Hubsch_logo_black_one_line.svg\",\"contentUrl\":\"https:\/\/hubsch-interior.com\/wp-content\/uploads\/2022\/12\/Hubsch_logo_black_one_line.svg\",\"caption\":\"H\u00fcbsch\"},\"image\":{\"@id\":\"https:\/\/hubsch-interior.com\/de\/#\/schema\/logo\/image\/\"}}]}<\/script>\n<!-- \/ Yoast SEO plugin. -->","yoast_head_json":{"title":"Ori Kissen Olive\/Beige - H\u00fcbsch","description":"Wir pr\u00e4sentieren das Ori Kissen, ein wundersch\u00f6n gewebtes Kissen, das die zeitlose Eleganz von Beige und Schwarz vereint. Hergestellt aus einer Mischung","robots":{"index":"index","follow":"follow","max-snippet":"max-snippet:-1","max-image-preview":"max-image-preview:large","max-video-preview":"max-video-preview:-1"},"canonical":"https:\/\/hubsch-interior.com\/de\/wp-json\/wp\/v2\/product\/1008727","og_locale":"de_DE","og_type":"article","og_title":"Ori Kissen Olive\/Beige - H\u00fcbsch","og_description":"Wir pr\u00e4sentieren das Ori Kissen, ein wundersch\u00f6n gewebtes Kissen, das die zeitlose Eleganz von Beige und Schwarz vereint. Hergestellt aus einer Mischung","og_url":"https:\/\/hubsch-interior.com\/de\/produkt\/ori-kissen-olive-beige\/","og_site_name":"H\u00fcbsch","article_modified_time":"2026-04-11T02:34:23+00:00","og_image":[{"width":1200,"height":1200,"url":"https:\/\/hubsch-interior.com\/wp-content\/uploads\/2025\/01\/ori-cushion-olivebeige-1d244dbc220481d33f578b4da94fcae8.jpg","type":"image\/jpeg"}],"twitter_card":"summary_large_image","schema":{"@context":"https:\/\/schema.org","@graph":[{"@type":"WebPage","@id":"https:\/\/hubsch-interior.com\/de\/produkt\/ori-kissen-olive-beige\/","url":"https:\/\/hubsch-interior.com\/de\/produkt\/ori-kissen-olive-beige\/","name":"Ori Kissen Olive\/Beige - H\u00fcbsch","isPartOf":{"@id":"https:\/\/hubsch-interior.com\/de\/#website"},"primaryImageOfPage":{"@id":"https:\/\/hubsch-interior.com\/de\/produkt\/ori-kissen-olive-beige\/#primaryimage"},"image":{"@id":"https:\/\/hubsch-interior.com\/de\/produkt\/ori-kissen-olive-beige\/#primaryimage"},"thumbnailUrl":"https:\/\/hubsch-interior.com\/wp-content\/uploads\/2026\/02\/ori-cushion-olivebeige-00f948daf495a1d8f884c22a14d9897c.jpg","datePublished":"2025-01-24T08:28:08+00:00","dateModified":"2026-04-11T02:34:23+00:00","description":"Wir pr\u00e4sentieren das Ori Kissen, ein wundersch\u00f6n gewebtes Kissen, das die zeitlose Eleganz von Beige und Schwarz vereint. Hergestellt aus einer Mischung","breadcrumb":{"@id":"https:\/\/hubsch-interior.com\/de\/produkt\/ori-kissen-olive-beige\/#breadcrumb"},"inLanguage":"de","potentialAction":[{"@type":"ReadAction","target":["https:\/\/hubsch-interior.com\/de\/produkt\/ori-kissen-olive-beige\/"]}]},{"@type":"ImageObject","inLanguage":"de","@id":"https:\/\/hubsch-interior.com\/de\/produkt\/ori-kissen-olive-beige\/#primaryimage","url":"https:\/\/hubsch-interior.com\/wp-content\/uploads\/2026\/02\/ori-cushion-olivebeige-00f948daf495a1d8f884c22a14d9897c.jpg","contentUrl":"https:\/\/hubsch-interior.com\/wp-content\/uploads\/2026\/02\/ori-cushion-olivebeige-00f948daf495a1d8f884c22a14d9897c.jpg","width":1024,"height":1024},{"@type":"BreadcrumbList","@id":"https:\/\/hubsch-interior.com\/de\/produkt\/ori-kissen-olive-beige\/#breadcrumb","itemListElement":[{"@type":"ListItem","position":1,"name":"Startseite","item":"https:\/\/hubsch-interior.com\/de\/"},{"@type":"ListItem","position":2,"name":"Produkte","item":"https:\/\/hubsch-interior.com\/de\/shop-2\/"},{"@type":"ListItem","position":3,"name":"Textilien","item":"https:\/\/hubsch-interior.com\/de\/produkt-kategorie\/textilien\/"},{"@type":"ListItem","position":4,"name":"Ori Kissen Olive\/Beige"}]},{"@type":"WebSite","@id":"https:\/\/hubsch-interior.com\/de\/#website","url":"https:\/\/hubsch-interior.com\/de\/","name":"H\u00fcbsch","description":"Danish Home Interior and Design","publisher":{"@id":"https:\/\/hubsch-interior.com\/de\/#organization"},"potentialAction":[{"@type":"SearchAction","target":{"@type":"EntryPoint","urlTemplate":"https:\/\/hubsch-interior.com\/de\/?s={search_term_string}"},"query-input":{"@type":"PropertyValueSpecification","valueRequired":true,"valueName":"search_term_string"}}],"inLanguage":"de"},{"@type":"Organization","@id":"https:\/\/hubsch-interior.com\/de\/#organization","name":"H\u00fcbsch","url":"https:\/\/hubsch-interior.com\/de\/","logo":{"@type":"ImageObject","inLanguage":"de","@id":"https:\/\/hubsch-interior.com\/de\/#\/schema\/logo\/image\/","url":"https:\/\/hubsch-interior.com\/wp-content\/uploads\/2022\/12\/Hubsch_logo_black_one_line.svg","contentUrl":"https:\/\/hubsch-interior.com\/wp-content\/uploads\/2022\/12\/Hubsch_logo_black_one_line.svg","caption":"H\u00fcbsch"},"image":{"@id":"https:\/\/hubsch-interior.com\/de\/#\/schema\/logo\/image\/"}}]}},"_links":{"self":[{"href":"https:\/\/hubsch-interior.com\/de\/wp-json\/wp\/v2\/product\/1008727","targetHints":{"allow":["GET"]}}],"collection":[{"href":"https:\/\/hubsch-interior.com\/de\/wp-json\/wp\/v2\/product"}],"about":[{"href":"https:\/\/hubsch-interior.com\/de\/wp-json\/wp\/v2\/types\/product"}],"wp:featuredmedia":[{"embeddable":true,"href":"https:\/\/hubsch-interior.com\/de\/wp-json\/wp\/v2\/media\/1098451"}],"wp:attachment":[{"href":"https:\/\/hubsch-interior.com\/de\/wp-json\/wp\/v2\/media?parent=1008727"}],"wp:term":[{"taxonomy":"product_brand","embeddable":true,"href":"https:\/\/hubsch-interior.com\/de\/wp-json\/wp\/v2\/product_brand?post=1008727"},{"taxonomy":"product_cat","embeddable":true,"href":"https:\/\/hubsch-interior.com\/de\/wp-json\/wp\/v2\/product_cat?post=1008727"},{"taxonomy":"product_tag","embeddable":true,"href":"https:\/\/hubsch-interior.com\/de\/wp-json\/wp\/v2\/product_tag?post=1008727"}],"curies":[{"name":"wp","href":"https:\/\/api.w.org\/{rel}","templated":true}]}}