{"id":1008759,"date":"2025-01-24T09:28:58","date_gmt":"2025-01-24T08:28:58","guid":{"rendered":"https:\/\/hubsch-interior.com\/product\/product\/"},"modified":"2026-04-11T04:34:31","modified_gmt":"2026-04-11T02:34:31","slug":"haikei-kissen-hellgrun","status":"publish","type":"product","link":"https:\/\/hubsch-interior.com\/de\/produkt\/haikei-kissen-hellgrun\/","title":{"rendered":"Haikei Kissen Hellgr\u00fcn"},"content":{"rendered":"<p>Wir pr\u00e4sentieren das Haikei Kissen, ein entz\u00fcckender Ausdruck von Komfort in einem zarten hellgr\u00fcnen Farbton, der wahrhaftig ein Fr\u00fchlingsgef\u00fchl in jeden Raum bringt. Gefertigt aus OEKO-TEX\u00ae STANDARD 100-zertifizierter Baumwolle, bietet dieses Kissen nicht nur eine tadellose Qualit\u00e4t. Die kleinen Texturdetails f\u00fcgen einen subtilen Charme hinzu und laden dazu ein, es mit anderen Kissen zu kombinieren, um ein spielerisches und einladendes Gef\u00fchl zu schaffen. Perfekt, um einen sanften Farbtupfer hinzuzuf\u00fcgen, verwandelt das Haikei Kissen Ihren Wohnbereich in einen friedvollen R\u00fcckzugsort.<\/p>\n","protected":false},"excerpt":{"rendered":"<p>Wir pr\u00e4sentieren das Haikei Kissen, ein entz\u00fcckender Ausdruck von Komfort in einem zarten hellgr\u00fcnen Farbton, der wahrhaftig ein Fr\u00fchlingsgef\u00fchl in jeden Raum bringt. Gefertigt aus OEKO-TEX\u00ae STANDARD 100-zertifizierter Baumwolle, bietet dieses Kissen nicht nur eine tadellose Qualit\u00e4t. Die kleinen Texturdetails f\u00fcgen einen subtilen Charme hinzu und laden dazu ein, es mit anderen Kissen zu kombinieren, [&hellip;]<\/p>\n","protected":false},"featured_media":1098495,"template":"","meta":{"_acf_changed":false,"inline_featured_image":false},"product_brand":[],"product_cat":[6998,3004,3005,5027],"product_tag":[],"class_list":{"0":"post-1008759","1":"product","2":"type-product","3":"status-publish","4":"has-post-thumbnail","6":"product_cat-the-buzz-de","7":"product_cat-textilien","8":"product_cat-kissen-de","9":"product_cat-bestsellers-de","10":"product_shipping_class-pk","12":"pa_color-hellgrn-2","13":"pa_material-cotton-100-de","15":"first","16":"instock","17":"featured","18":"taxable","19":"shipping-taxable","20":"purchasable","21":"product-type-simple"},"exclude_global_add_ons":[],"addons":[],"acf":[],"yoast_head":"<!-- This site is optimized with the Yoast SEO plugin v26.4 - https:\/\/yoast.com\/wordpress\/plugins\/seo\/ -->\n<title>Haikei Kissen Hellgr\u00fcn - H\u00fcbsch<\/title>\n<meta name=\"description\" content=\"Wir pr\u00e4sentieren das Haikei Kissen, ein entz\u00fcckender Ausdruck von Komfort in einem zarten hellgr\u00fcnen Farbton, der wahrhaftig ein Fr\u00fchlingsgef\u00fchl in jeden\" \/>\n<meta name=\"robots\" content=\"index, follow, max-snippet:-1, max-image-preview:large, max-video-preview:-1\" \/>\n<link rel=\"canonical\" href=\"https:\/\/hubsch-interior.com\/de\/wp-json\/wp\/v2\/product\/1008759\" \/>\n<meta property=\"og:locale\" content=\"de_DE\" \/>\n<meta property=\"og:type\" content=\"article\" \/>\n<meta property=\"og:title\" content=\"Haikei Kissen Hellgr\u00fcn - H\u00fcbsch\" \/>\n<meta property=\"og:description\" content=\"Wir pr\u00e4sentieren das Haikei Kissen, ein entz\u00fcckender Ausdruck von Komfort in einem zarten hellgr\u00fcnen Farbton, der wahrhaftig ein Fr\u00fchlingsgef\u00fchl in jeden\" \/>\n<meta property=\"og:url\" content=\"https:\/\/hubsch-interior.com\/de\/produkt\/haikei-kissen-hellgrun\/\" \/>\n<meta property=\"og:site_name\" content=\"H\u00fcbsch\" \/>\n<meta property=\"article:modified_time\" content=\"2026-04-11T02:34:31+00:00\" \/>\n<meta property=\"og:image\" content=\"https:\/\/hubsch-interior.com\/wp-content\/uploads\/2025\/04\/haikei-cushion-light-green-72dbf946e13e6b8e24ebd2acd59b21f7.jpg\" \/>\n\t<meta property=\"og:image:width\" content=\"1200\" \/>\n\t<meta property=\"og:image:height\" content=\"1200\" \/>\n\t<meta property=\"og:image:type\" content=\"image\/jpeg\" \/>\n<meta name=\"twitter:card\" content=\"summary_large_image\" \/>\n<script type=\"application\/ld+json\" class=\"yoast-schema-graph\">{\"@context\":\"https:\/\/schema.org\",\"@graph\":[{\"@type\":\"WebPage\",\"@id\":\"https:\/\/hubsch-interior.com\/de\/produkt\/haikei-kissen-hellgrun\/\",\"url\":\"https:\/\/hubsch-interior.com\/de\/produkt\/haikei-kissen-hellgrun\/\",\"name\":\"Haikei Kissen Hellgr\u00fcn - H\u00fcbsch\",\"isPartOf\":{\"@id\":\"https:\/\/hubsch-interior.com\/de\/#website\"},\"primaryImageOfPage\":{\"@id\":\"https:\/\/hubsch-interior.com\/de\/produkt\/haikei-kissen-hellgrun\/#primaryimage\"},\"image\":{\"@id\":\"https:\/\/hubsch-interior.com\/de\/produkt\/haikei-kissen-hellgrun\/#primaryimage\"},\"thumbnailUrl\":\"https:\/\/hubsch-interior.com\/wp-content\/uploads\/2026\/02\/haikei-cushion-light-green-e92ce633f4c421fc8ba3819d26e7975f.jpg\",\"datePublished\":\"2025-01-24T08:28:58+00:00\",\"dateModified\":\"2026-04-11T02:34:31+00:00\",\"description\":\"Wir pr\u00e4sentieren das Haikei Kissen, ein entz\u00fcckender Ausdruck von Komfort in einem zarten hellgr\u00fcnen Farbton, der wahrhaftig ein Fr\u00fchlingsgef\u00fchl in jeden\",\"breadcrumb\":{\"@id\":\"https:\/\/hubsch-interior.com\/de\/produkt\/haikei-kissen-hellgrun\/#breadcrumb\"},\"inLanguage\":\"de\",\"potentialAction\":[{\"@type\":\"ReadAction\",\"target\":[\"https:\/\/hubsch-interior.com\/de\/produkt\/haikei-kissen-hellgrun\/\"]}]},{\"@type\":\"ImageObject\",\"inLanguage\":\"de\",\"@id\":\"https:\/\/hubsch-interior.com\/de\/produkt\/haikei-kissen-hellgrun\/#primaryimage\",\"url\":\"https:\/\/hubsch-interior.com\/wp-content\/uploads\/2026\/02\/haikei-cushion-light-green-e92ce633f4c421fc8ba3819d26e7975f.jpg\",\"contentUrl\":\"https:\/\/hubsch-interior.com\/wp-content\/uploads\/2026\/02\/haikei-cushion-light-green-e92ce633f4c421fc8ba3819d26e7975f.jpg\",\"width\":1024,\"height\":1024},{\"@type\":\"BreadcrumbList\",\"@id\":\"https:\/\/hubsch-interior.com\/de\/produkt\/haikei-kissen-hellgrun\/#breadcrumb\",\"itemListElement\":[{\"@type\":\"ListItem\",\"position\":1,\"name\":\"Startseite\",\"item\":\"https:\/\/hubsch-interior.com\/de\/\"},{\"@type\":\"ListItem\",\"position\":2,\"name\":\"Produkte\",\"item\":\"https:\/\/hubsch-interior.com\/de\/shop-2\/\"},{\"@type\":\"ListItem\",\"position\":3,\"name\":\"Textilien\",\"item\":\"https:\/\/hubsch-interior.com\/de\/produkt-kategorie\/textilien\/\"},{\"@type\":\"ListItem\",\"position\":4,\"name\":\"Haikei Kissen Hellgr\u00fcn\"}]},{\"@type\":\"WebSite\",\"@id\":\"https:\/\/hubsch-interior.com\/de\/#website\",\"url\":\"https:\/\/hubsch-interior.com\/de\/\",\"name\":\"H\u00fcbsch\",\"description\":\"Danish Home Interior and Design\",\"publisher\":{\"@id\":\"https:\/\/hubsch-interior.com\/de\/#organization\"},\"potentialAction\":[{\"@type\":\"SearchAction\",\"target\":{\"@type\":\"EntryPoint\",\"urlTemplate\":\"https:\/\/hubsch-interior.com\/de\/?s={search_term_string}\"},\"query-input\":{\"@type\":\"PropertyValueSpecification\",\"valueRequired\":true,\"valueName\":\"search_term_string\"}}],\"inLanguage\":\"de\"},{\"@type\":\"Organization\",\"@id\":\"https:\/\/hubsch-interior.com\/de\/#organization\",\"name\":\"H\u00fcbsch\",\"url\":\"https:\/\/hubsch-interior.com\/de\/\",\"logo\":{\"@type\":\"ImageObject\",\"inLanguage\":\"de\",\"@id\":\"https:\/\/hubsch-interior.com\/de\/#\/schema\/logo\/image\/\",\"url\":\"https:\/\/hubsch-interior.com\/wp-content\/uploads\/2022\/12\/Hubsch_logo_black_one_line.svg\",\"contentUrl\":\"https:\/\/hubsch-interior.com\/wp-content\/uploads\/2022\/12\/Hubsch_logo_black_one_line.svg\",\"caption\":\"H\u00fcbsch\"},\"image\":{\"@id\":\"https:\/\/hubsch-interior.com\/de\/#\/schema\/logo\/image\/\"}}]}<\/script>\n<!-- \/ Yoast SEO plugin. -->","yoast_head_json":{"title":"Haikei Kissen Hellgr\u00fcn - H\u00fcbsch","description":"Wir pr\u00e4sentieren das Haikei Kissen, ein entz\u00fcckender Ausdruck von Komfort in einem zarten hellgr\u00fcnen Farbton, der wahrhaftig ein Fr\u00fchlingsgef\u00fchl in jeden","robots":{"index":"index","follow":"follow","max-snippet":"max-snippet:-1","max-image-preview":"max-image-preview:large","max-video-preview":"max-video-preview:-1"},"canonical":"https:\/\/hubsch-interior.com\/de\/wp-json\/wp\/v2\/product\/1008759","og_locale":"de_DE","og_type":"article","og_title":"Haikei Kissen Hellgr\u00fcn - H\u00fcbsch","og_description":"Wir pr\u00e4sentieren das Haikei Kissen, ein entz\u00fcckender Ausdruck von Komfort in einem zarten hellgr\u00fcnen Farbton, der wahrhaftig ein Fr\u00fchlingsgef\u00fchl in jeden","og_url":"https:\/\/hubsch-interior.com\/de\/produkt\/haikei-kissen-hellgrun\/","og_site_name":"H\u00fcbsch","article_modified_time":"2026-04-11T02:34:31+00:00","og_image":[{"width":1200,"height":1200,"url":"https:\/\/hubsch-interior.com\/wp-content\/uploads\/2025\/04\/haikei-cushion-light-green-72dbf946e13e6b8e24ebd2acd59b21f7.jpg","type":"image\/jpeg"}],"twitter_card":"summary_large_image","schema":{"@context":"https:\/\/schema.org","@graph":[{"@type":"WebPage","@id":"https:\/\/hubsch-interior.com\/de\/produkt\/haikei-kissen-hellgrun\/","url":"https:\/\/hubsch-interior.com\/de\/produkt\/haikei-kissen-hellgrun\/","name":"Haikei Kissen Hellgr\u00fcn - H\u00fcbsch","isPartOf":{"@id":"https:\/\/hubsch-interior.com\/de\/#website"},"primaryImageOfPage":{"@id":"https:\/\/hubsch-interior.com\/de\/produkt\/haikei-kissen-hellgrun\/#primaryimage"},"image":{"@id":"https:\/\/hubsch-interior.com\/de\/produkt\/haikei-kissen-hellgrun\/#primaryimage"},"thumbnailUrl":"https:\/\/hubsch-interior.com\/wp-content\/uploads\/2026\/02\/haikei-cushion-light-green-e92ce633f4c421fc8ba3819d26e7975f.jpg","datePublished":"2025-01-24T08:28:58+00:00","dateModified":"2026-04-11T02:34:31+00:00","description":"Wir pr\u00e4sentieren das Haikei Kissen, ein entz\u00fcckender Ausdruck von Komfort in einem zarten hellgr\u00fcnen Farbton, der wahrhaftig ein Fr\u00fchlingsgef\u00fchl in jeden","breadcrumb":{"@id":"https:\/\/hubsch-interior.com\/de\/produkt\/haikei-kissen-hellgrun\/#breadcrumb"},"inLanguage":"de","potentialAction":[{"@type":"ReadAction","target":["https:\/\/hubsch-interior.com\/de\/produkt\/haikei-kissen-hellgrun\/"]}]},{"@type":"ImageObject","inLanguage":"de","@id":"https:\/\/hubsch-interior.com\/de\/produkt\/haikei-kissen-hellgrun\/#primaryimage","url":"https:\/\/hubsch-interior.com\/wp-content\/uploads\/2026\/02\/haikei-cushion-light-green-e92ce633f4c421fc8ba3819d26e7975f.jpg","contentUrl":"https:\/\/hubsch-interior.com\/wp-content\/uploads\/2026\/02\/haikei-cushion-light-green-e92ce633f4c421fc8ba3819d26e7975f.jpg","width":1024,"height":1024},{"@type":"BreadcrumbList","@id":"https:\/\/hubsch-interior.com\/de\/produkt\/haikei-kissen-hellgrun\/#breadcrumb","itemListElement":[{"@type":"ListItem","position":1,"name":"Startseite","item":"https:\/\/hubsch-interior.com\/de\/"},{"@type":"ListItem","position":2,"name":"Produkte","item":"https:\/\/hubsch-interior.com\/de\/shop-2\/"},{"@type":"ListItem","position":3,"name":"Textilien","item":"https:\/\/hubsch-interior.com\/de\/produkt-kategorie\/textilien\/"},{"@type":"ListItem","position":4,"name":"Haikei Kissen Hellgr\u00fcn"}]},{"@type":"WebSite","@id":"https:\/\/hubsch-interior.com\/de\/#website","url":"https:\/\/hubsch-interior.com\/de\/","name":"H\u00fcbsch","description":"Danish Home Interior and Design","publisher":{"@id":"https:\/\/hubsch-interior.com\/de\/#organization"},"potentialAction":[{"@type":"SearchAction","target":{"@type":"EntryPoint","urlTemplate":"https:\/\/hubsch-interior.com\/de\/?s={search_term_string}"},"query-input":{"@type":"PropertyValueSpecification","valueRequired":true,"valueName":"search_term_string"}}],"inLanguage":"de"},{"@type":"Organization","@id":"https:\/\/hubsch-interior.com\/de\/#organization","name":"H\u00fcbsch","url":"https:\/\/hubsch-interior.com\/de\/","logo":{"@type":"ImageObject","inLanguage":"de","@id":"https:\/\/hubsch-interior.com\/de\/#\/schema\/logo\/image\/","url":"https:\/\/hubsch-interior.com\/wp-content\/uploads\/2022\/12\/Hubsch_logo_black_one_line.svg","contentUrl":"https:\/\/hubsch-interior.com\/wp-content\/uploads\/2022\/12\/Hubsch_logo_black_one_line.svg","caption":"H\u00fcbsch"},"image":{"@id":"https:\/\/hubsch-interior.com\/de\/#\/schema\/logo\/image\/"}}]}},"_links":{"self":[{"href":"https:\/\/hubsch-interior.com\/de\/wp-json\/wp\/v2\/product\/1008759","targetHints":{"allow":["GET"]}}],"collection":[{"href":"https:\/\/hubsch-interior.com\/de\/wp-json\/wp\/v2\/product"}],"about":[{"href":"https:\/\/hubsch-interior.com\/de\/wp-json\/wp\/v2\/types\/product"}],"wp:featuredmedia":[{"embeddable":true,"href":"https:\/\/hubsch-interior.com\/de\/wp-json\/wp\/v2\/media\/1098495"}],"wp:attachment":[{"href":"https:\/\/hubsch-interior.com\/de\/wp-json\/wp\/v2\/media?parent=1008759"}],"wp:term":[{"taxonomy":"product_brand","embeddable":true,"href":"https:\/\/hubsch-interior.com\/de\/wp-json\/wp\/v2\/product_brand?post=1008759"},{"taxonomy":"product_cat","embeddable":true,"href":"https:\/\/hubsch-interior.com\/de\/wp-json\/wp\/v2\/product_cat?post=1008759"},{"taxonomy":"product_tag","embeddable":true,"href":"https:\/\/hubsch-interior.com\/de\/wp-json\/wp\/v2\/product_tag?post=1008759"}],"curies":[{"name":"wp","href":"https:\/\/api.w.org\/{rel}","templated":true}]}}