{"id":1008787,"date":"2025-01-24T09:29:24","date_gmt":"2025-01-24T08:29:24","guid":{"rendered":"https:\/\/hubsch-interior.com\/product\/product\/"},"modified":"2026-04-11T04:34:35","modified_gmt":"2026-04-11T02:34:35","slug":"rhythmic-kissen-beige-orange-schwarz","status":"publish","type":"product","link":"https:\/\/hubsch-interior.com\/de\/produkt\/rhythmic-kissen-beige-orange-schwarz\/","title":{"rendered":"Rhythmic Kissen Beige\/Orange\/Schwarz"},"content":{"rendered":"<p>Wir pr\u00e4sentieren das Rhythmic Kissen, eine wunderbare Kombination aus Komfort und Stil, perfektioniert f\u00fcr Ihre Lieblingsecke. In dezentem Beige gehalten, mit kleinen Akzenten in Orange und Gr\u00fcn, die gegen einen sandfarbenen Hintergrund gewebt sind, bringt dieses Kissen eine beruhigende Farbpalette, die jede Einrichtung erg\u00e4nzt. OEKO-TEX\u00ae STANDARD 100-zertifiziert, ist es aus einer gem\u00fctlichen Mischung aus Baumwolle und Polyester gefertigt, was Ruhe und Komfort garantiert. Das quadratische Muster verk\u00f6rpert eine Mischung aus rustikalem und skandinavischem Stil, ideal, um Ihrem pers\u00f6nlichen Raum eine Note von W\u00e4rme zu verleihen.<\/p>\n","protected":false},"excerpt":{"rendered":"<p>Wir pr\u00e4sentieren das Rhythmic Kissen, eine wunderbare Kombination aus Komfort und Stil, perfektioniert f\u00fcr Ihre Lieblingsecke. In dezentem Beige gehalten, mit kleinen Akzenten in Orange und Gr\u00fcn, die gegen einen sandfarbenen Hintergrund gewebt sind, bringt dieses Kissen eine beruhigende Farbpalette, die jede Einrichtung erg\u00e4nzt. OEKO-TEX\u00ae STANDARD 100-zertifiziert, ist es aus einer gem\u00fctlichen Mischung aus Baumwolle [&hellip;]<\/p>\n","protected":false},"featured_media":1098511,"template":"","meta":{"_acf_changed":false,"inline_featured_image":false},"product_brand":[],"product_cat":[6998,3004,3005,5027],"product_tag":[],"class_list":{"0":"post-1008787","1":"product","2":"type-product","3":"status-publish","4":"has-post-thumbnail","6":"product_cat-the-buzz-de","7":"product_cat-textilien","8":"product_cat-kissen-de","9":"product_cat-bestsellers-de","10":"product_shipping_class-pk","12":"pa_color-beige-4","13":"pa_color-orange-de","14":"pa_color-schwarz","16":"first","17":"instock","18":"featured","19":"taxable","20":"shipping-taxable","21":"purchasable","22":"product-type-simple"},"exclude_global_add_ons":[],"addons":[],"acf":[],"yoast_head":"<!-- This site is optimized with the Yoast SEO plugin v26.4 - https:\/\/yoast.com\/wordpress\/plugins\/seo\/ -->\n<title>Rhythmic Kissen Beige\/Orange\/Schwarz - H\u00fcbsch<\/title>\n<meta name=\"description\" content=\"Wir pr\u00e4sentieren das Rhythmic Kissen, eine wunderbare Kombination aus Komfort und Stil, perfektioniert f\u00fcr Ihre Lieblingsecke. In dezentem Beige gehalten,\" \/>\n<meta name=\"robots\" content=\"index, follow, max-snippet:-1, max-image-preview:large, max-video-preview:-1\" \/>\n<link rel=\"canonical\" href=\"https:\/\/hubsch-interior.com\/de\/wp-json\/wp\/v2\/product\/1008787\" \/>\n<meta property=\"og:locale\" content=\"de_DE\" \/>\n<meta property=\"og:type\" content=\"article\" \/>\n<meta property=\"og:title\" content=\"Rhythmic Kissen Beige\/Orange\/Schwarz - H\u00fcbsch\" \/>\n<meta property=\"og:description\" content=\"Wir pr\u00e4sentieren das Rhythmic Kissen, eine wunderbare Kombination aus Komfort und Stil, perfektioniert f\u00fcr Ihre Lieblingsecke. In dezentem Beige gehalten,\" \/>\n<meta property=\"og:url\" content=\"https:\/\/hubsch-interior.com\/de\/produkt\/rhythmic-kissen-beige-orange-schwarz\/\" \/>\n<meta property=\"og:site_name\" content=\"H\u00fcbsch\" \/>\n<meta property=\"article:modified_time\" content=\"2026-04-11T02:34:35+00:00\" \/>\n<meta property=\"og:image\" content=\"https:\/\/hubsch-interior.com\/wp-content\/uploads\/2025\/01\/rhythmic-cushion-beigeorangeblack-4db7db89fba3d890b51316e3f12f4774.jpg\" \/>\n\t<meta property=\"og:image:width\" content=\"1200\" \/>\n\t<meta property=\"og:image:height\" content=\"1200\" \/>\n\t<meta property=\"og:image:type\" content=\"image\/jpeg\" \/>\n<meta name=\"twitter:card\" content=\"summary_large_image\" \/>\n<script type=\"application\/ld+json\" class=\"yoast-schema-graph\">{\"@context\":\"https:\/\/schema.org\",\"@graph\":[{\"@type\":\"WebPage\",\"@id\":\"https:\/\/hubsch-interior.com\/de\/produkt\/rhythmic-kissen-beige-orange-schwarz\/\",\"url\":\"https:\/\/hubsch-interior.com\/de\/produkt\/rhythmic-kissen-beige-orange-schwarz\/\",\"name\":\"Rhythmic Kissen Beige\/Orange\/Schwarz - H\u00fcbsch\",\"isPartOf\":{\"@id\":\"https:\/\/hubsch-interior.com\/de\/#website\"},\"primaryImageOfPage\":{\"@id\":\"https:\/\/hubsch-interior.com\/de\/produkt\/rhythmic-kissen-beige-orange-schwarz\/#primaryimage\"},\"image\":{\"@id\":\"https:\/\/hubsch-interior.com\/de\/produkt\/rhythmic-kissen-beige-orange-schwarz\/#primaryimage\"},\"thumbnailUrl\":\"https:\/\/hubsch-interior.com\/wp-content\/uploads\/2026\/02\/rhythmic-cushion-beigeorangeblack-8d5ea188a346481eabf5d4ea309251eb.jpg\",\"datePublished\":\"2025-01-24T08:29:24+00:00\",\"dateModified\":\"2026-04-11T02:34:35+00:00\",\"description\":\"Wir pr\u00e4sentieren das Rhythmic Kissen, eine wunderbare Kombination aus Komfort und Stil, perfektioniert f\u00fcr Ihre Lieblingsecke. In dezentem Beige gehalten,\",\"breadcrumb\":{\"@id\":\"https:\/\/hubsch-interior.com\/de\/produkt\/rhythmic-kissen-beige-orange-schwarz\/#breadcrumb\"},\"inLanguage\":\"de\",\"potentialAction\":[{\"@type\":\"ReadAction\",\"target\":[\"https:\/\/hubsch-interior.com\/de\/produkt\/rhythmic-kissen-beige-orange-schwarz\/\"]}]},{\"@type\":\"ImageObject\",\"inLanguage\":\"de\",\"@id\":\"https:\/\/hubsch-interior.com\/de\/produkt\/rhythmic-kissen-beige-orange-schwarz\/#primaryimage\",\"url\":\"https:\/\/hubsch-interior.com\/wp-content\/uploads\/2026\/02\/rhythmic-cushion-beigeorangeblack-8d5ea188a346481eabf5d4ea309251eb.jpg\",\"contentUrl\":\"https:\/\/hubsch-interior.com\/wp-content\/uploads\/2026\/02\/rhythmic-cushion-beigeorangeblack-8d5ea188a346481eabf5d4ea309251eb.jpg\",\"width\":1024,\"height\":1024},{\"@type\":\"BreadcrumbList\",\"@id\":\"https:\/\/hubsch-interior.com\/de\/produkt\/rhythmic-kissen-beige-orange-schwarz\/#breadcrumb\",\"itemListElement\":[{\"@type\":\"ListItem\",\"position\":1,\"name\":\"Startseite\",\"item\":\"https:\/\/hubsch-interior.com\/de\/\"},{\"@type\":\"ListItem\",\"position\":2,\"name\":\"Produkte\",\"item\":\"https:\/\/hubsch-interior.com\/de\/shop-2\/\"},{\"@type\":\"ListItem\",\"position\":3,\"name\":\"Textilien\",\"item\":\"https:\/\/hubsch-interior.com\/de\/produkt-kategorie\/textilien\/\"},{\"@type\":\"ListItem\",\"position\":4,\"name\":\"Rhythmic Kissen Beige\/Orange\/Schwarz\"}]},{\"@type\":\"WebSite\",\"@id\":\"https:\/\/hubsch-interior.com\/de\/#website\",\"url\":\"https:\/\/hubsch-interior.com\/de\/\",\"name\":\"H\u00fcbsch\",\"description\":\"Danish Home Interior and Design\",\"publisher\":{\"@id\":\"https:\/\/hubsch-interior.com\/de\/#organization\"},\"potentialAction\":[{\"@type\":\"SearchAction\",\"target\":{\"@type\":\"EntryPoint\",\"urlTemplate\":\"https:\/\/hubsch-interior.com\/de\/?s={search_term_string}\"},\"query-input\":{\"@type\":\"PropertyValueSpecification\",\"valueRequired\":true,\"valueName\":\"search_term_string\"}}],\"inLanguage\":\"de\"},{\"@type\":\"Organization\",\"@id\":\"https:\/\/hubsch-interior.com\/de\/#organization\",\"name\":\"H\u00fcbsch\",\"url\":\"https:\/\/hubsch-interior.com\/de\/\",\"logo\":{\"@type\":\"ImageObject\",\"inLanguage\":\"de\",\"@id\":\"https:\/\/hubsch-interior.com\/de\/#\/schema\/logo\/image\/\",\"url\":\"https:\/\/hubsch-interior.com\/wp-content\/uploads\/2022\/12\/Hubsch_logo_black_one_line.svg\",\"contentUrl\":\"https:\/\/hubsch-interior.com\/wp-content\/uploads\/2022\/12\/Hubsch_logo_black_one_line.svg\",\"caption\":\"H\u00fcbsch\"},\"image\":{\"@id\":\"https:\/\/hubsch-interior.com\/de\/#\/schema\/logo\/image\/\"}}]}<\/script>\n<!-- \/ Yoast SEO plugin. -->","yoast_head_json":{"title":"Rhythmic Kissen Beige\/Orange\/Schwarz - H\u00fcbsch","description":"Wir pr\u00e4sentieren das Rhythmic Kissen, eine wunderbare Kombination aus Komfort und Stil, perfektioniert f\u00fcr Ihre Lieblingsecke. In dezentem Beige gehalten,","robots":{"index":"index","follow":"follow","max-snippet":"max-snippet:-1","max-image-preview":"max-image-preview:large","max-video-preview":"max-video-preview:-1"},"canonical":"https:\/\/hubsch-interior.com\/de\/wp-json\/wp\/v2\/product\/1008787","og_locale":"de_DE","og_type":"article","og_title":"Rhythmic Kissen Beige\/Orange\/Schwarz - H\u00fcbsch","og_description":"Wir pr\u00e4sentieren das Rhythmic Kissen, eine wunderbare Kombination aus Komfort und Stil, perfektioniert f\u00fcr Ihre Lieblingsecke. In dezentem Beige gehalten,","og_url":"https:\/\/hubsch-interior.com\/de\/produkt\/rhythmic-kissen-beige-orange-schwarz\/","og_site_name":"H\u00fcbsch","article_modified_time":"2026-04-11T02:34:35+00:00","og_image":[{"width":1200,"height":1200,"url":"https:\/\/hubsch-interior.com\/wp-content\/uploads\/2025\/01\/rhythmic-cushion-beigeorangeblack-4db7db89fba3d890b51316e3f12f4774.jpg","type":"image\/jpeg"}],"twitter_card":"summary_large_image","schema":{"@context":"https:\/\/schema.org","@graph":[{"@type":"WebPage","@id":"https:\/\/hubsch-interior.com\/de\/produkt\/rhythmic-kissen-beige-orange-schwarz\/","url":"https:\/\/hubsch-interior.com\/de\/produkt\/rhythmic-kissen-beige-orange-schwarz\/","name":"Rhythmic Kissen Beige\/Orange\/Schwarz - H\u00fcbsch","isPartOf":{"@id":"https:\/\/hubsch-interior.com\/de\/#website"},"primaryImageOfPage":{"@id":"https:\/\/hubsch-interior.com\/de\/produkt\/rhythmic-kissen-beige-orange-schwarz\/#primaryimage"},"image":{"@id":"https:\/\/hubsch-interior.com\/de\/produkt\/rhythmic-kissen-beige-orange-schwarz\/#primaryimage"},"thumbnailUrl":"https:\/\/hubsch-interior.com\/wp-content\/uploads\/2026\/02\/rhythmic-cushion-beigeorangeblack-8d5ea188a346481eabf5d4ea309251eb.jpg","datePublished":"2025-01-24T08:29:24+00:00","dateModified":"2026-04-11T02:34:35+00:00","description":"Wir pr\u00e4sentieren das Rhythmic Kissen, eine wunderbare Kombination aus Komfort und Stil, perfektioniert f\u00fcr Ihre Lieblingsecke. In dezentem Beige gehalten,","breadcrumb":{"@id":"https:\/\/hubsch-interior.com\/de\/produkt\/rhythmic-kissen-beige-orange-schwarz\/#breadcrumb"},"inLanguage":"de","potentialAction":[{"@type":"ReadAction","target":["https:\/\/hubsch-interior.com\/de\/produkt\/rhythmic-kissen-beige-orange-schwarz\/"]}]},{"@type":"ImageObject","inLanguage":"de","@id":"https:\/\/hubsch-interior.com\/de\/produkt\/rhythmic-kissen-beige-orange-schwarz\/#primaryimage","url":"https:\/\/hubsch-interior.com\/wp-content\/uploads\/2026\/02\/rhythmic-cushion-beigeorangeblack-8d5ea188a346481eabf5d4ea309251eb.jpg","contentUrl":"https:\/\/hubsch-interior.com\/wp-content\/uploads\/2026\/02\/rhythmic-cushion-beigeorangeblack-8d5ea188a346481eabf5d4ea309251eb.jpg","width":1024,"height":1024},{"@type":"BreadcrumbList","@id":"https:\/\/hubsch-interior.com\/de\/produkt\/rhythmic-kissen-beige-orange-schwarz\/#breadcrumb","itemListElement":[{"@type":"ListItem","position":1,"name":"Startseite","item":"https:\/\/hubsch-interior.com\/de\/"},{"@type":"ListItem","position":2,"name":"Produkte","item":"https:\/\/hubsch-interior.com\/de\/shop-2\/"},{"@type":"ListItem","position":3,"name":"Textilien","item":"https:\/\/hubsch-interior.com\/de\/produkt-kategorie\/textilien\/"},{"@type":"ListItem","position":4,"name":"Rhythmic Kissen Beige\/Orange\/Schwarz"}]},{"@type":"WebSite","@id":"https:\/\/hubsch-interior.com\/de\/#website","url":"https:\/\/hubsch-interior.com\/de\/","name":"H\u00fcbsch","description":"Danish Home Interior and Design","publisher":{"@id":"https:\/\/hubsch-interior.com\/de\/#organization"},"potentialAction":[{"@type":"SearchAction","target":{"@type":"EntryPoint","urlTemplate":"https:\/\/hubsch-interior.com\/de\/?s={search_term_string}"},"query-input":{"@type":"PropertyValueSpecification","valueRequired":true,"valueName":"search_term_string"}}],"inLanguage":"de"},{"@type":"Organization","@id":"https:\/\/hubsch-interior.com\/de\/#organization","name":"H\u00fcbsch","url":"https:\/\/hubsch-interior.com\/de\/","logo":{"@type":"ImageObject","inLanguage":"de","@id":"https:\/\/hubsch-interior.com\/de\/#\/schema\/logo\/image\/","url":"https:\/\/hubsch-interior.com\/wp-content\/uploads\/2022\/12\/Hubsch_logo_black_one_line.svg","contentUrl":"https:\/\/hubsch-interior.com\/wp-content\/uploads\/2022\/12\/Hubsch_logo_black_one_line.svg","caption":"H\u00fcbsch"},"image":{"@id":"https:\/\/hubsch-interior.com\/de\/#\/schema\/logo\/image\/"}}]}},"_links":{"self":[{"href":"https:\/\/hubsch-interior.com\/de\/wp-json\/wp\/v2\/product\/1008787","targetHints":{"allow":["GET"]}}],"collection":[{"href":"https:\/\/hubsch-interior.com\/de\/wp-json\/wp\/v2\/product"}],"about":[{"href":"https:\/\/hubsch-interior.com\/de\/wp-json\/wp\/v2\/types\/product"}],"wp:featuredmedia":[{"embeddable":true,"href":"https:\/\/hubsch-interior.com\/de\/wp-json\/wp\/v2\/media\/1098511"}],"wp:attachment":[{"href":"https:\/\/hubsch-interior.com\/de\/wp-json\/wp\/v2\/media?parent=1008787"}],"wp:term":[{"taxonomy":"product_brand","embeddable":true,"href":"https:\/\/hubsch-interior.com\/de\/wp-json\/wp\/v2\/product_brand?post=1008787"},{"taxonomy":"product_cat","embeddable":true,"href":"https:\/\/hubsch-interior.com\/de\/wp-json\/wp\/v2\/product_cat?post=1008787"},{"taxonomy":"product_tag","embeddable":true,"href":"https:\/\/hubsch-interior.com\/de\/wp-json\/wp\/v2\/product_tag?post=1008787"}],"curies":[{"name":"wp","href":"https:\/\/api.w.org\/{rel}","templated":true}]}}