{"id":1008803,"date":"2025-01-24T09:30:05","date_gmt":"2025-01-24T08:30:05","guid":{"rendered":"https:\/\/hubsch-interior.com\/product\/product\/"},"modified":"2026-04-29T04:45:39","modified_gmt":"2026-04-29T02:45:39","slug":"yuka-topfe-grun-2er-set","status":"publish","type":"product","link":"https:\/\/hubsch-interior.com\/de\/produkt\/yuka-topfe-grun-2er-set\/","title":{"rendered":"Yuka T\u00f6pfe Gr\u00fcn (2er Set)"},"content":{"rendered":"<p>Wir pr\u00e4sentieren Ihnen unsere Yuka T\u00f6pfe, ein bezauberndes Duo, das dazu entworfen wurde, jede Ecke Ihres Zuhauses mit rustikalem Charme zu bereichern. Diese gro\u00dfen Bodent\u00f6pfe, erh\u00e4ltlich in einem beruhigenden Gr\u00fcnton, eignen sich perfekt, um Ihre Lieblingszimmerpflanzen stilvoll in Szene zu setzen. Jedes Set enth\u00e4lt zwei Gr\u00f6\u00dfen, sodass Sie Ihre Pflanzen spielend leicht variieren k\u00f6nnen. Gefertigt f\u00fcr alle, die das Sch\u00f6ne im Rustikalen sch\u00e4tzen, verwandeln diese T\u00f6pfe Ihren Wohnraum in eine \u00fcppige gr\u00fcne Oase.<\/p>\n","protected":false},"excerpt":{"rendered":"<p>Wir pr\u00e4sentieren Ihnen unsere Yuka T\u00f6pfe, ein bezauberndes Duo, das dazu entworfen wurde, jede Ecke Ihres Zuhauses mit rustikalem Charme zu bereichern. Diese gro\u00dfen Bodent\u00f6pfe, erh\u00e4ltlich in einem beruhigenden Gr\u00fcnton, eignen sich perfekt, um Ihre Lieblingszimmerpflanzen stilvoll in Szene zu setzen. Jedes Set enth\u00e4lt zwei Gr\u00f6\u00dfen, sodass Sie Ihre Pflanzen spielend leicht variieren k\u00f6nnen. Gefertigt [&hellip;]<\/p>\n","protected":false},"featured_media":1100941,"template":"","meta":{"_acf_changed":false,"inline_featured_image":false},"product_brand":[],"product_cat":[6998,4916,4925,5027],"product_tag":[],"class_list":{"0":"post-1008803","1":"product","2":"type-product","3":"status-publish","4":"has-post-thumbnail","6":"product_cat-the-buzz-de","7":"product_cat-toepfe-giesskannen-de","8":"product_cat-blumentoepfe-de","9":"product_cat-bestsellers-de","10":"product_shipping_class-pk","12":"pa_color-grn-2","13":"pa_material-keramik","15":"first","16":"instock","17":"featured","18":"taxable","19":"shipping-taxable","20":"purchasable","21":"product-type-simple"},"exclude_global_add_ons":[],"addons":[],"acf":[],"yoast_head":"<!-- This site is optimized with the Yoast SEO plugin v26.4 - https:\/\/yoast.com\/wordpress\/plugins\/seo\/ -->\n<title>Yuka T\u00f6pfe Gr\u00fcn (2er Set) - H\u00fcbsch<\/title>\n<meta name=\"description\" content=\"Wir pr\u00e4sentieren Ihnen unsere Yuka T\u00f6pfe, ein bezauberndes Duo, das dazu entworfen wurde, jede Ecke Ihres Zuhauses mit rustikalem Charme zu bereichern.\" \/>\n<meta name=\"robots\" content=\"index, follow, max-snippet:-1, max-image-preview:large, max-video-preview:-1\" \/>\n<link rel=\"canonical\" href=\"https:\/\/hubsch-interior.com\/de\/wp-json\/wp\/v2\/product\/1008803\" \/>\n<meta property=\"og:locale\" content=\"de_DE\" \/>\n<meta property=\"og:type\" content=\"article\" \/>\n<meta property=\"og:title\" content=\"Yuka T\u00f6pfe Gr\u00fcn (2er Set) - H\u00fcbsch\" \/>\n<meta property=\"og:description\" content=\"Wir pr\u00e4sentieren Ihnen unsere Yuka T\u00f6pfe, ein bezauberndes Duo, das dazu entworfen wurde, jede Ecke Ihres Zuhauses mit rustikalem Charme zu bereichern.\" \/>\n<meta property=\"og:url\" content=\"https:\/\/hubsch-interior.com\/de\/produkt\/yuka-topfe-grun-2er-set\/\" \/>\n<meta property=\"og:site_name\" content=\"H\u00fcbsch\" \/>\n<meta property=\"article:modified_time\" content=\"2026-04-29T02:45:39+00:00\" \/>\n<meta property=\"og:image\" content=\"https:\/\/hubsch-interior.com\/wp-content\/uploads\/2025\/04\/yuka-pots-green-set-of-2-2389ddfc0ae422e52727b0b7cd1a2567.jpg\" \/>\n\t<meta property=\"og:image:width\" content=\"1200\" \/>\n\t<meta property=\"og:image:height\" content=\"1200\" \/>\n\t<meta property=\"og:image:type\" content=\"image\/jpeg\" \/>\n<meta name=\"twitter:card\" content=\"summary_large_image\" \/>\n<script type=\"application\/ld+json\" class=\"yoast-schema-graph\">{\"@context\":\"https:\/\/schema.org\",\"@graph\":[{\"@type\":\"WebPage\",\"@id\":\"https:\/\/hubsch-interior.com\/de\/produkt\/yuka-topfe-grun-2er-set\/\",\"url\":\"https:\/\/hubsch-interior.com\/de\/produkt\/yuka-topfe-grun-2er-set\/\",\"name\":\"Yuka T\u00f6pfe Gr\u00fcn (2er Set) - H\u00fcbsch\",\"isPartOf\":{\"@id\":\"https:\/\/hubsch-interior.com\/de\/#website\"},\"primaryImageOfPage\":{\"@id\":\"https:\/\/hubsch-interior.com\/de\/produkt\/yuka-topfe-grun-2er-set\/#primaryimage\"},\"image\":{\"@id\":\"https:\/\/hubsch-interior.com\/de\/produkt\/yuka-topfe-grun-2er-set\/#primaryimage\"},\"thumbnailUrl\":\"https:\/\/hubsch-interior.com\/wp-content\/uploads\/2026\/02\/yuka-pots-green-set-of-2-bab7c5ae4209b6850750ebf2a98fcc66.jpg\",\"datePublished\":\"2025-01-24T08:30:05+00:00\",\"dateModified\":\"2026-04-29T02:45:39+00:00\",\"description\":\"Wir pr\u00e4sentieren Ihnen unsere Yuka T\u00f6pfe, ein bezauberndes Duo, das dazu entworfen wurde, jede Ecke Ihres Zuhauses mit rustikalem Charme zu bereichern.\",\"breadcrumb\":{\"@id\":\"https:\/\/hubsch-interior.com\/de\/produkt\/yuka-topfe-grun-2er-set\/#breadcrumb\"},\"inLanguage\":\"de\",\"potentialAction\":[{\"@type\":\"ReadAction\",\"target\":[\"https:\/\/hubsch-interior.com\/de\/produkt\/yuka-topfe-grun-2er-set\/\"]}]},{\"@type\":\"ImageObject\",\"inLanguage\":\"de\",\"@id\":\"https:\/\/hubsch-interior.com\/de\/produkt\/yuka-topfe-grun-2er-set\/#primaryimage\",\"url\":\"https:\/\/hubsch-interior.com\/wp-content\/uploads\/2026\/02\/yuka-pots-green-set-of-2-bab7c5ae4209b6850750ebf2a98fcc66.jpg\",\"contentUrl\":\"https:\/\/hubsch-interior.com\/wp-content\/uploads\/2026\/02\/yuka-pots-green-set-of-2-bab7c5ae4209b6850750ebf2a98fcc66.jpg\",\"width\":1024,\"height\":1024},{\"@type\":\"BreadcrumbList\",\"@id\":\"https:\/\/hubsch-interior.com\/de\/produkt\/yuka-topfe-grun-2er-set\/#breadcrumb\",\"itemListElement\":[{\"@type\":\"ListItem\",\"position\":1,\"name\":\"Startseite\",\"item\":\"https:\/\/hubsch-interior.com\/de\/\"},{\"@type\":\"ListItem\",\"position\":2,\"name\":\"Produkte\",\"item\":\"https:\/\/hubsch-interior.com\/de\/shop-2\/\"},{\"@type\":\"ListItem\",\"position\":3,\"name\":\"Wohnaccessoires\",\"item\":\"https:\/\/hubsch-interior.com\/de\/produkt-kategorie\/wohnaccessoires\/\"},{\"@type\":\"ListItem\",\"position\":4,\"name\":\"T&ouml;pfe &amp; Gie&szlig;kannen\",\"item\":\"https:\/\/hubsch-interior.com\/de\/produkt-kategorie\/wohnaccessoires\/toepfe-giesskannen-de\/\"},{\"@type\":\"ListItem\",\"position\":5,\"name\":\"Blument&ouml;pfe\",\"item\":\"https:\/\/hubsch-interior.com\/de\/produkt-kategorie\/wohnaccessoires\/toepfe-giesskannen-de\/blumentoepfe-de\/\"},{\"@type\":\"ListItem\",\"position\":6,\"name\":\"Yuka T\u00f6pfe Gr\u00fcn (2er Set)\"}]},{\"@type\":\"WebSite\",\"@id\":\"https:\/\/hubsch-interior.com\/de\/#website\",\"url\":\"https:\/\/hubsch-interior.com\/de\/\",\"name\":\"H\u00fcbsch\",\"description\":\"Danish Home Interior and Design\",\"publisher\":{\"@id\":\"https:\/\/hubsch-interior.com\/de\/#organization\"},\"potentialAction\":[{\"@type\":\"SearchAction\",\"target\":{\"@type\":\"EntryPoint\",\"urlTemplate\":\"https:\/\/hubsch-interior.com\/de\/?s={search_term_string}\"},\"query-input\":{\"@type\":\"PropertyValueSpecification\",\"valueRequired\":true,\"valueName\":\"search_term_string\"}}],\"inLanguage\":\"de\"},{\"@type\":\"Organization\",\"@id\":\"https:\/\/hubsch-interior.com\/de\/#organization\",\"name\":\"H\u00fcbsch\",\"url\":\"https:\/\/hubsch-interior.com\/de\/\",\"logo\":{\"@type\":\"ImageObject\",\"inLanguage\":\"de\",\"@id\":\"https:\/\/hubsch-interior.com\/de\/#\/schema\/logo\/image\/\",\"url\":\"https:\/\/hubsch-interior.com\/wp-content\/uploads\/2022\/12\/Hubsch_logo_black_one_line.svg\",\"contentUrl\":\"https:\/\/hubsch-interior.com\/wp-content\/uploads\/2022\/12\/Hubsch_logo_black_one_line.svg\",\"caption\":\"H\u00fcbsch\"},\"image\":{\"@id\":\"https:\/\/hubsch-interior.com\/de\/#\/schema\/logo\/image\/\"}}]}<\/script>\n<!-- \/ Yoast SEO plugin. -->","yoast_head_json":{"title":"Yuka T\u00f6pfe Gr\u00fcn (2er Set) - H\u00fcbsch","description":"Wir pr\u00e4sentieren Ihnen unsere Yuka T\u00f6pfe, ein bezauberndes Duo, das dazu entworfen wurde, jede Ecke Ihres Zuhauses mit rustikalem Charme zu bereichern.","robots":{"index":"index","follow":"follow","max-snippet":"max-snippet:-1","max-image-preview":"max-image-preview:large","max-video-preview":"max-video-preview:-1"},"canonical":"https:\/\/hubsch-interior.com\/de\/wp-json\/wp\/v2\/product\/1008803","og_locale":"de_DE","og_type":"article","og_title":"Yuka T\u00f6pfe Gr\u00fcn (2er Set) - H\u00fcbsch","og_description":"Wir pr\u00e4sentieren Ihnen unsere Yuka T\u00f6pfe, ein bezauberndes Duo, das dazu entworfen wurde, jede Ecke Ihres Zuhauses mit rustikalem Charme zu bereichern.","og_url":"https:\/\/hubsch-interior.com\/de\/produkt\/yuka-topfe-grun-2er-set\/","og_site_name":"H\u00fcbsch","article_modified_time":"2026-04-29T02:45:39+00:00","og_image":[{"width":1200,"height":1200,"url":"https:\/\/hubsch-interior.com\/wp-content\/uploads\/2025\/04\/yuka-pots-green-set-of-2-2389ddfc0ae422e52727b0b7cd1a2567.jpg","type":"image\/jpeg"}],"twitter_card":"summary_large_image","schema":{"@context":"https:\/\/schema.org","@graph":[{"@type":"WebPage","@id":"https:\/\/hubsch-interior.com\/de\/produkt\/yuka-topfe-grun-2er-set\/","url":"https:\/\/hubsch-interior.com\/de\/produkt\/yuka-topfe-grun-2er-set\/","name":"Yuka T\u00f6pfe Gr\u00fcn (2er Set) - H\u00fcbsch","isPartOf":{"@id":"https:\/\/hubsch-interior.com\/de\/#website"},"primaryImageOfPage":{"@id":"https:\/\/hubsch-interior.com\/de\/produkt\/yuka-topfe-grun-2er-set\/#primaryimage"},"image":{"@id":"https:\/\/hubsch-interior.com\/de\/produkt\/yuka-topfe-grun-2er-set\/#primaryimage"},"thumbnailUrl":"https:\/\/hubsch-interior.com\/wp-content\/uploads\/2026\/02\/yuka-pots-green-set-of-2-bab7c5ae4209b6850750ebf2a98fcc66.jpg","datePublished":"2025-01-24T08:30:05+00:00","dateModified":"2026-04-29T02:45:39+00:00","description":"Wir pr\u00e4sentieren Ihnen unsere Yuka T\u00f6pfe, ein bezauberndes Duo, das dazu entworfen wurde, jede Ecke Ihres Zuhauses mit rustikalem Charme zu bereichern.","breadcrumb":{"@id":"https:\/\/hubsch-interior.com\/de\/produkt\/yuka-topfe-grun-2er-set\/#breadcrumb"},"inLanguage":"de","potentialAction":[{"@type":"ReadAction","target":["https:\/\/hubsch-interior.com\/de\/produkt\/yuka-topfe-grun-2er-set\/"]}]},{"@type":"ImageObject","inLanguage":"de","@id":"https:\/\/hubsch-interior.com\/de\/produkt\/yuka-topfe-grun-2er-set\/#primaryimage","url":"https:\/\/hubsch-interior.com\/wp-content\/uploads\/2026\/02\/yuka-pots-green-set-of-2-bab7c5ae4209b6850750ebf2a98fcc66.jpg","contentUrl":"https:\/\/hubsch-interior.com\/wp-content\/uploads\/2026\/02\/yuka-pots-green-set-of-2-bab7c5ae4209b6850750ebf2a98fcc66.jpg","width":1024,"height":1024},{"@type":"BreadcrumbList","@id":"https:\/\/hubsch-interior.com\/de\/produkt\/yuka-topfe-grun-2er-set\/#breadcrumb","itemListElement":[{"@type":"ListItem","position":1,"name":"Startseite","item":"https:\/\/hubsch-interior.com\/de\/"},{"@type":"ListItem","position":2,"name":"Produkte","item":"https:\/\/hubsch-interior.com\/de\/shop-2\/"},{"@type":"ListItem","position":3,"name":"Wohnaccessoires","item":"https:\/\/hubsch-interior.com\/de\/produkt-kategorie\/wohnaccessoires\/"},{"@type":"ListItem","position":4,"name":"T&ouml;pfe &amp; Gie&szlig;kannen","item":"https:\/\/hubsch-interior.com\/de\/produkt-kategorie\/wohnaccessoires\/toepfe-giesskannen-de\/"},{"@type":"ListItem","position":5,"name":"Blument&ouml;pfe","item":"https:\/\/hubsch-interior.com\/de\/produkt-kategorie\/wohnaccessoires\/toepfe-giesskannen-de\/blumentoepfe-de\/"},{"@type":"ListItem","position":6,"name":"Yuka T\u00f6pfe Gr\u00fcn (2er Set)"}]},{"@type":"WebSite","@id":"https:\/\/hubsch-interior.com\/de\/#website","url":"https:\/\/hubsch-interior.com\/de\/","name":"H\u00fcbsch","description":"Danish Home Interior and Design","publisher":{"@id":"https:\/\/hubsch-interior.com\/de\/#organization"},"potentialAction":[{"@type":"SearchAction","target":{"@type":"EntryPoint","urlTemplate":"https:\/\/hubsch-interior.com\/de\/?s={search_term_string}"},"query-input":{"@type":"PropertyValueSpecification","valueRequired":true,"valueName":"search_term_string"}}],"inLanguage":"de"},{"@type":"Organization","@id":"https:\/\/hubsch-interior.com\/de\/#organization","name":"H\u00fcbsch","url":"https:\/\/hubsch-interior.com\/de\/","logo":{"@type":"ImageObject","inLanguage":"de","@id":"https:\/\/hubsch-interior.com\/de\/#\/schema\/logo\/image\/","url":"https:\/\/hubsch-interior.com\/wp-content\/uploads\/2022\/12\/Hubsch_logo_black_one_line.svg","contentUrl":"https:\/\/hubsch-interior.com\/wp-content\/uploads\/2022\/12\/Hubsch_logo_black_one_line.svg","caption":"H\u00fcbsch"},"image":{"@id":"https:\/\/hubsch-interior.com\/de\/#\/schema\/logo\/image\/"}}]}},"_links":{"self":[{"href":"https:\/\/hubsch-interior.com\/de\/wp-json\/wp\/v2\/product\/1008803","targetHints":{"allow":["GET"]}}],"collection":[{"href":"https:\/\/hubsch-interior.com\/de\/wp-json\/wp\/v2\/product"}],"about":[{"href":"https:\/\/hubsch-interior.com\/de\/wp-json\/wp\/v2\/types\/product"}],"wp:featuredmedia":[{"embeddable":true,"href":"https:\/\/hubsch-interior.com\/de\/wp-json\/wp\/v2\/media\/1100941"}],"wp:attachment":[{"href":"https:\/\/hubsch-interior.com\/de\/wp-json\/wp\/v2\/media?parent=1008803"}],"wp:term":[{"taxonomy":"product_brand","embeddable":true,"href":"https:\/\/hubsch-interior.com\/de\/wp-json\/wp\/v2\/product_brand?post=1008803"},{"taxonomy":"product_cat","embeddable":true,"href":"https:\/\/hubsch-interior.com\/de\/wp-json\/wp\/v2\/product_cat?post=1008803"},{"taxonomy":"product_tag","embeddable":true,"href":"https:\/\/hubsch-interior.com\/de\/wp-json\/wp\/v2\/product_tag?post=1008803"}],"curies":[{"name":"wp","href":"https:\/\/api.w.org\/{rel}","templated":true}]}}