{"id":1008827,"date":"2025-01-24T09:30:33","date_gmt":"2025-01-24T08:30:33","guid":{"rendered":"https:\/\/hubsch-interior.com\/product\/product\/"},"modified":"2026-04-19T04:43:04","modified_gmt":"2026-04-19T02:43:04","slug":"normu-topfe-braun-grun-2er-set","status":"publish","type":"product","link":"https:\/\/hubsch-interior.com\/de\/produkt\/normu-topfe-braun-grun-2er-set\/","title":{"rendered":"Normu T\u00f6pfe Braun\/Gr\u00fcn (2er Set)"},"content":{"rendered":"<p>Wir pr\u00e4sentieren die Normu T\u00f6pfe, ein faszinierendes Duo in den Farben Gr\u00fcn und Tonbraun, die sich nahtlos in Ihre Raumgestaltung einf\u00fcgen. Mit akribischer Sorgfalt gefertigt, bestechen diese T\u00f6pfe durch ihr nat\u00fcrliches und rohes Aussehen, das einen erdigen Charme ausstrahlt. Ideal f\u00fcr Ihre Zimmerpflanzen, schaffen die Normu T\u00f6pfe ein sehr nat\u00fcrliches Zusammenspiel mit dem Laub und verwandeln Ihren Wohnraum in eine ruhige Oase. Heben Sie Ihre Inneneinrichtung mit diesem exquisiten, handgefertigten Zusatz hervor, wo Natur auf Kunstfertigkeit trifft.<\/p>\n","protected":false},"excerpt":{"rendered":"<p>Wir pr\u00e4sentieren die Normu T\u00f6pfe, ein faszinierendes Duo in den Farben Gr\u00fcn und Tonbraun, die sich nahtlos in Ihre Raumgestaltung einf\u00fcgen. Mit akribischer Sorgfalt gefertigt, bestechen diese T\u00f6pfe durch ihr nat\u00fcrliches und rohes Aussehen, das einen erdigen Charme ausstrahlt. Ideal f\u00fcr Ihre Zimmerpflanzen, schaffen die Normu T\u00f6pfe ein sehr nat\u00fcrliches Zusammenspiel mit dem Laub und [&hellip;]<\/p>\n","protected":false},"featured_media":1100953,"template":"","meta":{"_acf_changed":false,"inline_featured_image":false},"product_brand":[],"product_cat":[4925,4916,6998],"product_tag":[],"class_list":{"0":"post-1008827","1":"product","2":"type-product","3":"status-publish","4":"has-post-thumbnail","6":"product_cat-blumentoepfe-de","7":"product_cat-toepfe-giesskannen-de","8":"product_cat-the-buzz-de","9":"product_shipping_class-pk","11":"pa_color-braun","12":"pa_color-grn-2","13":"pa_material-keramik","15":"first","16":"instock","17":"taxable","18":"shipping-taxable","19":"purchasable","20":"product-type-simple"},"exclude_global_add_ons":[],"addons":[],"acf":[],"yoast_head":"<!-- This site is optimized with the Yoast SEO plugin v26.4 - https:\/\/yoast.com\/wordpress\/plugins\/seo\/ -->\n<title>Normu T\u00f6pfe Braun\/Gr\u00fcn (2er Set) - H\u00fcbsch<\/title>\n<meta name=\"description\" content=\"Wir pr\u00e4sentieren die Normu T\u00f6pfe, ein faszinierendes Duo in den Farben Gr\u00fcn und Tonbraun, die sich nahtlos in Ihre Raumgestaltung einf\u00fcgen. Mit\" \/>\n<meta name=\"robots\" content=\"index, follow, max-snippet:-1, max-image-preview:large, max-video-preview:-1\" \/>\n<link rel=\"canonical\" href=\"https:\/\/hubsch-interior.com\/de\/wp-json\/wp\/v2\/product\/1008827\" \/>\n<meta property=\"og:locale\" content=\"de_DE\" \/>\n<meta property=\"og:type\" content=\"article\" \/>\n<meta property=\"og:title\" content=\"Normu T\u00f6pfe Braun\/Gr\u00fcn (2er Set) - H\u00fcbsch\" \/>\n<meta property=\"og:description\" content=\"Wir pr\u00e4sentieren die Normu T\u00f6pfe, ein faszinierendes Duo in den Farben Gr\u00fcn und Tonbraun, die sich nahtlos in Ihre Raumgestaltung einf\u00fcgen. Mit\" \/>\n<meta property=\"og:url\" content=\"https:\/\/hubsch-interior.com\/de\/produkt\/normu-topfe-braun-grun-2er-set\/\" \/>\n<meta property=\"og:site_name\" content=\"H\u00fcbsch\" \/>\n<meta property=\"article:modified_time\" content=\"2026-04-19T02:43:04+00:00\" \/>\n<meta property=\"og:image\" content=\"https:\/\/hubsch-interior.com\/wp-content\/uploads\/2025\/04\/normu-pots-browngreen-set-of-2-2b9f1c1abd8d0d617451ad0a991b6d97.jpg\" \/>\n\t<meta property=\"og:image:width\" content=\"1200\" \/>\n\t<meta property=\"og:image:height\" content=\"1200\" \/>\n\t<meta property=\"og:image:type\" content=\"image\/jpeg\" \/>\n<meta name=\"twitter:card\" content=\"summary_large_image\" \/>\n<script type=\"application\/ld+json\" class=\"yoast-schema-graph\">{\"@context\":\"https:\/\/schema.org\",\"@graph\":[{\"@type\":\"WebPage\",\"@id\":\"https:\/\/hubsch-interior.com\/de\/produkt\/normu-topfe-braun-grun-2er-set\/\",\"url\":\"https:\/\/hubsch-interior.com\/de\/produkt\/normu-topfe-braun-grun-2er-set\/\",\"name\":\"Normu T\u00f6pfe Braun\/Gr\u00fcn (2er Set) - H\u00fcbsch\",\"isPartOf\":{\"@id\":\"https:\/\/hubsch-interior.com\/de\/#website\"},\"primaryImageOfPage\":{\"@id\":\"https:\/\/hubsch-interior.com\/de\/produkt\/normu-topfe-braun-grun-2er-set\/#primaryimage\"},\"image\":{\"@id\":\"https:\/\/hubsch-interior.com\/de\/produkt\/normu-topfe-braun-grun-2er-set\/#primaryimage\"},\"thumbnailUrl\":\"https:\/\/hubsch-interior.com\/wp-content\/uploads\/2026\/02\/normu-pots-browngreen-set-of-2-0ed1c174be54ab69720fe201c52f4bc5.jpg\",\"datePublished\":\"2025-01-24T08:30:33+00:00\",\"dateModified\":\"2026-04-19T02:43:04+00:00\",\"description\":\"Wir pr\u00e4sentieren die Normu T\u00f6pfe, ein faszinierendes Duo in den Farben Gr\u00fcn und Tonbraun, die sich nahtlos in Ihre Raumgestaltung einf\u00fcgen. Mit\",\"breadcrumb\":{\"@id\":\"https:\/\/hubsch-interior.com\/de\/produkt\/normu-topfe-braun-grun-2er-set\/#breadcrumb\"},\"inLanguage\":\"de\",\"potentialAction\":[{\"@type\":\"ReadAction\",\"target\":[\"https:\/\/hubsch-interior.com\/de\/produkt\/normu-topfe-braun-grun-2er-set\/\"]}]},{\"@type\":\"ImageObject\",\"inLanguage\":\"de\",\"@id\":\"https:\/\/hubsch-interior.com\/de\/produkt\/normu-topfe-braun-grun-2er-set\/#primaryimage\",\"url\":\"https:\/\/hubsch-interior.com\/wp-content\/uploads\/2026\/02\/normu-pots-browngreen-set-of-2-0ed1c174be54ab69720fe201c52f4bc5.jpg\",\"contentUrl\":\"https:\/\/hubsch-interior.com\/wp-content\/uploads\/2026\/02\/normu-pots-browngreen-set-of-2-0ed1c174be54ab69720fe201c52f4bc5.jpg\",\"width\":1024,\"height\":1024},{\"@type\":\"BreadcrumbList\",\"@id\":\"https:\/\/hubsch-interior.com\/de\/produkt\/normu-topfe-braun-grun-2er-set\/#breadcrumb\",\"itemListElement\":[{\"@type\":\"ListItem\",\"position\":1,\"name\":\"Startseite\",\"item\":\"https:\/\/hubsch-interior.com\/de\/\"},{\"@type\":\"ListItem\",\"position\":2,\"name\":\"Produkte\",\"item\":\"https:\/\/hubsch-interior.com\/de\/shop-2\/\"},{\"@type\":\"ListItem\",\"position\":3,\"name\":\"Wohnaccessoires\",\"item\":\"https:\/\/hubsch-interior.com\/de\/produkt-kategorie\/wohnaccessoires\/\"},{\"@type\":\"ListItem\",\"position\":4,\"name\":\"T&ouml;pfe &amp; Gie&szlig;kannen\",\"item\":\"https:\/\/hubsch-interior.com\/de\/produkt-kategorie\/wohnaccessoires\/toepfe-giesskannen-de\/\"},{\"@type\":\"ListItem\",\"position\":5,\"name\":\"Blument&ouml;pfe\",\"item\":\"https:\/\/hubsch-interior.com\/de\/produkt-kategorie\/wohnaccessoires\/toepfe-giesskannen-de\/blumentoepfe-de\/\"},{\"@type\":\"ListItem\",\"position\":6,\"name\":\"Normu T\u00f6pfe Braun\/Gr\u00fcn (2er Set)\"}]},{\"@type\":\"WebSite\",\"@id\":\"https:\/\/hubsch-interior.com\/de\/#website\",\"url\":\"https:\/\/hubsch-interior.com\/de\/\",\"name\":\"H\u00fcbsch\",\"description\":\"Danish Home Interior and Design\",\"publisher\":{\"@id\":\"https:\/\/hubsch-interior.com\/de\/#organization\"},\"potentialAction\":[{\"@type\":\"SearchAction\",\"target\":{\"@type\":\"EntryPoint\",\"urlTemplate\":\"https:\/\/hubsch-interior.com\/de\/?s={search_term_string}\"},\"query-input\":{\"@type\":\"PropertyValueSpecification\",\"valueRequired\":true,\"valueName\":\"search_term_string\"}}],\"inLanguage\":\"de\"},{\"@type\":\"Organization\",\"@id\":\"https:\/\/hubsch-interior.com\/de\/#organization\",\"name\":\"H\u00fcbsch\",\"url\":\"https:\/\/hubsch-interior.com\/de\/\",\"logo\":{\"@type\":\"ImageObject\",\"inLanguage\":\"de\",\"@id\":\"https:\/\/hubsch-interior.com\/de\/#\/schema\/logo\/image\/\",\"url\":\"https:\/\/hubsch-interior.com\/wp-content\/uploads\/2022\/12\/Hubsch_logo_black_one_line.svg\",\"contentUrl\":\"https:\/\/hubsch-interior.com\/wp-content\/uploads\/2022\/12\/Hubsch_logo_black_one_line.svg\",\"caption\":\"H\u00fcbsch\"},\"image\":{\"@id\":\"https:\/\/hubsch-interior.com\/de\/#\/schema\/logo\/image\/\"}}]}<\/script>\n<!-- \/ Yoast SEO plugin. -->","yoast_head_json":{"title":"Normu T\u00f6pfe Braun\/Gr\u00fcn (2er Set) - H\u00fcbsch","description":"Wir pr\u00e4sentieren die Normu T\u00f6pfe, ein faszinierendes Duo in den Farben Gr\u00fcn und Tonbraun, die sich nahtlos in Ihre Raumgestaltung einf\u00fcgen. Mit","robots":{"index":"index","follow":"follow","max-snippet":"max-snippet:-1","max-image-preview":"max-image-preview:large","max-video-preview":"max-video-preview:-1"},"canonical":"https:\/\/hubsch-interior.com\/de\/wp-json\/wp\/v2\/product\/1008827","og_locale":"de_DE","og_type":"article","og_title":"Normu T\u00f6pfe Braun\/Gr\u00fcn (2er Set) - H\u00fcbsch","og_description":"Wir pr\u00e4sentieren die Normu T\u00f6pfe, ein faszinierendes Duo in den Farben Gr\u00fcn und Tonbraun, die sich nahtlos in Ihre Raumgestaltung einf\u00fcgen. Mit","og_url":"https:\/\/hubsch-interior.com\/de\/produkt\/normu-topfe-braun-grun-2er-set\/","og_site_name":"H\u00fcbsch","article_modified_time":"2026-04-19T02:43:04+00:00","og_image":[{"width":1200,"height":1200,"url":"https:\/\/hubsch-interior.com\/wp-content\/uploads\/2025\/04\/normu-pots-browngreen-set-of-2-2b9f1c1abd8d0d617451ad0a991b6d97.jpg","type":"image\/jpeg"}],"twitter_card":"summary_large_image","schema":{"@context":"https:\/\/schema.org","@graph":[{"@type":"WebPage","@id":"https:\/\/hubsch-interior.com\/de\/produkt\/normu-topfe-braun-grun-2er-set\/","url":"https:\/\/hubsch-interior.com\/de\/produkt\/normu-topfe-braun-grun-2er-set\/","name":"Normu T\u00f6pfe Braun\/Gr\u00fcn (2er Set) - H\u00fcbsch","isPartOf":{"@id":"https:\/\/hubsch-interior.com\/de\/#website"},"primaryImageOfPage":{"@id":"https:\/\/hubsch-interior.com\/de\/produkt\/normu-topfe-braun-grun-2er-set\/#primaryimage"},"image":{"@id":"https:\/\/hubsch-interior.com\/de\/produkt\/normu-topfe-braun-grun-2er-set\/#primaryimage"},"thumbnailUrl":"https:\/\/hubsch-interior.com\/wp-content\/uploads\/2026\/02\/normu-pots-browngreen-set-of-2-0ed1c174be54ab69720fe201c52f4bc5.jpg","datePublished":"2025-01-24T08:30:33+00:00","dateModified":"2026-04-19T02:43:04+00:00","description":"Wir pr\u00e4sentieren die Normu T\u00f6pfe, ein faszinierendes Duo in den Farben Gr\u00fcn und Tonbraun, die sich nahtlos in Ihre Raumgestaltung einf\u00fcgen. Mit","breadcrumb":{"@id":"https:\/\/hubsch-interior.com\/de\/produkt\/normu-topfe-braun-grun-2er-set\/#breadcrumb"},"inLanguage":"de","potentialAction":[{"@type":"ReadAction","target":["https:\/\/hubsch-interior.com\/de\/produkt\/normu-topfe-braun-grun-2er-set\/"]}]},{"@type":"ImageObject","inLanguage":"de","@id":"https:\/\/hubsch-interior.com\/de\/produkt\/normu-topfe-braun-grun-2er-set\/#primaryimage","url":"https:\/\/hubsch-interior.com\/wp-content\/uploads\/2026\/02\/normu-pots-browngreen-set-of-2-0ed1c174be54ab69720fe201c52f4bc5.jpg","contentUrl":"https:\/\/hubsch-interior.com\/wp-content\/uploads\/2026\/02\/normu-pots-browngreen-set-of-2-0ed1c174be54ab69720fe201c52f4bc5.jpg","width":1024,"height":1024},{"@type":"BreadcrumbList","@id":"https:\/\/hubsch-interior.com\/de\/produkt\/normu-topfe-braun-grun-2er-set\/#breadcrumb","itemListElement":[{"@type":"ListItem","position":1,"name":"Startseite","item":"https:\/\/hubsch-interior.com\/de\/"},{"@type":"ListItem","position":2,"name":"Produkte","item":"https:\/\/hubsch-interior.com\/de\/shop-2\/"},{"@type":"ListItem","position":3,"name":"Wohnaccessoires","item":"https:\/\/hubsch-interior.com\/de\/produkt-kategorie\/wohnaccessoires\/"},{"@type":"ListItem","position":4,"name":"T&ouml;pfe &amp; Gie&szlig;kannen","item":"https:\/\/hubsch-interior.com\/de\/produkt-kategorie\/wohnaccessoires\/toepfe-giesskannen-de\/"},{"@type":"ListItem","position":5,"name":"Blument&ouml;pfe","item":"https:\/\/hubsch-interior.com\/de\/produkt-kategorie\/wohnaccessoires\/toepfe-giesskannen-de\/blumentoepfe-de\/"},{"@type":"ListItem","position":6,"name":"Normu T\u00f6pfe Braun\/Gr\u00fcn (2er Set)"}]},{"@type":"WebSite","@id":"https:\/\/hubsch-interior.com\/de\/#website","url":"https:\/\/hubsch-interior.com\/de\/","name":"H\u00fcbsch","description":"Danish Home Interior and Design","publisher":{"@id":"https:\/\/hubsch-interior.com\/de\/#organization"},"potentialAction":[{"@type":"SearchAction","target":{"@type":"EntryPoint","urlTemplate":"https:\/\/hubsch-interior.com\/de\/?s={search_term_string}"},"query-input":{"@type":"PropertyValueSpecification","valueRequired":true,"valueName":"search_term_string"}}],"inLanguage":"de"},{"@type":"Organization","@id":"https:\/\/hubsch-interior.com\/de\/#organization","name":"H\u00fcbsch","url":"https:\/\/hubsch-interior.com\/de\/","logo":{"@type":"ImageObject","inLanguage":"de","@id":"https:\/\/hubsch-interior.com\/de\/#\/schema\/logo\/image\/","url":"https:\/\/hubsch-interior.com\/wp-content\/uploads\/2022\/12\/Hubsch_logo_black_one_line.svg","contentUrl":"https:\/\/hubsch-interior.com\/wp-content\/uploads\/2022\/12\/Hubsch_logo_black_one_line.svg","caption":"H\u00fcbsch"},"image":{"@id":"https:\/\/hubsch-interior.com\/de\/#\/schema\/logo\/image\/"}}]}},"_links":{"self":[{"href":"https:\/\/hubsch-interior.com\/de\/wp-json\/wp\/v2\/product\/1008827","targetHints":{"allow":["GET"]}}],"collection":[{"href":"https:\/\/hubsch-interior.com\/de\/wp-json\/wp\/v2\/product"}],"about":[{"href":"https:\/\/hubsch-interior.com\/de\/wp-json\/wp\/v2\/types\/product"}],"wp:featuredmedia":[{"embeddable":true,"href":"https:\/\/hubsch-interior.com\/de\/wp-json\/wp\/v2\/media\/1100953"}],"wp:attachment":[{"href":"https:\/\/hubsch-interior.com\/de\/wp-json\/wp\/v2\/media?parent=1008827"}],"wp:term":[{"taxonomy":"product_brand","embeddable":true,"href":"https:\/\/hubsch-interior.com\/de\/wp-json\/wp\/v2\/product_brand?post=1008827"},{"taxonomy":"product_cat","embeddable":true,"href":"https:\/\/hubsch-interior.com\/de\/wp-json\/wp\/v2\/product_cat?post=1008827"},{"taxonomy":"product_tag","embeddable":true,"href":"https:\/\/hubsch-interior.com\/de\/wp-json\/wp\/v2\/product_tag?post=1008827"}],"curies":[{"name":"wp","href":"https:\/\/api.w.org\/{rel}","templated":true}]}}