{"id":1008871,"date":"2025-01-24T09:32:49","date_gmt":"2025-01-24T08:32:49","guid":{"rendered":"https:\/\/hubsch-interior.com\/product\/product\/"},"modified":"2026-04-05T04:56:46","modified_gmt":"2026-04-05T02:56:46","slug":"koohi-beistelltisch-schwarz","status":"publish","type":"product","link":"https:\/\/hubsch-interior.com\/de\/produkt\/koohi-beistelltisch-schwarz\/","title":{"rendered":"Koohi Beistelltisch Schwarz"},"content":{"rendered":"<p>Wir pr\u00e4sentieren den Koohi Beistelltisch, eine bezaubernde Mischung aus Eleganz und minimalistischem Charme. Aus FSC-zertifiziertem Eichenfurnier gefertigt, besticht dieses M\u00f6belst\u00fcck durch seine tief schwarze Farbe, die eine k\u00fchne Aussage trifft. Mit Ankl\u00e4ngen an japanische Details l\u00e4sst sich sicher sagen, dass dieser Beistelltisch in jedem Raum ein Statement setzt. Sein Design ist verspielt, dabei aber unbestreitbar elegant und markant, was den Koohi Beistelltisch nicht nur zu einem funktionalen Element macht, sondern zu einem zentralen Bestandteil Ihrer Wohnraumgestaltung.<\/p>\n","protected":false},"excerpt":{"rendered":"<p>Wir pr\u00e4sentieren den Koohi Beistelltisch, eine bezaubernde Mischung aus Eleganz und minimalistischem Charme. Aus FSC-zertifiziertem Eichenfurnier gefertigt, besticht dieses M\u00f6belst\u00fcck durch seine tief schwarze Farbe, die eine k\u00fchne Aussage trifft. Mit Ankl\u00e4ngen an japanische Details l\u00e4sst sich sicher sagen, dass dieser Beistelltisch in jedem Raum ein Statement setzt. Sein Design ist verspielt, dabei aber unbestreitbar [&hellip;]<\/p>\n","protected":false},"featured_media":1104097,"template":"","meta":{"_acf_changed":false,"inline_featured_image":false},"product_brand":[],"product_cat":[6998,6323,2861,4028,2874,5027],"product_tag":[],"class_list":{"0":"post-1008871","1":"product","2":"type-product","3":"status-publish","4":"has-post-thumbnail","6":"product_cat-the-buzz-de","7":"product_cat-fsc-de","8":"product_cat-tische-de","9":"product_cat-beistelltische-de","10":"product_cat-sofatische-de","11":"product_cat-bestsellers-de","12":"product_shipping_class-pk","14":"pa_color-schwarz","15":"pa_material-mdf-de","16":"pa_material-eichenfurnier","18":"first","19":"instock","20":"featured","21":"taxable","22":"shipping-taxable","23":"purchasable","24":"product-type-simple"},"exclude_global_add_ons":[],"addons":[],"acf":[],"yoast_head":"<!-- This site is optimized with the Yoast SEO plugin v26.4 - https:\/\/yoast.com\/wordpress\/plugins\/seo\/ -->\n<title>Koohi Beistelltisch Schwarz - H\u00fcbsch<\/title>\n<meta name=\"description\" content=\"Wir pr\u00e4sentieren den Koohi Beistelltisch, eine bezaubernde Mischung aus Eleganz und minimalistischem Charme. Aus FSC-zertifiziertem Eichenfurnier\" \/>\n<meta name=\"robots\" content=\"index, follow, max-snippet:-1, max-image-preview:large, max-video-preview:-1\" \/>\n<link rel=\"canonical\" href=\"https:\/\/hubsch-interior.com\/de\/wp-json\/wp\/v2\/product\/1008871\" \/>\n<meta property=\"og:locale\" content=\"de_DE\" \/>\n<meta property=\"og:type\" content=\"article\" \/>\n<meta property=\"og:title\" content=\"Koohi Beistelltisch Schwarz - H\u00fcbsch\" \/>\n<meta property=\"og:description\" content=\"Wir pr\u00e4sentieren den Koohi Beistelltisch, eine bezaubernde Mischung aus Eleganz und minimalistischem Charme. Aus FSC-zertifiziertem Eichenfurnier\" \/>\n<meta property=\"og:url\" content=\"https:\/\/hubsch-interior.com\/de\/produkt\/koohi-beistelltisch-schwarz\/\" \/>\n<meta property=\"og:site_name\" content=\"H\u00fcbsch\" \/>\n<meta property=\"article:modified_time\" content=\"2026-04-05T02:56:46+00:00\" \/>\n<meta property=\"og:image\" content=\"https:\/\/hubsch-interior.com\/wp-content\/uploads\/2025\/01\/koohi-side-table-black-2a6cd02b3fe82c3f7429893fe2d7f6b4.jpg\" \/>\n\t<meta property=\"og:image:width\" content=\"1200\" \/>\n\t<meta property=\"og:image:height\" content=\"1200\" \/>\n\t<meta property=\"og:image:type\" content=\"image\/jpeg\" \/>\n<meta name=\"twitter:card\" content=\"summary_large_image\" \/>\n<script type=\"application\/ld+json\" class=\"yoast-schema-graph\">{\"@context\":\"https:\/\/schema.org\",\"@graph\":[{\"@type\":\"WebPage\",\"@id\":\"https:\/\/hubsch-interior.com\/de\/produkt\/koohi-beistelltisch-schwarz\/\",\"url\":\"https:\/\/hubsch-interior.com\/de\/produkt\/koohi-beistelltisch-schwarz\/\",\"name\":\"Koohi Beistelltisch Schwarz - H\u00fcbsch\",\"isPartOf\":{\"@id\":\"https:\/\/hubsch-interior.com\/de\/#website\"},\"primaryImageOfPage\":{\"@id\":\"https:\/\/hubsch-interior.com\/de\/produkt\/koohi-beistelltisch-schwarz\/#primaryimage\"},\"image\":{\"@id\":\"https:\/\/hubsch-interior.com\/de\/produkt\/koohi-beistelltisch-schwarz\/#primaryimage\"},\"thumbnailUrl\":\"https:\/\/hubsch-interior.com\/wp-content\/uploads\/2026\/02\/koohi-side-table-black-f6bd7c4763c484d5335819f82ff16936.jpg\",\"datePublished\":\"2025-01-24T08:32:49+00:00\",\"dateModified\":\"2026-04-05T02:56:46+00:00\",\"description\":\"Wir pr\u00e4sentieren den Koohi Beistelltisch, eine bezaubernde Mischung aus Eleganz und minimalistischem Charme. Aus FSC-zertifiziertem Eichenfurnier\",\"breadcrumb\":{\"@id\":\"https:\/\/hubsch-interior.com\/de\/produkt\/koohi-beistelltisch-schwarz\/#breadcrumb\"},\"inLanguage\":\"de\",\"potentialAction\":[{\"@type\":\"ReadAction\",\"target\":[\"https:\/\/hubsch-interior.com\/de\/produkt\/koohi-beistelltisch-schwarz\/\"]}]},{\"@type\":\"ImageObject\",\"inLanguage\":\"de\",\"@id\":\"https:\/\/hubsch-interior.com\/de\/produkt\/koohi-beistelltisch-schwarz\/#primaryimage\",\"url\":\"https:\/\/hubsch-interior.com\/wp-content\/uploads\/2026\/02\/koohi-side-table-black-f6bd7c4763c484d5335819f82ff16936.jpg\",\"contentUrl\":\"https:\/\/hubsch-interior.com\/wp-content\/uploads\/2026\/02\/koohi-side-table-black-f6bd7c4763c484d5335819f82ff16936.jpg\",\"width\":1024,\"height\":1024},{\"@type\":\"BreadcrumbList\",\"@id\":\"https:\/\/hubsch-interior.com\/de\/produkt\/koohi-beistelltisch-schwarz\/#breadcrumb\",\"itemListElement\":[{\"@type\":\"ListItem\",\"position\":1,\"name\":\"Startseite\",\"item\":\"https:\/\/hubsch-interior.com\/de\/\"},{\"@type\":\"ListItem\",\"position\":2,\"name\":\"Produkte\",\"item\":\"https:\/\/hubsch-interior.com\/de\/shop-2\/\"},{\"@type\":\"ListItem\",\"position\":3,\"name\":\"M\u00f6bel\",\"item\":\"https:\/\/hubsch-interior.com\/de\/produkt-kategorie\/moebel\/\"},{\"@type\":\"ListItem\",\"position\":4,\"name\":\"Tische\",\"item\":\"https:\/\/hubsch-interior.com\/de\/produkt-kategorie\/moebel\/tische-de\/\"},{\"@type\":\"ListItem\",\"position\":5,\"name\":\"Beistelltische\",\"item\":\"https:\/\/hubsch-interior.com\/de\/produkt-kategorie\/moebel\/tische-de\/beistelltische-de\/\"},{\"@type\":\"ListItem\",\"position\":6,\"name\":\"Koohi Beistelltisch Schwarz\"}]},{\"@type\":\"WebSite\",\"@id\":\"https:\/\/hubsch-interior.com\/de\/#website\",\"url\":\"https:\/\/hubsch-interior.com\/de\/\",\"name\":\"H\u00fcbsch\",\"description\":\"Danish Home Interior and Design\",\"publisher\":{\"@id\":\"https:\/\/hubsch-interior.com\/de\/#organization\"},\"potentialAction\":[{\"@type\":\"SearchAction\",\"target\":{\"@type\":\"EntryPoint\",\"urlTemplate\":\"https:\/\/hubsch-interior.com\/de\/?s={search_term_string}\"},\"query-input\":{\"@type\":\"PropertyValueSpecification\",\"valueRequired\":true,\"valueName\":\"search_term_string\"}}],\"inLanguage\":\"de\"},{\"@type\":\"Organization\",\"@id\":\"https:\/\/hubsch-interior.com\/de\/#organization\",\"name\":\"H\u00fcbsch\",\"url\":\"https:\/\/hubsch-interior.com\/de\/\",\"logo\":{\"@type\":\"ImageObject\",\"inLanguage\":\"de\",\"@id\":\"https:\/\/hubsch-interior.com\/de\/#\/schema\/logo\/image\/\",\"url\":\"https:\/\/hubsch-interior.com\/wp-content\/uploads\/2022\/12\/Hubsch_logo_black_one_line.svg\",\"contentUrl\":\"https:\/\/hubsch-interior.com\/wp-content\/uploads\/2022\/12\/Hubsch_logo_black_one_line.svg\",\"caption\":\"H\u00fcbsch\"},\"image\":{\"@id\":\"https:\/\/hubsch-interior.com\/de\/#\/schema\/logo\/image\/\"}}]}<\/script>\n<!-- \/ Yoast SEO plugin. -->","yoast_head_json":{"title":"Koohi Beistelltisch Schwarz - H\u00fcbsch","description":"Wir pr\u00e4sentieren den Koohi Beistelltisch, eine bezaubernde Mischung aus Eleganz und minimalistischem Charme. Aus FSC-zertifiziertem Eichenfurnier","robots":{"index":"index","follow":"follow","max-snippet":"max-snippet:-1","max-image-preview":"max-image-preview:large","max-video-preview":"max-video-preview:-1"},"canonical":"https:\/\/hubsch-interior.com\/de\/wp-json\/wp\/v2\/product\/1008871","og_locale":"de_DE","og_type":"article","og_title":"Koohi Beistelltisch Schwarz - H\u00fcbsch","og_description":"Wir pr\u00e4sentieren den Koohi Beistelltisch, eine bezaubernde Mischung aus Eleganz und minimalistischem Charme. Aus FSC-zertifiziertem Eichenfurnier","og_url":"https:\/\/hubsch-interior.com\/de\/produkt\/koohi-beistelltisch-schwarz\/","og_site_name":"H\u00fcbsch","article_modified_time":"2026-04-05T02:56:46+00:00","og_image":[{"width":1200,"height":1200,"url":"https:\/\/hubsch-interior.com\/wp-content\/uploads\/2025\/01\/koohi-side-table-black-2a6cd02b3fe82c3f7429893fe2d7f6b4.jpg","type":"image\/jpeg"}],"twitter_card":"summary_large_image","schema":{"@context":"https:\/\/schema.org","@graph":[{"@type":"WebPage","@id":"https:\/\/hubsch-interior.com\/de\/produkt\/koohi-beistelltisch-schwarz\/","url":"https:\/\/hubsch-interior.com\/de\/produkt\/koohi-beistelltisch-schwarz\/","name":"Koohi Beistelltisch Schwarz - H\u00fcbsch","isPartOf":{"@id":"https:\/\/hubsch-interior.com\/de\/#website"},"primaryImageOfPage":{"@id":"https:\/\/hubsch-interior.com\/de\/produkt\/koohi-beistelltisch-schwarz\/#primaryimage"},"image":{"@id":"https:\/\/hubsch-interior.com\/de\/produkt\/koohi-beistelltisch-schwarz\/#primaryimage"},"thumbnailUrl":"https:\/\/hubsch-interior.com\/wp-content\/uploads\/2026\/02\/koohi-side-table-black-f6bd7c4763c484d5335819f82ff16936.jpg","datePublished":"2025-01-24T08:32:49+00:00","dateModified":"2026-04-05T02:56:46+00:00","description":"Wir pr\u00e4sentieren den Koohi Beistelltisch, eine bezaubernde Mischung aus Eleganz und minimalistischem Charme. Aus FSC-zertifiziertem Eichenfurnier","breadcrumb":{"@id":"https:\/\/hubsch-interior.com\/de\/produkt\/koohi-beistelltisch-schwarz\/#breadcrumb"},"inLanguage":"de","potentialAction":[{"@type":"ReadAction","target":["https:\/\/hubsch-interior.com\/de\/produkt\/koohi-beistelltisch-schwarz\/"]}]},{"@type":"ImageObject","inLanguage":"de","@id":"https:\/\/hubsch-interior.com\/de\/produkt\/koohi-beistelltisch-schwarz\/#primaryimage","url":"https:\/\/hubsch-interior.com\/wp-content\/uploads\/2026\/02\/koohi-side-table-black-f6bd7c4763c484d5335819f82ff16936.jpg","contentUrl":"https:\/\/hubsch-interior.com\/wp-content\/uploads\/2026\/02\/koohi-side-table-black-f6bd7c4763c484d5335819f82ff16936.jpg","width":1024,"height":1024},{"@type":"BreadcrumbList","@id":"https:\/\/hubsch-interior.com\/de\/produkt\/koohi-beistelltisch-schwarz\/#breadcrumb","itemListElement":[{"@type":"ListItem","position":1,"name":"Startseite","item":"https:\/\/hubsch-interior.com\/de\/"},{"@type":"ListItem","position":2,"name":"Produkte","item":"https:\/\/hubsch-interior.com\/de\/shop-2\/"},{"@type":"ListItem","position":3,"name":"M\u00f6bel","item":"https:\/\/hubsch-interior.com\/de\/produkt-kategorie\/moebel\/"},{"@type":"ListItem","position":4,"name":"Tische","item":"https:\/\/hubsch-interior.com\/de\/produkt-kategorie\/moebel\/tische-de\/"},{"@type":"ListItem","position":5,"name":"Beistelltische","item":"https:\/\/hubsch-interior.com\/de\/produkt-kategorie\/moebel\/tische-de\/beistelltische-de\/"},{"@type":"ListItem","position":6,"name":"Koohi Beistelltisch Schwarz"}]},{"@type":"WebSite","@id":"https:\/\/hubsch-interior.com\/de\/#website","url":"https:\/\/hubsch-interior.com\/de\/","name":"H\u00fcbsch","description":"Danish Home Interior and Design","publisher":{"@id":"https:\/\/hubsch-interior.com\/de\/#organization"},"potentialAction":[{"@type":"SearchAction","target":{"@type":"EntryPoint","urlTemplate":"https:\/\/hubsch-interior.com\/de\/?s={search_term_string}"},"query-input":{"@type":"PropertyValueSpecification","valueRequired":true,"valueName":"search_term_string"}}],"inLanguage":"de"},{"@type":"Organization","@id":"https:\/\/hubsch-interior.com\/de\/#organization","name":"H\u00fcbsch","url":"https:\/\/hubsch-interior.com\/de\/","logo":{"@type":"ImageObject","inLanguage":"de","@id":"https:\/\/hubsch-interior.com\/de\/#\/schema\/logo\/image\/","url":"https:\/\/hubsch-interior.com\/wp-content\/uploads\/2022\/12\/Hubsch_logo_black_one_line.svg","contentUrl":"https:\/\/hubsch-interior.com\/wp-content\/uploads\/2022\/12\/Hubsch_logo_black_one_line.svg","caption":"H\u00fcbsch"},"image":{"@id":"https:\/\/hubsch-interior.com\/de\/#\/schema\/logo\/image\/"}}]}},"_links":{"self":[{"href":"https:\/\/hubsch-interior.com\/de\/wp-json\/wp\/v2\/product\/1008871","targetHints":{"allow":["GET"]}}],"collection":[{"href":"https:\/\/hubsch-interior.com\/de\/wp-json\/wp\/v2\/product"}],"about":[{"href":"https:\/\/hubsch-interior.com\/de\/wp-json\/wp\/v2\/types\/product"}],"wp:featuredmedia":[{"embeddable":true,"href":"https:\/\/hubsch-interior.com\/de\/wp-json\/wp\/v2\/media\/1104097"}],"wp:attachment":[{"href":"https:\/\/hubsch-interior.com\/de\/wp-json\/wp\/v2\/media?parent=1008871"}],"wp:term":[{"taxonomy":"product_brand","embeddable":true,"href":"https:\/\/hubsch-interior.com\/de\/wp-json\/wp\/v2\/product_brand?post=1008871"},{"taxonomy":"product_cat","embeddable":true,"href":"https:\/\/hubsch-interior.com\/de\/wp-json\/wp\/v2\/product_cat?post=1008871"},{"taxonomy":"product_tag","embeddable":true,"href":"https:\/\/hubsch-interior.com\/de\/wp-json\/wp\/v2\/product_tag?post=1008871"}],"curies":[{"name":"wp","href":"https:\/\/api.w.org\/{rel}","templated":true}]}}