{"id":1008899,"date":"2025-01-24T09:33:23","date_gmt":"2025-01-24T08:33:23","guid":{"rendered":"https:\/\/hubsch-interior.com\/product\/product\/"},"modified":"2026-04-29T04:55:46","modified_gmt":"2026-04-29T02:55:46","slug":"cosplay-garderobe-naturfarben-2","status":"publish","type":"product","link":"https:\/\/hubsch-interior.com\/de\/produkt\/cosplay-garderobe-naturfarben-2\/","title":{"rendered":"Cosplay Garderobe  Naturfarben"},"content":{"rendered":"<p>Wir pr\u00e4sentieren die Cosplay Garderobe, eine schlanke und elegante L\u00f6sung, die speziell f\u00fcr Ihren Flur oder Ihr Schlafzimmer konzipiert wurde. Diese ansprechende Variante f\u00fcgt sich nahtlos in jede Einrichtung ein. Gefertigt aus FSC-zertifiziertem Eichenholz und Furnier, garantiert sie Qualit\u00e4t und Langlebigkeit. Mit 5 Haken bietet sie ausreichend Platz, um Ihre wichtigsten Gegenst\u00e4nde, von Jacken bis zu Taschen, aufzuh\u00e4ngen. W\u00e4hlen Sie dieses charmante, unaufdringliche M\u00f6belst\u00fcck, um Ihre Sachen stilvoll und organisiert zu halten. Erh\u00e4ltlich in drei Varianten, um Ihren pers\u00f6nlichen Bed\u00fcrfnissen gerecht zu werden.<\/p>\n","protected":false},"excerpt":{"rendered":"<p>Wir pr\u00e4sentieren die Cosplay Garderobe, eine schlanke und elegante L\u00f6sung, die speziell f\u00fcr Ihren Flur oder Ihr Schlafzimmer konzipiert wurde. Diese ansprechende Variante f\u00fcgt sich nahtlos in jede Einrichtung ein. Gefertigt aus FSC-zertifiziertem Eichenholz und Furnier, garantiert sie Qualit\u00e4t und Langlebigkeit. Mit 5 Haken bietet sie ausreichend Platz, um Ihre wichtigsten Gegenst\u00e4nde, von Jacken bis [&hellip;]<\/p>\n","protected":false},"featured_media":1104129,"template":"","meta":{"_acf_changed":false,"inline_featured_image":false},"product_brand":[],"product_cat":[6323,4043,4044,6998,5031],"product_tag":[],"class_list":{"0":"post-1008899","1":"product","2":"type-product","3":"status-publish","4":"has-post-thumbnail","6":"product_cat-fsc-de","7":"product_cat-haken-und-hakenleisten-de","8":"product_cat-hakenleisten-de","9":"product_cat-the-buzz-de","10":"product_cat-wieder-auf-lager-de","11":"product_shipping_class-pk","13":"pa_color-naturfarben-2","14":"pa_material-eichenfurnier","15":"pa_material-eichenholz","16":"pa_material-mdf-de","18":"first","19":"instock","20":"taxable","21":"shipping-taxable","22":"purchasable","23":"product-type-simple"},"exclude_global_add_ons":[],"addons":[],"acf":[],"yoast_head":"<!-- This site is optimized with the Yoast SEO plugin v26.4 - https:\/\/yoast.com\/wordpress\/plugins\/seo\/ -->\n<title>Cosplay Garderobe Naturfarben - H\u00fcbsch<\/title>\n<meta name=\"description\" content=\"Wir pr\u00e4sentieren die Cosplay Garderobe, eine schlanke und elegante L\u00f6sung, die speziell f\u00fcr Ihren Flur oder Ihr Schlafzimmer konzipiert wurde. Diese\" \/>\n<meta name=\"robots\" content=\"index, follow, max-snippet:-1, max-image-preview:large, max-video-preview:-1\" \/>\n<link rel=\"canonical\" href=\"https:\/\/hubsch-interior.com\/de\/wp-json\/wp\/v2\/product\/1008899\" \/>\n<meta property=\"og:locale\" content=\"de_DE\" \/>\n<meta property=\"og:type\" content=\"article\" \/>\n<meta property=\"og:title\" content=\"Cosplay Garderobe Naturfarben - H\u00fcbsch\" \/>\n<meta property=\"og:description\" content=\"Wir pr\u00e4sentieren die Cosplay Garderobe, eine schlanke und elegante L\u00f6sung, die speziell f\u00fcr Ihren Flur oder Ihr Schlafzimmer konzipiert wurde. Diese\" \/>\n<meta property=\"og:url\" content=\"https:\/\/hubsch-interior.com\/de\/produkt\/cosplay-garderobe-naturfarben-2\/\" \/>\n<meta property=\"og:site_name\" content=\"H\u00fcbsch\" \/>\n<meta property=\"article:modified_time\" content=\"2026-04-29T02:55:46+00:00\" \/>\n<meta property=\"og:image\" content=\"https:\/\/hubsch-interior.com\/wp-content\/uploads\/2026\/02\/cosplay-coatrack-l60-cm-natural-8394816f0f0b633165217e895fbf6625.jpg\" \/>\n\t<meta property=\"og:image:width\" content=\"1024\" \/>\n\t<meta property=\"og:image:height\" content=\"1024\" \/>\n\t<meta property=\"og:image:type\" content=\"image\/jpeg\" \/>\n<meta name=\"twitter:card\" content=\"summary_large_image\" \/>\n<script type=\"application\/ld+json\" class=\"yoast-schema-graph\">{\"@context\":\"https:\/\/schema.org\",\"@graph\":[{\"@type\":\"WebPage\",\"@id\":\"https:\/\/hubsch-interior.com\/de\/produkt\/cosplay-garderobe-naturfarben-2\/\",\"url\":\"https:\/\/hubsch-interior.com\/de\/produkt\/cosplay-garderobe-naturfarben-2\/\",\"name\":\"Cosplay Garderobe Naturfarben - H\u00fcbsch\",\"isPartOf\":{\"@id\":\"https:\/\/hubsch-interior.com\/de\/#website\"},\"primaryImageOfPage\":{\"@id\":\"https:\/\/hubsch-interior.com\/de\/produkt\/cosplay-garderobe-naturfarben-2\/#primaryimage\"},\"image\":{\"@id\":\"https:\/\/hubsch-interior.com\/de\/produkt\/cosplay-garderobe-naturfarben-2\/#primaryimage\"},\"thumbnailUrl\":\"https:\/\/hubsch-interior.com\/wp-content\/uploads\/2026\/02\/cosplay-coatrack-l60-cm-natural-8394816f0f0b633165217e895fbf6625.jpg\",\"datePublished\":\"2025-01-24T08:33:23+00:00\",\"dateModified\":\"2026-04-29T02:55:46+00:00\",\"description\":\"Wir pr\u00e4sentieren die Cosplay Garderobe, eine schlanke und elegante L\u00f6sung, die speziell f\u00fcr Ihren Flur oder Ihr Schlafzimmer konzipiert wurde. Diese\",\"breadcrumb\":{\"@id\":\"https:\/\/hubsch-interior.com\/de\/produkt\/cosplay-garderobe-naturfarben-2\/#breadcrumb\"},\"inLanguage\":\"de\",\"potentialAction\":[{\"@type\":\"ReadAction\",\"target\":[\"https:\/\/hubsch-interior.com\/de\/produkt\/cosplay-garderobe-naturfarben-2\/\"]}]},{\"@type\":\"ImageObject\",\"inLanguage\":\"de\",\"@id\":\"https:\/\/hubsch-interior.com\/de\/produkt\/cosplay-garderobe-naturfarben-2\/#primaryimage\",\"url\":\"https:\/\/hubsch-interior.com\/wp-content\/uploads\/2026\/02\/cosplay-coatrack-l60-cm-natural-8394816f0f0b633165217e895fbf6625.jpg\",\"contentUrl\":\"https:\/\/hubsch-interior.com\/wp-content\/uploads\/2026\/02\/cosplay-coatrack-l60-cm-natural-8394816f0f0b633165217e895fbf6625.jpg\",\"width\":1024,\"height\":1024},{\"@type\":\"BreadcrumbList\",\"@id\":\"https:\/\/hubsch-interior.com\/de\/produkt\/cosplay-garderobe-naturfarben-2\/#breadcrumb\",\"itemListElement\":[{\"@type\":\"ListItem\",\"position\":1,\"name\":\"Startseite\",\"item\":\"https:\/\/hubsch-interior.com\/de\/\"},{\"@type\":\"ListItem\",\"position\":2,\"name\":\"Produkte\",\"item\":\"https:\/\/hubsch-interior.com\/de\/shop-2\/\"},{\"@type\":\"ListItem\",\"position\":3,\"name\":\"Wohnaccessoires\",\"item\":\"https:\/\/hubsch-interior.com\/de\/produkt-kategorie\/wohnaccessoires\/\"},{\"@type\":\"ListItem\",\"position\":4,\"name\":\"Haken und Hakenleisten\",\"item\":\"https:\/\/hubsch-interior.com\/de\/produkt-kategorie\/wohnaccessoires\/haken-und-hakenleisten-de\/\"},{\"@type\":\"ListItem\",\"position\":5,\"name\":\"Hakenleisten\",\"item\":\"https:\/\/hubsch-interior.com\/de\/produkt-kategorie\/wohnaccessoires\/haken-und-hakenleisten-de\/hakenleisten-de\/\"},{\"@type\":\"ListItem\",\"position\":6,\"name\":\"Cosplay Garderobe Naturfarben\"}]},{\"@type\":\"WebSite\",\"@id\":\"https:\/\/hubsch-interior.com\/de\/#website\",\"url\":\"https:\/\/hubsch-interior.com\/de\/\",\"name\":\"H\u00fcbsch\",\"description\":\"Danish Home Interior and Design\",\"publisher\":{\"@id\":\"https:\/\/hubsch-interior.com\/de\/#organization\"},\"potentialAction\":[{\"@type\":\"SearchAction\",\"target\":{\"@type\":\"EntryPoint\",\"urlTemplate\":\"https:\/\/hubsch-interior.com\/de\/?s={search_term_string}\"},\"query-input\":{\"@type\":\"PropertyValueSpecification\",\"valueRequired\":true,\"valueName\":\"search_term_string\"}}],\"inLanguage\":\"de\"},{\"@type\":\"Organization\",\"@id\":\"https:\/\/hubsch-interior.com\/de\/#organization\",\"name\":\"H\u00fcbsch\",\"url\":\"https:\/\/hubsch-interior.com\/de\/\",\"logo\":{\"@type\":\"ImageObject\",\"inLanguage\":\"de\",\"@id\":\"https:\/\/hubsch-interior.com\/de\/#\/schema\/logo\/image\/\",\"url\":\"https:\/\/hubsch-interior.com\/wp-content\/uploads\/2022\/12\/Hubsch_logo_black_one_line.svg\",\"contentUrl\":\"https:\/\/hubsch-interior.com\/wp-content\/uploads\/2022\/12\/Hubsch_logo_black_one_line.svg\",\"caption\":\"H\u00fcbsch\"},\"image\":{\"@id\":\"https:\/\/hubsch-interior.com\/de\/#\/schema\/logo\/image\/\"}}]}<\/script>\n<!-- \/ Yoast SEO plugin. -->","yoast_head_json":{"title":"Cosplay Garderobe Naturfarben - H\u00fcbsch","description":"Wir pr\u00e4sentieren die Cosplay Garderobe, eine schlanke und elegante L\u00f6sung, die speziell f\u00fcr Ihren Flur oder Ihr Schlafzimmer konzipiert wurde. Diese","robots":{"index":"index","follow":"follow","max-snippet":"max-snippet:-1","max-image-preview":"max-image-preview:large","max-video-preview":"max-video-preview:-1"},"canonical":"https:\/\/hubsch-interior.com\/de\/wp-json\/wp\/v2\/product\/1008899","og_locale":"de_DE","og_type":"article","og_title":"Cosplay Garderobe Naturfarben - H\u00fcbsch","og_description":"Wir pr\u00e4sentieren die Cosplay Garderobe, eine schlanke und elegante L\u00f6sung, die speziell f\u00fcr Ihren Flur oder Ihr Schlafzimmer konzipiert wurde. Diese","og_url":"https:\/\/hubsch-interior.com\/de\/produkt\/cosplay-garderobe-naturfarben-2\/","og_site_name":"H\u00fcbsch","article_modified_time":"2026-04-29T02:55:46+00:00","og_image":[{"width":1024,"height":1024,"url":"https:\/\/hubsch-interior.com\/wp-content\/uploads\/2026\/02\/cosplay-coatrack-l60-cm-natural-8394816f0f0b633165217e895fbf6625.jpg","type":"image\/jpeg"}],"twitter_card":"summary_large_image","schema":{"@context":"https:\/\/schema.org","@graph":[{"@type":"WebPage","@id":"https:\/\/hubsch-interior.com\/de\/produkt\/cosplay-garderobe-naturfarben-2\/","url":"https:\/\/hubsch-interior.com\/de\/produkt\/cosplay-garderobe-naturfarben-2\/","name":"Cosplay Garderobe Naturfarben - H\u00fcbsch","isPartOf":{"@id":"https:\/\/hubsch-interior.com\/de\/#website"},"primaryImageOfPage":{"@id":"https:\/\/hubsch-interior.com\/de\/produkt\/cosplay-garderobe-naturfarben-2\/#primaryimage"},"image":{"@id":"https:\/\/hubsch-interior.com\/de\/produkt\/cosplay-garderobe-naturfarben-2\/#primaryimage"},"thumbnailUrl":"https:\/\/hubsch-interior.com\/wp-content\/uploads\/2026\/02\/cosplay-coatrack-l60-cm-natural-8394816f0f0b633165217e895fbf6625.jpg","datePublished":"2025-01-24T08:33:23+00:00","dateModified":"2026-04-29T02:55:46+00:00","description":"Wir pr\u00e4sentieren die Cosplay Garderobe, eine schlanke und elegante L\u00f6sung, die speziell f\u00fcr Ihren Flur oder Ihr Schlafzimmer konzipiert wurde. Diese","breadcrumb":{"@id":"https:\/\/hubsch-interior.com\/de\/produkt\/cosplay-garderobe-naturfarben-2\/#breadcrumb"},"inLanguage":"de","potentialAction":[{"@type":"ReadAction","target":["https:\/\/hubsch-interior.com\/de\/produkt\/cosplay-garderobe-naturfarben-2\/"]}]},{"@type":"ImageObject","inLanguage":"de","@id":"https:\/\/hubsch-interior.com\/de\/produkt\/cosplay-garderobe-naturfarben-2\/#primaryimage","url":"https:\/\/hubsch-interior.com\/wp-content\/uploads\/2026\/02\/cosplay-coatrack-l60-cm-natural-8394816f0f0b633165217e895fbf6625.jpg","contentUrl":"https:\/\/hubsch-interior.com\/wp-content\/uploads\/2026\/02\/cosplay-coatrack-l60-cm-natural-8394816f0f0b633165217e895fbf6625.jpg","width":1024,"height":1024},{"@type":"BreadcrumbList","@id":"https:\/\/hubsch-interior.com\/de\/produkt\/cosplay-garderobe-naturfarben-2\/#breadcrumb","itemListElement":[{"@type":"ListItem","position":1,"name":"Startseite","item":"https:\/\/hubsch-interior.com\/de\/"},{"@type":"ListItem","position":2,"name":"Produkte","item":"https:\/\/hubsch-interior.com\/de\/shop-2\/"},{"@type":"ListItem","position":3,"name":"Wohnaccessoires","item":"https:\/\/hubsch-interior.com\/de\/produkt-kategorie\/wohnaccessoires\/"},{"@type":"ListItem","position":4,"name":"Haken und Hakenleisten","item":"https:\/\/hubsch-interior.com\/de\/produkt-kategorie\/wohnaccessoires\/haken-und-hakenleisten-de\/"},{"@type":"ListItem","position":5,"name":"Hakenleisten","item":"https:\/\/hubsch-interior.com\/de\/produkt-kategorie\/wohnaccessoires\/haken-und-hakenleisten-de\/hakenleisten-de\/"},{"@type":"ListItem","position":6,"name":"Cosplay Garderobe Naturfarben"}]},{"@type":"WebSite","@id":"https:\/\/hubsch-interior.com\/de\/#website","url":"https:\/\/hubsch-interior.com\/de\/","name":"H\u00fcbsch","description":"Danish Home Interior and Design","publisher":{"@id":"https:\/\/hubsch-interior.com\/de\/#organization"},"potentialAction":[{"@type":"SearchAction","target":{"@type":"EntryPoint","urlTemplate":"https:\/\/hubsch-interior.com\/de\/?s={search_term_string}"},"query-input":{"@type":"PropertyValueSpecification","valueRequired":true,"valueName":"search_term_string"}}],"inLanguage":"de"},{"@type":"Organization","@id":"https:\/\/hubsch-interior.com\/de\/#organization","name":"H\u00fcbsch","url":"https:\/\/hubsch-interior.com\/de\/","logo":{"@type":"ImageObject","inLanguage":"de","@id":"https:\/\/hubsch-interior.com\/de\/#\/schema\/logo\/image\/","url":"https:\/\/hubsch-interior.com\/wp-content\/uploads\/2022\/12\/Hubsch_logo_black_one_line.svg","contentUrl":"https:\/\/hubsch-interior.com\/wp-content\/uploads\/2022\/12\/Hubsch_logo_black_one_line.svg","caption":"H\u00fcbsch"},"image":{"@id":"https:\/\/hubsch-interior.com\/de\/#\/schema\/logo\/image\/"}}]}},"_links":{"self":[{"href":"https:\/\/hubsch-interior.com\/de\/wp-json\/wp\/v2\/product\/1008899","targetHints":{"allow":["GET"]}}],"collection":[{"href":"https:\/\/hubsch-interior.com\/de\/wp-json\/wp\/v2\/product"}],"about":[{"href":"https:\/\/hubsch-interior.com\/de\/wp-json\/wp\/v2\/types\/product"}],"wp:featuredmedia":[{"embeddable":true,"href":"https:\/\/hubsch-interior.com\/de\/wp-json\/wp\/v2\/media\/1104129"}],"wp:attachment":[{"href":"https:\/\/hubsch-interior.com\/de\/wp-json\/wp\/v2\/media?parent=1008899"}],"wp:term":[{"taxonomy":"product_brand","embeddable":true,"href":"https:\/\/hubsch-interior.com\/de\/wp-json\/wp\/v2\/product_brand?post=1008899"},{"taxonomy":"product_cat","embeddable":true,"href":"https:\/\/hubsch-interior.com\/de\/wp-json\/wp\/v2\/product_cat?post=1008899"},{"taxonomy":"product_tag","embeddable":true,"href":"https:\/\/hubsch-interior.com\/de\/wp-json\/wp\/v2\/product_tag?post=1008899"}],"curies":[{"name":"wp","href":"https:\/\/api.w.org\/{rel}","templated":true}]}}