{"id":1008907,"date":"2025-01-24T09:33:51","date_gmt":"2025-01-24T08:33:51","guid":{"rendered":"https:\/\/hubsch-interior.com\/product\/product\/"},"modified":"2026-04-09T04:53:38","modified_gmt":"2026-04-09T02:53:38","slug":"cosplay-garderobe-naturfarben-3","status":"publish","type":"product","link":"https:\/\/hubsch-interior.com\/de\/produkt\/cosplay-garderobe-naturfarben-3\/","title":{"rendered":"Cosplay Garderobe  Naturfarben"},"content":{"rendered":"<p>Wir pr\u00e4sentieren die Cosplay Garderobe, ein beeindruckendes M\u00f6belst\u00fcck, das speziell f\u00fcr Ihre Flur-Essentials entworfen wurde. Gefertigt aus feinstem FSC-zertifiziertem Eichenholz und Eichenfurnier, besticht dieses schlanke, nat\u00fcrliche Modell durch seine zeitlose Eleganz. Ausgestattet mit 3 Haken bietet es den perfekten Ort, um Ihre wichtigsten Gegenst\u00e4nde aufzuh\u00e4ngen; sei es eine Jacke, Schl\u00fcssel oder eine Tasche. In drei Gr\u00f6\u00dfenvarianten erh\u00e4ltlich, vereint es Funktionalit\u00e4t mit Stil und ist somit eine herrliche Erg\u00e4nzung f\u00fcr jedes Wohninterieur.<\/p>\n","protected":false},"excerpt":{"rendered":"<p>Wir pr\u00e4sentieren die Cosplay Garderobe, ein beeindruckendes M\u00f6belst\u00fcck, das speziell f\u00fcr Ihre Flur-Essentials entworfen wurde. Gefertigt aus feinstem FSC-zertifiziertem Eichenholz und Eichenfurnier, besticht dieses schlanke, nat\u00fcrliche Modell durch seine zeitlose Eleganz. Ausgestattet mit 3 Haken bietet es den perfekten Ort, um Ihre wichtigsten Gegenst\u00e4nde aufzuh\u00e4ngen; sei es eine Jacke, Schl\u00fcssel oder eine Tasche. In drei [&hellip;]<\/p>\n","protected":false},"featured_media":1104145,"template":"","meta":{"_acf_changed":false,"inline_featured_image":false},"product_brand":[],"product_cat":[7067,7073,6998,6323,4043,4044,5027,5031],"product_tag":[],"class_list":{"0":"post-1008907","1":"product","2":"type-product","3":"status-publish","4":"has-post-thumbnail","6":"product_cat-kuchen-haken-de","7":"product_cat-haken-regale-de","8":"product_cat-the-buzz-de","9":"product_cat-fsc-de","10":"product_cat-haken-und-hakenleisten-de","11":"product_cat-hakenleisten-de","12":"product_cat-bestsellers-de","13":"product_cat-wieder-auf-lager-de","14":"product_shipping_class-pk","16":"pa_color-naturfarben-2","17":"pa_material-mdf-de","18":"pa_material-eichenfurnier","19":"pa_material-eichenholz","21":"first","22":"instock","23":"featured","24":"taxable","25":"shipping-taxable","26":"purchasable","27":"product-type-simple"},"exclude_global_add_ons":[],"addons":[],"acf":[],"yoast_head":"<!-- This site is optimized with the Yoast SEO plugin v26.4 - https:\/\/yoast.com\/wordpress\/plugins\/seo\/ -->\n<title>Cosplay Garderobe Naturfarben - H\u00fcbsch<\/title>\n<meta name=\"description\" content=\"Wir pr\u00e4sentieren die Cosplay Garderobe, ein beeindruckendes M\u00f6belst\u00fcck, das speziell f\u00fcr Ihre Flur-Essentials entworfen wurde. Gefertigt aus feinstem\" \/>\n<meta name=\"robots\" content=\"index, follow, max-snippet:-1, max-image-preview:large, max-video-preview:-1\" \/>\n<link rel=\"canonical\" href=\"https:\/\/hubsch-interior.com\/de\/wp-json\/wp\/v2\/product\/1008907\" \/>\n<meta property=\"og:locale\" content=\"de_DE\" \/>\n<meta property=\"og:type\" content=\"article\" \/>\n<meta property=\"og:title\" content=\"Cosplay Garderobe Naturfarben - H\u00fcbsch\" \/>\n<meta property=\"og:description\" content=\"Wir pr\u00e4sentieren die Cosplay Garderobe, ein beeindruckendes M\u00f6belst\u00fcck, das speziell f\u00fcr Ihre Flur-Essentials entworfen wurde. Gefertigt aus feinstem\" \/>\n<meta property=\"og:url\" content=\"https:\/\/hubsch-interior.com\/de\/produkt\/cosplay-garderobe-naturfarben-3\/\" \/>\n<meta property=\"og:site_name\" content=\"H\u00fcbsch\" \/>\n<meta property=\"article:modified_time\" content=\"2026-04-09T02:53:38+00:00\" \/>\n<meta property=\"og:image\" content=\"https:\/\/hubsch-interior.com\/wp-content\/uploads\/2026\/02\/cosplay-coatrack-l40-cm-natural-fc328df7884aa10916e02be17798127a.jpg\" \/>\n\t<meta property=\"og:image:width\" content=\"1024\" \/>\n\t<meta property=\"og:image:height\" content=\"1024\" \/>\n\t<meta property=\"og:image:type\" content=\"image\/jpeg\" \/>\n<meta name=\"twitter:card\" content=\"summary_large_image\" \/>\n<script type=\"application\/ld+json\" class=\"yoast-schema-graph\">{\"@context\":\"https:\/\/schema.org\",\"@graph\":[{\"@type\":\"WebPage\",\"@id\":\"https:\/\/hubsch-interior.com\/de\/produkt\/cosplay-garderobe-naturfarben-3\/\",\"url\":\"https:\/\/hubsch-interior.com\/de\/produkt\/cosplay-garderobe-naturfarben-3\/\",\"name\":\"Cosplay Garderobe Naturfarben - H\u00fcbsch\",\"isPartOf\":{\"@id\":\"https:\/\/hubsch-interior.com\/de\/#website\"},\"primaryImageOfPage\":{\"@id\":\"https:\/\/hubsch-interior.com\/de\/produkt\/cosplay-garderobe-naturfarben-3\/#primaryimage\"},\"image\":{\"@id\":\"https:\/\/hubsch-interior.com\/de\/produkt\/cosplay-garderobe-naturfarben-3\/#primaryimage\"},\"thumbnailUrl\":\"https:\/\/hubsch-interior.com\/wp-content\/uploads\/2026\/02\/cosplay-coatrack-l40-cm-natural-fc328df7884aa10916e02be17798127a.jpg\",\"datePublished\":\"2025-01-24T08:33:51+00:00\",\"dateModified\":\"2026-04-09T02:53:38+00:00\",\"description\":\"Wir pr\u00e4sentieren die Cosplay Garderobe, ein beeindruckendes M\u00f6belst\u00fcck, das speziell f\u00fcr Ihre Flur-Essentials entworfen wurde. Gefertigt aus feinstem\",\"breadcrumb\":{\"@id\":\"https:\/\/hubsch-interior.com\/de\/produkt\/cosplay-garderobe-naturfarben-3\/#breadcrumb\"},\"inLanguage\":\"de\",\"potentialAction\":[{\"@type\":\"ReadAction\",\"target\":[\"https:\/\/hubsch-interior.com\/de\/produkt\/cosplay-garderobe-naturfarben-3\/\"]}]},{\"@type\":\"ImageObject\",\"inLanguage\":\"de\",\"@id\":\"https:\/\/hubsch-interior.com\/de\/produkt\/cosplay-garderobe-naturfarben-3\/#primaryimage\",\"url\":\"https:\/\/hubsch-interior.com\/wp-content\/uploads\/2026\/02\/cosplay-coatrack-l40-cm-natural-fc328df7884aa10916e02be17798127a.jpg\",\"contentUrl\":\"https:\/\/hubsch-interior.com\/wp-content\/uploads\/2026\/02\/cosplay-coatrack-l40-cm-natural-fc328df7884aa10916e02be17798127a.jpg\",\"width\":1024,\"height\":1024},{\"@type\":\"BreadcrumbList\",\"@id\":\"https:\/\/hubsch-interior.com\/de\/produkt\/cosplay-garderobe-naturfarben-3\/#breadcrumb\",\"itemListElement\":[{\"@type\":\"ListItem\",\"position\":1,\"name\":\"Startseite\",\"item\":\"https:\/\/hubsch-interior.com\/de\/\"},{\"@type\":\"ListItem\",\"position\":2,\"name\":\"Produkte\",\"item\":\"https:\/\/hubsch-interior.com\/de\/shop-2\/\"},{\"@type\":\"ListItem\",\"position\":3,\"name\":\"Wohnaccessoires\",\"item\":\"https:\/\/hubsch-interior.com\/de\/produkt-kategorie\/wohnaccessoires\/\"},{\"@type\":\"ListItem\",\"position\":4,\"name\":\"Haken und Hakenleisten\",\"item\":\"https:\/\/hubsch-interior.com\/de\/produkt-kategorie\/wohnaccessoires\/haken-und-hakenleisten-de\/\"},{\"@type\":\"ListItem\",\"position\":5,\"name\":\"Hakenleisten\",\"item\":\"https:\/\/hubsch-interior.com\/de\/produkt-kategorie\/wohnaccessoires\/haken-und-hakenleisten-de\/hakenleisten-de\/\"},{\"@type\":\"ListItem\",\"position\":6,\"name\":\"Cosplay Garderobe Naturfarben\"}]},{\"@type\":\"WebSite\",\"@id\":\"https:\/\/hubsch-interior.com\/de\/#website\",\"url\":\"https:\/\/hubsch-interior.com\/de\/\",\"name\":\"H\u00fcbsch\",\"description\":\"Danish Home Interior and Design\",\"publisher\":{\"@id\":\"https:\/\/hubsch-interior.com\/de\/#organization\"},\"potentialAction\":[{\"@type\":\"SearchAction\",\"target\":{\"@type\":\"EntryPoint\",\"urlTemplate\":\"https:\/\/hubsch-interior.com\/de\/?s={search_term_string}\"},\"query-input\":{\"@type\":\"PropertyValueSpecification\",\"valueRequired\":true,\"valueName\":\"search_term_string\"}}],\"inLanguage\":\"de\"},{\"@type\":\"Organization\",\"@id\":\"https:\/\/hubsch-interior.com\/de\/#organization\",\"name\":\"H\u00fcbsch\",\"url\":\"https:\/\/hubsch-interior.com\/de\/\",\"logo\":{\"@type\":\"ImageObject\",\"inLanguage\":\"de\",\"@id\":\"https:\/\/hubsch-interior.com\/de\/#\/schema\/logo\/image\/\",\"url\":\"https:\/\/hubsch-interior.com\/wp-content\/uploads\/2022\/12\/Hubsch_logo_black_one_line.svg\",\"contentUrl\":\"https:\/\/hubsch-interior.com\/wp-content\/uploads\/2022\/12\/Hubsch_logo_black_one_line.svg\",\"caption\":\"H\u00fcbsch\"},\"image\":{\"@id\":\"https:\/\/hubsch-interior.com\/de\/#\/schema\/logo\/image\/\"}}]}<\/script>\n<!-- \/ Yoast SEO plugin. -->","yoast_head_json":{"title":"Cosplay Garderobe Naturfarben - H\u00fcbsch","description":"Wir pr\u00e4sentieren die Cosplay Garderobe, ein beeindruckendes M\u00f6belst\u00fcck, das speziell f\u00fcr Ihre Flur-Essentials entworfen wurde. Gefertigt aus feinstem","robots":{"index":"index","follow":"follow","max-snippet":"max-snippet:-1","max-image-preview":"max-image-preview:large","max-video-preview":"max-video-preview:-1"},"canonical":"https:\/\/hubsch-interior.com\/de\/wp-json\/wp\/v2\/product\/1008907","og_locale":"de_DE","og_type":"article","og_title":"Cosplay Garderobe Naturfarben - H\u00fcbsch","og_description":"Wir pr\u00e4sentieren die Cosplay Garderobe, ein beeindruckendes M\u00f6belst\u00fcck, das speziell f\u00fcr Ihre Flur-Essentials entworfen wurde. Gefertigt aus feinstem","og_url":"https:\/\/hubsch-interior.com\/de\/produkt\/cosplay-garderobe-naturfarben-3\/","og_site_name":"H\u00fcbsch","article_modified_time":"2026-04-09T02:53:38+00:00","og_image":[{"width":1024,"height":1024,"url":"https:\/\/hubsch-interior.com\/wp-content\/uploads\/2026\/02\/cosplay-coatrack-l40-cm-natural-fc328df7884aa10916e02be17798127a.jpg","type":"image\/jpeg"}],"twitter_card":"summary_large_image","schema":{"@context":"https:\/\/schema.org","@graph":[{"@type":"WebPage","@id":"https:\/\/hubsch-interior.com\/de\/produkt\/cosplay-garderobe-naturfarben-3\/","url":"https:\/\/hubsch-interior.com\/de\/produkt\/cosplay-garderobe-naturfarben-3\/","name":"Cosplay Garderobe Naturfarben - H\u00fcbsch","isPartOf":{"@id":"https:\/\/hubsch-interior.com\/de\/#website"},"primaryImageOfPage":{"@id":"https:\/\/hubsch-interior.com\/de\/produkt\/cosplay-garderobe-naturfarben-3\/#primaryimage"},"image":{"@id":"https:\/\/hubsch-interior.com\/de\/produkt\/cosplay-garderobe-naturfarben-3\/#primaryimage"},"thumbnailUrl":"https:\/\/hubsch-interior.com\/wp-content\/uploads\/2026\/02\/cosplay-coatrack-l40-cm-natural-fc328df7884aa10916e02be17798127a.jpg","datePublished":"2025-01-24T08:33:51+00:00","dateModified":"2026-04-09T02:53:38+00:00","description":"Wir pr\u00e4sentieren die Cosplay Garderobe, ein beeindruckendes M\u00f6belst\u00fcck, das speziell f\u00fcr Ihre Flur-Essentials entworfen wurde. Gefertigt aus feinstem","breadcrumb":{"@id":"https:\/\/hubsch-interior.com\/de\/produkt\/cosplay-garderobe-naturfarben-3\/#breadcrumb"},"inLanguage":"de","potentialAction":[{"@type":"ReadAction","target":["https:\/\/hubsch-interior.com\/de\/produkt\/cosplay-garderobe-naturfarben-3\/"]}]},{"@type":"ImageObject","inLanguage":"de","@id":"https:\/\/hubsch-interior.com\/de\/produkt\/cosplay-garderobe-naturfarben-3\/#primaryimage","url":"https:\/\/hubsch-interior.com\/wp-content\/uploads\/2026\/02\/cosplay-coatrack-l40-cm-natural-fc328df7884aa10916e02be17798127a.jpg","contentUrl":"https:\/\/hubsch-interior.com\/wp-content\/uploads\/2026\/02\/cosplay-coatrack-l40-cm-natural-fc328df7884aa10916e02be17798127a.jpg","width":1024,"height":1024},{"@type":"BreadcrumbList","@id":"https:\/\/hubsch-interior.com\/de\/produkt\/cosplay-garderobe-naturfarben-3\/#breadcrumb","itemListElement":[{"@type":"ListItem","position":1,"name":"Startseite","item":"https:\/\/hubsch-interior.com\/de\/"},{"@type":"ListItem","position":2,"name":"Produkte","item":"https:\/\/hubsch-interior.com\/de\/shop-2\/"},{"@type":"ListItem","position":3,"name":"Wohnaccessoires","item":"https:\/\/hubsch-interior.com\/de\/produkt-kategorie\/wohnaccessoires\/"},{"@type":"ListItem","position":4,"name":"Haken und Hakenleisten","item":"https:\/\/hubsch-interior.com\/de\/produkt-kategorie\/wohnaccessoires\/haken-und-hakenleisten-de\/"},{"@type":"ListItem","position":5,"name":"Hakenleisten","item":"https:\/\/hubsch-interior.com\/de\/produkt-kategorie\/wohnaccessoires\/haken-und-hakenleisten-de\/hakenleisten-de\/"},{"@type":"ListItem","position":6,"name":"Cosplay Garderobe Naturfarben"}]},{"@type":"WebSite","@id":"https:\/\/hubsch-interior.com\/de\/#website","url":"https:\/\/hubsch-interior.com\/de\/","name":"H\u00fcbsch","description":"Danish Home Interior and Design","publisher":{"@id":"https:\/\/hubsch-interior.com\/de\/#organization"},"potentialAction":[{"@type":"SearchAction","target":{"@type":"EntryPoint","urlTemplate":"https:\/\/hubsch-interior.com\/de\/?s={search_term_string}"},"query-input":{"@type":"PropertyValueSpecification","valueRequired":true,"valueName":"search_term_string"}}],"inLanguage":"de"},{"@type":"Organization","@id":"https:\/\/hubsch-interior.com\/de\/#organization","name":"H\u00fcbsch","url":"https:\/\/hubsch-interior.com\/de\/","logo":{"@type":"ImageObject","inLanguage":"de","@id":"https:\/\/hubsch-interior.com\/de\/#\/schema\/logo\/image\/","url":"https:\/\/hubsch-interior.com\/wp-content\/uploads\/2022\/12\/Hubsch_logo_black_one_line.svg","contentUrl":"https:\/\/hubsch-interior.com\/wp-content\/uploads\/2022\/12\/Hubsch_logo_black_one_line.svg","caption":"H\u00fcbsch"},"image":{"@id":"https:\/\/hubsch-interior.com\/de\/#\/schema\/logo\/image\/"}}]}},"_links":{"self":[{"href":"https:\/\/hubsch-interior.com\/de\/wp-json\/wp\/v2\/product\/1008907","targetHints":{"allow":["GET"]}}],"collection":[{"href":"https:\/\/hubsch-interior.com\/de\/wp-json\/wp\/v2\/product"}],"about":[{"href":"https:\/\/hubsch-interior.com\/de\/wp-json\/wp\/v2\/types\/product"}],"wp:featuredmedia":[{"embeddable":true,"href":"https:\/\/hubsch-interior.com\/de\/wp-json\/wp\/v2\/media\/1104145"}],"wp:attachment":[{"href":"https:\/\/hubsch-interior.com\/de\/wp-json\/wp\/v2\/media?parent=1008907"}],"wp:term":[{"taxonomy":"product_brand","embeddable":true,"href":"https:\/\/hubsch-interior.com\/de\/wp-json\/wp\/v2\/product_brand?post=1008907"},{"taxonomy":"product_cat","embeddable":true,"href":"https:\/\/hubsch-interior.com\/de\/wp-json\/wp\/v2\/product_cat?post=1008907"},{"taxonomy":"product_tag","embeddable":true,"href":"https:\/\/hubsch-interior.com\/de\/wp-json\/wp\/v2\/product_tag?post=1008907"}],"curies":[{"name":"wp","href":"https:\/\/api.w.org\/{rel}","templated":true}]}}