{"id":1008927,"date":"2025-01-24T09:34:15","date_gmt":"2025-01-24T08:34:15","guid":{"rendered":"https:\/\/hubsch-interior.com\/product\/product\/"},"modified":"2026-04-09T04:53:43","modified_gmt":"2026-04-09T02:53:43","slug":"poetic-display-box-large-naturfarben","status":"publish","type":"product","link":"https:\/\/hubsch-interior.com\/de\/produkt\/poetic-display-box-large-naturfarben\/","title":{"rendered":"Poetic Display Box Large Naturfarben"},"content":{"rendered":"<p>Wir pr\u00e4sentieren den Poetic Deko-glaskasten \u2013 Ihr neuer Lieblingsort f\u00fcr gesch\u00e4tzte Erinnerungsst\u00fccke. Diese bezaubernde Box verf\u00fcgt \u00fcber ein herausnehmbares Glasregal, sodass Sie Ihre Ausstellung individuell gestalten oder gr\u00f6\u00dfere Sch\u00e4tze unterbringen k\u00f6nnen. Stellen Sie Ihre geliebten Sch\u00e4tze zur Schau und schaffen Sie ein sch\u00f6nes Ambiente in jedem Raum. Sein klares Glas rahmt Ihre sentimentalen Gegenst\u00e4nde perfekt ein und verwandelt sie in Kunstwerke. Wie heimelig-poetisch, nicht wahr? Eine reizvolle Erg\u00e4nzung f\u00fcr jeden Raum, der sich nach einer pers\u00f6nlichen poetischen Note sehnt.<\/p>\n","protected":false},"excerpt":{"rendered":"<p>Wir pr\u00e4sentieren den Poetic Deko-glaskasten \u2013 Ihr neuer Lieblingsort f\u00fcr gesch\u00e4tzte Erinnerungsst\u00fccke. Diese bezaubernde Box verf\u00fcgt \u00fcber ein herausnehmbares Glasregal, sodass Sie Ihre Ausstellung individuell gestalten oder gr\u00f6\u00dfere Sch\u00e4tze unterbringen k\u00f6nnen. Stellen Sie Ihre geliebten Sch\u00e4tze zur Schau und schaffen Sie ein sch\u00f6nes Ambiente in jedem Raum. Sein klares Glas rahmt Ihre sentimentalen Gegenst\u00e4nde perfekt [&hellip;]<\/p>\n","protected":false},"featured_media":1104153,"template":"","meta":{"_acf_changed":false,"inline_featured_image":false},"product_brand":[],"product_cat":[6998,6323,4003,4004,3111,5027,5031],"product_tag":[],"class_list":{"0":"post-1008927","1":"product","2":"type-product","3":"status-publish","4":"has-post-thumbnail","6":"product_cat-the-buzz-de","7":"product_cat-fsc-de","8":"product_cat-regale-aufbewahrung-de","9":"product_cat-vitrinen-de","10":"product_cat-aufbewahrung-de","11":"product_cat-bestsellers-de","12":"product_cat-wieder-auf-lager-de","13":"product_shipping_class-pk","15":"pa_color-naturfarben-2","16":"pa_material-glas-de","17":"pa_material-mdf-de","18":"pa_material-eichenfurnier","19":"pa_material-eichenholz","21":"first","22":"outofstock","23":"featured","24":"taxable","25":"shipping-taxable","26":"purchasable","27":"product-type-simple"},"exclude_global_add_ons":[],"addons":[],"acf":[],"yoast_head":"<!-- This site is optimized with the Yoast SEO plugin v26.4 - https:\/\/yoast.com\/wordpress\/plugins\/seo\/ -->\n<title>Poetic Display Box Large Naturfarben - H\u00fcbsch<\/title>\n<meta name=\"description\" content=\"Wir pr\u00e4sentieren den Poetic Deko-glaskasten \u2013 Ihr neuer Lieblingsort f\u00fcr gesch\u00e4tzte Erinnerungsst\u00fccke. Diese bezaubernde Box verf\u00fcgt \u00fcber ein\" \/>\n<meta name=\"robots\" content=\"index, follow, max-snippet:-1, max-image-preview:large, max-video-preview:-1\" \/>\n<link rel=\"canonical\" href=\"https:\/\/hubsch-interior.com\/de\/wp-json\/wp\/v2\/product\/1008927\" \/>\n<meta property=\"og:locale\" content=\"de_DE\" \/>\n<meta property=\"og:type\" content=\"article\" \/>\n<meta property=\"og:title\" content=\"Poetic Display Box Large Naturfarben - H\u00fcbsch\" \/>\n<meta property=\"og:description\" content=\"Wir pr\u00e4sentieren den Poetic Deko-glaskasten \u2013 Ihr neuer Lieblingsort f\u00fcr gesch\u00e4tzte Erinnerungsst\u00fccke. Diese bezaubernde Box verf\u00fcgt \u00fcber ein\" \/>\n<meta property=\"og:url\" content=\"https:\/\/hubsch-interior.com\/de\/produkt\/poetic-display-box-large-naturfarben\/\" \/>\n<meta property=\"og:site_name\" content=\"H\u00fcbsch\" \/>\n<meta property=\"article:modified_time\" content=\"2026-04-09T02:53:43+00:00\" \/>\n<meta property=\"og:image\" content=\"https:\/\/hubsch-interior.com\/wp-content\/uploads\/2025\/04\/poetic-display-box-large-natural-0e0b08f948c7cbf6ac87ce7a4dd45201.jpg\" \/>\n\t<meta property=\"og:image:width\" content=\"1200\" \/>\n\t<meta property=\"og:image:height\" content=\"1200\" \/>\n\t<meta property=\"og:image:type\" content=\"image\/jpeg\" \/>\n<meta name=\"twitter:card\" content=\"summary_large_image\" \/>\n<script type=\"application\/ld+json\" class=\"yoast-schema-graph\">{\"@context\":\"https:\/\/schema.org\",\"@graph\":[{\"@type\":\"WebPage\",\"@id\":\"https:\/\/hubsch-interior.com\/de\/produkt\/poetic-display-box-large-naturfarben\/\",\"url\":\"https:\/\/hubsch-interior.com\/de\/produkt\/poetic-display-box-large-naturfarben\/\",\"name\":\"Poetic Display Box Large Naturfarben - H\u00fcbsch\",\"isPartOf\":{\"@id\":\"https:\/\/hubsch-interior.com\/de\/#website\"},\"primaryImageOfPage\":{\"@id\":\"https:\/\/hubsch-interior.com\/de\/produkt\/poetic-display-box-large-naturfarben\/#primaryimage\"},\"image\":{\"@id\":\"https:\/\/hubsch-interior.com\/de\/produkt\/poetic-display-box-large-naturfarben\/#primaryimage\"},\"thumbnailUrl\":\"https:\/\/hubsch-interior.com\/wp-content\/uploads\/2026\/02\/poetic-display-box-large-natural-3583d7c02bceab1000c9162caab0a54f.jpg\",\"datePublished\":\"2025-01-24T08:34:15+00:00\",\"dateModified\":\"2026-04-09T02:53:43+00:00\",\"description\":\"Wir pr\u00e4sentieren den Poetic Deko-glaskasten \u2013 Ihr neuer Lieblingsort f\u00fcr gesch\u00e4tzte Erinnerungsst\u00fccke. Diese bezaubernde Box verf\u00fcgt \u00fcber ein\",\"breadcrumb\":{\"@id\":\"https:\/\/hubsch-interior.com\/de\/produkt\/poetic-display-box-large-naturfarben\/#breadcrumb\"},\"inLanguage\":\"de\",\"potentialAction\":[{\"@type\":\"ReadAction\",\"target\":[\"https:\/\/hubsch-interior.com\/de\/produkt\/poetic-display-box-large-naturfarben\/\"]}]},{\"@type\":\"ImageObject\",\"inLanguage\":\"de\",\"@id\":\"https:\/\/hubsch-interior.com\/de\/produkt\/poetic-display-box-large-naturfarben\/#primaryimage\",\"url\":\"https:\/\/hubsch-interior.com\/wp-content\/uploads\/2026\/02\/poetic-display-box-large-natural-3583d7c02bceab1000c9162caab0a54f.jpg\",\"contentUrl\":\"https:\/\/hubsch-interior.com\/wp-content\/uploads\/2026\/02\/poetic-display-box-large-natural-3583d7c02bceab1000c9162caab0a54f.jpg\",\"width\":1024,\"height\":1024},{\"@type\":\"BreadcrumbList\",\"@id\":\"https:\/\/hubsch-interior.com\/de\/produkt\/poetic-display-box-large-naturfarben\/#breadcrumb\",\"itemListElement\":[{\"@type\":\"ListItem\",\"position\":1,\"name\":\"Startseite\",\"item\":\"https:\/\/hubsch-interior.com\/de\/\"},{\"@type\":\"ListItem\",\"position\":2,\"name\":\"Produkte\",\"item\":\"https:\/\/hubsch-interior.com\/de\/shop-2\/\"},{\"@type\":\"ListItem\",\"position\":3,\"name\":\"M\u00f6bel\",\"item\":\"https:\/\/hubsch-interior.com\/de\/produkt-kategorie\/moebel\/\"},{\"@type\":\"ListItem\",\"position\":4,\"name\":\"Regale &amp; Aufbewahrung\",\"item\":\"https:\/\/hubsch-interior.com\/de\/produkt-kategorie\/moebel\/regale-aufbewahrung-de\/\"},{\"@type\":\"ListItem\",\"position\":5,\"name\":\"Vitrinen\",\"item\":\"https:\/\/hubsch-interior.com\/de\/produkt-kategorie\/moebel\/regale-aufbewahrung-de\/vitrinen-de\/\"},{\"@type\":\"ListItem\",\"position\":6,\"name\":\"Poetic Display Box Large Naturfarben\"}]},{\"@type\":\"WebSite\",\"@id\":\"https:\/\/hubsch-interior.com\/de\/#website\",\"url\":\"https:\/\/hubsch-interior.com\/de\/\",\"name\":\"H\u00fcbsch\",\"description\":\"Danish Home Interior and Design\",\"publisher\":{\"@id\":\"https:\/\/hubsch-interior.com\/de\/#organization\"},\"potentialAction\":[{\"@type\":\"SearchAction\",\"target\":{\"@type\":\"EntryPoint\",\"urlTemplate\":\"https:\/\/hubsch-interior.com\/de\/?s={search_term_string}\"},\"query-input\":{\"@type\":\"PropertyValueSpecification\",\"valueRequired\":true,\"valueName\":\"search_term_string\"}}],\"inLanguage\":\"de\"},{\"@type\":\"Organization\",\"@id\":\"https:\/\/hubsch-interior.com\/de\/#organization\",\"name\":\"H\u00fcbsch\",\"url\":\"https:\/\/hubsch-interior.com\/de\/\",\"logo\":{\"@type\":\"ImageObject\",\"inLanguage\":\"de\",\"@id\":\"https:\/\/hubsch-interior.com\/de\/#\/schema\/logo\/image\/\",\"url\":\"https:\/\/hubsch-interior.com\/wp-content\/uploads\/2022\/12\/Hubsch_logo_black_one_line.svg\",\"contentUrl\":\"https:\/\/hubsch-interior.com\/wp-content\/uploads\/2022\/12\/Hubsch_logo_black_one_line.svg\",\"caption\":\"H\u00fcbsch\"},\"image\":{\"@id\":\"https:\/\/hubsch-interior.com\/de\/#\/schema\/logo\/image\/\"}}]}<\/script>\n<!-- \/ Yoast SEO plugin. -->","yoast_head_json":{"title":"Poetic Display Box Large Naturfarben - H\u00fcbsch","description":"Wir pr\u00e4sentieren den Poetic Deko-glaskasten \u2013 Ihr neuer Lieblingsort f\u00fcr gesch\u00e4tzte Erinnerungsst\u00fccke. Diese bezaubernde Box verf\u00fcgt \u00fcber ein","robots":{"index":"index","follow":"follow","max-snippet":"max-snippet:-1","max-image-preview":"max-image-preview:large","max-video-preview":"max-video-preview:-1"},"canonical":"https:\/\/hubsch-interior.com\/de\/wp-json\/wp\/v2\/product\/1008927","og_locale":"de_DE","og_type":"article","og_title":"Poetic Display Box Large Naturfarben - H\u00fcbsch","og_description":"Wir pr\u00e4sentieren den Poetic Deko-glaskasten \u2013 Ihr neuer Lieblingsort f\u00fcr gesch\u00e4tzte Erinnerungsst\u00fccke. Diese bezaubernde Box verf\u00fcgt \u00fcber ein","og_url":"https:\/\/hubsch-interior.com\/de\/produkt\/poetic-display-box-large-naturfarben\/","og_site_name":"H\u00fcbsch","article_modified_time":"2026-04-09T02:53:43+00:00","og_image":[{"width":1200,"height":1200,"url":"https:\/\/hubsch-interior.com\/wp-content\/uploads\/2025\/04\/poetic-display-box-large-natural-0e0b08f948c7cbf6ac87ce7a4dd45201.jpg","type":"image\/jpeg"}],"twitter_card":"summary_large_image","schema":{"@context":"https:\/\/schema.org","@graph":[{"@type":"WebPage","@id":"https:\/\/hubsch-interior.com\/de\/produkt\/poetic-display-box-large-naturfarben\/","url":"https:\/\/hubsch-interior.com\/de\/produkt\/poetic-display-box-large-naturfarben\/","name":"Poetic Display Box Large Naturfarben - H\u00fcbsch","isPartOf":{"@id":"https:\/\/hubsch-interior.com\/de\/#website"},"primaryImageOfPage":{"@id":"https:\/\/hubsch-interior.com\/de\/produkt\/poetic-display-box-large-naturfarben\/#primaryimage"},"image":{"@id":"https:\/\/hubsch-interior.com\/de\/produkt\/poetic-display-box-large-naturfarben\/#primaryimage"},"thumbnailUrl":"https:\/\/hubsch-interior.com\/wp-content\/uploads\/2026\/02\/poetic-display-box-large-natural-3583d7c02bceab1000c9162caab0a54f.jpg","datePublished":"2025-01-24T08:34:15+00:00","dateModified":"2026-04-09T02:53:43+00:00","description":"Wir pr\u00e4sentieren den Poetic Deko-glaskasten \u2013 Ihr neuer Lieblingsort f\u00fcr gesch\u00e4tzte Erinnerungsst\u00fccke. Diese bezaubernde Box verf\u00fcgt \u00fcber ein","breadcrumb":{"@id":"https:\/\/hubsch-interior.com\/de\/produkt\/poetic-display-box-large-naturfarben\/#breadcrumb"},"inLanguage":"de","potentialAction":[{"@type":"ReadAction","target":["https:\/\/hubsch-interior.com\/de\/produkt\/poetic-display-box-large-naturfarben\/"]}]},{"@type":"ImageObject","inLanguage":"de","@id":"https:\/\/hubsch-interior.com\/de\/produkt\/poetic-display-box-large-naturfarben\/#primaryimage","url":"https:\/\/hubsch-interior.com\/wp-content\/uploads\/2026\/02\/poetic-display-box-large-natural-3583d7c02bceab1000c9162caab0a54f.jpg","contentUrl":"https:\/\/hubsch-interior.com\/wp-content\/uploads\/2026\/02\/poetic-display-box-large-natural-3583d7c02bceab1000c9162caab0a54f.jpg","width":1024,"height":1024},{"@type":"BreadcrumbList","@id":"https:\/\/hubsch-interior.com\/de\/produkt\/poetic-display-box-large-naturfarben\/#breadcrumb","itemListElement":[{"@type":"ListItem","position":1,"name":"Startseite","item":"https:\/\/hubsch-interior.com\/de\/"},{"@type":"ListItem","position":2,"name":"Produkte","item":"https:\/\/hubsch-interior.com\/de\/shop-2\/"},{"@type":"ListItem","position":3,"name":"M\u00f6bel","item":"https:\/\/hubsch-interior.com\/de\/produkt-kategorie\/moebel\/"},{"@type":"ListItem","position":4,"name":"Regale &amp; Aufbewahrung","item":"https:\/\/hubsch-interior.com\/de\/produkt-kategorie\/moebel\/regale-aufbewahrung-de\/"},{"@type":"ListItem","position":5,"name":"Vitrinen","item":"https:\/\/hubsch-interior.com\/de\/produkt-kategorie\/moebel\/regale-aufbewahrung-de\/vitrinen-de\/"},{"@type":"ListItem","position":6,"name":"Poetic Display Box Large Naturfarben"}]},{"@type":"WebSite","@id":"https:\/\/hubsch-interior.com\/de\/#website","url":"https:\/\/hubsch-interior.com\/de\/","name":"H\u00fcbsch","description":"Danish Home Interior and Design","publisher":{"@id":"https:\/\/hubsch-interior.com\/de\/#organization"},"potentialAction":[{"@type":"SearchAction","target":{"@type":"EntryPoint","urlTemplate":"https:\/\/hubsch-interior.com\/de\/?s={search_term_string}"},"query-input":{"@type":"PropertyValueSpecification","valueRequired":true,"valueName":"search_term_string"}}],"inLanguage":"de"},{"@type":"Organization","@id":"https:\/\/hubsch-interior.com\/de\/#organization","name":"H\u00fcbsch","url":"https:\/\/hubsch-interior.com\/de\/","logo":{"@type":"ImageObject","inLanguage":"de","@id":"https:\/\/hubsch-interior.com\/de\/#\/schema\/logo\/image\/","url":"https:\/\/hubsch-interior.com\/wp-content\/uploads\/2022\/12\/Hubsch_logo_black_one_line.svg","contentUrl":"https:\/\/hubsch-interior.com\/wp-content\/uploads\/2022\/12\/Hubsch_logo_black_one_line.svg","caption":"H\u00fcbsch"},"image":{"@id":"https:\/\/hubsch-interior.com\/de\/#\/schema\/logo\/image\/"}}]}},"_links":{"self":[{"href":"https:\/\/hubsch-interior.com\/de\/wp-json\/wp\/v2\/product\/1008927","targetHints":{"allow":["GET"]}}],"collection":[{"href":"https:\/\/hubsch-interior.com\/de\/wp-json\/wp\/v2\/product"}],"about":[{"href":"https:\/\/hubsch-interior.com\/de\/wp-json\/wp\/v2\/types\/product"}],"wp:featuredmedia":[{"embeddable":true,"href":"https:\/\/hubsch-interior.com\/de\/wp-json\/wp\/v2\/media\/1104153"}],"wp:attachment":[{"href":"https:\/\/hubsch-interior.com\/de\/wp-json\/wp\/v2\/media?parent=1008927"}],"wp:term":[{"taxonomy":"product_brand","embeddable":true,"href":"https:\/\/hubsch-interior.com\/de\/wp-json\/wp\/v2\/product_brand?post=1008927"},{"taxonomy":"product_cat","embeddable":true,"href":"https:\/\/hubsch-interior.com\/de\/wp-json\/wp\/v2\/product_cat?post=1008927"},{"taxonomy":"product_tag","embeddable":true,"href":"https:\/\/hubsch-interior.com\/de\/wp-json\/wp\/v2\/product_tag?post=1008927"}],"curies":[{"name":"wp","href":"https:\/\/api.w.org\/{rel}","templated":true}]}}