{"id":1008951,"date":"2025-01-24T09:34:48","date_gmt":"2025-01-24T08:34:48","guid":{"rendered":"https:\/\/hubsch-interior.com\/product\/product\/"},"modified":"2026-04-05T04:57:05","modified_gmt":"2026-04-05T02:57:05","slug":"poetic-display-box-small-naturfarben","status":"publish","type":"product","link":"https:\/\/hubsch-interior.com\/de\/produkt\/poetic-display-box-small-naturfarben\/","title":{"rendered":"Poetic Display Box Small Naturfarben"},"content":{"rendered":"<p>Entdecken Sie den Charme unserer Poetic Deko-Glaskaste, gefertigt mit einem beruhigenden, nat\u00fcrlichen Finish. Dieses elegante St\u00fcck verf\u00fcgt \u00fcber eine Oberseite aus Glas, die das Licht einl\u00e4dt, um Ihre gesch\u00e4tzten Gegenst\u00e4nde zu tanzen, sei es Schmuck, Accessoires oder andere geliebte Sch\u00e4tze. Das herausnehmbare Glasregal passt sich Ihren Ausstellungsbed\u00fcrfnissen an und macht es zu einer vielseitigen und pers\u00f6nlichen Vitrine f\u00fcr alles, was Ihnen am Herzen liegt. Es ist mehr als nur eine Box; es ist eine B\u00fchne f\u00fcr Ihre kostbarsten Geschichten.<\/p>\n","protected":false},"excerpt":{"rendered":"<p>Entdecken Sie den Charme unserer Poetic Deko-Glaskaste, gefertigt mit einem beruhigenden, nat\u00fcrlichen Finish. Dieses elegante St\u00fcck verf\u00fcgt \u00fcber eine Oberseite aus Glas, die das Licht einl\u00e4dt, um Ihre gesch\u00e4tzten Gegenst\u00e4nde zu tanzen, sei es Schmuck, Accessoires oder andere geliebte Sch\u00e4tze. Das herausnehmbare Glasregal passt sich Ihren Ausstellungsbed\u00fcrfnissen an und macht es zu einer vielseitigen und [&hellip;]<\/p>\n","protected":false},"featured_media":1104173,"template":"","meta":{"_acf_changed":false,"inline_featured_image":false},"product_brand":[],"product_cat":[6998,4003,4004,3111,5027],"product_tag":[],"class_list":{"0":"post-1008951","1":"product","2":"type-product","3":"status-publish","4":"has-post-thumbnail","6":"product_cat-the-buzz-de","7":"product_cat-regale-aufbewahrung-de","8":"product_cat-vitrinen-de","9":"product_cat-aufbewahrung-de","10":"product_cat-bestsellers-de","11":"product_shipping_class-pk","12":"pa_color-naturfarben-2","13":"pa_material-glas-de","14":"pa_material-mdf-de","15":"pa_material-eichenfurnier","16":"pa_material-eichenholz","18":"first","19":"outofstock","20":"featured","21":"taxable","22":"shipping-taxable","23":"purchasable","24":"product-type-simple"},"exclude_global_add_ons":[],"addons":[],"acf":[],"yoast_head":"<!-- This site is optimized with the Yoast SEO plugin v26.4 - https:\/\/yoast.com\/wordpress\/plugins\/seo\/ -->\n<title>Poetic Display Box Small Naturfarben - H\u00fcbsch<\/title>\n<meta name=\"description\" content=\"Entdecken Sie den Charme unserer Poetic Deko-Glaskaste, gefertigt mit einem beruhigenden, nat\u00fcrlichen Finish. Dieses elegante St\u00fcck verf\u00fcgt \u00fcber eine\" \/>\n<meta name=\"robots\" content=\"index, follow, max-snippet:-1, max-image-preview:large, max-video-preview:-1\" \/>\n<link rel=\"canonical\" href=\"https:\/\/hubsch-interior.com\/de\/wp-json\/wp\/v2\/product\/1008951\" \/>\n<meta property=\"og:locale\" content=\"de_DE\" \/>\n<meta property=\"og:type\" content=\"article\" \/>\n<meta property=\"og:title\" content=\"Poetic Display Box Small Naturfarben - H\u00fcbsch\" \/>\n<meta property=\"og:description\" content=\"Entdecken Sie den Charme unserer Poetic Deko-Glaskaste, gefertigt mit einem beruhigenden, nat\u00fcrlichen Finish. Dieses elegante St\u00fcck verf\u00fcgt \u00fcber eine\" \/>\n<meta property=\"og:url\" content=\"https:\/\/hubsch-interior.com\/de\/produkt\/poetic-display-box-small-naturfarben\/\" \/>\n<meta property=\"og:site_name\" content=\"H\u00fcbsch\" \/>\n<meta property=\"article:modified_time\" content=\"2026-04-05T02:57:05+00:00\" \/>\n<meta property=\"og:image\" content=\"https:\/\/hubsch-interior.com\/wp-content\/uploads\/2025\/04\/poetic-display-box-small-natural-1ca46e1fba089deb0f95f5e4c95768ed.jpg\" \/>\n\t<meta property=\"og:image:width\" content=\"1200\" \/>\n\t<meta property=\"og:image:height\" content=\"1200\" \/>\n\t<meta property=\"og:image:type\" content=\"image\/jpeg\" \/>\n<meta name=\"twitter:card\" content=\"summary_large_image\" \/>\n<script type=\"application\/ld+json\" class=\"yoast-schema-graph\">{\"@context\":\"https:\/\/schema.org\",\"@graph\":[{\"@type\":\"WebPage\",\"@id\":\"https:\/\/hubsch-interior.com\/de\/produkt\/poetic-display-box-small-naturfarben\/\",\"url\":\"https:\/\/hubsch-interior.com\/de\/produkt\/poetic-display-box-small-naturfarben\/\",\"name\":\"Poetic Display Box Small Naturfarben - H\u00fcbsch\",\"isPartOf\":{\"@id\":\"https:\/\/hubsch-interior.com\/de\/#website\"},\"primaryImageOfPage\":{\"@id\":\"https:\/\/hubsch-interior.com\/de\/produkt\/poetic-display-box-small-naturfarben\/#primaryimage\"},\"image\":{\"@id\":\"https:\/\/hubsch-interior.com\/de\/produkt\/poetic-display-box-small-naturfarben\/#primaryimage\"},\"thumbnailUrl\":\"https:\/\/hubsch-interior.com\/wp-content\/uploads\/2026\/02\/poetic-display-box-small-natural-ba60e669110c83bb74e0438b660cbd7b.jpg\",\"datePublished\":\"2025-01-24T08:34:48+00:00\",\"dateModified\":\"2026-04-05T02:57:05+00:00\",\"description\":\"Entdecken Sie den Charme unserer Poetic Deko-Glaskaste, gefertigt mit einem beruhigenden, nat\u00fcrlichen Finish. Dieses elegante St\u00fcck verf\u00fcgt \u00fcber eine\",\"breadcrumb\":{\"@id\":\"https:\/\/hubsch-interior.com\/de\/produkt\/poetic-display-box-small-naturfarben\/#breadcrumb\"},\"inLanguage\":\"de\",\"potentialAction\":[{\"@type\":\"ReadAction\",\"target\":[\"https:\/\/hubsch-interior.com\/de\/produkt\/poetic-display-box-small-naturfarben\/\"]}]},{\"@type\":\"ImageObject\",\"inLanguage\":\"de\",\"@id\":\"https:\/\/hubsch-interior.com\/de\/produkt\/poetic-display-box-small-naturfarben\/#primaryimage\",\"url\":\"https:\/\/hubsch-interior.com\/wp-content\/uploads\/2026\/02\/poetic-display-box-small-natural-ba60e669110c83bb74e0438b660cbd7b.jpg\",\"contentUrl\":\"https:\/\/hubsch-interior.com\/wp-content\/uploads\/2026\/02\/poetic-display-box-small-natural-ba60e669110c83bb74e0438b660cbd7b.jpg\",\"width\":1024,\"height\":1024},{\"@type\":\"BreadcrumbList\",\"@id\":\"https:\/\/hubsch-interior.com\/de\/produkt\/poetic-display-box-small-naturfarben\/#breadcrumb\",\"itemListElement\":[{\"@type\":\"ListItem\",\"position\":1,\"name\":\"Startseite\",\"item\":\"https:\/\/hubsch-interior.com\/de\/\"},{\"@type\":\"ListItem\",\"position\":2,\"name\":\"Produkte\",\"item\":\"https:\/\/hubsch-interior.com\/de\/shop-2\/\"},{\"@type\":\"ListItem\",\"position\":3,\"name\":\"M\u00f6bel\",\"item\":\"https:\/\/hubsch-interior.com\/de\/produkt-kategorie\/moebel\/\"},{\"@type\":\"ListItem\",\"position\":4,\"name\":\"Regale &amp; Aufbewahrung\",\"item\":\"https:\/\/hubsch-interior.com\/de\/produkt-kategorie\/moebel\/regale-aufbewahrung-de\/\"},{\"@type\":\"ListItem\",\"position\":5,\"name\":\"Vitrinen\",\"item\":\"https:\/\/hubsch-interior.com\/de\/produkt-kategorie\/moebel\/regale-aufbewahrung-de\/vitrinen-de\/\"},{\"@type\":\"ListItem\",\"position\":6,\"name\":\"Poetic Display Box Small Naturfarben\"}]},{\"@type\":\"WebSite\",\"@id\":\"https:\/\/hubsch-interior.com\/de\/#website\",\"url\":\"https:\/\/hubsch-interior.com\/de\/\",\"name\":\"H\u00fcbsch\",\"description\":\"Danish Home Interior and Design\",\"publisher\":{\"@id\":\"https:\/\/hubsch-interior.com\/de\/#organization\"},\"potentialAction\":[{\"@type\":\"SearchAction\",\"target\":{\"@type\":\"EntryPoint\",\"urlTemplate\":\"https:\/\/hubsch-interior.com\/de\/?s={search_term_string}\"},\"query-input\":{\"@type\":\"PropertyValueSpecification\",\"valueRequired\":true,\"valueName\":\"search_term_string\"}}],\"inLanguage\":\"de\"},{\"@type\":\"Organization\",\"@id\":\"https:\/\/hubsch-interior.com\/de\/#organization\",\"name\":\"H\u00fcbsch\",\"url\":\"https:\/\/hubsch-interior.com\/de\/\",\"logo\":{\"@type\":\"ImageObject\",\"inLanguage\":\"de\",\"@id\":\"https:\/\/hubsch-interior.com\/de\/#\/schema\/logo\/image\/\",\"url\":\"https:\/\/hubsch-interior.com\/wp-content\/uploads\/2022\/12\/Hubsch_logo_black_one_line.svg\",\"contentUrl\":\"https:\/\/hubsch-interior.com\/wp-content\/uploads\/2022\/12\/Hubsch_logo_black_one_line.svg\",\"caption\":\"H\u00fcbsch\"},\"image\":{\"@id\":\"https:\/\/hubsch-interior.com\/de\/#\/schema\/logo\/image\/\"}}]}<\/script>\n<!-- \/ Yoast SEO plugin. -->","yoast_head_json":{"title":"Poetic Display Box Small Naturfarben - H\u00fcbsch","description":"Entdecken Sie den Charme unserer Poetic Deko-Glaskaste, gefertigt mit einem beruhigenden, nat\u00fcrlichen Finish. Dieses elegante St\u00fcck verf\u00fcgt \u00fcber eine","robots":{"index":"index","follow":"follow","max-snippet":"max-snippet:-1","max-image-preview":"max-image-preview:large","max-video-preview":"max-video-preview:-1"},"canonical":"https:\/\/hubsch-interior.com\/de\/wp-json\/wp\/v2\/product\/1008951","og_locale":"de_DE","og_type":"article","og_title":"Poetic Display Box Small Naturfarben - H\u00fcbsch","og_description":"Entdecken Sie den Charme unserer Poetic Deko-Glaskaste, gefertigt mit einem beruhigenden, nat\u00fcrlichen Finish. Dieses elegante St\u00fcck verf\u00fcgt \u00fcber eine","og_url":"https:\/\/hubsch-interior.com\/de\/produkt\/poetic-display-box-small-naturfarben\/","og_site_name":"H\u00fcbsch","article_modified_time":"2026-04-05T02:57:05+00:00","og_image":[{"width":1200,"height":1200,"url":"https:\/\/hubsch-interior.com\/wp-content\/uploads\/2025\/04\/poetic-display-box-small-natural-1ca46e1fba089deb0f95f5e4c95768ed.jpg","type":"image\/jpeg"}],"twitter_card":"summary_large_image","schema":{"@context":"https:\/\/schema.org","@graph":[{"@type":"WebPage","@id":"https:\/\/hubsch-interior.com\/de\/produkt\/poetic-display-box-small-naturfarben\/","url":"https:\/\/hubsch-interior.com\/de\/produkt\/poetic-display-box-small-naturfarben\/","name":"Poetic Display Box Small Naturfarben - H\u00fcbsch","isPartOf":{"@id":"https:\/\/hubsch-interior.com\/de\/#website"},"primaryImageOfPage":{"@id":"https:\/\/hubsch-interior.com\/de\/produkt\/poetic-display-box-small-naturfarben\/#primaryimage"},"image":{"@id":"https:\/\/hubsch-interior.com\/de\/produkt\/poetic-display-box-small-naturfarben\/#primaryimage"},"thumbnailUrl":"https:\/\/hubsch-interior.com\/wp-content\/uploads\/2026\/02\/poetic-display-box-small-natural-ba60e669110c83bb74e0438b660cbd7b.jpg","datePublished":"2025-01-24T08:34:48+00:00","dateModified":"2026-04-05T02:57:05+00:00","description":"Entdecken Sie den Charme unserer Poetic Deko-Glaskaste, gefertigt mit einem beruhigenden, nat\u00fcrlichen Finish. Dieses elegante St\u00fcck verf\u00fcgt \u00fcber eine","breadcrumb":{"@id":"https:\/\/hubsch-interior.com\/de\/produkt\/poetic-display-box-small-naturfarben\/#breadcrumb"},"inLanguage":"de","potentialAction":[{"@type":"ReadAction","target":["https:\/\/hubsch-interior.com\/de\/produkt\/poetic-display-box-small-naturfarben\/"]}]},{"@type":"ImageObject","inLanguage":"de","@id":"https:\/\/hubsch-interior.com\/de\/produkt\/poetic-display-box-small-naturfarben\/#primaryimage","url":"https:\/\/hubsch-interior.com\/wp-content\/uploads\/2026\/02\/poetic-display-box-small-natural-ba60e669110c83bb74e0438b660cbd7b.jpg","contentUrl":"https:\/\/hubsch-interior.com\/wp-content\/uploads\/2026\/02\/poetic-display-box-small-natural-ba60e669110c83bb74e0438b660cbd7b.jpg","width":1024,"height":1024},{"@type":"BreadcrumbList","@id":"https:\/\/hubsch-interior.com\/de\/produkt\/poetic-display-box-small-naturfarben\/#breadcrumb","itemListElement":[{"@type":"ListItem","position":1,"name":"Startseite","item":"https:\/\/hubsch-interior.com\/de\/"},{"@type":"ListItem","position":2,"name":"Produkte","item":"https:\/\/hubsch-interior.com\/de\/shop-2\/"},{"@type":"ListItem","position":3,"name":"M\u00f6bel","item":"https:\/\/hubsch-interior.com\/de\/produkt-kategorie\/moebel\/"},{"@type":"ListItem","position":4,"name":"Regale &amp; Aufbewahrung","item":"https:\/\/hubsch-interior.com\/de\/produkt-kategorie\/moebel\/regale-aufbewahrung-de\/"},{"@type":"ListItem","position":5,"name":"Vitrinen","item":"https:\/\/hubsch-interior.com\/de\/produkt-kategorie\/moebel\/regale-aufbewahrung-de\/vitrinen-de\/"},{"@type":"ListItem","position":6,"name":"Poetic Display Box Small Naturfarben"}]},{"@type":"WebSite","@id":"https:\/\/hubsch-interior.com\/de\/#website","url":"https:\/\/hubsch-interior.com\/de\/","name":"H\u00fcbsch","description":"Danish Home Interior and Design","publisher":{"@id":"https:\/\/hubsch-interior.com\/de\/#organization"},"potentialAction":[{"@type":"SearchAction","target":{"@type":"EntryPoint","urlTemplate":"https:\/\/hubsch-interior.com\/de\/?s={search_term_string}"},"query-input":{"@type":"PropertyValueSpecification","valueRequired":true,"valueName":"search_term_string"}}],"inLanguage":"de"},{"@type":"Organization","@id":"https:\/\/hubsch-interior.com\/de\/#organization","name":"H\u00fcbsch","url":"https:\/\/hubsch-interior.com\/de\/","logo":{"@type":"ImageObject","inLanguage":"de","@id":"https:\/\/hubsch-interior.com\/de\/#\/schema\/logo\/image\/","url":"https:\/\/hubsch-interior.com\/wp-content\/uploads\/2022\/12\/Hubsch_logo_black_one_line.svg","contentUrl":"https:\/\/hubsch-interior.com\/wp-content\/uploads\/2022\/12\/Hubsch_logo_black_one_line.svg","caption":"H\u00fcbsch"},"image":{"@id":"https:\/\/hubsch-interior.com\/de\/#\/schema\/logo\/image\/"}}]}},"_links":{"self":[{"href":"https:\/\/hubsch-interior.com\/de\/wp-json\/wp\/v2\/product\/1008951","targetHints":{"allow":["GET"]}}],"collection":[{"href":"https:\/\/hubsch-interior.com\/de\/wp-json\/wp\/v2\/product"}],"about":[{"href":"https:\/\/hubsch-interior.com\/de\/wp-json\/wp\/v2\/types\/product"}],"wp:featuredmedia":[{"embeddable":true,"href":"https:\/\/hubsch-interior.com\/de\/wp-json\/wp\/v2\/media\/1104173"}],"wp:attachment":[{"href":"https:\/\/hubsch-interior.com\/de\/wp-json\/wp\/v2\/media?parent=1008951"}],"wp:term":[{"taxonomy":"product_brand","embeddable":true,"href":"https:\/\/hubsch-interior.com\/de\/wp-json\/wp\/v2\/product_brand?post=1008951"},{"taxonomy":"product_cat","embeddable":true,"href":"https:\/\/hubsch-interior.com\/de\/wp-json\/wp\/v2\/product_cat?post=1008951"},{"taxonomy":"product_tag","embeddable":true,"href":"https:\/\/hubsch-interior.com\/de\/wp-json\/wp\/v2\/product_tag?post=1008951"}],"curies":[{"name":"wp","href":"https:\/\/api.w.org\/{rel}","templated":true}]}}