{"id":1008975,"date":"2025-01-24T09:35:23","date_gmt":"2025-01-24T08:35:23","guid":{"rendered":"https:\/\/hubsch-interior.com\/product\/product\/"},"modified":"2026-04-05T04:57:10","modified_gmt":"2026-04-05T02:57:10","slug":"poetic-display-box-floor-naturfarben","status":"publish","type":"product","link":"https:\/\/hubsch-interior.com\/de\/produkt\/poetic-display-box-floor-naturfarben\/","title":{"rendered":"Poetic Display Box Floor Naturfarben"},"content":{"rendered":"<p>Wir pr\u00e4sentieren Ihnen die Poetic Deko-Glaskaste, ein exquisites St\u00fcck mit einer herausnehmbaren Glasablage, die es Ihnen erm\u00f6glicht, Ihre gesch\u00e4tzten Sammlerst\u00fccke m\u00fchelos zu arrangieren und zur Schau zu stellen. Ein unbestreitbarer Blickfang in jedem Wohnzimmer, l\u00e4dt die Poetic Deko-Glaskaste dazu ein, Ihre liebsten Sch\u00e4tze zur Geltung zu bringen und verbindet dabei Eleganz mit pers\u00f6nlichen Geschichten. Machen Sie sie zum Mittelpunkt Ihres Raumes, wo Erinnerungen und Sch\u00f6nheit aufeinandertreffen.<\/p>\n","protected":false},"excerpt":{"rendered":"<p>Wir pr\u00e4sentieren Ihnen die Poetic Deko-Glaskaste, ein exquisites St\u00fcck mit einer herausnehmbaren Glasablage, die es Ihnen erm\u00f6glicht, Ihre gesch\u00e4tzten Sammlerst\u00fccke m\u00fchelos zu arrangieren und zur Schau zu stellen. Ein unbestreitbarer Blickfang in jedem Wohnzimmer, l\u00e4dt die Poetic Deko-Glaskaste dazu ein, Ihre liebsten Sch\u00e4tze zur Geltung zu bringen und verbindet dabei Eleganz mit pers\u00f6nlichen Geschichten. Machen [&hellip;]<\/p>\n","protected":false},"featured_media":1104197,"template":"","meta":{"_acf_changed":false,"inline_featured_image":false},"product_brand":[],"product_cat":[6998,2861,2862,4003,4004,5027],"product_tag":[],"class_list":{"0":"post-1008975","1":"product","2":"type-product","3":"status-publish","4":"has-post-thumbnail","6":"product_cat-the-buzz-de","7":"product_cat-tische-de","8":"product_cat-konsole-de","9":"product_cat-regale-aufbewahrung-de","10":"product_cat-vitrinen-de","11":"product_cat-bestsellers-de","12":"product_shipping_class-p10","13":"pa_color-naturfarben-2","14":"pa_material-glas-de","15":"pa_material-mdf-de","16":"pa_material-eichenfurnier","17":"pa_material-eichenholz","19":"first","20":"outofstock","21":"featured","22":"taxable","23":"shipping-taxable","24":"purchasable","25":"product-type-simple"},"exclude_global_add_ons":[],"addons":[],"acf":[],"yoast_head":"<!-- This site is optimized with the Yoast SEO plugin v26.4 - https:\/\/yoast.com\/wordpress\/plugins\/seo\/ -->\n<title>Poetic Display Box Floor Naturfarben - H\u00fcbsch<\/title>\n<meta name=\"description\" content=\"Wir pr\u00e4sentieren Ihnen die Poetic Deko-Glaskaste, ein exquisites St\u00fcck mit einer herausnehmbaren Glasablage, die es Ihnen erm\u00f6glicht, Ihre gesch\u00e4tzten\" \/>\n<meta name=\"robots\" content=\"index, follow, max-snippet:-1, max-image-preview:large, max-video-preview:-1\" \/>\n<link rel=\"canonical\" href=\"https:\/\/hubsch-interior.com\/de\/wp-json\/wp\/v2\/product\/1008975\" \/>\n<meta property=\"og:locale\" content=\"de_DE\" \/>\n<meta property=\"og:type\" content=\"article\" \/>\n<meta property=\"og:title\" content=\"Poetic Display Box Floor Naturfarben - H\u00fcbsch\" \/>\n<meta property=\"og:description\" content=\"Wir pr\u00e4sentieren Ihnen die Poetic Deko-Glaskaste, ein exquisites St\u00fcck mit einer herausnehmbaren Glasablage, die es Ihnen erm\u00f6glicht, Ihre gesch\u00e4tzten\" \/>\n<meta property=\"og:url\" content=\"https:\/\/hubsch-interior.com\/de\/produkt\/poetic-display-box-floor-naturfarben\/\" \/>\n<meta property=\"og:site_name\" content=\"H\u00fcbsch\" \/>\n<meta property=\"article:modified_time\" content=\"2026-04-05T02:57:10+00:00\" \/>\n<meta property=\"og:image\" content=\"https:\/\/hubsch-interior.com\/wp-content\/uploads\/2025\/04\/poetic-display-box-floor-natural-f6886d22a91a7fb0e9c3b7ca1fc6bad7.jpg\" \/>\n\t<meta property=\"og:image:width\" content=\"1200\" \/>\n\t<meta property=\"og:image:height\" content=\"1200\" \/>\n\t<meta property=\"og:image:type\" content=\"image\/jpeg\" \/>\n<meta name=\"twitter:card\" content=\"summary_large_image\" \/>\n<script type=\"application\/ld+json\" class=\"yoast-schema-graph\">{\"@context\":\"https:\/\/schema.org\",\"@graph\":[{\"@type\":\"WebPage\",\"@id\":\"https:\/\/hubsch-interior.com\/de\/produkt\/poetic-display-box-floor-naturfarben\/\",\"url\":\"https:\/\/hubsch-interior.com\/de\/produkt\/poetic-display-box-floor-naturfarben\/\",\"name\":\"Poetic Display Box Floor Naturfarben - H\u00fcbsch\",\"isPartOf\":{\"@id\":\"https:\/\/hubsch-interior.com\/de\/#website\"},\"primaryImageOfPage\":{\"@id\":\"https:\/\/hubsch-interior.com\/de\/produkt\/poetic-display-box-floor-naturfarben\/#primaryimage\"},\"image\":{\"@id\":\"https:\/\/hubsch-interior.com\/de\/produkt\/poetic-display-box-floor-naturfarben\/#primaryimage\"},\"thumbnailUrl\":\"https:\/\/hubsch-interior.com\/wp-content\/uploads\/2026\/02\/poetic-display-box-floor-natural-ec5349c31bd239bf78cc433a84d89a46.jpg\",\"datePublished\":\"2025-01-24T08:35:23+00:00\",\"dateModified\":\"2026-04-05T02:57:10+00:00\",\"description\":\"Wir pr\u00e4sentieren Ihnen die Poetic Deko-Glaskaste, ein exquisites St\u00fcck mit einer herausnehmbaren Glasablage, die es Ihnen erm\u00f6glicht, Ihre gesch\u00e4tzten\",\"breadcrumb\":{\"@id\":\"https:\/\/hubsch-interior.com\/de\/produkt\/poetic-display-box-floor-naturfarben\/#breadcrumb\"},\"inLanguage\":\"de\",\"potentialAction\":[{\"@type\":\"ReadAction\",\"target\":[\"https:\/\/hubsch-interior.com\/de\/produkt\/poetic-display-box-floor-naturfarben\/\"]}]},{\"@type\":\"ImageObject\",\"inLanguage\":\"de\",\"@id\":\"https:\/\/hubsch-interior.com\/de\/produkt\/poetic-display-box-floor-naturfarben\/#primaryimage\",\"url\":\"https:\/\/hubsch-interior.com\/wp-content\/uploads\/2026\/02\/poetic-display-box-floor-natural-ec5349c31bd239bf78cc433a84d89a46.jpg\",\"contentUrl\":\"https:\/\/hubsch-interior.com\/wp-content\/uploads\/2026\/02\/poetic-display-box-floor-natural-ec5349c31bd239bf78cc433a84d89a46.jpg\",\"width\":1024,\"height\":1024},{\"@type\":\"BreadcrumbList\",\"@id\":\"https:\/\/hubsch-interior.com\/de\/produkt\/poetic-display-box-floor-naturfarben\/#breadcrumb\",\"itemListElement\":[{\"@type\":\"ListItem\",\"position\":1,\"name\":\"Startseite\",\"item\":\"https:\/\/hubsch-interior.com\/de\/\"},{\"@type\":\"ListItem\",\"position\":2,\"name\":\"Produkte\",\"item\":\"https:\/\/hubsch-interior.com\/de\/shop-2\/\"},{\"@type\":\"ListItem\",\"position\":3,\"name\":\"M\u00f6bel\",\"item\":\"https:\/\/hubsch-interior.com\/de\/produkt-kategorie\/moebel\/\"},{\"@type\":\"ListItem\",\"position\":4,\"name\":\"Tische\",\"item\":\"https:\/\/hubsch-interior.com\/de\/produkt-kategorie\/moebel\/tische-de\/\"},{\"@type\":\"ListItem\",\"position\":5,\"name\":\"Konsole\",\"item\":\"https:\/\/hubsch-interior.com\/de\/produkt-kategorie\/moebel\/tische-de\/konsole-de\/\"},{\"@type\":\"ListItem\",\"position\":6,\"name\":\"Poetic Display Box Floor Naturfarben\"}]},{\"@type\":\"WebSite\",\"@id\":\"https:\/\/hubsch-interior.com\/de\/#website\",\"url\":\"https:\/\/hubsch-interior.com\/de\/\",\"name\":\"H\u00fcbsch\",\"description\":\"Danish Home Interior and Design\",\"publisher\":{\"@id\":\"https:\/\/hubsch-interior.com\/de\/#organization\"},\"potentialAction\":[{\"@type\":\"SearchAction\",\"target\":{\"@type\":\"EntryPoint\",\"urlTemplate\":\"https:\/\/hubsch-interior.com\/de\/?s={search_term_string}\"},\"query-input\":{\"@type\":\"PropertyValueSpecification\",\"valueRequired\":true,\"valueName\":\"search_term_string\"}}],\"inLanguage\":\"de\"},{\"@type\":\"Organization\",\"@id\":\"https:\/\/hubsch-interior.com\/de\/#organization\",\"name\":\"H\u00fcbsch\",\"url\":\"https:\/\/hubsch-interior.com\/de\/\",\"logo\":{\"@type\":\"ImageObject\",\"inLanguage\":\"de\",\"@id\":\"https:\/\/hubsch-interior.com\/de\/#\/schema\/logo\/image\/\",\"url\":\"https:\/\/hubsch-interior.com\/wp-content\/uploads\/2022\/12\/Hubsch_logo_black_one_line.svg\",\"contentUrl\":\"https:\/\/hubsch-interior.com\/wp-content\/uploads\/2022\/12\/Hubsch_logo_black_one_line.svg\",\"caption\":\"H\u00fcbsch\"},\"image\":{\"@id\":\"https:\/\/hubsch-interior.com\/de\/#\/schema\/logo\/image\/\"}}]}<\/script>\n<!-- \/ Yoast SEO plugin. -->","yoast_head_json":{"title":"Poetic Display Box Floor Naturfarben - H\u00fcbsch","description":"Wir pr\u00e4sentieren Ihnen die Poetic Deko-Glaskaste, ein exquisites St\u00fcck mit einer herausnehmbaren Glasablage, die es Ihnen erm\u00f6glicht, Ihre gesch\u00e4tzten","robots":{"index":"index","follow":"follow","max-snippet":"max-snippet:-1","max-image-preview":"max-image-preview:large","max-video-preview":"max-video-preview:-1"},"canonical":"https:\/\/hubsch-interior.com\/de\/wp-json\/wp\/v2\/product\/1008975","og_locale":"de_DE","og_type":"article","og_title":"Poetic Display Box Floor Naturfarben - H\u00fcbsch","og_description":"Wir pr\u00e4sentieren Ihnen die Poetic Deko-Glaskaste, ein exquisites St\u00fcck mit einer herausnehmbaren Glasablage, die es Ihnen erm\u00f6glicht, Ihre gesch\u00e4tzten","og_url":"https:\/\/hubsch-interior.com\/de\/produkt\/poetic-display-box-floor-naturfarben\/","og_site_name":"H\u00fcbsch","article_modified_time":"2026-04-05T02:57:10+00:00","og_image":[{"width":1200,"height":1200,"url":"https:\/\/hubsch-interior.com\/wp-content\/uploads\/2025\/04\/poetic-display-box-floor-natural-f6886d22a91a7fb0e9c3b7ca1fc6bad7.jpg","type":"image\/jpeg"}],"twitter_card":"summary_large_image","schema":{"@context":"https:\/\/schema.org","@graph":[{"@type":"WebPage","@id":"https:\/\/hubsch-interior.com\/de\/produkt\/poetic-display-box-floor-naturfarben\/","url":"https:\/\/hubsch-interior.com\/de\/produkt\/poetic-display-box-floor-naturfarben\/","name":"Poetic Display Box Floor Naturfarben - H\u00fcbsch","isPartOf":{"@id":"https:\/\/hubsch-interior.com\/de\/#website"},"primaryImageOfPage":{"@id":"https:\/\/hubsch-interior.com\/de\/produkt\/poetic-display-box-floor-naturfarben\/#primaryimage"},"image":{"@id":"https:\/\/hubsch-interior.com\/de\/produkt\/poetic-display-box-floor-naturfarben\/#primaryimage"},"thumbnailUrl":"https:\/\/hubsch-interior.com\/wp-content\/uploads\/2026\/02\/poetic-display-box-floor-natural-ec5349c31bd239bf78cc433a84d89a46.jpg","datePublished":"2025-01-24T08:35:23+00:00","dateModified":"2026-04-05T02:57:10+00:00","description":"Wir pr\u00e4sentieren Ihnen die Poetic Deko-Glaskaste, ein exquisites St\u00fcck mit einer herausnehmbaren Glasablage, die es Ihnen erm\u00f6glicht, Ihre gesch\u00e4tzten","breadcrumb":{"@id":"https:\/\/hubsch-interior.com\/de\/produkt\/poetic-display-box-floor-naturfarben\/#breadcrumb"},"inLanguage":"de","potentialAction":[{"@type":"ReadAction","target":["https:\/\/hubsch-interior.com\/de\/produkt\/poetic-display-box-floor-naturfarben\/"]}]},{"@type":"ImageObject","inLanguage":"de","@id":"https:\/\/hubsch-interior.com\/de\/produkt\/poetic-display-box-floor-naturfarben\/#primaryimage","url":"https:\/\/hubsch-interior.com\/wp-content\/uploads\/2026\/02\/poetic-display-box-floor-natural-ec5349c31bd239bf78cc433a84d89a46.jpg","contentUrl":"https:\/\/hubsch-interior.com\/wp-content\/uploads\/2026\/02\/poetic-display-box-floor-natural-ec5349c31bd239bf78cc433a84d89a46.jpg","width":1024,"height":1024},{"@type":"BreadcrumbList","@id":"https:\/\/hubsch-interior.com\/de\/produkt\/poetic-display-box-floor-naturfarben\/#breadcrumb","itemListElement":[{"@type":"ListItem","position":1,"name":"Startseite","item":"https:\/\/hubsch-interior.com\/de\/"},{"@type":"ListItem","position":2,"name":"Produkte","item":"https:\/\/hubsch-interior.com\/de\/shop-2\/"},{"@type":"ListItem","position":3,"name":"M\u00f6bel","item":"https:\/\/hubsch-interior.com\/de\/produkt-kategorie\/moebel\/"},{"@type":"ListItem","position":4,"name":"Tische","item":"https:\/\/hubsch-interior.com\/de\/produkt-kategorie\/moebel\/tische-de\/"},{"@type":"ListItem","position":5,"name":"Konsole","item":"https:\/\/hubsch-interior.com\/de\/produkt-kategorie\/moebel\/tische-de\/konsole-de\/"},{"@type":"ListItem","position":6,"name":"Poetic Display Box Floor Naturfarben"}]},{"@type":"WebSite","@id":"https:\/\/hubsch-interior.com\/de\/#website","url":"https:\/\/hubsch-interior.com\/de\/","name":"H\u00fcbsch","description":"Danish Home Interior and Design","publisher":{"@id":"https:\/\/hubsch-interior.com\/de\/#organization"},"potentialAction":[{"@type":"SearchAction","target":{"@type":"EntryPoint","urlTemplate":"https:\/\/hubsch-interior.com\/de\/?s={search_term_string}"},"query-input":{"@type":"PropertyValueSpecification","valueRequired":true,"valueName":"search_term_string"}}],"inLanguage":"de"},{"@type":"Organization","@id":"https:\/\/hubsch-interior.com\/de\/#organization","name":"H\u00fcbsch","url":"https:\/\/hubsch-interior.com\/de\/","logo":{"@type":"ImageObject","inLanguage":"de","@id":"https:\/\/hubsch-interior.com\/de\/#\/schema\/logo\/image\/","url":"https:\/\/hubsch-interior.com\/wp-content\/uploads\/2022\/12\/Hubsch_logo_black_one_line.svg","contentUrl":"https:\/\/hubsch-interior.com\/wp-content\/uploads\/2022\/12\/Hubsch_logo_black_one_line.svg","caption":"H\u00fcbsch"},"image":{"@id":"https:\/\/hubsch-interior.com\/de\/#\/schema\/logo\/image\/"}}]}},"_links":{"self":[{"href":"https:\/\/hubsch-interior.com\/de\/wp-json\/wp\/v2\/product\/1008975","targetHints":{"allow":["GET"]}}],"collection":[{"href":"https:\/\/hubsch-interior.com\/de\/wp-json\/wp\/v2\/product"}],"about":[{"href":"https:\/\/hubsch-interior.com\/de\/wp-json\/wp\/v2\/types\/product"}],"wp:featuredmedia":[{"embeddable":true,"href":"https:\/\/hubsch-interior.com\/de\/wp-json\/wp\/v2\/media\/1104197"}],"wp:attachment":[{"href":"https:\/\/hubsch-interior.com\/de\/wp-json\/wp\/v2\/media?parent=1008975"}],"wp:term":[{"taxonomy":"product_brand","embeddable":true,"href":"https:\/\/hubsch-interior.com\/de\/wp-json\/wp\/v2\/product_brand?post=1008975"},{"taxonomy":"product_cat","embeddable":true,"href":"https:\/\/hubsch-interior.com\/de\/wp-json\/wp\/v2\/product_cat?post=1008975"},{"taxonomy":"product_tag","embeddable":true,"href":"https:\/\/hubsch-interior.com\/de\/wp-json\/wp\/v2\/product_tag?post=1008975"}],"curies":[{"name":"wp","href":"https:\/\/api.w.org\/{rel}","templated":true}]}}