{"id":1009003,"date":"2025-01-24T09:36:45","date_gmt":"2025-01-24T08:36:45","guid":{"rendered":"https:\/\/hubsch-interior.com\/product\/product\/"},"modified":"2026-04-05T04:57:15","modified_gmt":"2026-04-05T02:57:15","slug":"ledge-beistelltisch-naturfarben","status":"publish","type":"product","link":"https:\/\/hubsch-interior.com\/de\/produkt\/ledge-beistelltisch-naturfarben\/","title":{"rendered":"Ledge Beistelltisch Naturfarben"},"content":{"rendered":"<p>Entdecken Sie die Eleganz des Ledge Beistelltischs, bei dem der Charme von nat\u00fcrlichem Eichenholz auf die Raffinesse einer klaren Glasplatte trifft. Dieser aus FSC-zertifiziertem Holz gefertigte Tisch zeichnet sich durch seine geometrische Linienform aus, die kunstvoll sein robustes Gestell konstruiert. Die Glasplatte schafft nicht nur ein leichtes, luftiges Gef\u00fchl, sondern lenkt auch Ihren Blick auf das sch\u00f6ne Ger\u00fcst darunter. Perfekt neben Ihrem Lieblingssessel, ist es ein exquisites St\u00fcck, das Funktionalit\u00e4t und Stil elegant miteinander verbindet.<\/p>\n","protected":false},"excerpt":{"rendered":"<p>Entdecken Sie die Eleganz des Ledge Beistelltischs, bei dem der Charme von nat\u00fcrlichem Eichenholz auf die Raffinesse einer klaren Glasplatte trifft. Dieser aus FSC-zertifiziertem Holz gefertigte Tisch zeichnet sich durch seine geometrische Linienform aus, die kunstvoll sein robustes Gestell konstruiert. Die Glasplatte schafft nicht nur ein leichtes, luftiges Gef\u00fchl, sondern lenkt auch Ihren Blick auf [&hellip;]<\/p>\n","protected":false},"featured_media":1104225,"template":"","meta":{"_acf_changed":false,"inline_featured_image":false},"product_brand":[],"product_cat":[6998,6323,2861,4028,2874,5027,5031],"product_tag":[],"class_list":{"0":"post-1009003","1":"product","2":"type-product","3":"status-publish","4":"has-post-thumbnail","6":"product_cat-the-buzz-de","7":"product_cat-fsc-de","8":"product_cat-tische-de","9":"product_cat-beistelltische-de","10":"product_cat-sofatische-de","11":"product_cat-bestsellers-de","12":"product_cat-wieder-auf-lager-de","13":"product_shipping_class-pk","15":"pa_color-naturfarben-2","16":"pa_material-glas-de","17":"pa_material-eichenholz","19":"first","20":"instock","21":"featured","22":"taxable","23":"shipping-taxable","24":"purchasable","25":"product-type-simple"},"exclude_global_add_ons":[],"addons":[],"acf":[],"yoast_head":"<!-- This site is optimized with the Yoast SEO plugin v26.4 - https:\/\/yoast.com\/wordpress\/plugins\/seo\/ -->\n<title>Ledge Beistelltisch Naturfarben - H\u00fcbsch<\/title>\n<meta name=\"description\" content=\"Entdecken Sie die Eleganz des Ledge Beistelltischs, bei dem der Charme von nat\u00fcrlichem Eichenholz auf die Raffinesse einer klaren Glasplatte trifft.\" \/>\n<meta name=\"robots\" content=\"index, follow, max-snippet:-1, max-image-preview:large, max-video-preview:-1\" \/>\n<link rel=\"canonical\" href=\"https:\/\/hubsch-interior.com\/de\/wp-json\/wp\/v2\/product\/1009003\" \/>\n<meta property=\"og:locale\" content=\"de_DE\" \/>\n<meta property=\"og:type\" content=\"article\" \/>\n<meta property=\"og:title\" content=\"Ledge Beistelltisch Naturfarben - H\u00fcbsch\" \/>\n<meta property=\"og:description\" content=\"Entdecken Sie die Eleganz des Ledge Beistelltischs, bei dem der Charme von nat\u00fcrlichem Eichenholz auf die Raffinesse einer klaren Glasplatte trifft.\" \/>\n<meta property=\"og:url\" content=\"https:\/\/hubsch-interior.com\/de\/produkt\/ledge-beistelltisch-naturfarben\/\" \/>\n<meta property=\"og:site_name\" content=\"H\u00fcbsch\" \/>\n<meta property=\"article:modified_time\" content=\"2026-04-05T02:57:15+00:00\" \/>\n<meta property=\"og:image\" content=\"https:\/\/hubsch-interior.com\/wp-content\/uploads\/2025\/01\/ledge-side-table-natural-e264091f28a1f9718d1957b7718a554d.jpg\" \/>\n\t<meta property=\"og:image:width\" content=\"1200\" \/>\n\t<meta property=\"og:image:height\" content=\"1200\" \/>\n\t<meta property=\"og:image:type\" content=\"image\/jpeg\" \/>\n<meta name=\"twitter:card\" content=\"summary_large_image\" \/>\n<script type=\"application\/ld+json\" class=\"yoast-schema-graph\">{\"@context\":\"https:\/\/schema.org\",\"@graph\":[{\"@type\":\"WebPage\",\"@id\":\"https:\/\/hubsch-interior.com\/de\/produkt\/ledge-beistelltisch-naturfarben\/\",\"url\":\"https:\/\/hubsch-interior.com\/de\/produkt\/ledge-beistelltisch-naturfarben\/\",\"name\":\"Ledge Beistelltisch Naturfarben - H\u00fcbsch\",\"isPartOf\":{\"@id\":\"https:\/\/hubsch-interior.com\/de\/#website\"},\"primaryImageOfPage\":{\"@id\":\"https:\/\/hubsch-interior.com\/de\/produkt\/ledge-beistelltisch-naturfarben\/#primaryimage\"},\"image\":{\"@id\":\"https:\/\/hubsch-interior.com\/de\/produkt\/ledge-beistelltisch-naturfarben\/#primaryimage\"},\"thumbnailUrl\":\"https:\/\/hubsch-interior.com\/wp-content\/uploads\/2026\/02\/ledge-side-table-natural-76291aa9518d0ac4290d9089ba372b67.jpg\",\"datePublished\":\"2025-01-24T08:36:45+00:00\",\"dateModified\":\"2026-04-05T02:57:15+00:00\",\"description\":\"Entdecken Sie die Eleganz des Ledge Beistelltischs, bei dem der Charme von nat\u00fcrlichem Eichenholz auf die Raffinesse einer klaren Glasplatte trifft.\",\"breadcrumb\":{\"@id\":\"https:\/\/hubsch-interior.com\/de\/produkt\/ledge-beistelltisch-naturfarben\/#breadcrumb\"},\"inLanguage\":\"de\",\"potentialAction\":[{\"@type\":\"ReadAction\",\"target\":[\"https:\/\/hubsch-interior.com\/de\/produkt\/ledge-beistelltisch-naturfarben\/\"]}]},{\"@type\":\"ImageObject\",\"inLanguage\":\"de\",\"@id\":\"https:\/\/hubsch-interior.com\/de\/produkt\/ledge-beistelltisch-naturfarben\/#primaryimage\",\"url\":\"https:\/\/hubsch-interior.com\/wp-content\/uploads\/2026\/02\/ledge-side-table-natural-76291aa9518d0ac4290d9089ba372b67.jpg\",\"contentUrl\":\"https:\/\/hubsch-interior.com\/wp-content\/uploads\/2026\/02\/ledge-side-table-natural-76291aa9518d0ac4290d9089ba372b67.jpg\",\"width\":1024,\"height\":1024},{\"@type\":\"BreadcrumbList\",\"@id\":\"https:\/\/hubsch-interior.com\/de\/produkt\/ledge-beistelltisch-naturfarben\/#breadcrumb\",\"itemListElement\":[{\"@type\":\"ListItem\",\"position\":1,\"name\":\"Startseite\",\"item\":\"https:\/\/hubsch-interior.com\/de\/\"},{\"@type\":\"ListItem\",\"position\":2,\"name\":\"Produkte\",\"item\":\"https:\/\/hubsch-interior.com\/de\/shop-2\/\"},{\"@type\":\"ListItem\",\"position\":3,\"name\":\"M\u00f6bel\",\"item\":\"https:\/\/hubsch-interior.com\/de\/produkt-kategorie\/moebel\/\"},{\"@type\":\"ListItem\",\"position\":4,\"name\":\"Tische\",\"item\":\"https:\/\/hubsch-interior.com\/de\/produkt-kategorie\/moebel\/tische-de\/\"},{\"@type\":\"ListItem\",\"position\":5,\"name\":\"Beistelltische\",\"item\":\"https:\/\/hubsch-interior.com\/de\/produkt-kategorie\/moebel\/tische-de\/beistelltische-de\/\"},{\"@type\":\"ListItem\",\"position\":6,\"name\":\"Ledge Beistelltisch Naturfarben\"}]},{\"@type\":\"WebSite\",\"@id\":\"https:\/\/hubsch-interior.com\/de\/#website\",\"url\":\"https:\/\/hubsch-interior.com\/de\/\",\"name\":\"H\u00fcbsch\",\"description\":\"Danish Home Interior and Design\",\"publisher\":{\"@id\":\"https:\/\/hubsch-interior.com\/de\/#organization\"},\"potentialAction\":[{\"@type\":\"SearchAction\",\"target\":{\"@type\":\"EntryPoint\",\"urlTemplate\":\"https:\/\/hubsch-interior.com\/de\/?s={search_term_string}\"},\"query-input\":{\"@type\":\"PropertyValueSpecification\",\"valueRequired\":true,\"valueName\":\"search_term_string\"}}],\"inLanguage\":\"de\"},{\"@type\":\"Organization\",\"@id\":\"https:\/\/hubsch-interior.com\/de\/#organization\",\"name\":\"H\u00fcbsch\",\"url\":\"https:\/\/hubsch-interior.com\/de\/\",\"logo\":{\"@type\":\"ImageObject\",\"inLanguage\":\"de\",\"@id\":\"https:\/\/hubsch-interior.com\/de\/#\/schema\/logo\/image\/\",\"url\":\"https:\/\/hubsch-interior.com\/wp-content\/uploads\/2022\/12\/Hubsch_logo_black_one_line.svg\",\"contentUrl\":\"https:\/\/hubsch-interior.com\/wp-content\/uploads\/2022\/12\/Hubsch_logo_black_one_line.svg\",\"caption\":\"H\u00fcbsch\"},\"image\":{\"@id\":\"https:\/\/hubsch-interior.com\/de\/#\/schema\/logo\/image\/\"}}]}<\/script>\n<!-- \/ Yoast SEO plugin. -->","yoast_head_json":{"title":"Ledge Beistelltisch Naturfarben - H\u00fcbsch","description":"Entdecken Sie die Eleganz des Ledge Beistelltischs, bei dem der Charme von nat\u00fcrlichem Eichenholz auf die Raffinesse einer klaren Glasplatte trifft.","robots":{"index":"index","follow":"follow","max-snippet":"max-snippet:-1","max-image-preview":"max-image-preview:large","max-video-preview":"max-video-preview:-1"},"canonical":"https:\/\/hubsch-interior.com\/de\/wp-json\/wp\/v2\/product\/1009003","og_locale":"de_DE","og_type":"article","og_title":"Ledge Beistelltisch Naturfarben - H\u00fcbsch","og_description":"Entdecken Sie die Eleganz des Ledge Beistelltischs, bei dem der Charme von nat\u00fcrlichem Eichenholz auf die Raffinesse einer klaren Glasplatte trifft.","og_url":"https:\/\/hubsch-interior.com\/de\/produkt\/ledge-beistelltisch-naturfarben\/","og_site_name":"H\u00fcbsch","article_modified_time":"2026-04-05T02:57:15+00:00","og_image":[{"width":1200,"height":1200,"url":"https:\/\/hubsch-interior.com\/wp-content\/uploads\/2025\/01\/ledge-side-table-natural-e264091f28a1f9718d1957b7718a554d.jpg","type":"image\/jpeg"}],"twitter_card":"summary_large_image","schema":{"@context":"https:\/\/schema.org","@graph":[{"@type":"WebPage","@id":"https:\/\/hubsch-interior.com\/de\/produkt\/ledge-beistelltisch-naturfarben\/","url":"https:\/\/hubsch-interior.com\/de\/produkt\/ledge-beistelltisch-naturfarben\/","name":"Ledge Beistelltisch Naturfarben - H\u00fcbsch","isPartOf":{"@id":"https:\/\/hubsch-interior.com\/de\/#website"},"primaryImageOfPage":{"@id":"https:\/\/hubsch-interior.com\/de\/produkt\/ledge-beistelltisch-naturfarben\/#primaryimage"},"image":{"@id":"https:\/\/hubsch-interior.com\/de\/produkt\/ledge-beistelltisch-naturfarben\/#primaryimage"},"thumbnailUrl":"https:\/\/hubsch-interior.com\/wp-content\/uploads\/2026\/02\/ledge-side-table-natural-76291aa9518d0ac4290d9089ba372b67.jpg","datePublished":"2025-01-24T08:36:45+00:00","dateModified":"2026-04-05T02:57:15+00:00","description":"Entdecken Sie die Eleganz des Ledge Beistelltischs, bei dem der Charme von nat\u00fcrlichem Eichenholz auf die Raffinesse einer klaren Glasplatte trifft.","breadcrumb":{"@id":"https:\/\/hubsch-interior.com\/de\/produkt\/ledge-beistelltisch-naturfarben\/#breadcrumb"},"inLanguage":"de","potentialAction":[{"@type":"ReadAction","target":["https:\/\/hubsch-interior.com\/de\/produkt\/ledge-beistelltisch-naturfarben\/"]}]},{"@type":"ImageObject","inLanguage":"de","@id":"https:\/\/hubsch-interior.com\/de\/produkt\/ledge-beistelltisch-naturfarben\/#primaryimage","url":"https:\/\/hubsch-interior.com\/wp-content\/uploads\/2026\/02\/ledge-side-table-natural-76291aa9518d0ac4290d9089ba372b67.jpg","contentUrl":"https:\/\/hubsch-interior.com\/wp-content\/uploads\/2026\/02\/ledge-side-table-natural-76291aa9518d0ac4290d9089ba372b67.jpg","width":1024,"height":1024},{"@type":"BreadcrumbList","@id":"https:\/\/hubsch-interior.com\/de\/produkt\/ledge-beistelltisch-naturfarben\/#breadcrumb","itemListElement":[{"@type":"ListItem","position":1,"name":"Startseite","item":"https:\/\/hubsch-interior.com\/de\/"},{"@type":"ListItem","position":2,"name":"Produkte","item":"https:\/\/hubsch-interior.com\/de\/shop-2\/"},{"@type":"ListItem","position":3,"name":"M\u00f6bel","item":"https:\/\/hubsch-interior.com\/de\/produkt-kategorie\/moebel\/"},{"@type":"ListItem","position":4,"name":"Tische","item":"https:\/\/hubsch-interior.com\/de\/produkt-kategorie\/moebel\/tische-de\/"},{"@type":"ListItem","position":5,"name":"Beistelltische","item":"https:\/\/hubsch-interior.com\/de\/produkt-kategorie\/moebel\/tische-de\/beistelltische-de\/"},{"@type":"ListItem","position":6,"name":"Ledge Beistelltisch Naturfarben"}]},{"@type":"WebSite","@id":"https:\/\/hubsch-interior.com\/de\/#website","url":"https:\/\/hubsch-interior.com\/de\/","name":"H\u00fcbsch","description":"Danish Home Interior and Design","publisher":{"@id":"https:\/\/hubsch-interior.com\/de\/#organization"},"potentialAction":[{"@type":"SearchAction","target":{"@type":"EntryPoint","urlTemplate":"https:\/\/hubsch-interior.com\/de\/?s={search_term_string}"},"query-input":{"@type":"PropertyValueSpecification","valueRequired":true,"valueName":"search_term_string"}}],"inLanguage":"de"},{"@type":"Organization","@id":"https:\/\/hubsch-interior.com\/de\/#organization","name":"H\u00fcbsch","url":"https:\/\/hubsch-interior.com\/de\/","logo":{"@type":"ImageObject","inLanguage":"de","@id":"https:\/\/hubsch-interior.com\/de\/#\/schema\/logo\/image\/","url":"https:\/\/hubsch-interior.com\/wp-content\/uploads\/2022\/12\/Hubsch_logo_black_one_line.svg","contentUrl":"https:\/\/hubsch-interior.com\/wp-content\/uploads\/2022\/12\/Hubsch_logo_black_one_line.svg","caption":"H\u00fcbsch"},"image":{"@id":"https:\/\/hubsch-interior.com\/de\/#\/schema\/logo\/image\/"}}]}},"_links":{"self":[{"href":"https:\/\/hubsch-interior.com\/de\/wp-json\/wp\/v2\/product\/1009003","targetHints":{"allow":["GET"]}}],"collection":[{"href":"https:\/\/hubsch-interior.com\/de\/wp-json\/wp\/v2\/product"}],"about":[{"href":"https:\/\/hubsch-interior.com\/de\/wp-json\/wp\/v2\/types\/product"}],"wp:featuredmedia":[{"embeddable":true,"href":"https:\/\/hubsch-interior.com\/de\/wp-json\/wp\/v2\/media\/1104225"}],"wp:attachment":[{"href":"https:\/\/hubsch-interior.com\/de\/wp-json\/wp\/v2\/media?parent=1009003"}],"wp:term":[{"taxonomy":"product_brand","embeddable":true,"href":"https:\/\/hubsch-interior.com\/de\/wp-json\/wp\/v2\/product_brand?post=1009003"},{"taxonomy":"product_cat","embeddable":true,"href":"https:\/\/hubsch-interior.com\/de\/wp-json\/wp\/v2\/product_cat?post=1009003"},{"taxonomy":"product_tag","embeddable":true,"href":"https:\/\/hubsch-interior.com\/de\/wp-json\/wp\/v2\/product_tag?post=1009003"}],"curies":[{"name":"wp","href":"https:\/\/api.w.org\/{rel}","templated":true}]}}