{"id":1009135,"date":"2025-01-24T09:40:51","date_gmt":"2025-01-24T08:40:51","guid":{"rendered":"https:\/\/hubsch-interior.com\/product\/product\/"},"modified":"2026-04-14T04:55:28","modified_gmt":"2026-04-14T02:55:28","slug":"ulterior-schrank-naturfarben","status":"publish","type":"product","link":"https:\/\/hubsch-interior.com\/de\/produkt\/ulterior-schrank-naturfarben\/","title":{"rendered":"Ulterior Schrank Naturfarben"},"content":{"rendered":"<p>Bezaubernder Ulterior Schrank, gefertigt aus FSC-zertifiziertem Holz. Dieses M\u00f6belst\u00fcck ist nicht nur ein zeitloser Klassiker; es ist auch eine gro\u00dfartige Aufbewahrungsl\u00f6sung, die es Ihnen erm\u00f6glicht, m\u00fchelos Ordnung zu halten. Dank seines cleveren Designs k\u00f6nnen Sie Unordnung verbergen und gleichzeitig Deko-Highlights pr\u00e4sentieren. Der Ulterior Schrank l\u00e4sst sich leicht in jeden Stil einf\u00fcgen und harmoniert mit einer Vielzahl von Stilen, Materialien und Farben, was ihn zu einer gro\u00dfartigen Erg\u00e4nzung f\u00fcr Ihr Zuhause macht.<\/p>\n","protected":false},"excerpt":{"rendered":"<p>Bezaubernder Ulterior Schrank, gefertigt aus FSC-zertifiziertem Holz. Dieses M\u00f6belst\u00fcck ist nicht nur ein zeitloser Klassiker; es ist auch eine gro\u00dfartige Aufbewahrungsl\u00f6sung, die es Ihnen erm\u00f6glicht, m\u00fchelos Ordnung zu halten. Dank seines cleveren Designs k\u00f6nnen Sie Unordnung verbergen und gleichzeitig Deko-Highlights pr\u00e4sentieren. Der Ulterior Schrank l\u00e4sst sich leicht in jeden Stil einf\u00fcgen und harmoniert mit einer [&hellip;]<\/p>\n","protected":false},"featured_media":1104409,"template":"","meta":{"_acf_changed":false,"inline_featured_image":false},"product_brand":[],"product_cat":[6998,6323,4003,4004,5027,5031],"product_tag":[],"class_list":{"0":"post-1009135","1":"product","2":"type-product","3":"status-publish","4":"has-post-thumbnail","6":"product_cat-the-buzz-de","7":"product_cat-fsc-de","8":"product_cat-regale-aufbewahrung-de","9":"product_cat-vitrinen-de","10":"product_cat-bestsellers-de","11":"product_cat-wieder-auf-lager-de","12":"product_shipping_class-p10","14":"pa_color-naturfarben-2","15":"pa_material-mdf-de","16":"pa_material-eichenfurnier","17":"pa_material-eichenholz","19":"first","20":"instock","21":"featured","22":"taxable","23":"shipping-taxable","24":"purchasable","25":"product-type-simple"},"exclude_global_add_ons":[],"addons":[],"acf":[],"yoast_head":"<!-- This site is optimized with the Yoast SEO plugin v26.4 - https:\/\/yoast.com\/wordpress\/plugins\/seo\/ -->\n<title>Ulterior Schrank Naturfarben - H\u00fcbsch<\/title>\n<meta name=\"description\" content=\"Bezaubernder Ulterior Schrank, gefertigt aus FSC-zertifiziertem Holz. Dieses M\u00f6belst\u00fcck ist nicht nur ein zeitloser Klassiker; es ist auch eine gro\u00dfartige\" \/>\n<meta name=\"robots\" content=\"index, follow, max-snippet:-1, max-image-preview:large, max-video-preview:-1\" \/>\n<link rel=\"canonical\" href=\"https:\/\/hubsch-interior.com\/de\/wp-json\/wp\/v2\/product\/1009135\" \/>\n<meta property=\"og:locale\" content=\"de_DE\" \/>\n<meta property=\"og:type\" content=\"article\" \/>\n<meta property=\"og:title\" content=\"Ulterior Schrank Naturfarben - H\u00fcbsch\" \/>\n<meta property=\"og:description\" content=\"Bezaubernder Ulterior Schrank, gefertigt aus FSC-zertifiziertem Holz. Dieses M\u00f6belst\u00fcck ist nicht nur ein zeitloser Klassiker; es ist auch eine gro\u00dfartige\" \/>\n<meta property=\"og:url\" content=\"https:\/\/hubsch-interior.com\/de\/produkt\/ulterior-schrank-naturfarben\/\" \/>\n<meta property=\"og:site_name\" content=\"H\u00fcbsch\" \/>\n<meta property=\"article:modified_time\" content=\"2026-04-14T02:55:28+00:00\" \/>\n<meta property=\"og:image\" content=\"https:\/\/hubsch-interior.com\/wp-content\/uploads\/2025\/01\/ulterior-cabinet-natural-35dab0066639ab460cbd25805f938925.jpg\" \/>\n\t<meta property=\"og:image:width\" content=\"1200\" \/>\n\t<meta property=\"og:image:height\" content=\"1200\" \/>\n\t<meta property=\"og:image:type\" content=\"image\/jpeg\" \/>\n<meta name=\"twitter:card\" content=\"summary_large_image\" \/>\n<script type=\"application\/ld+json\" class=\"yoast-schema-graph\">{\"@context\":\"https:\/\/schema.org\",\"@graph\":[{\"@type\":\"WebPage\",\"@id\":\"https:\/\/hubsch-interior.com\/de\/produkt\/ulterior-schrank-naturfarben\/\",\"url\":\"https:\/\/hubsch-interior.com\/de\/produkt\/ulterior-schrank-naturfarben\/\",\"name\":\"Ulterior Schrank Naturfarben - H\u00fcbsch\",\"isPartOf\":{\"@id\":\"https:\/\/hubsch-interior.com\/de\/#website\"},\"primaryImageOfPage\":{\"@id\":\"https:\/\/hubsch-interior.com\/de\/produkt\/ulterior-schrank-naturfarben\/#primaryimage\"},\"image\":{\"@id\":\"https:\/\/hubsch-interior.com\/de\/produkt\/ulterior-schrank-naturfarben\/#primaryimage\"},\"thumbnailUrl\":\"https:\/\/hubsch-interior.com\/wp-content\/uploads\/2026\/02\/ulterior-cabinet-natural-6ce089b0d6f7ee11489bcddce1236f44.jpg\",\"datePublished\":\"2025-01-24T08:40:51+00:00\",\"dateModified\":\"2026-04-14T02:55:28+00:00\",\"description\":\"Bezaubernder Ulterior Schrank, gefertigt aus FSC-zertifiziertem Holz. Dieses M\u00f6belst\u00fcck ist nicht nur ein zeitloser Klassiker; es ist auch eine gro\u00dfartige\",\"breadcrumb\":{\"@id\":\"https:\/\/hubsch-interior.com\/de\/produkt\/ulterior-schrank-naturfarben\/#breadcrumb\"},\"inLanguage\":\"de\",\"potentialAction\":[{\"@type\":\"ReadAction\",\"target\":[\"https:\/\/hubsch-interior.com\/de\/produkt\/ulterior-schrank-naturfarben\/\"]}]},{\"@type\":\"ImageObject\",\"inLanguage\":\"de\",\"@id\":\"https:\/\/hubsch-interior.com\/de\/produkt\/ulterior-schrank-naturfarben\/#primaryimage\",\"url\":\"https:\/\/hubsch-interior.com\/wp-content\/uploads\/2026\/02\/ulterior-cabinet-natural-6ce089b0d6f7ee11489bcddce1236f44.jpg\",\"contentUrl\":\"https:\/\/hubsch-interior.com\/wp-content\/uploads\/2026\/02\/ulterior-cabinet-natural-6ce089b0d6f7ee11489bcddce1236f44.jpg\",\"width\":1024,\"height\":1024},{\"@type\":\"BreadcrumbList\",\"@id\":\"https:\/\/hubsch-interior.com\/de\/produkt\/ulterior-schrank-naturfarben\/#breadcrumb\",\"itemListElement\":[{\"@type\":\"ListItem\",\"position\":1,\"name\":\"Startseite\",\"item\":\"https:\/\/hubsch-interior.com\/de\/\"},{\"@type\":\"ListItem\",\"position\":2,\"name\":\"Produkte\",\"item\":\"https:\/\/hubsch-interior.com\/de\/shop-2\/\"},{\"@type\":\"ListItem\",\"position\":3,\"name\":\"M\u00f6bel\",\"item\":\"https:\/\/hubsch-interior.com\/de\/produkt-kategorie\/moebel\/\"},{\"@type\":\"ListItem\",\"position\":4,\"name\":\"Regale &amp; Aufbewahrung\",\"item\":\"https:\/\/hubsch-interior.com\/de\/produkt-kategorie\/moebel\/regale-aufbewahrung-de\/\"},{\"@type\":\"ListItem\",\"position\":5,\"name\":\"Vitrinen\",\"item\":\"https:\/\/hubsch-interior.com\/de\/produkt-kategorie\/moebel\/regale-aufbewahrung-de\/vitrinen-de\/\"},{\"@type\":\"ListItem\",\"position\":6,\"name\":\"Ulterior Schrank Naturfarben\"}]},{\"@type\":\"WebSite\",\"@id\":\"https:\/\/hubsch-interior.com\/de\/#website\",\"url\":\"https:\/\/hubsch-interior.com\/de\/\",\"name\":\"H\u00fcbsch\",\"description\":\"Danish Home Interior and Design\",\"publisher\":{\"@id\":\"https:\/\/hubsch-interior.com\/de\/#organization\"},\"potentialAction\":[{\"@type\":\"SearchAction\",\"target\":{\"@type\":\"EntryPoint\",\"urlTemplate\":\"https:\/\/hubsch-interior.com\/de\/?s={search_term_string}\"},\"query-input\":{\"@type\":\"PropertyValueSpecification\",\"valueRequired\":true,\"valueName\":\"search_term_string\"}}],\"inLanguage\":\"de\"},{\"@type\":\"Organization\",\"@id\":\"https:\/\/hubsch-interior.com\/de\/#organization\",\"name\":\"H\u00fcbsch\",\"url\":\"https:\/\/hubsch-interior.com\/de\/\",\"logo\":{\"@type\":\"ImageObject\",\"inLanguage\":\"de\",\"@id\":\"https:\/\/hubsch-interior.com\/de\/#\/schema\/logo\/image\/\",\"url\":\"https:\/\/hubsch-interior.com\/wp-content\/uploads\/2022\/12\/Hubsch_logo_black_one_line.svg\",\"contentUrl\":\"https:\/\/hubsch-interior.com\/wp-content\/uploads\/2022\/12\/Hubsch_logo_black_one_line.svg\",\"caption\":\"H\u00fcbsch\"},\"image\":{\"@id\":\"https:\/\/hubsch-interior.com\/de\/#\/schema\/logo\/image\/\"}}]}<\/script>\n<!-- \/ Yoast SEO plugin. -->","yoast_head_json":{"title":"Ulterior Schrank Naturfarben - H\u00fcbsch","description":"Bezaubernder Ulterior Schrank, gefertigt aus FSC-zertifiziertem Holz. Dieses M\u00f6belst\u00fcck ist nicht nur ein zeitloser Klassiker; es ist auch eine gro\u00dfartige","robots":{"index":"index","follow":"follow","max-snippet":"max-snippet:-1","max-image-preview":"max-image-preview:large","max-video-preview":"max-video-preview:-1"},"canonical":"https:\/\/hubsch-interior.com\/de\/wp-json\/wp\/v2\/product\/1009135","og_locale":"de_DE","og_type":"article","og_title":"Ulterior Schrank Naturfarben - H\u00fcbsch","og_description":"Bezaubernder Ulterior Schrank, gefertigt aus FSC-zertifiziertem Holz. Dieses M\u00f6belst\u00fcck ist nicht nur ein zeitloser Klassiker; es ist auch eine gro\u00dfartige","og_url":"https:\/\/hubsch-interior.com\/de\/produkt\/ulterior-schrank-naturfarben\/","og_site_name":"H\u00fcbsch","article_modified_time":"2026-04-14T02:55:28+00:00","og_image":[{"width":1200,"height":1200,"url":"https:\/\/hubsch-interior.com\/wp-content\/uploads\/2025\/01\/ulterior-cabinet-natural-35dab0066639ab460cbd25805f938925.jpg","type":"image\/jpeg"}],"twitter_card":"summary_large_image","schema":{"@context":"https:\/\/schema.org","@graph":[{"@type":"WebPage","@id":"https:\/\/hubsch-interior.com\/de\/produkt\/ulterior-schrank-naturfarben\/","url":"https:\/\/hubsch-interior.com\/de\/produkt\/ulterior-schrank-naturfarben\/","name":"Ulterior Schrank Naturfarben - H\u00fcbsch","isPartOf":{"@id":"https:\/\/hubsch-interior.com\/de\/#website"},"primaryImageOfPage":{"@id":"https:\/\/hubsch-interior.com\/de\/produkt\/ulterior-schrank-naturfarben\/#primaryimage"},"image":{"@id":"https:\/\/hubsch-interior.com\/de\/produkt\/ulterior-schrank-naturfarben\/#primaryimage"},"thumbnailUrl":"https:\/\/hubsch-interior.com\/wp-content\/uploads\/2026\/02\/ulterior-cabinet-natural-6ce089b0d6f7ee11489bcddce1236f44.jpg","datePublished":"2025-01-24T08:40:51+00:00","dateModified":"2026-04-14T02:55:28+00:00","description":"Bezaubernder Ulterior Schrank, gefertigt aus FSC-zertifiziertem Holz. Dieses M\u00f6belst\u00fcck ist nicht nur ein zeitloser Klassiker; es ist auch eine gro\u00dfartige","breadcrumb":{"@id":"https:\/\/hubsch-interior.com\/de\/produkt\/ulterior-schrank-naturfarben\/#breadcrumb"},"inLanguage":"de","potentialAction":[{"@type":"ReadAction","target":["https:\/\/hubsch-interior.com\/de\/produkt\/ulterior-schrank-naturfarben\/"]}]},{"@type":"ImageObject","inLanguage":"de","@id":"https:\/\/hubsch-interior.com\/de\/produkt\/ulterior-schrank-naturfarben\/#primaryimage","url":"https:\/\/hubsch-interior.com\/wp-content\/uploads\/2026\/02\/ulterior-cabinet-natural-6ce089b0d6f7ee11489bcddce1236f44.jpg","contentUrl":"https:\/\/hubsch-interior.com\/wp-content\/uploads\/2026\/02\/ulterior-cabinet-natural-6ce089b0d6f7ee11489bcddce1236f44.jpg","width":1024,"height":1024},{"@type":"BreadcrumbList","@id":"https:\/\/hubsch-interior.com\/de\/produkt\/ulterior-schrank-naturfarben\/#breadcrumb","itemListElement":[{"@type":"ListItem","position":1,"name":"Startseite","item":"https:\/\/hubsch-interior.com\/de\/"},{"@type":"ListItem","position":2,"name":"Produkte","item":"https:\/\/hubsch-interior.com\/de\/shop-2\/"},{"@type":"ListItem","position":3,"name":"M\u00f6bel","item":"https:\/\/hubsch-interior.com\/de\/produkt-kategorie\/moebel\/"},{"@type":"ListItem","position":4,"name":"Regale &amp; Aufbewahrung","item":"https:\/\/hubsch-interior.com\/de\/produkt-kategorie\/moebel\/regale-aufbewahrung-de\/"},{"@type":"ListItem","position":5,"name":"Vitrinen","item":"https:\/\/hubsch-interior.com\/de\/produkt-kategorie\/moebel\/regale-aufbewahrung-de\/vitrinen-de\/"},{"@type":"ListItem","position":6,"name":"Ulterior Schrank Naturfarben"}]},{"@type":"WebSite","@id":"https:\/\/hubsch-interior.com\/de\/#website","url":"https:\/\/hubsch-interior.com\/de\/","name":"H\u00fcbsch","description":"Danish Home Interior and Design","publisher":{"@id":"https:\/\/hubsch-interior.com\/de\/#organization"},"potentialAction":[{"@type":"SearchAction","target":{"@type":"EntryPoint","urlTemplate":"https:\/\/hubsch-interior.com\/de\/?s={search_term_string}"},"query-input":{"@type":"PropertyValueSpecification","valueRequired":true,"valueName":"search_term_string"}}],"inLanguage":"de"},{"@type":"Organization","@id":"https:\/\/hubsch-interior.com\/de\/#organization","name":"H\u00fcbsch","url":"https:\/\/hubsch-interior.com\/de\/","logo":{"@type":"ImageObject","inLanguage":"de","@id":"https:\/\/hubsch-interior.com\/de\/#\/schema\/logo\/image\/","url":"https:\/\/hubsch-interior.com\/wp-content\/uploads\/2022\/12\/Hubsch_logo_black_one_line.svg","contentUrl":"https:\/\/hubsch-interior.com\/wp-content\/uploads\/2022\/12\/Hubsch_logo_black_one_line.svg","caption":"H\u00fcbsch"},"image":{"@id":"https:\/\/hubsch-interior.com\/de\/#\/schema\/logo\/image\/"}}]}},"_links":{"self":[{"href":"https:\/\/hubsch-interior.com\/de\/wp-json\/wp\/v2\/product\/1009135","targetHints":{"allow":["GET"]}}],"collection":[{"href":"https:\/\/hubsch-interior.com\/de\/wp-json\/wp\/v2\/product"}],"about":[{"href":"https:\/\/hubsch-interior.com\/de\/wp-json\/wp\/v2\/types\/product"}],"wp:featuredmedia":[{"embeddable":true,"href":"https:\/\/hubsch-interior.com\/de\/wp-json\/wp\/v2\/media\/1104409"}],"wp:attachment":[{"href":"https:\/\/hubsch-interior.com\/de\/wp-json\/wp\/v2\/media?parent=1009135"}],"wp:term":[{"taxonomy":"product_brand","embeddable":true,"href":"https:\/\/hubsch-interior.com\/de\/wp-json\/wp\/v2\/product_brand?post=1009135"},{"taxonomy":"product_cat","embeddable":true,"href":"https:\/\/hubsch-interior.com\/de\/wp-json\/wp\/v2\/product_cat?post=1009135"},{"taxonomy":"product_tag","embeddable":true,"href":"https:\/\/hubsch-interior.com\/de\/wp-json\/wp\/v2\/product_tag?post=1009135"}],"curies":[{"name":"wp","href":"https:\/\/api.w.org\/{rel}","templated":true}]}}