{"id":1009159,"date":"2025-01-24T09:41:18","date_gmt":"2025-01-24T08:41:18","guid":{"rendered":"https:\/\/hubsch-interior.com\/product\/product\/"},"modified":"2026-04-14T04:55:32","modified_gmt":"2026-04-14T02:55:32","slug":"forma-schuhschrank-naturfarben","status":"publish","type":"product","link":"https:\/\/hubsch-interior.com\/de\/produkt\/forma-schuhschrank-naturfarben\/","title":{"rendered":"Forma Schuhschrank Naturfarben"},"content":{"rendered":"<p>Entdecken Sie das neue Familienmitglied der Forma-Serie \u2013 den Forma Schuhschrank. Dieses M\u00f6belst\u00fcck aus FSC-zertifiziertem Holz verleiht Ihrem Zuhause Eleganz. Sein funktionales und sch\u00f6nes Design bietet zweilagige Schuhaufbewahrung und ist ideal f\u00fcr Eingangsbereiche, in denen Platz Mangelware ist. F\u00fcr diejenigen mit einer gr\u00f6\u00dferen Sammlung k\u00f6nnen einfach zwei Schr\u00e4nke kombiniert werden, um zus\u00e4tzlichen Stauraum zu schaffen. Eine stilvolle und \u00e4u\u00dferst minimalistische L\u00f6sung, um Ihren Raum ordentlich zu halten und Ihre Schuhe \u00fcbersichtlich zu organisieren.<\/p>\n","protected":false},"excerpt":{"rendered":"<p>Entdecken Sie das neue Familienmitglied der Forma-Serie \u2013 den Forma Schuhschrank. Dieses M\u00f6belst\u00fcck aus FSC-zertifiziertem Holz verleiht Ihrem Zuhause Eleganz. Sein funktionales und sch\u00f6nes Design bietet zweilagige Schuhaufbewahrung und ist ideal f\u00fcr Eingangsbereiche, in denen Platz Mangelware ist. F\u00fcr diejenigen mit einer gr\u00f6\u00dferen Sammlung k\u00f6nnen einfach zwei Schr\u00e4nke kombiniert werden, um zus\u00e4tzlichen Stauraum zu schaffen. [&hellip;]<\/p>\n","protected":false},"featured_media":1104433,"template":"","meta":{"_acf_changed":false,"inline_featured_image":false},"product_brand":[],"product_cat":[6998,6323,4003,4853,5027],"product_tag":[],"class_list":{"0":"post-1009159","1":"product","2":"type-product","3":"status-publish","4":"has-post-thumbnail","6":"product_cat-the-buzz-de","7":"product_cat-fsc-de","8":"product_cat-regale-aufbewahrung-de","9":"product_cat-schuhschrank-de","10":"product_cat-bestsellers-de","11":"product_shipping_class-p05","13":"pa_color-naturfarben-2","14":"pa_material-mdf-de","15":"pa_material-eichenfurnier","17":"first","18":"instock","19":"featured","20":"taxable","21":"shipping-taxable","22":"purchasable","23":"product-type-simple"},"exclude_global_add_ons":[],"addons":[],"acf":[],"yoast_head":"<!-- This site is optimized with the Yoast SEO plugin v26.4 - https:\/\/yoast.com\/wordpress\/plugins\/seo\/ -->\n<title>Forma Schuhschrank Naturfarben - H\u00fcbsch<\/title>\n<meta name=\"description\" content=\"Entdecken Sie das neue Familienmitglied der Forma-Serie \u2013 den Forma Schuhschrank. Dieses M\u00f6belst\u00fcck aus FSC-zertifiziertem Holz verleiht Ihrem Zuhause\" \/>\n<meta name=\"robots\" content=\"index, follow, max-snippet:-1, max-image-preview:large, max-video-preview:-1\" \/>\n<link rel=\"canonical\" href=\"https:\/\/hubsch-interior.com\/de\/wp-json\/wp\/v2\/product\/1009159\" \/>\n<meta property=\"og:locale\" content=\"de_DE\" \/>\n<meta property=\"og:type\" content=\"article\" \/>\n<meta property=\"og:title\" content=\"Forma Schuhschrank Naturfarben - H\u00fcbsch\" \/>\n<meta property=\"og:description\" content=\"Entdecken Sie das neue Familienmitglied der Forma-Serie \u2013 den Forma Schuhschrank. Dieses M\u00f6belst\u00fcck aus FSC-zertifiziertem Holz verleiht Ihrem Zuhause\" \/>\n<meta property=\"og:url\" content=\"https:\/\/hubsch-interior.com\/de\/produkt\/forma-schuhschrank-naturfarben\/\" \/>\n<meta property=\"og:site_name\" content=\"H\u00fcbsch\" \/>\n<meta property=\"article:modified_time\" content=\"2026-04-14T02:55:32+00:00\" \/>\n<meta property=\"og:image\" content=\"https:\/\/hubsch-interior.com\/wp-content\/uploads\/2025\/01\/forma-shoe-cabinet-natural-ad2d7c041144b9c931aef08fc724e38d.jpg\" \/>\n\t<meta property=\"og:image:width\" content=\"1200\" \/>\n\t<meta property=\"og:image:height\" content=\"1200\" \/>\n\t<meta property=\"og:image:type\" content=\"image\/jpeg\" \/>\n<meta name=\"twitter:card\" content=\"summary_large_image\" \/>\n<script type=\"application\/ld+json\" class=\"yoast-schema-graph\">{\"@context\":\"https:\/\/schema.org\",\"@graph\":[{\"@type\":\"WebPage\",\"@id\":\"https:\/\/hubsch-interior.com\/de\/produkt\/forma-schuhschrank-naturfarben\/\",\"url\":\"https:\/\/hubsch-interior.com\/de\/produkt\/forma-schuhschrank-naturfarben\/\",\"name\":\"Forma Schuhschrank Naturfarben - H\u00fcbsch\",\"isPartOf\":{\"@id\":\"https:\/\/hubsch-interior.com\/de\/#website\"},\"primaryImageOfPage\":{\"@id\":\"https:\/\/hubsch-interior.com\/de\/produkt\/forma-schuhschrank-naturfarben\/#primaryimage\"},\"image\":{\"@id\":\"https:\/\/hubsch-interior.com\/de\/produkt\/forma-schuhschrank-naturfarben\/#primaryimage\"},\"thumbnailUrl\":\"https:\/\/hubsch-interior.com\/wp-content\/uploads\/2026\/02\/forma-shoe-cabinet-natural-eb44aaab2434e3ed74adcff0c2b16952.jpg\",\"datePublished\":\"2025-01-24T08:41:18+00:00\",\"dateModified\":\"2026-04-14T02:55:32+00:00\",\"description\":\"Entdecken Sie das neue Familienmitglied der Forma-Serie \u2013 den Forma Schuhschrank. Dieses M\u00f6belst\u00fcck aus FSC-zertifiziertem Holz verleiht Ihrem Zuhause\",\"breadcrumb\":{\"@id\":\"https:\/\/hubsch-interior.com\/de\/produkt\/forma-schuhschrank-naturfarben\/#breadcrumb\"},\"inLanguage\":\"de\",\"potentialAction\":[{\"@type\":\"ReadAction\",\"target\":[\"https:\/\/hubsch-interior.com\/de\/produkt\/forma-schuhschrank-naturfarben\/\"]}]},{\"@type\":\"ImageObject\",\"inLanguage\":\"de\",\"@id\":\"https:\/\/hubsch-interior.com\/de\/produkt\/forma-schuhschrank-naturfarben\/#primaryimage\",\"url\":\"https:\/\/hubsch-interior.com\/wp-content\/uploads\/2026\/02\/forma-shoe-cabinet-natural-eb44aaab2434e3ed74adcff0c2b16952.jpg\",\"contentUrl\":\"https:\/\/hubsch-interior.com\/wp-content\/uploads\/2026\/02\/forma-shoe-cabinet-natural-eb44aaab2434e3ed74adcff0c2b16952.jpg\",\"width\":1024,\"height\":1024},{\"@type\":\"BreadcrumbList\",\"@id\":\"https:\/\/hubsch-interior.com\/de\/produkt\/forma-schuhschrank-naturfarben\/#breadcrumb\",\"itemListElement\":[{\"@type\":\"ListItem\",\"position\":1,\"name\":\"Startseite\",\"item\":\"https:\/\/hubsch-interior.com\/de\/\"},{\"@type\":\"ListItem\",\"position\":2,\"name\":\"Produkte\",\"item\":\"https:\/\/hubsch-interior.com\/de\/shop-2\/\"},{\"@type\":\"ListItem\",\"position\":3,\"name\":\"M\u00f6bel\",\"item\":\"https:\/\/hubsch-interior.com\/de\/produkt-kategorie\/moebel\/\"},{\"@type\":\"ListItem\",\"position\":4,\"name\":\"Regale &amp; Aufbewahrung\",\"item\":\"https:\/\/hubsch-interior.com\/de\/produkt-kategorie\/moebel\/regale-aufbewahrung-de\/\"},{\"@type\":\"ListItem\",\"position\":5,\"name\":\"Schuhschrank\",\"item\":\"https:\/\/hubsch-interior.com\/de\/produkt-kategorie\/moebel\/regale-aufbewahrung-de\/schuhschrank-de\/\"},{\"@type\":\"ListItem\",\"position\":6,\"name\":\"Forma Schuhschrank Naturfarben\"}]},{\"@type\":\"WebSite\",\"@id\":\"https:\/\/hubsch-interior.com\/de\/#website\",\"url\":\"https:\/\/hubsch-interior.com\/de\/\",\"name\":\"H\u00fcbsch\",\"description\":\"Danish Home Interior and Design\",\"publisher\":{\"@id\":\"https:\/\/hubsch-interior.com\/de\/#organization\"},\"potentialAction\":[{\"@type\":\"SearchAction\",\"target\":{\"@type\":\"EntryPoint\",\"urlTemplate\":\"https:\/\/hubsch-interior.com\/de\/?s={search_term_string}\"},\"query-input\":{\"@type\":\"PropertyValueSpecification\",\"valueRequired\":true,\"valueName\":\"search_term_string\"}}],\"inLanguage\":\"de\"},{\"@type\":\"Organization\",\"@id\":\"https:\/\/hubsch-interior.com\/de\/#organization\",\"name\":\"H\u00fcbsch\",\"url\":\"https:\/\/hubsch-interior.com\/de\/\",\"logo\":{\"@type\":\"ImageObject\",\"inLanguage\":\"de\",\"@id\":\"https:\/\/hubsch-interior.com\/de\/#\/schema\/logo\/image\/\",\"url\":\"https:\/\/hubsch-interior.com\/wp-content\/uploads\/2022\/12\/Hubsch_logo_black_one_line.svg\",\"contentUrl\":\"https:\/\/hubsch-interior.com\/wp-content\/uploads\/2022\/12\/Hubsch_logo_black_one_line.svg\",\"caption\":\"H\u00fcbsch\"},\"image\":{\"@id\":\"https:\/\/hubsch-interior.com\/de\/#\/schema\/logo\/image\/\"}}]}<\/script>\n<!-- \/ Yoast SEO plugin. -->","yoast_head_json":{"title":"Forma Schuhschrank Naturfarben - H\u00fcbsch","description":"Entdecken Sie das neue Familienmitglied der Forma-Serie \u2013 den Forma Schuhschrank. Dieses M\u00f6belst\u00fcck aus FSC-zertifiziertem Holz verleiht Ihrem Zuhause","robots":{"index":"index","follow":"follow","max-snippet":"max-snippet:-1","max-image-preview":"max-image-preview:large","max-video-preview":"max-video-preview:-1"},"canonical":"https:\/\/hubsch-interior.com\/de\/wp-json\/wp\/v2\/product\/1009159","og_locale":"de_DE","og_type":"article","og_title":"Forma Schuhschrank Naturfarben - H\u00fcbsch","og_description":"Entdecken Sie das neue Familienmitglied der Forma-Serie \u2013 den Forma Schuhschrank. Dieses M\u00f6belst\u00fcck aus FSC-zertifiziertem Holz verleiht Ihrem Zuhause","og_url":"https:\/\/hubsch-interior.com\/de\/produkt\/forma-schuhschrank-naturfarben\/","og_site_name":"H\u00fcbsch","article_modified_time":"2026-04-14T02:55:32+00:00","og_image":[{"width":1200,"height":1200,"url":"https:\/\/hubsch-interior.com\/wp-content\/uploads\/2025\/01\/forma-shoe-cabinet-natural-ad2d7c041144b9c931aef08fc724e38d.jpg","type":"image\/jpeg"}],"twitter_card":"summary_large_image","schema":{"@context":"https:\/\/schema.org","@graph":[{"@type":"WebPage","@id":"https:\/\/hubsch-interior.com\/de\/produkt\/forma-schuhschrank-naturfarben\/","url":"https:\/\/hubsch-interior.com\/de\/produkt\/forma-schuhschrank-naturfarben\/","name":"Forma Schuhschrank Naturfarben - H\u00fcbsch","isPartOf":{"@id":"https:\/\/hubsch-interior.com\/de\/#website"},"primaryImageOfPage":{"@id":"https:\/\/hubsch-interior.com\/de\/produkt\/forma-schuhschrank-naturfarben\/#primaryimage"},"image":{"@id":"https:\/\/hubsch-interior.com\/de\/produkt\/forma-schuhschrank-naturfarben\/#primaryimage"},"thumbnailUrl":"https:\/\/hubsch-interior.com\/wp-content\/uploads\/2026\/02\/forma-shoe-cabinet-natural-eb44aaab2434e3ed74adcff0c2b16952.jpg","datePublished":"2025-01-24T08:41:18+00:00","dateModified":"2026-04-14T02:55:32+00:00","description":"Entdecken Sie das neue Familienmitglied der Forma-Serie \u2013 den Forma Schuhschrank. Dieses M\u00f6belst\u00fcck aus FSC-zertifiziertem Holz verleiht Ihrem Zuhause","breadcrumb":{"@id":"https:\/\/hubsch-interior.com\/de\/produkt\/forma-schuhschrank-naturfarben\/#breadcrumb"},"inLanguage":"de","potentialAction":[{"@type":"ReadAction","target":["https:\/\/hubsch-interior.com\/de\/produkt\/forma-schuhschrank-naturfarben\/"]}]},{"@type":"ImageObject","inLanguage":"de","@id":"https:\/\/hubsch-interior.com\/de\/produkt\/forma-schuhschrank-naturfarben\/#primaryimage","url":"https:\/\/hubsch-interior.com\/wp-content\/uploads\/2026\/02\/forma-shoe-cabinet-natural-eb44aaab2434e3ed74adcff0c2b16952.jpg","contentUrl":"https:\/\/hubsch-interior.com\/wp-content\/uploads\/2026\/02\/forma-shoe-cabinet-natural-eb44aaab2434e3ed74adcff0c2b16952.jpg","width":1024,"height":1024},{"@type":"BreadcrumbList","@id":"https:\/\/hubsch-interior.com\/de\/produkt\/forma-schuhschrank-naturfarben\/#breadcrumb","itemListElement":[{"@type":"ListItem","position":1,"name":"Startseite","item":"https:\/\/hubsch-interior.com\/de\/"},{"@type":"ListItem","position":2,"name":"Produkte","item":"https:\/\/hubsch-interior.com\/de\/shop-2\/"},{"@type":"ListItem","position":3,"name":"M\u00f6bel","item":"https:\/\/hubsch-interior.com\/de\/produkt-kategorie\/moebel\/"},{"@type":"ListItem","position":4,"name":"Regale &amp; Aufbewahrung","item":"https:\/\/hubsch-interior.com\/de\/produkt-kategorie\/moebel\/regale-aufbewahrung-de\/"},{"@type":"ListItem","position":5,"name":"Schuhschrank","item":"https:\/\/hubsch-interior.com\/de\/produkt-kategorie\/moebel\/regale-aufbewahrung-de\/schuhschrank-de\/"},{"@type":"ListItem","position":6,"name":"Forma Schuhschrank Naturfarben"}]},{"@type":"WebSite","@id":"https:\/\/hubsch-interior.com\/de\/#website","url":"https:\/\/hubsch-interior.com\/de\/","name":"H\u00fcbsch","description":"Danish Home Interior and Design","publisher":{"@id":"https:\/\/hubsch-interior.com\/de\/#organization"},"potentialAction":[{"@type":"SearchAction","target":{"@type":"EntryPoint","urlTemplate":"https:\/\/hubsch-interior.com\/de\/?s={search_term_string}"},"query-input":{"@type":"PropertyValueSpecification","valueRequired":true,"valueName":"search_term_string"}}],"inLanguage":"de"},{"@type":"Organization","@id":"https:\/\/hubsch-interior.com\/de\/#organization","name":"H\u00fcbsch","url":"https:\/\/hubsch-interior.com\/de\/","logo":{"@type":"ImageObject","inLanguage":"de","@id":"https:\/\/hubsch-interior.com\/de\/#\/schema\/logo\/image\/","url":"https:\/\/hubsch-interior.com\/wp-content\/uploads\/2022\/12\/Hubsch_logo_black_one_line.svg","contentUrl":"https:\/\/hubsch-interior.com\/wp-content\/uploads\/2022\/12\/Hubsch_logo_black_one_line.svg","caption":"H\u00fcbsch"},"image":{"@id":"https:\/\/hubsch-interior.com\/de\/#\/schema\/logo\/image\/"}}]}},"_links":{"self":[{"href":"https:\/\/hubsch-interior.com\/de\/wp-json\/wp\/v2\/product\/1009159","targetHints":{"allow":["GET"]}}],"collection":[{"href":"https:\/\/hubsch-interior.com\/de\/wp-json\/wp\/v2\/product"}],"about":[{"href":"https:\/\/hubsch-interior.com\/de\/wp-json\/wp\/v2\/types\/product"}],"wp:featuredmedia":[{"embeddable":true,"href":"https:\/\/hubsch-interior.com\/de\/wp-json\/wp\/v2\/media\/1104433"}],"wp:attachment":[{"href":"https:\/\/hubsch-interior.com\/de\/wp-json\/wp\/v2\/media?parent=1009159"}],"wp:term":[{"taxonomy":"product_brand","embeddable":true,"href":"https:\/\/hubsch-interior.com\/de\/wp-json\/wp\/v2\/product_brand?post=1009159"},{"taxonomy":"product_cat","embeddable":true,"href":"https:\/\/hubsch-interior.com\/de\/wp-json\/wp\/v2\/product_cat?post=1009159"},{"taxonomy":"product_tag","embeddable":true,"href":"https:\/\/hubsch-interior.com\/de\/wp-json\/wp\/v2\/product_tag?post=1009159"}],"curies":[{"name":"wp","href":"https:\/\/api.w.org\/{rel}","templated":true}]}}