{"id":1009279,"date":"2025-01-24T09:43:22","date_gmt":"2025-01-24T08:43:22","guid":{"rendered":"https:\/\/hubsch-interior.com\/product\/product\/"},"modified":"2026-04-29T04:57:31","modified_gmt":"2026-04-29T02:57:31","slug":"bifi-bank-sandfarben-naturfarben","status":"publish","type":"product","link":"https:\/\/hubsch-interior.com\/de\/produkt\/bifi-bank-sandfarben-naturfarben\/","title":{"rendered":"Bifi Bank Sandfarben\/Naturfarben"},"content":{"rendered":"<p>Lernen Sie die Bifi Bank kennen, eine charmante Erg\u00e4nzung f\u00fcr Ihr Zuhause. Von FSC zertifiziert, vereint dieses ansprechende M\u00f6belst\u00fcck clever Stauraum unter einer gepolsterten Sitzfl\u00e4che f\u00fcr Komfort. Verstauen Sie Schuhe, H\u00fcte und Schals unsichtbar und halten Sie Ihren Eingangsbereich ordentlich und einladend. Die Bifi Bank ist mehr als nur eine Sitzbank; sie ist der perfekte funktionale Sitz f\u00fcr Ihren Eingang und verbindet Funktionalit\u00e4t mit Eleganz. Ideal f\u00fcr jedes Zuhause, das einen Hauch von Klasse sucht.<\/p>\n","protected":false},"excerpt":{"rendered":"<p>Lernen Sie die Bifi Bank kennen, eine charmante Erg\u00e4nzung f\u00fcr Ihr Zuhause. Von FSC zertifiziert, vereint dieses ansprechende M\u00f6belst\u00fcck clever Stauraum unter einer gepolsterten Sitzfl\u00e4che f\u00fcr Komfort. Verstauen Sie Schuhe, H\u00fcte und Schals unsichtbar und halten Sie Ihren Eingangsbereich ordentlich und einladend. Die Bifi Bank ist mehr als nur eine Sitzbank; sie ist der perfekte [&hellip;]<\/p>\n","protected":false},"featured_media":1104537,"template":"","meta":{"_acf_changed":false,"inline_featured_image":false},"product_brand":[],"product_cat":[6998,6323,2845,2878,5027],"product_tag":[],"class_list":{"0":"post-1009279","1":"product","2":"type-product","3":"status-publish","4":"has-post-thumbnail","6":"product_cat-the-buzz-de","7":"product_cat-fsc-de","8":"product_cat-sitzmoebel-de","9":"product_cat-baenke-de","10":"product_cat-bestsellers-de","11":"product_shipping_class-pk","13":"pa_color-sandfarben","14":"pa_color-naturfarben-2","15":"pa_material-mdf-de","16":"pa_material-polyester-100-de","17":"pa_material-eichenfurnier","18":"pa_material-eichenholz","20":"first","21":"instock","22":"featured","23":"taxable","24":"shipping-taxable","25":"purchasable","26":"product-type-simple"},"exclude_global_add_ons":[],"addons":[],"acf":[],"yoast_head":"<!-- This site is optimized with the Yoast SEO plugin v26.4 - https:\/\/yoast.com\/wordpress\/plugins\/seo\/ -->\n<title>Bifi Bank Sandfarben\/Naturfarben - H\u00fcbsch<\/title>\n<meta name=\"description\" content=\"Lernen Sie die Bifi Bank kennen, eine charmante Erg\u00e4nzung f\u00fcr Ihr Zuhause. Von FSC zertifiziert, vereint dieses ansprechende M\u00f6belst\u00fcck clever Stauraum\" \/>\n<meta name=\"robots\" content=\"index, follow, max-snippet:-1, max-image-preview:large, max-video-preview:-1\" \/>\n<link rel=\"canonical\" href=\"https:\/\/hubsch-interior.com\/de\/wp-json\/wp\/v2\/product\/1009279\" \/>\n<meta property=\"og:locale\" content=\"de_DE\" \/>\n<meta property=\"og:type\" content=\"article\" \/>\n<meta property=\"og:title\" content=\"Bifi Bank Sandfarben\/Naturfarben - H\u00fcbsch\" \/>\n<meta property=\"og:description\" content=\"Lernen Sie die Bifi Bank kennen, eine charmante Erg\u00e4nzung f\u00fcr Ihr Zuhause. Von FSC zertifiziert, vereint dieses ansprechende M\u00f6belst\u00fcck clever Stauraum\" \/>\n<meta property=\"og:url\" content=\"https:\/\/hubsch-interior.com\/de\/produkt\/bifi-bank-sandfarben-naturfarben\/\" \/>\n<meta property=\"og:site_name\" content=\"H\u00fcbsch\" \/>\n<meta property=\"article:modified_time\" content=\"2026-04-29T02:57:31+00:00\" \/>\n<meta property=\"og:image\" content=\"https:\/\/hubsch-interior.com\/wp-content\/uploads\/2026\/02\/bifi-bench-sandnatural-ccf3d259518da2a1154788ad6c475c2d.jpg\" \/>\n\t<meta property=\"og:image:width\" content=\"1024\" \/>\n\t<meta property=\"og:image:height\" content=\"1024\" \/>\n\t<meta property=\"og:image:type\" content=\"image\/jpeg\" \/>\n<meta name=\"twitter:card\" content=\"summary_large_image\" \/>\n<script type=\"application\/ld+json\" class=\"yoast-schema-graph\">{\"@context\":\"https:\/\/schema.org\",\"@graph\":[{\"@type\":\"WebPage\",\"@id\":\"https:\/\/hubsch-interior.com\/de\/produkt\/bifi-bank-sandfarben-naturfarben\/\",\"url\":\"https:\/\/hubsch-interior.com\/de\/produkt\/bifi-bank-sandfarben-naturfarben\/\",\"name\":\"Bifi Bank Sandfarben\/Naturfarben - H\u00fcbsch\",\"isPartOf\":{\"@id\":\"https:\/\/hubsch-interior.com\/de\/#website\"},\"primaryImageOfPage\":{\"@id\":\"https:\/\/hubsch-interior.com\/de\/produkt\/bifi-bank-sandfarben-naturfarben\/#primaryimage\"},\"image\":{\"@id\":\"https:\/\/hubsch-interior.com\/de\/produkt\/bifi-bank-sandfarben-naturfarben\/#primaryimage\"},\"thumbnailUrl\":\"https:\/\/hubsch-interior.com\/wp-content\/uploads\/2026\/02\/bifi-bench-sandnatural-ccf3d259518da2a1154788ad6c475c2d.jpg\",\"datePublished\":\"2025-01-24T08:43:22+00:00\",\"dateModified\":\"2026-04-29T02:57:31+00:00\",\"description\":\"Lernen Sie die Bifi Bank kennen, eine charmante Erg\u00e4nzung f\u00fcr Ihr Zuhause. Von FSC zertifiziert, vereint dieses ansprechende M\u00f6belst\u00fcck clever Stauraum\",\"breadcrumb\":{\"@id\":\"https:\/\/hubsch-interior.com\/de\/produkt\/bifi-bank-sandfarben-naturfarben\/#breadcrumb\"},\"inLanguage\":\"de\",\"potentialAction\":[{\"@type\":\"ReadAction\",\"target\":[\"https:\/\/hubsch-interior.com\/de\/produkt\/bifi-bank-sandfarben-naturfarben\/\"]}]},{\"@type\":\"ImageObject\",\"inLanguage\":\"de\",\"@id\":\"https:\/\/hubsch-interior.com\/de\/produkt\/bifi-bank-sandfarben-naturfarben\/#primaryimage\",\"url\":\"https:\/\/hubsch-interior.com\/wp-content\/uploads\/2026\/02\/bifi-bench-sandnatural-ccf3d259518da2a1154788ad6c475c2d.jpg\",\"contentUrl\":\"https:\/\/hubsch-interior.com\/wp-content\/uploads\/2026\/02\/bifi-bench-sandnatural-ccf3d259518da2a1154788ad6c475c2d.jpg\",\"width\":1024,\"height\":1024},{\"@type\":\"BreadcrumbList\",\"@id\":\"https:\/\/hubsch-interior.com\/de\/produkt\/bifi-bank-sandfarben-naturfarben\/#breadcrumb\",\"itemListElement\":[{\"@type\":\"ListItem\",\"position\":1,\"name\":\"Startseite\",\"item\":\"https:\/\/hubsch-interior.com\/de\/\"},{\"@type\":\"ListItem\",\"position\":2,\"name\":\"Produkte\",\"item\":\"https:\/\/hubsch-interior.com\/de\/shop-2\/\"},{\"@type\":\"ListItem\",\"position\":3,\"name\":\"M\u00f6bel\",\"item\":\"https:\/\/hubsch-interior.com\/de\/produkt-kategorie\/moebel\/\"},{\"@type\":\"ListItem\",\"position\":4,\"name\":\"Sitzm&ouml;bel\",\"item\":\"https:\/\/hubsch-interior.com\/de\/produkt-kategorie\/moebel\/sitzmoebel-de\/\"},{\"@type\":\"ListItem\",\"position\":5,\"name\":\"B&auml;nke\",\"item\":\"https:\/\/hubsch-interior.com\/de\/produkt-kategorie\/moebel\/sitzmoebel-de\/baenke-de\/\"},{\"@type\":\"ListItem\",\"position\":6,\"name\":\"Bifi Bank Sandfarben\/Naturfarben\"}]},{\"@type\":\"WebSite\",\"@id\":\"https:\/\/hubsch-interior.com\/de\/#website\",\"url\":\"https:\/\/hubsch-interior.com\/de\/\",\"name\":\"H\u00fcbsch\",\"description\":\"Danish Home Interior and Design\",\"publisher\":{\"@id\":\"https:\/\/hubsch-interior.com\/de\/#organization\"},\"potentialAction\":[{\"@type\":\"SearchAction\",\"target\":{\"@type\":\"EntryPoint\",\"urlTemplate\":\"https:\/\/hubsch-interior.com\/de\/?s={search_term_string}\"},\"query-input\":{\"@type\":\"PropertyValueSpecification\",\"valueRequired\":true,\"valueName\":\"search_term_string\"}}],\"inLanguage\":\"de\"},{\"@type\":\"Organization\",\"@id\":\"https:\/\/hubsch-interior.com\/de\/#organization\",\"name\":\"H\u00fcbsch\",\"url\":\"https:\/\/hubsch-interior.com\/de\/\",\"logo\":{\"@type\":\"ImageObject\",\"inLanguage\":\"de\",\"@id\":\"https:\/\/hubsch-interior.com\/de\/#\/schema\/logo\/image\/\",\"url\":\"https:\/\/hubsch-interior.com\/wp-content\/uploads\/2022\/12\/Hubsch_logo_black_one_line.svg\",\"contentUrl\":\"https:\/\/hubsch-interior.com\/wp-content\/uploads\/2022\/12\/Hubsch_logo_black_one_line.svg\",\"caption\":\"H\u00fcbsch\"},\"image\":{\"@id\":\"https:\/\/hubsch-interior.com\/de\/#\/schema\/logo\/image\/\"}}]}<\/script>\n<!-- \/ Yoast SEO plugin. -->","yoast_head_json":{"title":"Bifi Bank Sandfarben\/Naturfarben - H\u00fcbsch","description":"Lernen Sie die Bifi Bank kennen, eine charmante Erg\u00e4nzung f\u00fcr Ihr Zuhause. Von FSC zertifiziert, vereint dieses ansprechende M\u00f6belst\u00fcck clever Stauraum","robots":{"index":"index","follow":"follow","max-snippet":"max-snippet:-1","max-image-preview":"max-image-preview:large","max-video-preview":"max-video-preview:-1"},"canonical":"https:\/\/hubsch-interior.com\/de\/wp-json\/wp\/v2\/product\/1009279","og_locale":"de_DE","og_type":"article","og_title":"Bifi Bank Sandfarben\/Naturfarben - H\u00fcbsch","og_description":"Lernen Sie die Bifi Bank kennen, eine charmante Erg\u00e4nzung f\u00fcr Ihr Zuhause. Von FSC zertifiziert, vereint dieses ansprechende M\u00f6belst\u00fcck clever Stauraum","og_url":"https:\/\/hubsch-interior.com\/de\/produkt\/bifi-bank-sandfarben-naturfarben\/","og_site_name":"H\u00fcbsch","article_modified_time":"2026-04-29T02:57:31+00:00","og_image":[{"width":1024,"height":1024,"url":"https:\/\/hubsch-interior.com\/wp-content\/uploads\/2026\/02\/bifi-bench-sandnatural-ccf3d259518da2a1154788ad6c475c2d.jpg","type":"image\/jpeg"}],"twitter_card":"summary_large_image","schema":{"@context":"https:\/\/schema.org","@graph":[{"@type":"WebPage","@id":"https:\/\/hubsch-interior.com\/de\/produkt\/bifi-bank-sandfarben-naturfarben\/","url":"https:\/\/hubsch-interior.com\/de\/produkt\/bifi-bank-sandfarben-naturfarben\/","name":"Bifi Bank Sandfarben\/Naturfarben - H\u00fcbsch","isPartOf":{"@id":"https:\/\/hubsch-interior.com\/de\/#website"},"primaryImageOfPage":{"@id":"https:\/\/hubsch-interior.com\/de\/produkt\/bifi-bank-sandfarben-naturfarben\/#primaryimage"},"image":{"@id":"https:\/\/hubsch-interior.com\/de\/produkt\/bifi-bank-sandfarben-naturfarben\/#primaryimage"},"thumbnailUrl":"https:\/\/hubsch-interior.com\/wp-content\/uploads\/2026\/02\/bifi-bench-sandnatural-ccf3d259518da2a1154788ad6c475c2d.jpg","datePublished":"2025-01-24T08:43:22+00:00","dateModified":"2026-04-29T02:57:31+00:00","description":"Lernen Sie die Bifi Bank kennen, eine charmante Erg\u00e4nzung f\u00fcr Ihr Zuhause. Von FSC zertifiziert, vereint dieses ansprechende M\u00f6belst\u00fcck clever Stauraum","breadcrumb":{"@id":"https:\/\/hubsch-interior.com\/de\/produkt\/bifi-bank-sandfarben-naturfarben\/#breadcrumb"},"inLanguage":"de","potentialAction":[{"@type":"ReadAction","target":["https:\/\/hubsch-interior.com\/de\/produkt\/bifi-bank-sandfarben-naturfarben\/"]}]},{"@type":"ImageObject","inLanguage":"de","@id":"https:\/\/hubsch-interior.com\/de\/produkt\/bifi-bank-sandfarben-naturfarben\/#primaryimage","url":"https:\/\/hubsch-interior.com\/wp-content\/uploads\/2026\/02\/bifi-bench-sandnatural-ccf3d259518da2a1154788ad6c475c2d.jpg","contentUrl":"https:\/\/hubsch-interior.com\/wp-content\/uploads\/2026\/02\/bifi-bench-sandnatural-ccf3d259518da2a1154788ad6c475c2d.jpg","width":1024,"height":1024},{"@type":"BreadcrumbList","@id":"https:\/\/hubsch-interior.com\/de\/produkt\/bifi-bank-sandfarben-naturfarben\/#breadcrumb","itemListElement":[{"@type":"ListItem","position":1,"name":"Startseite","item":"https:\/\/hubsch-interior.com\/de\/"},{"@type":"ListItem","position":2,"name":"Produkte","item":"https:\/\/hubsch-interior.com\/de\/shop-2\/"},{"@type":"ListItem","position":3,"name":"M\u00f6bel","item":"https:\/\/hubsch-interior.com\/de\/produkt-kategorie\/moebel\/"},{"@type":"ListItem","position":4,"name":"Sitzm&ouml;bel","item":"https:\/\/hubsch-interior.com\/de\/produkt-kategorie\/moebel\/sitzmoebel-de\/"},{"@type":"ListItem","position":5,"name":"B&auml;nke","item":"https:\/\/hubsch-interior.com\/de\/produkt-kategorie\/moebel\/sitzmoebel-de\/baenke-de\/"},{"@type":"ListItem","position":6,"name":"Bifi Bank Sandfarben\/Naturfarben"}]},{"@type":"WebSite","@id":"https:\/\/hubsch-interior.com\/de\/#website","url":"https:\/\/hubsch-interior.com\/de\/","name":"H\u00fcbsch","description":"Danish Home Interior and Design","publisher":{"@id":"https:\/\/hubsch-interior.com\/de\/#organization"},"potentialAction":[{"@type":"SearchAction","target":{"@type":"EntryPoint","urlTemplate":"https:\/\/hubsch-interior.com\/de\/?s={search_term_string}"},"query-input":{"@type":"PropertyValueSpecification","valueRequired":true,"valueName":"search_term_string"}}],"inLanguage":"de"},{"@type":"Organization","@id":"https:\/\/hubsch-interior.com\/de\/#organization","name":"H\u00fcbsch","url":"https:\/\/hubsch-interior.com\/de\/","logo":{"@type":"ImageObject","inLanguage":"de","@id":"https:\/\/hubsch-interior.com\/de\/#\/schema\/logo\/image\/","url":"https:\/\/hubsch-interior.com\/wp-content\/uploads\/2022\/12\/Hubsch_logo_black_one_line.svg","contentUrl":"https:\/\/hubsch-interior.com\/wp-content\/uploads\/2022\/12\/Hubsch_logo_black_one_line.svg","caption":"H\u00fcbsch"},"image":{"@id":"https:\/\/hubsch-interior.com\/de\/#\/schema\/logo\/image\/"}}]}},"_links":{"self":[{"href":"https:\/\/hubsch-interior.com\/de\/wp-json\/wp\/v2\/product\/1009279","targetHints":{"allow":["GET"]}}],"collection":[{"href":"https:\/\/hubsch-interior.com\/de\/wp-json\/wp\/v2\/product"}],"about":[{"href":"https:\/\/hubsch-interior.com\/de\/wp-json\/wp\/v2\/types\/product"}],"wp:featuredmedia":[{"embeddable":true,"href":"https:\/\/hubsch-interior.com\/de\/wp-json\/wp\/v2\/media\/1104537"}],"wp:attachment":[{"href":"https:\/\/hubsch-interior.com\/de\/wp-json\/wp\/v2\/media?parent=1009279"}],"wp:term":[{"taxonomy":"product_brand","embeddable":true,"href":"https:\/\/hubsch-interior.com\/de\/wp-json\/wp\/v2\/product_brand?post=1009279"},{"taxonomy":"product_cat","embeddable":true,"href":"https:\/\/hubsch-interior.com\/de\/wp-json\/wp\/v2\/product_cat?post=1009279"},{"taxonomy":"product_tag","embeddable":true,"href":"https:\/\/hubsch-interior.com\/de\/wp-json\/wp\/v2\/product_tag?post=1009279"}],"curies":[{"name":"wp","href":"https:\/\/api.w.org\/{rel}","templated":true}]}}