{"id":1009303,"date":"2025-01-24T09:43:47","date_gmt":"2025-01-24T08:43:47","guid":{"rendered":"https:\/\/hubsch-interior.com\/product\/product\/"},"modified":"2026-04-14T04:55:54","modified_gmt":"2026-04-14T02:55:54","slug":"geo-esstisch-naturfarben","status":"publish","type":"product","link":"https:\/\/hubsch-interior.com\/de\/produkt\/geo-esstisch-naturfarben\/","title":{"rendered":"Geo Esstisch Naturfarben"},"content":{"rendered":"<p>Erfreuen Sie sich an der warmen Ausstrahlung des Geo Esstischs, ein Zeugnis f\u00fcr durchdachte Handwerkskunst. Gefertigt aus FSC-zertifiziertem Eichenholz und Furnier, besticht er durch seine nat\u00fcrliche Farbgebung, die eine ruhige Atmosph\u00e4re in jeden Essbereich bringt. Dieser quadratische Esstisch verbindet Charakter mit allt\u00e4glicher Funktionalit\u00e4t und eignet sich daher hervorragend f\u00fcr kleinere Wohnr\u00e4ume. Mit bequemem Platz f\u00fcr bis zu 4 Personen ist er ideal f\u00fcr intime Abendessen oder gem\u00fctliche Familienmahlzeiten und sorgt daf\u00fcr, dass jede Zusammenkunft sowohl charmant als auch unvergesslich ist.<\/p>\n","protected":false},"excerpt":{"rendered":"<p>Erfreuen Sie sich an der warmen Ausstrahlung des Geo Esstischs, ein Zeugnis f\u00fcr durchdachte Handwerkskunst. Gefertigt aus FSC-zertifiziertem Eichenholz und Furnier, besticht er durch seine nat\u00fcrliche Farbgebung, die eine ruhige Atmosph\u00e4re in jeden Essbereich bringt. Dieser quadratische Esstisch verbindet Charakter mit allt\u00e4glicher Funktionalit\u00e4t und eignet sich daher hervorragend f\u00fcr kleinere Wohnr\u00e4ume. Mit bequemem Platz f\u00fcr [&hellip;]<\/p>\n","protected":false},"featured_media":1104561,"template":"","meta":{"_acf_changed":false,"inline_featured_image":false},"product_brand":[],"product_cat":[4216,6323,6998,2861],"product_tag":[],"class_list":{"0":"post-1009303","1":"product","2":"type-product","3":"status-publish","4":"has-post-thumbnail","6":"product_cat-esstische-de","7":"product_cat-fsc-de","8":"product_cat-the-buzz-de","9":"product_cat-tische-de","10":"product_shipping_class-p10","12":"pa_color-naturfarben-2","13":"pa_material-eichenfurnier","14":"pa_material-eichenholz","15":"pa_material-mdf-de","17":"first","18":"instock","19":"taxable","20":"shipping-taxable","21":"purchasable","22":"product-type-simple"},"exclude_global_add_ons":[],"addons":[],"acf":[],"yoast_head":"<!-- This site is optimized with the Yoast SEO plugin v26.4 - https:\/\/yoast.com\/wordpress\/plugins\/seo\/ -->\n<title>Geo Esstisch Naturfarben - H\u00fcbsch<\/title>\n<meta name=\"description\" content=\"Erfreuen Sie sich an der warmen Ausstrahlung des Geo Esstischs, ein Zeugnis f\u00fcr durchdachte Handwerkskunst. Gefertigt aus FSC-zertifiziertem Eichenholz\" \/>\n<meta name=\"robots\" content=\"index, follow, max-snippet:-1, max-image-preview:large, max-video-preview:-1\" \/>\n<link rel=\"canonical\" href=\"https:\/\/hubsch-interior.com\/de\/wp-json\/wp\/v2\/product\/1009303\" \/>\n<meta property=\"og:locale\" content=\"de_DE\" \/>\n<meta property=\"og:type\" content=\"article\" \/>\n<meta property=\"og:title\" content=\"Geo Esstisch Naturfarben - H\u00fcbsch\" \/>\n<meta property=\"og:description\" content=\"Erfreuen Sie sich an der warmen Ausstrahlung des Geo Esstischs, ein Zeugnis f\u00fcr durchdachte Handwerkskunst. Gefertigt aus FSC-zertifiziertem Eichenholz\" \/>\n<meta property=\"og:url\" content=\"https:\/\/hubsch-interior.com\/de\/produkt\/geo-esstisch-naturfarben\/\" \/>\n<meta property=\"og:site_name\" content=\"H\u00fcbsch\" \/>\n<meta property=\"article:modified_time\" content=\"2026-04-14T02:55:54+00:00\" \/>\n<meta property=\"og:image\" content=\"https:\/\/hubsch-interior.com\/wp-content\/uploads\/2025\/01\/geo-dining-table-natural-d61d043ea50a7d631a95a5b2f86f0200.jpg\" \/>\n\t<meta property=\"og:image:width\" content=\"1200\" \/>\n\t<meta property=\"og:image:height\" content=\"1200\" \/>\n\t<meta property=\"og:image:type\" content=\"image\/jpeg\" \/>\n<meta name=\"twitter:card\" content=\"summary_large_image\" \/>\n<script type=\"application\/ld+json\" class=\"yoast-schema-graph\">{\"@context\":\"https:\/\/schema.org\",\"@graph\":[{\"@type\":\"WebPage\",\"@id\":\"https:\/\/hubsch-interior.com\/de\/produkt\/geo-esstisch-naturfarben\/\",\"url\":\"https:\/\/hubsch-interior.com\/de\/produkt\/geo-esstisch-naturfarben\/\",\"name\":\"Geo Esstisch Naturfarben - H\u00fcbsch\",\"isPartOf\":{\"@id\":\"https:\/\/hubsch-interior.com\/de\/#website\"},\"primaryImageOfPage\":{\"@id\":\"https:\/\/hubsch-interior.com\/de\/produkt\/geo-esstisch-naturfarben\/#primaryimage\"},\"image\":{\"@id\":\"https:\/\/hubsch-interior.com\/de\/produkt\/geo-esstisch-naturfarben\/#primaryimage\"},\"thumbnailUrl\":\"https:\/\/hubsch-interior.com\/wp-content\/uploads\/2026\/02\/geo-dining-table-natural-65d173bba5c9e2bc9fe9f5606fe2ca08.jpg\",\"datePublished\":\"2025-01-24T08:43:47+00:00\",\"dateModified\":\"2026-04-14T02:55:54+00:00\",\"description\":\"Erfreuen Sie sich an der warmen Ausstrahlung des Geo Esstischs, ein Zeugnis f\u00fcr durchdachte Handwerkskunst. Gefertigt aus FSC-zertifiziertem Eichenholz\",\"breadcrumb\":{\"@id\":\"https:\/\/hubsch-interior.com\/de\/produkt\/geo-esstisch-naturfarben\/#breadcrumb\"},\"inLanguage\":\"de\",\"potentialAction\":[{\"@type\":\"ReadAction\",\"target\":[\"https:\/\/hubsch-interior.com\/de\/produkt\/geo-esstisch-naturfarben\/\"]}]},{\"@type\":\"ImageObject\",\"inLanguage\":\"de\",\"@id\":\"https:\/\/hubsch-interior.com\/de\/produkt\/geo-esstisch-naturfarben\/#primaryimage\",\"url\":\"https:\/\/hubsch-interior.com\/wp-content\/uploads\/2026\/02\/geo-dining-table-natural-65d173bba5c9e2bc9fe9f5606fe2ca08.jpg\",\"contentUrl\":\"https:\/\/hubsch-interior.com\/wp-content\/uploads\/2026\/02\/geo-dining-table-natural-65d173bba5c9e2bc9fe9f5606fe2ca08.jpg\",\"width\":1024,\"height\":1024},{\"@type\":\"BreadcrumbList\",\"@id\":\"https:\/\/hubsch-interior.com\/de\/produkt\/geo-esstisch-naturfarben\/#breadcrumb\",\"itemListElement\":[{\"@type\":\"ListItem\",\"position\":1,\"name\":\"Startseite\",\"item\":\"https:\/\/hubsch-interior.com\/de\/\"},{\"@type\":\"ListItem\",\"position\":2,\"name\":\"Produkte\",\"item\":\"https:\/\/hubsch-interior.com\/de\/shop-2\/\"},{\"@type\":\"ListItem\",\"position\":3,\"name\":\"M\u00f6bel\",\"item\":\"https:\/\/hubsch-interior.com\/de\/produkt-kategorie\/moebel\/\"},{\"@type\":\"ListItem\",\"position\":4,\"name\":\"Tische\",\"item\":\"https:\/\/hubsch-interior.com\/de\/produkt-kategorie\/moebel\/tische-de\/\"},{\"@type\":\"ListItem\",\"position\":5,\"name\":\"Esstische\",\"item\":\"https:\/\/hubsch-interior.com\/de\/produkt-kategorie\/moebel\/tische-de\/esstische-de\/\"},{\"@type\":\"ListItem\",\"position\":6,\"name\":\"Geo Esstisch Naturfarben\"}]},{\"@type\":\"WebSite\",\"@id\":\"https:\/\/hubsch-interior.com\/de\/#website\",\"url\":\"https:\/\/hubsch-interior.com\/de\/\",\"name\":\"H\u00fcbsch\",\"description\":\"Danish Home Interior and Design\",\"publisher\":{\"@id\":\"https:\/\/hubsch-interior.com\/de\/#organization\"},\"potentialAction\":[{\"@type\":\"SearchAction\",\"target\":{\"@type\":\"EntryPoint\",\"urlTemplate\":\"https:\/\/hubsch-interior.com\/de\/?s={search_term_string}\"},\"query-input\":{\"@type\":\"PropertyValueSpecification\",\"valueRequired\":true,\"valueName\":\"search_term_string\"}}],\"inLanguage\":\"de\"},{\"@type\":\"Organization\",\"@id\":\"https:\/\/hubsch-interior.com\/de\/#organization\",\"name\":\"H\u00fcbsch\",\"url\":\"https:\/\/hubsch-interior.com\/de\/\",\"logo\":{\"@type\":\"ImageObject\",\"inLanguage\":\"de\",\"@id\":\"https:\/\/hubsch-interior.com\/de\/#\/schema\/logo\/image\/\",\"url\":\"https:\/\/hubsch-interior.com\/wp-content\/uploads\/2022\/12\/Hubsch_logo_black_one_line.svg\",\"contentUrl\":\"https:\/\/hubsch-interior.com\/wp-content\/uploads\/2022\/12\/Hubsch_logo_black_one_line.svg\",\"caption\":\"H\u00fcbsch\"},\"image\":{\"@id\":\"https:\/\/hubsch-interior.com\/de\/#\/schema\/logo\/image\/\"}}]}<\/script>\n<!-- \/ Yoast SEO plugin. -->","yoast_head_json":{"title":"Geo Esstisch Naturfarben - H\u00fcbsch","description":"Erfreuen Sie sich an der warmen Ausstrahlung des Geo Esstischs, ein Zeugnis f\u00fcr durchdachte Handwerkskunst. Gefertigt aus FSC-zertifiziertem Eichenholz","robots":{"index":"index","follow":"follow","max-snippet":"max-snippet:-1","max-image-preview":"max-image-preview:large","max-video-preview":"max-video-preview:-1"},"canonical":"https:\/\/hubsch-interior.com\/de\/wp-json\/wp\/v2\/product\/1009303","og_locale":"de_DE","og_type":"article","og_title":"Geo Esstisch Naturfarben - H\u00fcbsch","og_description":"Erfreuen Sie sich an der warmen Ausstrahlung des Geo Esstischs, ein Zeugnis f\u00fcr durchdachte Handwerkskunst. Gefertigt aus FSC-zertifiziertem Eichenholz","og_url":"https:\/\/hubsch-interior.com\/de\/produkt\/geo-esstisch-naturfarben\/","og_site_name":"H\u00fcbsch","article_modified_time":"2026-04-14T02:55:54+00:00","og_image":[{"width":1200,"height":1200,"url":"https:\/\/hubsch-interior.com\/wp-content\/uploads\/2025\/01\/geo-dining-table-natural-d61d043ea50a7d631a95a5b2f86f0200.jpg","type":"image\/jpeg"}],"twitter_card":"summary_large_image","schema":{"@context":"https:\/\/schema.org","@graph":[{"@type":"WebPage","@id":"https:\/\/hubsch-interior.com\/de\/produkt\/geo-esstisch-naturfarben\/","url":"https:\/\/hubsch-interior.com\/de\/produkt\/geo-esstisch-naturfarben\/","name":"Geo Esstisch Naturfarben - H\u00fcbsch","isPartOf":{"@id":"https:\/\/hubsch-interior.com\/de\/#website"},"primaryImageOfPage":{"@id":"https:\/\/hubsch-interior.com\/de\/produkt\/geo-esstisch-naturfarben\/#primaryimage"},"image":{"@id":"https:\/\/hubsch-interior.com\/de\/produkt\/geo-esstisch-naturfarben\/#primaryimage"},"thumbnailUrl":"https:\/\/hubsch-interior.com\/wp-content\/uploads\/2026\/02\/geo-dining-table-natural-65d173bba5c9e2bc9fe9f5606fe2ca08.jpg","datePublished":"2025-01-24T08:43:47+00:00","dateModified":"2026-04-14T02:55:54+00:00","description":"Erfreuen Sie sich an der warmen Ausstrahlung des Geo Esstischs, ein Zeugnis f\u00fcr durchdachte Handwerkskunst. Gefertigt aus FSC-zertifiziertem Eichenholz","breadcrumb":{"@id":"https:\/\/hubsch-interior.com\/de\/produkt\/geo-esstisch-naturfarben\/#breadcrumb"},"inLanguage":"de","potentialAction":[{"@type":"ReadAction","target":["https:\/\/hubsch-interior.com\/de\/produkt\/geo-esstisch-naturfarben\/"]}]},{"@type":"ImageObject","inLanguage":"de","@id":"https:\/\/hubsch-interior.com\/de\/produkt\/geo-esstisch-naturfarben\/#primaryimage","url":"https:\/\/hubsch-interior.com\/wp-content\/uploads\/2026\/02\/geo-dining-table-natural-65d173bba5c9e2bc9fe9f5606fe2ca08.jpg","contentUrl":"https:\/\/hubsch-interior.com\/wp-content\/uploads\/2026\/02\/geo-dining-table-natural-65d173bba5c9e2bc9fe9f5606fe2ca08.jpg","width":1024,"height":1024},{"@type":"BreadcrumbList","@id":"https:\/\/hubsch-interior.com\/de\/produkt\/geo-esstisch-naturfarben\/#breadcrumb","itemListElement":[{"@type":"ListItem","position":1,"name":"Startseite","item":"https:\/\/hubsch-interior.com\/de\/"},{"@type":"ListItem","position":2,"name":"Produkte","item":"https:\/\/hubsch-interior.com\/de\/shop-2\/"},{"@type":"ListItem","position":3,"name":"M\u00f6bel","item":"https:\/\/hubsch-interior.com\/de\/produkt-kategorie\/moebel\/"},{"@type":"ListItem","position":4,"name":"Tische","item":"https:\/\/hubsch-interior.com\/de\/produkt-kategorie\/moebel\/tische-de\/"},{"@type":"ListItem","position":5,"name":"Esstische","item":"https:\/\/hubsch-interior.com\/de\/produkt-kategorie\/moebel\/tische-de\/esstische-de\/"},{"@type":"ListItem","position":6,"name":"Geo Esstisch Naturfarben"}]},{"@type":"WebSite","@id":"https:\/\/hubsch-interior.com\/de\/#website","url":"https:\/\/hubsch-interior.com\/de\/","name":"H\u00fcbsch","description":"Danish Home Interior and Design","publisher":{"@id":"https:\/\/hubsch-interior.com\/de\/#organization"},"potentialAction":[{"@type":"SearchAction","target":{"@type":"EntryPoint","urlTemplate":"https:\/\/hubsch-interior.com\/de\/?s={search_term_string}"},"query-input":{"@type":"PropertyValueSpecification","valueRequired":true,"valueName":"search_term_string"}}],"inLanguage":"de"},{"@type":"Organization","@id":"https:\/\/hubsch-interior.com\/de\/#organization","name":"H\u00fcbsch","url":"https:\/\/hubsch-interior.com\/de\/","logo":{"@type":"ImageObject","inLanguage":"de","@id":"https:\/\/hubsch-interior.com\/de\/#\/schema\/logo\/image\/","url":"https:\/\/hubsch-interior.com\/wp-content\/uploads\/2022\/12\/Hubsch_logo_black_one_line.svg","contentUrl":"https:\/\/hubsch-interior.com\/wp-content\/uploads\/2022\/12\/Hubsch_logo_black_one_line.svg","caption":"H\u00fcbsch"},"image":{"@id":"https:\/\/hubsch-interior.com\/de\/#\/schema\/logo\/image\/"}}]}},"_links":{"self":[{"href":"https:\/\/hubsch-interior.com\/de\/wp-json\/wp\/v2\/product\/1009303","targetHints":{"allow":["GET"]}}],"collection":[{"href":"https:\/\/hubsch-interior.com\/de\/wp-json\/wp\/v2\/product"}],"about":[{"href":"https:\/\/hubsch-interior.com\/de\/wp-json\/wp\/v2\/types\/product"}],"wp:featuredmedia":[{"embeddable":true,"href":"https:\/\/hubsch-interior.com\/de\/wp-json\/wp\/v2\/media\/1104561"}],"wp:attachment":[{"href":"https:\/\/hubsch-interior.com\/de\/wp-json\/wp\/v2\/media?parent=1009303"}],"wp:term":[{"taxonomy":"product_brand","embeddable":true,"href":"https:\/\/hubsch-interior.com\/de\/wp-json\/wp\/v2\/product_brand?post=1009303"},{"taxonomy":"product_cat","embeddable":true,"href":"https:\/\/hubsch-interior.com\/de\/wp-json\/wp\/v2\/product_cat?post=1009303"},{"taxonomy":"product_tag","embeddable":true,"href":"https:\/\/hubsch-interior.com\/de\/wp-json\/wp\/v2\/product_tag?post=1009303"}],"curies":[{"name":"wp","href":"https:\/\/api.w.org\/{rel}","templated":true}]}}