{"id":1009351,"date":"2025-01-24T09:44:36","date_gmt":"2025-01-24T08:44:36","guid":{"rendered":"https:\/\/hubsch-interior.com\/product\/product\/"},"modified":"2026-04-09T04:55:07","modified_gmt":"2026-04-09T02:55:07","slug":"poke-schreibtisch-schwarz","status":"publish","type":"product","link":"https:\/\/hubsch-interior.com\/de\/produkt\/poke-schreibtisch-schwarz\/","title":{"rendered":"Poke Schreibtisch Schwarz"},"content":{"rendered":"<p>Entdecken Sie den Charme des Poke Schreibtischs, der kunstvoll aus FSC-zertifiziertem Eichenholz und Eichenfurnier gefertigt wurde. Durch sein schmales Design passt er m\u00fchelos auch in die kleinsten R\u00e4ume und ist somit die ideale Wahl f\u00fcr alle, die einen eigenen Arbeitsbereich f\u00fcr das Homeoffice ben\u00f6tigen. Trotz seiner kompakten Gr\u00f6\u00dfe \u00fcberzeugt der Poke Schreibtisch durch Funktionalit\u00e4t, ohne dabei auf Stil zu verzichten. Er bietet einen gem\u00fctlichen, pers\u00f6nlichen Ort, der auch in kleineren Wohnungen Produktivit\u00e4t und Kreativit\u00e4t f\u00f6rdert.<\/p>\n","protected":false},"excerpt":{"rendered":"<p>Entdecken Sie den Charme des Poke Schreibtischs, der kunstvoll aus FSC-zertifiziertem Eichenholz und Eichenfurnier gefertigt wurde. Durch sein schmales Design passt er m\u00fchelos auch in die kleinsten R\u00e4ume und ist somit die ideale Wahl f\u00fcr alle, die einen eigenen Arbeitsbereich f\u00fcr das Homeoffice ben\u00f6tigen. Trotz seiner kompakten Gr\u00f6\u00dfe \u00fcberzeugt der Poke Schreibtisch durch Funktionalit\u00e4t, ohne [&hellip;]<\/p>\n","protected":false},"featured_media":1104613,"template":"","meta":{"_acf_changed":false,"inline_featured_image":false},"product_brand":[],"product_cat":[6998,6323,2861,2906,5027,5031],"product_tag":[],"class_list":{"0":"post-1009351","1":"product","2":"type-product","3":"status-publish","4":"has-post-thumbnail","6":"product_cat-the-buzz-de","7":"product_cat-fsc-de","8":"product_cat-tische-de","9":"product_cat-schreibtische-de","10":"product_cat-bestsellers-de","11":"product_cat-wieder-auf-lager-de","12":"product_shipping_class-pk","14":"pa_color-schwarz","15":"pa_material-mdf-de","16":"pa_material-eichenfurnier","17":"pa_material-eichenholz","19":"first","20":"instock","21":"featured","22":"taxable","23":"shipping-taxable","24":"purchasable","25":"product-type-simple"},"exclude_global_add_ons":[],"addons":[],"acf":[],"yoast_head":"<!-- This site is optimized with the Yoast SEO plugin v26.4 - https:\/\/yoast.com\/wordpress\/plugins\/seo\/ -->\n<title>Poke Schreibtisch Schwarz - H\u00fcbsch<\/title>\n<meta name=\"description\" content=\"Entdecken Sie den Charme des Poke Schreibtischs, der kunstvoll aus FSC-zertifiziertem Eichenholz und Eichenfurnier gefertigt wurde. Durch sein schmales\" \/>\n<meta name=\"robots\" content=\"index, follow, max-snippet:-1, max-image-preview:large, max-video-preview:-1\" \/>\n<link rel=\"canonical\" href=\"https:\/\/hubsch-interior.com\/de\/wp-json\/wp\/v2\/product\/1009351\" \/>\n<meta property=\"og:locale\" content=\"de_DE\" \/>\n<meta property=\"og:type\" content=\"article\" \/>\n<meta property=\"og:title\" content=\"Poke Schreibtisch Schwarz - H\u00fcbsch\" \/>\n<meta property=\"og:description\" content=\"Entdecken Sie den Charme des Poke Schreibtischs, der kunstvoll aus FSC-zertifiziertem Eichenholz und Eichenfurnier gefertigt wurde. Durch sein schmales\" \/>\n<meta property=\"og:url\" content=\"https:\/\/hubsch-interior.com\/de\/produkt\/poke-schreibtisch-schwarz\/\" \/>\n<meta property=\"og:site_name\" content=\"H\u00fcbsch\" \/>\n<meta property=\"article:modified_time\" content=\"2026-04-09T02:55:07+00:00\" \/>\n<meta property=\"og:image\" content=\"https:\/\/hubsch-interior.com\/wp-content\/uploads\/2025\/01\/poke-desk-black-a9ca211bb8f545977014f1d217980ff3.jpg\" \/>\n\t<meta property=\"og:image:width\" content=\"1200\" \/>\n\t<meta property=\"og:image:height\" content=\"1200\" \/>\n\t<meta property=\"og:image:type\" content=\"image\/jpeg\" \/>\n<meta name=\"twitter:card\" content=\"summary_large_image\" \/>\n<script type=\"application\/ld+json\" class=\"yoast-schema-graph\">{\"@context\":\"https:\/\/schema.org\",\"@graph\":[{\"@type\":\"WebPage\",\"@id\":\"https:\/\/hubsch-interior.com\/de\/produkt\/poke-schreibtisch-schwarz\/\",\"url\":\"https:\/\/hubsch-interior.com\/de\/produkt\/poke-schreibtisch-schwarz\/\",\"name\":\"Poke Schreibtisch Schwarz - H\u00fcbsch\",\"isPartOf\":{\"@id\":\"https:\/\/hubsch-interior.com\/de\/#website\"},\"primaryImageOfPage\":{\"@id\":\"https:\/\/hubsch-interior.com\/de\/produkt\/poke-schreibtisch-schwarz\/#primaryimage\"},\"image\":{\"@id\":\"https:\/\/hubsch-interior.com\/de\/produkt\/poke-schreibtisch-schwarz\/#primaryimage\"},\"thumbnailUrl\":\"https:\/\/hubsch-interior.com\/wp-content\/uploads\/2026\/02\/poke-desk-black-1575e6cc9cafb5f5e395e5b85db0cbb1.jpg\",\"datePublished\":\"2025-01-24T08:44:36+00:00\",\"dateModified\":\"2026-04-09T02:55:07+00:00\",\"description\":\"Entdecken Sie den Charme des Poke Schreibtischs, der kunstvoll aus FSC-zertifiziertem Eichenholz und Eichenfurnier gefertigt wurde. Durch sein schmales\",\"breadcrumb\":{\"@id\":\"https:\/\/hubsch-interior.com\/de\/produkt\/poke-schreibtisch-schwarz\/#breadcrumb\"},\"inLanguage\":\"de\",\"potentialAction\":[{\"@type\":\"ReadAction\",\"target\":[\"https:\/\/hubsch-interior.com\/de\/produkt\/poke-schreibtisch-schwarz\/\"]}]},{\"@type\":\"ImageObject\",\"inLanguage\":\"de\",\"@id\":\"https:\/\/hubsch-interior.com\/de\/produkt\/poke-schreibtisch-schwarz\/#primaryimage\",\"url\":\"https:\/\/hubsch-interior.com\/wp-content\/uploads\/2026\/02\/poke-desk-black-1575e6cc9cafb5f5e395e5b85db0cbb1.jpg\",\"contentUrl\":\"https:\/\/hubsch-interior.com\/wp-content\/uploads\/2026\/02\/poke-desk-black-1575e6cc9cafb5f5e395e5b85db0cbb1.jpg\",\"width\":1024,\"height\":1024},{\"@type\":\"BreadcrumbList\",\"@id\":\"https:\/\/hubsch-interior.com\/de\/produkt\/poke-schreibtisch-schwarz\/#breadcrumb\",\"itemListElement\":[{\"@type\":\"ListItem\",\"position\":1,\"name\":\"Startseite\",\"item\":\"https:\/\/hubsch-interior.com\/de\/\"},{\"@type\":\"ListItem\",\"position\":2,\"name\":\"Produkte\",\"item\":\"https:\/\/hubsch-interior.com\/de\/shop-2\/\"},{\"@type\":\"ListItem\",\"position\":3,\"name\":\"M\u00f6bel\",\"item\":\"https:\/\/hubsch-interior.com\/de\/produkt-kategorie\/moebel\/\"},{\"@type\":\"ListItem\",\"position\":4,\"name\":\"Tische\",\"item\":\"https:\/\/hubsch-interior.com\/de\/produkt-kategorie\/moebel\/tische-de\/\"},{\"@type\":\"ListItem\",\"position\":5,\"name\":\"Schreibtische\",\"item\":\"https:\/\/hubsch-interior.com\/de\/produkt-kategorie\/moebel\/tische-de\/schreibtische-de\/\"},{\"@type\":\"ListItem\",\"position\":6,\"name\":\"Poke Schreibtisch Schwarz\"}]},{\"@type\":\"WebSite\",\"@id\":\"https:\/\/hubsch-interior.com\/de\/#website\",\"url\":\"https:\/\/hubsch-interior.com\/de\/\",\"name\":\"H\u00fcbsch\",\"description\":\"Danish Home Interior and Design\",\"publisher\":{\"@id\":\"https:\/\/hubsch-interior.com\/de\/#organization\"},\"potentialAction\":[{\"@type\":\"SearchAction\",\"target\":{\"@type\":\"EntryPoint\",\"urlTemplate\":\"https:\/\/hubsch-interior.com\/de\/?s={search_term_string}\"},\"query-input\":{\"@type\":\"PropertyValueSpecification\",\"valueRequired\":true,\"valueName\":\"search_term_string\"}}],\"inLanguage\":\"de\"},{\"@type\":\"Organization\",\"@id\":\"https:\/\/hubsch-interior.com\/de\/#organization\",\"name\":\"H\u00fcbsch\",\"url\":\"https:\/\/hubsch-interior.com\/de\/\",\"logo\":{\"@type\":\"ImageObject\",\"inLanguage\":\"de\",\"@id\":\"https:\/\/hubsch-interior.com\/de\/#\/schema\/logo\/image\/\",\"url\":\"https:\/\/hubsch-interior.com\/wp-content\/uploads\/2022\/12\/Hubsch_logo_black_one_line.svg\",\"contentUrl\":\"https:\/\/hubsch-interior.com\/wp-content\/uploads\/2022\/12\/Hubsch_logo_black_one_line.svg\",\"caption\":\"H\u00fcbsch\"},\"image\":{\"@id\":\"https:\/\/hubsch-interior.com\/de\/#\/schema\/logo\/image\/\"}}]}<\/script>\n<!-- \/ Yoast SEO plugin. -->","yoast_head_json":{"title":"Poke Schreibtisch Schwarz - H\u00fcbsch","description":"Entdecken Sie den Charme des Poke Schreibtischs, der kunstvoll aus FSC-zertifiziertem Eichenholz und Eichenfurnier gefertigt wurde. Durch sein schmales","robots":{"index":"index","follow":"follow","max-snippet":"max-snippet:-1","max-image-preview":"max-image-preview:large","max-video-preview":"max-video-preview:-1"},"canonical":"https:\/\/hubsch-interior.com\/de\/wp-json\/wp\/v2\/product\/1009351","og_locale":"de_DE","og_type":"article","og_title":"Poke Schreibtisch Schwarz - H\u00fcbsch","og_description":"Entdecken Sie den Charme des Poke Schreibtischs, der kunstvoll aus FSC-zertifiziertem Eichenholz und Eichenfurnier gefertigt wurde. Durch sein schmales","og_url":"https:\/\/hubsch-interior.com\/de\/produkt\/poke-schreibtisch-schwarz\/","og_site_name":"H\u00fcbsch","article_modified_time":"2026-04-09T02:55:07+00:00","og_image":[{"width":1200,"height":1200,"url":"https:\/\/hubsch-interior.com\/wp-content\/uploads\/2025\/01\/poke-desk-black-a9ca211bb8f545977014f1d217980ff3.jpg","type":"image\/jpeg"}],"twitter_card":"summary_large_image","schema":{"@context":"https:\/\/schema.org","@graph":[{"@type":"WebPage","@id":"https:\/\/hubsch-interior.com\/de\/produkt\/poke-schreibtisch-schwarz\/","url":"https:\/\/hubsch-interior.com\/de\/produkt\/poke-schreibtisch-schwarz\/","name":"Poke Schreibtisch Schwarz - H\u00fcbsch","isPartOf":{"@id":"https:\/\/hubsch-interior.com\/de\/#website"},"primaryImageOfPage":{"@id":"https:\/\/hubsch-interior.com\/de\/produkt\/poke-schreibtisch-schwarz\/#primaryimage"},"image":{"@id":"https:\/\/hubsch-interior.com\/de\/produkt\/poke-schreibtisch-schwarz\/#primaryimage"},"thumbnailUrl":"https:\/\/hubsch-interior.com\/wp-content\/uploads\/2026\/02\/poke-desk-black-1575e6cc9cafb5f5e395e5b85db0cbb1.jpg","datePublished":"2025-01-24T08:44:36+00:00","dateModified":"2026-04-09T02:55:07+00:00","description":"Entdecken Sie den Charme des Poke Schreibtischs, der kunstvoll aus FSC-zertifiziertem Eichenholz und Eichenfurnier gefertigt wurde. Durch sein schmales","breadcrumb":{"@id":"https:\/\/hubsch-interior.com\/de\/produkt\/poke-schreibtisch-schwarz\/#breadcrumb"},"inLanguage":"de","potentialAction":[{"@type":"ReadAction","target":["https:\/\/hubsch-interior.com\/de\/produkt\/poke-schreibtisch-schwarz\/"]}]},{"@type":"ImageObject","inLanguage":"de","@id":"https:\/\/hubsch-interior.com\/de\/produkt\/poke-schreibtisch-schwarz\/#primaryimage","url":"https:\/\/hubsch-interior.com\/wp-content\/uploads\/2026\/02\/poke-desk-black-1575e6cc9cafb5f5e395e5b85db0cbb1.jpg","contentUrl":"https:\/\/hubsch-interior.com\/wp-content\/uploads\/2026\/02\/poke-desk-black-1575e6cc9cafb5f5e395e5b85db0cbb1.jpg","width":1024,"height":1024},{"@type":"BreadcrumbList","@id":"https:\/\/hubsch-interior.com\/de\/produkt\/poke-schreibtisch-schwarz\/#breadcrumb","itemListElement":[{"@type":"ListItem","position":1,"name":"Startseite","item":"https:\/\/hubsch-interior.com\/de\/"},{"@type":"ListItem","position":2,"name":"Produkte","item":"https:\/\/hubsch-interior.com\/de\/shop-2\/"},{"@type":"ListItem","position":3,"name":"M\u00f6bel","item":"https:\/\/hubsch-interior.com\/de\/produkt-kategorie\/moebel\/"},{"@type":"ListItem","position":4,"name":"Tische","item":"https:\/\/hubsch-interior.com\/de\/produkt-kategorie\/moebel\/tische-de\/"},{"@type":"ListItem","position":5,"name":"Schreibtische","item":"https:\/\/hubsch-interior.com\/de\/produkt-kategorie\/moebel\/tische-de\/schreibtische-de\/"},{"@type":"ListItem","position":6,"name":"Poke Schreibtisch Schwarz"}]},{"@type":"WebSite","@id":"https:\/\/hubsch-interior.com\/de\/#website","url":"https:\/\/hubsch-interior.com\/de\/","name":"H\u00fcbsch","description":"Danish Home Interior and Design","publisher":{"@id":"https:\/\/hubsch-interior.com\/de\/#organization"},"potentialAction":[{"@type":"SearchAction","target":{"@type":"EntryPoint","urlTemplate":"https:\/\/hubsch-interior.com\/de\/?s={search_term_string}"},"query-input":{"@type":"PropertyValueSpecification","valueRequired":true,"valueName":"search_term_string"}}],"inLanguage":"de"},{"@type":"Organization","@id":"https:\/\/hubsch-interior.com\/de\/#organization","name":"H\u00fcbsch","url":"https:\/\/hubsch-interior.com\/de\/","logo":{"@type":"ImageObject","inLanguage":"de","@id":"https:\/\/hubsch-interior.com\/de\/#\/schema\/logo\/image\/","url":"https:\/\/hubsch-interior.com\/wp-content\/uploads\/2022\/12\/Hubsch_logo_black_one_line.svg","contentUrl":"https:\/\/hubsch-interior.com\/wp-content\/uploads\/2022\/12\/Hubsch_logo_black_one_line.svg","caption":"H\u00fcbsch"},"image":{"@id":"https:\/\/hubsch-interior.com\/de\/#\/schema\/logo\/image\/"}}]}},"_links":{"self":[{"href":"https:\/\/hubsch-interior.com\/de\/wp-json\/wp\/v2\/product\/1009351","targetHints":{"allow":["GET"]}}],"collection":[{"href":"https:\/\/hubsch-interior.com\/de\/wp-json\/wp\/v2\/product"}],"about":[{"href":"https:\/\/hubsch-interior.com\/de\/wp-json\/wp\/v2\/types\/product"}],"wp:featuredmedia":[{"embeddable":true,"href":"https:\/\/hubsch-interior.com\/de\/wp-json\/wp\/v2\/media\/1104613"}],"wp:attachment":[{"href":"https:\/\/hubsch-interior.com\/de\/wp-json\/wp\/v2\/media?parent=1009351"}],"wp:term":[{"taxonomy":"product_brand","embeddable":true,"href":"https:\/\/hubsch-interior.com\/de\/wp-json\/wp\/v2\/product_brand?post=1009351"},{"taxonomy":"product_cat","embeddable":true,"href":"https:\/\/hubsch-interior.com\/de\/wp-json\/wp\/v2\/product_cat?post=1009351"},{"taxonomy":"product_tag","embeddable":true,"href":"https:\/\/hubsch-interior.com\/de\/wp-json\/wp\/v2\/product_tag?post=1009351"}],"curies":[{"name":"wp","href":"https:\/\/api.w.org\/{rel}","templated":true}]}}