{"id":1009375,"date":"2025-01-24T09:45:17","date_gmt":"2025-01-24T08:45:17","guid":{"rendered":"https:\/\/hubsch-interior.com\/product\/product\/"},"modified":"2026-04-04T04:56:54","modified_gmt":"2026-04-04T02:56:54","slug":"straight-esstisch-runde-naturfarben","status":"publish","type":"product","link":"https:\/\/hubsch-interior.com\/de\/produkt\/straight-esstisch-runde-naturfarben\/","title":{"rendered":"Straight Esstisch Runde Naturfarben"},"content":{"rendered":"<p>Wir pr\u00e4sentieren den Straight Esstisch, eine wundersch\u00f6ne zentrale Erg\u00e4nzung f\u00fcr Ihren Essbereich. Gefertigt aus FSC-zertifiziertem Eichenfurnier, besticht er durch sein cleveres Design mit zentraler Basis, das das allgemeine \u00c4rgernis des Kampfes um Beinfreiheit beseitigt. Mit einer runden Tischplatte bietet er bequem Platz f\u00fcr bis zu sechs Personen, ideal f\u00fcr intime Abendessen oder lebhafte Zusammenk\u00fcnfte. Sind Sie es leid, sich unter dem Tisch mit den Beinen zu streiten? Dann sagen Sie jetzt Ja zu nahtlosem Stil und Funktionalit\u00e4t in Ihrem Zuhause, perfekt f\u00fcr Dinnerpartys oder Familientreffen.<\/p>\n","protected":false},"excerpt":{"rendered":"<p>Wir pr\u00e4sentieren den Straight Esstisch, eine wundersch\u00f6ne zentrale Erg\u00e4nzung f\u00fcr Ihren Essbereich. Gefertigt aus FSC-zertifiziertem Eichenfurnier, besticht er durch sein cleveres Design mit zentraler Basis, das das allgemeine \u00c4rgernis des Kampfes um Beinfreiheit beseitigt. Mit einer runden Tischplatte bietet er bequem Platz f\u00fcr bis zu sechs Personen, ideal f\u00fcr intime Abendessen oder lebhafte Zusammenk\u00fcnfte. Sind [&hellip;]<\/p>\n","protected":false},"featured_media":1104633,"template":"","meta":{"_acf_changed":false,"inline_featured_image":false},"product_brand":[],"product_cat":[6998,2861,4216,5027],"product_tag":[],"class_list":{"0":"post-1009375","1":"product","2":"type-product","3":"status-publish","4":"has-post-thumbnail","6":"product_cat-the-buzz-de","7":"product_cat-tische-de","8":"product_cat-esstische-de","9":"product_cat-bestsellers-de","10":"product_shipping_class-p10","12":"pa_color-naturfarben-2","13":"pa_material-mdf-de","14":"pa_material-eichenfurnier","16":"first","17":"outofstock","18":"featured","19":"taxable","20":"shipping-taxable","21":"purchasable","22":"product-type-simple"},"exclude_global_add_ons":[],"addons":[],"acf":[],"yoast_head":"<!-- This site is optimized with the Yoast SEO plugin v26.4 - https:\/\/yoast.com\/wordpress\/plugins\/seo\/ -->\n<title>Straight Esstisch Runde Naturfarben - H\u00fcbsch<\/title>\n<meta name=\"description\" content=\"Wir pr\u00e4sentieren den Straight Esstisch, eine wundersch\u00f6ne zentrale Erg\u00e4nzung f\u00fcr Ihren Essbereich. Gefertigt aus FSC-zertifiziertem Eichenfurnier,\" \/>\n<meta name=\"robots\" content=\"index, follow, max-snippet:-1, max-image-preview:large, max-video-preview:-1\" \/>\n<link rel=\"canonical\" href=\"https:\/\/hubsch-interior.com\/de\/wp-json\/wp\/v2\/product\/1009375\" \/>\n<meta property=\"og:locale\" content=\"de_DE\" \/>\n<meta property=\"og:type\" content=\"article\" \/>\n<meta property=\"og:title\" content=\"Straight Esstisch Runde Naturfarben - H\u00fcbsch\" \/>\n<meta property=\"og:description\" content=\"Wir pr\u00e4sentieren den Straight Esstisch, eine wundersch\u00f6ne zentrale Erg\u00e4nzung f\u00fcr Ihren Essbereich. Gefertigt aus FSC-zertifiziertem Eichenfurnier,\" \/>\n<meta property=\"og:url\" content=\"https:\/\/hubsch-interior.com\/de\/produkt\/straight-esstisch-runde-naturfarben\/\" \/>\n<meta property=\"og:site_name\" content=\"H\u00fcbsch\" \/>\n<meta property=\"article:modified_time\" content=\"2026-04-04T02:56:54+00:00\" \/>\n<meta property=\"og:image\" content=\"https:\/\/hubsch-interior.com\/wp-content\/uploads\/2025\/02\/straight-dining-table-round-natural-328e28b66023062d91658b17d99a5313.jpg\" \/>\n\t<meta property=\"og:image:width\" content=\"1200\" \/>\n\t<meta property=\"og:image:height\" content=\"1200\" \/>\n\t<meta property=\"og:image:type\" content=\"image\/jpeg\" \/>\n<meta name=\"twitter:card\" content=\"summary_large_image\" \/>\n<script type=\"application\/ld+json\" class=\"yoast-schema-graph\">{\"@context\":\"https:\/\/schema.org\",\"@graph\":[{\"@type\":\"WebPage\",\"@id\":\"https:\/\/hubsch-interior.com\/de\/produkt\/straight-esstisch-runde-naturfarben\/\",\"url\":\"https:\/\/hubsch-interior.com\/de\/produkt\/straight-esstisch-runde-naturfarben\/\",\"name\":\"Straight Esstisch Runde Naturfarben - H\u00fcbsch\",\"isPartOf\":{\"@id\":\"https:\/\/hubsch-interior.com\/de\/#website\"},\"primaryImageOfPage\":{\"@id\":\"https:\/\/hubsch-interior.com\/de\/produkt\/straight-esstisch-runde-naturfarben\/#primaryimage\"},\"image\":{\"@id\":\"https:\/\/hubsch-interior.com\/de\/produkt\/straight-esstisch-runde-naturfarben\/#primaryimage\"},\"thumbnailUrl\":\"https:\/\/hubsch-interior.com\/wp-content\/uploads\/2026\/02\/straight-dining-table-round-natural-fcd5c8638a67acfc6c8cf73c06b4c748.jpg\",\"datePublished\":\"2025-01-24T08:45:17+00:00\",\"dateModified\":\"2026-04-04T02:56:54+00:00\",\"description\":\"Wir pr\u00e4sentieren den Straight Esstisch, eine wundersch\u00f6ne zentrale Erg\u00e4nzung f\u00fcr Ihren Essbereich. Gefertigt aus FSC-zertifiziertem Eichenfurnier,\",\"breadcrumb\":{\"@id\":\"https:\/\/hubsch-interior.com\/de\/produkt\/straight-esstisch-runde-naturfarben\/#breadcrumb\"},\"inLanguage\":\"de\",\"potentialAction\":[{\"@type\":\"ReadAction\",\"target\":[\"https:\/\/hubsch-interior.com\/de\/produkt\/straight-esstisch-runde-naturfarben\/\"]}]},{\"@type\":\"ImageObject\",\"inLanguage\":\"de\",\"@id\":\"https:\/\/hubsch-interior.com\/de\/produkt\/straight-esstisch-runde-naturfarben\/#primaryimage\",\"url\":\"https:\/\/hubsch-interior.com\/wp-content\/uploads\/2026\/02\/straight-dining-table-round-natural-fcd5c8638a67acfc6c8cf73c06b4c748.jpg\",\"contentUrl\":\"https:\/\/hubsch-interior.com\/wp-content\/uploads\/2026\/02\/straight-dining-table-round-natural-fcd5c8638a67acfc6c8cf73c06b4c748.jpg\",\"width\":1024,\"height\":1024},{\"@type\":\"BreadcrumbList\",\"@id\":\"https:\/\/hubsch-interior.com\/de\/produkt\/straight-esstisch-runde-naturfarben\/#breadcrumb\",\"itemListElement\":[{\"@type\":\"ListItem\",\"position\":1,\"name\":\"Startseite\",\"item\":\"https:\/\/hubsch-interior.com\/de\/\"},{\"@type\":\"ListItem\",\"position\":2,\"name\":\"Produkte\",\"item\":\"https:\/\/hubsch-interior.com\/de\/shop-2\/\"},{\"@type\":\"ListItem\",\"position\":3,\"name\":\"M\u00f6bel\",\"item\":\"https:\/\/hubsch-interior.com\/de\/produkt-kategorie\/moebel\/\"},{\"@type\":\"ListItem\",\"position\":4,\"name\":\"Tische\",\"item\":\"https:\/\/hubsch-interior.com\/de\/produkt-kategorie\/moebel\/tische-de\/\"},{\"@type\":\"ListItem\",\"position\":5,\"name\":\"Esstische\",\"item\":\"https:\/\/hubsch-interior.com\/de\/produkt-kategorie\/moebel\/tische-de\/esstische-de\/\"},{\"@type\":\"ListItem\",\"position\":6,\"name\":\"Straight Esstisch Runde Naturfarben\"}]},{\"@type\":\"WebSite\",\"@id\":\"https:\/\/hubsch-interior.com\/de\/#website\",\"url\":\"https:\/\/hubsch-interior.com\/de\/\",\"name\":\"H\u00fcbsch\",\"description\":\"Danish Home Interior and Design\",\"publisher\":{\"@id\":\"https:\/\/hubsch-interior.com\/de\/#organization\"},\"potentialAction\":[{\"@type\":\"SearchAction\",\"target\":{\"@type\":\"EntryPoint\",\"urlTemplate\":\"https:\/\/hubsch-interior.com\/de\/?s={search_term_string}\"},\"query-input\":{\"@type\":\"PropertyValueSpecification\",\"valueRequired\":true,\"valueName\":\"search_term_string\"}}],\"inLanguage\":\"de\"},{\"@type\":\"Organization\",\"@id\":\"https:\/\/hubsch-interior.com\/de\/#organization\",\"name\":\"H\u00fcbsch\",\"url\":\"https:\/\/hubsch-interior.com\/de\/\",\"logo\":{\"@type\":\"ImageObject\",\"inLanguage\":\"de\",\"@id\":\"https:\/\/hubsch-interior.com\/de\/#\/schema\/logo\/image\/\",\"url\":\"https:\/\/hubsch-interior.com\/wp-content\/uploads\/2022\/12\/Hubsch_logo_black_one_line.svg\",\"contentUrl\":\"https:\/\/hubsch-interior.com\/wp-content\/uploads\/2022\/12\/Hubsch_logo_black_one_line.svg\",\"caption\":\"H\u00fcbsch\"},\"image\":{\"@id\":\"https:\/\/hubsch-interior.com\/de\/#\/schema\/logo\/image\/\"}}]}<\/script>\n<!-- \/ Yoast SEO plugin. -->","yoast_head_json":{"title":"Straight Esstisch Runde Naturfarben - H\u00fcbsch","description":"Wir pr\u00e4sentieren den Straight Esstisch, eine wundersch\u00f6ne zentrale Erg\u00e4nzung f\u00fcr Ihren Essbereich. Gefertigt aus FSC-zertifiziertem Eichenfurnier,","robots":{"index":"index","follow":"follow","max-snippet":"max-snippet:-1","max-image-preview":"max-image-preview:large","max-video-preview":"max-video-preview:-1"},"canonical":"https:\/\/hubsch-interior.com\/de\/wp-json\/wp\/v2\/product\/1009375","og_locale":"de_DE","og_type":"article","og_title":"Straight Esstisch Runde Naturfarben - H\u00fcbsch","og_description":"Wir pr\u00e4sentieren den Straight Esstisch, eine wundersch\u00f6ne zentrale Erg\u00e4nzung f\u00fcr Ihren Essbereich. Gefertigt aus FSC-zertifiziertem Eichenfurnier,","og_url":"https:\/\/hubsch-interior.com\/de\/produkt\/straight-esstisch-runde-naturfarben\/","og_site_name":"H\u00fcbsch","article_modified_time":"2026-04-04T02:56:54+00:00","og_image":[{"width":1200,"height":1200,"url":"https:\/\/hubsch-interior.com\/wp-content\/uploads\/2025\/02\/straight-dining-table-round-natural-328e28b66023062d91658b17d99a5313.jpg","type":"image\/jpeg"}],"twitter_card":"summary_large_image","schema":{"@context":"https:\/\/schema.org","@graph":[{"@type":"WebPage","@id":"https:\/\/hubsch-interior.com\/de\/produkt\/straight-esstisch-runde-naturfarben\/","url":"https:\/\/hubsch-interior.com\/de\/produkt\/straight-esstisch-runde-naturfarben\/","name":"Straight Esstisch Runde Naturfarben - H\u00fcbsch","isPartOf":{"@id":"https:\/\/hubsch-interior.com\/de\/#website"},"primaryImageOfPage":{"@id":"https:\/\/hubsch-interior.com\/de\/produkt\/straight-esstisch-runde-naturfarben\/#primaryimage"},"image":{"@id":"https:\/\/hubsch-interior.com\/de\/produkt\/straight-esstisch-runde-naturfarben\/#primaryimage"},"thumbnailUrl":"https:\/\/hubsch-interior.com\/wp-content\/uploads\/2026\/02\/straight-dining-table-round-natural-fcd5c8638a67acfc6c8cf73c06b4c748.jpg","datePublished":"2025-01-24T08:45:17+00:00","dateModified":"2026-04-04T02:56:54+00:00","description":"Wir pr\u00e4sentieren den Straight Esstisch, eine wundersch\u00f6ne zentrale Erg\u00e4nzung f\u00fcr Ihren Essbereich. Gefertigt aus FSC-zertifiziertem Eichenfurnier,","breadcrumb":{"@id":"https:\/\/hubsch-interior.com\/de\/produkt\/straight-esstisch-runde-naturfarben\/#breadcrumb"},"inLanguage":"de","potentialAction":[{"@type":"ReadAction","target":["https:\/\/hubsch-interior.com\/de\/produkt\/straight-esstisch-runde-naturfarben\/"]}]},{"@type":"ImageObject","inLanguage":"de","@id":"https:\/\/hubsch-interior.com\/de\/produkt\/straight-esstisch-runde-naturfarben\/#primaryimage","url":"https:\/\/hubsch-interior.com\/wp-content\/uploads\/2026\/02\/straight-dining-table-round-natural-fcd5c8638a67acfc6c8cf73c06b4c748.jpg","contentUrl":"https:\/\/hubsch-interior.com\/wp-content\/uploads\/2026\/02\/straight-dining-table-round-natural-fcd5c8638a67acfc6c8cf73c06b4c748.jpg","width":1024,"height":1024},{"@type":"BreadcrumbList","@id":"https:\/\/hubsch-interior.com\/de\/produkt\/straight-esstisch-runde-naturfarben\/#breadcrumb","itemListElement":[{"@type":"ListItem","position":1,"name":"Startseite","item":"https:\/\/hubsch-interior.com\/de\/"},{"@type":"ListItem","position":2,"name":"Produkte","item":"https:\/\/hubsch-interior.com\/de\/shop-2\/"},{"@type":"ListItem","position":3,"name":"M\u00f6bel","item":"https:\/\/hubsch-interior.com\/de\/produkt-kategorie\/moebel\/"},{"@type":"ListItem","position":4,"name":"Tische","item":"https:\/\/hubsch-interior.com\/de\/produkt-kategorie\/moebel\/tische-de\/"},{"@type":"ListItem","position":5,"name":"Esstische","item":"https:\/\/hubsch-interior.com\/de\/produkt-kategorie\/moebel\/tische-de\/esstische-de\/"},{"@type":"ListItem","position":6,"name":"Straight Esstisch Runde Naturfarben"}]},{"@type":"WebSite","@id":"https:\/\/hubsch-interior.com\/de\/#website","url":"https:\/\/hubsch-interior.com\/de\/","name":"H\u00fcbsch","description":"Danish Home Interior and Design","publisher":{"@id":"https:\/\/hubsch-interior.com\/de\/#organization"},"potentialAction":[{"@type":"SearchAction","target":{"@type":"EntryPoint","urlTemplate":"https:\/\/hubsch-interior.com\/de\/?s={search_term_string}"},"query-input":{"@type":"PropertyValueSpecification","valueRequired":true,"valueName":"search_term_string"}}],"inLanguage":"de"},{"@type":"Organization","@id":"https:\/\/hubsch-interior.com\/de\/#organization","name":"H\u00fcbsch","url":"https:\/\/hubsch-interior.com\/de\/","logo":{"@type":"ImageObject","inLanguage":"de","@id":"https:\/\/hubsch-interior.com\/de\/#\/schema\/logo\/image\/","url":"https:\/\/hubsch-interior.com\/wp-content\/uploads\/2022\/12\/Hubsch_logo_black_one_line.svg","contentUrl":"https:\/\/hubsch-interior.com\/wp-content\/uploads\/2022\/12\/Hubsch_logo_black_one_line.svg","caption":"H\u00fcbsch"},"image":{"@id":"https:\/\/hubsch-interior.com\/de\/#\/schema\/logo\/image\/"}}]}},"_links":{"self":[{"href":"https:\/\/hubsch-interior.com\/de\/wp-json\/wp\/v2\/product\/1009375","targetHints":{"allow":["GET"]}}],"collection":[{"href":"https:\/\/hubsch-interior.com\/de\/wp-json\/wp\/v2\/product"}],"about":[{"href":"https:\/\/hubsch-interior.com\/de\/wp-json\/wp\/v2\/types\/product"}],"wp:featuredmedia":[{"embeddable":true,"href":"https:\/\/hubsch-interior.com\/de\/wp-json\/wp\/v2\/media\/1104633"}],"wp:attachment":[{"href":"https:\/\/hubsch-interior.com\/de\/wp-json\/wp\/v2\/media?parent=1009375"}],"wp:term":[{"taxonomy":"product_brand","embeddable":true,"href":"https:\/\/hubsch-interior.com\/de\/wp-json\/wp\/v2\/product_brand?post=1009375"},{"taxonomy":"product_cat","embeddable":true,"href":"https:\/\/hubsch-interior.com\/de\/wp-json\/wp\/v2\/product_cat?post=1009375"},{"taxonomy":"product_tag","embeddable":true,"href":"https:\/\/hubsch-interior.com\/de\/wp-json\/wp\/v2\/product_tag?post=1009375"}],"curies":[{"name":"wp","href":"https:\/\/api.w.org\/{rel}","templated":true}]}}