{"id":1009419,"date":"2025-01-24T09:46:09","date_gmt":"2025-01-24T08:46:09","guid":{"rendered":"https:\/\/hubsch-interior.com\/product\/product\/"},"modified":"2026-04-09T04:55:24","modified_gmt":"2026-04-09T02:55:24","slug":"gap-magazinhalter-naturfarben","status":"publish","type":"product","link":"https:\/\/hubsch-interior.com\/de\/produkt\/gap-magazinhalter-naturfarben\/","title":{"rendered":"Gap Magazinhalter Naturfarben"},"content":{"rendered":"<p>Wir stellen Ihnen den Gap Magazinhalter vor, eine charmante Erg\u00e4nzung f\u00fcr jeden Raum. Schaffen Sie Ihre eigene Bibliothek, indem Sie Ihre Lieblingsb\u00fccher in diesem eleganten Halter unterbringen. Kombinieren Sie mehrere Einheiten zu einer schlanken und wiederkehrenden Anordnung, die Ihr Dekor verbessert und Ihre geliebten Lekt\u00fcren stets in Reichweite h\u00e4lt. Eine perfekte Mischung aus Stil und Praktikabilit\u00e4t.<\/p>\n","protected":false},"excerpt":{"rendered":"<p>Wir stellen Ihnen den Gap Magazinhalter vor, eine charmante Erg\u00e4nzung f\u00fcr jeden Raum. Schaffen Sie Ihre eigene Bibliothek, indem Sie Ihre Lieblingsb\u00fccher in diesem eleganten Halter unterbringen. Kombinieren Sie mehrere Einheiten zu einer schlanken und wiederkehrenden Anordnung, die Ihr Dekor verbessert und Ihre geliebten Lekt\u00fcren stets in Reichweite h\u00e4lt. Eine perfekte Mischung aus Stil und [&hellip;]<\/p>\n","protected":false},"featured_media":1104705,"template":"","meta":{"_acf_changed":false,"inline_featured_image":false},"product_brand":[],"product_cat":[6998,6323,4003,4024,3111,4020,5027],"product_tag":[],"class_list":{"0":"post-1009419","1":"product","2":"type-product","3":"status-publish","4":"has-post-thumbnail","6":"product_cat-the-buzz-de","7":"product_cat-fsc-de","8":"product_cat-regale-aufbewahrung-de","9":"product_cat-ablagen-de","10":"product_cat-aufbewahrung-de","11":"product_cat-magazinhalter-de","12":"product_cat-bestsellers-de","13":"product_shipping_class-pk","15":"pa_color-naturfarben-2","16":"pa_material-mdf-de","17":"pa_material-eichenfurnier","19":"first","20":"instock","21":"featured","22":"taxable","23":"shipping-taxable","24":"purchasable","25":"product-type-simple"},"exclude_global_add_ons":[],"addons":[],"acf":[],"yoast_head":"<!-- This site is optimized with the Yoast SEO plugin v26.4 - https:\/\/yoast.com\/wordpress\/plugins\/seo\/ -->\n<title>Gap Magazinhalter Naturfarben - H\u00fcbsch<\/title>\n<meta name=\"description\" content=\"Wir stellen Ihnen den Gap Magazinhalter vor, eine charmante Erg\u00e4nzung f\u00fcr jeden Raum. Schaffen Sie Ihre eigene Bibliothek, indem Sie Ihre Lieblingsb\u00fccher\" \/>\n<meta name=\"robots\" content=\"index, follow, max-snippet:-1, max-image-preview:large, max-video-preview:-1\" \/>\n<link rel=\"canonical\" href=\"https:\/\/hubsch-interior.com\/de\/wp-json\/wp\/v2\/product\/1009419\" \/>\n<meta property=\"og:locale\" content=\"de_DE\" \/>\n<meta property=\"og:type\" content=\"article\" \/>\n<meta property=\"og:title\" content=\"Gap Magazinhalter Naturfarben - H\u00fcbsch\" \/>\n<meta property=\"og:description\" content=\"Wir stellen Ihnen den Gap Magazinhalter vor, eine charmante Erg\u00e4nzung f\u00fcr jeden Raum. Schaffen Sie Ihre eigene Bibliothek, indem Sie Ihre Lieblingsb\u00fccher\" \/>\n<meta property=\"og:url\" content=\"https:\/\/hubsch-interior.com\/de\/produkt\/gap-magazinhalter-naturfarben\/\" \/>\n<meta property=\"og:site_name\" content=\"H\u00fcbsch\" \/>\n<meta property=\"article:modified_time\" content=\"2026-04-09T02:55:24+00:00\" \/>\n<meta property=\"og:image\" content=\"https:\/\/hubsch-interior.com\/wp-content\/uploads\/2025\/01\/gap-magazine-holder-natural-4f90e9b1eb2d5315157c332fb11c67ef.jpg\" \/>\n\t<meta property=\"og:image:width\" content=\"1200\" \/>\n\t<meta property=\"og:image:height\" content=\"1200\" \/>\n\t<meta property=\"og:image:type\" content=\"image\/jpeg\" \/>\n<meta name=\"twitter:card\" content=\"summary_large_image\" \/>\n<script type=\"application\/ld+json\" class=\"yoast-schema-graph\">{\"@context\":\"https:\/\/schema.org\",\"@graph\":[{\"@type\":\"WebPage\",\"@id\":\"https:\/\/hubsch-interior.com\/de\/produkt\/gap-magazinhalter-naturfarben\/\",\"url\":\"https:\/\/hubsch-interior.com\/de\/produkt\/gap-magazinhalter-naturfarben\/\",\"name\":\"Gap Magazinhalter Naturfarben - H\u00fcbsch\",\"isPartOf\":{\"@id\":\"https:\/\/hubsch-interior.com\/de\/#website\"},\"primaryImageOfPage\":{\"@id\":\"https:\/\/hubsch-interior.com\/de\/produkt\/gap-magazinhalter-naturfarben\/#primaryimage\"},\"image\":{\"@id\":\"https:\/\/hubsch-interior.com\/de\/produkt\/gap-magazinhalter-naturfarben\/#primaryimage\"},\"thumbnailUrl\":\"https:\/\/hubsch-interior.com\/wp-content\/uploads\/2026\/02\/gap-magazine-holder-natural-c1a628177a9f9c6dc5a236cc52db05be.jpg\",\"datePublished\":\"2025-01-24T08:46:09+00:00\",\"dateModified\":\"2026-04-09T02:55:24+00:00\",\"description\":\"Wir stellen Ihnen den Gap Magazinhalter vor, eine charmante Erg\u00e4nzung f\u00fcr jeden Raum. Schaffen Sie Ihre eigene Bibliothek, indem Sie Ihre Lieblingsb\u00fccher\",\"breadcrumb\":{\"@id\":\"https:\/\/hubsch-interior.com\/de\/produkt\/gap-magazinhalter-naturfarben\/#breadcrumb\"},\"inLanguage\":\"de\",\"potentialAction\":[{\"@type\":\"ReadAction\",\"target\":[\"https:\/\/hubsch-interior.com\/de\/produkt\/gap-magazinhalter-naturfarben\/\"]}]},{\"@type\":\"ImageObject\",\"inLanguage\":\"de\",\"@id\":\"https:\/\/hubsch-interior.com\/de\/produkt\/gap-magazinhalter-naturfarben\/#primaryimage\",\"url\":\"https:\/\/hubsch-interior.com\/wp-content\/uploads\/2026\/02\/gap-magazine-holder-natural-c1a628177a9f9c6dc5a236cc52db05be.jpg\",\"contentUrl\":\"https:\/\/hubsch-interior.com\/wp-content\/uploads\/2026\/02\/gap-magazine-holder-natural-c1a628177a9f9c6dc5a236cc52db05be.jpg\",\"width\":1024,\"height\":1024},{\"@type\":\"BreadcrumbList\",\"@id\":\"https:\/\/hubsch-interior.com\/de\/produkt\/gap-magazinhalter-naturfarben\/#breadcrumb\",\"itemListElement\":[{\"@type\":\"ListItem\",\"position\":1,\"name\":\"Startseite\",\"item\":\"https:\/\/hubsch-interior.com\/de\/\"},{\"@type\":\"ListItem\",\"position\":2,\"name\":\"Produkte\",\"item\":\"https:\/\/hubsch-interior.com\/de\/shop-2\/\"},{\"@type\":\"ListItem\",\"position\":3,\"name\":\"M\u00f6bel\",\"item\":\"https:\/\/hubsch-interior.com\/de\/produkt-kategorie\/moebel\/\"},{\"@type\":\"ListItem\",\"position\":4,\"name\":\"Regale &amp; Aufbewahrung\",\"item\":\"https:\/\/hubsch-interior.com\/de\/produkt-kategorie\/moebel\/regale-aufbewahrung-de\/\"},{\"@type\":\"ListItem\",\"position\":5,\"name\":\"Ablagen\",\"item\":\"https:\/\/hubsch-interior.com\/de\/produkt-kategorie\/moebel\/regale-aufbewahrung-de\/ablagen-de\/\"},{\"@type\":\"ListItem\",\"position\":6,\"name\":\"Gap Magazinhalter Naturfarben\"}]},{\"@type\":\"WebSite\",\"@id\":\"https:\/\/hubsch-interior.com\/de\/#website\",\"url\":\"https:\/\/hubsch-interior.com\/de\/\",\"name\":\"H\u00fcbsch\",\"description\":\"Danish Home Interior and Design\",\"publisher\":{\"@id\":\"https:\/\/hubsch-interior.com\/de\/#organization\"},\"potentialAction\":[{\"@type\":\"SearchAction\",\"target\":{\"@type\":\"EntryPoint\",\"urlTemplate\":\"https:\/\/hubsch-interior.com\/de\/?s={search_term_string}\"},\"query-input\":{\"@type\":\"PropertyValueSpecification\",\"valueRequired\":true,\"valueName\":\"search_term_string\"}}],\"inLanguage\":\"de\"},{\"@type\":\"Organization\",\"@id\":\"https:\/\/hubsch-interior.com\/de\/#organization\",\"name\":\"H\u00fcbsch\",\"url\":\"https:\/\/hubsch-interior.com\/de\/\",\"logo\":{\"@type\":\"ImageObject\",\"inLanguage\":\"de\",\"@id\":\"https:\/\/hubsch-interior.com\/de\/#\/schema\/logo\/image\/\",\"url\":\"https:\/\/hubsch-interior.com\/wp-content\/uploads\/2022\/12\/Hubsch_logo_black_one_line.svg\",\"contentUrl\":\"https:\/\/hubsch-interior.com\/wp-content\/uploads\/2022\/12\/Hubsch_logo_black_one_line.svg\",\"caption\":\"H\u00fcbsch\"},\"image\":{\"@id\":\"https:\/\/hubsch-interior.com\/de\/#\/schema\/logo\/image\/\"}}]}<\/script>\n<!-- \/ Yoast SEO plugin. -->","yoast_head_json":{"title":"Gap Magazinhalter Naturfarben - H\u00fcbsch","description":"Wir stellen Ihnen den Gap Magazinhalter vor, eine charmante Erg\u00e4nzung f\u00fcr jeden Raum. Schaffen Sie Ihre eigene Bibliothek, indem Sie Ihre Lieblingsb\u00fccher","robots":{"index":"index","follow":"follow","max-snippet":"max-snippet:-1","max-image-preview":"max-image-preview:large","max-video-preview":"max-video-preview:-1"},"canonical":"https:\/\/hubsch-interior.com\/de\/wp-json\/wp\/v2\/product\/1009419","og_locale":"de_DE","og_type":"article","og_title":"Gap Magazinhalter Naturfarben - H\u00fcbsch","og_description":"Wir stellen Ihnen den Gap Magazinhalter vor, eine charmante Erg\u00e4nzung f\u00fcr jeden Raum. Schaffen Sie Ihre eigene Bibliothek, indem Sie Ihre Lieblingsb\u00fccher","og_url":"https:\/\/hubsch-interior.com\/de\/produkt\/gap-magazinhalter-naturfarben\/","og_site_name":"H\u00fcbsch","article_modified_time":"2026-04-09T02:55:24+00:00","og_image":[{"width":1200,"height":1200,"url":"https:\/\/hubsch-interior.com\/wp-content\/uploads\/2025\/01\/gap-magazine-holder-natural-4f90e9b1eb2d5315157c332fb11c67ef.jpg","type":"image\/jpeg"}],"twitter_card":"summary_large_image","schema":{"@context":"https:\/\/schema.org","@graph":[{"@type":"WebPage","@id":"https:\/\/hubsch-interior.com\/de\/produkt\/gap-magazinhalter-naturfarben\/","url":"https:\/\/hubsch-interior.com\/de\/produkt\/gap-magazinhalter-naturfarben\/","name":"Gap Magazinhalter Naturfarben - H\u00fcbsch","isPartOf":{"@id":"https:\/\/hubsch-interior.com\/de\/#website"},"primaryImageOfPage":{"@id":"https:\/\/hubsch-interior.com\/de\/produkt\/gap-magazinhalter-naturfarben\/#primaryimage"},"image":{"@id":"https:\/\/hubsch-interior.com\/de\/produkt\/gap-magazinhalter-naturfarben\/#primaryimage"},"thumbnailUrl":"https:\/\/hubsch-interior.com\/wp-content\/uploads\/2026\/02\/gap-magazine-holder-natural-c1a628177a9f9c6dc5a236cc52db05be.jpg","datePublished":"2025-01-24T08:46:09+00:00","dateModified":"2026-04-09T02:55:24+00:00","description":"Wir stellen Ihnen den Gap Magazinhalter vor, eine charmante Erg\u00e4nzung f\u00fcr jeden Raum. Schaffen Sie Ihre eigene Bibliothek, indem Sie Ihre Lieblingsb\u00fccher","breadcrumb":{"@id":"https:\/\/hubsch-interior.com\/de\/produkt\/gap-magazinhalter-naturfarben\/#breadcrumb"},"inLanguage":"de","potentialAction":[{"@type":"ReadAction","target":["https:\/\/hubsch-interior.com\/de\/produkt\/gap-magazinhalter-naturfarben\/"]}]},{"@type":"ImageObject","inLanguage":"de","@id":"https:\/\/hubsch-interior.com\/de\/produkt\/gap-magazinhalter-naturfarben\/#primaryimage","url":"https:\/\/hubsch-interior.com\/wp-content\/uploads\/2026\/02\/gap-magazine-holder-natural-c1a628177a9f9c6dc5a236cc52db05be.jpg","contentUrl":"https:\/\/hubsch-interior.com\/wp-content\/uploads\/2026\/02\/gap-magazine-holder-natural-c1a628177a9f9c6dc5a236cc52db05be.jpg","width":1024,"height":1024},{"@type":"BreadcrumbList","@id":"https:\/\/hubsch-interior.com\/de\/produkt\/gap-magazinhalter-naturfarben\/#breadcrumb","itemListElement":[{"@type":"ListItem","position":1,"name":"Startseite","item":"https:\/\/hubsch-interior.com\/de\/"},{"@type":"ListItem","position":2,"name":"Produkte","item":"https:\/\/hubsch-interior.com\/de\/shop-2\/"},{"@type":"ListItem","position":3,"name":"M\u00f6bel","item":"https:\/\/hubsch-interior.com\/de\/produkt-kategorie\/moebel\/"},{"@type":"ListItem","position":4,"name":"Regale &amp; Aufbewahrung","item":"https:\/\/hubsch-interior.com\/de\/produkt-kategorie\/moebel\/regale-aufbewahrung-de\/"},{"@type":"ListItem","position":5,"name":"Ablagen","item":"https:\/\/hubsch-interior.com\/de\/produkt-kategorie\/moebel\/regale-aufbewahrung-de\/ablagen-de\/"},{"@type":"ListItem","position":6,"name":"Gap Magazinhalter Naturfarben"}]},{"@type":"WebSite","@id":"https:\/\/hubsch-interior.com\/de\/#website","url":"https:\/\/hubsch-interior.com\/de\/","name":"H\u00fcbsch","description":"Danish Home Interior and Design","publisher":{"@id":"https:\/\/hubsch-interior.com\/de\/#organization"},"potentialAction":[{"@type":"SearchAction","target":{"@type":"EntryPoint","urlTemplate":"https:\/\/hubsch-interior.com\/de\/?s={search_term_string}"},"query-input":{"@type":"PropertyValueSpecification","valueRequired":true,"valueName":"search_term_string"}}],"inLanguage":"de"},{"@type":"Organization","@id":"https:\/\/hubsch-interior.com\/de\/#organization","name":"H\u00fcbsch","url":"https:\/\/hubsch-interior.com\/de\/","logo":{"@type":"ImageObject","inLanguage":"de","@id":"https:\/\/hubsch-interior.com\/de\/#\/schema\/logo\/image\/","url":"https:\/\/hubsch-interior.com\/wp-content\/uploads\/2022\/12\/Hubsch_logo_black_one_line.svg","contentUrl":"https:\/\/hubsch-interior.com\/wp-content\/uploads\/2022\/12\/Hubsch_logo_black_one_line.svg","caption":"H\u00fcbsch"},"image":{"@id":"https:\/\/hubsch-interior.com\/de\/#\/schema\/logo\/image\/"}}]}},"_links":{"self":[{"href":"https:\/\/hubsch-interior.com\/de\/wp-json\/wp\/v2\/product\/1009419","targetHints":{"allow":["GET"]}}],"collection":[{"href":"https:\/\/hubsch-interior.com\/de\/wp-json\/wp\/v2\/product"}],"about":[{"href":"https:\/\/hubsch-interior.com\/de\/wp-json\/wp\/v2\/types\/product"}],"wp:featuredmedia":[{"embeddable":true,"href":"https:\/\/hubsch-interior.com\/de\/wp-json\/wp\/v2\/media\/1104705"}],"wp:attachment":[{"href":"https:\/\/hubsch-interior.com\/de\/wp-json\/wp\/v2\/media?parent=1009419"}],"wp:term":[{"taxonomy":"product_brand","embeddable":true,"href":"https:\/\/hubsch-interior.com\/de\/wp-json\/wp\/v2\/product_brand?post=1009419"},{"taxonomy":"product_cat","embeddable":true,"href":"https:\/\/hubsch-interior.com\/de\/wp-json\/wp\/v2\/product_cat?post=1009419"},{"taxonomy":"product_tag","embeddable":true,"href":"https:\/\/hubsch-interior.com\/de\/wp-json\/wp\/v2\/product_tag?post=1009419"}],"curies":[{"name":"wp","href":"https:\/\/api.w.org\/{rel}","templated":true}]}}