{"id":1009463,"date":"2025-01-24T09:47:44","date_gmt":"2025-01-24T08:47:44","guid":{"rendered":"https:\/\/hubsch-interior.com\/product\/product\/"},"modified":"2026-04-05T04:58:55","modified_gmt":"2026-04-05T02:58:55","slug":"view-display-box-small-schwarz","status":"publish","type":"product","link":"https:\/\/hubsch-interior.com\/de\/produkt\/view-display-box-small-schwarz\/","title":{"rendered":"View Display Box Small Schwarz"},"content":{"rendered":"<p>Wohin mit all den kleinen Andenken, die Ihre Kinder sammeln? Sie wissen, was wir meinen: Steine, Zweige und andere sonderbare Schmuckst\u00fccke und glitzernde Gegenst\u00e4nde. Die L\u00f6sung: Die View Display Box aus Glas und FSC\u00ae-zertifiziertem Holz. Diese Holzbox ist perfekt f\u00fcr all die kleinen Dinge, von denen Sie nicht so recht wissen, wohin damit. Sie ist nat\u00fcrlich auch perfekt f\u00fcr Ihren eigenen Schmuck, Edelsteine oder kleine Sch\u00e4tze. <\/p>\n","protected":false},"excerpt":{"rendered":"<p>Wohin mit all den kleinen Andenken, die Ihre Kinder sammeln? Sie wissen, was wir meinen: Steine, Zweige und andere sonderbare Schmuckst\u00fccke und glitzernde Gegenst\u00e4nde. Die L\u00f6sung: Die View Display Box aus Glas und FSC\u00ae-zertifiziertem Holz. Diese Holzbox ist perfekt f\u00fcr all die kleinen Dinge, von denen Sie nicht so recht wissen, wohin damit. Sie ist [&hellip;]<\/p>\n","protected":false},"featured_media":1104733,"template":"","meta":{"_acf_changed":false,"inline_featured_image":false},"product_brand":[],"product_cat":[6998,6323,3111,3646,5027],"product_tag":[],"class_list":{"0":"post-1009463","1":"product","2":"type-product","3":"status-publish","4":"has-post-thumbnail","6":"product_cat-the-buzz-de","7":"product_cat-fsc-de","8":"product_cat-aufbewahrung-de","9":"product_cat-kisten-de","10":"product_cat-bestsellers-de","11":"product_shipping_class-pk","13":"pa_color-schwarz","14":"pa_material-eschefurnier","15":"pa_material-glas-de","16":"pa_material-mdf-de","17":"pa_material-eschenholz","19":"first","20":"instock","21":"featured","22":"taxable","23":"shipping-taxable","24":"purchasable","25":"product-type-simple"},"exclude_global_add_ons":[],"addons":[],"acf":[],"yoast_head":"<!-- This site is optimized with the Yoast SEO plugin v26.4 - https:\/\/yoast.com\/wordpress\/plugins\/seo\/ -->\n<title>View Display Box Small Schwarz - H\u00fcbsch<\/title>\n<meta name=\"description\" content=\"Wohin mit all den kleinen Andenken, die Ihre Kinder sammeln? Sie wissen, was wir meinen: Steine, Zweige und andere sonderbare Schmuckst\u00fccke und glitzernde\" \/>\n<meta name=\"robots\" content=\"index, follow, max-snippet:-1, max-image-preview:large, max-video-preview:-1\" \/>\n<link rel=\"canonical\" href=\"https:\/\/hubsch-interior.com\/de\/wp-json\/wp\/v2\/product\/1009463\" \/>\n<meta property=\"og:locale\" content=\"de_DE\" \/>\n<meta property=\"og:type\" content=\"article\" \/>\n<meta property=\"og:title\" content=\"View Display Box Small Schwarz - H\u00fcbsch\" \/>\n<meta property=\"og:description\" content=\"Wohin mit all den kleinen Andenken, die Ihre Kinder sammeln? Sie wissen, was wir meinen: Steine, Zweige und andere sonderbare Schmuckst\u00fccke und glitzernde\" \/>\n<meta property=\"og:url\" content=\"https:\/\/hubsch-interior.com\/de\/produkt\/view-display-box-small-schwarz\/\" \/>\n<meta property=\"og:site_name\" content=\"H\u00fcbsch\" \/>\n<meta property=\"article:modified_time\" content=\"2026-04-05T02:58:55+00:00\" \/>\n<meta property=\"og:image\" content=\"https:\/\/hubsch-interior.com\/wp-content\/uploads\/2025\/01\/view-display-box-small-black-e8b44a3a19803f218719cba44d6a6bab.jpg\" \/>\n\t<meta property=\"og:image:width\" content=\"1200\" \/>\n\t<meta property=\"og:image:height\" content=\"1200\" \/>\n\t<meta property=\"og:image:type\" content=\"image\/jpeg\" \/>\n<meta name=\"twitter:card\" content=\"summary_large_image\" \/>\n<script type=\"application\/ld+json\" class=\"yoast-schema-graph\">{\"@context\":\"https:\/\/schema.org\",\"@graph\":[{\"@type\":\"WebPage\",\"@id\":\"https:\/\/hubsch-interior.com\/de\/produkt\/view-display-box-small-schwarz\/\",\"url\":\"https:\/\/hubsch-interior.com\/de\/produkt\/view-display-box-small-schwarz\/\",\"name\":\"View Display Box Small Schwarz - H\u00fcbsch\",\"isPartOf\":{\"@id\":\"https:\/\/hubsch-interior.com\/de\/#website\"},\"primaryImageOfPage\":{\"@id\":\"https:\/\/hubsch-interior.com\/de\/produkt\/view-display-box-small-schwarz\/#primaryimage\"},\"image\":{\"@id\":\"https:\/\/hubsch-interior.com\/de\/produkt\/view-display-box-small-schwarz\/#primaryimage\"},\"thumbnailUrl\":\"https:\/\/hubsch-interior.com\/wp-content\/uploads\/2026\/02\/view-display-box-small-black-09f9a240619ded2d42e74c0e9fa0b0af.jpg\",\"datePublished\":\"2025-01-24T08:47:44+00:00\",\"dateModified\":\"2026-04-05T02:58:55+00:00\",\"description\":\"Wohin mit all den kleinen Andenken, die Ihre Kinder sammeln? Sie wissen, was wir meinen: Steine, Zweige und andere sonderbare Schmuckst\u00fccke und glitzernde\",\"breadcrumb\":{\"@id\":\"https:\/\/hubsch-interior.com\/de\/produkt\/view-display-box-small-schwarz\/#breadcrumb\"},\"inLanguage\":\"de\",\"potentialAction\":[{\"@type\":\"ReadAction\",\"target\":[\"https:\/\/hubsch-interior.com\/de\/produkt\/view-display-box-small-schwarz\/\"]}]},{\"@type\":\"ImageObject\",\"inLanguage\":\"de\",\"@id\":\"https:\/\/hubsch-interior.com\/de\/produkt\/view-display-box-small-schwarz\/#primaryimage\",\"url\":\"https:\/\/hubsch-interior.com\/wp-content\/uploads\/2026\/02\/view-display-box-small-black-09f9a240619ded2d42e74c0e9fa0b0af.jpg\",\"contentUrl\":\"https:\/\/hubsch-interior.com\/wp-content\/uploads\/2026\/02\/view-display-box-small-black-09f9a240619ded2d42e74c0e9fa0b0af.jpg\",\"width\":1024,\"height\":1024},{\"@type\":\"BreadcrumbList\",\"@id\":\"https:\/\/hubsch-interior.com\/de\/produkt\/view-display-box-small-schwarz\/#breadcrumb\",\"itemListElement\":[{\"@type\":\"ListItem\",\"position\":1,\"name\":\"Startseite\",\"item\":\"https:\/\/hubsch-interior.com\/de\/\"},{\"@type\":\"ListItem\",\"position\":2,\"name\":\"Produkte\",\"item\":\"https:\/\/hubsch-interior.com\/de\/shop-2\/\"},{\"@type\":\"ListItem\",\"position\":3,\"name\":\"Wohnaccessoires\",\"item\":\"https:\/\/hubsch-interior.com\/de\/produkt-kategorie\/wohnaccessoires\/\"},{\"@type\":\"ListItem\",\"position\":4,\"name\":\"Aufbewahrung\",\"item\":\"https:\/\/hubsch-interior.com\/de\/produkt-kategorie\/wohnaccessoires\/aufbewahrung-de\/\"},{\"@type\":\"ListItem\",\"position\":5,\"name\":\"Kisten\",\"item\":\"https:\/\/hubsch-interior.com\/de\/produkt-kategorie\/wohnaccessoires\/aufbewahrung-de\/kisten-de\/\"},{\"@type\":\"ListItem\",\"position\":6,\"name\":\"View Display Box Small Schwarz\"}]},{\"@type\":\"WebSite\",\"@id\":\"https:\/\/hubsch-interior.com\/de\/#website\",\"url\":\"https:\/\/hubsch-interior.com\/de\/\",\"name\":\"H\u00fcbsch\",\"description\":\"Danish Home Interior and Design\",\"publisher\":{\"@id\":\"https:\/\/hubsch-interior.com\/de\/#organization\"},\"potentialAction\":[{\"@type\":\"SearchAction\",\"target\":{\"@type\":\"EntryPoint\",\"urlTemplate\":\"https:\/\/hubsch-interior.com\/de\/?s={search_term_string}\"},\"query-input\":{\"@type\":\"PropertyValueSpecification\",\"valueRequired\":true,\"valueName\":\"search_term_string\"}}],\"inLanguage\":\"de\"},{\"@type\":\"Organization\",\"@id\":\"https:\/\/hubsch-interior.com\/de\/#organization\",\"name\":\"H\u00fcbsch\",\"url\":\"https:\/\/hubsch-interior.com\/de\/\",\"logo\":{\"@type\":\"ImageObject\",\"inLanguage\":\"de\",\"@id\":\"https:\/\/hubsch-interior.com\/de\/#\/schema\/logo\/image\/\",\"url\":\"https:\/\/hubsch-interior.com\/wp-content\/uploads\/2022\/12\/Hubsch_logo_black_one_line.svg\",\"contentUrl\":\"https:\/\/hubsch-interior.com\/wp-content\/uploads\/2022\/12\/Hubsch_logo_black_one_line.svg\",\"caption\":\"H\u00fcbsch\"},\"image\":{\"@id\":\"https:\/\/hubsch-interior.com\/de\/#\/schema\/logo\/image\/\"}}]}<\/script>\n<!-- \/ Yoast SEO plugin. -->","yoast_head_json":{"title":"View Display Box Small Schwarz - H\u00fcbsch","description":"Wohin mit all den kleinen Andenken, die Ihre Kinder sammeln? Sie wissen, was wir meinen: Steine, Zweige und andere sonderbare Schmuckst\u00fccke und glitzernde","robots":{"index":"index","follow":"follow","max-snippet":"max-snippet:-1","max-image-preview":"max-image-preview:large","max-video-preview":"max-video-preview:-1"},"canonical":"https:\/\/hubsch-interior.com\/de\/wp-json\/wp\/v2\/product\/1009463","og_locale":"de_DE","og_type":"article","og_title":"View Display Box Small Schwarz - H\u00fcbsch","og_description":"Wohin mit all den kleinen Andenken, die Ihre Kinder sammeln? Sie wissen, was wir meinen: Steine, Zweige und andere sonderbare Schmuckst\u00fccke und glitzernde","og_url":"https:\/\/hubsch-interior.com\/de\/produkt\/view-display-box-small-schwarz\/","og_site_name":"H\u00fcbsch","article_modified_time":"2026-04-05T02:58:55+00:00","og_image":[{"width":1200,"height":1200,"url":"https:\/\/hubsch-interior.com\/wp-content\/uploads\/2025\/01\/view-display-box-small-black-e8b44a3a19803f218719cba44d6a6bab.jpg","type":"image\/jpeg"}],"twitter_card":"summary_large_image","schema":{"@context":"https:\/\/schema.org","@graph":[{"@type":"WebPage","@id":"https:\/\/hubsch-interior.com\/de\/produkt\/view-display-box-small-schwarz\/","url":"https:\/\/hubsch-interior.com\/de\/produkt\/view-display-box-small-schwarz\/","name":"View Display Box Small Schwarz - H\u00fcbsch","isPartOf":{"@id":"https:\/\/hubsch-interior.com\/de\/#website"},"primaryImageOfPage":{"@id":"https:\/\/hubsch-interior.com\/de\/produkt\/view-display-box-small-schwarz\/#primaryimage"},"image":{"@id":"https:\/\/hubsch-interior.com\/de\/produkt\/view-display-box-small-schwarz\/#primaryimage"},"thumbnailUrl":"https:\/\/hubsch-interior.com\/wp-content\/uploads\/2026\/02\/view-display-box-small-black-09f9a240619ded2d42e74c0e9fa0b0af.jpg","datePublished":"2025-01-24T08:47:44+00:00","dateModified":"2026-04-05T02:58:55+00:00","description":"Wohin mit all den kleinen Andenken, die Ihre Kinder sammeln? Sie wissen, was wir meinen: Steine, Zweige und andere sonderbare Schmuckst\u00fccke und glitzernde","breadcrumb":{"@id":"https:\/\/hubsch-interior.com\/de\/produkt\/view-display-box-small-schwarz\/#breadcrumb"},"inLanguage":"de","potentialAction":[{"@type":"ReadAction","target":["https:\/\/hubsch-interior.com\/de\/produkt\/view-display-box-small-schwarz\/"]}]},{"@type":"ImageObject","inLanguage":"de","@id":"https:\/\/hubsch-interior.com\/de\/produkt\/view-display-box-small-schwarz\/#primaryimage","url":"https:\/\/hubsch-interior.com\/wp-content\/uploads\/2026\/02\/view-display-box-small-black-09f9a240619ded2d42e74c0e9fa0b0af.jpg","contentUrl":"https:\/\/hubsch-interior.com\/wp-content\/uploads\/2026\/02\/view-display-box-small-black-09f9a240619ded2d42e74c0e9fa0b0af.jpg","width":1024,"height":1024},{"@type":"BreadcrumbList","@id":"https:\/\/hubsch-interior.com\/de\/produkt\/view-display-box-small-schwarz\/#breadcrumb","itemListElement":[{"@type":"ListItem","position":1,"name":"Startseite","item":"https:\/\/hubsch-interior.com\/de\/"},{"@type":"ListItem","position":2,"name":"Produkte","item":"https:\/\/hubsch-interior.com\/de\/shop-2\/"},{"@type":"ListItem","position":3,"name":"Wohnaccessoires","item":"https:\/\/hubsch-interior.com\/de\/produkt-kategorie\/wohnaccessoires\/"},{"@type":"ListItem","position":4,"name":"Aufbewahrung","item":"https:\/\/hubsch-interior.com\/de\/produkt-kategorie\/wohnaccessoires\/aufbewahrung-de\/"},{"@type":"ListItem","position":5,"name":"Kisten","item":"https:\/\/hubsch-interior.com\/de\/produkt-kategorie\/wohnaccessoires\/aufbewahrung-de\/kisten-de\/"},{"@type":"ListItem","position":6,"name":"View Display Box Small Schwarz"}]},{"@type":"WebSite","@id":"https:\/\/hubsch-interior.com\/de\/#website","url":"https:\/\/hubsch-interior.com\/de\/","name":"H\u00fcbsch","description":"Danish Home Interior and Design","publisher":{"@id":"https:\/\/hubsch-interior.com\/de\/#organization"},"potentialAction":[{"@type":"SearchAction","target":{"@type":"EntryPoint","urlTemplate":"https:\/\/hubsch-interior.com\/de\/?s={search_term_string}"},"query-input":{"@type":"PropertyValueSpecification","valueRequired":true,"valueName":"search_term_string"}}],"inLanguage":"de"},{"@type":"Organization","@id":"https:\/\/hubsch-interior.com\/de\/#organization","name":"H\u00fcbsch","url":"https:\/\/hubsch-interior.com\/de\/","logo":{"@type":"ImageObject","inLanguage":"de","@id":"https:\/\/hubsch-interior.com\/de\/#\/schema\/logo\/image\/","url":"https:\/\/hubsch-interior.com\/wp-content\/uploads\/2022\/12\/Hubsch_logo_black_one_line.svg","contentUrl":"https:\/\/hubsch-interior.com\/wp-content\/uploads\/2022\/12\/Hubsch_logo_black_one_line.svg","caption":"H\u00fcbsch"},"image":{"@id":"https:\/\/hubsch-interior.com\/de\/#\/schema\/logo\/image\/"}}]}},"_links":{"self":[{"href":"https:\/\/hubsch-interior.com\/de\/wp-json\/wp\/v2\/product\/1009463","targetHints":{"allow":["GET"]}}],"collection":[{"href":"https:\/\/hubsch-interior.com\/de\/wp-json\/wp\/v2\/product"}],"about":[{"href":"https:\/\/hubsch-interior.com\/de\/wp-json\/wp\/v2\/types\/product"}],"wp:featuredmedia":[{"embeddable":true,"href":"https:\/\/hubsch-interior.com\/de\/wp-json\/wp\/v2\/media\/1104733"}],"wp:attachment":[{"href":"https:\/\/hubsch-interior.com\/de\/wp-json\/wp\/v2\/media?parent=1009463"}],"wp:term":[{"taxonomy":"product_brand","embeddable":true,"href":"https:\/\/hubsch-interior.com\/de\/wp-json\/wp\/v2\/product_brand?post=1009463"},{"taxonomy":"product_cat","embeddable":true,"href":"https:\/\/hubsch-interior.com\/de\/wp-json\/wp\/v2\/product_cat?post=1009463"},{"taxonomy":"product_tag","embeddable":true,"href":"https:\/\/hubsch-interior.com\/de\/wp-json\/wp\/v2\/product_tag?post=1009463"}],"curies":[{"name":"wp","href":"https:\/\/api.w.org\/{rel}","templated":true}]}}