{"id":1010504,"date":"2025-01-29T11:01:24","date_gmt":"2025-01-29T10:01:24","guid":{"rendered":"https:\/\/hubsch-interior.com\/product\/product\/"},"modified":"2026-04-04T04:56:57","modified_gmt":"2026-04-04T02:56:57","slug":"epoch-bank-sandfarben-naturfarben","status":"publish","type":"product","link":"https:\/\/hubsch-interior.com\/de\/produkt\/epoch-bank-sandfarben-naturfarben\/","title":{"rendered":"Epoch Bank Sandfarben\/Naturfarben"},"content":{"rendered":"<p>Wir pr\u00e4sentieren die Epoch Bank, eine klassische Erg\u00e4nzung f\u00fcr jedes Interieur. Gefertigt aus FSC-zertifiziertem Eichenholz und Furnier. Der robuste, doch elegante Rahmen der Bank eignet sich perfekt als zus\u00e4tzliche Sitzgelegenheit f\u00fcr jeden Raum, sei es Ihre belebte K\u00fcche oder das ruhige Arbeitszimmer. F\u00fcr ein verbessertes Erlebnis ist sie mit einem weichen Kissen ausgestattet, das etwas mehr Komfort bietet. Die Epoch Bank ist nicht nur ein M\u00f6belst\u00fcck; sie ist ein zeitloser Grundpfeiler f\u00fcr Ihr Zuhause.<\/p>\n","protected":false},"excerpt":{"rendered":"<p>Wir pr\u00e4sentieren die Epoch Bank, eine klassische Erg\u00e4nzung f\u00fcr jedes Interieur. Gefertigt aus FSC-zertifiziertem Eichenholz und Furnier. Der robuste, doch elegante Rahmen der Bank eignet sich perfekt als zus\u00e4tzliche Sitzgelegenheit f\u00fcr jeden Raum, sei es Ihre belebte K\u00fcche oder das ruhige Arbeitszimmer. F\u00fcr ein verbessertes Erlebnis ist sie mit einem weichen Kissen ausgestattet, das etwas [&hellip;]<\/p>\n","protected":false},"featured_media":1104657,"template":"","meta":{"_acf_changed":false,"inline_featured_image":false},"product_brand":[],"product_cat":[6998,2845,2878,5027],"product_tag":[],"class_list":{"0":"post-1010504","1":"product","2":"type-product","3":"status-publish","4":"has-post-thumbnail","6":"product_cat-the-buzz-de","7":"product_cat-sitzmoebel-de","8":"product_cat-baenke-de","9":"product_cat-bestsellers-de","10":"product_shipping_class-pk","11":"pa_color-sandfarben","12":"pa_color-naturfarben-2","13":"pa_material-mdf-de","14":"pa_material-polyester-100-de","15":"pa_material-eichenfurnier","16":"pa_material-eichenholz","18":"first","19":"outofstock","20":"featured","21":"taxable","22":"shipping-taxable","23":"purchasable","24":"product-type-simple"},"exclude_global_add_ons":[],"addons":[],"acf":[],"yoast_head":"<!-- This site is optimized with the Yoast SEO plugin v26.4 - https:\/\/yoast.com\/wordpress\/plugins\/seo\/ -->\n<title>Epoch Bank Sandfarben\/Naturfarben - H\u00fcbsch<\/title>\n<meta name=\"description\" content=\"Wir pr\u00e4sentieren die Epoch Bank, eine klassische Erg\u00e4nzung f\u00fcr jedes Interieur. Gefertigt aus FSC-zertifiziertem Eichenholz und Furnier. Der robuste, doch\" \/>\n<meta name=\"robots\" content=\"index, follow, max-snippet:-1, max-image-preview:large, max-video-preview:-1\" \/>\n<link rel=\"canonical\" href=\"https:\/\/hubsch-interior.com\/de\/wp-json\/wp\/v2\/product\/1010504\" \/>\n<meta property=\"og:locale\" content=\"de_DE\" \/>\n<meta property=\"og:type\" content=\"article\" \/>\n<meta property=\"og:title\" content=\"Epoch Bank Sandfarben\/Naturfarben - H\u00fcbsch\" \/>\n<meta property=\"og:description\" content=\"Wir pr\u00e4sentieren die Epoch Bank, eine klassische Erg\u00e4nzung f\u00fcr jedes Interieur. Gefertigt aus FSC-zertifiziertem Eichenholz und Furnier. Der robuste, doch\" \/>\n<meta property=\"og:url\" content=\"https:\/\/hubsch-interior.com\/de\/produkt\/epoch-bank-sandfarben-naturfarben\/\" \/>\n<meta property=\"og:site_name\" content=\"H\u00fcbsch\" \/>\n<meta property=\"article:modified_time\" content=\"2026-04-04T02:56:57+00:00\" \/>\n<meta property=\"og:image\" content=\"https:\/\/hubsch-interior.com\/wp-content\/uploads\/2026\/02\/epoch-bench-sandnatural-f5805cff3078a07729fcf049dd81dd1a.jpg\" \/>\n\t<meta property=\"og:image:width\" content=\"1024\" \/>\n\t<meta property=\"og:image:height\" content=\"1024\" \/>\n\t<meta property=\"og:image:type\" content=\"image\/jpeg\" \/>\n<meta name=\"twitter:card\" content=\"summary_large_image\" \/>\n<script type=\"application\/ld+json\" class=\"yoast-schema-graph\">{\"@context\":\"https:\/\/schema.org\",\"@graph\":[{\"@type\":\"WebPage\",\"@id\":\"https:\/\/hubsch-interior.com\/de\/produkt\/epoch-bank-sandfarben-naturfarben\/\",\"url\":\"https:\/\/hubsch-interior.com\/de\/produkt\/epoch-bank-sandfarben-naturfarben\/\",\"name\":\"Epoch Bank Sandfarben\/Naturfarben - H\u00fcbsch\",\"isPartOf\":{\"@id\":\"https:\/\/hubsch-interior.com\/de\/#website\"},\"primaryImageOfPage\":{\"@id\":\"https:\/\/hubsch-interior.com\/de\/produkt\/epoch-bank-sandfarben-naturfarben\/#primaryimage\"},\"image\":{\"@id\":\"https:\/\/hubsch-interior.com\/de\/produkt\/epoch-bank-sandfarben-naturfarben\/#primaryimage\"},\"thumbnailUrl\":\"https:\/\/hubsch-interior.com\/wp-content\/uploads\/2026\/02\/epoch-bench-sandnatural-f5805cff3078a07729fcf049dd81dd1a.jpg\",\"datePublished\":\"2025-01-29T10:01:24+00:00\",\"dateModified\":\"2026-04-04T02:56:57+00:00\",\"description\":\"Wir pr\u00e4sentieren die Epoch Bank, eine klassische Erg\u00e4nzung f\u00fcr jedes Interieur. Gefertigt aus FSC-zertifiziertem Eichenholz und Furnier. Der robuste, doch\",\"breadcrumb\":{\"@id\":\"https:\/\/hubsch-interior.com\/de\/produkt\/epoch-bank-sandfarben-naturfarben\/#breadcrumb\"},\"inLanguage\":\"de\",\"potentialAction\":[{\"@type\":\"ReadAction\",\"target\":[\"https:\/\/hubsch-interior.com\/de\/produkt\/epoch-bank-sandfarben-naturfarben\/\"]}]},{\"@type\":\"ImageObject\",\"inLanguage\":\"de\",\"@id\":\"https:\/\/hubsch-interior.com\/de\/produkt\/epoch-bank-sandfarben-naturfarben\/#primaryimage\",\"url\":\"https:\/\/hubsch-interior.com\/wp-content\/uploads\/2026\/02\/epoch-bench-sandnatural-f5805cff3078a07729fcf049dd81dd1a.jpg\",\"contentUrl\":\"https:\/\/hubsch-interior.com\/wp-content\/uploads\/2026\/02\/epoch-bench-sandnatural-f5805cff3078a07729fcf049dd81dd1a.jpg\",\"width\":1024,\"height\":1024},{\"@type\":\"BreadcrumbList\",\"@id\":\"https:\/\/hubsch-interior.com\/de\/produkt\/epoch-bank-sandfarben-naturfarben\/#breadcrumb\",\"itemListElement\":[{\"@type\":\"ListItem\",\"position\":1,\"name\":\"Startseite\",\"item\":\"https:\/\/hubsch-interior.com\/de\/\"},{\"@type\":\"ListItem\",\"position\":2,\"name\":\"Produkte\",\"item\":\"https:\/\/hubsch-interior.com\/de\/shop-2\/\"},{\"@type\":\"ListItem\",\"position\":3,\"name\":\"M\u00f6bel\",\"item\":\"https:\/\/hubsch-interior.com\/de\/produkt-kategorie\/moebel\/\"},{\"@type\":\"ListItem\",\"position\":4,\"name\":\"Sitzm&ouml;bel\",\"item\":\"https:\/\/hubsch-interior.com\/de\/produkt-kategorie\/moebel\/sitzmoebel-de\/\"},{\"@type\":\"ListItem\",\"position\":5,\"name\":\"B&auml;nke\",\"item\":\"https:\/\/hubsch-interior.com\/de\/produkt-kategorie\/moebel\/sitzmoebel-de\/baenke-de\/\"},{\"@type\":\"ListItem\",\"position\":6,\"name\":\"Epoch Bank Sandfarben\/Naturfarben\"}]},{\"@type\":\"WebSite\",\"@id\":\"https:\/\/hubsch-interior.com\/de\/#website\",\"url\":\"https:\/\/hubsch-interior.com\/de\/\",\"name\":\"H\u00fcbsch\",\"description\":\"Danish Home Interior and Design\",\"publisher\":{\"@id\":\"https:\/\/hubsch-interior.com\/de\/#organization\"},\"potentialAction\":[{\"@type\":\"SearchAction\",\"target\":{\"@type\":\"EntryPoint\",\"urlTemplate\":\"https:\/\/hubsch-interior.com\/de\/?s={search_term_string}\"},\"query-input\":{\"@type\":\"PropertyValueSpecification\",\"valueRequired\":true,\"valueName\":\"search_term_string\"}}],\"inLanguage\":\"de\"},{\"@type\":\"Organization\",\"@id\":\"https:\/\/hubsch-interior.com\/de\/#organization\",\"name\":\"H\u00fcbsch\",\"url\":\"https:\/\/hubsch-interior.com\/de\/\",\"logo\":{\"@type\":\"ImageObject\",\"inLanguage\":\"de\",\"@id\":\"https:\/\/hubsch-interior.com\/de\/#\/schema\/logo\/image\/\",\"url\":\"https:\/\/hubsch-interior.com\/wp-content\/uploads\/2022\/12\/Hubsch_logo_black_one_line.svg\",\"contentUrl\":\"https:\/\/hubsch-interior.com\/wp-content\/uploads\/2022\/12\/Hubsch_logo_black_one_line.svg\",\"caption\":\"H\u00fcbsch\"},\"image\":{\"@id\":\"https:\/\/hubsch-interior.com\/de\/#\/schema\/logo\/image\/\"}}]}<\/script>\n<!-- \/ Yoast SEO plugin. -->","yoast_head_json":{"title":"Epoch Bank Sandfarben\/Naturfarben - H\u00fcbsch","description":"Wir pr\u00e4sentieren die Epoch Bank, eine klassische Erg\u00e4nzung f\u00fcr jedes Interieur. Gefertigt aus FSC-zertifiziertem Eichenholz und Furnier. Der robuste, doch","robots":{"index":"index","follow":"follow","max-snippet":"max-snippet:-1","max-image-preview":"max-image-preview:large","max-video-preview":"max-video-preview:-1"},"canonical":"https:\/\/hubsch-interior.com\/de\/wp-json\/wp\/v2\/product\/1010504","og_locale":"de_DE","og_type":"article","og_title":"Epoch Bank Sandfarben\/Naturfarben - H\u00fcbsch","og_description":"Wir pr\u00e4sentieren die Epoch Bank, eine klassische Erg\u00e4nzung f\u00fcr jedes Interieur. Gefertigt aus FSC-zertifiziertem Eichenholz und Furnier. Der robuste, doch","og_url":"https:\/\/hubsch-interior.com\/de\/produkt\/epoch-bank-sandfarben-naturfarben\/","og_site_name":"H\u00fcbsch","article_modified_time":"2026-04-04T02:56:57+00:00","og_image":[{"width":1024,"height":1024,"url":"https:\/\/hubsch-interior.com\/wp-content\/uploads\/2026\/02\/epoch-bench-sandnatural-f5805cff3078a07729fcf049dd81dd1a.jpg","type":"image\/jpeg"}],"twitter_card":"summary_large_image","schema":{"@context":"https:\/\/schema.org","@graph":[{"@type":"WebPage","@id":"https:\/\/hubsch-interior.com\/de\/produkt\/epoch-bank-sandfarben-naturfarben\/","url":"https:\/\/hubsch-interior.com\/de\/produkt\/epoch-bank-sandfarben-naturfarben\/","name":"Epoch Bank Sandfarben\/Naturfarben - H\u00fcbsch","isPartOf":{"@id":"https:\/\/hubsch-interior.com\/de\/#website"},"primaryImageOfPage":{"@id":"https:\/\/hubsch-interior.com\/de\/produkt\/epoch-bank-sandfarben-naturfarben\/#primaryimage"},"image":{"@id":"https:\/\/hubsch-interior.com\/de\/produkt\/epoch-bank-sandfarben-naturfarben\/#primaryimage"},"thumbnailUrl":"https:\/\/hubsch-interior.com\/wp-content\/uploads\/2026\/02\/epoch-bench-sandnatural-f5805cff3078a07729fcf049dd81dd1a.jpg","datePublished":"2025-01-29T10:01:24+00:00","dateModified":"2026-04-04T02:56:57+00:00","description":"Wir pr\u00e4sentieren die Epoch Bank, eine klassische Erg\u00e4nzung f\u00fcr jedes Interieur. Gefertigt aus FSC-zertifiziertem Eichenholz und Furnier. Der robuste, doch","breadcrumb":{"@id":"https:\/\/hubsch-interior.com\/de\/produkt\/epoch-bank-sandfarben-naturfarben\/#breadcrumb"},"inLanguage":"de","potentialAction":[{"@type":"ReadAction","target":["https:\/\/hubsch-interior.com\/de\/produkt\/epoch-bank-sandfarben-naturfarben\/"]}]},{"@type":"ImageObject","inLanguage":"de","@id":"https:\/\/hubsch-interior.com\/de\/produkt\/epoch-bank-sandfarben-naturfarben\/#primaryimage","url":"https:\/\/hubsch-interior.com\/wp-content\/uploads\/2026\/02\/epoch-bench-sandnatural-f5805cff3078a07729fcf049dd81dd1a.jpg","contentUrl":"https:\/\/hubsch-interior.com\/wp-content\/uploads\/2026\/02\/epoch-bench-sandnatural-f5805cff3078a07729fcf049dd81dd1a.jpg","width":1024,"height":1024},{"@type":"BreadcrumbList","@id":"https:\/\/hubsch-interior.com\/de\/produkt\/epoch-bank-sandfarben-naturfarben\/#breadcrumb","itemListElement":[{"@type":"ListItem","position":1,"name":"Startseite","item":"https:\/\/hubsch-interior.com\/de\/"},{"@type":"ListItem","position":2,"name":"Produkte","item":"https:\/\/hubsch-interior.com\/de\/shop-2\/"},{"@type":"ListItem","position":3,"name":"M\u00f6bel","item":"https:\/\/hubsch-interior.com\/de\/produkt-kategorie\/moebel\/"},{"@type":"ListItem","position":4,"name":"Sitzm&ouml;bel","item":"https:\/\/hubsch-interior.com\/de\/produkt-kategorie\/moebel\/sitzmoebel-de\/"},{"@type":"ListItem","position":5,"name":"B&auml;nke","item":"https:\/\/hubsch-interior.com\/de\/produkt-kategorie\/moebel\/sitzmoebel-de\/baenke-de\/"},{"@type":"ListItem","position":6,"name":"Epoch Bank Sandfarben\/Naturfarben"}]},{"@type":"WebSite","@id":"https:\/\/hubsch-interior.com\/de\/#website","url":"https:\/\/hubsch-interior.com\/de\/","name":"H\u00fcbsch","description":"Danish Home Interior and Design","publisher":{"@id":"https:\/\/hubsch-interior.com\/de\/#organization"},"potentialAction":[{"@type":"SearchAction","target":{"@type":"EntryPoint","urlTemplate":"https:\/\/hubsch-interior.com\/de\/?s={search_term_string}"},"query-input":{"@type":"PropertyValueSpecification","valueRequired":true,"valueName":"search_term_string"}}],"inLanguage":"de"},{"@type":"Organization","@id":"https:\/\/hubsch-interior.com\/de\/#organization","name":"H\u00fcbsch","url":"https:\/\/hubsch-interior.com\/de\/","logo":{"@type":"ImageObject","inLanguage":"de","@id":"https:\/\/hubsch-interior.com\/de\/#\/schema\/logo\/image\/","url":"https:\/\/hubsch-interior.com\/wp-content\/uploads\/2022\/12\/Hubsch_logo_black_one_line.svg","contentUrl":"https:\/\/hubsch-interior.com\/wp-content\/uploads\/2022\/12\/Hubsch_logo_black_one_line.svg","caption":"H\u00fcbsch"},"image":{"@id":"https:\/\/hubsch-interior.com\/de\/#\/schema\/logo\/image\/"}}]}},"_links":{"self":[{"href":"https:\/\/hubsch-interior.com\/de\/wp-json\/wp\/v2\/product\/1010504","targetHints":{"allow":["GET"]}}],"collection":[{"href":"https:\/\/hubsch-interior.com\/de\/wp-json\/wp\/v2\/product"}],"about":[{"href":"https:\/\/hubsch-interior.com\/de\/wp-json\/wp\/v2\/types\/product"}],"wp:featuredmedia":[{"embeddable":true,"href":"https:\/\/hubsch-interior.com\/de\/wp-json\/wp\/v2\/media\/1104657"}],"wp:attachment":[{"href":"https:\/\/hubsch-interior.com\/de\/wp-json\/wp\/v2\/media?parent=1010504"}],"wp:term":[{"taxonomy":"product_brand","embeddable":true,"href":"https:\/\/hubsch-interior.com\/de\/wp-json\/wp\/v2\/product_brand?post=1010504"},{"taxonomy":"product_cat","embeddable":true,"href":"https:\/\/hubsch-interior.com\/de\/wp-json\/wp\/v2\/product_cat?post=1010504"},{"taxonomy":"product_tag","embeddable":true,"href":"https:\/\/hubsch-interior.com\/de\/wp-json\/wp\/v2\/product_tag?post=1010504"}],"curies":[{"name":"wp","href":"https:\/\/api.w.org\/{rel}","templated":true}]}}