{"id":1010524,"date":"2025-01-29T11:13:08","date_gmt":"2025-01-29T10:13:08","guid":{"rendered":"https:\/\/hubsch-interior.com\/product\/product\/"},"modified":"2026-04-05T05:08:32","modified_gmt":"2026-04-05T03:08:32","slug":"chromatic-hangelampe-schwarz","status":"publish","type":"product","link":"https:\/\/hubsch-interior.com\/de\/produkt\/chromatic-hangelampe-schwarz\/","title":{"rendered":"Chromatic H\u00e4ngelampe Schwarz"},"content":{"rendered":"<p>Entdecken Sie den raffinierten Charme der Chromatic H\u00e4ngelampe, ein Musterbeispiel moderner \u00c4sthetik mit ihrem schmalen und sehr eleganten Design. Diese H\u00e4ngelampe verbindet langlebiges Metall mit poliertem Polycarbonat und gew\u00e4hrleistet so sowohl Stil als auch Langlebigkeit. Bewundern Sie die kleinen Details am Kabel, die durchdacht gestaltet wurden, um eine einzigartige Note zu verleihen. Ob sie nun Ihre gem\u00fctliche Leseecke sanft erhellt oder Ihr Schlafzimmer aufwertet, diese H\u00e4ngelampe f\u00fcgt jedem Interieur einen Hauch von grafischem Designflair hinzu.<\/p>\n","protected":false},"excerpt":{"rendered":"<p>Entdecken Sie den raffinierten Charme der Chromatic H\u00e4ngelampe, ein Musterbeispiel moderner \u00c4sthetik mit ihrem schmalen und sehr eleganten Design. Diese H\u00e4ngelampe verbindet langlebiges Metall mit poliertem Polycarbonat und gew\u00e4hrleistet so sowohl Stil als auch Langlebigkeit. Bewundern Sie die kleinen Details am Kabel, die durchdacht gestaltet wurden, um eine einzigartige Note zu verleihen. Ob sie nun [&hellip;]<\/p>\n","protected":false},"featured_media":1107364,"template":"","meta":{"_acf_changed":false,"inline_featured_image":false},"product_brand":[],"product_cat":[3809,4148,6998],"product_tag":[],"class_list":{"0":"post-1010524","1":"product","2":"type-product","3":"status-publish","4":"has-post-thumbnail","6":"product_cat-beleuchtung","7":"product_cat-haengelampen-de","8":"product_cat-the-buzz-de","9":"product_shipping_class-pk","11":"pa_color-schwarz","12":"pa_material-eisen-de","13":"pa_material-polycarbonat-2","15":"first","16":"instock","17":"taxable","18":"shipping-taxable","19":"purchasable","20":"product-type-simple"},"exclude_global_add_ons":[],"addons":[],"acf":[],"yoast_head":"<!-- This site is optimized with the Yoast SEO plugin v26.4 - https:\/\/yoast.com\/wordpress\/plugins\/seo\/ -->\n<title>Chromatic H\u00e4ngelampe Schwarz - H\u00fcbsch<\/title>\n<meta name=\"description\" content=\"Entdecken Sie den raffinierten Charme der Chromatic H\u00e4ngelampe, ein Musterbeispiel moderner \u00c4sthetik mit ihrem schmalen und sehr eleganten Design. Diese\" \/>\n<meta name=\"robots\" content=\"index, follow, max-snippet:-1, max-image-preview:large, max-video-preview:-1\" \/>\n<link rel=\"canonical\" href=\"https:\/\/hubsch-interior.com\/de\/wp-json\/wp\/v2\/product\/1010524\" \/>\n<meta property=\"og:locale\" content=\"de_DE\" \/>\n<meta property=\"og:type\" content=\"article\" \/>\n<meta property=\"og:title\" content=\"Chromatic H\u00e4ngelampe Schwarz - H\u00fcbsch\" \/>\n<meta property=\"og:description\" content=\"Entdecken Sie den raffinierten Charme der Chromatic H\u00e4ngelampe, ein Musterbeispiel moderner \u00c4sthetik mit ihrem schmalen und sehr eleganten Design. Diese\" \/>\n<meta property=\"og:url\" content=\"https:\/\/hubsch-interior.com\/de\/produkt\/chromatic-hangelampe-schwarz\/\" \/>\n<meta property=\"og:site_name\" content=\"H\u00fcbsch\" \/>\n<meta property=\"article:modified_time\" content=\"2026-04-05T03:08:32+00:00\" \/>\n<meta property=\"og:image\" content=\"https:\/\/hubsch-interior.com\/wp-content\/uploads\/2025\/04\/chromatic-pendant-black-fbcd08dfc8517cbeb94049c63f32906d.jpg\" \/>\n\t<meta property=\"og:image:width\" content=\"1200\" \/>\n\t<meta property=\"og:image:height\" content=\"1200\" \/>\n\t<meta property=\"og:image:type\" content=\"image\/jpeg\" \/>\n<meta name=\"twitter:card\" content=\"summary_large_image\" \/>\n<script type=\"application\/ld+json\" class=\"yoast-schema-graph\">{\"@context\":\"https:\/\/schema.org\",\"@graph\":[{\"@type\":\"WebPage\",\"@id\":\"https:\/\/hubsch-interior.com\/de\/produkt\/chromatic-hangelampe-schwarz\/\",\"url\":\"https:\/\/hubsch-interior.com\/de\/produkt\/chromatic-hangelampe-schwarz\/\",\"name\":\"Chromatic H\u00e4ngelampe Schwarz - H\u00fcbsch\",\"isPartOf\":{\"@id\":\"https:\/\/hubsch-interior.com\/de\/#website\"},\"primaryImageOfPage\":{\"@id\":\"https:\/\/hubsch-interior.com\/de\/produkt\/chromatic-hangelampe-schwarz\/#primaryimage\"},\"image\":{\"@id\":\"https:\/\/hubsch-interior.com\/de\/produkt\/chromatic-hangelampe-schwarz\/#primaryimage\"},\"thumbnailUrl\":\"https:\/\/hubsch-interior.com\/wp-content\/uploads\/2026\/02\/chromatic-pendant-black-dc55bebc496bf663a795bee7e8954a3c.jpg\",\"datePublished\":\"2025-01-29T10:13:08+00:00\",\"dateModified\":\"2026-04-05T03:08:32+00:00\",\"description\":\"Entdecken Sie den raffinierten Charme der Chromatic H\u00e4ngelampe, ein Musterbeispiel moderner \u00c4sthetik mit ihrem schmalen und sehr eleganten Design. Diese\",\"breadcrumb\":{\"@id\":\"https:\/\/hubsch-interior.com\/de\/produkt\/chromatic-hangelampe-schwarz\/#breadcrumb\"},\"inLanguage\":\"de\",\"potentialAction\":[{\"@type\":\"ReadAction\",\"target\":[\"https:\/\/hubsch-interior.com\/de\/produkt\/chromatic-hangelampe-schwarz\/\"]}]},{\"@type\":\"ImageObject\",\"inLanguage\":\"de\",\"@id\":\"https:\/\/hubsch-interior.com\/de\/produkt\/chromatic-hangelampe-schwarz\/#primaryimage\",\"url\":\"https:\/\/hubsch-interior.com\/wp-content\/uploads\/2026\/02\/chromatic-pendant-black-dc55bebc496bf663a795bee7e8954a3c.jpg\",\"contentUrl\":\"https:\/\/hubsch-interior.com\/wp-content\/uploads\/2026\/02\/chromatic-pendant-black-dc55bebc496bf663a795bee7e8954a3c.jpg\",\"width\":1024,\"height\":1024},{\"@type\":\"BreadcrumbList\",\"@id\":\"https:\/\/hubsch-interior.com\/de\/produkt\/chromatic-hangelampe-schwarz\/#breadcrumb\",\"itemListElement\":[{\"@type\":\"ListItem\",\"position\":1,\"name\":\"Startseite\",\"item\":\"https:\/\/hubsch-interior.com\/de\/\"},{\"@type\":\"ListItem\",\"position\":2,\"name\":\"Produkte\",\"item\":\"https:\/\/hubsch-interior.com\/de\/shop-2\/\"},{\"@type\":\"ListItem\",\"position\":3,\"name\":\"Beleuchtung\",\"item\":\"https:\/\/hubsch-interior.com\/de\/produkt-kategorie\/beleuchtung\/\"},{\"@type\":\"ListItem\",\"position\":4,\"name\":\"H&auml;ngelampen\",\"item\":\"https:\/\/hubsch-interior.com\/de\/produkt-kategorie\/beleuchtung\/haengelampen-de\/\"},{\"@type\":\"ListItem\",\"position\":5,\"name\":\"Chromatic H\u00e4ngelampe Schwarz\"}]},{\"@type\":\"WebSite\",\"@id\":\"https:\/\/hubsch-interior.com\/de\/#website\",\"url\":\"https:\/\/hubsch-interior.com\/de\/\",\"name\":\"H\u00fcbsch\",\"description\":\"Danish Home Interior and Design\",\"publisher\":{\"@id\":\"https:\/\/hubsch-interior.com\/de\/#organization\"},\"potentialAction\":[{\"@type\":\"SearchAction\",\"target\":{\"@type\":\"EntryPoint\",\"urlTemplate\":\"https:\/\/hubsch-interior.com\/de\/?s={search_term_string}\"},\"query-input\":{\"@type\":\"PropertyValueSpecification\",\"valueRequired\":true,\"valueName\":\"search_term_string\"}}],\"inLanguage\":\"de\"},{\"@type\":\"Organization\",\"@id\":\"https:\/\/hubsch-interior.com\/de\/#organization\",\"name\":\"H\u00fcbsch\",\"url\":\"https:\/\/hubsch-interior.com\/de\/\",\"logo\":{\"@type\":\"ImageObject\",\"inLanguage\":\"de\",\"@id\":\"https:\/\/hubsch-interior.com\/de\/#\/schema\/logo\/image\/\",\"url\":\"https:\/\/hubsch-interior.com\/wp-content\/uploads\/2022\/12\/Hubsch_logo_black_one_line.svg\",\"contentUrl\":\"https:\/\/hubsch-interior.com\/wp-content\/uploads\/2022\/12\/Hubsch_logo_black_one_line.svg\",\"caption\":\"H\u00fcbsch\"},\"image\":{\"@id\":\"https:\/\/hubsch-interior.com\/de\/#\/schema\/logo\/image\/\"}}]}<\/script>\n<!-- \/ Yoast SEO plugin. -->","yoast_head_json":{"title":"Chromatic H\u00e4ngelampe Schwarz - H\u00fcbsch","description":"Entdecken Sie den raffinierten Charme der Chromatic H\u00e4ngelampe, ein Musterbeispiel moderner \u00c4sthetik mit ihrem schmalen und sehr eleganten Design. Diese","robots":{"index":"index","follow":"follow","max-snippet":"max-snippet:-1","max-image-preview":"max-image-preview:large","max-video-preview":"max-video-preview:-1"},"canonical":"https:\/\/hubsch-interior.com\/de\/wp-json\/wp\/v2\/product\/1010524","og_locale":"de_DE","og_type":"article","og_title":"Chromatic H\u00e4ngelampe Schwarz - H\u00fcbsch","og_description":"Entdecken Sie den raffinierten Charme der Chromatic H\u00e4ngelampe, ein Musterbeispiel moderner \u00c4sthetik mit ihrem schmalen und sehr eleganten Design. Diese","og_url":"https:\/\/hubsch-interior.com\/de\/produkt\/chromatic-hangelampe-schwarz\/","og_site_name":"H\u00fcbsch","article_modified_time":"2026-04-05T03:08:32+00:00","og_image":[{"width":1200,"height":1200,"url":"https:\/\/hubsch-interior.com\/wp-content\/uploads\/2025\/04\/chromatic-pendant-black-fbcd08dfc8517cbeb94049c63f32906d.jpg","type":"image\/jpeg"}],"twitter_card":"summary_large_image","schema":{"@context":"https:\/\/schema.org","@graph":[{"@type":"WebPage","@id":"https:\/\/hubsch-interior.com\/de\/produkt\/chromatic-hangelampe-schwarz\/","url":"https:\/\/hubsch-interior.com\/de\/produkt\/chromatic-hangelampe-schwarz\/","name":"Chromatic H\u00e4ngelampe Schwarz - H\u00fcbsch","isPartOf":{"@id":"https:\/\/hubsch-interior.com\/de\/#website"},"primaryImageOfPage":{"@id":"https:\/\/hubsch-interior.com\/de\/produkt\/chromatic-hangelampe-schwarz\/#primaryimage"},"image":{"@id":"https:\/\/hubsch-interior.com\/de\/produkt\/chromatic-hangelampe-schwarz\/#primaryimage"},"thumbnailUrl":"https:\/\/hubsch-interior.com\/wp-content\/uploads\/2026\/02\/chromatic-pendant-black-dc55bebc496bf663a795bee7e8954a3c.jpg","datePublished":"2025-01-29T10:13:08+00:00","dateModified":"2026-04-05T03:08:32+00:00","description":"Entdecken Sie den raffinierten Charme der Chromatic H\u00e4ngelampe, ein Musterbeispiel moderner \u00c4sthetik mit ihrem schmalen und sehr eleganten Design. Diese","breadcrumb":{"@id":"https:\/\/hubsch-interior.com\/de\/produkt\/chromatic-hangelampe-schwarz\/#breadcrumb"},"inLanguage":"de","potentialAction":[{"@type":"ReadAction","target":["https:\/\/hubsch-interior.com\/de\/produkt\/chromatic-hangelampe-schwarz\/"]}]},{"@type":"ImageObject","inLanguage":"de","@id":"https:\/\/hubsch-interior.com\/de\/produkt\/chromatic-hangelampe-schwarz\/#primaryimage","url":"https:\/\/hubsch-interior.com\/wp-content\/uploads\/2026\/02\/chromatic-pendant-black-dc55bebc496bf663a795bee7e8954a3c.jpg","contentUrl":"https:\/\/hubsch-interior.com\/wp-content\/uploads\/2026\/02\/chromatic-pendant-black-dc55bebc496bf663a795bee7e8954a3c.jpg","width":1024,"height":1024},{"@type":"BreadcrumbList","@id":"https:\/\/hubsch-interior.com\/de\/produkt\/chromatic-hangelampe-schwarz\/#breadcrumb","itemListElement":[{"@type":"ListItem","position":1,"name":"Startseite","item":"https:\/\/hubsch-interior.com\/de\/"},{"@type":"ListItem","position":2,"name":"Produkte","item":"https:\/\/hubsch-interior.com\/de\/shop-2\/"},{"@type":"ListItem","position":3,"name":"Beleuchtung","item":"https:\/\/hubsch-interior.com\/de\/produkt-kategorie\/beleuchtung\/"},{"@type":"ListItem","position":4,"name":"H&auml;ngelampen","item":"https:\/\/hubsch-interior.com\/de\/produkt-kategorie\/beleuchtung\/haengelampen-de\/"},{"@type":"ListItem","position":5,"name":"Chromatic H\u00e4ngelampe Schwarz"}]},{"@type":"WebSite","@id":"https:\/\/hubsch-interior.com\/de\/#website","url":"https:\/\/hubsch-interior.com\/de\/","name":"H\u00fcbsch","description":"Danish Home Interior and Design","publisher":{"@id":"https:\/\/hubsch-interior.com\/de\/#organization"},"potentialAction":[{"@type":"SearchAction","target":{"@type":"EntryPoint","urlTemplate":"https:\/\/hubsch-interior.com\/de\/?s={search_term_string}"},"query-input":{"@type":"PropertyValueSpecification","valueRequired":true,"valueName":"search_term_string"}}],"inLanguage":"de"},{"@type":"Organization","@id":"https:\/\/hubsch-interior.com\/de\/#organization","name":"H\u00fcbsch","url":"https:\/\/hubsch-interior.com\/de\/","logo":{"@type":"ImageObject","inLanguage":"de","@id":"https:\/\/hubsch-interior.com\/de\/#\/schema\/logo\/image\/","url":"https:\/\/hubsch-interior.com\/wp-content\/uploads\/2022\/12\/Hubsch_logo_black_one_line.svg","contentUrl":"https:\/\/hubsch-interior.com\/wp-content\/uploads\/2022\/12\/Hubsch_logo_black_one_line.svg","caption":"H\u00fcbsch"},"image":{"@id":"https:\/\/hubsch-interior.com\/de\/#\/schema\/logo\/image\/"}}]}},"_links":{"self":[{"href":"https:\/\/hubsch-interior.com\/de\/wp-json\/wp\/v2\/product\/1010524","targetHints":{"allow":["GET"]}}],"collection":[{"href":"https:\/\/hubsch-interior.com\/de\/wp-json\/wp\/v2\/product"}],"about":[{"href":"https:\/\/hubsch-interior.com\/de\/wp-json\/wp\/v2\/types\/product"}],"wp:featuredmedia":[{"embeddable":true,"href":"https:\/\/hubsch-interior.com\/de\/wp-json\/wp\/v2\/media\/1107364"}],"wp:attachment":[{"href":"https:\/\/hubsch-interior.com\/de\/wp-json\/wp\/v2\/media?parent=1010524"}],"wp:term":[{"taxonomy":"product_brand","embeddable":true,"href":"https:\/\/hubsch-interior.com\/de\/wp-json\/wp\/v2\/product_brand?post=1010524"},{"taxonomy":"product_cat","embeddable":true,"href":"https:\/\/hubsch-interior.com\/de\/wp-json\/wp\/v2\/product_cat?post=1010524"},{"taxonomy":"product_tag","embeddable":true,"href":"https:\/\/hubsch-interior.com\/de\/wp-json\/wp\/v2\/product_tag?post=1010524"}],"curies":[{"name":"wp","href":"https:\/\/api.w.org\/{rel}","templated":true}]}}