{"id":1010540,"date":"2025-01-29T11:13:54","date_gmt":"2025-01-29T10:13:54","guid":{"rendered":"https:\/\/hubsch-interior.com\/product\/product\/"},"modified":"2026-04-07T05:02:23","modified_gmt":"2026-04-07T03:02:23","slug":"chromatic-hangelampe-hellgrau","status":"publish","type":"product","link":"https:\/\/hubsch-interior.com\/de\/produkt\/chromatic-hangelampe-hellgrau\/","title":{"rendered":"Chromatic H\u00e4ngelampe Hellgrau"},"content":{"rendered":"<p>Entdecken Sie den Zauber des Lichts mit der Chromatic H\u00e4ngelampe, erh\u00e4ltlich in einer eleganten hellgrauen Ausf\u00fchrung. Gefertigt aus robustem Metall und Polycarbonat, ist diese schlanke und elegante Leuchte ein Zeugnis f\u00fcr raffinierten Geschmack. Das grafische Design f\u00fcgt sich nahtlos in Ihr Interieur ein, w\u00e4hrend die kleinen Details am Kabel eine unerwartete Wendung hinzuf\u00fcgen und die Atmosph\u00e4re Ihres Zuhauses mit einem Hauch modernen Charmes bereichern. Perfekt, um Ihre gesch\u00e4tzten R\u00e4ume zu beleuchten, verwandelt diese H\u00e4ngelampe allt\u00e4gliches Licht in eine Kunstform.<\/p>\n","protected":false},"excerpt":{"rendered":"<p>Entdecken Sie den Zauber des Lichts mit der Chromatic H\u00e4ngelampe, erh\u00e4ltlich in einer eleganten hellgrauen Ausf\u00fchrung. Gefertigt aus robustem Metall und Polycarbonat, ist diese schlanke und elegante Leuchte ein Zeugnis f\u00fcr raffinierten Geschmack. Das grafische Design f\u00fcgt sich nahtlos in Ihr Interieur ein, w\u00e4hrend die kleinen Details am Kabel eine unerwartete Wendung hinzuf\u00fcgen und die [&hellip;]<\/p>\n","protected":false},"featured_media":1107376,"template":"","meta":{"_acf_changed":false,"inline_featured_image":false},"product_brand":[],"product_cat":[3809,4148,6998],"product_tag":[],"class_list":{"0":"post-1010540","1":"product","2":"type-product","3":"status-publish","4":"has-post-thumbnail","6":"product_cat-beleuchtung","7":"product_cat-haengelampen-de","8":"product_cat-the-buzz-de","9":"product_shipping_class-pk","11":"pa_color-hellgrau-2","12":"pa_material-eisen-de","13":"pa_material-polycarbonat-2","15":"first","16":"instock","17":"taxable","18":"shipping-taxable","19":"purchasable","20":"product-type-simple"},"exclude_global_add_ons":[],"addons":[],"acf":[],"yoast_head":"<!-- This site is optimized with the Yoast SEO plugin v26.4 - https:\/\/yoast.com\/wordpress\/plugins\/seo\/ -->\n<title>Chromatic H\u00e4ngelampe Hellgrau - H\u00fcbsch<\/title>\n<meta name=\"description\" content=\"Entdecken Sie den Zauber des Lichts mit der Chromatic H\u00e4ngelampe, erh\u00e4ltlich in einer eleganten hellgrauen Ausf\u00fchrung. Gefertigt aus robustem Metall und\" \/>\n<meta name=\"robots\" content=\"index, follow, max-snippet:-1, max-image-preview:large, max-video-preview:-1\" \/>\n<link rel=\"canonical\" href=\"https:\/\/hubsch-interior.com\/de\/wp-json\/wp\/v2\/product\/1010540\" \/>\n<meta property=\"og:locale\" content=\"de_DE\" \/>\n<meta property=\"og:type\" content=\"article\" \/>\n<meta property=\"og:title\" content=\"Chromatic H\u00e4ngelampe Hellgrau - H\u00fcbsch\" \/>\n<meta property=\"og:description\" content=\"Entdecken Sie den Zauber des Lichts mit der Chromatic H\u00e4ngelampe, erh\u00e4ltlich in einer eleganten hellgrauen Ausf\u00fchrung. Gefertigt aus robustem Metall und\" \/>\n<meta property=\"og:url\" content=\"https:\/\/hubsch-interior.com\/de\/produkt\/chromatic-hangelampe-hellgrau\/\" \/>\n<meta property=\"og:site_name\" content=\"H\u00fcbsch\" \/>\n<meta property=\"article:modified_time\" content=\"2026-04-07T03:02:23+00:00\" \/>\n<meta property=\"og:image\" content=\"https:\/\/hubsch-interior.com\/wp-content\/uploads\/2025\/04\/chromatic-pendant-light-grey-60dc3d274ffc3ef51391af62a0a97be4.jpg\" \/>\n\t<meta property=\"og:image:width\" content=\"1200\" \/>\n\t<meta property=\"og:image:height\" content=\"1200\" \/>\n\t<meta property=\"og:image:type\" content=\"image\/jpeg\" \/>\n<meta name=\"twitter:card\" content=\"summary_large_image\" \/>\n<script type=\"application\/ld+json\" class=\"yoast-schema-graph\">{\"@context\":\"https:\/\/schema.org\",\"@graph\":[{\"@type\":\"WebPage\",\"@id\":\"https:\/\/hubsch-interior.com\/de\/produkt\/chromatic-hangelampe-hellgrau\/\",\"url\":\"https:\/\/hubsch-interior.com\/de\/produkt\/chromatic-hangelampe-hellgrau\/\",\"name\":\"Chromatic H\u00e4ngelampe Hellgrau - H\u00fcbsch\",\"isPartOf\":{\"@id\":\"https:\/\/hubsch-interior.com\/de\/#website\"},\"primaryImageOfPage\":{\"@id\":\"https:\/\/hubsch-interior.com\/de\/produkt\/chromatic-hangelampe-hellgrau\/#primaryimage\"},\"image\":{\"@id\":\"https:\/\/hubsch-interior.com\/de\/produkt\/chromatic-hangelampe-hellgrau\/#primaryimage\"},\"thumbnailUrl\":\"https:\/\/hubsch-interior.com\/wp-content\/uploads\/2026\/02\/chromatic-pendant-light-grey-4cda9850d3c75a068b44833757aa50ae.jpg\",\"datePublished\":\"2025-01-29T10:13:54+00:00\",\"dateModified\":\"2026-04-07T03:02:23+00:00\",\"description\":\"Entdecken Sie den Zauber des Lichts mit der Chromatic H\u00e4ngelampe, erh\u00e4ltlich in einer eleganten hellgrauen Ausf\u00fchrung. Gefertigt aus robustem Metall und\",\"breadcrumb\":{\"@id\":\"https:\/\/hubsch-interior.com\/de\/produkt\/chromatic-hangelampe-hellgrau\/#breadcrumb\"},\"inLanguage\":\"de\",\"potentialAction\":[{\"@type\":\"ReadAction\",\"target\":[\"https:\/\/hubsch-interior.com\/de\/produkt\/chromatic-hangelampe-hellgrau\/\"]}]},{\"@type\":\"ImageObject\",\"inLanguage\":\"de\",\"@id\":\"https:\/\/hubsch-interior.com\/de\/produkt\/chromatic-hangelampe-hellgrau\/#primaryimage\",\"url\":\"https:\/\/hubsch-interior.com\/wp-content\/uploads\/2026\/02\/chromatic-pendant-light-grey-4cda9850d3c75a068b44833757aa50ae.jpg\",\"contentUrl\":\"https:\/\/hubsch-interior.com\/wp-content\/uploads\/2026\/02\/chromatic-pendant-light-grey-4cda9850d3c75a068b44833757aa50ae.jpg\",\"width\":1024,\"height\":1024},{\"@type\":\"BreadcrumbList\",\"@id\":\"https:\/\/hubsch-interior.com\/de\/produkt\/chromatic-hangelampe-hellgrau\/#breadcrumb\",\"itemListElement\":[{\"@type\":\"ListItem\",\"position\":1,\"name\":\"Startseite\",\"item\":\"https:\/\/hubsch-interior.com\/de\/\"},{\"@type\":\"ListItem\",\"position\":2,\"name\":\"Produkte\",\"item\":\"https:\/\/hubsch-interior.com\/de\/shop-2\/\"},{\"@type\":\"ListItem\",\"position\":3,\"name\":\"Beleuchtung\",\"item\":\"https:\/\/hubsch-interior.com\/de\/produkt-kategorie\/beleuchtung\/\"},{\"@type\":\"ListItem\",\"position\":4,\"name\":\"H&auml;ngelampen\",\"item\":\"https:\/\/hubsch-interior.com\/de\/produkt-kategorie\/beleuchtung\/haengelampen-de\/\"},{\"@type\":\"ListItem\",\"position\":5,\"name\":\"Chromatic H\u00e4ngelampe Hellgrau\"}]},{\"@type\":\"WebSite\",\"@id\":\"https:\/\/hubsch-interior.com\/de\/#website\",\"url\":\"https:\/\/hubsch-interior.com\/de\/\",\"name\":\"H\u00fcbsch\",\"description\":\"Danish Home Interior and Design\",\"publisher\":{\"@id\":\"https:\/\/hubsch-interior.com\/de\/#organization\"},\"potentialAction\":[{\"@type\":\"SearchAction\",\"target\":{\"@type\":\"EntryPoint\",\"urlTemplate\":\"https:\/\/hubsch-interior.com\/de\/?s={search_term_string}\"},\"query-input\":{\"@type\":\"PropertyValueSpecification\",\"valueRequired\":true,\"valueName\":\"search_term_string\"}}],\"inLanguage\":\"de\"},{\"@type\":\"Organization\",\"@id\":\"https:\/\/hubsch-interior.com\/de\/#organization\",\"name\":\"H\u00fcbsch\",\"url\":\"https:\/\/hubsch-interior.com\/de\/\",\"logo\":{\"@type\":\"ImageObject\",\"inLanguage\":\"de\",\"@id\":\"https:\/\/hubsch-interior.com\/de\/#\/schema\/logo\/image\/\",\"url\":\"https:\/\/hubsch-interior.com\/wp-content\/uploads\/2022\/12\/Hubsch_logo_black_one_line.svg\",\"contentUrl\":\"https:\/\/hubsch-interior.com\/wp-content\/uploads\/2022\/12\/Hubsch_logo_black_one_line.svg\",\"caption\":\"H\u00fcbsch\"},\"image\":{\"@id\":\"https:\/\/hubsch-interior.com\/de\/#\/schema\/logo\/image\/\"}}]}<\/script>\n<!-- \/ Yoast SEO plugin. -->","yoast_head_json":{"title":"Chromatic H\u00e4ngelampe Hellgrau - H\u00fcbsch","description":"Entdecken Sie den Zauber des Lichts mit der Chromatic H\u00e4ngelampe, erh\u00e4ltlich in einer eleganten hellgrauen Ausf\u00fchrung. Gefertigt aus robustem Metall und","robots":{"index":"index","follow":"follow","max-snippet":"max-snippet:-1","max-image-preview":"max-image-preview:large","max-video-preview":"max-video-preview:-1"},"canonical":"https:\/\/hubsch-interior.com\/de\/wp-json\/wp\/v2\/product\/1010540","og_locale":"de_DE","og_type":"article","og_title":"Chromatic H\u00e4ngelampe Hellgrau - H\u00fcbsch","og_description":"Entdecken Sie den Zauber des Lichts mit der Chromatic H\u00e4ngelampe, erh\u00e4ltlich in einer eleganten hellgrauen Ausf\u00fchrung. Gefertigt aus robustem Metall und","og_url":"https:\/\/hubsch-interior.com\/de\/produkt\/chromatic-hangelampe-hellgrau\/","og_site_name":"H\u00fcbsch","article_modified_time":"2026-04-07T03:02:23+00:00","og_image":[{"width":1200,"height":1200,"url":"https:\/\/hubsch-interior.com\/wp-content\/uploads\/2025\/04\/chromatic-pendant-light-grey-60dc3d274ffc3ef51391af62a0a97be4.jpg","type":"image\/jpeg"}],"twitter_card":"summary_large_image","schema":{"@context":"https:\/\/schema.org","@graph":[{"@type":"WebPage","@id":"https:\/\/hubsch-interior.com\/de\/produkt\/chromatic-hangelampe-hellgrau\/","url":"https:\/\/hubsch-interior.com\/de\/produkt\/chromatic-hangelampe-hellgrau\/","name":"Chromatic H\u00e4ngelampe Hellgrau - H\u00fcbsch","isPartOf":{"@id":"https:\/\/hubsch-interior.com\/de\/#website"},"primaryImageOfPage":{"@id":"https:\/\/hubsch-interior.com\/de\/produkt\/chromatic-hangelampe-hellgrau\/#primaryimage"},"image":{"@id":"https:\/\/hubsch-interior.com\/de\/produkt\/chromatic-hangelampe-hellgrau\/#primaryimage"},"thumbnailUrl":"https:\/\/hubsch-interior.com\/wp-content\/uploads\/2026\/02\/chromatic-pendant-light-grey-4cda9850d3c75a068b44833757aa50ae.jpg","datePublished":"2025-01-29T10:13:54+00:00","dateModified":"2026-04-07T03:02:23+00:00","description":"Entdecken Sie den Zauber des Lichts mit der Chromatic H\u00e4ngelampe, erh\u00e4ltlich in einer eleganten hellgrauen Ausf\u00fchrung. Gefertigt aus robustem Metall und","breadcrumb":{"@id":"https:\/\/hubsch-interior.com\/de\/produkt\/chromatic-hangelampe-hellgrau\/#breadcrumb"},"inLanguage":"de","potentialAction":[{"@type":"ReadAction","target":["https:\/\/hubsch-interior.com\/de\/produkt\/chromatic-hangelampe-hellgrau\/"]}]},{"@type":"ImageObject","inLanguage":"de","@id":"https:\/\/hubsch-interior.com\/de\/produkt\/chromatic-hangelampe-hellgrau\/#primaryimage","url":"https:\/\/hubsch-interior.com\/wp-content\/uploads\/2026\/02\/chromatic-pendant-light-grey-4cda9850d3c75a068b44833757aa50ae.jpg","contentUrl":"https:\/\/hubsch-interior.com\/wp-content\/uploads\/2026\/02\/chromatic-pendant-light-grey-4cda9850d3c75a068b44833757aa50ae.jpg","width":1024,"height":1024},{"@type":"BreadcrumbList","@id":"https:\/\/hubsch-interior.com\/de\/produkt\/chromatic-hangelampe-hellgrau\/#breadcrumb","itemListElement":[{"@type":"ListItem","position":1,"name":"Startseite","item":"https:\/\/hubsch-interior.com\/de\/"},{"@type":"ListItem","position":2,"name":"Produkte","item":"https:\/\/hubsch-interior.com\/de\/shop-2\/"},{"@type":"ListItem","position":3,"name":"Beleuchtung","item":"https:\/\/hubsch-interior.com\/de\/produkt-kategorie\/beleuchtung\/"},{"@type":"ListItem","position":4,"name":"H&auml;ngelampen","item":"https:\/\/hubsch-interior.com\/de\/produkt-kategorie\/beleuchtung\/haengelampen-de\/"},{"@type":"ListItem","position":5,"name":"Chromatic H\u00e4ngelampe Hellgrau"}]},{"@type":"WebSite","@id":"https:\/\/hubsch-interior.com\/de\/#website","url":"https:\/\/hubsch-interior.com\/de\/","name":"H\u00fcbsch","description":"Danish Home Interior and Design","publisher":{"@id":"https:\/\/hubsch-interior.com\/de\/#organization"},"potentialAction":[{"@type":"SearchAction","target":{"@type":"EntryPoint","urlTemplate":"https:\/\/hubsch-interior.com\/de\/?s={search_term_string}"},"query-input":{"@type":"PropertyValueSpecification","valueRequired":true,"valueName":"search_term_string"}}],"inLanguage":"de"},{"@type":"Organization","@id":"https:\/\/hubsch-interior.com\/de\/#organization","name":"H\u00fcbsch","url":"https:\/\/hubsch-interior.com\/de\/","logo":{"@type":"ImageObject","inLanguage":"de","@id":"https:\/\/hubsch-interior.com\/de\/#\/schema\/logo\/image\/","url":"https:\/\/hubsch-interior.com\/wp-content\/uploads\/2022\/12\/Hubsch_logo_black_one_line.svg","contentUrl":"https:\/\/hubsch-interior.com\/wp-content\/uploads\/2022\/12\/Hubsch_logo_black_one_line.svg","caption":"H\u00fcbsch"},"image":{"@id":"https:\/\/hubsch-interior.com\/de\/#\/schema\/logo\/image\/"}}]}},"_links":{"self":[{"href":"https:\/\/hubsch-interior.com\/de\/wp-json\/wp\/v2\/product\/1010540","targetHints":{"allow":["GET"]}}],"collection":[{"href":"https:\/\/hubsch-interior.com\/de\/wp-json\/wp\/v2\/product"}],"about":[{"href":"https:\/\/hubsch-interior.com\/de\/wp-json\/wp\/v2\/types\/product"}],"wp:featuredmedia":[{"embeddable":true,"href":"https:\/\/hubsch-interior.com\/de\/wp-json\/wp\/v2\/media\/1107376"}],"wp:attachment":[{"href":"https:\/\/hubsch-interior.com\/de\/wp-json\/wp\/v2\/media?parent=1010540"}],"wp:term":[{"taxonomy":"product_brand","embeddable":true,"href":"https:\/\/hubsch-interior.com\/de\/wp-json\/wp\/v2\/product_brand?post=1010540"},{"taxonomy":"product_cat","embeddable":true,"href":"https:\/\/hubsch-interior.com\/de\/wp-json\/wp\/v2\/product_cat?post=1010540"},{"taxonomy":"product_tag","embeddable":true,"href":"https:\/\/hubsch-interior.com\/de\/wp-json\/wp\/v2\/product_tag?post=1010540"}],"curies":[{"name":"wp","href":"https:\/\/api.w.org\/{rel}","templated":true}]}}