{"id":1010673,"date":"2025-01-29T11:30:24","date_gmt":"2025-01-29T10:30:24","guid":{"rendered":"https:\/\/hubsch-interior.com\/product\/product\/"},"modified":"2026-04-05T05:09:02","modified_gmt":"2026-04-05T03:09:02","slug":"flash-tragbare-lampe-metallic-orange","status":"publish","type":"product","link":"https:\/\/hubsch-interior.com\/de\/produkt\/flash-tragbare-lampe-metallic-orange\/","title":{"rendered":"Flash Tragbare Lampe Metallic-Orange"},"content":{"rendered":"<p>Erleuchten Sie Ihre Abende mit der Flash Tragbare Lampe, einer zauberhaften Kombination aus Nostalgie und Moderne. Aus Glas und Metall gefertigt, erinnert ihre retro Form an eine alte Taschenlampe. Dieses metallisch leuchtend orange Juwel f\u00fcgt jedem Raum eine kosmische Note hinzu. Praktisch und stilvoll \u2013 einfach greifen und dorthin bringen, wo Sie ein gem\u00fctliches Leuchten ben\u00f6tigen. Zudem k\u00f6nnen Sie mit der Basis als Dimmer das Licht von lebhaft auf ruhig mit nur einer Ber\u00fchrung umstellen. Ein perfekter Begleiter f\u00fcr Ihre n\u00e4chtlichen Lesezeiten oder zum Schaffen einer entspannten Atmosph\u00e4re.<\/p>\n","protected":false},"excerpt":{"rendered":"<p>Erleuchten Sie Ihre Abende mit der Flash Tragbare Lampe, einer zauberhaften Kombination aus Nostalgie und Moderne. Aus Glas und Metall gefertigt, erinnert ihre retro Form an eine alte Taschenlampe. Dieses metallisch leuchtend orange Juwel f\u00fcgt jedem Raum eine kosmische Note hinzu. Praktisch und stilvoll \u2013 einfach greifen und dorthin bringen, wo Sie ein gem\u00fctliches Leuchten [&hellip;]<\/p>\n","protected":false},"featured_media":1107508,"template":"","meta":{"_acf_changed":false,"inline_featured_image":false},"product_brand":[],"product_cat":[6972,6998,6963,3809,3501,6519],"product_tag":[],"class_list":{"0":"post-1010673","1":"product","2":"type-product","3":"status-publish","4":"has-post-thumbnail","6":"product_cat-oster-sale","7":"product_cat-the-buzz-de","8":"product_cat-tragbare-lampen-de","9":"product_cat-beleuchtung","10":"product_cat-tischlampen-de","11":"product_cat-outlet-de","12":"product_shipping_class-pk","14":"pa_color-metallic-orange-2","15":"pa_material-eisen-de","16":"pa_material-glas-de","18":"first","19":"instock","20":"sale","21":"taxable","22":"shipping-taxable","23":"purchasable","24":"product-type-simple"},"exclude_global_add_ons":[],"addons":[],"acf":[],"yoast_head":"<!-- This site is optimized with the Yoast SEO plugin v26.4 - https:\/\/yoast.com\/wordpress\/plugins\/seo\/ -->\n<title>Flash Tragbare Lampe Metallic-Orange - H\u00fcbsch<\/title>\n<meta name=\"description\" content=\"Erleuchten Sie Ihre Abende mit der Flash Tragbare Lampe, einer zauberhaften Kombination aus Nostalgie und Moderne. Aus Glas und Metall gefertigt, erinnert\" \/>\n<meta name=\"robots\" content=\"index, follow, max-snippet:-1, max-image-preview:large, max-video-preview:-1\" \/>\n<link rel=\"canonical\" href=\"https:\/\/hubsch-interior.com\/de\/wp-json\/wp\/v2\/product\/1010673\" \/>\n<meta property=\"og:locale\" content=\"de_DE\" \/>\n<meta property=\"og:type\" content=\"article\" \/>\n<meta property=\"og:title\" content=\"Flash Tragbare Lampe Metallic-Orange - H\u00fcbsch\" \/>\n<meta property=\"og:description\" content=\"Erleuchten Sie Ihre Abende mit der Flash Tragbare Lampe, einer zauberhaften Kombination aus Nostalgie und Moderne. Aus Glas und Metall gefertigt, erinnert\" \/>\n<meta property=\"og:url\" content=\"https:\/\/hubsch-interior.com\/de\/produkt\/flash-tragbare-lampe-metallic-orange\/\" \/>\n<meta property=\"og:site_name\" content=\"H\u00fcbsch\" \/>\n<meta property=\"article:modified_time\" content=\"2026-04-05T03:09:02+00:00\" \/>\n<meta property=\"og:image\" content=\"https:\/\/hubsch-interior.com\/wp-content\/uploads\/2025\/03\/flash-portable-lamp-metallic-orange-cff0db0a8fd64f1d3ffd2e3eb8c676aa.jpg\" \/>\n\t<meta property=\"og:image:width\" content=\"1200\" \/>\n\t<meta property=\"og:image:height\" content=\"1200\" \/>\n\t<meta property=\"og:image:type\" content=\"image\/jpeg\" \/>\n<meta name=\"twitter:card\" content=\"summary_large_image\" \/>\n<script type=\"application\/ld+json\" class=\"yoast-schema-graph\">{\"@context\":\"https:\/\/schema.org\",\"@graph\":[{\"@type\":\"WebPage\",\"@id\":\"https:\/\/hubsch-interior.com\/de\/produkt\/flash-tragbare-lampe-metallic-orange\/\",\"url\":\"https:\/\/hubsch-interior.com\/de\/produkt\/flash-tragbare-lampe-metallic-orange\/\",\"name\":\"Flash Tragbare Lampe Metallic-Orange - H\u00fcbsch\",\"isPartOf\":{\"@id\":\"https:\/\/hubsch-interior.com\/de\/#website\"},\"primaryImageOfPage\":{\"@id\":\"https:\/\/hubsch-interior.com\/de\/produkt\/flash-tragbare-lampe-metallic-orange\/#primaryimage\"},\"image\":{\"@id\":\"https:\/\/hubsch-interior.com\/de\/produkt\/flash-tragbare-lampe-metallic-orange\/#primaryimage\"},\"thumbnailUrl\":\"https:\/\/hubsch-interior.com\/wp-content\/uploads\/2026\/02\/flash-portable-lamp-metallic-orange-48540415c74d1a96a178e699dc1d80a6.jpg\",\"datePublished\":\"2025-01-29T10:30:24+00:00\",\"dateModified\":\"2026-04-05T03:09:02+00:00\",\"description\":\"Erleuchten Sie Ihre Abende mit der Flash Tragbare Lampe, einer zauberhaften Kombination aus Nostalgie und Moderne. Aus Glas und Metall gefertigt, erinnert\",\"breadcrumb\":{\"@id\":\"https:\/\/hubsch-interior.com\/de\/produkt\/flash-tragbare-lampe-metallic-orange\/#breadcrumb\"},\"inLanguage\":\"de\",\"potentialAction\":[{\"@type\":\"ReadAction\",\"target\":[\"https:\/\/hubsch-interior.com\/de\/produkt\/flash-tragbare-lampe-metallic-orange\/\"]}]},{\"@type\":\"ImageObject\",\"inLanguage\":\"de\",\"@id\":\"https:\/\/hubsch-interior.com\/de\/produkt\/flash-tragbare-lampe-metallic-orange\/#primaryimage\",\"url\":\"https:\/\/hubsch-interior.com\/wp-content\/uploads\/2026\/02\/flash-portable-lamp-metallic-orange-48540415c74d1a96a178e699dc1d80a6.jpg\",\"contentUrl\":\"https:\/\/hubsch-interior.com\/wp-content\/uploads\/2026\/02\/flash-portable-lamp-metallic-orange-48540415c74d1a96a178e699dc1d80a6.jpg\",\"width\":1024,\"height\":1024},{\"@type\":\"BreadcrumbList\",\"@id\":\"https:\/\/hubsch-interior.com\/de\/produkt\/flash-tragbare-lampe-metallic-orange\/#breadcrumb\",\"itemListElement\":[{\"@type\":\"ListItem\",\"position\":1,\"name\":\"Startseite\",\"item\":\"https:\/\/hubsch-interior.com\/de\/\"},{\"@type\":\"ListItem\",\"position\":2,\"name\":\"Produkte\",\"item\":\"https:\/\/hubsch-interior.com\/de\/shop-2\/\"},{\"@type\":\"ListItem\",\"position\":3,\"name\":\"Beleuchtung\",\"item\":\"https:\/\/hubsch-interior.com\/de\/produkt-kategorie\/beleuchtung\/\"},{\"@type\":\"ListItem\",\"position\":4,\"name\":\"Tischlampen\",\"item\":\"https:\/\/hubsch-interior.com\/de\/produkt-kategorie\/beleuchtung\/tischlampen-de\/\"},{\"@type\":\"ListItem\",\"position\":5,\"name\":\"Flash Tragbare Lampe Metallic-Orange\"}]},{\"@type\":\"WebSite\",\"@id\":\"https:\/\/hubsch-interior.com\/de\/#website\",\"url\":\"https:\/\/hubsch-interior.com\/de\/\",\"name\":\"H\u00fcbsch\",\"description\":\"Danish Home Interior and Design\",\"publisher\":{\"@id\":\"https:\/\/hubsch-interior.com\/de\/#organization\"},\"potentialAction\":[{\"@type\":\"SearchAction\",\"target\":{\"@type\":\"EntryPoint\",\"urlTemplate\":\"https:\/\/hubsch-interior.com\/de\/?s={search_term_string}\"},\"query-input\":{\"@type\":\"PropertyValueSpecification\",\"valueRequired\":true,\"valueName\":\"search_term_string\"}}],\"inLanguage\":\"de\"},{\"@type\":\"Organization\",\"@id\":\"https:\/\/hubsch-interior.com\/de\/#organization\",\"name\":\"H\u00fcbsch\",\"url\":\"https:\/\/hubsch-interior.com\/de\/\",\"logo\":{\"@type\":\"ImageObject\",\"inLanguage\":\"de\",\"@id\":\"https:\/\/hubsch-interior.com\/de\/#\/schema\/logo\/image\/\",\"url\":\"https:\/\/hubsch-interior.com\/wp-content\/uploads\/2022\/12\/Hubsch_logo_black_one_line.svg\",\"contentUrl\":\"https:\/\/hubsch-interior.com\/wp-content\/uploads\/2022\/12\/Hubsch_logo_black_one_line.svg\",\"caption\":\"H\u00fcbsch\"},\"image\":{\"@id\":\"https:\/\/hubsch-interior.com\/de\/#\/schema\/logo\/image\/\"}}]}<\/script>\n<!-- \/ Yoast SEO plugin. -->","yoast_head_json":{"title":"Flash Tragbare Lampe Metallic-Orange - H\u00fcbsch","description":"Erleuchten Sie Ihre Abende mit der Flash Tragbare Lampe, einer zauberhaften Kombination aus Nostalgie und Moderne. Aus Glas und Metall gefertigt, erinnert","robots":{"index":"index","follow":"follow","max-snippet":"max-snippet:-1","max-image-preview":"max-image-preview:large","max-video-preview":"max-video-preview:-1"},"canonical":"https:\/\/hubsch-interior.com\/de\/wp-json\/wp\/v2\/product\/1010673","og_locale":"de_DE","og_type":"article","og_title":"Flash Tragbare Lampe Metallic-Orange - H\u00fcbsch","og_description":"Erleuchten Sie Ihre Abende mit der Flash Tragbare Lampe, einer zauberhaften Kombination aus Nostalgie und Moderne. Aus Glas und Metall gefertigt, erinnert","og_url":"https:\/\/hubsch-interior.com\/de\/produkt\/flash-tragbare-lampe-metallic-orange\/","og_site_name":"H\u00fcbsch","article_modified_time":"2026-04-05T03:09:02+00:00","og_image":[{"width":1200,"height":1200,"url":"https:\/\/hubsch-interior.com\/wp-content\/uploads\/2025\/03\/flash-portable-lamp-metallic-orange-cff0db0a8fd64f1d3ffd2e3eb8c676aa.jpg","type":"image\/jpeg"}],"twitter_card":"summary_large_image","schema":{"@context":"https:\/\/schema.org","@graph":[{"@type":"WebPage","@id":"https:\/\/hubsch-interior.com\/de\/produkt\/flash-tragbare-lampe-metallic-orange\/","url":"https:\/\/hubsch-interior.com\/de\/produkt\/flash-tragbare-lampe-metallic-orange\/","name":"Flash Tragbare Lampe Metallic-Orange - H\u00fcbsch","isPartOf":{"@id":"https:\/\/hubsch-interior.com\/de\/#website"},"primaryImageOfPage":{"@id":"https:\/\/hubsch-interior.com\/de\/produkt\/flash-tragbare-lampe-metallic-orange\/#primaryimage"},"image":{"@id":"https:\/\/hubsch-interior.com\/de\/produkt\/flash-tragbare-lampe-metallic-orange\/#primaryimage"},"thumbnailUrl":"https:\/\/hubsch-interior.com\/wp-content\/uploads\/2026\/02\/flash-portable-lamp-metallic-orange-48540415c74d1a96a178e699dc1d80a6.jpg","datePublished":"2025-01-29T10:30:24+00:00","dateModified":"2026-04-05T03:09:02+00:00","description":"Erleuchten Sie Ihre Abende mit der Flash Tragbare Lampe, einer zauberhaften Kombination aus Nostalgie und Moderne. Aus Glas und Metall gefertigt, erinnert","breadcrumb":{"@id":"https:\/\/hubsch-interior.com\/de\/produkt\/flash-tragbare-lampe-metallic-orange\/#breadcrumb"},"inLanguage":"de","potentialAction":[{"@type":"ReadAction","target":["https:\/\/hubsch-interior.com\/de\/produkt\/flash-tragbare-lampe-metallic-orange\/"]}]},{"@type":"ImageObject","inLanguage":"de","@id":"https:\/\/hubsch-interior.com\/de\/produkt\/flash-tragbare-lampe-metallic-orange\/#primaryimage","url":"https:\/\/hubsch-interior.com\/wp-content\/uploads\/2026\/02\/flash-portable-lamp-metallic-orange-48540415c74d1a96a178e699dc1d80a6.jpg","contentUrl":"https:\/\/hubsch-interior.com\/wp-content\/uploads\/2026\/02\/flash-portable-lamp-metallic-orange-48540415c74d1a96a178e699dc1d80a6.jpg","width":1024,"height":1024},{"@type":"BreadcrumbList","@id":"https:\/\/hubsch-interior.com\/de\/produkt\/flash-tragbare-lampe-metallic-orange\/#breadcrumb","itemListElement":[{"@type":"ListItem","position":1,"name":"Startseite","item":"https:\/\/hubsch-interior.com\/de\/"},{"@type":"ListItem","position":2,"name":"Produkte","item":"https:\/\/hubsch-interior.com\/de\/shop-2\/"},{"@type":"ListItem","position":3,"name":"Beleuchtung","item":"https:\/\/hubsch-interior.com\/de\/produkt-kategorie\/beleuchtung\/"},{"@type":"ListItem","position":4,"name":"Tischlampen","item":"https:\/\/hubsch-interior.com\/de\/produkt-kategorie\/beleuchtung\/tischlampen-de\/"},{"@type":"ListItem","position":5,"name":"Flash Tragbare Lampe Metallic-Orange"}]},{"@type":"WebSite","@id":"https:\/\/hubsch-interior.com\/de\/#website","url":"https:\/\/hubsch-interior.com\/de\/","name":"H\u00fcbsch","description":"Danish Home Interior and Design","publisher":{"@id":"https:\/\/hubsch-interior.com\/de\/#organization"},"potentialAction":[{"@type":"SearchAction","target":{"@type":"EntryPoint","urlTemplate":"https:\/\/hubsch-interior.com\/de\/?s={search_term_string}"},"query-input":{"@type":"PropertyValueSpecification","valueRequired":true,"valueName":"search_term_string"}}],"inLanguage":"de"},{"@type":"Organization","@id":"https:\/\/hubsch-interior.com\/de\/#organization","name":"H\u00fcbsch","url":"https:\/\/hubsch-interior.com\/de\/","logo":{"@type":"ImageObject","inLanguage":"de","@id":"https:\/\/hubsch-interior.com\/de\/#\/schema\/logo\/image\/","url":"https:\/\/hubsch-interior.com\/wp-content\/uploads\/2022\/12\/Hubsch_logo_black_one_line.svg","contentUrl":"https:\/\/hubsch-interior.com\/wp-content\/uploads\/2022\/12\/Hubsch_logo_black_one_line.svg","caption":"H\u00fcbsch"},"image":{"@id":"https:\/\/hubsch-interior.com\/de\/#\/schema\/logo\/image\/"}}]}},"_links":{"self":[{"href":"https:\/\/hubsch-interior.com\/de\/wp-json\/wp\/v2\/product\/1010673","targetHints":{"allow":["GET"]}}],"collection":[{"href":"https:\/\/hubsch-interior.com\/de\/wp-json\/wp\/v2\/product"}],"about":[{"href":"https:\/\/hubsch-interior.com\/de\/wp-json\/wp\/v2\/types\/product"}],"wp:featuredmedia":[{"embeddable":true,"href":"https:\/\/hubsch-interior.com\/de\/wp-json\/wp\/v2\/media\/1107508"}],"wp:attachment":[{"href":"https:\/\/hubsch-interior.com\/de\/wp-json\/wp\/v2\/media?parent=1010673"}],"wp:term":[{"taxonomy":"product_brand","embeddable":true,"href":"https:\/\/hubsch-interior.com\/de\/wp-json\/wp\/v2\/product_brand?post=1010673"},{"taxonomy":"product_cat","embeddable":true,"href":"https:\/\/hubsch-interior.com\/de\/wp-json\/wp\/v2\/product_cat?post=1010673"},{"taxonomy":"product_tag","embeddable":true,"href":"https:\/\/hubsch-interior.com\/de\/wp-json\/wp\/v2\/product_tag?post=1010673"}],"curies":[{"name":"wp","href":"https:\/\/api.w.org\/{rel}","templated":true}]}}