{"id":1012054,"date":"2025-02-19T08:52:38","date_gmt":"2025-02-19T07:52:38","guid":{"rendered":"https:\/\/hubsch-interior.com\/product\/product\/"},"modified":"2026-04-09T04:33:34","modified_gmt":"2026-04-09T02:33:34","slug":"koi-esszimmerstuhl-schwarz-2","status":"publish","type":"product","link":"https:\/\/hubsch-interior.com\/de\/produkt\/koi-esszimmerstuhl-schwarz-2\/","title":{"rendered":"Koi Esszimmerstuhl Schwarz"},"content":{"rendered":"<p>Der Koi Esszimmerstuhl ist eine perfekte Mischung aus Einfachheit und Spa\u00df, entworfen, um Ihre Ess\u00e4sthetik zu verbessern. Erh\u00e4ltlich in drei atemberaubenden Varianten, zeichnet sich diese Version durch eine schlanke und anspruchsvolle schwarze Farbe aus, die jedem Essbereich einen Hauch von K\u00fchnheit verleiht. Hergestellt aus FSC-zertifiziertem Holz, Eschenfurnier, Metall und Sperrholz, ist dieser Stuhl nicht nur optisch ansprechend, sondern auch umweltfreundlich. Mischen Sie alle drei Farben f\u00fcr einen modernen und eklektischen Look oder halten Sie sich an das k\u00fchne und skulpturale Schwarz f\u00fcr ein Statement-St\u00fcck in Ihrem Esszimmer.<\/p>\n","protected":false},"excerpt":{"rendered":"<p>Der Koi Esszimmerstuhl ist eine perfekte Mischung aus Einfachheit und Spa\u00df, entworfen, um Ihre Ess\u00e4sthetik zu verbessern. Erh\u00e4ltlich in drei atemberaubenden Varianten, zeichnet sich diese Version durch eine schlanke und anspruchsvolle schwarze Farbe aus, die jedem Essbereich einen Hauch von K\u00fchnheit verleiht. Hergestellt aus FSC-zertifiziertem Holz, Eschenfurnier, Metall und Sperrholz, ist dieser Stuhl nicht nur [&hellip;]<\/p>\n","protected":false},"featured_media":1097771,"template":"","meta":{"_acf_changed":false,"inline_featured_image":false},"product_brand":[],"product_cat":[6323,2845,3042,2846],"product_tag":[],"class_list":{"0":"post-1012054","1":"product","2":"type-product","3":"status-publish","4":"has-post-thumbnail","6":"product_cat-fsc-de","7":"product_cat-sitzmoebel-de","8":"product_cat-hocker-de","9":"product_cat-esszimmerstuehle-de","10":"product_shipping_class-pk","12":"pa_color-schwarz","13":"pa_material-eisen-de","14":"pa_material-eschefurnier","15":"pa_material-sperrholz","17":"first","18":"instock","19":"taxable","20":"shipping-taxable","21":"purchasable","22":"product-type-simple"},"exclude_global_add_ons":[],"addons":[],"acf":[],"yoast_head":"<!-- This site is optimized with the Yoast SEO plugin v26.4 - https:\/\/yoast.com\/wordpress\/plugins\/seo\/ -->\n<title>Koi Esszimmerstuhl Schwarz - H\u00fcbsch<\/title>\n<meta name=\"description\" content=\"Der Koi Esszimmerstuhl ist eine perfekte Mischung aus Einfachheit und Spa\u00df, entworfen, um Ihre Ess\u00e4sthetik zu verbessern. Erh\u00e4ltlich in drei\" \/>\n<meta name=\"robots\" content=\"index, follow, max-snippet:-1, max-image-preview:large, max-video-preview:-1\" \/>\n<link rel=\"canonical\" href=\"https:\/\/hubsch-interior.com\/de\/wp-json\/wp\/v2\/product\/1012054\" \/>\n<meta property=\"og:locale\" content=\"de_DE\" \/>\n<meta property=\"og:type\" content=\"article\" \/>\n<meta property=\"og:title\" content=\"Koi Esszimmerstuhl Schwarz - H\u00fcbsch\" \/>\n<meta property=\"og:description\" content=\"Der Koi Esszimmerstuhl ist eine perfekte Mischung aus Einfachheit und Spa\u00df, entworfen, um Ihre Ess\u00e4sthetik zu verbessern. Erh\u00e4ltlich in drei\" \/>\n<meta property=\"og:url\" content=\"https:\/\/hubsch-interior.com\/de\/produkt\/koi-esszimmerstuhl-schwarz-2\/\" \/>\n<meta property=\"og:site_name\" content=\"H\u00fcbsch\" \/>\n<meta property=\"article:modified_time\" content=\"2026-04-09T02:33:34+00:00\" \/>\n<meta property=\"og:image\" content=\"https:\/\/hubsch-interior.com\/wp-content\/uploads\/2026\/02\/koi-dining-chair-black-bbcd4ba1d252792e8ff7b718d9d80627.jpg\" \/>\n\t<meta property=\"og:image:width\" content=\"1024\" \/>\n\t<meta property=\"og:image:height\" content=\"1024\" \/>\n\t<meta property=\"og:image:type\" content=\"image\/jpeg\" \/>\n<meta name=\"twitter:card\" content=\"summary_large_image\" \/>\n<script type=\"application\/ld+json\" class=\"yoast-schema-graph\">{\"@context\":\"https:\/\/schema.org\",\"@graph\":[{\"@type\":\"WebPage\",\"@id\":\"https:\/\/hubsch-interior.com\/de\/produkt\/koi-esszimmerstuhl-schwarz-2\/\",\"url\":\"https:\/\/hubsch-interior.com\/de\/produkt\/koi-esszimmerstuhl-schwarz-2\/\",\"name\":\"Koi Esszimmerstuhl Schwarz - H\u00fcbsch\",\"isPartOf\":{\"@id\":\"https:\/\/hubsch-interior.com\/de\/#website\"},\"primaryImageOfPage\":{\"@id\":\"https:\/\/hubsch-interior.com\/de\/produkt\/koi-esszimmerstuhl-schwarz-2\/#primaryimage\"},\"image\":{\"@id\":\"https:\/\/hubsch-interior.com\/de\/produkt\/koi-esszimmerstuhl-schwarz-2\/#primaryimage\"},\"thumbnailUrl\":\"https:\/\/hubsch-interior.com\/wp-content\/uploads\/2026\/02\/koi-dining-chair-black-bbcd4ba1d252792e8ff7b718d9d80627.jpg\",\"datePublished\":\"2025-02-19T07:52:38+00:00\",\"dateModified\":\"2026-04-09T02:33:34+00:00\",\"description\":\"Der Koi Esszimmerstuhl ist eine perfekte Mischung aus Einfachheit und Spa\u00df, entworfen, um Ihre Ess\u00e4sthetik zu verbessern. Erh\u00e4ltlich in drei\",\"breadcrumb\":{\"@id\":\"https:\/\/hubsch-interior.com\/de\/produkt\/koi-esszimmerstuhl-schwarz-2\/#breadcrumb\"},\"inLanguage\":\"de\",\"potentialAction\":[{\"@type\":\"ReadAction\",\"target\":[\"https:\/\/hubsch-interior.com\/de\/produkt\/koi-esszimmerstuhl-schwarz-2\/\"]}]},{\"@type\":\"ImageObject\",\"inLanguage\":\"de\",\"@id\":\"https:\/\/hubsch-interior.com\/de\/produkt\/koi-esszimmerstuhl-schwarz-2\/#primaryimage\",\"url\":\"https:\/\/hubsch-interior.com\/wp-content\/uploads\/2026\/02\/koi-dining-chair-black-bbcd4ba1d252792e8ff7b718d9d80627.jpg\",\"contentUrl\":\"https:\/\/hubsch-interior.com\/wp-content\/uploads\/2026\/02\/koi-dining-chair-black-bbcd4ba1d252792e8ff7b718d9d80627.jpg\",\"width\":1024,\"height\":1024},{\"@type\":\"BreadcrumbList\",\"@id\":\"https:\/\/hubsch-interior.com\/de\/produkt\/koi-esszimmerstuhl-schwarz-2\/#breadcrumb\",\"itemListElement\":[{\"@type\":\"ListItem\",\"position\":1,\"name\":\"Startseite\",\"item\":\"https:\/\/hubsch-interior.com\/de\/\"},{\"@type\":\"ListItem\",\"position\":2,\"name\":\"Produkte\",\"item\":\"https:\/\/hubsch-interior.com\/de\/shop-2\/\"},{\"@type\":\"ListItem\",\"position\":3,\"name\":\"M\u00f6bel\",\"item\":\"https:\/\/hubsch-interior.com\/de\/produkt-kategorie\/moebel\/\"},{\"@type\":\"ListItem\",\"position\":4,\"name\":\"Sitzm&ouml;bel\",\"item\":\"https:\/\/hubsch-interior.com\/de\/produkt-kategorie\/moebel\/sitzmoebel-de\/\"},{\"@type\":\"ListItem\",\"position\":5,\"name\":\"Hocker\",\"item\":\"https:\/\/hubsch-interior.com\/de\/produkt-kategorie\/moebel\/sitzmoebel-de\/hocker-de\/\"},{\"@type\":\"ListItem\",\"position\":6,\"name\":\"Koi Esszimmerstuhl Schwarz\"}]},{\"@type\":\"WebSite\",\"@id\":\"https:\/\/hubsch-interior.com\/de\/#website\",\"url\":\"https:\/\/hubsch-interior.com\/de\/\",\"name\":\"H\u00fcbsch\",\"description\":\"Danish Home Interior and Design\",\"publisher\":{\"@id\":\"https:\/\/hubsch-interior.com\/de\/#organization\"},\"potentialAction\":[{\"@type\":\"SearchAction\",\"target\":{\"@type\":\"EntryPoint\",\"urlTemplate\":\"https:\/\/hubsch-interior.com\/de\/?s={search_term_string}\"},\"query-input\":{\"@type\":\"PropertyValueSpecification\",\"valueRequired\":true,\"valueName\":\"search_term_string\"}}],\"inLanguage\":\"de\"},{\"@type\":\"Organization\",\"@id\":\"https:\/\/hubsch-interior.com\/de\/#organization\",\"name\":\"H\u00fcbsch\",\"url\":\"https:\/\/hubsch-interior.com\/de\/\",\"logo\":{\"@type\":\"ImageObject\",\"inLanguage\":\"de\",\"@id\":\"https:\/\/hubsch-interior.com\/de\/#\/schema\/logo\/image\/\",\"url\":\"https:\/\/hubsch-interior.com\/wp-content\/uploads\/2022\/12\/Hubsch_logo_black_one_line.svg\",\"contentUrl\":\"https:\/\/hubsch-interior.com\/wp-content\/uploads\/2022\/12\/Hubsch_logo_black_one_line.svg\",\"caption\":\"H\u00fcbsch\"},\"image\":{\"@id\":\"https:\/\/hubsch-interior.com\/de\/#\/schema\/logo\/image\/\"}}]}<\/script>\n<!-- \/ Yoast SEO plugin. -->","yoast_head_json":{"title":"Koi Esszimmerstuhl Schwarz - H\u00fcbsch","description":"Der Koi Esszimmerstuhl ist eine perfekte Mischung aus Einfachheit und Spa\u00df, entworfen, um Ihre Ess\u00e4sthetik zu verbessern. Erh\u00e4ltlich in drei","robots":{"index":"index","follow":"follow","max-snippet":"max-snippet:-1","max-image-preview":"max-image-preview:large","max-video-preview":"max-video-preview:-1"},"canonical":"https:\/\/hubsch-interior.com\/de\/wp-json\/wp\/v2\/product\/1012054","og_locale":"de_DE","og_type":"article","og_title":"Koi Esszimmerstuhl Schwarz - H\u00fcbsch","og_description":"Der Koi Esszimmerstuhl ist eine perfekte Mischung aus Einfachheit und Spa\u00df, entworfen, um Ihre Ess\u00e4sthetik zu verbessern. Erh\u00e4ltlich in drei","og_url":"https:\/\/hubsch-interior.com\/de\/produkt\/koi-esszimmerstuhl-schwarz-2\/","og_site_name":"H\u00fcbsch","article_modified_time":"2026-04-09T02:33:34+00:00","og_image":[{"width":1024,"height":1024,"url":"https:\/\/hubsch-interior.com\/wp-content\/uploads\/2026\/02\/koi-dining-chair-black-bbcd4ba1d252792e8ff7b718d9d80627.jpg","type":"image\/jpeg"}],"twitter_card":"summary_large_image","schema":{"@context":"https:\/\/schema.org","@graph":[{"@type":"WebPage","@id":"https:\/\/hubsch-interior.com\/de\/produkt\/koi-esszimmerstuhl-schwarz-2\/","url":"https:\/\/hubsch-interior.com\/de\/produkt\/koi-esszimmerstuhl-schwarz-2\/","name":"Koi Esszimmerstuhl Schwarz - H\u00fcbsch","isPartOf":{"@id":"https:\/\/hubsch-interior.com\/de\/#website"},"primaryImageOfPage":{"@id":"https:\/\/hubsch-interior.com\/de\/produkt\/koi-esszimmerstuhl-schwarz-2\/#primaryimage"},"image":{"@id":"https:\/\/hubsch-interior.com\/de\/produkt\/koi-esszimmerstuhl-schwarz-2\/#primaryimage"},"thumbnailUrl":"https:\/\/hubsch-interior.com\/wp-content\/uploads\/2026\/02\/koi-dining-chair-black-bbcd4ba1d252792e8ff7b718d9d80627.jpg","datePublished":"2025-02-19T07:52:38+00:00","dateModified":"2026-04-09T02:33:34+00:00","description":"Der Koi Esszimmerstuhl ist eine perfekte Mischung aus Einfachheit und Spa\u00df, entworfen, um Ihre Ess\u00e4sthetik zu verbessern. Erh\u00e4ltlich in drei","breadcrumb":{"@id":"https:\/\/hubsch-interior.com\/de\/produkt\/koi-esszimmerstuhl-schwarz-2\/#breadcrumb"},"inLanguage":"de","potentialAction":[{"@type":"ReadAction","target":["https:\/\/hubsch-interior.com\/de\/produkt\/koi-esszimmerstuhl-schwarz-2\/"]}]},{"@type":"ImageObject","inLanguage":"de","@id":"https:\/\/hubsch-interior.com\/de\/produkt\/koi-esszimmerstuhl-schwarz-2\/#primaryimage","url":"https:\/\/hubsch-interior.com\/wp-content\/uploads\/2026\/02\/koi-dining-chair-black-bbcd4ba1d252792e8ff7b718d9d80627.jpg","contentUrl":"https:\/\/hubsch-interior.com\/wp-content\/uploads\/2026\/02\/koi-dining-chair-black-bbcd4ba1d252792e8ff7b718d9d80627.jpg","width":1024,"height":1024},{"@type":"BreadcrumbList","@id":"https:\/\/hubsch-interior.com\/de\/produkt\/koi-esszimmerstuhl-schwarz-2\/#breadcrumb","itemListElement":[{"@type":"ListItem","position":1,"name":"Startseite","item":"https:\/\/hubsch-interior.com\/de\/"},{"@type":"ListItem","position":2,"name":"Produkte","item":"https:\/\/hubsch-interior.com\/de\/shop-2\/"},{"@type":"ListItem","position":3,"name":"M\u00f6bel","item":"https:\/\/hubsch-interior.com\/de\/produkt-kategorie\/moebel\/"},{"@type":"ListItem","position":4,"name":"Sitzm&ouml;bel","item":"https:\/\/hubsch-interior.com\/de\/produkt-kategorie\/moebel\/sitzmoebel-de\/"},{"@type":"ListItem","position":5,"name":"Hocker","item":"https:\/\/hubsch-interior.com\/de\/produkt-kategorie\/moebel\/sitzmoebel-de\/hocker-de\/"},{"@type":"ListItem","position":6,"name":"Koi Esszimmerstuhl Schwarz"}]},{"@type":"WebSite","@id":"https:\/\/hubsch-interior.com\/de\/#website","url":"https:\/\/hubsch-interior.com\/de\/","name":"H\u00fcbsch","description":"Danish Home Interior and Design","publisher":{"@id":"https:\/\/hubsch-interior.com\/de\/#organization"},"potentialAction":[{"@type":"SearchAction","target":{"@type":"EntryPoint","urlTemplate":"https:\/\/hubsch-interior.com\/de\/?s={search_term_string}"},"query-input":{"@type":"PropertyValueSpecification","valueRequired":true,"valueName":"search_term_string"}}],"inLanguage":"de"},{"@type":"Organization","@id":"https:\/\/hubsch-interior.com\/de\/#organization","name":"H\u00fcbsch","url":"https:\/\/hubsch-interior.com\/de\/","logo":{"@type":"ImageObject","inLanguage":"de","@id":"https:\/\/hubsch-interior.com\/de\/#\/schema\/logo\/image\/","url":"https:\/\/hubsch-interior.com\/wp-content\/uploads\/2022\/12\/Hubsch_logo_black_one_line.svg","contentUrl":"https:\/\/hubsch-interior.com\/wp-content\/uploads\/2022\/12\/Hubsch_logo_black_one_line.svg","caption":"H\u00fcbsch"},"image":{"@id":"https:\/\/hubsch-interior.com\/de\/#\/schema\/logo\/image\/"}}]}},"_links":{"self":[{"href":"https:\/\/hubsch-interior.com\/de\/wp-json\/wp\/v2\/product\/1012054","targetHints":{"allow":["GET"]}}],"collection":[{"href":"https:\/\/hubsch-interior.com\/de\/wp-json\/wp\/v2\/product"}],"about":[{"href":"https:\/\/hubsch-interior.com\/de\/wp-json\/wp\/v2\/types\/product"}],"wp:featuredmedia":[{"embeddable":true,"href":"https:\/\/hubsch-interior.com\/de\/wp-json\/wp\/v2\/media\/1097771"}],"wp:attachment":[{"href":"https:\/\/hubsch-interior.com\/de\/wp-json\/wp\/v2\/media?parent=1012054"}],"wp:term":[{"taxonomy":"product_brand","embeddable":true,"href":"https:\/\/hubsch-interior.com\/de\/wp-json\/wp\/v2\/product_brand?post=1012054"},{"taxonomy":"product_cat","embeddable":true,"href":"https:\/\/hubsch-interior.com\/de\/wp-json\/wp\/v2\/product_cat?post=1012054"},{"taxonomy":"product_tag","embeddable":true,"href":"https:\/\/hubsch-interior.com\/de\/wp-json\/wp\/v2\/product_tag?post=1012054"}],"curies":[{"name":"wp","href":"https:\/\/api.w.org\/{rel}","templated":true}]}}