{"id":1012146,"date":"2025-02-19T08:55:20","date_gmt":"2025-02-19T07:55:20","guid":{"rendered":"https:\/\/hubsch-interior.com\/product\/product\/"},"modified":"2026-04-09T05:13:59","modified_gmt":"2026-04-09T03:13:59","slug":"halo-wandleuchte-bernstein","status":"publish","type":"product","link":"https:\/\/hubsch-interior.com\/de\/produkt\/halo-wandleuchte-bernstein\/","title":{"rendered":"Halo Wandleuchte Bernstein"},"content":{"rendered":"<p>Die Lampe besteht aus Glas und Metall in den Farben Bernstein und Messing. Die goldenen Farbt\u00f6ne sorgen f\u00fcr einen eleganten und schicken Look, w\u00e4hrend die milchige wei\u00dfe Gl\u00fchbirne der Lampe einen modernen Touch verleiht.<\/p>\n","protected":false},"excerpt":{"rendered":"<p>Die Lampe besteht aus Glas und Metall in den Farben Bernstein und Messing. Die goldenen Farbt\u00f6ne sorgen f\u00fcr einen eleganten und schicken Look, w\u00e4hrend die milchige wei\u00dfe Gl\u00fchbirne der Lampe einen modernen Touch verleiht.<\/p>\n","protected":false},"featured_media":1109184,"template":"","meta":{"_acf_changed":false,"inline_featured_image":false},"product_brand":[],"product_cat":[3809,3409],"product_tag":[],"class_list":{"0":"post-1012146","1":"product","2":"type-product","3":"status-publish","4":"has-post-thumbnail","6":"product_cat-beleuchtung","7":"product_cat-wandlampen-de","8":"product_shipping_class-pk","10":"pa_color-bernstein","11":"pa_material-glas-de","13":"first","14":"instock","15":"taxable","16":"shipping-taxable","17":"purchasable","18":"product-type-simple"},"exclude_global_add_ons":[],"addons":[],"acf":[],"yoast_head":"<!-- This site is optimized with the Yoast SEO plugin v26.4 - https:\/\/yoast.com\/wordpress\/plugins\/seo\/ -->\n<title>Halo Wandleuchte Bernstein - H\u00fcbsch<\/title>\n<meta name=\"description\" content=\"Die Lampe besteht aus Glas und Metall in den Farben Bernstein und Messing. Die goldenen Farbt\u00f6ne sorgen f\u00fcr einen eleganten und schicken Look, w\u00e4hrend die\" \/>\n<meta name=\"robots\" content=\"index, follow, max-snippet:-1, max-image-preview:large, max-video-preview:-1\" \/>\n<link rel=\"canonical\" href=\"https:\/\/hubsch-interior.com\/de\/wp-json\/wp\/v2\/product\/1012146\" \/>\n<meta property=\"og:locale\" content=\"de_DE\" \/>\n<meta property=\"og:type\" content=\"article\" \/>\n<meta property=\"og:title\" content=\"Halo Wandleuchte Bernstein - H\u00fcbsch\" \/>\n<meta property=\"og:description\" content=\"Die Lampe besteht aus Glas und Metall in den Farben Bernstein und Messing. Die goldenen Farbt\u00f6ne sorgen f\u00fcr einen eleganten und schicken Look, w\u00e4hrend die\" \/>\n<meta property=\"og:url\" content=\"https:\/\/hubsch-interior.com\/de\/produkt\/halo-wandleuchte-bernstein\/\" \/>\n<meta property=\"og:site_name\" content=\"H\u00fcbsch\" \/>\n<meta property=\"article:modified_time\" content=\"2026-04-09T03:13:59+00:00\" \/>\n<meta property=\"og:image\" content=\"https:\/\/hubsch-interior.com\/wp-content\/uploads\/2025\/02\/halo-wall-light-amber-499ee1b80ef679334f348d81472556f0.jpg\" \/>\n\t<meta property=\"og:image:width\" content=\"1200\" \/>\n\t<meta property=\"og:image:height\" content=\"1200\" \/>\n\t<meta property=\"og:image:type\" content=\"image\/jpeg\" \/>\n<meta name=\"twitter:card\" content=\"summary_large_image\" \/>\n<script type=\"application\/ld+json\" class=\"yoast-schema-graph\">{\"@context\":\"https:\/\/schema.org\",\"@graph\":[{\"@type\":\"WebPage\",\"@id\":\"https:\/\/hubsch-interior.com\/de\/produkt\/halo-wandleuchte-bernstein\/\",\"url\":\"https:\/\/hubsch-interior.com\/de\/produkt\/halo-wandleuchte-bernstein\/\",\"name\":\"Halo Wandleuchte Bernstein - H\u00fcbsch\",\"isPartOf\":{\"@id\":\"https:\/\/hubsch-interior.com\/de\/#website\"},\"primaryImageOfPage\":{\"@id\":\"https:\/\/hubsch-interior.com\/de\/produkt\/halo-wandleuchte-bernstein\/#primaryimage\"},\"image\":{\"@id\":\"https:\/\/hubsch-interior.com\/de\/produkt\/halo-wandleuchte-bernstein\/#primaryimage\"},\"thumbnailUrl\":\"https:\/\/hubsch-interior.com\/wp-content\/uploads\/2026\/02\/halo-wall-light-amber-202c36d885327d091dde767e10c8007f.jpg\",\"datePublished\":\"2025-02-19T07:55:20+00:00\",\"dateModified\":\"2026-04-09T03:13:59+00:00\",\"description\":\"Die Lampe besteht aus Glas und Metall in den Farben Bernstein und Messing. Die goldenen Farbt\u00f6ne sorgen f\u00fcr einen eleganten und schicken Look, w\u00e4hrend die\",\"breadcrumb\":{\"@id\":\"https:\/\/hubsch-interior.com\/de\/produkt\/halo-wandleuchte-bernstein\/#breadcrumb\"},\"inLanguage\":\"de\",\"potentialAction\":[{\"@type\":\"ReadAction\",\"target\":[\"https:\/\/hubsch-interior.com\/de\/produkt\/halo-wandleuchte-bernstein\/\"]}]},{\"@type\":\"ImageObject\",\"inLanguage\":\"de\",\"@id\":\"https:\/\/hubsch-interior.com\/de\/produkt\/halo-wandleuchte-bernstein\/#primaryimage\",\"url\":\"https:\/\/hubsch-interior.com\/wp-content\/uploads\/2026\/02\/halo-wall-light-amber-202c36d885327d091dde767e10c8007f.jpg\",\"contentUrl\":\"https:\/\/hubsch-interior.com\/wp-content\/uploads\/2026\/02\/halo-wall-light-amber-202c36d885327d091dde767e10c8007f.jpg\",\"width\":1024,\"height\":1024},{\"@type\":\"BreadcrumbList\",\"@id\":\"https:\/\/hubsch-interior.com\/de\/produkt\/halo-wandleuchte-bernstein\/#breadcrumb\",\"itemListElement\":[{\"@type\":\"ListItem\",\"position\":1,\"name\":\"Startseite\",\"item\":\"https:\/\/hubsch-interior.com\/de\/\"},{\"@type\":\"ListItem\",\"position\":2,\"name\":\"Produkte\",\"item\":\"https:\/\/hubsch-interior.com\/de\/shop-2\/\"},{\"@type\":\"ListItem\",\"position\":3,\"name\":\"Beleuchtung\",\"item\":\"https:\/\/hubsch-interior.com\/de\/produkt-kategorie\/beleuchtung\/\"},{\"@type\":\"ListItem\",\"position\":4,\"name\":\"Wandlampen\",\"item\":\"https:\/\/hubsch-interior.com\/de\/produkt-kategorie\/beleuchtung\/wandlampen-de\/\"},{\"@type\":\"ListItem\",\"position\":5,\"name\":\"Halo Wandleuchte Bernstein\"}]},{\"@type\":\"WebSite\",\"@id\":\"https:\/\/hubsch-interior.com\/de\/#website\",\"url\":\"https:\/\/hubsch-interior.com\/de\/\",\"name\":\"H\u00fcbsch\",\"description\":\"Danish Home Interior and Design\",\"publisher\":{\"@id\":\"https:\/\/hubsch-interior.com\/de\/#organization\"},\"potentialAction\":[{\"@type\":\"SearchAction\",\"target\":{\"@type\":\"EntryPoint\",\"urlTemplate\":\"https:\/\/hubsch-interior.com\/de\/?s={search_term_string}\"},\"query-input\":{\"@type\":\"PropertyValueSpecification\",\"valueRequired\":true,\"valueName\":\"search_term_string\"}}],\"inLanguage\":\"de\"},{\"@type\":\"Organization\",\"@id\":\"https:\/\/hubsch-interior.com\/de\/#organization\",\"name\":\"H\u00fcbsch\",\"url\":\"https:\/\/hubsch-interior.com\/de\/\",\"logo\":{\"@type\":\"ImageObject\",\"inLanguage\":\"de\",\"@id\":\"https:\/\/hubsch-interior.com\/de\/#\/schema\/logo\/image\/\",\"url\":\"https:\/\/hubsch-interior.com\/wp-content\/uploads\/2022\/12\/Hubsch_logo_black_one_line.svg\",\"contentUrl\":\"https:\/\/hubsch-interior.com\/wp-content\/uploads\/2022\/12\/Hubsch_logo_black_one_line.svg\",\"caption\":\"H\u00fcbsch\"},\"image\":{\"@id\":\"https:\/\/hubsch-interior.com\/de\/#\/schema\/logo\/image\/\"}}]}<\/script>\n<!-- \/ Yoast SEO plugin. -->","yoast_head_json":{"title":"Halo Wandleuchte Bernstein - H\u00fcbsch","description":"Die Lampe besteht aus Glas und Metall in den Farben Bernstein und Messing. Die goldenen Farbt\u00f6ne sorgen f\u00fcr einen eleganten und schicken Look, w\u00e4hrend die","robots":{"index":"index","follow":"follow","max-snippet":"max-snippet:-1","max-image-preview":"max-image-preview:large","max-video-preview":"max-video-preview:-1"},"canonical":"https:\/\/hubsch-interior.com\/de\/wp-json\/wp\/v2\/product\/1012146","og_locale":"de_DE","og_type":"article","og_title":"Halo Wandleuchte Bernstein - H\u00fcbsch","og_description":"Die Lampe besteht aus Glas und Metall in den Farben Bernstein und Messing. Die goldenen Farbt\u00f6ne sorgen f\u00fcr einen eleganten und schicken Look, w\u00e4hrend die","og_url":"https:\/\/hubsch-interior.com\/de\/produkt\/halo-wandleuchte-bernstein\/","og_site_name":"H\u00fcbsch","article_modified_time":"2026-04-09T03:13:59+00:00","og_image":[{"width":1200,"height":1200,"url":"https:\/\/hubsch-interior.com\/wp-content\/uploads\/2025\/02\/halo-wall-light-amber-499ee1b80ef679334f348d81472556f0.jpg","type":"image\/jpeg"}],"twitter_card":"summary_large_image","schema":{"@context":"https:\/\/schema.org","@graph":[{"@type":"WebPage","@id":"https:\/\/hubsch-interior.com\/de\/produkt\/halo-wandleuchte-bernstein\/","url":"https:\/\/hubsch-interior.com\/de\/produkt\/halo-wandleuchte-bernstein\/","name":"Halo Wandleuchte Bernstein - H\u00fcbsch","isPartOf":{"@id":"https:\/\/hubsch-interior.com\/de\/#website"},"primaryImageOfPage":{"@id":"https:\/\/hubsch-interior.com\/de\/produkt\/halo-wandleuchte-bernstein\/#primaryimage"},"image":{"@id":"https:\/\/hubsch-interior.com\/de\/produkt\/halo-wandleuchte-bernstein\/#primaryimage"},"thumbnailUrl":"https:\/\/hubsch-interior.com\/wp-content\/uploads\/2026\/02\/halo-wall-light-amber-202c36d885327d091dde767e10c8007f.jpg","datePublished":"2025-02-19T07:55:20+00:00","dateModified":"2026-04-09T03:13:59+00:00","description":"Die Lampe besteht aus Glas und Metall in den Farben Bernstein und Messing. Die goldenen Farbt\u00f6ne sorgen f\u00fcr einen eleganten und schicken Look, w\u00e4hrend die","breadcrumb":{"@id":"https:\/\/hubsch-interior.com\/de\/produkt\/halo-wandleuchte-bernstein\/#breadcrumb"},"inLanguage":"de","potentialAction":[{"@type":"ReadAction","target":["https:\/\/hubsch-interior.com\/de\/produkt\/halo-wandleuchte-bernstein\/"]}]},{"@type":"ImageObject","inLanguage":"de","@id":"https:\/\/hubsch-interior.com\/de\/produkt\/halo-wandleuchte-bernstein\/#primaryimage","url":"https:\/\/hubsch-interior.com\/wp-content\/uploads\/2026\/02\/halo-wall-light-amber-202c36d885327d091dde767e10c8007f.jpg","contentUrl":"https:\/\/hubsch-interior.com\/wp-content\/uploads\/2026\/02\/halo-wall-light-amber-202c36d885327d091dde767e10c8007f.jpg","width":1024,"height":1024},{"@type":"BreadcrumbList","@id":"https:\/\/hubsch-interior.com\/de\/produkt\/halo-wandleuchte-bernstein\/#breadcrumb","itemListElement":[{"@type":"ListItem","position":1,"name":"Startseite","item":"https:\/\/hubsch-interior.com\/de\/"},{"@type":"ListItem","position":2,"name":"Produkte","item":"https:\/\/hubsch-interior.com\/de\/shop-2\/"},{"@type":"ListItem","position":3,"name":"Beleuchtung","item":"https:\/\/hubsch-interior.com\/de\/produkt-kategorie\/beleuchtung\/"},{"@type":"ListItem","position":4,"name":"Wandlampen","item":"https:\/\/hubsch-interior.com\/de\/produkt-kategorie\/beleuchtung\/wandlampen-de\/"},{"@type":"ListItem","position":5,"name":"Halo Wandleuchte Bernstein"}]},{"@type":"WebSite","@id":"https:\/\/hubsch-interior.com\/de\/#website","url":"https:\/\/hubsch-interior.com\/de\/","name":"H\u00fcbsch","description":"Danish Home Interior and Design","publisher":{"@id":"https:\/\/hubsch-interior.com\/de\/#organization"},"potentialAction":[{"@type":"SearchAction","target":{"@type":"EntryPoint","urlTemplate":"https:\/\/hubsch-interior.com\/de\/?s={search_term_string}"},"query-input":{"@type":"PropertyValueSpecification","valueRequired":true,"valueName":"search_term_string"}}],"inLanguage":"de"},{"@type":"Organization","@id":"https:\/\/hubsch-interior.com\/de\/#organization","name":"H\u00fcbsch","url":"https:\/\/hubsch-interior.com\/de\/","logo":{"@type":"ImageObject","inLanguage":"de","@id":"https:\/\/hubsch-interior.com\/de\/#\/schema\/logo\/image\/","url":"https:\/\/hubsch-interior.com\/wp-content\/uploads\/2022\/12\/Hubsch_logo_black_one_line.svg","contentUrl":"https:\/\/hubsch-interior.com\/wp-content\/uploads\/2022\/12\/Hubsch_logo_black_one_line.svg","caption":"H\u00fcbsch"},"image":{"@id":"https:\/\/hubsch-interior.com\/de\/#\/schema\/logo\/image\/"}}]}},"_links":{"self":[{"href":"https:\/\/hubsch-interior.com\/de\/wp-json\/wp\/v2\/product\/1012146","targetHints":{"allow":["GET"]}}],"collection":[{"href":"https:\/\/hubsch-interior.com\/de\/wp-json\/wp\/v2\/product"}],"about":[{"href":"https:\/\/hubsch-interior.com\/de\/wp-json\/wp\/v2\/types\/product"}],"wp:featuredmedia":[{"embeddable":true,"href":"https:\/\/hubsch-interior.com\/de\/wp-json\/wp\/v2\/media\/1109184"}],"wp:attachment":[{"href":"https:\/\/hubsch-interior.com\/de\/wp-json\/wp\/v2\/media?parent=1012146"}],"wp:term":[{"taxonomy":"product_brand","embeddable":true,"href":"https:\/\/hubsch-interior.com\/de\/wp-json\/wp\/v2\/product_brand?post=1012146"},{"taxonomy":"product_cat","embeddable":true,"href":"https:\/\/hubsch-interior.com\/de\/wp-json\/wp\/v2\/product_cat?post=1012146"},{"taxonomy":"product_tag","embeddable":true,"href":"https:\/\/hubsch-interior.com\/de\/wp-json\/wp\/v2\/product_tag?post=1012146"}],"curies":[{"name":"wp","href":"https:\/\/api.w.org\/{rel}","templated":true}]}}