{"id":1013538,"date":"2025-03-10T13:21:20","date_gmt":"2025-03-10T12:21:20","guid":{"rendered":"https:\/\/hubsch-interior.com\/product\/product\/"},"modified":"2026-04-09T04:33:50","modified_gmt":"2026-04-09T02:33:50","slug":"arch-esszimmerstuhl-schwarz-3","status":"publish","type":"product","link":"https:\/\/hubsch-interior.com\/de\/produkt\/arch-esszimmerstuhl-schwarz-3\/","title":{"rendered":"Arch Esszimmerstuhl Schwarz"},"content":{"rendered":"<p>Der Arch Esszimmerstuhl ist eine moderne Variante eines zeitlosen Klassikers. Dieser elegante Stuhl ist in drei atemberaubenden Varianten erh\u00e4ltlich, wobei die schwarze Option jeder Esszimmereinrichtung eine Note an Raffinesse verleiht. Hergestellt aus FSC-zertifiziertem Holz, \u00fcberzeugt der Arch Esszimmerstuhl durch sein robustes Design, das f\u00fcr viele Jahre halten wird. Seine st\u00fctzende R\u00fcckenlehne sorgt f\u00fcr maximalen Komfort und macht ihn zur perfekten Wahl f\u00fcr lange Abendessen oder Familientreffen. Mit seinem stapelbaren und kompakten Design ist der Arch Esszimmerstuhl nicht nur stilvoll, sondern auch praktisch &#8211; perfekt f\u00fcr jeden Raum. Als Wiedereinf\u00fchrung eines fr\u00fcheren Bestsellers ist dieser Stuhl ein Muss f\u00fcr jedes moderne Zuhause.<\/p>\n","protected":false},"excerpt":{"rendered":"<p>Der Arch Esszimmerstuhl ist eine moderne Variante eines zeitlosen Klassikers. Dieser elegante Stuhl ist in drei atemberaubenden Varianten erh\u00e4ltlich, wobei die schwarze Option jeder Esszimmereinrichtung eine Note an Raffinesse verleiht. Hergestellt aus FSC-zertifiziertem Holz, \u00fcberzeugt der Arch Esszimmerstuhl durch sein robustes Design, das f\u00fcr viele Jahre halten wird. Seine st\u00fctzende R\u00fcckenlehne sorgt f\u00fcr maximalen Komfort [&hellip;]<\/p>\n","protected":false},"featured_media":1097883,"template":"","meta":{"_acf_changed":false,"inline_featured_image":false},"product_brand":[],"product_cat":[6998,6323,2845,2846],"product_tag":[],"class_list":{"0":"post-1013538","1":"product","2":"type-product","3":"status-publish","4":"has-post-thumbnail","6":"product_cat-the-buzz-de","7":"product_cat-fsc-de","8":"product_cat-sitzmoebel-de","9":"product_cat-esszimmerstuehle-de","10":"product_shipping_class-p05","12":"pa_color-schwarz","13":"pa_material-eisen-de","14":"pa_material-eschefurnier","16":"first","17":"instock","18":"taxable","19":"shipping-taxable","20":"purchasable","21":"product-type-simple"},"exclude_global_add_ons":[],"addons":[],"acf":[],"yoast_head":"<!-- This site is optimized with the Yoast SEO plugin v26.4 - https:\/\/yoast.com\/wordpress\/plugins\/seo\/ -->\n<title>Arch Esszimmerstuhl Schwarz - H\u00fcbsch<\/title>\n<meta name=\"description\" content=\"Der Arch Esszimmerstuhl ist eine moderne Variante eines zeitlosen Klassikers. Dieser elegante Stuhl ist in drei atemberaubenden Varianten erh\u00e4ltlich,\" \/>\n<meta name=\"robots\" content=\"index, follow, max-snippet:-1, max-image-preview:large, max-video-preview:-1\" \/>\n<link rel=\"canonical\" href=\"https:\/\/hubsch-interior.com\/de\/wp-json\/wp\/v2\/product\/1013538\" \/>\n<meta property=\"og:locale\" content=\"de_DE\" \/>\n<meta property=\"og:type\" content=\"article\" \/>\n<meta property=\"og:title\" content=\"Arch Esszimmerstuhl Schwarz - H\u00fcbsch\" \/>\n<meta property=\"og:description\" content=\"Der Arch Esszimmerstuhl ist eine moderne Variante eines zeitlosen Klassikers. Dieser elegante Stuhl ist in drei atemberaubenden Varianten erh\u00e4ltlich,\" \/>\n<meta property=\"og:url\" content=\"https:\/\/hubsch-interior.com\/de\/produkt\/arch-esszimmerstuhl-schwarz-3\/\" \/>\n<meta property=\"og:site_name\" content=\"H\u00fcbsch\" \/>\n<meta property=\"article:modified_time\" content=\"2026-04-09T02:33:50+00:00\" \/>\n<meta property=\"og:image\" content=\"https:\/\/hubsch-interior.com\/wp-content\/uploads\/2026\/02\/arch-dining-chair-black-d575fc5ab556b8a4161a6a716397a436.jpg\" \/>\n\t<meta property=\"og:image:width\" content=\"1024\" \/>\n\t<meta property=\"og:image:height\" content=\"1024\" \/>\n\t<meta property=\"og:image:type\" content=\"image\/jpeg\" \/>\n<meta name=\"twitter:card\" content=\"summary_large_image\" \/>\n<meta name=\"twitter:label1\" content=\"Gesch\u00e4tzte Lesezeit\" \/>\n\t<meta name=\"twitter:data1\" content=\"1\u00a0Minute\" \/>\n<script type=\"application\/ld+json\" class=\"yoast-schema-graph\">{\"@context\":\"https:\/\/schema.org\",\"@graph\":[{\"@type\":\"WebPage\",\"@id\":\"https:\/\/hubsch-interior.com\/de\/produkt\/arch-esszimmerstuhl-schwarz-3\/\",\"url\":\"https:\/\/hubsch-interior.com\/de\/produkt\/arch-esszimmerstuhl-schwarz-3\/\",\"name\":\"Arch Esszimmerstuhl Schwarz - H\u00fcbsch\",\"isPartOf\":{\"@id\":\"https:\/\/hubsch-interior.com\/de\/#website\"},\"primaryImageOfPage\":{\"@id\":\"https:\/\/hubsch-interior.com\/de\/produkt\/arch-esszimmerstuhl-schwarz-3\/#primaryimage\"},\"image\":{\"@id\":\"https:\/\/hubsch-interior.com\/de\/produkt\/arch-esszimmerstuhl-schwarz-3\/#primaryimage\"},\"thumbnailUrl\":\"https:\/\/hubsch-interior.com\/wp-content\/uploads\/2026\/02\/arch-dining-chair-black-d575fc5ab556b8a4161a6a716397a436.jpg\",\"datePublished\":\"2025-03-10T12:21:20+00:00\",\"dateModified\":\"2026-04-09T02:33:50+00:00\",\"description\":\"Der Arch Esszimmerstuhl ist eine moderne Variante eines zeitlosen Klassikers. Dieser elegante Stuhl ist in drei atemberaubenden Varianten erh\u00e4ltlich,\",\"breadcrumb\":{\"@id\":\"https:\/\/hubsch-interior.com\/de\/produkt\/arch-esszimmerstuhl-schwarz-3\/#breadcrumb\"},\"inLanguage\":\"de\",\"potentialAction\":[{\"@type\":\"ReadAction\",\"target\":[\"https:\/\/hubsch-interior.com\/de\/produkt\/arch-esszimmerstuhl-schwarz-3\/\"]}]},{\"@type\":\"ImageObject\",\"inLanguage\":\"de\",\"@id\":\"https:\/\/hubsch-interior.com\/de\/produkt\/arch-esszimmerstuhl-schwarz-3\/#primaryimage\",\"url\":\"https:\/\/hubsch-interior.com\/wp-content\/uploads\/2026\/02\/arch-dining-chair-black-d575fc5ab556b8a4161a6a716397a436.jpg\",\"contentUrl\":\"https:\/\/hubsch-interior.com\/wp-content\/uploads\/2026\/02\/arch-dining-chair-black-d575fc5ab556b8a4161a6a716397a436.jpg\",\"width\":1024,\"height\":1024},{\"@type\":\"BreadcrumbList\",\"@id\":\"https:\/\/hubsch-interior.com\/de\/produkt\/arch-esszimmerstuhl-schwarz-3\/#breadcrumb\",\"itemListElement\":[{\"@type\":\"ListItem\",\"position\":1,\"name\":\"Startseite\",\"item\":\"https:\/\/hubsch-interior.com\/de\/\"},{\"@type\":\"ListItem\",\"position\":2,\"name\":\"Produkte\",\"item\":\"https:\/\/hubsch-interior.com\/de\/shop-2\/\"},{\"@type\":\"ListItem\",\"position\":3,\"name\":\"M\u00f6bel\",\"item\":\"https:\/\/hubsch-interior.com\/de\/produkt-kategorie\/moebel\/\"},{\"@type\":\"ListItem\",\"position\":4,\"name\":\"Sitzm&ouml;bel\",\"item\":\"https:\/\/hubsch-interior.com\/de\/produkt-kategorie\/moebel\/sitzmoebel-de\/\"},{\"@type\":\"ListItem\",\"position\":5,\"name\":\"Esszimmerst&uuml;hle\",\"item\":\"https:\/\/hubsch-interior.com\/de\/produkt-kategorie\/moebel\/sitzmoebel-de\/esszimmerstuehle-de\/\"},{\"@type\":\"ListItem\",\"position\":6,\"name\":\"Arch Esszimmerstuhl Schwarz\"}]},{\"@type\":\"WebSite\",\"@id\":\"https:\/\/hubsch-interior.com\/de\/#website\",\"url\":\"https:\/\/hubsch-interior.com\/de\/\",\"name\":\"H\u00fcbsch\",\"description\":\"Danish Home Interior and Design\",\"publisher\":{\"@id\":\"https:\/\/hubsch-interior.com\/de\/#organization\"},\"potentialAction\":[{\"@type\":\"SearchAction\",\"target\":{\"@type\":\"EntryPoint\",\"urlTemplate\":\"https:\/\/hubsch-interior.com\/de\/?s={search_term_string}\"},\"query-input\":{\"@type\":\"PropertyValueSpecification\",\"valueRequired\":true,\"valueName\":\"search_term_string\"}}],\"inLanguage\":\"de\"},{\"@type\":\"Organization\",\"@id\":\"https:\/\/hubsch-interior.com\/de\/#organization\",\"name\":\"H\u00fcbsch\",\"url\":\"https:\/\/hubsch-interior.com\/de\/\",\"logo\":{\"@type\":\"ImageObject\",\"inLanguage\":\"de\",\"@id\":\"https:\/\/hubsch-interior.com\/de\/#\/schema\/logo\/image\/\",\"url\":\"https:\/\/hubsch-interior.com\/wp-content\/uploads\/2022\/12\/Hubsch_logo_black_one_line.svg\",\"contentUrl\":\"https:\/\/hubsch-interior.com\/wp-content\/uploads\/2022\/12\/Hubsch_logo_black_one_line.svg\",\"caption\":\"H\u00fcbsch\"},\"image\":{\"@id\":\"https:\/\/hubsch-interior.com\/de\/#\/schema\/logo\/image\/\"}}]}<\/script>\n<!-- \/ Yoast SEO plugin. -->","yoast_head_json":{"title":"Arch Esszimmerstuhl Schwarz - H\u00fcbsch","description":"Der Arch Esszimmerstuhl ist eine moderne Variante eines zeitlosen Klassikers. Dieser elegante Stuhl ist in drei atemberaubenden Varianten erh\u00e4ltlich,","robots":{"index":"index","follow":"follow","max-snippet":"max-snippet:-1","max-image-preview":"max-image-preview:large","max-video-preview":"max-video-preview:-1"},"canonical":"https:\/\/hubsch-interior.com\/de\/wp-json\/wp\/v2\/product\/1013538","og_locale":"de_DE","og_type":"article","og_title":"Arch Esszimmerstuhl Schwarz - H\u00fcbsch","og_description":"Der Arch Esszimmerstuhl ist eine moderne Variante eines zeitlosen Klassikers. Dieser elegante Stuhl ist in drei atemberaubenden Varianten erh\u00e4ltlich,","og_url":"https:\/\/hubsch-interior.com\/de\/produkt\/arch-esszimmerstuhl-schwarz-3\/","og_site_name":"H\u00fcbsch","article_modified_time":"2026-04-09T02:33:50+00:00","og_image":[{"width":1024,"height":1024,"url":"https:\/\/hubsch-interior.com\/wp-content\/uploads\/2026\/02\/arch-dining-chair-black-d575fc5ab556b8a4161a6a716397a436.jpg","type":"image\/jpeg"}],"twitter_card":"summary_large_image","twitter_misc":{"Gesch\u00e4tzte Lesezeit":"1\u00a0Minute"},"schema":{"@context":"https:\/\/schema.org","@graph":[{"@type":"WebPage","@id":"https:\/\/hubsch-interior.com\/de\/produkt\/arch-esszimmerstuhl-schwarz-3\/","url":"https:\/\/hubsch-interior.com\/de\/produkt\/arch-esszimmerstuhl-schwarz-3\/","name":"Arch Esszimmerstuhl Schwarz - H\u00fcbsch","isPartOf":{"@id":"https:\/\/hubsch-interior.com\/de\/#website"},"primaryImageOfPage":{"@id":"https:\/\/hubsch-interior.com\/de\/produkt\/arch-esszimmerstuhl-schwarz-3\/#primaryimage"},"image":{"@id":"https:\/\/hubsch-interior.com\/de\/produkt\/arch-esszimmerstuhl-schwarz-3\/#primaryimage"},"thumbnailUrl":"https:\/\/hubsch-interior.com\/wp-content\/uploads\/2026\/02\/arch-dining-chair-black-d575fc5ab556b8a4161a6a716397a436.jpg","datePublished":"2025-03-10T12:21:20+00:00","dateModified":"2026-04-09T02:33:50+00:00","description":"Der Arch Esszimmerstuhl ist eine moderne Variante eines zeitlosen Klassikers. Dieser elegante Stuhl ist in drei atemberaubenden Varianten erh\u00e4ltlich,","breadcrumb":{"@id":"https:\/\/hubsch-interior.com\/de\/produkt\/arch-esszimmerstuhl-schwarz-3\/#breadcrumb"},"inLanguage":"de","potentialAction":[{"@type":"ReadAction","target":["https:\/\/hubsch-interior.com\/de\/produkt\/arch-esszimmerstuhl-schwarz-3\/"]}]},{"@type":"ImageObject","inLanguage":"de","@id":"https:\/\/hubsch-interior.com\/de\/produkt\/arch-esszimmerstuhl-schwarz-3\/#primaryimage","url":"https:\/\/hubsch-interior.com\/wp-content\/uploads\/2026\/02\/arch-dining-chair-black-d575fc5ab556b8a4161a6a716397a436.jpg","contentUrl":"https:\/\/hubsch-interior.com\/wp-content\/uploads\/2026\/02\/arch-dining-chair-black-d575fc5ab556b8a4161a6a716397a436.jpg","width":1024,"height":1024},{"@type":"BreadcrumbList","@id":"https:\/\/hubsch-interior.com\/de\/produkt\/arch-esszimmerstuhl-schwarz-3\/#breadcrumb","itemListElement":[{"@type":"ListItem","position":1,"name":"Startseite","item":"https:\/\/hubsch-interior.com\/de\/"},{"@type":"ListItem","position":2,"name":"Produkte","item":"https:\/\/hubsch-interior.com\/de\/shop-2\/"},{"@type":"ListItem","position":3,"name":"M\u00f6bel","item":"https:\/\/hubsch-interior.com\/de\/produkt-kategorie\/moebel\/"},{"@type":"ListItem","position":4,"name":"Sitzm&ouml;bel","item":"https:\/\/hubsch-interior.com\/de\/produkt-kategorie\/moebel\/sitzmoebel-de\/"},{"@type":"ListItem","position":5,"name":"Esszimmerst&uuml;hle","item":"https:\/\/hubsch-interior.com\/de\/produkt-kategorie\/moebel\/sitzmoebel-de\/esszimmerstuehle-de\/"},{"@type":"ListItem","position":6,"name":"Arch Esszimmerstuhl Schwarz"}]},{"@type":"WebSite","@id":"https:\/\/hubsch-interior.com\/de\/#website","url":"https:\/\/hubsch-interior.com\/de\/","name":"H\u00fcbsch","description":"Danish Home Interior and Design","publisher":{"@id":"https:\/\/hubsch-interior.com\/de\/#organization"},"potentialAction":[{"@type":"SearchAction","target":{"@type":"EntryPoint","urlTemplate":"https:\/\/hubsch-interior.com\/de\/?s={search_term_string}"},"query-input":{"@type":"PropertyValueSpecification","valueRequired":true,"valueName":"search_term_string"}}],"inLanguage":"de"},{"@type":"Organization","@id":"https:\/\/hubsch-interior.com\/de\/#organization","name":"H\u00fcbsch","url":"https:\/\/hubsch-interior.com\/de\/","logo":{"@type":"ImageObject","inLanguage":"de","@id":"https:\/\/hubsch-interior.com\/de\/#\/schema\/logo\/image\/","url":"https:\/\/hubsch-interior.com\/wp-content\/uploads\/2022\/12\/Hubsch_logo_black_one_line.svg","contentUrl":"https:\/\/hubsch-interior.com\/wp-content\/uploads\/2022\/12\/Hubsch_logo_black_one_line.svg","caption":"H\u00fcbsch"},"image":{"@id":"https:\/\/hubsch-interior.com\/de\/#\/schema\/logo\/image\/"}}]}},"_links":{"self":[{"href":"https:\/\/hubsch-interior.com\/de\/wp-json\/wp\/v2\/product\/1013538","targetHints":{"allow":["GET"]}}],"collection":[{"href":"https:\/\/hubsch-interior.com\/de\/wp-json\/wp\/v2\/product"}],"about":[{"href":"https:\/\/hubsch-interior.com\/de\/wp-json\/wp\/v2\/types\/product"}],"wp:featuredmedia":[{"embeddable":true,"href":"https:\/\/hubsch-interior.com\/de\/wp-json\/wp\/v2\/media\/1097883"}],"wp:attachment":[{"href":"https:\/\/hubsch-interior.com\/de\/wp-json\/wp\/v2\/media?parent=1013538"}],"wp:term":[{"taxonomy":"product_brand","embeddable":true,"href":"https:\/\/hubsch-interior.com\/de\/wp-json\/wp\/v2\/product_brand?post=1013538"},{"taxonomy":"product_cat","embeddable":true,"href":"https:\/\/hubsch-interior.com\/de\/wp-json\/wp\/v2\/product_cat?post=1013538"},{"taxonomy":"product_tag","embeddable":true,"href":"https:\/\/hubsch-interior.com\/de\/wp-json\/wp\/v2\/product_tag?post=1013538"}],"curies":[{"name":"wp","href":"https:\/\/api.w.org\/{rel}","templated":true}]}}