{"id":1013582,"date":"2025-03-10T13:21:27","date_gmt":"2025-03-10T12:21:27","guid":{"rendered":"https:\/\/hubsch-interior.com\/product\/product\/"},"modified":"2026-04-09T04:33:55","modified_gmt":"2026-04-09T02:33:55","slug":"arch-esszimmerstuhl-naturfarben","status":"publish","type":"product","link":"https:\/\/hubsch-interior.com\/de\/produkt\/arch-esszimmerstuhl-naturfarben\/","title":{"rendered":"Arch Esszimmerstuhl Naturfarben"},"content":{"rendered":"<p>Entdecken Sie die Neuauflage eines fr\u00fcheren Bestsellers, jetzt verf\u00fcgbar in sechs bezaubernden Varianten. Dieses spezielle Modell zeichnet sich durch eine reiche, Eschenfurnier-Oberfl\u00e4che aus, die zeitlose und moderne \u00c4sthetik m\u00fchelos vereint. Gefertigt aus FSC-zertifiziertem Holz mit eleganten Metallakzenten, verspricht sein langlebiges Design sowohl Langlebigkeit als auch Stil. Ideal f\u00fcr jeden Raum, sorgt seine st\u00fctzende R\u00fcckenlehne f\u00fcr Komfort, w\u00e4hrend die stapelbare und kompakte Form eine einfache Lagerung erm\u00f6glicht. Eine perfekte Wahl, um Ihr Zuhause mit sowohl Funktionalit\u00e4t als auch Eleganz zu bereichern.<\/p>\n","protected":false},"excerpt":{"rendered":"<p>Entdecken Sie die Neuauflage eines fr\u00fcheren Bestsellers, jetzt verf\u00fcgbar in sechs bezaubernden Varianten. Dieses spezielle Modell zeichnet sich durch eine reiche, Eschenfurnier-Oberfl\u00e4che aus, die zeitlose und moderne \u00c4sthetik m\u00fchelos vereint. Gefertigt aus FSC-zertifiziertem Holz mit eleganten Metallakzenten, verspricht sein langlebiges Design sowohl Langlebigkeit als auch Stil. Ideal f\u00fcr jeden Raum, sorgt seine st\u00fctzende R\u00fcckenlehne f\u00fcr [&hellip;]<\/p>\n","protected":false},"featured_media":1097907,"template":"","meta":{"_acf_changed":false,"inline_featured_image":false},"product_brand":[],"product_cat":[6998,6323,2845,2846,5031],"product_tag":[],"class_list":{"0":"post-1013582","1":"product","2":"type-product","3":"status-publish","4":"has-post-thumbnail","6":"product_cat-the-buzz-de","7":"product_cat-fsc-de","8":"product_cat-sitzmoebel-de","9":"product_cat-esszimmerstuehle-de","10":"product_cat-wieder-auf-lager-de","11":"product_shipping_class-p05","13":"pa_material-eisen-de","14":"pa_material-eschefurnier","16":"first","17":"instock","18":"taxable","19":"shipping-taxable","20":"purchasable","21":"product-type-simple"},"exclude_global_add_ons":[],"addons":[],"acf":[],"yoast_head":"<!-- This site is optimized with the Yoast SEO plugin v26.4 - https:\/\/yoast.com\/wordpress\/plugins\/seo\/ -->\n<title>Arch Esszimmerstuhl Naturfarben - H\u00fcbsch<\/title>\n<meta name=\"description\" content=\"Entdecken Sie die Neuauflage eines fr\u00fcheren Bestsellers, jetzt verf\u00fcgbar in sechs bezaubernden Varianten. Dieses spezielle Modell zeichnet sich durch eine\" \/>\n<meta name=\"robots\" content=\"index, follow, max-snippet:-1, max-image-preview:large, max-video-preview:-1\" \/>\n<link rel=\"canonical\" href=\"https:\/\/hubsch-interior.com\/de\/wp-json\/wp\/v2\/product\/1013582\" \/>\n<meta property=\"og:locale\" content=\"de_DE\" \/>\n<meta property=\"og:type\" content=\"article\" \/>\n<meta property=\"og:title\" content=\"Arch Esszimmerstuhl Naturfarben - H\u00fcbsch\" \/>\n<meta property=\"og:description\" content=\"Entdecken Sie die Neuauflage eines fr\u00fcheren Bestsellers, jetzt verf\u00fcgbar in sechs bezaubernden Varianten. Dieses spezielle Modell zeichnet sich durch eine\" \/>\n<meta property=\"og:url\" content=\"https:\/\/hubsch-interior.com\/de\/produkt\/arch-esszimmerstuhl-naturfarben\/\" \/>\n<meta property=\"og:site_name\" content=\"H\u00fcbsch\" \/>\n<meta property=\"article:modified_time\" content=\"2026-04-09T02:33:55+00:00\" \/>\n<meta property=\"og:image\" content=\"https:\/\/hubsch-interior.com\/wp-content\/uploads\/2026\/02\/arch-dining-chair-natural-0fc2353b01d920eb80c096ccca577099.jpg\" \/>\n\t<meta property=\"og:image:width\" content=\"1024\" \/>\n\t<meta property=\"og:image:height\" content=\"1024\" \/>\n\t<meta property=\"og:image:type\" content=\"image\/jpeg\" \/>\n<meta name=\"twitter:card\" content=\"summary_large_image\" \/>\n<script type=\"application\/ld+json\" class=\"yoast-schema-graph\">{\"@context\":\"https:\/\/schema.org\",\"@graph\":[{\"@type\":\"WebPage\",\"@id\":\"https:\/\/hubsch-interior.com\/de\/produkt\/arch-esszimmerstuhl-naturfarben\/\",\"url\":\"https:\/\/hubsch-interior.com\/de\/produkt\/arch-esszimmerstuhl-naturfarben\/\",\"name\":\"Arch Esszimmerstuhl Naturfarben - H\u00fcbsch\",\"isPartOf\":{\"@id\":\"https:\/\/hubsch-interior.com\/de\/#website\"},\"primaryImageOfPage\":{\"@id\":\"https:\/\/hubsch-interior.com\/de\/produkt\/arch-esszimmerstuhl-naturfarben\/#primaryimage\"},\"image\":{\"@id\":\"https:\/\/hubsch-interior.com\/de\/produkt\/arch-esszimmerstuhl-naturfarben\/#primaryimage\"},\"thumbnailUrl\":\"https:\/\/hubsch-interior.com\/wp-content\/uploads\/2026\/02\/arch-dining-chair-natural-0fc2353b01d920eb80c096ccca577099.jpg\",\"datePublished\":\"2025-03-10T12:21:27+00:00\",\"dateModified\":\"2026-04-09T02:33:55+00:00\",\"description\":\"Entdecken Sie die Neuauflage eines fr\u00fcheren Bestsellers, jetzt verf\u00fcgbar in sechs bezaubernden Varianten. Dieses spezielle Modell zeichnet sich durch eine\",\"breadcrumb\":{\"@id\":\"https:\/\/hubsch-interior.com\/de\/produkt\/arch-esszimmerstuhl-naturfarben\/#breadcrumb\"},\"inLanguage\":\"de\",\"potentialAction\":[{\"@type\":\"ReadAction\",\"target\":[\"https:\/\/hubsch-interior.com\/de\/produkt\/arch-esszimmerstuhl-naturfarben\/\"]}]},{\"@type\":\"ImageObject\",\"inLanguage\":\"de\",\"@id\":\"https:\/\/hubsch-interior.com\/de\/produkt\/arch-esszimmerstuhl-naturfarben\/#primaryimage\",\"url\":\"https:\/\/hubsch-interior.com\/wp-content\/uploads\/2026\/02\/arch-dining-chair-natural-0fc2353b01d920eb80c096ccca577099.jpg\",\"contentUrl\":\"https:\/\/hubsch-interior.com\/wp-content\/uploads\/2026\/02\/arch-dining-chair-natural-0fc2353b01d920eb80c096ccca577099.jpg\",\"width\":1024,\"height\":1024},{\"@type\":\"BreadcrumbList\",\"@id\":\"https:\/\/hubsch-interior.com\/de\/produkt\/arch-esszimmerstuhl-naturfarben\/#breadcrumb\",\"itemListElement\":[{\"@type\":\"ListItem\",\"position\":1,\"name\":\"Startseite\",\"item\":\"https:\/\/hubsch-interior.com\/de\/\"},{\"@type\":\"ListItem\",\"position\":2,\"name\":\"Produkte\",\"item\":\"https:\/\/hubsch-interior.com\/de\/shop-2\/\"},{\"@type\":\"ListItem\",\"position\":3,\"name\":\"M\u00f6bel\",\"item\":\"https:\/\/hubsch-interior.com\/de\/produkt-kategorie\/moebel\/\"},{\"@type\":\"ListItem\",\"position\":4,\"name\":\"Sitzm&ouml;bel\",\"item\":\"https:\/\/hubsch-interior.com\/de\/produkt-kategorie\/moebel\/sitzmoebel-de\/\"},{\"@type\":\"ListItem\",\"position\":5,\"name\":\"Esszimmerst&uuml;hle\",\"item\":\"https:\/\/hubsch-interior.com\/de\/produkt-kategorie\/moebel\/sitzmoebel-de\/esszimmerstuehle-de\/\"},{\"@type\":\"ListItem\",\"position\":6,\"name\":\"Arch Esszimmerstuhl Naturfarben\"}]},{\"@type\":\"WebSite\",\"@id\":\"https:\/\/hubsch-interior.com\/de\/#website\",\"url\":\"https:\/\/hubsch-interior.com\/de\/\",\"name\":\"H\u00fcbsch\",\"description\":\"Danish Home Interior and Design\",\"publisher\":{\"@id\":\"https:\/\/hubsch-interior.com\/de\/#organization\"},\"potentialAction\":[{\"@type\":\"SearchAction\",\"target\":{\"@type\":\"EntryPoint\",\"urlTemplate\":\"https:\/\/hubsch-interior.com\/de\/?s={search_term_string}\"},\"query-input\":{\"@type\":\"PropertyValueSpecification\",\"valueRequired\":true,\"valueName\":\"search_term_string\"}}],\"inLanguage\":\"de\"},{\"@type\":\"Organization\",\"@id\":\"https:\/\/hubsch-interior.com\/de\/#organization\",\"name\":\"H\u00fcbsch\",\"url\":\"https:\/\/hubsch-interior.com\/de\/\",\"logo\":{\"@type\":\"ImageObject\",\"inLanguage\":\"de\",\"@id\":\"https:\/\/hubsch-interior.com\/de\/#\/schema\/logo\/image\/\",\"url\":\"https:\/\/hubsch-interior.com\/wp-content\/uploads\/2022\/12\/Hubsch_logo_black_one_line.svg\",\"contentUrl\":\"https:\/\/hubsch-interior.com\/wp-content\/uploads\/2022\/12\/Hubsch_logo_black_one_line.svg\",\"caption\":\"H\u00fcbsch\"},\"image\":{\"@id\":\"https:\/\/hubsch-interior.com\/de\/#\/schema\/logo\/image\/\"}}]}<\/script>\n<!-- \/ Yoast SEO plugin. -->","yoast_head_json":{"title":"Arch Esszimmerstuhl Naturfarben - H\u00fcbsch","description":"Entdecken Sie die Neuauflage eines fr\u00fcheren Bestsellers, jetzt verf\u00fcgbar in sechs bezaubernden Varianten. Dieses spezielle Modell zeichnet sich durch eine","robots":{"index":"index","follow":"follow","max-snippet":"max-snippet:-1","max-image-preview":"max-image-preview:large","max-video-preview":"max-video-preview:-1"},"canonical":"https:\/\/hubsch-interior.com\/de\/wp-json\/wp\/v2\/product\/1013582","og_locale":"de_DE","og_type":"article","og_title":"Arch Esszimmerstuhl Naturfarben - H\u00fcbsch","og_description":"Entdecken Sie die Neuauflage eines fr\u00fcheren Bestsellers, jetzt verf\u00fcgbar in sechs bezaubernden Varianten. Dieses spezielle Modell zeichnet sich durch eine","og_url":"https:\/\/hubsch-interior.com\/de\/produkt\/arch-esszimmerstuhl-naturfarben\/","og_site_name":"H\u00fcbsch","article_modified_time":"2026-04-09T02:33:55+00:00","og_image":[{"width":1024,"height":1024,"url":"https:\/\/hubsch-interior.com\/wp-content\/uploads\/2026\/02\/arch-dining-chair-natural-0fc2353b01d920eb80c096ccca577099.jpg","type":"image\/jpeg"}],"twitter_card":"summary_large_image","schema":{"@context":"https:\/\/schema.org","@graph":[{"@type":"WebPage","@id":"https:\/\/hubsch-interior.com\/de\/produkt\/arch-esszimmerstuhl-naturfarben\/","url":"https:\/\/hubsch-interior.com\/de\/produkt\/arch-esszimmerstuhl-naturfarben\/","name":"Arch Esszimmerstuhl Naturfarben - H\u00fcbsch","isPartOf":{"@id":"https:\/\/hubsch-interior.com\/de\/#website"},"primaryImageOfPage":{"@id":"https:\/\/hubsch-interior.com\/de\/produkt\/arch-esszimmerstuhl-naturfarben\/#primaryimage"},"image":{"@id":"https:\/\/hubsch-interior.com\/de\/produkt\/arch-esszimmerstuhl-naturfarben\/#primaryimage"},"thumbnailUrl":"https:\/\/hubsch-interior.com\/wp-content\/uploads\/2026\/02\/arch-dining-chair-natural-0fc2353b01d920eb80c096ccca577099.jpg","datePublished":"2025-03-10T12:21:27+00:00","dateModified":"2026-04-09T02:33:55+00:00","description":"Entdecken Sie die Neuauflage eines fr\u00fcheren Bestsellers, jetzt verf\u00fcgbar in sechs bezaubernden Varianten. Dieses spezielle Modell zeichnet sich durch eine","breadcrumb":{"@id":"https:\/\/hubsch-interior.com\/de\/produkt\/arch-esszimmerstuhl-naturfarben\/#breadcrumb"},"inLanguage":"de","potentialAction":[{"@type":"ReadAction","target":["https:\/\/hubsch-interior.com\/de\/produkt\/arch-esszimmerstuhl-naturfarben\/"]}]},{"@type":"ImageObject","inLanguage":"de","@id":"https:\/\/hubsch-interior.com\/de\/produkt\/arch-esszimmerstuhl-naturfarben\/#primaryimage","url":"https:\/\/hubsch-interior.com\/wp-content\/uploads\/2026\/02\/arch-dining-chair-natural-0fc2353b01d920eb80c096ccca577099.jpg","contentUrl":"https:\/\/hubsch-interior.com\/wp-content\/uploads\/2026\/02\/arch-dining-chair-natural-0fc2353b01d920eb80c096ccca577099.jpg","width":1024,"height":1024},{"@type":"BreadcrumbList","@id":"https:\/\/hubsch-interior.com\/de\/produkt\/arch-esszimmerstuhl-naturfarben\/#breadcrumb","itemListElement":[{"@type":"ListItem","position":1,"name":"Startseite","item":"https:\/\/hubsch-interior.com\/de\/"},{"@type":"ListItem","position":2,"name":"Produkte","item":"https:\/\/hubsch-interior.com\/de\/shop-2\/"},{"@type":"ListItem","position":3,"name":"M\u00f6bel","item":"https:\/\/hubsch-interior.com\/de\/produkt-kategorie\/moebel\/"},{"@type":"ListItem","position":4,"name":"Sitzm&ouml;bel","item":"https:\/\/hubsch-interior.com\/de\/produkt-kategorie\/moebel\/sitzmoebel-de\/"},{"@type":"ListItem","position":5,"name":"Esszimmerst&uuml;hle","item":"https:\/\/hubsch-interior.com\/de\/produkt-kategorie\/moebel\/sitzmoebel-de\/esszimmerstuehle-de\/"},{"@type":"ListItem","position":6,"name":"Arch Esszimmerstuhl Naturfarben"}]},{"@type":"WebSite","@id":"https:\/\/hubsch-interior.com\/de\/#website","url":"https:\/\/hubsch-interior.com\/de\/","name":"H\u00fcbsch","description":"Danish Home Interior and Design","publisher":{"@id":"https:\/\/hubsch-interior.com\/de\/#organization"},"potentialAction":[{"@type":"SearchAction","target":{"@type":"EntryPoint","urlTemplate":"https:\/\/hubsch-interior.com\/de\/?s={search_term_string}"},"query-input":{"@type":"PropertyValueSpecification","valueRequired":true,"valueName":"search_term_string"}}],"inLanguage":"de"},{"@type":"Organization","@id":"https:\/\/hubsch-interior.com\/de\/#organization","name":"H\u00fcbsch","url":"https:\/\/hubsch-interior.com\/de\/","logo":{"@type":"ImageObject","inLanguage":"de","@id":"https:\/\/hubsch-interior.com\/de\/#\/schema\/logo\/image\/","url":"https:\/\/hubsch-interior.com\/wp-content\/uploads\/2022\/12\/Hubsch_logo_black_one_line.svg","contentUrl":"https:\/\/hubsch-interior.com\/wp-content\/uploads\/2022\/12\/Hubsch_logo_black_one_line.svg","caption":"H\u00fcbsch"},"image":{"@id":"https:\/\/hubsch-interior.com\/de\/#\/schema\/logo\/image\/"}}]}},"_links":{"self":[{"href":"https:\/\/hubsch-interior.com\/de\/wp-json\/wp\/v2\/product\/1013582","targetHints":{"allow":["GET"]}}],"collection":[{"href":"https:\/\/hubsch-interior.com\/de\/wp-json\/wp\/v2\/product"}],"about":[{"href":"https:\/\/hubsch-interior.com\/de\/wp-json\/wp\/v2\/types\/product"}],"wp:featuredmedia":[{"embeddable":true,"href":"https:\/\/hubsch-interior.com\/de\/wp-json\/wp\/v2\/media\/1097907"}],"wp:attachment":[{"href":"https:\/\/hubsch-interior.com\/de\/wp-json\/wp\/v2\/media?parent=1013582"}],"wp:term":[{"taxonomy":"product_brand","embeddable":true,"href":"https:\/\/hubsch-interior.com\/de\/wp-json\/wp\/v2\/product_brand?post=1013582"},{"taxonomy":"product_cat","embeddable":true,"href":"https:\/\/hubsch-interior.com\/de\/wp-json\/wp\/v2\/product_cat?post=1013582"},{"taxonomy":"product_tag","embeddable":true,"href":"https:\/\/hubsch-interior.com\/de\/wp-json\/wp\/v2\/product_tag?post=1013582"}],"curies":[{"name":"wp","href":"https:\/\/api.w.org\/{rel}","templated":true}]}}