{"id":1013622,"date":"2025-03-10T14:22:15","date_gmt":"2025-03-10T13:22:15","guid":{"rendered":"https:\/\/hubsch-interior.com\/product\/product\/"},"modified":"2026-04-05T04:59:27","modified_gmt":"2026-04-05T02:59:27","slug":"forma-esszimmerstuhl-naturfarben","status":"publish","type":"product","link":"https:\/\/hubsch-interior.com\/de\/produkt\/forma-esszimmerstuhl-naturfarben\/","title":{"rendered":"Forma Esszimmerstuhl Naturfarben"},"content":{"rendered":"<p>Wir pr\u00e4sentieren den Forma Esszimmerstuhl, die perfekte Verbindung von Funktion und Stil f\u00fcr Ihren Essbereich. Gefertigt aus FSC-zertifiziertem Eichenholz und Furnier, besticht dieser Stuhl durch seinen nat\u00fcrlichen Farbton, der W\u00e4rme und Eleganz ausstrahlt. Seine k\u00fchne Form und stabile Konstruktion versprechen langanhaltenden Komfort und Unterst\u00fctzung. Als stapelbarer Esszimmerstuhl spart er nicht nur Platz, sondern bietet auch eine skulpturale \u00c4sthetik, wenn er gestapelt wird, und f\u00fcgt jedem Interieur eine k\u00fcnstlerische Note hinzu. Er ist ideal f\u00fcr Zusammenk\u00fcnfte und sorgt daf\u00fcr, dass Ihre Sitzgelegenheiten ebenso stilvoll wie praktisch sind.<\/p>\n","protected":false},"excerpt":{"rendered":"<p>Wir pr\u00e4sentieren den Forma Esszimmerstuhl, die perfekte Verbindung von Funktion und Stil f\u00fcr Ihren Essbereich. Gefertigt aus FSC-zertifiziertem Eichenholz und Furnier, besticht dieser Stuhl durch seinen nat\u00fcrlichen Farbton, der W\u00e4rme und Eleganz ausstrahlt. Seine k\u00fchne Form und stabile Konstruktion versprechen langanhaltenden Komfort und Unterst\u00fctzung. Als stapelbarer Esszimmerstuhl spart er nicht nur Platz, sondern bietet auch [&hellip;]<\/p>\n","protected":false},"featured_media":1104881,"template":"","meta":{"_acf_changed":false,"inline_featured_image":false},"product_brand":[],"product_cat":[5027,2846,3042,2845,6998],"product_tag":[],"class_list":{"0":"post-1013622","1":"product","2":"type-product","3":"status-publish","4":"has-post-thumbnail","6":"product_cat-bestsellers-de","7":"product_cat-esszimmerstuehle-de","8":"product_cat-hocker-de","9":"product_cat-sitzmoebel-de","10":"product_cat-the-buzz-de","11":"product_shipping_class-pk","13":"pa_color-naturfarben-2","14":"pa_material-eichenfurnier","15":"pa_material-eichenholz","16":"pa_material-sperrholz","18":"first","19":"outofstock","20":"featured","21":"taxable","22":"shipping-taxable","23":"purchasable","24":"product-type-simple"},"exclude_global_add_ons":[],"addons":[],"acf":[],"yoast_head":"<!-- This site is optimized with the Yoast SEO plugin v26.4 - https:\/\/yoast.com\/wordpress\/plugins\/seo\/ -->\n<title>Forma Esszimmerstuhl Naturfarben - H\u00fcbsch<\/title>\n<meta name=\"description\" content=\"Wir pr\u00e4sentieren den Forma Esszimmerstuhl, die perfekte Verbindung von Funktion und Stil f\u00fcr Ihren Essbereich. Gefertigt aus FSC-zertifiziertem Eichenholz\" \/>\n<meta name=\"robots\" content=\"index, follow, max-snippet:-1, max-image-preview:large, max-video-preview:-1\" \/>\n<link rel=\"canonical\" href=\"https:\/\/hubsch-interior.com\/de\/wp-json\/wp\/v2\/product\/1013622\" \/>\n<meta property=\"og:locale\" content=\"de_DE\" \/>\n<meta property=\"og:type\" content=\"article\" \/>\n<meta property=\"og:title\" content=\"Forma Esszimmerstuhl Naturfarben - H\u00fcbsch\" \/>\n<meta property=\"og:description\" content=\"Wir pr\u00e4sentieren den Forma Esszimmerstuhl, die perfekte Verbindung von Funktion und Stil f\u00fcr Ihren Essbereich. Gefertigt aus FSC-zertifiziertem Eichenholz\" \/>\n<meta property=\"og:url\" content=\"https:\/\/hubsch-interior.com\/de\/produkt\/forma-esszimmerstuhl-naturfarben\/\" \/>\n<meta property=\"og:site_name\" content=\"H\u00fcbsch\" \/>\n<meta property=\"article:modified_time\" content=\"2026-04-05T02:59:27+00:00\" \/>\n<meta property=\"og:image\" content=\"https:\/\/hubsch-interior.com\/wp-content\/uploads\/2025\/04\/forma-dining-chair-natural-ad56498094339c12ecc297bee9524f32.jpg\" \/>\n\t<meta property=\"og:image:width\" content=\"1200\" \/>\n\t<meta property=\"og:image:height\" content=\"1200\" \/>\n\t<meta property=\"og:image:type\" content=\"image\/jpeg\" \/>\n<meta name=\"twitter:card\" content=\"summary_large_image\" \/>\n<script type=\"application\/ld+json\" class=\"yoast-schema-graph\">{\"@context\":\"https:\/\/schema.org\",\"@graph\":[{\"@type\":\"WebPage\",\"@id\":\"https:\/\/hubsch-interior.com\/de\/produkt\/forma-esszimmerstuhl-naturfarben\/\",\"url\":\"https:\/\/hubsch-interior.com\/de\/produkt\/forma-esszimmerstuhl-naturfarben\/\",\"name\":\"Forma Esszimmerstuhl Naturfarben - H\u00fcbsch\",\"isPartOf\":{\"@id\":\"https:\/\/hubsch-interior.com\/de\/#website\"},\"primaryImageOfPage\":{\"@id\":\"https:\/\/hubsch-interior.com\/de\/produkt\/forma-esszimmerstuhl-naturfarben\/#primaryimage\"},\"image\":{\"@id\":\"https:\/\/hubsch-interior.com\/de\/produkt\/forma-esszimmerstuhl-naturfarben\/#primaryimage\"},\"thumbnailUrl\":\"https:\/\/hubsch-interior.com\/wp-content\/uploads\/2026\/02\/forma-dining-chair-natural-6c8aa3e57d5d7efad8cdde5d5566bf11.jpg\",\"datePublished\":\"2025-03-10T13:22:15+00:00\",\"dateModified\":\"2026-04-05T02:59:27+00:00\",\"description\":\"Wir pr\u00e4sentieren den Forma Esszimmerstuhl, die perfekte Verbindung von Funktion und Stil f\u00fcr Ihren Essbereich. Gefertigt aus FSC-zertifiziertem Eichenholz\",\"breadcrumb\":{\"@id\":\"https:\/\/hubsch-interior.com\/de\/produkt\/forma-esszimmerstuhl-naturfarben\/#breadcrumb\"},\"inLanguage\":\"de\",\"potentialAction\":[{\"@type\":\"ReadAction\",\"target\":[\"https:\/\/hubsch-interior.com\/de\/produkt\/forma-esszimmerstuhl-naturfarben\/\"]}]},{\"@type\":\"ImageObject\",\"inLanguage\":\"de\",\"@id\":\"https:\/\/hubsch-interior.com\/de\/produkt\/forma-esszimmerstuhl-naturfarben\/#primaryimage\",\"url\":\"https:\/\/hubsch-interior.com\/wp-content\/uploads\/2026\/02\/forma-dining-chair-natural-6c8aa3e57d5d7efad8cdde5d5566bf11.jpg\",\"contentUrl\":\"https:\/\/hubsch-interior.com\/wp-content\/uploads\/2026\/02\/forma-dining-chair-natural-6c8aa3e57d5d7efad8cdde5d5566bf11.jpg\",\"width\":1024,\"height\":1024},{\"@type\":\"BreadcrumbList\",\"@id\":\"https:\/\/hubsch-interior.com\/de\/produkt\/forma-esszimmerstuhl-naturfarben\/#breadcrumb\",\"itemListElement\":[{\"@type\":\"ListItem\",\"position\":1,\"name\":\"Startseite\",\"item\":\"https:\/\/hubsch-interior.com\/de\/\"},{\"@type\":\"ListItem\",\"position\":2,\"name\":\"Produkte\",\"item\":\"https:\/\/hubsch-interior.com\/de\/shop-2\/\"},{\"@type\":\"ListItem\",\"position\":3,\"name\":\"M\u00f6bel\",\"item\":\"https:\/\/hubsch-interior.com\/de\/produkt-kategorie\/moebel\/\"},{\"@type\":\"ListItem\",\"position\":4,\"name\":\"Sitzm&ouml;bel\",\"item\":\"https:\/\/hubsch-interior.com\/de\/produkt-kategorie\/moebel\/sitzmoebel-de\/\"},{\"@type\":\"ListItem\",\"position\":5,\"name\":\"Hocker\",\"item\":\"https:\/\/hubsch-interior.com\/de\/produkt-kategorie\/moebel\/sitzmoebel-de\/hocker-de\/\"},{\"@type\":\"ListItem\",\"position\":6,\"name\":\"Forma Esszimmerstuhl Naturfarben\"}]},{\"@type\":\"WebSite\",\"@id\":\"https:\/\/hubsch-interior.com\/de\/#website\",\"url\":\"https:\/\/hubsch-interior.com\/de\/\",\"name\":\"H\u00fcbsch\",\"description\":\"Danish Home Interior and Design\",\"publisher\":{\"@id\":\"https:\/\/hubsch-interior.com\/de\/#organization\"},\"potentialAction\":[{\"@type\":\"SearchAction\",\"target\":{\"@type\":\"EntryPoint\",\"urlTemplate\":\"https:\/\/hubsch-interior.com\/de\/?s={search_term_string}\"},\"query-input\":{\"@type\":\"PropertyValueSpecification\",\"valueRequired\":true,\"valueName\":\"search_term_string\"}}],\"inLanguage\":\"de\"},{\"@type\":\"Organization\",\"@id\":\"https:\/\/hubsch-interior.com\/de\/#organization\",\"name\":\"H\u00fcbsch\",\"url\":\"https:\/\/hubsch-interior.com\/de\/\",\"logo\":{\"@type\":\"ImageObject\",\"inLanguage\":\"de\",\"@id\":\"https:\/\/hubsch-interior.com\/de\/#\/schema\/logo\/image\/\",\"url\":\"https:\/\/hubsch-interior.com\/wp-content\/uploads\/2022\/12\/Hubsch_logo_black_one_line.svg\",\"contentUrl\":\"https:\/\/hubsch-interior.com\/wp-content\/uploads\/2022\/12\/Hubsch_logo_black_one_line.svg\",\"caption\":\"H\u00fcbsch\"},\"image\":{\"@id\":\"https:\/\/hubsch-interior.com\/de\/#\/schema\/logo\/image\/\"}}]}<\/script>\n<!-- \/ Yoast SEO plugin. -->","yoast_head_json":{"title":"Forma Esszimmerstuhl Naturfarben - H\u00fcbsch","description":"Wir pr\u00e4sentieren den Forma Esszimmerstuhl, die perfekte Verbindung von Funktion und Stil f\u00fcr Ihren Essbereich. Gefertigt aus FSC-zertifiziertem Eichenholz","robots":{"index":"index","follow":"follow","max-snippet":"max-snippet:-1","max-image-preview":"max-image-preview:large","max-video-preview":"max-video-preview:-1"},"canonical":"https:\/\/hubsch-interior.com\/de\/wp-json\/wp\/v2\/product\/1013622","og_locale":"de_DE","og_type":"article","og_title":"Forma Esszimmerstuhl Naturfarben - H\u00fcbsch","og_description":"Wir pr\u00e4sentieren den Forma Esszimmerstuhl, die perfekte Verbindung von Funktion und Stil f\u00fcr Ihren Essbereich. Gefertigt aus FSC-zertifiziertem Eichenholz","og_url":"https:\/\/hubsch-interior.com\/de\/produkt\/forma-esszimmerstuhl-naturfarben\/","og_site_name":"H\u00fcbsch","article_modified_time":"2026-04-05T02:59:27+00:00","og_image":[{"width":1200,"height":1200,"url":"https:\/\/hubsch-interior.com\/wp-content\/uploads\/2025\/04\/forma-dining-chair-natural-ad56498094339c12ecc297bee9524f32.jpg","type":"image\/jpeg"}],"twitter_card":"summary_large_image","schema":{"@context":"https:\/\/schema.org","@graph":[{"@type":"WebPage","@id":"https:\/\/hubsch-interior.com\/de\/produkt\/forma-esszimmerstuhl-naturfarben\/","url":"https:\/\/hubsch-interior.com\/de\/produkt\/forma-esszimmerstuhl-naturfarben\/","name":"Forma Esszimmerstuhl Naturfarben - H\u00fcbsch","isPartOf":{"@id":"https:\/\/hubsch-interior.com\/de\/#website"},"primaryImageOfPage":{"@id":"https:\/\/hubsch-interior.com\/de\/produkt\/forma-esszimmerstuhl-naturfarben\/#primaryimage"},"image":{"@id":"https:\/\/hubsch-interior.com\/de\/produkt\/forma-esszimmerstuhl-naturfarben\/#primaryimage"},"thumbnailUrl":"https:\/\/hubsch-interior.com\/wp-content\/uploads\/2026\/02\/forma-dining-chair-natural-6c8aa3e57d5d7efad8cdde5d5566bf11.jpg","datePublished":"2025-03-10T13:22:15+00:00","dateModified":"2026-04-05T02:59:27+00:00","description":"Wir pr\u00e4sentieren den Forma Esszimmerstuhl, die perfekte Verbindung von Funktion und Stil f\u00fcr Ihren Essbereich. Gefertigt aus FSC-zertifiziertem Eichenholz","breadcrumb":{"@id":"https:\/\/hubsch-interior.com\/de\/produkt\/forma-esszimmerstuhl-naturfarben\/#breadcrumb"},"inLanguage":"de","potentialAction":[{"@type":"ReadAction","target":["https:\/\/hubsch-interior.com\/de\/produkt\/forma-esszimmerstuhl-naturfarben\/"]}]},{"@type":"ImageObject","inLanguage":"de","@id":"https:\/\/hubsch-interior.com\/de\/produkt\/forma-esszimmerstuhl-naturfarben\/#primaryimage","url":"https:\/\/hubsch-interior.com\/wp-content\/uploads\/2026\/02\/forma-dining-chair-natural-6c8aa3e57d5d7efad8cdde5d5566bf11.jpg","contentUrl":"https:\/\/hubsch-interior.com\/wp-content\/uploads\/2026\/02\/forma-dining-chair-natural-6c8aa3e57d5d7efad8cdde5d5566bf11.jpg","width":1024,"height":1024},{"@type":"BreadcrumbList","@id":"https:\/\/hubsch-interior.com\/de\/produkt\/forma-esszimmerstuhl-naturfarben\/#breadcrumb","itemListElement":[{"@type":"ListItem","position":1,"name":"Startseite","item":"https:\/\/hubsch-interior.com\/de\/"},{"@type":"ListItem","position":2,"name":"Produkte","item":"https:\/\/hubsch-interior.com\/de\/shop-2\/"},{"@type":"ListItem","position":3,"name":"M\u00f6bel","item":"https:\/\/hubsch-interior.com\/de\/produkt-kategorie\/moebel\/"},{"@type":"ListItem","position":4,"name":"Sitzm&ouml;bel","item":"https:\/\/hubsch-interior.com\/de\/produkt-kategorie\/moebel\/sitzmoebel-de\/"},{"@type":"ListItem","position":5,"name":"Hocker","item":"https:\/\/hubsch-interior.com\/de\/produkt-kategorie\/moebel\/sitzmoebel-de\/hocker-de\/"},{"@type":"ListItem","position":6,"name":"Forma Esszimmerstuhl Naturfarben"}]},{"@type":"WebSite","@id":"https:\/\/hubsch-interior.com\/de\/#website","url":"https:\/\/hubsch-interior.com\/de\/","name":"H\u00fcbsch","description":"Danish Home Interior and Design","publisher":{"@id":"https:\/\/hubsch-interior.com\/de\/#organization"},"potentialAction":[{"@type":"SearchAction","target":{"@type":"EntryPoint","urlTemplate":"https:\/\/hubsch-interior.com\/de\/?s={search_term_string}"},"query-input":{"@type":"PropertyValueSpecification","valueRequired":true,"valueName":"search_term_string"}}],"inLanguage":"de"},{"@type":"Organization","@id":"https:\/\/hubsch-interior.com\/de\/#organization","name":"H\u00fcbsch","url":"https:\/\/hubsch-interior.com\/de\/","logo":{"@type":"ImageObject","inLanguage":"de","@id":"https:\/\/hubsch-interior.com\/de\/#\/schema\/logo\/image\/","url":"https:\/\/hubsch-interior.com\/wp-content\/uploads\/2022\/12\/Hubsch_logo_black_one_line.svg","contentUrl":"https:\/\/hubsch-interior.com\/wp-content\/uploads\/2022\/12\/Hubsch_logo_black_one_line.svg","caption":"H\u00fcbsch"},"image":{"@id":"https:\/\/hubsch-interior.com\/de\/#\/schema\/logo\/image\/"}}]}},"_links":{"self":[{"href":"https:\/\/hubsch-interior.com\/de\/wp-json\/wp\/v2\/product\/1013622","targetHints":{"allow":["GET"]}}],"collection":[{"href":"https:\/\/hubsch-interior.com\/de\/wp-json\/wp\/v2\/product"}],"about":[{"href":"https:\/\/hubsch-interior.com\/de\/wp-json\/wp\/v2\/types\/product"}],"wp:featuredmedia":[{"embeddable":true,"href":"https:\/\/hubsch-interior.com\/de\/wp-json\/wp\/v2\/media\/1104881"}],"wp:attachment":[{"href":"https:\/\/hubsch-interior.com\/de\/wp-json\/wp\/v2\/media?parent=1013622"}],"wp:term":[{"taxonomy":"product_brand","embeddable":true,"href":"https:\/\/hubsch-interior.com\/de\/wp-json\/wp\/v2\/product_brand?post=1013622"},{"taxonomy":"product_cat","embeddable":true,"href":"https:\/\/hubsch-interior.com\/de\/wp-json\/wp\/v2\/product_cat?post=1013622"},{"taxonomy":"product_tag","embeddable":true,"href":"https:\/\/hubsch-interior.com\/de\/wp-json\/wp\/v2\/product_tag?post=1013622"}],"curies":[{"name":"wp","href":"https:\/\/api.w.org\/{rel}","templated":true}]}}