{"id":1013662,"date":"2025-03-10T14:22:25","date_gmt":"2025-03-10T13:22:25","guid":{"rendered":"https:\/\/hubsch-interior.com\/product\/product\/"},"modified":"2026-04-09T04:56:05","modified_gmt":"2026-04-09T02:56:05","slug":"forma-esszimmerstuhl-schwarz","status":"publish","type":"product","link":"https:\/\/hubsch-interior.com\/de\/produkt\/forma-esszimmerstuhl-schwarz\/","title":{"rendered":"Forma Esszimmerstuhl Schwarz"},"content":{"rendered":"<p>Entdecken Sie den stilbildenden Forma Esszimmerstuhl, wo Funktionalit\u00e4t auf Kunst trifft. Gefertigt aus FSC-zertifiziertem Eichenholz und Furnier, pr\u00e4sentiert sich dieses St\u00fcck in elegantem Schwarz und bietet eine markante Form, die jede Esszimmerumgebung aufwertet. Der Stuhl ist nicht nur stark und stabil, was eine langanhaltende Haltbarkeit garantiert, sondern auch stapelbar. Gestapelt nimmt er eine skulpturale Qualit\u00e4t an, die praktische Aufbewahrung in ein visuelles Vergn\u00fcgen verwandelt. G\u00f6nnen Sie sich die Sch\u00f6nheit und Funktionalit\u00e4t des Forma, ein wahres Meisterwerk in Ihrem Essbereich.<\/p>\n","protected":false},"excerpt":{"rendered":"<p>Entdecken Sie den stilbildenden Forma Esszimmerstuhl, wo Funktionalit\u00e4t auf Kunst trifft. Gefertigt aus FSC-zertifiziertem Eichenholz und Furnier, pr\u00e4sentiert sich dieses St\u00fcck in elegantem Schwarz und bietet eine markante Form, die jede Esszimmerumgebung aufwertet. Der Stuhl ist nicht nur stark und stabil, was eine langanhaltende Haltbarkeit garantiert, sondern auch stapelbar. Gestapelt nimmt er eine skulpturale Qualit\u00e4t [&hellip;]<\/p>\n","protected":false},"featured_media":1104921,"template":"","meta":{"_acf_changed":false,"inline_featured_image":false},"product_brand":[],"product_cat":[6998,6323,2845,3042,2846,5027],"product_tag":[],"class_list":{"0":"post-1013662","1":"product","2":"type-product","3":"status-publish","4":"has-post-thumbnail","6":"product_cat-the-buzz-de","7":"product_cat-fsc-de","8":"product_cat-sitzmoebel-de","9":"product_cat-hocker-de","10":"product_cat-esszimmerstuehle-de","11":"product_cat-bestsellers-de","12":"product_shipping_class-pk","14":"pa_color-schwarz","15":"pa_material-eichenfurnier","16":"pa_material-eichenholz","17":"pa_material-sperrholz","19":"first","20":"instock","21":"featured","22":"taxable","23":"shipping-taxable","24":"purchasable","25":"product-type-simple"},"exclude_global_add_ons":[],"addons":[],"acf":[],"yoast_head":"<!-- This site is optimized with the Yoast SEO plugin v26.4 - https:\/\/yoast.com\/wordpress\/plugins\/seo\/ -->\n<title>Forma Esszimmerstuhl Schwarz - H\u00fcbsch<\/title>\n<meta name=\"description\" content=\"Entdecken Sie den stilbildenden Forma Esszimmerstuhl, wo Funktionalit\u00e4t auf Kunst trifft. Gefertigt aus FSC-zertifiziertem Eichenholz und Furnier,\" \/>\n<meta name=\"robots\" content=\"index, follow, max-snippet:-1, max-image-preview:large, max-video-preview:-1\" \/>\n<link rel=\"canonical\" href=\"https:\/\/hubsch-interior.com\/de\/wp-json\/wp\/v2\/product\/1013662\" \/>\n<meta property=\"og:locale\" content=\"de_DE\" \/>\n<meta property=\"og:type\" content=\"article\" \/>\n<meta property=\"og:title\" content=\"Forma Esszimmerstuhl Schwarz - H\u00fcbsch\" \/>\n<meta property=\"og:description\" content=\"Entdecken Sie den stilbildenden Forma Esszimmerstuhl, wo Funktionalit\u00e4t auf Kunst trifft. Gefertigt aus FSC-zertifiziertem Eichenholz und Furnier,\" \/>\n<meta property=\"og:url\" content=\"https:\/\/hubsch-interior.com\/de\/produkt\/forma-esszimmerstuhl-schwarz\/\" \/>\n<meta property=\"og:site_name\" content=\"H\u00fcbsch\" \/>\n<meta property=\"article:modified_time\" content=\"2026-04-09T02:56:05+00:00\" \/>\n<meta property=\"og:image\" content=\"https:\/\/hubsch-interior.com\/wp-content\/uploads\/2025\/04\/forma-dining-chair-black-d3ce37fa6b27cbca560fbb083c34ebd1.jpg\" \/>\n\t<meta property=\"og:image:width\" content=\"1200\" \/>\n\t<meta property=\"og:image:height\" content=\"1200\" \/>\n\t<meta property=\"og:image:type\" content=\"image\/jpeg\" \/>\n<meta name=\"twitter:card\" content=\"summary_large_image\" \/>\n<script type=\"application\/ld+json\" class=\"yoast-schema-graph\">{\"@context\":\"https:\/\/schema.org\",\"@graph\":[{\"@type\":\"WebPage\",\"@id\":\"https:\/\/hubsch-interior.com\/de\/produkt\/forma-esszimmerstuhl-schwarz\/\",\"url\":\"https:\/\/hubsch-interior.com\/de\/produkt\/forma-esszimmerstuhl-schwarz\/\",\"name\":\"Forma Esszimmerstuhl Schwarz - H\u00fcbsch\",\"isPartOf\":{\"@id\":\"https:\/\/hubsch-interior.com\/de\/#website\"},\"primaryImageOfPage\":{\"@id\":\"https:\/\/hubsch-interior.com\/de\/produkt\/forma-esszimmerstuhl-schwarz\/#primaryimage\"},\"image\":{\"@id\":\"https:\/\/hubsch-interior.com\/de\/produkt\/forma-esszimmerstuhl-schwarz\/#primaryimage\"},\"thumbnailUrl\":\"https:\/\/hubsch-interior.com\/wp-content\/uploads\/2026\/02\/forma-dining-chair-black-e7117604d30d706f4e813bcd76620ffc.jpg\",\"datePublished\":\"2025-03-10T13:22:25+00:00\",\"dateModified\":\"2026-04-09T02:56:05+00:00\",\"description\":\"Entdecken Sie den stilbildenden Forma Esszimmerstuhl, wo Funktionalit\u00e4t auf Kunst trifft. Gefertigt aus FSC-zertifiziertem Eichenholz und Furnier,\",\"breadcrumb\":{\"@id\":\"https:\/\/hubsch-interior.com\/de\/produkt\/forma-esszimmerstuhl-schwarz\/#breadcrumb\"},\"inLanguage\":\"de\",\"potentialAction\":[{\"@type\":\"ReadAction\",\"target\":[\"https:\/\/hubsch-interior.com\/de\/produkt\/forma-esszimmerstuhl-schwarz\/\"]}]},{\"@type\":\"ImageObject\",\"inLanguage\":\"de\",\"@id\":\"https:\/\/hubsch-interior.com\/de\/produkt\/forma-esszimmerstuhl-schwarz\/#primaryimage\",\"url\":\"https:\/\/hubsch-interior.com\/wp-content\/uploads\/2026\/02\/forma-dining-chair-black-e7117604d30d706f4e813bcd76620ffc.jpg\",\"contentUrl\":\"https:\/\/hubsch-interior.com\/wp-content\/uploads\/2026\/02\/forma-dining-chair-black-e7117604d30d706f4e813bcd76620ffc.jpg\",\"width\":1024,\"height\":1024},{\"@type\":\"BreadcrumbList\",\"@id\":\"https:\/\/hubsch-interior.com\/de\/produkt\/forma-esszimmerstuhl-schwarz\/#breadcrumb\",\"itemListElement\":[{\"@type\":\"ListItem\",\"position\":1,\"name\":\"Startseite\",\"item\":\"https:\/\/hubsch-interior.com\/de\/\"},{\"@type\":\"ListItem\",\"position\":2,\"name\":\"Produkte\",\"item\":\"https:\/\/hubsch-interior.com\/de\/shop-2\/\"},{\"@type\":\"ListItem\",\"position\":3,\"name\":\"M\u00f6bel\",\"item\":\"https:\/\/hubsch-interior.com\/de\/produkt-kategorie\/moebel\/\"},{\"@type\":\"ListItem\",\"position\":4,\"name\":\"Sitzm&ouml;bel\",\"item\":\"https:\/\/hubsch-interior.com\/de\/produkt-kategorie\/moebel\/sitzmoebel-de\/\"},{\"@type\":\"ListItem\",\"position\":5,\"name\":\"Hocker\",\"item\":\"https:\/\/hubsch-interior.com\/de\/produkt-kategorie\/moebel\/sitzmoebel-de\/hocker-de\/\"},{\"@type\":\"ListItem\",\"position\":6,\"name\":\"Forma Esszimmerstuhl Schwarz\"}]},{\"@type\":\"WebSite\",\"@id\":\"https:\/\/hubsch-interior.com\/de\/#website\",\"url\":\"https:\/\/hubsch-interior.com\/de\/\",\"name\":\"H\u00fcbsch\",\"description\":\"Danish Home Interior and Design\",\"publisher\":{\"@id\":\"https:\/\/hubsch-interior.com\/de\/#organization\"},\"potentialAction\":[{\"@type\":\"SearchAction\",\"target\":{\"@type\":\"EntryPoint\",\"urlTemplate\":\"https:\/\/hubsch-interior.com\/de\/?s={search_term_string}\"},\"query-input\":{\"@type\":\"PropertyValueSpecification\",\"valueRequired\":true,\"valueName\":\"search_term_string\"}}],\"inLanguage\":\"de\"},{\"@type\":\"Organization\",\"@id\":\"https:\/\/hubsch-interior.com\/de\/#organization\",\"name\":\"H\u00fcbsch\",\"url\":\"https:\/\/hubsch-interior.com\/de\/\",\"logo\":{\"@type\":\"ImageObject\",\"inLanguage\":\"de\",\"@id\":\"https:\/\/hubsch-interior.com\/de\/#\/schema\/logo\/image\/\",\"url\":\"https:\/\/hubsch-interior.com\/wp-content\/uploads\/2022\/12\/Hubsch_logo_black_one_line.svg\",\"contentUrl\":\"https:\/\/hubsch-interior.com\/wp-content\/uploads\/2022\/12\/Hubsch_logo_black_one_line.svg\",\"caption\":\"H\u00fcbsch\"},\"image\":{\"@id\":\"https:\/\/hubsch-interior.com\/de\/#\/schema\/logo\/image\/\"}}]}<\/script>\n<!-- \/ Yoast SEO plugin. -->","yoast_head_json":{"title":"Forma Esszimmerstuhl Schwarz - H\u00fcbsch","description":"Entdecken Sie den stilbildenden Forma Esszimmerstuhl, wo Funktionalit\u00e4t auf Kunst trifft. Gefertigt aus FSC-zertifiziertem Eichenholz und Furnier,","robots":{"index":"index","follow":"follow","max-snippet":"max-snippet:-1","max-image-preview":"max-image-preview:large","max-video-preview":"max-video-preview:-1"},"canonical":"https:\/\/hubsch-interior.com\/de\/wp-json\/wp\/v2\/product\/1013662","og_locale":"de_DE","og_type":"article","og_title":"Forma Esszimmerstuhl Schwarz - H\u00fcbsch","og_description":"Entdecken Sie den stilbildenden Forma Esszimmerstuhl, wo Funktionalit\u00e4t auf Kunst trifft. Gefertigt aus FSC-zertifiziertem Eichenholz und Furnier,","og_url":"https:\/\/hubsch-interior.com\/de\/produkt\/forma-esszimmerstuhl-schwarz\/","og_site_name":"H\u00fcbsch","article_modified_time":"2026-04-09T02:56:05+00:00","og_image":[{"width":1200,"height":1200,"url":"https:\/\/hubsch-interior.com\/wp-content\/uploads\/2025\/04\/forma-dining-chair-black-d3ce37fa6b27cbca560fbb083c34ebd1.jpg","type":"image\/jpeg"}],"twitter_card":"summary_large_image","schema":{"@context":"https:\/\/schema.org","@graph":[{"@type":"WebPage","@id":"https:\/\/hubsch-interior.com\/de\/produkt\/forma-esszimmerstuhl-schwarz\/","url":"https:\/\/hubsch-interior.com\/de\/produkt\/forma-esszimmerstuhl-schwarz\/","name":"Forma Esszimmerstuhl Schwarz - H\u00fcbsch","isPartOf":{"@id":"https:\/\/hubsch-interior.com\/de\/#website"},"primaryImageOfPage":{"@id":"https:\/\/hubsch-interior.com\/de\/produkt\/forma-esszimmerstuhl-schwarz\/#primaryimage"},"image":{"@id":"https:\/\/hubsch-interior.com\/de\/produkt\/forma-esszimmerstuhl-schwarz\/#primaryimage"},"thumbnailUrl":"https:\/\/hubsch-interior.com\/wp-content\/uploads\/2026\/02\/forma-dining-chair-black-e7117604d30d706f4e813bcd76620ffc.jpg","datePublished":"2025-03-10T13:22:25+00:00","dateModified":"2026-04-09T02:56:05+00:00","description":"Entdecken Sie den stilbildenden Forma Esszimmerstuhl, wo Funktionalit\u00e4t auf Kunst trifft. Gefertigt aus FSC-zertifiziertem Eichenholz und Furnier,","breadcrumb":{"@id":"https:\/\/hubsch-interior.com\/de\/produkt\/forma-esszimmerstuhl-schwarz\/#breadcrumb"},"inLanguage":"de","potentialAction":[{"@type":"ReadAction","target":["https:\/\/hubsch-interior.com\/de\/produkt\/forma-esszimmerstuhl-schwarz\/"]}]},{"@type":"ImageObject","inLanguage":"de","@id":"https:\/\/hubsch-interior.com\/de\/produkt\/forma-esszimmerstuhl-schwarz\/#primaryimage","url":"https:\/\/hubsch-interior.com\/wp-content\/uploads\/2026\/02\/forma-dining-chair-black-e7117604d30d706f4e813bcd76620ffc.jpg","contentUrl":"https:\/\/hubsch-interior.com\/wp-content\/uploads\/2026\/02\/forma-dining-chair-black-e7117604d30d706f4e813bcd76620ffc.jpg","width":1024,"height":1024},{"@type":"BreadcrumbList","@id":"https:\/\/hubsch-interior.com\/de\/produkt\/forma-esszimmerstuhl-schwarz\/#breadcrumb","itemListElement":[{"@type":"ListItem","position":1,"name":"Startseite","item":"https:\/\/hubsch-interior.com\/de\/"},{"@type":"ListItem","position":2,"name":"Produkte","item":"https:\/\/hubsch-interior.com\/de\/shop-2\/"},{"@type":"ListItem","position":3,"name":"M\u00f6bel","item":"https:\/\/hubsch-interior.com\/de\/produkt-kategorie\/moebel\/"},{"@type":"ListItem","position":4,"name":"Sitzm&ouml;bel","item":"https:\/\/hubsch-interior.com\/de\/produkt-kategorie\/moebel\/sitzmoebel-de\/"},{"@type":"ListItem","position":5,"name":"Hocker","item":"https:\/\/hubsch-interior.com\/de\/produkt-kategorie\/moebel\/sitzmoebel-de\/hocker-de\/"},{"@type":"ListItem","position":6,"name":"Forma Esszimmerstuhl Schwarz"}]},{"@type":"WebSite","@id":"https:\/\/hubsch-interior.com\/de\/#website","url":"https:\/\/hubsch-interior.com\/de\/","name":"H\u00fcbsch","description":"Danish Home Interior and Design","publisher":{"@id":"https:\/\/hubsch-interior.com\/de\/#organization"},"potentialAction":[{"@type":"SearchAction","target":{"@type":"EntryPoint","urlTemplate":"https:\/\/hubsch-interior.com\/de\/?s={search_term_string}"},"query-input":{"@type":"PropertyValueSpecification","valueRequired":true,"valueName":"search_term_string"}}],"inLanguage":"de"},{"@type":"Organization","@id":"https:\/\/hubsch-interior.com\/de\/#organization","name":"H\u00fcbsch","url":"https:\/\/hubsch-interior.com\/de\/","logo":{"@type":"ImageObject","inLanguage":"de","@id":"https:\/\/hubsch-interior.com\/de\/#\/schema\/logo\/image\/","url":"https:\/\/hubsch-interior.com\/wp-content\/uploads\/2022\/12\/Hubsch_logo_black_one_line.svg","contentUrl":"https:\/\/hubsch-interior.com\/wp-content\/uploads\/2022\/12\/Hubsch_logo_black_one_line.svg","caption":"H\u00fcbsch"},"image":{"@id":"https:\/\/hubsch-interior.com\/de\/#\/schema\/logo\/image\/"}}]}},"_links":{"self":[{"href":"https:\/\/hubsch-interior.com\/de\/wp-json\/wp\/v2\/product\/1013662","targetHints":{"allow":["GET"]}}],"collection":[{"href":"https:\/\/hubsch-interior.com\/de\/wp-json\/wp\/v2\/product"}],"about":[{"href":"https:\/\/hubsch-interior.com\/de\/wp-json\/wp\/v2\/types\/product"}],"wp:featuredmedia":[{"embeddable":true,"href":"https:\/\/hubsch-interior.com\/de\/wp-json\/wp\/v2\/media\/1104921"}],"wp:attachment":[{"href":"https:\/\/hubsch-interior.com\/de\/wp-json\/wp\/v2\/media?parent=1013662"}],"wp:term":[{"taxonomy":"product_brand","embeddable":true,"href":"https:\/\/hubsch-interior.com\/de\/wp-json\/wp\/v2\/product_brand?post=1013662"},{"taxonomy":"product_cat","embeddable":true,"href":"https:\/\/hubsch-interior.com\/de\/wp-json\/wp\/v2\/product_cat?post=1013662"},{"taxonomy":"product_tag","embeddable":true,"href":"https:\/\/hubsch-interior.com\/de\/wp-json\/wp\/v2\/product_tag?post=1013662"}],"curies":[{"name":"wp","href":"https:\/\/api.w.org\/{rel}","templated":true}]}}