{"id":1017024,"date":"2025-03-31T14:12:14","date_gmt":"2025-03-31T12:12:14","guid":{"rendered":"https:\/\/hubsch-interior.com\/product\/product\/"},"modified":"2026-04-09T04:49:43","modified_gmt":"2026-04-09T02:49:43","slug":"space-garderobe-small-naturfarben","status":"publish","type":"product","link":"https:\/\/hubsch-interior.com\/de\/produkt\/space-garderobe-small-naturfarben\/","title":{"rendered":"Space Garderobe Small Naturfarben"},"content":{"rendered":"<p>Wir haben ein Faible f\u00fcr helle H\u00f6lzer und Eichenholz, weil sie eine raffinierte, ruhige W\u00e4rme in die Einrichtung bringen. Selbst kleine M\u00f6belst\u00fccke, wie diese h\u00fcbsche Garderobe mit drei Haken aus Eichenfurnier, verleihen jedem Raum eine sanfte Note. Perfekt als Ablage f\u00fcr Ihre Lieblingskaffeetassen oder Ihre besondere Kopfbedeckung im Eingangsbereich oder im Flur. Das Motto &#8220;Home is Where you lay your Hat&#8221; kommt einem in den Sinn.<\/p>\n","protected":false},"excerpt":{"rendered":"<p>Wir haben ein Faible f\u00fcr helle H\u00f6lzer und Eichenholz, weil sie eine raffinierte, ruhige W\u00e4rme in die Einrichtung bringen. Selbst kleine M\u00f6belst\u00fccke, wie diese h\u00fcbsche Garderobe mit drei Haken aus Eichenfurnier, verleihen jedem Raum eine sanfte Note. Perfekt als Ablage f\u00fcr Ihre Lieblingskaffeetassen oder Ihre besondere Kopfbedeckung im Eingangsbereich oder im Flur. Das Motto &#8220;Home [&hellip;]<\/p>\n","protected":false},"featured_media":1102544,"template":"","meta":{"_acf_changed":false,"inline_featured_image":false},"product_brand":[],"product_cat":[7067,7073,7074,6323,4003,4024,4043,4044,5027],"product_tag":[],"class_list":{"0":"post-1017024","1":"product","2":"type-product","3":"status-publish","4":"has-post-thumbnail","6":"product_cat-kuchen-haken-de","7":"product_cat-haken-regale-de","8":"product_cat-kuchen-regale-de","9":"product_cat-fsc-de","10":"product_cat-regale-aufbewahrung-de","11":"product_cat-ablagen-de","12":"product_cat-haken-und-hakenleisten-de","13":"product_cat-hakenleisten-de","14":"product_cat-bestsellers-de","15":"product_shipping_class-pk","17":"pa_color-naturfarben-2","18":"pa_material-mdf-de","19":"pa_material-eichenfurnier","21":"first","22":"instock","23":"featured","24":"taxable","25":"shipping-taxable","26":"purchasable","27":"product-type-simple"},"exclude_global_add_ons":[],"addons":[],"acf":[],"yoast_head":"<!-- This site is optimized with the Yoast SEO plugin v26.4 - https:\/\/yoast.com\/wordpress\/plugins\/seo\/ -->\n<title>Space Garderobe Small Naturfarben - H\u00fcbsch<\/title>\n<meta name=\"description\" content=\"Wir haben ein Faible f\u00fcr helle H\u00f6lzer und Eichenholz, weil sie eine raffinierte, ruhige W\u00e4rme in die Einrichtung bringen. Selbst kleine M\u00f6belst\u00fccke, wie\" \/>\n<meta name=\"robots\" content=\"index, follow, max-snippet:-1, max-image-preview:large, max-video-preview:-1\" \/>\n<link rel=\"canonical\" href=\"https:\/\/hubsch-interior.com\/de\/wp-json\/wp\/v2\/product\/1017024\" \/>\n<meta property=\"og:locale\" content=\"de_DE\" \/>\n<meta property=\"og:type\" content=\"article\" \/>\n<meta property=\"og:title\" content=\"Space Garderobe Small Naturfarben - H\u00fcbsch\" \/>\n<meta property=\"og:description\" content=\"Wir haben ein Faible f\u00fcr helle H\u00f6lzer und Eichenholz, weil sie eine raffinierte, ruhige W\u00e4rme in die Einrichtung bringen. Selbst kleine M\u00f6belst\u00fccke, wie\" \/>\n<meta property=\"og:url\" content=\"https:\/\/hubsch-interior.com\/de\/produkt\/space-garderobe-small-naturfarben\/\" \/>\n<meta property=\"og:site_name\" content=\"H\u00fcbsch\" \/>\n<meta property=\"article:modified_time\" content=\"2026-04-09T02:49:43+00:00\" \/>\n<meta property=\"og:image\" content=\"https:\/\/hubsch-interior.com\/wp-content\/uploads\/2025\/03\/space-coatrack-small-natural-7a84cbad1b7fb4a270017af8e5678f75.jpg\" \/>\n\t<meta property=\"og:image:width\" content=\"1200\" \/>\n\t<meta property=\"og:image:height\" content=\"1200\" \/>\n\t<meta property=\"og:image:type\" content=\"image\/jpeg\" \/>\n<meta name=\"twitter:card\" content=\"summary_large_image\" \/>\n<script type=\"application\/ld+json\" class=\"yoast-schema-graph\">{\"@context\":\"https:\/\/schema.org\",\"@graph\":[{\"@type\":\"WebPage\",\"@id\":\"https:\/\/hubsch-interior.com\/de\/produkt\/space-garderobe-small-naturfarben\/\",\"url\":\"https:\/\/hubsch-interior.com\/de\/produkt\/space-garderobe-small-naturfarben\/\",\"name\":\"Space Garderobe Small Naturfarben - H\u00fcbsch\",\"isPartOf\":{\"@id\":\"https:\/\/hubsch-interior.com\/de\/#website\"},\"primaryImageOfPage\":{\"@id\":\"https:\/\/hubsch-interior.com\/de\/produkt\/space-garderobe-small-naturfarben\/#primaryimage\"},\"image\":{\"@id\":\"https:\/\/hubsch-interior.com\/de\/produkt\/space-garderobe-small-naturfarben\/#primaryimage\"},\"thumbnailUrl\":\"https:\/\/hubsch-interior.com\/wp-content\/uploads\/2026\/02\/space-coatrack-small-natural-9d0376459cc37aedeb3a1c6173ba4506.jpg\",\"datePublished\":\"2025-03-31T12:12:14+00:00\",\"dateModified\":\"2026-04-09T02:49:43+00:00\",\"description\":\"Wir haben ein Faible f\u00fcr helle H\u00f6lzer und Eichenholz, weil sie eine raffinierte, ruhige W\u00e4rme in die Einrichtung bringen. Selbst kleine M\u00f6belst\u00fccke, wie\",\"breadcrumb\":{\"@id\":\"https:\/\/hubsch-interior.com\/de\/produkt\/space-garderobe-small-naturfarben\/#breadcrumb\"},\"inLanguage\":\"de\",\"potentialAction\":[{\"@type\":\"ReadAction\",\"target\":[\"https:\/\/hubsch-interior.com\/de\/produkt\/space-garderobe-small-naturfarben\/\"]}]},{\"@type\":\"ImageObject\",\"inLanguage\":\"de\",\"@id\":\"https:\/\/hubsch-interior.com\/de\/produkt\/space-garderobe-small-naturfarben\/#primaryimage\",\"url\":\"https:\/\/hubsch-interior.com\/wp-content\/uploads\/2026\/02\/space-coatrack-small-natural-9d0376459cc37aedeb3a1c6173ba4506.jpg\",\"contentUrl\":\"https:\/\/hubsch-interior.com\/wp-content\/uploads\/2026\/02\/space-coatrack-small-natural-9d0376459cc37aedeb3a1c6173ba4506.jpg\",\"width\":1024,\"height\":1024},{\"@type\":\"BreadcrumbList\",\"@id\":\"https:\/\/hubsch-interior.com\/de\/produkt\/space-garderobe-small-naturfarben\/#breadcrumb\",\"itemListElement\":[{\"@type\":\"ListItem\",\"position\":1,\"name\":\"Startseite\",\"item\":\"https:\/\/hubsch-interior.com\/de\/\"},{\"@type\":\"ListItem\",\"position\":2,\"name\":\"Produkte\",\"item\":\"https:\/\/hubsch-interior.com\/de\/shop-2\/\"},{\"@type\":\"ListItem\",\"position\":3,\"name\":\"M\u00f6bel\",\"item\":\"https:\/\/hubsch-interior.com\/de\/produkt-kategorie\/moebel\/\"},{\"@type\":\"ListItem\",\"position\":4,\"name\":\"Regale &amp; Aufbewahrung\",\"item\":\"https:\/\/hubsch-interior.com\/de\/produkt-kategorie\/moebel\/regale-aufbewahrung-de\/\"},{\"@type\":\"ListItem\",\"position\":5,\"name\":\"Ablagen\",\"item\":\"https:\/\/hubsch-interior.com\/de\/produkt-kategorie\/moebel\/regale-aufbewahrung-de\/ablagen-de\/\"},{\"@type\":\"ListItem\",\"position\":6,\"name\":\"Space Garderobe Small Naturfarben\"}]},{\"@type\":\"WebSite\",\"@id\":\"https:\/\/hubsch-interior.com\/de\/#website\",\"url\":\"https:\/\/hubsch-interior.com\/de\/\",\"name\":\"H\u00fcbsch\",\"description\":\"Danish Home Interior and Design\",\"publisher\":{\"@id\":\"https:\/\/hubsch-interior.com\/de\/#organization\"},\"potentialAction\":[{\"@type\":\"SearchAction\",\"target\":{\"@type\":\"EntryPoint\",\"urlTemplate\":\"https:\/\/hubsch-interior.com\/de\/?s={search_term_string}\"},\"query-input\":{\"@type\":\"PropertyValueSpecification\",\"valueRequired\":true,\"valueName\":\"search_term_string\"}}],\"inLanguage\":\"de\"},{\"@type\":\"Organization\",\"@id\":\"https:\/\/hubsch-interior.com\/de\/#organization\",\"name\":\"H\u00fcbsch\",\"url\":\"https:\/\/hubsch-interior.com\/de\/\",\"logo\":{\"@type\":\"ImageObject\",\"inLanguage\":\"de\",\"@id\":\"https:\/\/hubsch-interior.com\/de\/#\/schema\/logo\/image\/\",\"url\":\"https:\/\/hubsch-interior.com\/wp-content\/uploads\/2022\/12\/Hubsch_logo_black_one_line.svg\",\"contentUrl\":\"https:\/\/hubsch-interior.com\/wp-content\/uploads\/2022\/12\/Hubsch_logo_black_one_line.svg\",\"caption\":\"H\u00fcbsch\"},\"image\":{\"@id\":\"https:\/\/hubsch-interior.com\/de\/#\/schema\/logo\/image\/\"}}]}<\/script>\n<!-- \/ Yoast SEO plugin. -->","yoast_head_json":{"title":"Space Garderobe Small Naturfarben - H\u00fcbsch","description":"Wir haben ein Faible f\u00fcr helle H\u00f6lzer und Eichenholz, weil sie eine raffinierte, ruhige W\u00e4rme in die Einrichtung bringen. Selbst kleine M\u00f6belst\u00fccke, wie","robots":{"index":"index","follow":"follow","max-snippet":"max-snippet:-1","max-image-preview":"max-image-preview:large","max-video-preview":"max-video-preview:-1"},"canonical":"https:\/\/hubsch-interior.com\/de\/wp-json\/wp\/v2\/product\/1017024","og_locale":"de_DE","og_type":"article","og_title":"Space Garderobe Small Naturfarben - H\u00fcbsch","og_description":"Wir haben ein Faible f\u00fcr helle H\u00f6lzer und Eichenholz, weil sie eine raffinierte, ruhige W\u00e4rme in die Einrichtung bringen. Selbst kleine M\u00f6belst\u00fccke, wie","og_url":"https:\/\/hubsch-interior.com\/de\/produkt\/space-garderobe-small-naturfarben\/","og_site_name":"H\u00fcbsch","article_modified_time":"2026-04-09T02:49:43+00:00","og_image":[{"width":1200,"height":1200,"url":"https:\/\/hubsch-interior.com\/wp-content\/uploads\/2025\/03\/space-coatrack-small-natural-7a84cbad1b7fb4a270017af8e5678f75.jpg","type":"image\/jpeg"}],"twitter_card":"summary_large_image","schema":{"@context":"https:\/\/schema.org","@graph":[{"@type":"WebPage","@id":"https:\/\/hubsch-interior.com\/de\/produkt\/space-garderobe-small-naturfarben\/","url":"https:\/\/hubsch-interior.com\/de\/produkt\/space-garderobe-small-naturfarben\/","name":"Space Garderobe Small Naturfarben - H\u00fcbsch","isPartOf":{"@id":"https:\/\/hubsch-interior.com\/de\/#website"},"primaryImageOfPage":{"@id":"https:\/\/hubsch-interior.com\/de\/produkt\/space-garderobe-small-naturfarben\/#primaryimage"},"image":{"@id":"https:\/\/hubsch-interior.com\/de\/produkt\/space-garderobe-small-naturfarben\/#primaryimage"},"thumbnailUrl":"https:\/\/hubsch-interior.com\/wp-content\/uploads\/2026\/02\/space-coatrack-small-natural-9d0376459cc37aedeb3a1c6173ba4506.jpg","datePublished":"2025-03-31T12:12:14+00:00","dateModified":"2026-04-09T02:49:43+00:00","description":"Wir haben ein Faible f\u00fcr helle H\u00f6lzer und Eichenholz, weil sie eine raffinierte, ruhige W\u00e4rme in die Einrichtung bringen. Selbst kleine M\u00f6belst\u00fccke, wie","breadcrumb":{"@id":"https:\/\/hubsch-interior.com\/de\/produkt\/space-garderobe-small-naturfarben\/#breadcrumb"},"inLanguage":"de","potentialAction":[{"@type":"ReadAction","target":["https:\/\/hubsch-interior.com\/de\/produkt\/space-garderobe-small-naturfarben\/"]}]},{"@type":"ImageObject","inLanguage":"de","@id":"https:\/\/hubsch-interior.com\/de\/produkt\/space-garderobe-small-naturfarben\/#primaryimage","url":"https:\/\/hubsch-interior.com\/wp-content\/uploads\/2026\/02\/space-coatrack-small-natural-9d0376459cc37aedeb3a1c6173ba4506.jpg","contentUrl":"https:\/\/hubsch-interior.com\/wp-content\/uploads\/2026\/02\/space-coatrack-small-natural-9d0376459cc37aedeb3a1c6173ba4506.jpg","width":1024,"height":1024},{"@type":"BreadcrumbList","@id":"https:\/\/hubsch-interior.com\/de\/produkt\/space-garderobe-small-naturfarben\/#breadcrumb","itemListElement":[{"@type":"ListItem","position":1,"name":"Startseite","item":"https:\/\/hubsch-interior.com\/de\/"},{"@type":"ListItem","position":2,"name":"Produkte","item":"https:\/\/hubsch-interior.com\/de\/shop-2\/"},{"@type":"ListItem","position":3,"name":"M\u00f6bel","item":"https:\/\/hubsch-interior.com\/de\/produkt-kategorie\/moebel\/"},{"@type":"ListItem","position":4,"name":"Regale &amp; Aufbewahrung","item":"https:\/\/hubsch-interior.com\/de\/produkt-kategorie\/moebel\/regale-aufbewahrung-de\/"},{"@type":"ListItem","position":5,"name":"Ablagen","item":"https:\/\/hubsch-interior.com\/de\/produkt-kategorie\/moebel\/regale-aufbewahrung-de\/ablagen-de\/"},{"@type":"ListItem","position":6,"name":"Space Garderobe Small Naturfarben"}]},{"@type":"WebSite","@id":"https:\/\/hubsch-interior.com\/de\/#website","url":"https:\/\/hubsch-interior.com\/de\/","name":"H\u00fcbsch","description":"Danish Home Interior and Design","publisher":{"@id":"https:\/\/hubsch-interior.com\/de\/#organization"},"potentialAction":[{"@type":"SearchAction","target":{"@type":"EntryPoint","urlTemplate":"https:\/\/hubsch-interior.com\/de\/?s={search_term_string}"},"query-input":{"@type":"PropertyValueSpecification","valueRequired":true,"valueName":"search_term_string"}}],"inLanguage":"de"},{"@type":"Organization","@id":"https:\/\/hubsch-interior.com\/de\/#organization","name":"H\u00fcbsch","url":"https:\/\/hubsch-interior.com\/de\/","logo":{"@type":"ImageObject","inLanguage":"de","@id":"https:\/\/hubsch-interior.com\/de\/#\/schema\/logo\/image\/","url":"https:\/\/hubsch-interior.com\/wp-content\/uploads\/2022\/12\/Hubsch_logo_black_one_line.svg","contentUrl":"https:\/\/hubsch-interior.com\/wp-content\/uploads\/2022\/12\/Hubsch_logo_black_one_line.svg","caption":"H\u00fcbsch"},"image":{"@id":"https:\/\/hubsch-interior.com\/de\/#\/schema\/logo\/image\/"}}]}},"_links":{"self":[{"href":"https:\/\/hubsch-interior.com\/de\/wp-json\/wp\/v2\/product\/1017024","targetHints":{"allow":["GET"]}}],"collection":[{"href":"https:\/\/hubsch-interior.com\/de\/wp-json\/wp\/v2\/product"}],"about":[{"href":"https:\/\/hubsch-interior.com\/de\/wp-json\/wp\/v2\/types\/product"}],"wp:featuredmedia":[{"embeddable":true,"href":"https:\/\/hubsch-interior.com\/de\/wp-json\/wp\/v2\/media\/1102544"}],"wp:attachment":[{"href":"https:\/\/hubsch-interior.com\/de\/wp-json\/wp\/v2\/media?parent=1017024"}],"wp:term":[{"taxonomy":"product_brand","embeddable":true,"href":"https:\/\/hubsch-interior.com\/de\/wp-json\/wp\/v2\/product_brand?post=1017024"},{"taxonomy":"product_cat","embeddable":true,"href":"https:\/\/hubsch-interior.com\/de\/wp-json\/wp\/v2\/product_cat?post=1017024"},{"taxonomy":"product_tag","embeddable":true,"href":"https:\/\/hubsch-interior.com\/de\/wp-json\/wp\/v2\/product_tag?post=1017024"}],"curies":[{"name":"wp","href":"https:\/\/api.w.org\/{rel}","templated":true}]}}