{"id":1057604,"date":"2025-05-13T13:49:45","date_gmt":"2025-05-13T11:49:45","guid":{"rendered":"https:\/\/hubsch-interior.com\/product\/product\/"},"modified":"2026-04-04T04:43:40","modified_gmt":"2026-04-04T02:43:40","slug":"up-topfe-gelb-2er-set","status":"publish","type":"product","link":"https:\/\/hubsch-interior.com\/de\/produkt\/up-topfe-gelb-2er-set\/","title":{"rendered":"Up T\u00f6pfe Gelb (2er Set)"},"content":{"rendered":"<p>Erhellen Sie Ihr Zuhause mit dem fr\u00f6hlichen Gelb unserer keramischen Up T\u00f6pfe, einer wahren Farbquelle f\u00fcr jeden Raum. Diese entz\u00fcckenden T\u00f6pfe sind darauf ausgelegt, Ihre Pflanzen zu erh\u00f6hen und ihnen eine B\u00fchne zu bieten, von der aus sie in jeder Ecke oder auf jeder Fensterbank strahlen k\u00f6nnen. Aus feiner Keramik gefertigt, bieten diese T\u00f6pfe ein robustes Zuhause f\u00fcr Ihre gesch\u00e4tzten Zimmerpflanzen und bringen Leben und W\u00e4rme in Ihren pers\u00f6nlichen Raum. Ideal f\u00fcr diejenigen, die einen Hauch von Lebendigkeit in ihrer Dekoration sch\u00e4tzen.<\/p>\n","protected":false},"excerpt":{"rendered":"<p>Erhellen Sie Ihr Zuhause mit dem fr\u00f6hlichen Gelb unserer keramischen Up T\u00f6pfe, einer wahren Farbquelle f\u00fcr jeden Raum. Diese entz\u00fcckenden T\u00f6pfe sind darauf ausgelegt, Ihre Pflanzen zu erh\u00f6hen und ihnen eine B\u00fchne zu bieten, von der aus sie in jeder Ecke oder auf jeder Fensterbank strahlen k\u00f6nnen. Aus feiner Keramik gefertigt, bieten diese T\u00f6pfe ein [&hellip;]<\/p>\n","protected":false},"featured_media":1100973,"template":"","meta":{"_acf_changed":false,"inline_featured_image":false},"product_brand":[],"product_cat":[6940,6998,4916,4925],"product_tag":[],"class_list":{"0":"post-1057604","1":"product","2":"type-product","3":"status-publish","4":"has-post-thumbnail","6":"product_cat-additions-de","7":"product_cat-the-buzz-de","8":"product_cat-toepfe-giesskannen-de","9":"product_cat-blumentoepfe-de","10":"product_shipping_class-pk","12":"pa_color-gelb","13":"pa_material-keramik","15":"first","16":"instock","17":"taxable","18":"shipping-taxable","19":"purchasable","20":"product-type-simple"},"exclude_global_add_ons":[],"addons":[],"acf":[],"yoast_head":"<!-- This site is optimized with the Yoast SEO plugin v26.4 - https:\/\/yoast.com\/wordpress\/plugins\/seo\/ -->\n<title>Up T\u00f6pfe Gelb (2er Set) - H\u00fcbsch<\/title>\n<meta name=\"description\" content=\"Erhellen Sie Ihr Zuhause mit dem fr\u00f6hlichen Gelb unserer keramischen Up T\u00f6pfe, einer wahren Farbquelle f\u00fcr jeden Raum. Diese entz\u00fcckenden T\u00f6pfe sind\" \/>\n<meta name=\"robots\" content=\"index, follow, max-snippet:-1, max-image-preview:large, max-video-preview:-1\" \/>\n<link rel=\"canonical\" href=\"https:\/\/hubsch-interior.com\/de\/wp-json\/wp\/v2\/product\/1057604\" \/>\n<meta property=\"og:locale\" content=\"de_DE\" \/>\n<meta property=\"og:type\" content=\"article\" \/>\n<meta property=\"og:title\" content=\"Up T\u00f6pfe Gelb (2er Set) - H\u00fcbsch\" \/>\n<meta property=\"og:description\" content=\"Erhellen Sie Ihr Zuhause mit dem fr\u00f6hlichen Gelb unserer keramischen Up T\u00f6pfe, einer wahren Farbquelle f\u00fcr jeden Raum. Diese entz\u00fcckenden T\u00f6pfe sind\" \/>\n<meta property=\"og:url\" content=\"https:\/\/hubsch-interior.com\/de\/produkt\/up-topfe-gelb-2er-set\/\" \/>\n<meta property=\"og:site_name\" content=\"H\u00fcbsch\" \/>\n<meta property=\"article:modified_time\" content=\"2026-04-04T02:43:40+00:00\" \/>\n<meta property=\"og:image\" content=\"https:\/\/hubsch-interior.com\/wp-content\/uploads\/2025\/05\/up-pots-yellow-set-of-2-f58337bb30a5b5f67d8c01243d0a3050.jpg\" \/>\n\t<meta property=\"og:image:width\" content=\"1200\" \/>\n\t<meta property=\"og:image:height\" content=\"1200\" \/>\n\t<meta property=\"og:image:type\" content=\"image\/jpeg\" \/>\n<meta name=\"twitter:card\" content=\"summary_large_image\" \/>\n<script type=\"application\/ld+json\" class=\"yoast-schema-graph\">{\"@context\":\"https:\/\/schema.org\",\"@graph\":[{\"@type\":\"WebPage\",\"@id\":\"https:\/\/hubsch-interior.com\/de\/produkt\/up-topfe-gelb-2er-set\/\",\"url\":\"https:\/\/hubsch-interior.com\/de\/produkt\/up-topfe-gelb-2er-set\/\",\"name\":\"Up T\u00f6pfe Gelb (2er Set) - H\u00fcbsch\",\"isPartOf\":{\"@id\":\"https:\/\/hubsch-interior.com\/de\/#website\"},\"primaryImageOfPage\":{\"@id\":\"https:\/\/hubsch-interior.com\/de\/produkt\/up-topfe-gelb-2er-set\/#primaryimage\"},\"image\":{\"@id\":\"https:\/\/hubsch-interior.com\/de\/produkt\/up-topfe-gelb-2er-set\/#primaryimage\"},\"thumbnailUrl\":\"https:\/\/hubsch-interior.com\/wp-content\/uploads\/2026\/02\/up-pots-yellow-set-of-2-1c9def265261a6a3f3b6c17d3a4bacf1.jpg\",\"datePublished\":\"2025-05-13T11:49:45+00:00\",\"dateModified\":\"2026-04-04T02:43:40+00:00\",\"description\":\"Erhellen Sie Ihr Zuhause mit dem fr\u00f6hlichen Gelb unserer keramischen Up T\u00f6pfe, einer wahren Farbquelle f\u00fcr jeden Raum. Diese entz\u00fcckenden T\u00f6pfe sind\",\"breadcrumb\":{\"@id\":\"https:\/\/hubsch-interior.com\/de\/produkt\/up-topfe-gelb-2er-set\/#breadcrumb\"},\"inLanguage\":\"de\",\"potentialAction\":[{\"@type\":\"ReadAction\",\"target\":[\"https:\/\/hubsch-interior.com\/de\/produkt\/up-topfe-gelb-2er-set\/\"]}]},{\"@type\":\"ImageObject\",\"inLanguage\":\"de\",\"@id\":\"https:\/\/hubsch-interior.com\/de\/produkt\/up-topfe-gelb-2er-set\/#primaryimage\",\"url\":\"https:\/\/hubsch-interior.com\/wp-content\/uploads\/2026\/02\/up-pots-yellow-set-of-2-1c9def265261a6a3f3b6c17d3a4bacf1.jpg\",\"contentUrl\":\"https:\/\/hubsch-interior.com\/wp-content\/uploads\/2026\/02\/up-pots-yellow-set-of-2-1c9def265261a6a3f3b6c17d3a4bacf1.jpg\",\"width\":1024,\"height\":1024},{\"@type\":\"BreadcrumbList\",\"@id\":\"https:\/\/hubsch-interior.com\/de\/produkt\/up-topfe-gelb-2er-set\/#breadcrumb\",\"itemListElement\":[{\"@type\":\"ListItem\",\"position\":1,\"name\":\"Startseite\",\"item\":\"https:\/\/hubsch-interior.com\/de\/\"},{\"@type\":\"ListItem\",\"position\":2,\"name\":\"Produkte\",\"item\":\"https:\/\/hubsch-interior.com\/de\/shop-2\/\"},{\"@type\":\"ListItem\",\"position\":3,\"name\":\"Wohnaccessoires\",\"item\":\"https:\/\/hubsch-interior.com\/de\/produkt-kategorie\/wohnaccessoires\/\"},{\"@type\":\"ListItem\",\"position\":4,\"name\":\"T&ouml;pfe &amp; Gie&szlig;kannen\",\"item\":\"https:\/\/hubsch-interior.com\/de\/produkt-kategorie\/wohnaccessoires\/toepfe-giesskannen-de\/\"},{\"@type\":\"ListItem\",\"position\":5,\"name\":\"Blument&ouml;pfe\",\"item\":\"https:\/\/hubsch-interior.com\/de\/produkt-kategorie\/wohnaccessoires\/toepfe-giesskannen-de\/blumentoepfe-de\/\"},{\"@type\":\"ListItem\",\"position\":6,\"name\":\"Up T\u00f6pfe Gelb (2er Set)\"}]},{\"@type\":\"WebSite\",\"@id\":\"https:\/\/hubsch-interior.com\/de\/#website\",\"url\":\"https:\/\/hubsch-interior.com\/de\/\",\"name\":\"H\u00fcbsch\",\"description\":\"Danish Home Interior and Design\",\"publisher\":{\"@id\":\"https:\/\/hubsch-interior.com\/de\/#organization\"},\"potentialAction\":[{\"@type\":\"SearchAction\",\"target\":{\"@type\":\"EntryPoint\",\"urlTemplate\":\"https:\/\/hubsch-interior.com\/de\/?s={search_term_string}\"},\"query-input\":{\"@type\":\"PropertyValueSpecification\",\"valueRequired\":true,\"valueName\":\"search_term_string\"}}],\"inLanguage\":\"de\"},{\"@type\":\"Organization\",\"@id\":\"https:\/\/hubsch-interior.com\/de\/#organization\",\"name\":\"H\u00fcbsch\",\"url\":\"https:\/\/hubsch-interior.com\/de\/\",\"logo\":{\"@type\":\"ImageObject\",\"inLanguage\":\"de\",\"@id\":\"https:\/\/hubsch-interior.com\/de\/#\/schema\/logo\/image\/\",\"url\":\"https:\/\/hubsch-interior.com\/wp-content\/uploads\/2022\/12\/Hubsch_logo_black_one_line.svg\",\"contentUrl\":\"https:\/\/hubsch-interior.com\/wp-content\/uploads\/2022\/12\/Hubsch_logo_black_one_line.svg\",\"caption\":\"H\u00fcbsch\"},\"image\":{\"@id\":\"https:\/\/hubsch-interior.com\/de\/#\/schema\/logo\/image\/\"}}]}<\/script>\n<!-- \/ Yoast SEO plugin. -->","yoast_head_json":{"title":"Up T\u00f6pfe Gelb (2er Set) - H\u00fcbsch","description":"Erhellen Sie Ihr Zuhause mit dem fr\u00f6hlichen Gelb unserer keramischen Up T\u00f6pfe, einer wahren Farbquelle f\u00fcr jeden Raum. Diese entz\u00fcckenden T\u00f6pfe sind","robots":{"index":"index","follow":"follow","max-snippet":"max-snippet:-1","max-image-preview":"max-image-preview:large","max-video-preview":"max-video-preview:-1"},"canonical":"https:\/\/hubsch-interior.com\/de\/wp-json\/wp\/v2\/product\/1057604","og_locale":"de_DE","og_type":"article","og_title":"Up T\u00f6pfe Gelb (2er Set) - H\u00fcbsch","og_description":"Erhellen Sie Ihr Zuhause mit dem fr\u00f6hlichen Gelb unserer keramischen Up T\u00f6pfe, einer wahren Farbquelle f\u00fcr jeden Raum. Diese entz\u00fcckenden T\u00f6pfe sind","og_url":"https:\/\/hubsch-interior.com\/de\/produkt\/up-topfe-gelb-2er-set\/","og_site_name":"H\u00fcbsch","article_modified_time":"2026-04-04T02:43:40+00:00","og_image":[{"width":1200,"height":1200,"url":"https:\/\/hubsch-interior.com\/wp-content\/uploads\/2025\/05\/up-pots-yellow-set-of-2-f58337bb30a5b5f67d8c01243d0a3050.jpg","type":"image\/jpeg"}],"twitter_card":"summary_large_image","schema":{"@context":"https:\/\/schema.org","@graph":[{"@type":"WebPage","@id":"https:\/\/hubsch-interior.com\/de\/produkt\/up-topfe-gelb-2er-set\/","url":"https:\/\/hubsch-interior.com\/de\/produkt\/up-topfe-gelb-2er-set\/","name":"Up T\u00f6pfe Gelb (2er Set) - H\u00fcbsch","isPartOf":{"@id":"https:\/\/hubsch-interior.com\/de\/#website"},"primaryImageOfPage":{"@id":"https:\/\/hubsch-interior.com\/de\/produkt\/up-topfe-gelb-2er-set\/#primaryimage"},"image":{"@id":"https:\/\/hubsch-interior.com\/de\/produkt\/up-topfe-gelb-2er-set\/#primaryimage"},"thumbnailUrl":"https:\/\/hubsch-interior.com\/wp-content\/uploads\/2026\/02\/up-pots-yellow-set-of-2-1c9def265261a6a3f3b6c17d3a4bacf1.jpg","datePublished":"2025-05-13T11:49:45+00:00","dateModified":"2026-04-04T02:43:40+00:00","description":"Erhellen Sie Ihr Zuhause mit dem fr\u00f6hlichen Gelb unserer keramischen Up T\u00f6pfe, einer wahren Farbquelle f\u00fcr jeden Raum. Diese entz\u00fcckenden T\u00f6pfe sind","breadcrumb":{"@id":"https:\/\/hubsch-interior.com\/de\/produkt\/up-topfe-gelb-2er-set\/#breadcrumb"},"inLanguage":"de","potentialAction":[{"@type":"ReadAction","target":["https:\/\/hubsch-interior.com\/de\/produkt\/up-topfe-gelb-2er-set\/"]}]},{"@type":"ImageObject","inLanguage":"de","@id":"https:\/\/hubsch-interior.com\/de\/produkt\/up-topfe-gelb-2er-set\/#primaryimage","url":"https:\/\/hubsch-interior.com\/wp-content\/uploads\/2026\/02\/up-pots-yellow-set-of-2-1c9def265261a6a3f3b6c17d3a4bacf1.jpg","contentUrl":"https:\/\/hubsch-interior.com\/wp-content\/uploads\/2026\/02\/up-pots-yellow-set-of-2-1c9def265261a6a3f3b6c17d3a4bacf1.jpg","width":1024,"height":1024},{"@type":"BreadcrumbList","@id":"https:\/\/hubsch-interior.com\/de\/produkt\/up-topfe-gelb-2er-set\/#breadcrumb","itemListElement":[{"@type":"ListItem","position":1,"name":"Startseite","item":"https:\/\/hubsch-interior.com\/de\/"},{"@type":"ListItem","position":2,"name":"Produkte","item":"https:\/\/hubsch-interior.com\/de\/shop-2\/"},{"@type":"ListItem","position":3,"name":"Wohnaccessoires","item":"https:\/\/hubsch-interior.com\/de\/produkt-kategorie\/wohnaccessoires\/"},{"@type":"ListItem","position":4,"name":"T&ouml;pfe &amp; Gie&szlig;kannen","item":"https:\/\/hubsch-interior.com\/de\/produkt-kategorie\/wohnaccessoires\/toepfe-giesskannen-de\/"},{"@type":"ListItem","position":5,"name":"Blument&ouml;pfe","item":"https:\/\/hubsch-interior.com\/de\/produkt-kategorie\/wohnaccessoires\/toepfe-giesskannen-de\/blumentoepfe-de\/"},{"@type":"ListItem","position":6,"name":"Up T\u00f6pfe Gelb (2er Set)"}]},{"@type":"WebSite","@id":"https:\/\/hubsch-interior.com\/de\/#website","url":"https:\/\/hubsch-interior.com\/de\/","name":"H\u00fcbsch","description":"Danish Home Interior and Design","publisher":{"@id":"https:\/\/hubsch-interior.com\/de\/#organization"},"potentialAction":[{"@type":"SearchAction","target":{"@type":"EntryPoint","urlTemplate":"https:\/\/hubsch-interior.com\/de\/?s={search_term_string}"},"query-input":{"@type":"PropertyValueSpecification","valueRequired":true,"valueName":"search_term_string"}}],"inLanguage":"de"},{"@type":"Organization","@id":"https:\/\/hubsch-interior.com\/de\/#organization","name":"H\u00fcbsch","url":"https:\/\/hubsch-interior.com\/de\/","logo":{"@type":"ImageObject","inLanguage":"de","@id":"https:\/\/hubsch-interior.com\/de\/#\/schema\/logo\/image\/","url":"https:\/\/hubsch-interior.com\/wp-content\/uploads\/2022\/12\/Hubsch_logo_black_one_line.svg","contentUrl":"https:\/\/hubsch-interior.com\/wp-content\/uploads\/2022\/12\/Hubsch_logo_black_one_line.svg","caption":"H\u00fcbsch"},"image":{"@id":"https:\/\/hubsch-interior.com\/de\/#\/schema\/logo\/image\/"}}]}},"_links":{"self":[{"href":"https:\/\/hubsch-interior.com\/de\/wp-json\/wp\/v2\/product\/1057604","targetHints":{"allow":["GET"]}}],"collection":[{"href":"https:\/\/hubsch-interior.com\/de\/wp-json\/wp\/v2\/product"}],"about":[{"href":"https:\/\/hubsch-interior.com\/de\/wp-json\/wp\/v2\/types\/product"}],"wp:featuredmedia":[{"embeddable":true,"href":"https:\/\/hubsch-interior.com\/de\/wp-json\/wp\/v2\/media\/1100973"}],"wp:attachment":[{"href":"https:\/\/hubsch-interior.com\/de\/wp-json\/wp\/v2\/media?parent=1057604"}],"wp:term":[{"taxonomy":"product_brand","embeddable":true,"href":"https:\/\/hubsch-interior.com\/de\/wp-json\/wp\/v2\/product_brand?post=1057604"},{"taxonomy":"product_cat","embeddable":true,"href":"https:\/\/hubsch-interior.com\/de\/wp-json\/wp\/v2\/product_cat?post=1057604"},{"taxonomy":"product_tag","embeddable":true,"href":"https:\/\/hubsch-interior.com\/de\/wp-json\/wp\/v2\/product_tag?post=1057604"}],"curies":[{"name":"wp","href":"https:\/\/api.w.org\/{rel}","templated":true}]}}