{"id":1057620,"date":"2025-05-13T13:49:50","date_gmt":"2025-05-13T11:49:50","guid":{"rendered":"https:\/\/hubsch-interior.com\/product\/product\/"},"modified":"2026-04-09T04:45:03","modified_gmt":"2026-04-09T02:45:03","slug":"vibe-topfe-braun-2er-set","status":"publish","type":"product","link":"https:\/\/hubsch-interior.com\/de\/produkt\/vibe-topfe-braun-2er-set\/","title":{"rendered":"Vibe T\u00f6pfe Braun (2er Set)"},"content":{"rendered":"<p>Braune T\u00f6pfe f\u00fcr gr\u00fcne Pflanzen sehen so toll aus. Dieses Set aus zwei gr\u00fcnen Keramik-Pflanzgef\u00e4\u00dfen bringt Ihre Pflanzen zum Leuchten. Unverf\u00e4lscht dekorativ, werden sie auf jeder Fensterbank gl\u00e4nzen. Verwenden Sie sie f\u00fcr Kr\u00e4uter auf Ihrer K\u00fcchentheke oder kombinieren Sie sie mit unseren anderen Blument\u00f6pfen \u2013 sie harmonieren perfekt miteinander und sorgen dennoch f\u00fcr Faszination.<\/p>\n","protected":false},"excerpt":{"rendered":"<p>Braune T\u00f6pfe f\u00fcr gr\u00fcne Pflanzen sehen so toll aus. Dieses Set aus zwei gr\u00fcnen Keramik-Pflanzgef\u00e4\u00dfen bringt Ihre Pflanzen zum Leuchten. Unverf\u00e4lscht dekorativ, werden sie auf jeder Fensterbank gl\u00e4nzen. Verwenden Sie sie f\u00fcr Kr\u00e4uter auf Ihrer K\u00fcchentheke oder kombinieren Sie sie mit unseren anderen Blument\u00f6pfen \u2013 sie harmonieren perfekt miteinander und sorgen dennoch f\u00fcr Faszination.<\/p>\n","protected":false},"featured_media":1100993,"template":"","meta":{"_acf_changed":false,"inline_featured_image":false},"product_brand":[],"product_cat":[6940,6998,4916,4925],"product_tag":[],"class_list":{"0":"post-1057620","1":"product","2":"type-product","3":"status-publish","4":"has-post-thumbnail","6":"product_cat-additions-de","7":"product_cat-the-buzz-de","8":"product_cat-toepfe-giesskannen-de","9":"product_cat-blumentoepfe-de","10":"product_shipping_class-p05","12":"pa_color-braun","13":"pa_material-keramik","15":"first","16":"instock","17":"taxable","18":"shipping-taxable","19":"purchasable","20":"product-type-simple"},"exclude_global_add_ons":[],"addons":[],"acf":[],"yoast_head":"<!-- This site is optimized with the Yoast SEO plugin v26.4 - https:\/\/yoast.com\/wordpress\/plugins\/seo\/ -->\n<title>Vibe T\u00f6pfe Braun (2er Set) - H\u00fcbsch<\/title>\n<meta name=\"description\" content=\"Braune T\u00f6pfe f\u00fcr gr\u00fcne Pflanzen sehen so toll aus. Dieses Set aus zwei gr\u00fcnen Keramik-Pflanzgef\u00e4\u00dfen bringt Ihre Pflanzen zum Leuchten. Unverf\u00e4lscht\" \/>\n<meta name=\"robots\" content=\"index, follow, max-snippet:-1, max-image-preview:large, max-video-preview:-1\" \/>\n<link rel=\"canonical\" href=\"https:\/\/hubsch-interior.com\/de\/wp-json\/wp\/v2\/product\/1057620\" \/>\n<meta property=\"og:locale\" content=\"de_DE\" \/>\n<meta property=\"og:type\" content=\"article\" \/>\n<meta property=\"og:title\" content=\"Vibe T\u00f6pfe Braun (2er Set) - H\u00fcbsch\" \/>\n<meta property=\"og:description\" content=\"Braune T\u00f6pfe f\u00fcr gr\u00fcne Pflanzen sehen so toll aus. Dieses Set aus zwei gr\u00fcnen Keramik-Pflanzgef\u00e4\u00dfen bringt Ihre Pflanzen zum Leuchten. Unverf\u00e4lscht\" \/>\n<meta property=\"og:url\" content=\"https:\/\/hubsch-interior.com\/de\/produkt\/vibe-topfe-braun-2er-set\/\" \/>\n<meta property=\"og:site_name\" content=\"H\u00fcbsch\" \/>\n<meta property=\"article:modified_time\" content=\"2026-04-09T02:45:03+00:00\" \/>\n<meta property=\"og:image\" content=\"https:\/\/hubsch-interior.com\/wp-content\/uploads\/2026\/02\/vibe-pots-brown-set-of-2-96f4886dfc207fa8b108dd534d041a15.jpg\" \/>\n\t<meta property=\"og:image:width\" content=\"1024\" \/>\n\t<meta property=\"og:image:height\" content=\"1024\" \/>\n\t<meta property=\"og:image:type\" content=\"image\/jpeg\" \/>\n<meta name=\"twitter:card\" content=\"summary_large_image\" \/>\n<script type=\"application\/ld+json\" class=\"yoast-schema-graph\">{\"@context\":\"https:\/\/schema.org\",\"@graph\":[{\"@type\":\"WebPage\",\"@id\":\"https:\/\/hubsch-interior.com\/de\/produkt\/vibe-topfe-braun-2er-set\/\",\"url\":\"https:\/\/hubsch-interior.com\/de\/produkt\/vibe-topfe-braun-2er-set\/\",\"name\":\"Vibe T\u00f6pfe Braun (2er Set) - H\u00fcbsch\",\"isPartOf\":{\"@id\":\"https:\/\/hubsch-interior.com\/de\/#website\"},\"primaryImageOfPage\":{\"@id\":\"https:\/\/hubsch-interior.com\/de\/produkt\/vibe-topfe-braun-2er-set\/#primaryimage\"},\"image\":{\"@id\":\"https:\/\/hubsch-interior.com\/de\/produkt\/vibe-topfe-braun-2er-set\/#primaryimage\"},\"thumbnailUrl\":\"https:\/\/hubsch-interior.com\/wp-content\/uploads\/2026\/02\/vibe-pots-brown-set-of-2-96f4886dfc207fa8b108dd534d041a15.jpg\",\"datePublished\":\"2025-05-13T11:49:50+00:00\",\"dateModified\":\"2026-04-09T02:45:03+00:00\",\"description\":\"Braune T\u00f6pfe f\u00fcr gr\u00fcne Pflanzen sehen so toll aus. Dieses Set aus zwei gr\u00fcnen Keramik-Pflanzgef\u00e4\u00dfen bringt Ihre Pflanzen zum Leuchten. Unverf\u00e4lscht\",\"breadcrumb\":{\"@id\":\"https:\/\/hubsch-interior.com\/de\/produkt\/vibe-topfe-braun-2er-set\/#breadcrumb\"},\"inLanguage\":\"de\",\"potentialAction\":[{\"@type\":\"ReadAction\",\"target\":[\"https:\/\/hubsch-interior.com\/de\/produkt\/vibe-topfe-braun-2er-set\/\"]}]},{\"@type\":\"ImageObject\",\"inLanguage\":\"de\",\"@id\":\"https:\/\/hubsch-interior.com\/de\/produkt\/vibe-topfe-braun-2er-set\/#primaryimage\",\"url\":\"https:\/\/hubsch-interior.com\/wp-content\/uploads\/2026\/02\/vibe-pots-brown-set-of-2-96f4886dfc207fa8b108dd534d041a15.jpg\",\"contentUrl\":\"https:\/\/hubsch-interior.com\/wp-content\/uploads\/2026\/02\/vibe-pots-brown-set-of-2-96f4886dfc207fa8b108dd534d041a15.jpg\",\"width\":1024,\"height\":1024},{\"@type\":\"BreadcrumbList\",\"@id\":\"https:\/\/hubsch-interior.com\/de\/produkt\/vibe-topfe-braun-2er-set\/#breadcrumb\",\"itemListElement\":[{\"@type\":\"ListItem\",\"position\":1,\"name\":\"Startseite\",\"item\":\"https:\/\/hubsch-interior.com\/de\/\"},{\"@type\":\"ListItem\",\"position\":2,\"name\":\"Produkte\",\"item\":\"https:\/\/hubsch-interior.com\/de\/shop-2\/\"},{\"@type\":\"ListItem\",\"position\":3,\"name\":\"Wohnaccessoires\",\"item\":\"https:\/\/hubsch-interior.com\/de\/produkt-kategorie\/wohnaccessoires\/\"},{\"@type\":\"ListItem\",\"position\":4,\"name\":\"T&ouml;pfe &amp; Gie&szlig;kannen\",\"item\":\"https:\/\/hubsch-interior.com\/de\/produkt-kategorie\/wohnaccessoires\/toepfe-giesskannen-de\/\"},{\"@type\":\"ListItem\",\"position\":5,\"name\":\"Blument&ouml;pfe\",\"item\":\"https:\/\/hubsch-interior.com\/de\/produkt-kategorie\/wohnaccessoires\/toepfe-giesskannen-de\/blumentoepfe-de\/\"},{\"@type\":\"ListItem\",\"position\":6,\"name\":\"Vibe T\u00f6pfe Braun (2er Set)\"}]},{\"@type\":\"WebSite\",\"@id\":\"https:\/\/hubsch-interior.com\/de\/#website\",\"url\":\"https:\/\/hubsch-interior.com\/de\/\",\"name\":\"H\u00fcbsch\",\"description\":\"Danish Home Interior and Design\",\"publisher\":{\"@id\":\"https:\/\/hubsch-interior.com\/de\/#organization\"},\"potentialAction\":[{\"@type\":\"SearchAction\",\"target\":{\"@type\":\"EntryPoint\",\"urlTemplate\":\"https:\/\/hubsch-interior.com\/de\/?s={search_term_string}\"},\"query-input\":{\"@type\":\"PropertyValueSpecification\",\"valueRequired\":true,\"valueName\":\"search_term_string\"}}],\"inLanguage\":\"de\"},{\"@type\":\"Organization\",\"@id\":\"https:\/\/hubsch-interior.com\/de\/#organization\",\"name\":\"H\u00fcbsch\",\"url\":\"https:\/\/hubsch-interior.com\/de\/\",\"logo\":{\"@type\":\"ImageObject\",\"inLanguage\":\"de\",\"@id\":\"https:\/\/hubsch-interior.com\/de\/#\/schema\/logo\/image\/\",\"url\":\"https:\/\/hubsch-interior.com\/wp-content\/uploads\/2022\/12\/Hubsch_logo_black_one_line.svg\",\"contentUrl\":\"https:\/\/hubsch-interior.com\/wp-content\/uploads\/2022\/12\/Hubsch_logo_black_one_line.svg\",\"caption\":\"H\u00fcbsch\"},\"image\":{\"@id\":\"https:\/\/hubsch-interior.com\/de\/#\/schema\/logo\/image\/\"}}]}<\/script>\n<!-- \/ Yoast SEO plugin. -->","yoast_head_json":{"title":"Vibe T\u00f6pfe Braun (2er Set) - H\u00fcbsch","description":"Braune T\u00f6pfe f\u00fcr gr\u00fcne Pflanzen sehen so toll aus. Dieses Set aus zwei gr\u00fcnen Keramik-Pflanzgef\u00e4\u00dfen bringt Ihre Pflanzen zum Leuchten. Unverf\u00e4lscht","robots":{"index":"index","follow":"follow","max-snippet":"max-snippet:-1","max-image-preview":"max-image-preview:large","max-video-preview":"max-video-preview:-1"},"canonical":"https:\/\/hubsch-interior.com\/de\/wp-json\/wp\/v2\/product\/1057620","og_locale":"de_DE","og_type":"article","og_title":"Vibe T\u00f6pfe Braun (2er Set) - H\u00fcbsch","og_description":"Braune T\u00f6pfe f\u00fcr gr\u00fcne Pflanzen sehen so toll aus. Dieses Set aus zwei gr\u00fcnen Keramik-Pflanzgef\u00e4\u00dfen bringt Ihre Pflanzen zum Leuchten. Unverf\u00e4lscht","og_url":"https:\/\/hubsch-interior.com\/de\/produkt\/vibe-topfe-braun-2er-set\/","og_site_name":"H\u00fcbsch","article_modified_time":"2026-04-09T02:45:03+00:00","og_image":[{"width":1024,"height":1024,"url":"https:\/\/hubsch-interior.com\/wp-content\/uploads\/2026\/02\/vibe-pots-brown-set-of-2-96f4886dfc207fa8b108dd534d041a15.jpg","type":"image\/jpeg"}],"twitter_card":"summary_large_image","schema":{"@context":"https:\/\/schema.org","@graph":[{"@type":"WebPage","@id":"https:\/\/hubsch-interior.com\/de\/produkt\/vibe-topfe-braun-2er-set\/","url":"https:\/\/hubsch-interior.com\/de\/produkt\/vibe-topfe-braun-2er-set\/","name":"Vibe T\u00f6pfe Braun (2er Set) - H\u00fcbsch","isPartOf":{"@id":"https:\/\/hubsch-interior.com\/de\/#website"},"primaryImageOfPage":{"@id":"https:\/\/hubsch-interior.com\/de\/produkt\/vibe-topfe-braun-2er-set\/#primaryimage"},"image":{"@id":"https:\/\/hubsch-interior.com\/de\/produkt\/vibe-topfe-braun-2er-set\/#primaryimage"},"thumbnailUrl":"https:\/\/hubsch-interior.com\/wp-content\/uploads\/2026\/02\/vibe-pots-brown-set-of-2-96f4886dfc207fa8b108dd534d041a15.jpg","datePublished":"2025-05-13T11:49:50+00:00","dateModified":"2026-04-09T02:45:03+00:00","description":"Braune T\u00f6pfe f\u00fcr gr\u00fcne Pflanzen sehen so toll aus. Dieses Set aus zwei gr\u00fcnen Keramik-Pflanzgef\u00e4\u00dfen bringt Ihre Pflanzen zum Leuchten. Unverf\u00e4lscht","breadcrumb":{"@id":"https:\/\/hubsch-interior.com\/de\/produkt\/vibe-topfe-braun-2er-set\/#breadcrumb"},"inLanguage":"de","potentialAction":[{"@type":"ReadAction","target":["https:\/\/hubsch-interior.com\/de\/produkt\/vibe-topfe-braun-2er-set\/"]}]},{"@type":"ImageObject","inLanguage":"de","@id":"https:\/\/hubsch-interior.com\/de\/produkt\/vibe-topfe-braun-2er-set\/#primaryimage","url":"https:\/\/hubsch-interior.com\/wp-content\/uploads\/2026\/02\/vibe-pots-brown-set-of-2-96f4886dfc207fa8b108dd534d041a15.jpg","contentUrl":"https:\/\/hubsch-interior.com\/wp-content\/uploads\/2026\/02\/vibe-pots-brown-set-of-2-96f4886dfc207fa8b108dd534d041a15.jpg","width":1024,"height":1024},{"@type":"BreadcrumbList","@id":"https:\/\/hubsch-interior.com\/de\/produkt\/vibe-topfe-braun-2er-set\/#breadcrumb","itemListElement":[{"@type":"ListItem","position":1,"name":"Startseite","item":"https:\/\/hubsch-interior.com\/de\/"},{"@type":"ListItem","position":2,"name":"Produkte","item":"https:\/\/hubsch-interior.com\/de\/shop-2\/"},{"@type":"ListItem","position":3,"name":"Wohnaccessoires","item":"https:\/\/hubsch-interior.com\/de\/produkt-kategorie\/wohnaccessoires\/"},{"@type":"ListItem","position":4,"name":"T&ouml;pfe &amp; Gie&szlig;kannen","item":"https:\/\/hubsch-interior.com\/de\/produkt-kategorie\/wohnaccessoires\/toepfe-giesskannen-de\/"},{"@type":"ListItem","position":5,"name":"Blument&ouml;pfe","item":"https:\/\/hubsch-interior.com\/de\/produkt-kategorie\/wohnaccessoires\/toepfe-giesskannen-de\/blumentoepfe-de\/"},{"@type":"ListItem","position":6,"name":"Vibe T\u00f6pfe Braun (2er Set)"}]},{"@type":"WebSite","@id":"https:\/\/hubsch-interior.com\/de\/#website","url":"https:\/\/hubsch-interior.com\/de\/","name":"H\u00fcbsch","description":"Danish Home Interior and Design","publisher":{"@id":"https:\/\/hubsch-interior.com\/de\/#organization"},"potentialAction":[{"@type":"SearchAction","target":{"@type":"EntryPoint","urlTemplate":"https:\/\/hubsch-interior.com\/de\/?s={search_term_string}"},"query-input":{"@type":"PropertyValueSpecification","valueRequired":true,"valueName":"search_term_string"}}],"inLanguage":"de"},{"@type":"Organization","@id":"https:\/\/hubsch-interior.com\/de\/#organization","name":"H\u00fcbsch","url":"https:\/\/hubsch-interior.com\/de\/","logo":{"@type":"ImageObject","inLanguage":"de","@id":"https:\/\/hubsch-interior.com\/de\/#\/schema\/logo\/image\/","url":"https:\/\/hubsch-interior.com\/wp-content\/uploads\/2022\/12\/Hubsch_logo_black_one_line.svg","contentUrl":"https:\/\/hubsch-interior.com\/wp-content\/uploads\/2022\/12\/Hubsch_logo_black_one_line.svg","caption":"H\u00fcbsch"},"image":{"@id":"https:\/\/hubsch-interior.com\/de\/#\/schema\/logo\/image\/"}}]}},"_links":{"self":[{"href":"https:\/\/hubsch-interior.com\/de\/wp-json\/wp\/v2\/product\/1057620","targetHints":{"allow":["GET"]}}],"collection":[{"href":"https:\/\/hubsch-interior.com\/de\/wp-json\/wp\/v2\/product"}],"about":[{"href":"https:\/\/hubsch-interior.com\/de\/wp-json\/wp\/v2\/types\/product"}],"wp:featuredmedia":[{"embeddable":true,"href":"https:\/\/hubsch-interior.com\/de\/wp-json\/wp\/v2\/media\/1100993"}],"wp:attachment":[{"href":"https:\/\/hubsch-interior.com\/de\/wp-json\/wp\/v2\/media?parent=1057620"}],"wp:term":[{"taxonomy":"product_brand","embeddable":true,"href":"https:\/\/hubsch-interior.com\/de\/wp-json\/wp\/v2\/product_brand?post=1057620"},{"taxonomy":"product_cat","embeddable":true,"href":"https:\/\/hubsch-interior.com\/de\/wp-json\/wp\/v2\/product_cat?post=1057620"},{"taxonomy":"product_tag","embeddable":true,"href":"https:\/\/hubsch-interior.com\/de\/wp-json\/wp\/v2\/product_tag?post=1057620"}],"curies":[{"name":"wp","href":"https:\/\/api.w.org\/{rel}","templated":true}]}}