{"id":1058018,"date":"2025-05-19T13:15:49","date_gmt":"2025-05-19T11:15:49","guid":{"rendered":"https:\/\/hubsch-interior.com\/product\/product\/"},"modified":"2026-04-12T04:42:56","modified_gmt":"2026-04-12T02:42:56","slug":"pavilion-decke-block-blau-multifarben","status":"publish","type":"product","link":"https:\/\/hubsch-interior.com\/de\/produkt\/pavilion-decke-block-blau-multifarben\/","title":{"rendered":"Pavilion Decke Block Blau\/\u00a0Multifarben"},"content":{"rendered":"<p>Wir pr\u00e4sentieren die Pavilion Decke, die in einer bezaubernden blau und bunten Palette mit blauen und erdigen T\u00f6nen sowie einem Hauch von Rot daherkommt. Diese Variante, gefertigt mit einer gem\u00fctlichen Stepp-Technik, garantiert ein kuscheliges Erlebnis. OEKO-TEX\u00ae STANDARD 100 zertifiziert und liebevoll aus reinem Baumwollstoff hergestellt, ist sie perfekt f\u00fcr das Picknick oder um sich an k\u00fchlen Abenden darin einzuh\u00fcllen. W\u00e4hlen Sie Ihre Lieblingsausf\u00fchrung aus unseren zwei reizvollen Varianten, um Ihrem t\u00e4glichen Leben einen Hauch von W\u00e4rme und Farbe zu verleihen.<\/p>\n","protected":false},"excerpt":{"rendered":"<p>Wir pr\u00e4sentieren die Pavilion Decke, die in einer bezaubernden blau und bunten Palette mit blauen und erdigen T\u00f6nen sowie einem Hauch von Rot daherkommt. Diese Variante, gefertigt mit einer gem\u00fctlichen Stepp-Technik, garantiert ein kuscheliges Erlebnis. OEKO-TEX\u00ae STANDARD 100 zertifiziert und liebevoll aus reinem Baumwollstoff hergestellt, ist sie perfekt f\u00fcr das Picknick oder um sich an [&hellip;]<\/p>\n","protected":false},"featured_media":1100509,"template":"","meta":{"_acf_changed":false,"inline_featured_image":false},"product_brand":[],"product_cat":[6940,5027,4943,6972,6519,6364,3004,6998],"product_tag":[],"class_list":{"0":"post-1058018","1":"product","2":"type-product","3":"status-publish","4":"has-post-thumbnail","6":"product_cat-additions-de","7":"product_cat-bestsellers-de","8":"product_cat-decken-de","9":"product_cat-oster-sale","10":"product_cat-outlet-de","11":"product_cat-tagesdecke-de","12":"product_cat-textilien","13":"product_cat-the-buzz-de","14":"product_shipping_class-pk","16":"pa_color-multifarben-2","17":"pa_color-blau-2","18":"pa_material-cotton-100-de","20":"first","21":"instock","22":"sale","23":"featured","24":"taxable","25":"shipping-taxable","26":"purchasable","27":"product-type-simple"},"exclude_global_add_ons":[],"addons":[],"acf":[],"yoast_head":"<!-- This site is optimized with the Yoast SEO plugin v26.4 - https:\/\/yoast.com\/wordpress\/plugins\/seo\/ -->\n<title>Pavilion Decke Block Blau\/\u00a0Multifarben - H\u00fcbsch<\/title>\n<meta name=\"description\" content=\"Wir pr\u00e4sentieren die Pavilion Decke, die in einer bezaubernden blau und bunten Palette mit blauen und erdigen T\u00f6nen sowie einem Hauch von Rot daherkommt.\" \/>\n<meta name=\"robots\" content=\"index, follow, max-snippet:-1, max-image-preview:large, max-video-preview:-1\" \/>\n<link rel=\"canonical\" href=\"https:\/\/hubsch-interior.com\/de\/wp-json\/wp\/v2\/product\/1058018\" \/>\n<meta property=\"og:locale\" content=\"de_DE\" \/>\n<meta property=\"og:type\" content=\"article\" \/>\n<meta property=\"og:title\" content=\"Pavilion Decke Block Blau\/\u00a0Multifarben - H\u00fcbsch\" \/>\n<meta property=\"og:description\" content=\"Wir pr\u00e4sentieren die Pavilion Decke, die in einer bezaubernden blau und bunten Palette mit blauen und erdigen T\u00f6nen sowie einem Hauch von Rot daherkommt.\" \/>\n<meta property=\"og:url\" content=\"https:\/\/hubsch-interior.com\/de\/produkt\/pavilion-decke-block-blau-multifarben\/\" \/>\n<meta property=\"og:site_name\" content=\"H\u00fcbsch\" \/>\n<meta property=\"article:modified_time\" content=\"2026-04-12T02:42:56+00:00\" \/>\n<meta property=\"og:image\" content=\"https:\/\/hubsch-interior.com\/wp-content\/uploads\/2025\/05\/pavilion-plaid-block-bluemulticolour-bfd3b35475f1572247304f4a7ba46e8a.jpg\" \/>\n\t<meta property=\"og:image:width\" content=\"400\" \/>\n\t<meta property=\"og:image:height\" content=\"400\" \/>\n\t<meta property=\"og:image:type\" content=\"image\/jpeg\" \/>\n<meta name=\"twitter:card\" content=\"summary_large_image\" \/>\n<script type=\"application\/ld+json\" class=\"yoast-schema-graph\">{\"@context\":\"https:\/\/schema.org\",\"@graph\":[{\"@type\":\"WebPage\",\"@id\":\"https:\/\/hubsch-interior.com\/de\/produkt\/pavilion-decke-block-blau-multifarben\/\",\"url\":\"https:\/\/hubsch-interior.com\/de\/produkt\/pavilion-decke-block-blau-multifarben\/\",\"name\":\"Pavilion Decke Block Blau\/\u00a0Multifarben - H\u00fcbsch\",\"isPartOf\":{\"@id\":\"https:\/\/hubsch-interior.com\/de\/#website\"},\"primaryImageOfPage\":{\"@id\":\"https:\/\/hubsch-interior.com\/de\/produkt\/pavilion-decke-block-blau-multifarben\/#primaryimage\"},\"image\":{\"@id\":\"https:\/\/hubsch-interior.com\/de\/produkt\/pavilion-decke-block-blau-multifarben\/#primaryimage\"},\"thumbnailUrl\":\"https:\/\/hubsch-interior.com\/wp-content\/uploads\/2026\/02\/pavilion-plaid-block-bluemulticolour-62f91582c278786f40c4507a87abbfc2.jpg\",\"datePublished\":\"2025-05-19T11:15:49+00:00\",\"dateModified\":\"2026-04-12T02:42:56+00:00\",\"description\":\"Wir pr\u00e4sentieren die Pavilion Decke, die in einer bezaubernden blau und bunten Palette mit blauen und erdigen T\u00f6nen sowie einem Hauch von Rot daherkommt.\",\"breadcrumb\":{\"@id\":\"https:\/\/hubsch-interior.com\/de\/produkt\/pavilion-decke-block-blau-multifarben\/#breadcrumb\"},\"inLanguage\":\"de\",\"potentialAction\":[{\"@type\":\"ReadAction\",\"target\":[\"https:\/\/hubsch-interior.com\/de\/produkt\/pavilion-decke-block-blau-multifarben\/\"]}]},{\"@type\":\"ImageObject\",\"inLanguage\":\"de\",\"@id\":\"https:\/\/hubsch-interior.com\/de\/produkt\/pavilion-decke-block-blau-multifarben\/#primaryimage\",\"url\":\"https:\/\/hubsch-interior.com\/wp-content\/uploads\/2026\/02\/pavilion-plaid-block-bluemulticolour-62f91582c278786f40c4507a87abbfc2.jpg\",\"contentUrl\":\"https:\/\/hubsch-interior.com\/wp-content\/uploads\/2026\/02\/pavilion-plaid-block-bluemulticolour-62f91582c278786f40c4507a87abbfc2.jpg\",\"width\":1024,\"height\":1024},{\"@type\":\"BreadcrumbList\",\"@id\":\"https:\/\/hubsch-interior.com\/de\/produkt\/pavilion-decke-block-blau-multifarben\/#breadcrumb\",\"itemListElement\":[{\"@type\":\"ListItem\",\"position\":1,\"name\":\"Startseite\",\"item\":\"https:\/\/hubsch-interior.com\/de\/\"},{\"@type\":\"ListItem\",\"position\":2,\"name\":\"Produkte\",\"item\":\"https:\/\/hubsch-interior.com\/de\/shop-2\/\"},{\"@type\":\"ListItem\",\"position\":3,\"name\":\"Textilien\",\"item\":\"https:\/\/hubsch-interior.com\/de\/produkt-kategorie\/textilien\/\"},{\"@type\":\"ListItem\",\"position\":4,\"name\":\"Decken\",\"item\":\"https:\/\/hubsch-interior.com\/de\/produkt-kategorie\/textilien\/decken-de\/\"},{\"@type\":\"ListItem\",\"position\":5,\"name\":\"Pavilion Decke Block Blau\/\u00a0Multifarben\"}]},{\"@type\":\"WebSite\",\"@id\":\"https:\/\/hubsch-interior.com\/de\/#website\",\"url\":\"https:\/\/hubsch-interior.com\/de\/\",\"name\":\"H\u00fcbsch\",\"description\":\"Danish Home Interior and Design\",\"publisher\":{\"@id\":\"https:\/\/hubsch-interior.com\/de\/#organization\"},\"potentialAction\":[{\"@type\":\"SearchAction\",\"target\":{\"@type\":\"EntryPoint\",\"urlTemplate\":\"https:\/\/hubsch-interior.com\/de\/?s={search_term_string}\"},\"query-input\":{\"@type\":\"PropertyValueSpecification\",\"valueRequired\":true,\"valueName\":\"search_term_string\"}}],\"inLanguage\":\"de\"},{\"@type\":\"Organization\",\"@id\":\"https:\/\/hubsch-interior.com\/de\/#organization\",\"name\":\"H\u00fcbsch\",\"url\":\"https:\/\/hubsch-interior.com\/de\/\",\"logo\":{\"@type\":\"ImageObject\",\"inLanguage\":\"de\",\"@id\":\"https:\/\/hubsch-interior.com\/de\/#\/schema\/logo\/image\/\",\"url\":\"https:\/\/hubsch-interior.com\/wp-content\/uploads\/2022\/12\/Hubsch_logo_black_one_line.svg\",\"contentUrl\":\"https:\/\/hubsch-interior.com\/wp-content\/uploads\/2022\/12\/Hubsch_logo_black_one_line.svg\",\"caption\":\"H\u00fcbsch\"},\"image\":{\"@id\":\"https:\/\/hubsch-interior.com\/de\/#\/schema\/logo\/image\/\"}}]}<\/script>\n<!-- \/ Yoast SEO plugin. -->","yoast_head_json":{"title":"Pavilion Decke Block Blau\/\u00a0Multifarben - H\u00fcbsch","description":"Wir pr\u00e4sentieren die Pavilion Decke, die in einer bezaubernden blau und bunten Palette mit blauen und erdigen T\u00f6nen sowie einem Hauch von Rot daherkommt.","robots":{"index":"index","follow":"follow","max-snippet":"max-snippet:-1","max-image-preview":"max-image-preview:large","max-video-preview":"max-video-preview:-1"},"canonical":"https:\/\/hubsch-interior.com\/de\/wp-json\/wp\/v2\/product\/1058018","og_locale":"de_DE","og_type":"article","og_title":"Pavilion Decke Block Blau\/\u00a0Multifarben - H\u00fcbsch","og_description":"Wir pr\u00e4sentieren die Pavilion Decke, die in einer bezaubernden blau und bunten Palette mit blauen und erdigen T\u00f6nen sowie einem Hauch von Rot daherkommt.","og_url":"https:\/\/hubsch-interior.com\/de\/produkt\/pavilion-decke-block-blau-multifarben\/","og_site_name":"H\u00fcbsch","article_modified_time":"2026-04-12T02:42:56+00:00","og_image":[{"width":400,"height":400,"url":"https:\/\/hubsch-interior.com\/wp-content\/uploads\/2025\/05\/pavilion-plaid-block-bluemulticolour-bfd3b35475f1572247304f4a7ba46e8a.jpg","type":"image\/jpeg"}],"twitter_card":"summary_large_image","schema":{"@context":"https:\/\/schema.org","@graph":[{"@type":"WebPage","@id":"https:\/\/hubsch-interior.com\/de\/produkt\/pavilion-decke-block-blau-multifarben\/","url":"https:\/\/hubsch-interior.com\/de\/produkt\/pavilion-decke-block-blau-multifarben\/","name":"Pavilion Decke Block Blau\/\u00a0Multifarben - H\u00fcbsch","isPartOf":{"@id":"https:\/\/hubsch-interior.com\/de\/#website"},"primaryImageOfPage":{"@id":"https:\/\/hubsch-interior.com\/de\/produkt\/pavilion-decke-block-blau-multifarben\/#primaryimage"},"image":{"@id":"https:\/\/hubsch-interior.com\/de\/produkt\/pavilion-decke-block-blau-multifarben\/#primaryimage"},"thumbnailUrl":"https:\/\/hubsch-interior.com\/wp-content\/uploads\/2026\/02\/pavilion-plaid-block-bluemulticolour-62f91582c278786f40c4507a87abbfc2.jpg","datePublished":"2025-05-19T11:15:49+00:00","dateModified":"2026-04-12T02:42:56+00:00","description":"Wir pr\u00e4sentieren die Pavilion Decke, die in einer bezaubernden blau und bunten Palette mit blauen und erdigen T\u00f6nen sowie einem Hauch von Rot daherkommt.","breadcrumb":{"@id":"https:\/\/hubsch-interior.com\/de\/produkt\/pavilion-decke-block-blau-multifarben\/#breadcrumb"},"inLanguage":"de","potentialAction":[{"@type":"ReadAction","target":["https:\/\/hubsch-interior.com\/de\/produkt\/pavilion-decke-block-blau-multifarben\/"]}]},{"@type":"ImageObject","inLanguage":"de","@id":"https:\/\/hubsch-interior.com\/de\/produkt\/pavilion-decke-block-blau-multifarben\/#primaryimage","url":"https:\/\/hubsch-interior.com\/wp-content\/uploads\/2026\/02\/pavilion-plaid-block-bluemulticolour-62f91582c278786f40c4507a87abbfc2.jpg","contentUrl":"https:\/\/hubsch-interior.com\/wp-content\/uploads\/2026\/02\/pavilion-plaid-block-bluemulticolour-62f91582c278786f40c4507a87abbfc2.jpg","width":1024,"height":1024},{"@type":"BreadcrumbList","@id":"https:\/\/hubsch-interior.com\/de\/produkt\/pavilion-decke-block-blau-multifarben\/#breadcrumb","itemListElement":[{"@type":"ListItem","position":1,"name":"Startseite","item":"https:\/\/hubsch-interior.com\/de\/"},{"@type":"ListItem","position":2,"name":"Produkte","item":"https:\/\/hubsch-interior.com\/de\/shop-2\/"},{"@type":"ListItem","position":3,"name":"Textilien","item":"https:\/\/hubsch-interior.com\/de\/produkt-kategorie\/textilien\/"},{"@type":"ListItem","position":4,"name":"Decken","item":"https:\/\/hubsch-interior.com\/de\/produkt-kategorie\/textilien\/decken-de\/"},{"@type":"ListItem","position":5,"name":"Pavilion Decke Block Blau\/\u00a0Multifarben"}]},{"@type":"WebSite","@id":"https:\/\/hubsch-interior.com\/de\/#website","url":"https:\/\/hubsch-interior.com\/de\/","name":"H\u00fcbsch","description":"Danish Home Interior and Design","publisher":{"@id":"https:\/\/hubsch-interior.com\/de\/#organization"},"potentialAction":[{"@type":"SearchAction","target":{"@type":"EntryPoint","urlTemplate":"https:\/\/hubsch-interior.com\/de\/?s={search_term_string}"},"query-input":{"@type":"PropertyValueSpecification","valueRequired":true,"valueName":"search_term_string"}}],"inLanguage":"de"},{"@type":"Organization","@id":"https:\/\/hubsch-interior.com\/de\/#organization","name":"H\u00fcbsch","url":"https:\/\/hubsch-interior.com\/de\/","logo":{"@type":"ImageObject","inLanguage":"de","@id":"https:\/\/hubsch-interior.com\/de\/#\/schema\/logo\/image\/","url":"https:\/\/hubsch-interior.com\/wp-content\/uploads\/2022\/12\/Hubsch_logo_black_one_line.svg","contentUrl":"https:\/\/hubsch-interior.com\/wp-content\/uploads\/2022\/12\/Hubsch_logo_black_one_line.svg","caption":"H\u00fcbsch"},"image":{"@id":"https:\/\/hubsch-interior.com\/de\/#\/schema\/logo\/image\/"}}]}},"_links":{"self":[{"href":"https:\/\/hubsch-interior.com\/de\/wp-json\/wp\/v2\/product\/1058018","targetHints":{"allow":["GET"]}}],"collection":[{"href":"https:\/\/hubsch-interior.com\/de\/wp-json\/wp\/v2\/product"}],"about":[{"href":"https:\/\/hubsch-interior.com\/de\/wp-json\/wp\/v2\/types\/product"}],"wp:featuredmedia":[{"embeddable":true,"href":"https:\/\/hubsch-interior.com\/de\/wp-json\/wp\/v2\/media\/1100509"}],"wp:attachment":[{"href":"https:\/\/hubsch-interior.com\/de\/wp-json\/wp\/v2\/media?parent=1058018"}],"wp:term":[{"taxonomy":"product_brand","embeddable":true,"href":"https:\/\/hubsch-interior.com\/de\/wp-json\/wp\/v2\/product_brand?post=1058018"},{"taxonomy":"product_cat","embeddable":true,"href":"https:\/\/hubsch-interior.com\/de\/wp-json\/wp\/v2\/product_cat?post=1058018"},{"taxonomy":"product_tag","embeddable":true,"href":"https:\/\/hubsch-interior.com\/de\/wp-json\/wp\/v2\/product_tag?post=1058018"}],"curies":[{"name":"wp","href":"https:\/\/api.w.org\/{rel}","templated":true}]}}