{"id":1058026,"date":"2025-05-19T13:15:55","date_gmt":"2025-05-19T11:15:55","guid":{"rendered":"https:\/\/hubsch-interior.com\/product\/product\/"},"modified":"2026-04-10T04:43:02","modified_gmt":"2026-04-10T02:43:02","slug":"pavilion-decke-block-coral-multifarben","status":"publish","type":"product","link":"https:\/\/hubsch-interior.com\/de\/produkt\/pavilion-decke-block-coral-multifarben\/","title":{"rendered":"Pavilion Decke Block Coral\/\u00a0Multifarben"},"content":{"rendered":"<p>Wir pr\u00e4sentieren die Pavilion Decke, ein pr\u00e4chtiges Gewebe aus Korallenfarben und multikoloralen T\u00f6nen, entworfen, um einen Hauch von Pastellt\u00f6nen in Ihre Innenraumfreizeit zu bringen. Hergestellt in traditioneller Stepp-Technik, ist diese 100% Baumwolldecke nicht nur gem\u00fctlich, sondern auch mit dem OEKO-TEX\u00ae STANDARD 100 Zertifikat ausgezeichnet, was garantiert, dass sie frei von sch\u00e4dlichen Substanzen ist. Perfekt f\u00fcr das Picknick oder zum Einkuscheln an k\u00fchlen Abenden, ist sie eine exquisite Erg\u00e4nzung f\u00fcr Ihre Wohnkomfort-Basics.<\/p>\n","protected":false},"excerpt":{"rendered":"<p>Wir pr\u00e4sentieren die Pavilion Decke, ein pr\u00e4chtiges Gewebe aus Korallenfarben und multikoloralen T\u00f6nen, entworfen, um einen Hauch von Pastellt\u00f6nen in Ihre Innenraumfreizeit zu bringen. Hergestellt in traditioneller Stepp-Technik, ist diese 100% Baumwolldecke nicht nur gem\u00fctlich, sondern auch mit dem OEKO-TEX\u00ae STANDARD 100 Zertifikat ausgezeichnet, was garantiert, dass sie frei von sch\u00e4dlichen Substanzen ist. Perfekt f\u00fcr [&hellip;]<\/p>\n","protected":false},"featured_media":1100529,"template":"","meta":{"_acf_changed":false,"inline_featured_image":false},"product_brand":[],"product_cat":[6940,5027,4943,6972,6519,6364,3004,6998],"product_tag":[],"class_list":{"0":"post-1058026","1":"product","2":"type-product","3":"status-publish","4":"has-post-thumbnail","6":"product_cat-additions-de","7":"product_cat-bestsellers-de","8":"product_cat-decken-de","9":"product_cat-oster-sale","10":"product_cat-outlet-de","11":"product_cat-tagesdecke-de","12":"product_cat-textilien","13":"product_cat-the-buzz-de","14":"product_shipping_class-pk","16":"pa_color-multifarben-2","17":"pa_material-cotton-100-de","19":"first","20":"instock","21":"sale","22":"featured","23":"taxable","24":"shipping-taxable","25":"purchasable","26":"product-type-simple"},"exclude_global_add_ons":[],"addons":[],"acf":[],"yoast_head":"<!-- This site is optimized with the Yoast SEO plugin v26.4 - https:\/\/yoast.com\/wordpress\/plugins\/seo\/ -->\n<title>Pavilion Decke Block Coral\/\u00a0Multifarben - H\u00fcbsch<\/title>\n<meta name=\"description\" content=\"Wir pr\u00e4sentieren die Pavilion Decke, ein pr\u00e4chtiges Gewebe aus Korallenfarben und multikoloralen T\u00f6nen, entworfen, um einen Hauch von Pastellt\u00f6nen in Ihre\" \/>\n<meta name=\"robots\" content=\"index, follow, max-snippet:-1, max-image-preview:large, max-video-preview:-1\" \/>\n<link rel=\"canonical\" href=\"https:\/\/hubsch-interior.com\/de\/wp-json\/wp\/v2\/product\/1058026\" \/>\n<meta property=\"og:locale\" content=\"de_DE\" \/>\n<meta property=\"og:type\" content=\"article\" \/>\n<meta property=\"og:title\" content=\"Pavilion Decke Block Coral\/\u00a0Multifarben - H\u00fcbsch\" \/>\n<meta property=\"og:description\" content=\"Wir pr\u00e4sentieren die Pavilion Decke, ein pr\u00e4chtiges Gewebe aus Korallenfarben und multikoloralen T\u00f6nen, entworfen, um einen Hauch von Pastellt\u00f6nen in Ihre\" \/>\n<meta property=\"og:url\" content=\"https:\/\/hubsch-interior.com\/de\/produkt\/pavilion-decke-block-coral-multifarben\/\" \/>\n<meta property=\"og:site_name\" content=\"H\u00fcbsch\" \/>\n<meta property=\"article:modified_time\" content=\"2026-04-10T02:43:02+00:00\" \/>\n<meta property=\"og:image\" content=\"https:\/\/hubsch-interior.com\/wp-content\/uploads\/2025\/05\/pavilion-plaid-block-coralmulticolour-6092dcbe8c14c39126551dfc4a0173fc.jpg\" \/>\n\t<meta property=\"og:image:width\" content=\"400\" \/>\n\t<meta property=\"og:image:height\" content=\"400\" \/>\n\t<meta property=\"og:image:type\" content=\"image\/jpeg\" \/>\n<meta name=\"twitter:card\" content=\"summary_large_image\" \/>\n<script type=\"application\/ld+json\" class=\"yoast-schema-graph\">{\"@context\":\"https:\/\/schema.org\",\"@graph\":[{\"@type\":\"WebPage\",\"@id\":\"https:\/\/hubsch-interior.com\/de\/produkt\/pavilion-decke-block-coral-multifarben\/\",\"url\":\"https:\/\/hubsch-interior.com\/de\/produkt\/pavilion-decke-block-coral-multifarben\/\",\"name\":\"Pavilion Decke Block Coral\/\u00a0Multifarben - H\u00fcbsch\",\"isPartOf\":{\"@id\":\"https:\/\/hubsch-interior.com\/de\/#website\"},\"primaryImageOfPage\":{\"@id\":\"https:\/\/hubsch-interior.com\/de\/produkt\/pavilion-decke-block-coral-multifarben\/#primaryimage\"},\"image\":{\"@id\":\"https:\/\/hubsch-interior.com\/de\/produkt\/pavilion-decke-block-coral-multifarben\/#primaryimage\"},\"thumbnailUrl\":\"https:\/\/hubsch-interior.com\/wp-content\/uploads\/2026\/02\/pavilion-plaid-block-coralmulticolour-333838b705f6d369c84f5227a92fbde8.jpg\",\"datePublished\":\"2025-05-19T11:15:55+00:00\",\"dateModified\":\"2026-04-10T02:43:02+00:00\",\"description\":\"Wir pr\u00e4sentieren die Pavilion Decke, ein pr\u00e4chtiges Gewebe aus Korallenfarben und multikoloralen T\u00f6nen, entworfen, um einen Hauch von Pastellt\u00f6nen in Ihre\",\"breadcrumb\":{\"@id\":\"https:\/\/hubsch-interior.com\/de\/produkt\/pavilion-decke-block-coral-multifarben\/#breadcrumb\"},\"inLanguage\":\"de\",\"potentialAction\":[{\"@type\":\"ReadAction\",\"target\":[\"https:\/\/hubsch-interior.com\/de\/produkt\/pavilion-decke-block-coral-multifarben\/\"]}]},{\"@type\":\"ImageObject\",\"inLanguage\":\"de\",\"@id\":\"https:\/\/hubsch-interior.com\/de\/produkt\/pavilion-decke-block-coral-multifarben\/#primaryimage\",\"url\":\"https:\/\/hubsch-interior.com\/wp-content\/uploads\/2026\/02\/pavilion-plaid-block-coralmulticolour-333838b705f6d369c84f5227a92fbde8.jpg\",\"contentUrl\":\"https:\/\/hubsch-interior.com\/wp-content\/uploads\/2026\/02\/pavilion-plaid-block-coralmulticolour-333838b705f6d369c84f5227a92fbde8.jpg\",\"width\":1024,\"height\":1024},{\"@type\":\"BreadcrumbList\",\"@id\":\"https:\/\/hubsch-interior.com\/de\/produkt\/pavilion-decke-block-coral-multifarben\/#breadcrumb\",\"itemListElement\":[{\"@type\":\"ListItem\",\"position\":1,\"name\":\"Startseite\",\"item\":\"https:\/\/hubsch-interior.com\/de\/\"},{\"@type\":\"ListItem\",\"position\":2,\"name\":\"Produkte\",\"item\":\"https:\/\/hubsch-interior.com\/de\/shop-2\/\"},{\"@type\":\"ListItem\",\"position\":3,\"name\":\"Textilien\",\"item\":\"https:\/\/hubsch-interior.com\/de\/produkt-kategorie\/textilien\/\"},{\"@type\":\"ListItem\",\"position\":4,\"name\":\"Decken\",\"item\":\"https:\/\/hubsch-interior.com\/de\/produkt-kategorie\/textilien\/decken-de\/\"},{\"@type\":\"ListItem\",\"position\":5,\"name\":\"Pavilion Decke Block Coral\/\u00a0Multifarben\"}]},{\"@type\":\"WebSite\",\"@id\":\"https:\/\/hubsch-interior.com\/de\/#website\",\"url\":\"https:\/\/hubsch-interior.com\/de\/\",\"name\":\"H\u00fcbsch\",\"description\":\"Danish Home Interior and Design\",\"publisher\":{\"@id\":\"https:\/\/hubsch-interior.com\/de\/#organization\"},\"potentialAction\":[{\"@type\":\"SearchAction\",\"target\":{\"@type\":\"EntryPoint\",\"urlTemplate\":\"https:\/\/hubsch-interior.com\/de\/?s={search_term_string}\"},\"query-input\":{\"@type\":\"PropertyValueSpecification\",\"valueRequired\":true,\"valueName\":\"search_term_string\"}}],\"inLanguage\":\"de\"},{\"@type\":\"Organization\",\"@id\":\"https:\/\/hubsch-interior.com\/de\/#organization\",\"name\":\"H\u00fcbsch\",\"url\":\"https:\/\/hubsch-interior.com\/de\/\",\"logo\":{\"@type\":\"ImageObject\",\"inLanguage\":\"de\",\"@id\":\"https:\/\/hubsch-interior.com\/de\/#\/schema\/logo\/image\/\",\"url\":\"https:\/\/hubsch-interior.com\/wp-content\/uploads\/2022\/12\/Hubsch_logo_black_one_line.svg\",\"contentUrl\":\"https:\/\/hubsch-interior.com\/wp-content\/uploads\/2022\/12\/Hubsch_logo_black_one_line.svg\",\"caption\":\"H\u00fcbsch\"},\"image\":{\"@id\":\"https:\/\/hubsch-interior.com\/de\/#\/schema\/logo\/image\/\"}}]}<\/script>\n<!-- \/ Yoast SEO plugin. -->","yoast_head_json":{"title":"Pavilion Decke Block Coral\/\u00a0Multifarben - H\u00fcbsch","description":"Wir pr\u00e4sentieren die Pavilion Decke, ein pr\u00e4chtiges Gewebe aus Korallenfarben und multikoloralen T\u00f6nen, entworfen, um einen Hauch von Pastellt\u00f6nen in Ihre","robots":{"index":"index","follow":"follow","max-snippet":"max-snippet:-1","max-image-preview":"max-image-preview:large","max-video-preview":"max-video-preview:-1"},"canonical":"https:\/\/hubsch-interior.com\/de\/wp-json\/wp\/v2\/product\/1058026","og_locale":"de_DE","og_type":"article","og_title":"Pavilion Decke Block Coral\/\u00a0Multifarben - H\u00fcbsch","og_description":"Wir pr\u00e4sentieren die Pavilion Decke, ein pr\u00e4chtiges Gewebe aus Korallenfarben und multikoloralen T\u00f6nen, entworfen, um einen Hauch von Pastellt\u00f6nen in Ihre","og_url":"https:\/\/hubsch-interior.com\/de\/produkt\/pavilion-decke-block-coral-multifarben\/","og_site_name":"H\u00fcbsch","article_modified_time":"2026-04-10T02:43:02+00:00","og_image":[{"width":400,"height":400,"url":"https:\/\/hubsch-interior.com\/wp-content\/uploads\/2025\/05\/pavilion-plaid-block-coralmulticolour-6092dcbe8c14c39126551dfc4a0173fc.jpg","type":"image\/jpeg"}],"twitter_card":"summary_large_image","schema":{"@context":"https:\/\/schema.org","@graph":[{"@type":"WebPage","@id":"https:\/\/hubsch-interior.com\/de\/produkt\/pavilion-decke-block-coral-multifarben\/","url":"https:\/\/hubsch-interior.com\/de\/produkt\/pavilion-decke-block-coral-multifarben\/","name":"Pavilion Decke Block Coral\/\u00a0Multifarben - H\u00fcbsch","isPartOf":{"@id":"https:\/\/hubsch-interior.com\/de\/#website"},"primaryImageOfPage":{"@id":"https:\/\/hubsch-interior.com\/de\/produkt\/pavilion-decke-block-coral-multifarben\/#primaryimage"},"image":{"@id":"https:\/\/hubsch-interior.com\/de\/produkt\/pavilion-decke-block-coral-multifarben\/#primaryimage"},"thumbnailUrl":"https:\/\/hubsch-interior.com\/wp-content\/uploads\/2026\/02\/pavilion-plaid-block-coralmulticolour-333838b705f6d369c84f5227a92fbde8.jpg","datePublished":"2025-05-19T11:15:55+00:00","dateModified":"2026-04-10T02:43:02+00:00","description":"Wir pr\u00e4sentieren die Pavilion Decke, ein pr\u00e4chtiges Gewebe aus Korallenfarben und multikoloralen T\u00f6nen, entworfen, um einen Hauch von Pastellt\u00f6nen in Ihre","breadcrumb":{"@id":"https:\/\/hubsch-interior.com\/de\/produkt\/pavilion-decke-block-coral-multifarben\/#breadcrumb"},"inLanguage":"de","potentialAction":[{"@type":"ReadAction","target":["https:\/\/hubsch-interior.com\/de\/produkt\/pavilion-decke-block-coral-multifarben\/"]}]},{"@type":"ImageObject","inLanguage":"de","@id":"https:\/\/hubsch-interior.com\/de\/produkt\/pavilion-decke-block-coral-multifarben\/#primaryimage","url":"https:\/\/hubsch-interior.com\/wp-content\/uploads\/2026\/02\/pavilion-plaid-block-coralmulticolour-333838b705f6d369c84f5227a92fbde8.jpg","contentUrl":"https:\/\/hubsch-interior.com\/wp-content\/uploads\/2026\/02\/pavilion-plaid-block-coralmulticolour-333838b705f6d369c84f5227a92fbde8.jpg","width":1024,"height":1024},{"@type":"BreadcrumbList","@id":"https:\/\/hubsch-interior.com\/de\/produkt\/pavilion-decke-block-coral-multifarben\/#breadcrumb","itemListElement":[{"@type":"ListItem","position":1,"name":"Startseite","item":"https:\/\/hubsch-interior.com\/de\/"},{"@type":"ListItem","position":2,"name":"Produkte","item":"https:\/\/hubsch-interior.com\/de\/shop-2\/"},{"@type":"ListItem","position":3,"name":"Textilien","item":"https:\/\/hubsch-interior.com\/de\/produkt-kategorie\/textilien\/"},{"@type":"ListItem","position":4,"name":"Decken","item":"https:\/\/hubsch-interior.com\/de\/produkt-kategorie\/textilien\/decken-de\/"},{"@type":"ListItem","position":5,"name":"Pavilion Decke Block Coral\/\u00a0Multifarben"}]},{"@type":"WebSite","@id":"https:\/\/hubsch-interior.com\/de\/#website","url":"https:\/\/hubsch-interior.com\/de\/","name":"H\u00fcbsch","description":"Danish Home Interior and Design","publisher":{"@id":"https:\/\/hubsch-interior.com\/de\/#organization"},"potentialAction":[{"@type":"SearchAction","target":{"@type":"EntryPoint","urlTemplate":"https:\/\/hubsch-interior.com\/de\/?s={search_term_string}"},"query-input":{"@type":"PropertyValueSpecification","valueRequired":true,"valueName":"search_term_string"}}],"inLanguage":"de"},{"@type":"Organization","@id":"https:\/\/hubsch-interior.com\/de\/#organization","name":"H\u00fcbsch","url":"https:\/\/hubsch-interior.com\/de\/","logo":{"@type":"ImageObject","inLanguage":"de","@id":"https:\/\/hubsch-interior.com\/de\/#\/schema\/logo\/image\/","url":"https:\/\/hubsch-interior.com\/wp-content\/uploads\/2022\/12\/Hubsch_logo_black_one_line.svg","contentUrl":"https:\/\/hubsch-interior.com\/wp-content\/uploads\/2022\/12\/Hubsch_logo_black_one_line.svg","caption":"H\u00fcbsch"},"image":{"@id":"https:\/\/hubsch-interior.com\/de\/#\/schema\/logo\/image\/"}}]}},"_links":{"self":[{"href":"https:\/\/hubsch-interior.com\/de\/wp-json\/wp\/v2\/product\/1058026","targetHints":{"allow":["GET"]}}],"collection":[{"href":"https:\/\/hubsch-interior.com\/de\/wp-json\/wp\/v2\/product"}],"about":[{"href":"https:\/\/hubsch-interior.com\/de\/wp-json\/wp\/v2\/types\/product"}],"wp:featuredmedia":[{"embeddable":true,"href":"https:\/\/hubsch-interior.com\/de\/wp-json\/wp\/v2\/media\/1100529"}],"wp:attachment":[{"href":"https:\/\/hubsch-interior.com\/de\/wp-json\/wp\/v2\/media?parent=1058026"}],"wp:term":[{"taxonomy":"product_brand","embeddable":true,"href":"https:\/\/hubsch-interior.com\/de\/wp-json\/wp\/v2\/product_brand?post=1058026"},{"taxonomy":"product_cat","embeddable":true,"href":"https:\/\/hubsch-interior.com\/de\/wp-json\/wp\/v2\/product_cat?post=1058026"},{"taxonomy":"product_tag","embeddable":true,"href":"https:\/\/hubsch-interior.com\/de\/wp-json\/wp\/v2\/product_tag?post=1058026"}],"curies":[{"name":"wp","href":"https:\/\/api.w.org\/{rel}","templated":true}]}}