{"id":1060573,"date":"2025-06-04T15:17:59","date_gmt":"2025-06-04T13:17:59","guid":{"rendered":"https:\/\/hubsch-interior.com\/product\/product\/"},"modified":"2026-04-09T05:22:50","modified_gmt":"2026-04-09T03:22:50","slug":"hubsch-x-peleton-abstract-collage-06-by-karolina-szekely","status":"publish","type":"product","link":"https:\/\/hubsch-interior.com\/de\/produkt\/hubsch-x-peleton-abstract-collage-06-by-karolina-szekely\/","title":{"rendered":"H\u00fcbsch x Pel\u00e9ton &#8211;  Abstract Collage 06 by Karolina Sz\u00e9kely"},"content":{"rendered":"<p>Part of the exclusive Pel\u00e9ton x H\u00fcbsch collaboration, <i>Abstract Collage 06<\/i> is a modern and abstract art print by artist Karolina Sz\u00e9kely. <\/p>\n<p>Influenced by sculpture, interior design, and the natural world, her work is a playful exploration of form and texture \u2014 always evolving, always inviting. Rather than conveying a specific message, Karolina&#8217;s intuitive approach evokes feeling over meaning. <\/p>\n<p>Framed in H\u00fcbsch\u2019s handcrafted oak frame, this limited-edition poster brings warmth, and a sense of curiosity into your home.<\/p>\n","protected":false},"excerpt":{"rendered":"<p>Part of the exclusive Pel\u00e9ton x H\u00fcbsch collaboration, Abstract Collage 06 is a modern and abstract art print by artist Karolina Sz\u00e9kely. Influenced by sculpture, interior design, and the natural world, her work is a playful exploration of form and texture \u2014 always evolving, always inviting. Rather than conveying a specific message, Karolina&#8217;s intuitive approach [&hellip;]<\/p>\n","protected":false},"featured_media":1114129,"template":"","meta":{"_acf_changed":false,"inline_featured_image":false},"product_brand":[],"product_cat":[6323,7088,6770,4937,3118],"product_tag":[7091],"class_list":{"0":"post-1060573","1":"product","2":"type-product","3":"status-publish","4":"has-post-thumbnail","6":"product_cat-fsc-de","7":"product_cat-huebsch-x-peleton-de","8":"product_cat-valentine-de","9":"product_cat-rahmen-de","10":"product_cat-wanddekoration-de","11":"product_tag-exklusiv","12":"product_shipping_class-pk","14":"pa_material-eichenholz","15":"pa_material-mdf-de","16":"pa_material-plexiglas-3","18":"first","19":"instock","20":"taxable","21":"shipping-taxable","22":"purchasable","23":"product-type-simple"},"exclude_global_add_ons":[],"addons":[],"acf":[],"yoast_head":"<!-- This site is optimized with the Yoast SEO plugin v26.4 - https:\/\/yoast.com\/wordpress\/plugins\/seo\/ -->\n<title>H\u00fcbsch x Pel\u00e9ton - Abstract Collage 06 by Karolina Sz\u00e9kely - H\u00fcbsch<\/title>\n<meta name=\"description\" content=\"Part of the exclusive Pel\u00e9ton x H\u00fcbsch collaboration, Abstract Collage 06 is a modern and abstract art print by artist Karolina Sz\u00e9kely. Influenced by\" \/>\n<meta name=\"robots\" content=\"index, follow, max-snippet:-1, max-image-preview:large, max-video-preview:-1\" \/>\n<link rel=\"canonical\" href=\"https:\/\/hubsch-interior.com\/de\/wp-json\/wp\/v2\/product\/1060573\" \/>\n<meta property=\"og:locale\" content=\"de_DE\" \/>\n<meta property=\"og:type\" content=\"article\" \/>\n<meta property=\"og:title\" content=\"H\u00fcbsch x Pel\u00e9ton - Abstract Collage 06 by Karolina Sz\u00e9kely - H\u00fcbsch\" \/>\n<meta property=\"og:description\" content=\"Part of the exclusive Pel\u00e9ton x H\u00fcbsch collaboration, Abstract Collage 06 is a modern and abstract art print by artist Karolina Sz\u00e9kely. Influenced by\" \/>\n<meta property=\"og:url\" content=\"https:\/\/hubsch-interior.com\/de\/produkt\/hubsch-x-peleton-abstract-collage-06-by-karolina-szekely\/\" \/>\n<meta property=\"og:site_name\" content=\"H\u00fcbsch\" \/>\n<meta property=\"article:modified_time\" content=\"2026-04-09T03:22:50+00:00\" \/>\n<meta property=\"og:image\" content=\"https:\/\/hubsch-interior.com\/wp-content\/uploads\/2025\/06\/hubsch-x-peleton-abstract-collage-06-by-karolina-szekely-7a8b654c42fa77ba78ae1893ffc27623.jpg\" \/>\n\t<meta property=\"og:image:width\" content=\"1200\" \/>\n\t<meta property=\"og:image:height\" content=\"1200\" \/>\n\t<meta property=\"og:image:type\" content=\"image\/jpeg\" \/>\n<meta name=\"twitter:card\" content=\"summary_large_image\" \/>\n<script type=\"application\/ld+json\" class=\"yoast-schema-graph\">{\"@context\":\"https:\/\/schema.org\",\"@graph\":[{\"@type\":\"WebPage\",\"@id\":\"https:\/\/hubsch-interior.com\/de\/produkt\/hubsch-x-peleton-abstract-collage-06-by-karolina-szekely\/\",\"url\":\"https:\/\/hubsch-interior.com\/de\/produkt\/hubsch-x-peleton-abstract-collage-06-by-karolina-szekely\/\",\"name\":\"H\u00fcbsch x Pel\u00e9ton - Abstract Collage 06 by Karolina Sz\u00e9kely - H\u00fcbsch\",\"isPartOf\":{\"@id\":\"https:\/\/hubsch-interior.com\/de\/#website\"},\"primaryImageOfPage\":{\"@id\":\"https:\/\/hubsch-interior.com\/de\/produkt\/hubsch-x-peleton-abstract-collage-06-by-karolina-szekely\/#primaryimage\"},\"image\":{\"@id\":\"https:\/\/hubsch-interior.com\/de\/produkt\/hubsch-x-peleton-abstract-collage-06-by-karolina-szekely\/#primaryimage\"},\"thumbnailUrl\":\"https:\/\/hubsch-interior.com\/wp-content\/uploads\/2026\/02\/hubsch-x-peleton-abstract-collage-06-by-karolina-szekely-55986c9e34c82a6f0a7538045d9fece2.jpg\",\"datePublished\":\"2025-06-04T13:17:59+00:00\",\"dateModified\":\"2026-04-09T03:22:50+00:00\",\"description\":\"Part of the exclusive Pel\u00e9ton x H\u00fcbsch collaboration, Abstract Collage 06 is a modern and abstract art print by artist Karolina Sz\u00e9kely. Influenced by\",\"breadcrumb\":{\"@id\":\"https:\/\/hubsch-interior.com\/de\/produkt\/hubsch-x-peleton-abstract-collage-06-by-karolina-szekely\/#breadcrumb\"},\"inLanguage\":\"de\",\"potentialAction\":[{\"@type\":\"ReadAction\",\"target\":[\"https:\/\/hubsch-interior.com\/de\/produkt\/hubsch-x-peleton-abstract-collage-06-by-karolina-szekely\/\"]}]},{\"@type\":\"ImageObject\",\"inLanguage\":\"de\",\"@id\":\"https:\/\/hubsch-interior.com\/de\/produkt\/hubsch-x-peleton-abstract-collage-06-by-karolina-szekely\/#primaryimage\",\"url\":\"https:\/\/hubsch-interior.com\/wp-content\/uploads\/2026\/02\/hubsch-x-peleton-abstract-collage-06-by-karolina-szekely-55986c9e34c82a6f0a7538045d9fece2.jpg\",\"contentUrl\":\"https:\/\/hubsch-interior.com\/wp-content\/uploads\/2026\/02\/hubsch-x-peleton-abstract-collage-06-by-karolina-szekely-55986c9e34c82a6f0a7538045d9fece2.jpg\",\"width\":1024,\"height\":1024},{\"@type\":\"BreadcrumbList\",\"@id\":\"https:\/\/hubsch-interior.com\/de\/produkt\/hubsch-x-peleton-abstract-collage-06-by-karolina-szekely\/#breadcrumb\",\"itemListElement\":[{\"@type\":\"ListItem\",\"position\":1,\"name\":\"Startseite\",\"item\":\"https:\/\/hubsch-interior.com\/de\/\"},{\"@type\":\"ListItem\",\"position\":2,\"name\":\"Produkte\",\"item\":\"https:\/\/hubsch-interior.com\/de\/shop-2\/\"},{\"@type\":\"ListItem\",\"position\":3,\"name\":\"Wohnaccessoires\",\"item\":\"https:\/\/hubsch-interior.com\/de\/produkt-kategorie\/wohnaccessoires\/\"},{\"@type\":\"ListItem\",\"position\":4,\"name\":\"Wanddekoration\",\"item\":\"https:\/\/hubsch-interior.com\/de\/produkt-kategorie\/wohnaccessoires\/wanddekoration-de\/\"},{\"@type\":\"ListItem\",\"position\":5,\"name\":\"Rahmen\",\"item\":\"https:\/\/hubsch-interior.com\/de\/produkt-kategorie\/wohnaccessoires\/wanddekoration-de\/rahmen-de\/\"},{\"@type\":\"ListItem\",\"position\":6,\"name\":\"H\u00fcbsch x Pel\u00e9ton &#8211; Abstract Collage 06 by Karolina Sz\u00e9kely\"}]},{\"@type\":\"WebSite\",\"@id\":\"https:\/\/hubsch-interior.com\/de\/#website\",\"url\":\"https:\/\/hubsch-interior.com\/de\/\",\"name\":\"H\u00fcbsch\",\"description\":\"Danish Home Interior and Design\",\"publisher\":{\"@id\":\"https:\/\/hubsch-interior.com\/de\/#organization\"},\"potentialAction\":[{\"@type\":\"SearchAction\",\"target\":{\"@type\":\"EntryPoint\",\"urlTemplate\":\"https:\/\/hubsch-interior.com\/de\/?s={search_term_string}\"},\"query-input\":{\"@type\":\"PropertyValueSpecification\",\"valueRequired\":true,\"valueName\":\"search_term_string\"}}],\"inLanguage\":\"de\"},{\"@type\":\"Organization\",\"@id\":\"https:\/\/hubsch-interior.com\/de\/#organization\",\"name\":\"H\u00fcbsch\",\"url\":\"https:\/\/hubsch-interior.com\/de\/\",\"logo\":{\"@type\":\"ImageObject\",\"inLanguage\":\"de\",\"@id\":\"https:\/\/hubsch-interior.com\/de\/#\/schema\/logo\/image\/\",\"url\":\"https:\/\/hubsch-interior.com\/wp-content\/uploads\/2022\/12\/Hubsch_logo_black_one_line.svg\",\"contentUrl\":\"https:\/\/hubsch-interior.com\/wp-content\/uploads\/2022\/12\/Hubsch_logo_black_one_line.svg\",\"caption\":\"H\u00fcbsch\"},\"image\":{\"@id\":\"https:\/\/hubsch-interior.com\/de\/#\/schema\/logo\/image\/\"}}]}<\/script>\n<!-- \/ Yoast SEO plugin. -->","yoast_head_json":{"title":"H\u00fcbsch x Pel\u00e9ton - Abstract Collage 06 by Karolina Sz\u00e9kely - H\u00fcbsch","description":"Part of the exclusive Pel\u00e9ton x H\u00fcbsch collaboration, Abstract Collage 06 is a modern and abstract art print by artist Karolina Sz\u00e9kely. Influenced by","robots":{"index":"index","follow":"follow","max-snippet":"max-snippet:-1","max-image-preview":"max-image-preview:large","max-video-preview":"max-video-preview:-1"},"canonical":"https:\/\/hubsch-interior.com\/de\/wp-json\/wp\/v2\/product\/1060573","og_locale":"de_DE","og_type":"article","og_title":"H\u00fcbsch x Pel\u00e9ton - Abstract Collage 06 by Karolina Sz\u00e9kely - H\u00fcbsch","og_description":"Part of the exclusive Pel\u00e9ton x H\u00fcbsch collaboration, Abstract Collage 06 is a modern and abstract art print by artist Karolina Sz\u00e9kely. Influenced by","og_url":"https:\/\/hubsch-interior.com\/de\/produkt\/hubsch-x-peleton-abstract-collage-06-by-karolina-szekely\/","og_site_name":"H\u00fcbsch","article_modified_time":"2026-04-09T03:22:50+00:00","og_image":[{"width":1200,"height":1200,"url":"https:\/\/hubsch-interior.com\/wp-content\/uploads\/2025\/06\/hubsch-x-peleton-abstract-collage-06-by-karolina-szekely-7a8b654c42fa77ba78ae1893ffc27623.jpg","type":"image\/jpeg"}],"twitter_card":"summary_large_image","schema":{"@context":"https:\/\/schema.org","@graph":[{"@type":"WebPage","@id":"https:\/\/hubsch-interior.com\/de\/produkt\/hubsch-x-peleton-abstract-collage-06-by-karolina-szekely\/","url":"https:\/\/hubsch-interior.com\/de\/produkt\/hubsch-x-peleton-abstract-collage-06-by-karolina-szekely\/","name":"H\u00fcbsch x Pel\u00e9ton - Abstract Collage 06 by Karolina Sz\u00e9kely - H\u00fcbsch","isPartOf":{"@id":"https:\/\/hubsch-interior.com\/de\/#website"},"primaryImageOfPage":{"@id":"https:\/\/hubsch-interior.com\/de\/produkt\/hubsch-x-peleton-abstract-collage-06-by-karolina-szekely\/#primaryimage"},"image":{"@id":"https:\/\/hubsch-interior.com\/de\/produkt\/hubsch-x-peleton-abstract-collage-06-by-karolina-szekely\/#primaryimage"},"thumbnailUrl":"https:\/\/hubsch-interior.com\/wp-content\/uploads\/2026\/02\/hubsch-x-peleton-abstract-collage-06-by-karolina-szekely-55986c9e34c82a6f0a7538045d9fece2.jpg","datePublished":"2025-06-04T13:17:59+00:00","dateModified":"2026-04-09T03:22:50+00:00","description":"Part of the exclusive Pel\u00e9ton x H\u00fcbsch collaboration, Abstract Collage 06 is a modern and abstract art print by artist Karolina Sz\u00e9kely. Influenced by","breadcrumb":{"@id":"https:\/\/hubsch-interior.com\/de\/produkt\/hubsch-x-peleton-abstract-collage-06-by-karolina-szekely\/#breadcrumb"},"inLanguage":"de","potentialAction":[{"@type":"ReadAction","target":["https:\/\/hubsch-interior.com\/de\/produkt\/hubsch-x-peleton-abstract-collage-06-by-karolina-szekely\/"]}]},{"@type":"ImageObject","inLanguage":"de","@id":"https:\/\/hubsch-interior.com\/de\/produkt\/hubsch-x-peleton-abstract-collage-06-by-karolina-szekely\/#primaryimage","url":"https:\/\/hubsch-interior.com\/wp-content\/uploads\/2026\/02\/hubsch-x-peleton-abstract-collage-06-by-karolina-szekely-55986c9e34c82a6f0a7538045d9fece2.jpg","contentUrl":"https:\/\/hubsch-interior.com\/wp-content\/uploads\/2026\/02\/hubsch-x-peleton-abstract-collage-06-by-karolina-szekely-55986c9e34c82a6f0a7538045d9fece2.jpg","width":1024,"height":1024},{"@type":"BreadcrumbList","@id":"https:\/\/hubsch-interior.com\/de\/produkt\/hubsch-x-peleton-abstract-collage-06-by-karolina-szekely\/#breadcrumb","itemListElement":[{"@type":"ListItem","position":1,"name":"Startseite","item":"https:\/\/hubsch-interior.com\/de\/"},{"@type":"ListItem","position":2,"name":"Produkte","item":"https:\/\/hubsch-interior.com\/de\/shop-2\/"},{"@type":"ListItem","position":3,"name":"Wohnaccessoires","item":"https:\/\/hubsch-interior.com\/de\/produkt-kategorie\/wohnaccessoires\/"},{"@type":"ListItem","position":4,"name":"Wanddekoration","item":"https:\/\/hubsch-interior.com\/de\/produkt-kategorie\/wohnaccessoires\/wanddekoration-de\/"},{"@type":"ListItem","position":5,"name":"Rahmen","item":"https:\/\/hubsch-interior.com\/de\/produkt-kategorie\/wohnaccessoires\/wanddekoration-de\/rahmen-de\/"},{"@type":"ListItem","position":6,"name":"H\u00fcbsch x Pel\u00e9ton &#8211; Abstract Collage 06 by Karolina Sz\u00e9kely"}]},{"@type":"WebSite","@id":"https:\/\/hubsch-interior.com\/de\/#website","url":"https:\/\/hubsch-interior.com\/de\/","name":"H\u00fcbsch","description":"Danish Home Interior and Design","publisher":{"@id":"https:\/\/hubsch-interior.com\/de\/#organization"},"potentialAction":[{"@type":"SearchAction","target":{"@type":"EntryPoint","urlTemplate":"https:\/\/hubsch-interior.com\/de\/?s={search_term_string}"},"query-input":{"@type":"PropertyValueSpecification","valueRequired":true,"valueName":"search_term_string"}}],"inLanguage":"de"},{"@type":"Organization","@id":"https:\/\/hubsch-interior.com\/de\/#organization","name":"H\u00fcbsch","url":"https:\/\/hubsch-interior.com\/de\/","logo":{"@type":"ImageObject","inLanguage":"de","@id":"https:\/\/hubsch-interior.com\/de\/#\/schema\/logo\/image\/","url":"https:\/\/hubsch-interior.com\/wp-content\/uploads\/2022\/12\/Hubsch_logo_black_one_line.svg","contentUrl":"https:\/\/hubsch-interior.com\/wp-content\/uploads\/2022\/12\/Hubsch_logo_black_one_line.svg","caption":"H\u00fcbsch"},"image":{"@id":"https:\/\/hubsch-interior.com\/de\/#\/schema\/logo\/image\/"}}]}},"_links":{"self":[{"href":"https:\/\/hubsch-interior.com\/de\/wp-json\/wp\/v2\/product\/1060573","targetHints":{"allow":["GET"]}}],"collection":[{"href":"https:\/\/hubsch-interior.com\/de\/wp-json\/wp\/v2\/product"}],"about":[{"href":"https:\/\/hubsch-interior.com\/de\/wp-json\/wp\/v2\/types\/product"}],"wp:featuredmedia":[{"embeddable":true,"href":"https:\/\/hubsch-interior.com\/de\/wp-json\/wp\/v2\/media\/1114129"}],"wp:attachment":[{"href":"https:\/\/hubsch-interior.com\/de\/wp-json\/wp\/v2\/media?parent=1060573"}],"wp:term":[{"taxonomy":"product_brand","embeddable":true,"href":"https:\/\/hubsch-interior.com\/de\/wp-json\/wp\/v2\/product_brand?post=1060573"},{"taxonomy":"product_cat","embeddable":true,"href":"https:\/\/hubsch-interior.com\/de\/wp-json\/wp\/v2\/product_cat?post=1060573"},{"taxonomy":"product_tag","embeddable":true,"href":"https:\/\/hubsch-interior.com\/de\/wp-json\/wp\/v2\/product_tag?post=1060573"}],"curies":[{"name":"wp","href":"https:\/\/api.w.org\/{rel}","templated":true}]}}