{"id":1064242,"date":"2025-07-01T09:15:17","date_gmt":"2025-07-01T07:15:17","guid":{"rendered":"https:\/\/hubsch-interior.com\/product\/product\/"},"modified":"2026-04-29T04:21:24","modified_gmt":"2026-04-29T02:21:24","slug":"haze-loungestuhl-dunkelbraun","status":"publish","type":"product","link":"https:\/\/hubsch-interior.com\/de\/produkt\/haze-loungestuhl-dunkelbraun\/","title":{"rendered":"Haze Loungestuhl \u00a0Dunkelbraun"},"content":{"rendered":"<p>Stellen Sie den Haze Loungestuhl vor, die Verk\u00f6rperung eines klassischen Looks mit modernem Touch, perfekt zugeschnitten f\u00fcr Ihr Wohnzimmer. Diese exquisite Ausf\u00fchrung in einem tiefen Dunkelbraun ist aus FSC-zertifiziertem Eichenholz gefertigt und mit \u00fcppigem Polyesterbezug versehen, der nicht nur Komfort bietet, sondern auch mit dem OEKO-TEX\u00ae STANDARD 100 zertifiziert ist. In drei unterschiedlichen Stilen erh\u00e4ltlich, bietet dieser Stuhl eine nahtlose Mischung aus altmodischem Charme und zeitgen\u00f6ssischer Eleganz, was ihn zu einer zeitlosen Erg\u00e4nzung f\u00fcr Ihr Zuhause macht.<\/p>\n","protected":false},"excerpt":{"rendered":"<p>Stellen Sie den Haze Loungestuhl vor, die Verk\u00f6rperung eines klassischen Looks mit modernem Touch, perfekt zugeschnitten f\u00fcr Ihr Wohnzimmer. Diese exquisite Ausf\u00fchrung in einem tiefen Dunkelbraun ist aus FSC-zertifiziertem Eichenholz gefertigt und mit \u00fcppigem Polyesterbezug versehen, der nicht nur Komfort bietet, sondern auch mit dem OEKO-TEX\u00ae STANDARD 100 zertifiziert ist. In drei unterschiedlichen Stilen erh\u00e4ltlich, [&hellip;]<\/p>\n","protected":false},"featured_media":1094606,"template":"","meta":{"_acf_changed":false,"inline_featured_image":false},"product_brand":[],"product_cat":[6940,6998,6323,2845,3024],"product_tag":[],"class_list":{"0":"post-1064242","1":"product","2":"type-product","3":"status-publish","4":"has-post-thumbnail","6":"product_cat-additions-de","7":"product_cat-the-buzz-de","8":"product_cat-fsc-de","9":"product_cat-sitzmoebel-de","10":"product_cat-loungestuehle-de","11":"product_shipping_class-p10","13":"pa_color-dunkelbraun","14":"pa_material-polyester-100-de","15":"pa_material-eichenholz","17":"first","18":"instock","19":"taxable","20":"shipping-taxable","21":"purchasable","22":"product-type-simple"},"exclude_global_add_ons":[],"addons":[],"acf":[],"yoast_head":"<!-- This site is optimized with the Yoast SEO plugin v26.4 - https:\/\/yoast.com\/wordpress\/plugins\/seo\/ -->\n<title>Haze Loungestuhl \u00a0Dunkelbraun - H\u00fcbsch<\/title>\n<meta name=\"description\" content=\"Stellen Sie den Haze Loungestuhl vor, die Verk\u00f6rperung eines klassischen Looks mit modernem Touch, perfekt zugeschnitten f\u00fcr Ihr Wohnzimmer. Diese\" \/>\n<meta name=\"robots\" content=\"index, follow, max-snippet:-1, max-image-preview:large, max-video-preview:-1\" \/>\n<link rel=\"canonical\" href=\"https:\/\/hubsch-interior.com\/de\/wp-json\/wp\/v2\/product\/1064242\" \/>\n<meta property=\"og:locale\" content=\"de_DE\" \/>\n<meta property=\"og:type\" content=\"article\" \/>\n<meta property=\"og:title\" content=\"Haze Loungestuhl \u00a0Dunkelbraun - H\u00fcbsch\" \/>\n<meta property=\"og:description\" content=\"Stellen Sie den Haze Loungestuhl vor, die Verk\u00f6rperung eines klassischen Looks mit modernem Touch, perfekt zugeschnitten f\u00fcr Ihr Wohnzimmer. Diese\" \/>\n<meta property=\"og:url\" content=\"https:\/\/hubsch-interior.com\/de\/produkt\/haze-loungestuhl-dunkelbraun\/\" \/>\n<meta property=\"og:site_name\" content=\"H\u00fcbsch\" \/>\n<meta property=\"article:modified_time\" content=\"2026-04-29T02:21:24+00:00\" \/>\n<meta property=\"og:image\" content=\"https:\/\/hubsch-interior.com\/wp-content\/uploads\/2025\/07\/haze-lounge-chair-dark-brown-21a3ad115f59c7c586228b221ae6f4cc.jpg\" \/>\n\t<meta property=\"og:image:width\" content=\"1200\" \/>\n\t<meta property=\"og:image:height\" content=\"1200\" \/>\n\t<meta property=\"og:image:type\" content=\"image\/jpeg\" \/>\n<meta name=\"twitter:card\" content=\"summary_large_image\" \/>\n<script type=\"application\/ld+json\" class=\"yoast-schema-graph\">{\"@context\":\"https:\/\/schema.org\",\"@graph\":[{\"@type\":\"WebPage\",\"@id\":\"https:\/\/hubsch-interior.com\/de\/produkt\/haze-loungestuhl-dunkelbraun\/\",\"url\":\"https:\/\/hubsch-interior.com\/de\/produkt\/haze-loungestuhl-dunkelbraun\/\",\"name\":\"Haze Loungestuhl \u00a0Dunkelbraun - H\u00fcbsch\",\"isPartOf\":{\"@id\":\"https:\/\/hubsch-interior.com\/de\/#website\"},\"primaryImageOfPage\":{\"@id\":\"https:\/\/hubsch-interior.com\/de\/produkt\/haze-loungestuhl-dunkelbraun\/#primaryimage\"},\"image\":{\"@id\":\"https:\/\/hubsch-interior.com\/de\/produkt\/haze-loungestuhl-dunkelbraun\/#primaryimage\"},\"thumbnailUrl\":\"https:\/\/hubsch-interior.com\/wp-content\/uploads\/2026\/02\/haze-lounge-chair-dark-brown-ec27eb5e607fadb86fefd682fce754f2.jpg\",\"datePublished\":\"2025-07-01T07:15:17+00:00\",\"dateModified\":\"2026-04-29T02:21:24+00:00\",\"description\":\"Stellen Sie den Haze Loungestuhl vor, die Verk\u00f6rperung eines klassischen Looks mit modernem Touch, perfekt zugeschnitten f\u00fcr Ihr Wohnzimmer. Diese\",\"breadcrumb\":{\"@id\":\"https:\/\/hubsch-interior.com\/de\/produkt\/haze-loungestuhl-dunkelbraun\/#breadcrumb\"},\"inLanguage\":\"de\",\"potentialAction\":[{\"@type\":\"ReadAction\",\"target\":[\"https:\/\/hubsch-interior.com\/de\/produkt\/haze-loungestuhl-dunkelbraun\/\"]}]},{\"@type\":\"ImageObject\",\"inLanguage\":\"de\",\"@id\":\"https:\/\/hubsch-interior.com\/de\/produkt\/haze-loungestuhl-dunkelbraun\/#primaryimage\",\"url\":\"https:\/\/hubsch-interior.com\/wp-content\/uploads\/2026\/02\/haze-lounge-chair-dark-brown-ec27eb5e607fadb86fefd682fce754f2.jpg\",\"contentUrl\":\"https:\/\/hubsch-interior.com\/wp-content\/uploads\/2026\/02\/haze-lounge-chair-dark-brown-ec27eb5e607fadb86fefd682fce754f2.jpg\",\"width\":1024,\"height\":1024},{\"@type\":\"BreadcrumbList\",\"@id\":\"https:\/\/hubsch-interior.com\/de\/produkt\/haze-loungestuhl-dunkelbraun\/#breadcrumb\",\"itemListElement\":[{\"@type\":\"ListItem\",\"position\":1,\"name\":\"Startseite\",\"item\":\"https:\/\/hubsch-interior.com\/de\/\"},{\"@type\":\"ListItem\",\"position\":2,\"name\":\"Produkte\",\"item\":\"https:\/\/hubsch-interior.com\/de\/shop-2\/\"},{\"@type\":\"ListItem\",\"position\":3,\"name\":\"M\u00f6bel\",\"item\":\"https:\/\/hubsch-interior.com\/de\/produkt-kategorie\/moebel\/\"},{\"@type\":\"ListItem\",\"position\":4,\"name\":\"Sitzm&ouml;bel\",\"item\":\"https:\/\/hubsch-interior.com\/de\/produkt-kategorie\/moebel\/sitzmoebel-de\/\"},{\"@type\":\"ListItem\",\"position\":5,\"name\":\"Loungest&uuml;hle\",\"item\":\"https:\/\/hubsch-interior.com\/de\/produkt-kategorie\/moebel\/sitzmoebel-de\/loungestuehle-de\/\"},{\"@type\":\"ListItem\",\"position\":6,\"name\":\"Haze Loungestuhl \u00a0Dunkelbraun\"}]},{\"@type\":\"WebSite\",\"@id\":\"https:\/\/hubsch-interior.com\/de\/#website\",\"url\":\"https:\/\/hubsch-interior.com\/de\/\",\"name\":\"H\u00fcbsch\",\"description\":\"Danish Home Interior and Design\",\"publisher\":{\"@id\":\"https:\/\/hubsch-interior.com\/de\/#organization\"},\"potentialAction\":[{\"@type\":\"SearchAction\",\"target\":{\"@type\":\"EntryPoint\",\"urlTemplate\":\"https:\/\/hubsch-interior.com\/de\/?s={search_term_string}\"},\"query-input\":{\"@type\":\"PropertyValueSpecification\",\"valueRequired\":true,\"valueName\":\"search_term_string\"}}],\"inLanguage\":\"de\"},{\"@type\":\"Organization\",\"@id\":\"https:\/\/hubsch-interior.com\/de\/#organization\",\"name\":\"H\u00fcbsch\",\"url\":\"https:\/\/hubsch-interior.com\/de\/\",\"logo\":{\"@type\":\"ImageObject\",\"inLanguage\":\"de\",\"@id\":\"https:\/\/hubsch-interior.com\/de\/#\/schema\/logo\/image\/\",\"url\":\"https:\/\/hubsch-interior.com\/wp-content\/uploads\/2022\/12\/Hubsch_logo_black_one_line.svg\",\"contentUrl\":\"https:\/\/hubsch-interior.com\/wp-content\/uploads\/2022\/12\/Hubsch_logo_black_one_line.svg\",\"caption\":\"H\u00fcbsch\"},\"image\":{\"@id\":\"https:\/\/hubsch-interior.com\/de\/#\/schema\/logo\/image\/\"}}]}<\/script>\n<!-- \/ Yoast SEO plugin. -->","yoast_head_json":{"title":"Haze Loungestuhl \u00a0Dunkelbraun - H\u00fcbsch","description":"Stellen Sie den Haze Loungestuhl vor, die Verk\u00f6rperung eines klassischen Looks mit modernem Touch, perfekt zugeschnitten f\u00fcr Ihr Wohnzimmer. Diese","robots":{"index":"index","follow":"follow","max-snippet":"max-snippet:-1","max-image-preview":"max-image-preview:large","max-video-preview":"max-video-preview:-1"},"canonical":"https:\/\/hubsch-interior.com\/de\/wp-json\/wp\/v2\/product\/1064242","og_locale":"de_DE","og_type":"article","og_title":"Haze Loungestuhl \u00a0Dunkelbraun - H\u00fcbsch","og_description":"Stellen Sie den Haze Loungestuhl vor, die Verk\u00f6rperung eines klassischen Looks mit modernem Touch, perfekt zugeschnitten f\u00fcr Ihr Wohnzimmer. Diese","og_url":"https:\/\/hubsch-interior.com\/de\/produkt\/haze-loungestuhl-dunkelbraun\/","og_site_name":"H\u00fcbsch","article_modified_time":"2026-04-29T02:21:24+00:00","og_image":[{"width":1200,"height":1200,"url":"https:\/\/hubsch-interior.com\/wp-content\/uploads\/2025\/07\/haze-lounge-chair-dark-brown-21a3ad115f59c7c586228b221ae6f4cc.jpg","type":"image\/jpeg"}],"twitter_card":"summary_large_image","schema":{"@context":"https:\/\/schema.org","@graph":[{"@type":"WebPage","@id":"https:\/\/hubsch-interior.com\/de\/produkt\/haze-loungestuhl-dunkelbraun\/","url":"https:\/\/hubsch-interior.com\/de\/produkt\/haze-loungestuhl-dunkelbraun\/","name":"Haze Loungestuhl \u00a0Dunkelbraun - H\u00fcbsch","isPartOf":{"@id":"https:\/\/hubsch-interior.com\/de\/#website"},"primaryImageOfPage":{"@id":"https:\/\/hubsch-interior.com\/de\/produkt\/haze-loungestuhl-dunkelbraun\/#primaryimage"},"image":{"@id":"https:\/\/hubsch-interior.com\/de\/produkt\/haze-loungestuhl-dunkelbraun\/#primaryimage"},"thumbnailUrl":"https:\/\/hubsch-interior.com\/wp-content\/uploads\/2026\/02\/haze-lounge-chair-dark-brown-ec27eb5e607fadb86fefd682fce754f2.jpg","datePublished":"2025-07-01T07:15:17+00:00","dateModified":"2026-04-29T02:21:24+00:00","description":"Stellen Sie den Haze Loungestuhl vor, die Verk\u00f6rperung eines klassischen Looks mit modernem Touch, perfekt zugeschnitten f\u00fcr Ihr Wohnzimmer. Diese","breadcrumb":{"@id":"https:\/\/hubsch-interior.com\/de\/produkt\/haze-loungestuhl-dunkelbraun\/#breadcrumb"},"inLanguage":"de","potentialAction":[{"@type":"ReadAction","target":["https:\/\/hubsch-interior.com\/de\/produkt\/haze-loungestuhl-dunkelbraun\/"]}]},{"@type":"ImageObject","inLanguage":"de","@id":"https:\/\/hubsch-interior.com\/de\/produkt\/haze-loungestuhl-dunkelbraun\/#primaryimage","url":"https:\/\/hubsch-interior.com\/wp-content\/uploads\/2026\/02\/haze-lounge-chair-dark-brown-ec27eb5e607fadb86fefd682fce754f2.jpg","contentUrl":"https:\/\/hubsch-interior.com\/wp-content\/uploads\/2026\/02\/haze-lounge-chair-dark-brown-ec27eb5e607fadb86fefd682fce754f2.jpg","width":1024,"height":1024},{"@type":"BreadcrumbList","@id":"https:\/\/hubsch-interior.com\/de\/produkt\/haze-loungestuhl-dunkelbraun\/#breadcrumb","itemListElement":[{"@type":"ListItem","position":1,"name":"Startseite","item":"https:\/\/hubsch-interior.com\/de\/"},{"@type":"ListItem","position":2,"name":"Produkte","item":"https:\/\/hubsch-interior.com\/de\/shop-2\/"},{"@type":"ListItem","position":3,"name":"M\u00f6bel","item":"https:\/\/hubsch-interior.com\/de\/produkt-kategorie\/moebel\/"},{"@type":"ListItem","position":4,"name":"Sitzm&ouml;bel","item":"https:\/\/hubsch-interior.com\/de\/produkt-kategorie\/moebel\/sitzmoebel-de\/"},{"@type":"ListItem","position":5,"name":"Loungest&uuml;hle","item":"https:\/\/hubsch-interior.com\/de\/produkt-kategorie\/moebel\/sitzmoebel-de\/loungestuehle-de\/"},{"@type":"ListItem","position":6,"name":"Haze Loungestuhl \u00a0Dunkelbraun"}]},{"@type":"WebSite","@id":"https:\/\/hubsch-interior.com\/de\/#website","url":"https:\/\/hubsch-interior.com\/de\/","name":"H\u00fcbsch","description":"Danish Home Interior and Design","publisher":{"@id":"https:\/\/hubsch-interior.com\/de\/#organization"},"potentialAction":[{"@type":"SearchAction","target":{"@type":"EntryPoint","urlTemplate":"https:\/\/hubsch-interior.com\/de\/?s={search_term_string}"},"query-input":{"@type":"PropertyValueSpecification","valueRequired":true,"valueName":"search_term_string"}}],"inLanguage":"de"},{"@type":"Organization","@id":"https:\/\/hubsch-interior.com\/de\/#organization","name":"H\u00fcbsch","url":"https:\/\/hubsch-interior.com\/de\/","logo":{"@type":"ImageObject","inLanguage":"de","@id":"https:\/\/hubsch-interior.com\/de\/#\/schema\/logo\/image\/","url":"https:\/\/hubsch-interior.com\/wp-content\/uploads\/2022\/12\/Hubsch_logo_black_one_line.svg","contentUrl":"https:\/\/hubsch-interior.com\/wp-content\/uploads\/2022\/12\/Hubsch_logo_black_one_line.svg","caption":"H\u00fcbsch"},"image":{"@id":"https:\/\/hubsch-interior.com\/de\/#\/schema\/logo\/image\/"}}]}},"_links":{"self":[{"href":"https:\/\/hubsch-interior.com\/de\/wp-json\/wp\/v2\/product\/1064242","targetHints":{"allow":["GET"]}}],"collection":[{"href":"https:\/\/hubsch-interior.com\/de\/wp-json\/wp\/v2\/product"}],"about":[{"href":"https:\/\/hubsch-interior.com\/de\/wp-json\/wp\/v2\/types\/product"}],"wp:featuredmedia":[{"embeddable":true,"href":"https:\/\/hubsch-interior.com\/de\/wp-json\/wp\/v2\/media\/1094606"}],"wp:attachment":[{"href":"https:\/\/hubsch-interior.com\/de\/wp-json\/wp\/v2\/media?parent=1064242"}],"wp:term":[{"taxonomy":"product_brand","embeddable":true,"href":"https:\/\/hubsch-interior.com\/de\/wp-json\/wp\/v2\/product_brand?post=1064242"},{"taxonomy":"product_cat","embeddable":true,"href":"https:\/\/hubsch-interior.com\/de\/wp-json\/wp\/v2\/product_cat?post=1064242"},{"taxonomy":"product_tag","embeddable":true,"href":"https:\/\/hubsch-interior.com\/de\/wp-json\/wp\/v2\/product_tag?post=1064242"}],"curies":[{"name":"wp","href":"https:\/\/api.w.org\/{rel}","templated":true}]}}