{"id":1070936,"date":"2025-09-25T13:09:49","date_gmt":"2025-09-25T11:09:49","guid":{"rendered":"https:\/\/hubsch-interior.com\/product\/product\/"},"modified":"2026-04-15T04:33:33","modified_gmt":"2026-04-15T02:33:33","slug":"block-kerzenstander-braun-green-gray-rosa-2er-set","status":"publish","type":"product","link":"https:\/\/hubsch-interior.com\/de\/produkt\/block-kerzenstander-braun-green-gray-rosa-2er-set\/","title":{"rendered":"Block Kerzenst\u00e4nder Braun\/Green &amp; Gray\/Rosa (2er Set)"},"content":{"rendered":"<p>Verleihen Sie Ihrer Einrichtung mit unseren exquisiten Block Kerzenst\u00e4ndern einen Hauch von Eleganz und einen Spritzer Farbe. Diese St\u00fccke, gefertigt aus feinstem Kristall, sind in sorgf\u00e4ltig ausgew\u00e4hlten Farbkombinationen von Braun und Gr\u00fcn oder Grau und Rosa erh\u00e4ltlich, um sicherzustellen, dass sie jedem Raum eine subtile, jedoch eindrucksvolle Note verleihen. Ideal, um w\u00e4hrend des Abendessens eine warme, einladende Atmosph\u00e4re zu schaffen oder einfach das Ambiente Ihres pers\u00f6nlichen Raumes zu verbessern. Lassen Sie jede Ecke Ihres Zuhauses mit Raffinesse und Stil erstrahlen.<\/p>\n","protected":false},"excerpt":{"rendered":"<p>Verleihen Sie Ihrer Einrichtung mit unseren exquisiten Block Kerzenst\u00e4ndern einen Hauch von Eleganz und einen Spritzer Farbe. Diese St\u00fccke, gefertigt aus feinstem Kristall, sind in sorgf\u00e4ltig ausgew\u00e4hlten Farbkombinationen von Braun und Gr\u00fcn oder Grau und Rosa erh\u00e4ltlich, um sicherzustellen, dass sie jedem Raum eine subtile, jedoch eindrucksvolle Note verleihen. Ideal, um w\u00e4hrend des Abendessens eine [&hellip;]<\/p>\n","protected":false},"featured_media":1097583,"template":"","meta":{"_acf_changed":false,"inline_featured_image":false},"product_brand":[],"product_cat":[6940,5027,4068,4067,6972,6998],"product_tag":[],"class_list":{"0":"post-1070936","1":"product","2":"type-product","3":"status-publish","4":"has-post-thumbnail","6":"product_cat-additions-de","7":"product_cat-bestsellers-de","8":"product_cat-kerzenstaender-de","9":"product_cat-kerzenstaender-laternen-de","10":"product_cat-oster-sale","11":"product_cat-the-buzz-de","12":"product_shipping_class-pk","14":"pa_color-braun","15":"pa_color-rosa-de","16":"pa_material-kristall-de","18":"first","19":"instock","20":"featured","21":"taxable","22":"shipping-taxable","23":"purchasable","24":"product-type-simple"},"exclude_global_add_ons":[],"addons":[],"acf":[],"yoast_head":"<!-- This site is optimized with the Yoast SEO plugin v26.4 - https:\/\/yoast.com\/wordpress\/plugins\/seo\/ -->\n<title>Block Kerzenst\u00e4nder Braun\/Green &amp; Gray\/Rosa (2er Set) - H\u00fcbsch<\/title>\n<meta name=\"description\" content=\"Verleihen Sie Ihrer Einrichtung mit unseren exquisiten Block Kerzenst\u00e4ndern einen Hauch von Eleganz und einen Spritzer Farbe. Diese St\u00fccke, gefertigt aus\" \/>\n<meta name=\"robots\" content=\"index, follow, max-snippet:-1, max-image-preview:large, max-video-preview:-1\" \/>\n<link rel=\"canonical\" href=\"https:\/\/hubsch-interior.com\/de\/wp-json\/wp\/v2\/product\/1070936\" \/>\n<meta property=\"og:locale\" content=\"de_DE\" \/>\n<meta property=\"og:type\" content=\"article\" \/>\n<meta property=\"og:title\" content=\"Block Kerzenst\u00e4nder Braun\/Green &amp; Gray\/Rosa (2er Set) - H\u00fcbsch\" \/>\n<meta property=\"og:description\" content=\"Verleihen Sie Ihrer Einrichtung mit unseren exquisiten Block Kerzenst\u00e4ndern einen Hauch von Eleganz und einen Spritzer Farbe. Diese St\u00fccke, gefertigt aus\" \/>\n<meta property=\"og:url\" content=\"https:\/\/hubsch-interior.com\/de\/produkt\/block-kerzenstander-braun-green-gray-rosa-2er-set\/\" \/>\n<meta property=\"og:site_name\" content=\"H\u00fcbsch\" \/>\n<meta property=\"article:modified_time\" content=\"2026-04-15T02:33:33+00:00\" \/>\n<meta property=\"og:image\" content=\"https:\/\/hubsch-interior.com\/wp-content\/uploads\/2026\/02\/block-candleholders-browngreen-graypink-set-of-2-357ef2b91b5cd6bbd0fbb76ea61e8bc4.jpg\" \/>\n\t<meta property=\"og:image:width\" content=\"1024\" \/>\n\t<meta property=\"og:image:height\" content=\"1024\" \/>\n\t<meta property=\"og:image:type\" content=\"image\/jpeg\" \/>\n<meta name=\"twitter:card\" content=\"summary_large_image\" \/>\n<script type=\"application\/ld+json\" class=\"yoast-schema-graph\">{\"@context\":\"https:\/\/schema.org\",\"@graph\":[{\"@type\":\"WebPage\",\"@id\":\"https:\/\/hubsch-interior.com\/de\/produkt\/block-kerzenstander-braun-green-gray-rosa-2er-set\/\",\"url\":\"https:\/\/hubsch-interior.com\/de\/produkt\/block-kerzenstander-braun-green-gray-rosa-2er-set\/\",\"name\":\"Block Kerzenst\u00e4nder Braun\/Green &amp; Gray\/Rosa (2er Set) - H\u00fcbsch\",\"isPartOf\":{\"@id\":\"https:\/\/hubsch-interior.com\/de\/#website\"},\"primaryImageOfPage\":{\"@id\":\"https:\/\/hubsch-interior.com\/de\/produkt\/block-kerzenstander-braun-green-gray-rosa-2er-set\/#primaryimage\"},\"image\":{\"@id\":\"https:\/\/hubsch-interior.com\/de\/produkt\/block-kerzenstander-braun-green-gray-rosa-2er-set\/#primaryimage\"},\"thumbnailUrl\":\"https:\/\/hubsch-interior.com\/wp-content\/uploads\/2026\/02\/block-candleholders-browngreen-graypink-set-of-2-357ef2b91b5cd6bbd0fbb76ea61e8bc4.jpg\",\"datePublished\":\"2025-09-25T11:09:49+00:00\",\"dateModified\":\"2026-04-15T02:33:33+00:00\",\"description\":\"Verleihen Sie Ihrer Einrichtung mit unseren exquisiten Block Kerzenst\u00e4ndern einen Hauch von Eleganz und einen Spritzer Farbe. Diese St\u00fccke, gefertigt aus\",\"breadcrumb\":{\"@id\":\"https:\/\/hubsch-interior.com\/de\/produkt\/block-kerzenstander-braun-green-gray-rosa-2er-set\/#breadcrumb\"},\"inLanguage\":\"de\",\"potentialAction\":[{\"@type\":\"ReadAction\",\"target\":[\"https:\/\/hubsch-interior.com\/de\/produkt\/block-kerzenstander-braun-green-gray-rosa-2er-set\/\"]}]},{\"@type\":\"ImageObject\",\"inLanguage\":\"de\",\"@id\":\"https:\/\/hubsch-interior.com\/de\/produkt\/block-kerzenstander-braun-green-gray-rosa-2er-set\/#primaryimage\",\"url\":\"https:\/\/hubsch-interior.com\/wp-content\/uploads\/2026\/02\/block-candleholders-browngreen-graypink-set-of-2-357ef2b91b5cd6bbd0fbb76ea61e8bc4.jpg\",\"contentUrl\":\"https:\/\/hubsch-interior.com\/wp-content\/uploads\/2026\/02\/block-candleholders-browngreen-graypink-set-of-2-357ef2b91b5cd6bbd0fbb76ea61e8bc4.jpg\",\"width\":1024,\"height\":1024},{\"@type\":\"BreadcrumbList\",\"@id\":\"https:\/\/hubsch-interior.com\/de\/produkt\/block-kerzenstander-braun-green-gray-rosa-2er-set\/#breadcrumb\",\"itemListElement\":[{\"@type\":\"ListItem\",\"position\":1,\"name\":\"Startseite\",\"item\":\"https:\/\/hubsch-interior.com\/de\/\"},{\"@type\":\"ListItem\",\"position\":2,\"name\":\"Produkte\",\"item\":\"https:\/\/hubsch-interior.com\/de\/shop-2\/\"},{\"@type\":\"ListItem\",\"position\":3,\"name\":\"Wohnaccessoires\",\"item\":\"https:\/\/hubsch-interior.com\/de\/produkt-kategorie\/wohnaccessoires\/\"},{\"@type\":\"ListItem\",\"position\":4,\"name\":\"Kerzenst&auml;nder &amp; Laternen\",\"item\":\"https:\/\/hubsch-interior.com\/de\/produkt-kategorie\/wohnaccessoires\/kerzenstaender-laternen-de\/\"},{\"@type\":\"ListItem\",\"position\":5,\"name\":\"Kerzenst&auml;nder\",\"item\":\"https:\/\/hubsch-interior.com\/de\/produkt-kategorie\/wohnaccessoires\/kerzenstaender-laternen-de\/kerzenstaender-de\/\"},{\"@type\":\"ListItem\",\"position\":6,\"name\":\"Block Kerzenst\u00e4nder Braun\/Green &amp; Gray\/Rosa (2er Set)\"}]},{\"@type\":\"WebSite\",\"@id\":\"https:\/\/hubsch-interior.com\/de\/#website\",\"url\":\"https:\/\/hubsch-interior.com\/de\/\",\"name\":\"H\u00fcbsch\",\"description\":\"Danish Home Interior and Design\",\"publisher\":{\"@id\":\"https:\/\/hubsch-interior.com\/de\/#organization\"},\"potentialAction\":[{\"@type\":\"SearchAction\",\"target\":{\"@type\":\"EntryPoint\",\"urlTemplate\":\"https:\/\/hubsch-interior.com\/de\/?s={search_term_string}\"},\"query-input\":{\"@type\":\"PropertyValueSpecification\",\"valueRequired\":true,\"valueName\":\"search_term_string\"}}],\"inLanguage\":\"de\"},{\"@type\":\"Organization\",\"@id\":\"https:\/\/hubsch-interior.com\/de\/#organization\",\"name\":\"H\u00fcbsch\",\"url\":\"https:\/\/hubsch-interior.com\/de\/\",\"logo\":{\"@type\":\"ImageObject\",\"inLanguage\":\"de\",\"@id\":\"https:\/\/hubsch-interior.com\/de\/#\/schema\/logo\/image\/\",\"url\":\"https:\/\/hubsch-interior.com\/wp-content\/uploads\/2022\/12\/Hubsch_logo_black_one_line.svg\",\"contentUrl\":\"https:\/\/hubsch-interior.com\/wp-content\/uploads\/2022\/12\/Hubsch_logo_black_one_line.svg\",\"caption\":\"H\u00fcbsch\"},\"image\":{\"@id\":\"https:\/\/hubsch-interior.com\/de\/#\/schema\/logo\/image\/\"}}]}<\/script>\n<!-- \/ Yoast SEO plugin. -->","yoast_head_json":{"title":"Block Kerzenst\u00e4nder Braun\/Green &amp; Gray\/Rosa (2er Set) - H\u00fcbsch","description":"Verleihen Sie Ihrer Einrichtung mit unseren exquisiten Block Kerzenst\u00e4ndern einen Hauch von Eleganz und einen Spritzer Farbe. Diese St\u00fccke, gefertigt aus","robots":{"index":"index","follow":"follow","max-snippet":"max-snippet:-1","max-image-preview":"max-image-preview:large","max-video-preview":"max-video-preview:-1"},"canonical":"https:\/\/hubsch-interior.com\/de\/wp-json\/wp\/v2\/product\/1070936","og_locale":"de_DE","og_type":"article","og_title":"Block Kerzenst\u00e4nder Braun\/Green &amp; Gray\/Rosa (2er Set) - H\u00fcbsch","og_description":"Verleihen Sie Ihrer Einrichtung mit unseren exquisiten Block Kerzenst\u00e4ndern einen Hauch von Eleganz und einen Spritzer Farbe. Diese St\u00fccke, gefertigt aus","og_url":"https:\/\/hubsch-interior.com\/de\/produkt\/block-kerzenstander-braun-green-gray-rosa-2er-set\/","og_site_name":"H\u00fcbsch","article_modified_time":"2026-04-15T02:33:33+00:00","og_image":[{"width":1024,"height":1024,"url":"https:\/\/hubsch-interior.com\/wp-content\/uploads\/2026\/02\/block-candleholders-browngreen-graypink-set-of-2-357ef2b91b5cd6bbd0fbb76ea61e8bc4.jpg","type":"image\/jpeg"}],"twitter_card":"summary_large_image","schema":{"@context":"https:\/\/schema.org","@graph":[{"@type":"WebPage","@id":"https:\/\/hubsch-interior.com\/de\/produkt\/block-kerzenstander-braun-green-gray-rosa-2er-set\/","url":"https:\/\/hubsch-interior.com\/de\/produkt\/block-kerzenstander-braun-green-gray-rosa-2er-set\/","name":"Block Kerzenst\u00e4nder Braun\/Green &amp; Gray\/Rosa (2er Set) - H\u00fcbsch","isPartOf":{"@id":"https:\/\/hubsch-interior.com\/de\/#website"},"primaryImageOfPage":{"@id":"https:\/\/hubsch-interior.com\/de\/produkt\/block-kerzenstander-braun-green-gray-rosa-2er-set\/#primaryimage"},"image":{"@id":"https:\/\/hubsch-interior.com\/de\/produkt\/block-kerzenstander-braun-green-gray-rosa-2er-set\/#primaryimage"},"thumbnailUrl":"https:\/\/hubsch-interior.com\/wp-content\/uploads\/2026\/02\/block-candleholders-browngreen-graypink-set-of-2-357ef2b91b5cd6bbd0fbb76ea61e8bc4.jpg","datePublished":"2025-09-25T11:09:49+00:00","dateModified":"2026-04-15T02:33:33+00:00","description":"Verleihen Sie Ihrer Einrichtung mit unseren exquisiten Block Kerzenst\u00e4ndern einen Hauch von Eleganz und einen Spritzer Farbe. Diese St\u00fccke, gefertigt aus","breadcrumb":{"@id":"https:\/\/hubsch-interior.com\/de\/produkt\/block-kerzenstander-braun-green-gray-rosa-2er-set\/#breadcrumb"},"inLanguage":"de","potentialAction":[{"@type":"ReadAction","target":["https:\/\/hubsch-interior.com\/de\/produkt\/block-kerzenstander-braun-green-gray-rosa-2er-set\/"]}]},{"@type":"ImageObject","inLanguage":"de","@id":"https:\/\/hubsch-interior.com\/de\/produkt\/block-kerzenstander-braun-green-gray-rosa-2er-set\/#primaryimage","url":"https:\/\/hubsch-interior.com\/wp-content\/uploads\/2026\/02\/block-candleholders-browngreen-graypink-set-of-2-357ef2b91b5cd6bbd0fbb76ea61e8bc4.jpg","contentUrl":"https:\/\/hubsch-interior.com\/wp-content\/uploads\/2026\/02\/block-candleholders-browngreen-graypink-set-of-2-357ef2b91b5cd6bbd0fbb76ea61e8bc4.jpg","width":1024,"height":1024},{"@type":"BreadcrumbList","@id":"https:\/\/hubsch-interior.com\/de\/produkt\/block-kerzenstander-braun-green-gray-rosa-2er-set\/#breadcrumb","itemListElement":[{"@type":"ListItem","position":1,"name":"Startseite","item":"https:\/\/hubsch-interior.com\/de\/"},{"@type":"ListItem","position":2,"name":"Produkte","item":"https:\/\/hubsch-interior.com\/de\/shop-2\/"},{"@type":"ListItem","position":3,"name":"Wohnaccessoires","item":"https:\/\/hubsch-interior.com\/de\/produkt-kategorie\/wohnaccessoires\/"},{"@type":"ListItem","position":4,"name":"Kerzenst&auml;nder &amp; Laternen","item":"https:\/\/hubsch-interior.com\/de\/produkt-kategorie\/wohnaccessoires\/kerzenstaender-laternen-de\/"},{"@type":"ListItem","position":5,"name":"Kerzenst&auml;nder","item":"https:\/\/hubsch-interior.com\/de\/produkt-kategorie\/wohnaccessoires\/kerzenstaender-laternen-de\/kerzenstaender-de\/"},{"@type":"ListItem","position":6,"name":"Block Kerzenst\u00e4nder Braun\/Green &amp; Gray\/Rosa (2er Set)"}]},{"@type":"WebSite","@id":"https:\/\/hubsch-interior.com\/de\/#website","url":"https:\/\/hubsch-interior.com\/de\/","name":"H\u00fcbsch","description":"Danish Home Interior and Design","publisher":{"@id":"https:\/\/hubsch-interior.com\/de\/#organization"},"potentialAction":[{"@type":"SearchAction","target":{"@type":"EntryPoint","urlTemplate":"https:\/\/hubsch-interior.com\/de\/?s={search_term_string}"},"query-input":{"@type":"PropertyValueSpecification","valueRequired":true,"valueName":"search_term_string"}}],"inLanguage":"de"},{"@type":"Organization","@id":"https:\/\/hubsch-interior.com\/de\/#organization","name":"H\u00fcbsch","url":"https:\/\/hubsch-interior.com\/de\/","logo":{"@type":"ImageObject","inLanguage":"de","@id":"https:\/\/hubsch-interior.com\/de\/#\/schema\/logo\/image\/","url":"https:\/\/hubsch-interior.com\/wp-content\/uploads\/2022\/12\/Hubsch_logo_black_one_line.svg","contentUrl":"https:\/\/hubsch-interior.com\/wp-content\/uploads\/2022\/12\/Hubsch_logo_black_one_line.svg","caption":"H\u00fcbsch"},"image":{"@id":"https:\/\/hubsch-interior.com\/de\/#\/schema\/logo\/image\/"}}]}},"_links":{"self":[{"href":"https:\/\/hubsch-interior.com\/de\/wp-json\/wp\/v2\/product\/1070936","targetHints":{"allow":["GET"]}}],"collection":[{"href":"https:\/\/hubsch-interior.com\/de\/wp-json\/wp\/v2\/product"}],"about":[{"href":"https:\/\/hubsch-interior.com\/de\/wp-json\/wp\/v2\/types\/product"}],"wp:featuredmedia":[{"embeddable":true,"href":"https:\/\/hubsch-interior.com\/de\/wp-json\/wp\/v2\/media\/1097583"}],"wp:attachment":[{"href":"https:\/\/hubsch-interior.com\/de\/wp-json\/wp\/v2\/media?parent=1070936"}],"wp:term":[{"taxonomy":"product_brand","embeddable":true,"href":"https:\/\/hubsch-interior.com\/de\/wp-json\/wp\/v2\/product_brand?post=1070936"},{"taxonomy":"product_cat","embeddable":true,"href":"https:\/\/hubsch-interior.com\/de\/wp-json\/wp\/v2\/product_cat?post=1070936"},{"taxonomy":"product_tag","embeddable":true,"href":"https:\/\/hubsch-interior.com\/de\/wp-json\/wp\/v2\/product_tag?post=1070936"}],"curies":[{"name":"wp","href":"https:\/\/api.w.org\/{rel}","templated":true}]}}