{"id":1070968,"date":"2025-09-25T13:10:03","date_gmt":"2025-09-25T11:10:03","guid":{"rendered":"https:\/\/hubsch-interior.com\/product\/product\/"},"modified":"2026-04-14T04:32:45","modified_gmt":"2026-04-14T02:32:45","slug":"block-kerzenstander-grun-blue-orange-grun-2er-set","status":"publish","type":"product","link":"https:\/\/hubsch-interior.com\/de\/produkt\/block-kerzenstander-grun-blue-orange-grun-2er-set\/","title":{"rendered":"Block Kerzenst\u00e4nder Gr\u00fcn\/Blue &amp; Orange\/Gr\u00fcn (2er Set)"},"content":{"rendered":"<p>Lassen Sie sich von der reinen Eleganz unserer Block Kerzenst\u00e4nder verzaubern, die kunstvoll aus Kristall gefertigt sind. Diese St\u00fccke sind nicht nur einfache Kerzenhalter, sondern Juwelen, die jeden Raum erleuchten. Mit sorgf\u00e4ltig ausgew\u00e4hlten Farbkombinationen in Gr\u00fcn\/Blau und Orange\/Gr\u00fcn bringen sie einen prachtvollen Farbtupfer in Ihr Dekor. Ob Sie ein intimes Abendessen ausrichten oder einfach einen ruhigen Abend genie\u00dfen \u2013 diese Kerzenst\u00e4nder verwandeln Momente in gesch\u00e4tzte Erinnerungen, die warm leuchten, w\u00e4hrend die Nacht sich entfaltet. Heben Sie Ihr Zuhause mit diesen fesselnden Akzenten hervor, wo Sch\u00f6nheit auf Funktion in einem Tanz der Leuchtkraft trifft.<\/p>\n","protected":false},"excerpt":{"rendered":"<p>Lassen Sie sich von der reinen Eleganz unserer Block Kerzenst\u00e4nder verzaubern, die kunstvoll aus Kristall gefertigt sind. Diese St\u00fccke sind nicht nur einfache Kerzenhalter, sondern Juwelen, die jeden Raum erleuchten. Mit sorgf\u00e4ltig ausgew\u00e4hlten Farbkombinationen in Gr\u00fcn\/Blau und Orange\/Gr\u00fcn bringen sie einen prachtvollen Farbtupfer in Ihr Dekor. Ob Sie ein intimes Abendessen ausrichten oder einfach einen [&hellip;]<\/p>\n","protected":false},"featured_media":1097603,"template":"","meta":{"_acf_changed":false,"inline_featured_image":false},"product_brand":[],"product_cat":[6940,6972,6998,4067,4068],"product_tag":[],"class_list":{"0":"post-1070968","1":"product","2":"type-product","3":"status-publish","4":"has-post-thumbnail","6":"product_cat-additions-de","7":"product_cat-oster-sale","8":"product_cat-the-buzz-de","9":"product_cat-kerzenstaender-laternen-de","10":"product_cat-kerzenstaender-de","11":"product_shipping_class-pk","13":"pa_color-grn-2","14":"pa_material-kristall-de","16":"first","17":"instock","18":"taxable","19":"shipping-taxable","20":"purchasable","21":"product-type-simple"},"exclude_global_add_ons":[],"addons":[],"acf":[],"yoast_head":"<!-- This site is optimized with the Yoast SEO plugin v26.4 - https:\/\/yoast.com\/wordpress\/plugins\/seo\/ -->\n<title>Block Kerzenst\u00e4nder Gr\u00fcn\/Blue &amp; Orange\/Gr\u00fcn (2er Set) - H\u00fcbsch<\/title>\n<meta name=\"description\" content=\"Lassen Sie sich von der reinen Eleganz unserer Block Kerzenst\u00e4nder verzaubern, die kunstvoll aus Kristall gefertigt sind. Diese St\u00fccke sind nicht nur\" \/>\n<meta name=\"robots\" content=\"index, follow, max-snippet:-1, max-image-preview:large, max-video-preview:-1\" \/>\n<link rel=\"canonical\" href=\"https:\/\/hubsch-interior.com\/de\/wp-json\/wp\/v2\/product\/1070968\" \/>\n<meta property=\"og:locale\" content=\"de_DE\" \/>\n<meta property=\"og:type\" content=\"article\" \/>\n<meta property=\"og:title\" content=\"Block Kerzenst\u00e4nder Gr\u00fcn\/Blue &amp; Orange\/Gr\u00fcn (2er Set) - H\u00fcbsch\" \/>\n<meta property=\"og:description\" content=\"Lassen Sie sich von der reinen Eleganz unserer Block Kerzenst\u00e4nder verzaubern, die kunstvoll aus Kristall gefertigt sind. Diese St\u00fccke sind nicht nur\" \/>\n<meta property=\"og:url\" content=\"https:\/\/hubsch-interior.com\/de\/produkt\/block-kerzenstander-grun-blue-orange-grun-2er-set\/\" \/>\n<meta property=\"og:site_name\" content=\"H\u00fcbsch\" \/>\n<meta property=\"article:modified_time\" content=\"2026-04-14T02:32:45+00:00\" \/>\n<meta property=\"og:image\" content=\"https:\/\/hubsch-interior.com\/wp-content\/uploads\/2026\/02\/block-candleholders-greenblue-orangegreen-set-of-2-d737cb2cee86d08905f7818f20da5164.jpg\" \/>\n\t<meta property=\"og:image:width\" content=\"1024\" \/>\n\t<meta property=\"og:image:height\" content=\"1024\" \/>\n\t<meta property=\"og:image:type\" content=\"image\/jpeg\" \/>\n<meta name=\"twitter:card\" content=\"summary_large_image\" \/>\n<meta name=\"twitter:label1\" content=\"Gesch\u00e4tzte Lesezeit\" \/>\n\t<meta name=\"twitter:data1\" content=\"1\u00a0Minute\" \/>\n<script type=\"application\/ld+json\" class=\"yoast-schema-graph\">{\"@context\":\"https:\/\/schema.org\",\"@graph\":[{\"@type\":\"WebPage\",\"@id\":\"https:\/\/hubsch-interior.com\/de\/produkt\/block-kerzenstander-grun-blue-orange-grun-2er-set\/\",\"url\":\"https:\/\/hubsch-interior.com\/de\/produkt\/block-kerzenstander-grun-blue-orange-grun-2er-set\/\",\"name\":\"Block Kerzenst\u00e4nder Gr\u00fcn\/Blue &amp; Orange\/Gr\u00fcn (2er Set) - H\u00fcbsch\",\"isPartOf\":{\"@id\":\"https:\/\/hubsch-interior.com\/de\/#website\"},\"primaryImageOfPage\":{\"@id\":\"https:\/\/hubsch-interior.com\/de\/produkt\/block-kerzenstander-grun-blue-orange-grun-2er-set\/#primaryimage\"},\"image\":{\"@id\":\"https:\/\/hubsch-interior.com\/de\/produkt\/block-kerzenstander-grun-blue-orange-grun-2er-set\/#primaryimage\"},\"thumbnailUrl\":\"https:\/\/hubsch-interior.com\/wp-content\/uploads\/2026\/02\/block-candleholders-greenblue-orangegreen-set-of-2-d737cb2cee86d08905f7818f20da5164.jpg\",\"datePublished\":\"2025-09-25T11:10:03+00:00\",\"dateModified\":\"2026-04-14T02:32:45+00:00\",\"description\":\"Lassen Sie sich von der reinen Eleganz unserer Block Kerzenst\u00e4nder verzaubern, die kunstvoll aus Kristall gefertigt sind. Diese St\u00fccke sind nicht nur\",\"breadcrumb\":{\"@id\":\"https:\/\/hubsch-interior.com\/de\/produkt\/block-kerzenstander-grun-blue-orange-grun-2er-set\/#breadcrumb\"},\"inLanguage\":\"de\",\"potentialAction\":[{\"@type\":\"ReadAction\",\"target\":[\"https:\/\/hubsch-interior.com\/de\/produkt\/block-kerzenstander-grun-blue-orange-grun-2er-set\/\"]}]},{\"@type\":\"ImageObject\",\"inLanguage\":\"de\",\"@id\":\"https:\/\/hubsch-interior.com\/de\/produkt\/block-kerzenstander-grun-blue-orange-grun-2er-set\/#primaryimage\",\"url\":\"https:\/\/hubsch-interior.com\/wp-content\/uploads\/2026\/02\/block-candleholders-greenblue-orangegreen-set-of-2-d737cb2cee86d08905f7818f20da5164.jpg\",\"contentUrl\":\"https:\/\/hubsch-interior.com\/wp-content\/uploads\/2026\/02\/block-candleholders-greenblue-orangegreen-set-of-2-d737cb2cee86d08905f7818f20da5164.jpg\",\"width\":1024,\"height\":1024},{\"@type\":\"BreadcrumbList\",\"@id\":\"https:\/\/hubsch-interior.com\/de\/produkt\/block-kerzenstander-grun-blue-orange-grun-2er-set\/#breadcrumb\",\"itemListElement\":[{\"@type\":\"ListItem\",\"position\":1,\"name\":\"Startseite\",\"item\":\"https:\/\/hubsch-interior.com\/de\/\"},{\"@type\":\"ListItem\",\"position\":2,\"name\":\"Produkte\",\"item\":\"https:\/\/hubsch-interior.com\/de\/shop-2\/\"},{\"@type\":\"ListItem\",\"position\":3,\"name\":\"Wohnaccessoires\",\"item\":\"https:\/\/hubsch-interior.com\/de\/produkt-kategorie\/wohnaccessoires\/\"},{\"@type\":\"ListItem\",\"position\":4,\"name\":\"Kerzenst&auml;nder &amp; Laternen\",\"item\":\"https:\/\/hubsch-interior.com\/de\/produkt-kategorie\/wohnaccessoires\/kerzenstaender-laternen-de\/\"},{\"@type\":\"ListItem\",\"position\":5,\"name\":\"Kerzenst&auml;nder\",\"item\":\"https:\/\/hubsch-interior.com\/de\/produkt-kategorie\/wohnaccessoires\/kerzenstaender-laternen-de\/kerzenstaender-de\/\"},{\"@type\":\"ListItem\",\"position\":6,\"name\":\"Block Kerzenst\u00e4nder Gr\u00fcn\/Blue &amp; Orange\/Gr\u00fcn (2er Set)\"}]},{\"@type\":\"WebSite\",\"@id\":\"https:\/\/hubsch-interior.com\/de\/#website\",\"url\":\"https:\/\/hubsch-interior.com\/de\/\",\"name\":\"H\u00fcbsch\",\"description\":\"Danish Home Interior and Design\",\"publisher\":{\"@id\":\"https:\/\/hubsch-interior.com\/de\/#organization\"},\"potentialAction\":[{\"@type\":\"SearchAction\",\"target\":{\"@type\":\"EntryPoint\",\"urlTemplate\":\"https:\/\/hubsch-interior.com\/de\/?s={search_term_string}\"},\"query-input\":{\"@type\":\"PropertyValueSpecification\",\"valueRequired\":true,\"valueName\":\"search_term_string\"}}],\"inLanguage\":\"de\"},{\"@type\":\"Organization\",\"@id\":\"https:\/\/hubsch-interior.com\/de\/#organization\",\"name\":\"H\u00fcbsch\",\"url\":\"https:\/\/hubsch-interior.com\/de\/\",\"logo\":{\"@type\":\"ImageObject\",\"inLanguage\":\"de\",\"@id\":\"https:\/\/hubsch-interior.com\/de\/#\/schema\/logo\/image\/\",\"url\":\"https:\/\/hubsch-interior.com\/wp-content\/uploads\/2022\/12\/Hubsch_logo_black_one_line.svg\",\"contentUrl\":\"https:\/\/hubsch-interior.com\/wp-content\/uploads\/2022\/12\/Hubsch_logo_black_one_line.svg\",\"caption\":\"H\u00fcbsch\"},\"image\":{\"@id\":\"https:\/\/hubsch-interior.com\/de\/#\/schema\/logo\/image\/\"}}]}<\/script>\n<!-- \/ Yoast SEO plugin. -->","yoast_head_json":{"title":"Block Kerzenst\u00e4nder Gr\u00fcn\/Blue &amp; Orange\/Gr\u00fcn (2er Set) - H\u00fcbsch","description":"Lassen Sie sich von der reinen Eleganz unserer Block Kerzenst\u00e4nder verzaubern, die kunstvoll aus Kristall gefertigt sind. Diese St\u00fccke sind nicht nur","robots":{"index":"index","follow":"follow","max-snippet":"max-snippet:-1","max-image-preview":"max-image-preview:large","max-video-preview":"max-video-preview:-1"},"canonical":"https:\/\/hubsch-interior.com\/de\/wp-json\/wp\/v2\/product\/1070968","og_locale":"de_DE","og_type":"article","og_title":"Block Kerzenst\u00e4nder Gr\u00fcn\/Blue &amp; Orange\/Gr\u00fcn (2er Set) - H\u00fcbsch","og_description":"Lassen Sie sich von der reinen Eleganz unserer Block Kerzenst\u00e4nder verzaubern, die kunstvoll aus Kristall gefertigt sind. Diese St\u00fccke sind nicht nur","og_url":"https:\/\/hubsch-interior.com\/de\/produkt\/block-kerzenstander-grun-blue-orange-grun-2er-set\/","og_site_name":"H\u00fcbsch","article_modified_time":"2026-04-14T02:32:45+00:00","og_image":[{"width":1024,"height":1024,"url":"https:\/\/hubsch-interior.com\/wp-content\/uploads\/2026\/02\/block-candleholders-greenblue-orangegreen-set-of-2-d737cb2cee86d08905f7818f20da5164.jpg","type":"image\/jpeg"}],"twitter_card":"summary_large_image","twitter_misc":{"Gesch\u00e4tzte Lesezeit":"1\u00a0Minute"},"schema":{"@context":"https:\/\/schema.org","@graph":[{"@type":"WebPage","@id":"https:\/\/hubsch-interior.com\/de\/produkt\/block-kerzenstander-grun-blue-orange-grun-2er-set\/","url":"https:\/\/hubsch-interior.com\/de\/produkt\/block-kerzenstander-grun-blue-orange-grun-2er-set\/","name":"Block Kerzenst\u00e4nder Gr\u00fcn\/Blue &amp; Orange\/Gr\u00fcn (2er Set) - H\u00fcbsch","isPartOf":{"@id":"https:\/\/hubsch-interior.com\/de\/#website"},"primaryImageOfPage":{"@id":"https:\/\/hubsch-interior.com\/de\/produkt\/block-kerzenstander-grun-blue-orange-grun-2er-set\/#primaryimage"},"image":{"@id":"https:\/\/hubsch-interior.com\/de\/produkt\/block-kerzenstander-grun-blue-orange-grun-2er-set\/#primaryimage"},"thumbnailUrl":"https:\/\/hubsch-interior.com\/wp-content\/uploads\/2026\/02\/block-candleholders-greenblue-orangegreen-set-of-2-d737cb2cee86d08905f7818f20da5164.jpg","datePublished":"2025-09-25T11:10:03+00:00","dateModified":"2026-04-14T02:32:45+00:00","description":"Lassen Sie sich von der reinen Eleganz unserer Block Kerzenst\u00e4nder verzaubern, die kunstvoll aus Kristall gefertigt sind. Diese St\u00fccke sind nicht nur","breadcrumb":{"@id":"https:\/\/hubsch-interior.com\/de\/produkt\/block-kerzenstander-grun-blue-orange-grun-2er-set\/#breadcrumb"},"inLanguage":"de","potentialAction":[{"@type":"ReadAction","target":["https:\/\/hubsch-interior.com\/de\/produkt\/block-kerzenstander-grun-blue-orange-grun-2er-set\/"]}]},{"@type":"ImageObject","inLanguage":"de","@id":"https:\/\/hubsch-interior.com\/de\/produkt\/block-kerzenstander-grun-blue-orange-grun-2er-set\/#primaryimage","url":"https:\/\/hubsch-interior.com\/wp-content\/uploads\/2026\/02\/block-candleholders-greenblue-orangegreen-set-of-2-d737cb2cee86d08905f7818f20da5164.jpg","contentUrl":"https:\/\/hubsch-interior.com\/wp-content\/uploads\/2026\/02\/block-candleholders-greenblue-orangegreen-set-of-2-d737cb2cee86d08905f7818f20da5164.jpg","width":1024,"height":1024},{"@type":"BreadcrumbList","@id":"https:\/\/hubsch-interior.com\/de\/produkt\/block-kerzenstander-grun-blue-orange-grun-2er-set\/#breadcrumb","itemListElement":[{"@type":"ListItem","position":1,"name":"Startseite","item":"https:\/\/hubsch-interior.com\/de\/"},{"@type":"ListItem","position":2,"name":"Produkte","item":"https:\/\/hubsch-interior.com\/de\/shop-2\/"},{"@type":"ListItem","position":3,"name":"Wohnaccessoires","item":"https:\/\/hubsch-interior.com\/de\/produkt-kategorie\/wohnaccessoires\/"},{"@type":"ListItem","position":4,"name":"Kerzenst&auml;nder &amp; Laternen","item":"https:\/\/hubsch-interior.com\/de\/produkt-kategorie\/wohnaccessoires\/kerzenstaender-laternen-de\/"},{"@type":"ListItem","position":5,"name":"Kerzenst&auml;nder","item":"https:\/\/hubsch-interior.com\/de\/produkt-kategorie\/wohnaccessoires\/kerzenstaender-laternen-de\/kerzenstaender-de\/"},{"@type":"ListItem","position":6,"name":"Block Kerzenst\u00e4nder Gr\u00fcn\/Blue &amp; Orange\/Gr\u00fcn (2er Set)"}]},{"@type":"WebSite","@id":"https:\/\/hubsch-interior.com\/de\/#website","url":"https:\/\/hubsch-interior.com\/de\/","name":"H\u00fcbsch","description":"Danish Home Interior and Design","publisher":{"@id":"https:\/\/hubsch-interior.com\/de\/#organization"},"potentialAction":[{"@type":"SearchAction","target":{"@type":"EntryPoint","urlTemplate":"https:\/\/hubsch-interior.com\/de\/?s={search_term_string}"},"query-input":{"@type":"PropertyValueSpecification","valueRequired":true,"valueName":"search_term_string"}}],"inLanguage":"de"},{"@type":"Organization","@id":"https:\/\/hubsch-interior.com\/de\/#organization","name":"H\u00fcbsch","url":"https:\/\/hubsch-interior.com\/de\/","logo":{"@type":"ImageObject","inLanguage":"de","@id":"https:\/\/hubsch-interior.com\/de\/#\/schema\/logo\/image\/","url":"https:\/\/hubsch-interior.com\/wp-content\/uploads\/2022\/12\/Hubsch_logo_black_one_line.svg","contentUrl":"https:\/\/hubsch-interior.com\/wp-content\/uploads\/2022\/12\/Hubsch_logo_black_one_line.svg","caption":"H\u00fcbsch"},"image":{"@id":"https:\/\/hubsch-interior.com\/de\/#\/schema\/logo\/image\/"}}]}},"_links":{"self":[{"href":"https:\/\/hubsch-interior.com\/de\/wp-json\/wp\/v2\/product\/1070968","targetHints":{"allow":["GET"]}}],"collection":[{"href":"https:\/\/hubsch-interior.com\/de\/wp-json\/wp\/v2\/product"}],"about":[{"href":"https:\/\/hubsch-interior.com\/de\/wp-json\/wp\/v2\/types\/product"}],"wp:featuredmedia":[{"embeddable":true,"href":"https:\/\/hubsch-interior.com\/de\/wp-json\/wp\/v2\/media\/1097603"}],"wp:attachment":[{"href":"https:\/\/hubsch-interior.com\/de\/wp-json\/wp\/v2\/media?parent=1070968"}],"wp:term":[{"taxonomy":"product_brand","embeddable":true,"href":"https:\/\/hubsch-interior.com\/de\/wp-json\/wp\/v2\/product_brand?post=1070968"},{"taxonomy":"product_cat","embeddable":true,"href":"https:\/\/hubsch-interior.com\/de\/wp-json\/wp\/v2\/product_cat?post=1070968"},{"taxonomy":"product_tag","embeddable":true,"href":"https:\/\/hubsch-interior.com\/de\/wp-json\/wp\/v2\/product_tag?post=1070968"}],"curies":[{"name":"wp","href":"https:\/\/api.w.org\/{rel}","templated":true}]}}