{"id":1071036,"date":"2025-09-25T13:11:04","date_gmt":"2025-09-25T11:11:04","guid":{"rendered":"https:\/\/hubsch-interior.com\/product\/product\/"},"modified":"2026-04-12T04:33:43","modified_gmt":"2026-04-12T02:33:43","slug":"loom-decke-gelb","status":"publish","type":"product","link":"https:\/\/hubsch-interior.com\/de\/produkt\/loom-decke-gelb\/","title":{"rendered":"Loom Decke Gelb"},"content":{"rendered":"<p>H\u00fcllen Sie sich in einen Sonnenstrahl mit unserer Loom Decke, die durch ein gestreiftes Grafikmuster in hellen Farben besticht, das das ganze Jahr \u00fcber ein sommerliches Gef\u00fchl vermittelt. Diese entz\u00fcckende Decke ist sorgf\u00e4ltig aus einer robusten Materialzusammensetzung gefertigt, einschlie\u00dflich Acryl, Nylon und Wolle, was sowohl Komfort als auch Langlebigkeit gew\u00e4hrleistet. Sie ist zudem OEKO-TEX\u00ae STANDARD 100 zertifiziert, was garantiert, dass sie h\u00f6chsten Sicherheitsstandards entspricht. Perfekt geeignet, um Ihrer Lieblingsecke im Haus eine warme, fr\u00f6hliche Note zu verleihen.<\/p>\n","protected":false},"excerpt":{"rendered":"<p>H\u00fcllen Sie sich in einen Sonnenstrahl mit unserer Loom Decke, die durch ein gestreiftes Grafikmuster in hellen Farben besticht, das das ganze Jahr \u00fcber ein sommerliches Gef\u00fchl vermittelt. Diese entz\u00fcckende Decke ist sorgf\u00e4ltig aus einer robusten Materialzusammensetzung gefertigt, einschlie\u00dflich Acryl, Nylon und Wolle, was sowohl Komfort als auch Langlebigkeit gew\u00e4hrleistet. Sie ist zudem OEKO-TEX\u00ae STANDARD [&hellip;]<\/p>\n","protected":false},"featured_media":1098059,"template":"","meta":{"_acf_changed":false,"inline_featured_image":false},"product_brand":[],"product_cat":[6940,5027,4943,6972,6519,3004,6998],"product_tag":[],"class_list":{"0":"post-1071036","1":"product","2":"type-product","3":"status-publish","4":"has-post-thumbnail","6":"product_cat-additions-de","7":"product_cat-bestsellers-de","8":"product_cat-decken-de","9":"product_cat-oster-sale","10":"product_cat-outlet-de","11":"product_cat-textilien","12":"product_cat-the-buzz-de","13":"product_shipping_class-pk","15":"pa_color-gelb","17":"first","18":"instock","19":"sale","20":"featured","21":"taxable","22":"shipping-taxable","23":"purchasable","24":"product-type-simple"},"exclude_global_add_ons":[],"addons":[],"acf":[],"yoast_head":"<!-- This site is optimized with the Yoast SEO plugin v26.4 - https:\/\/yoast.com\/wordpress\/plugins\/seo\/ -->\n<title>Loom Decke Gelb - H\u00fcbsch<\/title>\n<meta name=\"description\" content=\"H\u00fcllen Sie sich in einen Sonnenstrahl mit unserer Loom Decke, die durch ein gestreiftes Grafikmuster in hellen Farben besticht, das das ganze Jahr \u00fcber\" \/>\n<meta name=\"robots\" content=\"index, follow, max-snippet:-1, max-image-preview:large, max-video-preview:-1\" \/>\n<link rel=\"canonical\" href=\"https:\/\/hubsch-interior.com\/de\/wp-json\/wp\/v2\/product\/1071036\" \/>\n<meta property=\"og:locale\" content=\"de_DE\" \/>\n<meta property=\"og:type\" content=\"article\" \/>\n<meta property=\"og:title\" content=\"Loom Decke Gelb - H\u00fcbsch\" \/>\n<meta property=\"og:description\" content=\"H\u00fcllen Sie sich in einen Sonnenstrahl mit unserer Loom Decke, die durch ein gestreiftes Grafikmuster in hellen Farben besticht, das das ganze Jahr \u00fcber\" \/>\n<meta property=\"og:url\" content=\"https:\/\/hubsch-interior.com\/de\/produkt\/loom-decke-gelb\/\" \/>\n<meta property=\"og:site_name\" content=\"H\u00fcbsch\" \/>\n<meta property=\"article:modified_time\" content=\"2026-04-12T02:33:43+00:00\" \/>\n<meta property=\"og:image\" content=\"https:\/\/hubsch-interior.com\/wp-content\/uploads\/2025\/09\/loom-plaid-yellow-2c0da071cc30cdcc1aebe10354ede9c2.jpg\" \/>\n\t<meta property=\"og:image:width\" content=\"1200\" \/>\n\t<meta property=\"og:image:height\" content=\"1200\" \/>\n\t<meta property=\"og:image:type\" content=\"image\/jpeg\" \/>\n<meta name=\"twitter:card\" content=\"summary_large_image\" \/>\n<script type=\"application\/ld+json\" class=\"yoast-schema-graph\">{\"@context\":\"https:\/\/schema.org\",\"@graph\":[{\"@type\":\"WebPage\",\"@id\":\"https:\/\/hubsch-interior.com\/de\/produkt\/loom-decke-gelb\/\",\"url\":\"https:\/\/hubsch-interior.com\/de\/produkt\/loom-decke-gelb\/\",\"name\":\"Loom Decke Gelb - H\u00fcbsch\",\"isPartOf\":{\"@id\":\"https:\/\/hubsch-interior.com\/de\/#website\"},\"primaryImageOfPage\":{\"@id\":\"https:\/\/hubsch-interior.com\/de\/produkt\/loom-decke-gelb\/#primaryimage\"},\"image\":{\"@id\":\"https:\/\/hubsch-interior.com\/de\/produkt\/loom-decke-gelb\/#primaryimage\"},\"thumbnailUrl\":\"https:\/\/hubsch-interior.com\/wp-content\/uploads\/2026\/02\/loom-plaid-yellow-e6a312235336be1fd0cd9b253c4448e1.jpg\",\"datePublished\":\"2025-09-25T11:11:04+00:00\",\"dateModified\":\"2026-04-12T02:33:43+00:00\",\"description\":\"H\u00fcllen Sie sich in einen Sonnenstrahl mit unserer Loom Decke, die durch ein gestreiftes Grafikmuster in hellen Farben besticht, das das ganze Jahr \u00fcber\",\"breadcrumb\":{\"@id\":\"https:\/\/hubsch-interior.com\/de\/produkt\/loom-decke-gelb\/#breadcrumb\"},\"inLanguage\":\"de\",\"potentialAction\":[{\"@type\":\"ReadAction\",\"target\":[\"https:\/\/hubsch-interior.com\/de\/produkt\/loom-decke-gelb\/\"]}]},{\"@type\":\"ImageObject\",\"inLanguage\":\"de\",\"@id\":\"https:\/\/hubsch-interior.com\/de\/produkt\/loom-decke-gelb\/#primaryimage\",\"url\":\"https:\/\/hubsch-interior.com\/wp-content\/uploads\/2026\/02\/loom-plaid-yellow-e6a312235336be1fd0cd9b253c4448e1.jpg\",\"contentUrl\":\"https:\/\/hubsch-interior.com\/wp-content\/uploads\/2026\/02\/loom-plaid-yellow-e6a312235336be1fd0cd9b253c4448e1.jpg\",\"width\":1024,\"height\":1024},{\"@type\":\"BreadcrumbList\",\"@id\":\"https:\/\/hubsch-interior.com\/de\/produkt\/loom-decke-gelb\/#breadcrumb\",\"itemListElement\":[{\"@type\":\"ListItem\",\"position\":1,\"name\":\"Startseite\",\"item\":\"https:\/\/hubsch-interior.com\/de\/\"},{\"@type\":\"ListItem\",\"position\":2,\"name\":\"Produkte\",\"item\":\"https:\/\/hubsch-interior.com\/de\/shop-2\/\"},{\"@type\":\"ListItem\",\"position\":3,\"name\":\"Textilien\",\"item\":\"https:\/\/hubsch-interior.com\/de\/produkt-kategorie\/textilien\/\"},{\"@type\":\"ListItem\",\"position\":4,\"name\":\"Decken\",\"item\":\"https:\/\/hubsch-interior.com\/de\/produkt-kategorie\/textilien\/decken-de\/\"},{\"@type\":\"ListItem\",\"position\":5,\"name\":\"Loom Decke Gelb\"}]},{\"@type\":\"WebSite\",\"@id\":\"https:\/\/hubsch-interior.com\/de\/#website\",\"url\":\"https:\/\/hubsch-interior.com\/de\/\",\"name\":\"H\u00fcbsch\",\"description\":\"Danish Home Interior and Design\",\"publisher\":{\"@id\":\"https:\/\/hubsch-interior.com\/de\/#organization\"},\"potentialAction\":[{\"@type\":\"SearchAction\",\"target\":{\"@type\":\"EntryPoint\",\"urlTemplate\":\"https:\/\/hubsch-interior.com\/de\/?s={search_term_string}\"},\"query-input\":{\"@type\":\"PropertyValueSpecification\",\"valueRequired\":true,\"valueName\":\"search_term_string\"}}],\"inLanguage\":\"de\"},{\"@type\":\"Organization\",\"@id\":\"https:\/\/hubsch-interior.com\/de\/#organization\",\"name\":\"H\u00fcbsch\",\"url\":\"https:\/\/hubsch-interior.com\/de\/\",\"logo\":{\"@type\":\"ImageObject\",\"inLanguage\":\"de\",\"@id\":\"https:\/\/hubsch-interior.com\/de\/#\/schema\/logo\/image\/\",\"url\":\"https:\/\/hubsch-interior.com\/wp-content\/uploads\/2022\/12\/Hubsch_logo_black_one_line.svg\",\"contentUrl\":\"https:\/\/hubsch-interior.com\/wp-content\/uploads\/2022\/12\/Hubsch_logo_black_one_line.svg\",\"caption\":\"H\u00fcbsch\"},\"image\":{\"@id\":\"https:\/\/hubsch-interior.com\/de\/#\/schema\/logo\/image\/\"}}]}<\/script>\n<!-- \/ Yoast SEO plugin. -->","yoast_head_json":{"title":"Loom Decke Gelb - H\u00fcbsch","description":"H\u00fcllen Sie sich in einen Sonnenstrahl mit unserer Loom Decke, die durch ein gestreiftes Grafikmuster in hellen Farben besticht, das das ganze Jahr \u00fcber","robots":{"index":"index","follow":"follow","max-snippet":"max-snippet:-1","max-image-preview":"max-image-preview:large","max-video-preview":"max-video-preview:-1"},"canonical":"https:\/\/hubsch-interior.com\/de\/wp-json\/wp\/v2\/product\/1071036","og_locale":"de_DE","og_type":"article","og_title":"Loom Decke Gelb - H\u00fcbsch","og_description":"H\u00fcllen Sie sich in einen Sonnenstrahl mit unserer Loom Decke, die durch ein gestreiftes Grafikmuster in hellen Farben besticht, das das ganze Jahr \u00fcber","og_url":"https:\/\/hubsch-interior.com\/de\/produkt\/loom-decke-gelb\/","og_site_name":"H\u00fcbsch","article_modified_time":"2026-04-12T02:33:43+00:00","og_image":[{"width":1200,"height":1200,"url":"https:\/\/hubsch-interior.com\/wp-content\/uploads\/2025\/09\/loom-plaid-yellow-2c0da071cc30cdcc1aebe10354ede9c2.jpg","type":"image\/jpeg"}],"twitter_card":"summary_large_image","schema":{"@context":"https:\/\/schema.org","@graph":[{"@type":"WebPage","@id":"https:\/\/hubsch-interior.com\/de\/produkt\/loom-decke-gelb\/","url":"https:\/\/hubsch-interior.com\/de\/produkt\/loom-decke-gelb\/","name":"Loom Decke Gelb - H\u00fcbsch","isPartOf":{"@id":"https:\/\/hubsch-interior.com\/de\/#website"},"primaryImageOfPage":{"@id":"https:\/\/hubsch-interior.com\/de\/produkt\/loom-decke-gelb\/#primaryimage"},"image":{"@id":"https:\/\/hubsch-interior.com\/de\/produkt\/loom-decke-gelb\/#primaryimage"},"thumbnailUrl":"https:\/\/hubsch-interior.com\/wp-content\/uploads\/2026\/02\/loom-plaid-yellow-e6a312235336be1fd0cd9b253c4448e1.jpg","datePublished":"2025-09-25T11:11:04+00:00","dateModified":"2026-04-12T02:33:43+00:00","description":"H\u00fcllen Sie sich in einen Sonnenstrahl mit unserer Loom Decke, die durch ein gestreiftes Grafikmuster in hellen Farben besticht, das das ganze Jahr \u00fcber","breadcrumb":{"@id":"https:\/\/hubsch-interior.com\/de\/produkt\/loom-decke-gelb\/#breadcrumb"},"inLanguage":"de","potentialAction":[{"@type":"ReadAction","target":["https:\/\/hubsch-interior.com\/de\/produkt\/loom-decke-gelb\/"]}]},{"@type":"ImageObject","inLanguage":"de","@id":"https:\/\/hubsch-interior.com\/de\/produkt\/loom-decke-gelb\/#primaryimage","url":"https:\/\/hubsch-interior.com\/wp-content\/uploads\/2026\/02\/loom-plaid-yellow-e6a312235336be1fd0cd9b253c4448e1.jpg","contentUrl":"https:\/\/hubsch-interior.com\/wp-content\/uploads\/2026\/02\/loom-plaid-yellow-e6a312235336be1fd0cd9b253c4448e1.jpg","width":1024,"height":1024},{"@type":"BreadcrumbList","@id":"https:\/\/hubsch-interior.com\/de\/produkt\/loom-decke-gelb\/#breadcrumb","itemListElement":[{"@type":"ListItem","position":1,"name":"Startseite","item":"https:\/\/hubsch-interior.com\/de\/"},{"@type":"ListItem","position":2,"name":"Produkte","item":"https:\/\/hubsch-interior.com\/de\/shop-2\/"},{"@type":"ListItem","position":3,"name":"Textilien","item":"https:\/\/hubsch-interior.com\/de\/produkt-kategorie\/textilien\/"},{"@type":"ListItem","position":4,"name":"Decken","item":"https:\/\/hubsch-interior.com\/de\/produkt-kategorie\/textilien\/decken-de\/"},{"@type":"ListItem","position":5,"name":"Loom Decke Gelb"}]},{"@type":"WebSite","@id":"https:\/\/hubsch-interior.com\/de\/#website","url":"https:\/\/hubsch-interior.com\/de\/","name":"H\u00fcbsch","description":"Danish Home Interior and Design","publisher":{"@id":"https:\/\/hubsch-interior.com\/de\/#organization"},"potentialAction":[{"@type":"SearchAction","target":{"@type":"EntryPoint","urlTemplate":"https:\/\/hubsch-interior.com\/de\/?s={search_term_string}"},"query-input":{"@type":"PropertyValueSpecification","valueRequired":true,"valueName":"search_term_string"}}],"inLanguage":"de"},{"@type":"Organization","@id":"https:\/\/hubsch-interior.com\/de\/#organization","name":"H\u00fcbsch","url":"https:\/\/hubsch-interior.com\/de\/","logo":{"@type":"ImageObject","inLanguage":"de","@id":"https:\/\/hubsch-interior.com\/de\/#\/schema\/logo\/image\/","url":"https:\/\/hubsch-interior.com\/wp-content\/uploads\/2022\/12\/Hubsch_logo_black_one_line.svg","contentUrl":"https:\/\/hubsch-interior.com\/wp-content\/uploads\/2022\/12\/Hubsch_logo_black_one_line.svg","caption":"H\u00fcbsch"},"image":{"@id":"https:\/\/hubsch-interior.com\/de\/#\/schema\/logo\/image\/"}}]}},"_links":{"self":[{"href":"https:\/\/hubsch-interior.com\/de\/wp-json\/wp\/v2\/product\/1071036","targetHints":{"allow":["GET"]}}],"collection":[{"href":"https:\/\/hubsch-interior.com\/de\/wp-json\/wp\/v2\/product"}],"about":[{"href":"https:\/\/hubsch-interior.com\/de\/wp-json\/wp\/v2\/types\/product"}],"wp:featuredmedia":[{"embeddable":true,"href":"https:\/\/hubsch-interior.com\/de\/wp-json\/wp\/v2\/media\/1098059"}],"wp:attachment":[{"href":"https:\/\/hubsch-interior.com\/de\/wp-json\/wp\/v2\/media?parent=1071036"}],"wp:term":[{"taxonomy":"product_brand","embeddable":true,"href":"https:\/\/hubsch-interior.com\/de\/wp-json\/wp\/v2\/product_brand?post=1071036"},{"taxonomy":"product_cat","embeddable":true,"href":"https:\/\/hubsch-interior.com\/de\/wp-json\/wp\/v2\/product_cat?post=1071036"},{"taxonomy":"product_tag","embeddable":true,"href":"https:\/\/hubsch-interior.com\/de\/wp-json\/wp\/v2\/product_tag?post=1071036"}],"curies":[{"name":"wp","href":"https:\/\/api.w.org\/{rel}","templated":true}]}}