{"id":1071056,"date":"2025-09-25T13:11:16","date_gmt":"2025-09-25T11:11:16","guid":{"rendered":"https:\/\/hubsch-interior.com\/product\/product\/"},"modified":"2026-04-11T04:32:34","modified_gmt":"2026-04-11T02:32:34","slug":"loom-decke-blau","status":"publish","type":"product","link":"https:\/\/hubsch-interior.com\/de\/produkt\/loom-decke-blau\/","title":{"rendered":"Loom Decke Blau"},"content":{"rendered":"<p>H\u00fcllen Sie sich in die gem\u00fctliche Umarmung unserer Loom Decke, wo Komfort auf klassisches Design trifft. Umh\u00fcllt von sanften blauen Linien und Streifen, entsteht ein kunstvolles, sch\u00f6nes kariertes Muster, das jeden Raum erg\u00e4nzt. Diese Decke ist ein Zeugnis f\u00fcr Langlebigkeit und Weichheit, mit einer starken Zusammensetzung aus Acryl, Nylon und Wolle. Zertifiziert nach OEKO-TEX\u00ae STANDARD 100, garantiert sie Ihr Wohlbefinden bei jeder sanften Falte. Ideal, um sich mit einem guten Buch einzukuscheln oder einen Hauch von Eleganz in Ihre Lounge-Ecke zu bringen.<\/p>\n","protected":false},"excerpt":{"rendered":"<p>H\u00fcllen Sie sich in die gem\u00fctliche Umarmung unserer Loom Decke, wo Komfort auf klassisches Design trifft. Umh\u00fcllt von sanften blauen Linien und Streifen, entsteht ein kunstvolles, sch\u00f6nes kariertes Muster, das jeden Raum erg\u00e4nzt. Diese Decke ist ein Zeugnis f\u00fcr Langlebigkeit und Weichheit, mit einer starken Zusammensetzung aus Acryl, Nylon und Wolle. Zertifiziert nach OEKO-TEX\u00ae STANDARD [&hellip;]<\/p>\n","protected":false},"featured_media":1098071,"template":"","meta":{"_acf_changed":false,"inline_featured_image":false},"product_brand":[],"product_cat":[6940,6972,6998,3004,4943,6519],"product_tag":[],"class_list":{"0":"post-1071056","1":"product","2":"type-product","3":"status-publish","4":"has-post-thumbnail","6":"product_cat-additions-de","7":"product_cat-oster-sale","8":"product_cat-the-buzz-de","9":"product_cat-textilien","10":"product_cat-decken-de","11":"product_cat-outlet-de","12":"product_shipping_class-pk","14":"pa_color-blau-2","16":"first","17":"instock","18":"sale","19":"taxable","20":"shipping-taxable","21":"purchasable","22":"product-type-simple"},"exclude_global_add_ons":[],"addons":[],"acf":[],"yoast_head":"<!-- This site is optimized with the Yoast SEO plugin v26.4 - https:\/\/yoast.com\/wordpress\/plugins\/seo\/ -->\n<title>Loom Decke Blau - H\u00fcbsch<\/title>\n<meta name=\"description\" content=\"H\u00fcllen Sie sich in die gem\u00fctliche Umarmung unserer Loom Decke, wo Komfort auf klassisches Design trifft. Umh\u00fcllt von sanften blauen Linien und Streifen,\" \/>\n<meta name=\"robots\" content=\"index, follow, max-snippet:-1, max-image-preview:large, max-video-preview:-1\" \/>\n<link rel=\"canonical\" href=\"https:\/\/hubsch-interior.com\/de\/wp-json\/wp\/v2\/product\/1071056\" \/>\n<meta property=\"og:locale\" content=\"de_DE\" \/>\n<meta property=\"og:type\" content=\"article\" \/>\n<meta property=\"og:title\" content=\"Loom Decke Blau - H\u00fcbsch\" \/>\n<meta property=\"og:description\" content=\"H\u00fcllen Sie sich in die gem\u00fctliche Umarmung unserer Loom Decke, wo Komfort auf klassisches Design trifft. Umh\u00fcllt von sanften blauen Linien und Streifen,\" \/>\n<meta property=\"og:url\" content=\"https:\/\/hubsch-interior.com\/de\/produkt\/loom-decke-blau\/\" \/>\n<meta property=\"og:site_name\" content=\"H\u00fcbsch\" \/>\n<meta property=\"article:modified_time\" content=\"2026-04-11T02:32:34+00:00\" \/>\n<meta property=\"og:image\" content=\"https:\/\/hubsch-interior.com\/wp-content\/uploads\/2025\/09\/loom-plaid-blue-56793b26502882393df79d21f3392c79.jpg\" \/>\n\t<meta property=\"og:image:width\" content=\"1200\" \/>\n\t<meta property=\"og:image:height\" content=\"1200\" \/>\n\t<meta property=\"og:image:type\" content=\"image\/jpeg\" \/>\n<meta name=\"twitter:card\" content=\"summary_large_image\" \/>\n<script type=\"application\/ld+json\" class=\"yoast-schema-graph\">{\"@context\":\"https:\/\/schema.org\",\"@graph\":[{\"@type\":\"WebPage\",\"@id\":\"https:\/\/hubsch-interior.com\/de\/produkt\/loom-decke-blau\/\",\"url\":\"https:\/\/hubsch-interior.com\/de\/produkt\/loom-decke-blau\/\",\"name\":\"Loom Decke Blau - H\u00fcbsch\",\"isPartOf\":{\"@id\":\"https:\/\/hubsch-interior.com\/de\/#website\"},\"primaryImageOfPage\":{\"@id\":\"https:\/\/hubsch-interior.com\/de\/produkt\/loom-decke-blau\/#primaryimage\"},\"image\":{\"@id\":\"https:\/\/hubsch-interior.com\/de\/produkt\/loom-decke-blau\/#primaryimage\"},\"thumbnailUrl\":\"https:\/\/hubsch-interior.com\/wp-content\/uploads\/2026\/02\/loom-plaid-blue-6addb004d133d9536c888732703fb3b0.jpg\",\"datePublished\":\"2025-09-25T11:11:16+00:00\",\"dateModified\":\"2026-04-11T02:32:34+00:00\",\"description\":\"H\u00fcllen Sie sich in die gem\u00fctliche Umarmung unserer Loom Decke, wo Komfort auf klassisches Design trifft. Umh\u00fcllt von sanften blauen Linien und Streifen,\",\"breadcrumb\":{\"@id\":\"https:\/\/hubsch-interior.com\/de\/produkt\/loom-decke-blau\/#breadcrumb\"},\"inLanguage\":\"de\",\"potentialAction\":[{\"@type\":\"ReadAction\",\"target\":[\"https:\/\/hubsch-interior.com\/de\/produkt\/loom-decke-blau\/\"]}]},{\"@type\":\"ImageObject\",\"inLanguage\":\"de\",\"@id\":\"https:\/\/hubsch-interior.com\/de\/produkt\/loom-decke-blau\/#primaryimage\",\"url\":\"https:\/\/hubsch-interior.com\/wp-content\/uploads\/2026\/02\/loom-plaid-blue-6addb004d133d9536c888732703fb3b0.jpg\",\"contentUrl\":\"https:\/\/hubsch-interior.com\/wp-content\/uploads\/2026\/02\/loom-plaid-blue-6addb004d133d9536c888732703fb3b0.jpg\",\"width\":1024,\"height\":1024},{\"@type\":\"BreadcrumbList\",\"@id\":\"https:\/\/hubsch-interior.com\/de\/produkt\/loom-decke-blau\/#breadcrumb\",\"itemListElement\":[{\"@type\":\"ListItem\",\"position\":1,\"name\":\"Startseite\",\"item\":\"https:\/\/hubsch-interior.com\/de\/\"},{\"@type\":\"ListItem\",\"position\":2,\"name\":\"Produkte\",\"item\":\"https:\/\/hubsch-interior.com\/de\/shop-2\/\"},{\"@type\":\"ListItem\",\"position\":3,\"name\":\"Textilien\",\"item\":\"https:\/\/hubsch-interior.com\/de\/produkt-kategorie\/textilien\/\"},{\"@type\":\"ListItem\",\"position\":4,\"name\":\"Decken\",\"item\":\"https:\/\/hubsch-interior.com\/de\/produkt-kategorie\/textilien\/decken-de\/\"},{\"@type\":\"ListItem\",\"position\":5,\"name\":\"Loom Decke Blau\"}]},{\"@type\":\"WebSite\",\"@id\":\"https:\/\/hubsch-interior.com\/de\/#website\",\"url\":\"https:\/\/hubsch-interior.com\/de\/\",\"name\":\"H\u00fcbsch\",\"description\":\"Danish Home Interior and Design\",\"publisher\":{\"@id\":\"https:\/\/hubsch-interior.com\/de\/#organization\"},\"potentialAction\":[{\"@type\":\"SearchAction\",\"target\":{\"@type\":\"EntryPoint\",\"urlTemplate\":\"https:\/\/hubsch-interior.com\/de\/?s={search_term_string}\"},\"query-input\":{\"@type\":\"PropertyValueSpecification\",\"valueRequired\":true,\"valueName\":\"search_term_string\"}}],\"inLanguage\":\"de\"},{\"@type\":\"Organization\",\"@id\":\"https:\/\/hubsch-interior.com\/de\/#organization\",\"name\":\"H\u00fcbsch\",\"url\":\"https:\/\/hubsch-interior.com\/de\/\",\"logo\":{\"@type\":\"ImageObject\",\"inLanguage\":\"de\",\"@id\":\"https:\/\/hubsch-interior.com\/de\/#\/schema\/logo\/image\/\",\"url\":\"https:\/\/hubsch-interior.com\/wp-content\/uploads\/2022\/12\/Hubsch_logo_black_one_line.svg\",\"contentUrl\":\"https:\/\/hubsch-interior.com\/wp-content\/uploads\/2022\/12\/Hubsch_logo_black_one_line.svg\",\"caption\":\"H\u00fcbsch\"},\"image\":{\"@id\":\"https:\/\/hubsch-interior.com\/de\/#\/schema\/logo\/image\/\"}}]}<\/script>\n<!-- \/ Yoast SEO plugin. -->","yoast_head_json":{"title":"Loom Decke Blau - H\u00fcbsch","description":"H\u00fcllen Sie sich in die gem\u00fctliche Umarmung unserer Loom Decke, wo Komfort auf klassisches Design trifft. Umh\u00fcllt von sanften blauen Linien und Streifen,","robots":{"index":"index","follow":"follow","max-snippet":"max-snippet:-1","max-image-preview":"max-image-preview:large","max-video-preview":"max-video-preview:-1"},"canonical":"https:\/\/hubsch-interior.com\/de\/wp-json\/wp\/v2\/product\/1071056","og_locale":"de_DE","og_type":"article","og_title":"Loom Decke Blau - H\u00fcbsch","og_description":"H\u00fcllen Sie sich in die gem\u00fctliche Umarmung unserer Loom Decke, wo Komfort auf klassisches Design trifft. Umh\u00fcllt von sanften blauen Linien und Streifen,","og_url":"https:\/\/hubsch-interior.com\/de\/produkt\/loom-decke-blau\/","og_site_name":"H\u00fcbsch","article_modified_time":"2026-04-11T02:32:34+00:00","og_image":[{"width":1200,"height":1200,"url":"https:\/\/hubsch-interior.com\/wp-content\/uploads\/2025\/09\/loom-plaid-blue-56793b26502882393df79d21f3392c79.jpg","type":"image\/jpeg"}],"twitter_card":"summary_large_image","schema":{"@context":"https:\/\/schema.org","@graph":[{"@type":"WebPage","@id":"https:\/\/hubsch-interior.com\/de\/produkt\/loom-decke-blau\/","url":"https:\/\/hubsch-interior.com\/de\/produkt\/loom-decke-blau\/","name":"Loom Decke Blau - H\u00fcbsch","isPartOf":{"@id":"https:\/\/hubsch-interior.com\/de\/#website"},"primaryImageOfPage":{"@id":"https:\/\/hubsch-interior.com\/de\/produkt\/loom-decke-blau\/#primaryimage"},"image":{"@id":"https:\/\/hubsch-interior.com\/de\/produkt\/loom-decke-blau\/#primaryimage"},"thumbnailUrl":"https:\/\/hubsch-interior.com\/wp-content\/uploads\/2026\/02\/loom-plaid-blue-6addb004d133d9536c888732703fb3b0.jpg","datePublished":"2025-09-25T11:11:16+00:00","dateModified":"2026-04-11T02:32:34+00:00","description":"H\u00fcllen Sie sich in die gem\u00fctliche Umarmung unserer Loom Decke, wo Komfort auf klassisches Design trifft. Umh\u00fcllt von sanften blauen Linien und Streifen,","breadcrumb":{"@id":"https:\/\/hubsch-interior.com\/de\/produkt\/loom-decke-blau\/#breadcrumb"},"inLanguage":"de","potentialAction":[{"@type":"ReadAction","target":["https:\/\/hubsch-interior.com\/de\/produkt\/loom-decke-blau\/"]}]},{"@type":"ImageObject","inLanguage":"de","@id":"https:\/\/hubsch-interior.com\/de\/produkt\/loom-decke-blau\/#primaryimage","url":"https:\/\/hubsch-interior.com\/wp-content\/uploads\/2026\/02\/loom-plaid-blue-6addb004d133d9536c888732703fb3b0.jpg","contentUrl":"https:\/\/hubsch-interior.com\/wp-content\/uploads\/2026\/02\/loom-plaid-blue-6addb004d133d9536c888732703fb3b0.jpg","width":1024,"height":1024},{"@type":"BreadcrumbList","@id":"https:\/\/hubsch-interior.com\/de\/produkt\/loom-decke-blau\/#breadcrumb","itemListElement":[{"@type":"ListItem","position":1,"name":"Startseite","item":"https:\/\/hubsch-interior.com\/de\/"},{"@type":"ListItem","position":2,"name":"Produkte","item":"https:\/\/hubsch-interior.com\/de\/shop-2\/"},{"@type":"ListItem","position":3,"name":"Textilien","item":"https:\/\/hubsch-interior.com\/de\/produkt-kategorie\/textilien\/"},{"@type":"ListItem","position":4,"name":"Decken","item":"https:\/\/hubsch-interior.com\/de\/produkt-kategorie\/textilien\/decken-de\/"},{"@type":"ListItem","position":5,"name":"Loom Decke Blau"}]},{"@type":"WebSite","@id":"https:\/\/hubsch-interior.com\/de\/#website","url":"https:\/\/hubsch-interior.com\/de\/","name":"H\u00fcbsch","description":"Danish Home Interior and Design","publisher":{"@id":"https:\/\/hubsch-interior.com\/de\/#organization"},"potentialAction":[{"@type":"SearchAction","target":{"@type":"EntryPoint","urlTemplate":"https:\/\/hubsch-interior.com\/de\/?s={search_term_string}"},"query-input":{"@type":"PropertyValueSpecification","valueRequired":true,"valueName":"search_term_string"}}],"inLanguage":"de"},{"@type":"Organization","@id":"https:\/\/hubsch-interior.com\/de\/#organization","name":"H\u00fcbsch","url":"https:\/\/hubsch-interior.com\/de\/","logo":{"@type":"ImageObject","inLanguage":"de","@id":"https:\/\/hubsch-interior.com\/de\/#\/schema\/logo\/image\/","url":"https:\/\/hubsch-interior.com\/wp-content\/uploads\/2022\/12\/Hubsch_logo_black_one_line.svg","contentUrl":"https:\/\/hubsch-interior.com\/wp-content\/uploads\/2022\/12\/Hubsch_logo_black_one_line.svg","caption":"H\u00fcbsch"},"image":{"@id":"https:\/\/hubsch-interior.com\/de\/#\/schema\/logo\/image\/"}}]}},"_links":{"self":[{"href":"https:\/\/hubsch-interior.com\/de\/wp-json\/wp\/v2\/product\/1071056","targetHints":{"allow":["GET"]}}],"collection":[{"href":"https:\/\/hubsch-interior.com\/de\/wp-json\/wp\/v2\/product"}],"about":[{"href":"https:\/\/hubsch-interior.com\/de\/wp-json\/wp\/v2\/types\/product"}],"wp:featuredmedia":[{"embeddable":true,"href":"https:\/\/hubsch-interior.com\/de\/wp-json\/wp\/v2\/media\/1098071"}],"wp:attachment":[{"href":"https:\/\/hubsch-interior.com\/de\/wp-json\/wp\/v2\/media?parent=1071056"}],"wp:term":[{"taxonomy":"product_brand","embeddable":true,"href":"https:\/\/hubsch-interior.com\/de\/wp-json\/wp\/v2\/product_brand?post=1071056"},{"taxonomy":"product_cat","embeddable":true,"href":"https:\/\/hubsch-interior.com\/de\/wp-json\/wp\/v2\/product_cat?post=1071056"},{"taxonomy":"product_tag","embeddable":true,"href":"https:\/\/hubsch-interior.com\/de\/wp-json\/wp\/v2\/product_tag?post=1071056"}],"curies":[{"name":"wp","href":"https:\/\/api.w.org\/{rel}","templated":true}]}}