{"id":1071076,"date":"2025-09-25T13:11:28","date_gmt":"2025-09-25T11:11:28","guid":{"rendered":"https:\/\/hubsch-interior.com\/product\/product\/"},"modified":"2026-04-11T04:32:38","modified_gmt":"2026-04-11T02:32:38","slug":"loom-decke-multifarben","status":"publish","type":"product","link":"https:\/\/hubsch-interior.com\/de\/produkt\/loom-decke-multifarben\/","title":{"rendered":"Loom  Decke \u00a0Multifarben"},"content":{"rendered":"<p>Entdecken Sie den Charme unserer Loom Decke, bei der Streifen in ein beeindruckendes kariertes Muster \u00fcbergehen und eine reizvolle Mischung aus kalten und warmen T\u00f6nen zeigen. Hergestellt aus einer robusten Zusammensetzung aus Acryl und Nylon, tr\u00e4gt sie die renommierte OEKO-TEX\u00ae STANDARD 100 Zertifizierung, die sicherstellt, dass sie hohe human\u00f6kologische Standards erf\u00fcllt. H\u00fcllen Sie sich in dieses farbenfrohe Wunder, perfekt, um Ihren Innenr\u00e4umen einen Hauch von Farbe und Komfort zu verleihen.<\/p>\n","protected":false},"excerpt":{"rendered":"<p>Entdecken Sie den Charme unserer Loom Decke, bei der Streifen in ein beeindruckendes kariertes Muster \u00fcbergehen und eine reizvolle Mischung aus kalten und warmen T\u00f6nen zeigen. Hergestellt aus einer robusten Zusammensetzung aus Acryl und Nylon, tr\u00e4gt sie die renommierte OEKO-TEX\u00ae STANDARD 100 Zertifizierung, die sicherstellt, dass sie hohe human\u00f6kologische Standards erf\u00fcllt. H\u00fcllen Sie sich in [&hellip;]<\/p>\n","protected":false},"featured_media":1098083,"template":"","meta":{"_acf_changed":false,"inline_featured_image":false},"product_brand":[],"product_cat":[6940,6972,6998,3004,4943,5027,6519],"product_tag":[],"class_list":{"0":"post-1071076","1":"product","2":"type-product","3":"status-publish","4":"has-post-thumbnail","6":"product_cat-additions-de","7":"product_cat-oster-sale","8":"product_cat-the-buzz-de","9":"product_cat-textilien","10":"product_cat-decken-de","11":"product_cat-bestsellers-de","12":"product_cat-outlet-de","13":"product_shipping_class-pk","15":"pa_color-multifarben-2","17":"first","18":"instock","19":"sale","20":"featured","21":"taxable","22":"shipping-taxable","23":"purchasable","24":"product-type-simple"},"exclude_global_add_ons":[],"addons":[],"acf":[],"yoast_head":"<!-- This site is optimized with the Yoast SEO plugin v26.4 - https:\/\/yoast.com\/wordpress\/plugins\/seo\/ -->\n<title>Loom Decke \u00a0Multifarben - H\u00fcbsch<\/title>\n<meta name=\"description\" content=\"Entdecken Sie den Charme unserer Loom Decke, bei der Streifen in ein beeindruckendes kariertes Muster \u00fcbergehen und eine reizvolle Mischung aus kalten und\" \/>\n<meta name=\"robots\" content=\"index, follow, max-snippet:-1, max-image-preview:large, max-video-preview:-1\" \/>\n<link rel=\"canonical\" href=\"https:\/\/hubsch-interior.com\/de\/wp-json\/wp\/v2\/product\/1071076\" \/>\n<meta property=\"og:locale\" content=\"de_DE\" \/>\n<meta property=\"og:type\" content=\"article\" \/>\n<meta property=\"og:title\" content=\"Loom Decke \u00a0Multifarben - H\u00fcbsch\" \/>\n<meta property=\"og:description\" content=\"Entdecken Sie den Charme unserer Loom Decke, bei der Streifen in ein beeindruckendes kariertes Muster \u00fcbergehen und eine reizvolle Mischung aus kalten und\" \/>\n<meta property=\"og:url\" content=\"https:\/\/hubsch-interior.com\/de\/produkt\/loom-decke-multifarben\/\" \/>\n<meta property=\"og:site_name\" content=\"H\u00fcbsch\" \/>\n<meta property=\"article:modified_time\" content=\"2026-04-11T02:32:38+00:00\" \/>\n<meta property=\"og:image\" content=\"https:\/\/hubsch-interior.com\/wp-content\/uploads\/2025\/09\/loom-plaid-multicolour-c7abd7b6818620f2303686437885a68a.jpg\" \/>\n\t<meta property=\"og:image:width\" content=\"1200\" \/>\n\t<meta property=\"og:image:height\" content=\"1200\" \/>\n\t<meta property=\"og:image:type\" content=\"image\/jpeg\" \/>\n<meta name=\"twitter:card\" content=\"summary_large_image\" \/>\n<script type=\"application\/ld+json\" class=\"yoast-schema-graph\">{\"@context\":\"https:\/\/schema.org\",\"@graph\":[{\"@type\":\"WebPage\",\"@id\":\"https:\/\/hubsch-interior.com\/de\/produkt\/loom-decke-multifarben\/\",\"url\":\"https:\/\/hubsch-interior.com\/de\/produkt\/loom-decke-multifarben\/\",\"name\":\"Loom Decke \u00a0Multifarben - H\u00fcbsch\",\"isPartOf\":{\"@id\":\"https:\/\/hubsch-interior.com\/de\/#website\"},\"primaryImageOfPage\":{\"@id\":\"https:\/\/hubsch-interior.com\/de\/produkt\/loom-decke-multifarben\/#primaryimage\"},\"image\":{\"@id\":\"https:\/\/hubsch-interior.com\/de\/produkt\/loom-decke-multifarben\/#primaryimage\"},\"thumbnailUrl\":\"https:\/\/hubsch-interior.com\/wp-content\/uploads\/2026\/02\/loom-plaid-multicolour-9be373d3db0d0259a06ba862aba0300c.jpg\",\"datePublished\":\"2025-09-25T11:11:28+00:00\",\"dateModified\":\"2026-04-11T02:32:38+00:00\",\"description\":\"Entdecken Sie den Charme unserer Loom Decke, bei der Streifen in ein beeindruckendes kariertes Muster \u00fcbergehen und eine reizvolle Mischung aus kalten und\",\"breadcrumb\":{\"@id\":\"https:\/\/hubsch-interior.com\/de\/produkt\/loom-decke-multifarben\/#breadcrumb\"},\"inLanguage\":\"de\",\"potentialAction\":[{\"@type\":\"ReadAction\",\"target\":[\"https:\/\/hubsch-interior.com\/de\/produkt\/loom-decke-multifarben\/\"]}]},{\"@type\":\"ImageObject\",\"inLanguage\":\"de\",\"@id\":\"https:\/\/hubsch-interior.com\/de\/produkt\/loom-decke-multifarben\/#primaryimage\",\"url\":\"https:\/\/hubsch-interior.com\/wp-content\/uploads\/2026\/02\/loom-plaid-multicolour-9be373d3db0d0259a06ba862aba0300c.jpg\",\"contentUrl\":\"https:\/\/hubsch-interior.com\/wp-content\/uploads\/2026\/02\/loom-plaid-multicolour-9be373d3db0d0259a06ba862aba0300c.jpg\",\"width\":1024,\"height\":1024},{\"@type\":\"BreadcrumbList\",\"@id\":\"https:\/\/hubsch-interior.com\/de\/produkt\/loom-decke-multifarben\/#breadcrumb\",\"itemListElement\":[{\"@type\":\"ListItem\",\"position\":1,\"name\":\"Startseite\",\"item\":\"https:\/\/hubsch-interior.com\/de\/\"},{\"@type\":\"ListItem\",\"position\":2,\"name\":\"Produkte\",\"item\":\"https:\/\/hubsch-interior.com\/de\/shop-2\/\"},{\"@type\":\"ListItem\",\"position\":3,\"name\":\"Textilien\",\"item\":\"https:\/\/hubsch-interior.com\/de\/produkt-kategorie\/textilien\/\"},{\"@type\":\"ListItem\",\"position\":4,\"name\":\"Decken\",\"item\":\"https:\/\/hubsch-interior.com\/de\/produkt-kategorie\/textilien\/decken-de\/\"},{\"@type\":\"ListItem\",\"position\":5,\"name\":\"Loom Decke \u00a0Multifarben\"}]},{\"@type\":\"WebSite\",\"@id\":\"https:\/\/hubsch-interior.com\/de\/#website\",\"url\":\"https:\/\/hubsch-interior.com\/de\/\",\"name\":\"H\u00fcbsch\",\"description\":\"Danish Home Interior and Design\",\"publisher\":{\"@id\":\"https:\/\/hubsch-interior.com\/de\/#organization\"},\"potentialAction\":[{\"@type\":\"SearchAction\",\"target\":{\"@type\":\"EntryPoint\",\"urlTemplate\":\"https:\/\/hubsch-interior.com\/de\/?s={search_term_string}\"},\"query-input\":{\"@type\":\"PropertyValueSpecification\",\"valueRequired\":true,\"valueName\":\"search_term_string\"}}],\"inLanguage\":\"de\"},{\"@type\":\"Organization\",\"@id\":\"https:\/\/hubsch-interior.com\/de\/#organization\",\"name\":\"H\u00fcbsch\",\"url\":\"https:\/\/hubsch-interior.com\/de\/\",\"logo\":{\"@type\":\"ImageObject\",\"inLanguage\":\"de\",\"@id\":\"https:\/\/hubsch-interior.com\/de\/#\/schema\/logo\/image\/\",\"url\":\"https:\/\/hubsch-interior.com\/wp-content\/uploads\/2022\/12\/Hubsch_logo_black_one_line.svg\",\"contentUrl\":\"https:\/\/hubsch-interior.com\/wp-content\/uploads\/2022\/12\/Hubsch_logo_black_one_line.svg\",\"caption\":\"H\u00fcbsch\"},\"image\":{\"@id\":\"https:\/\/hubsch-interior.com\/de\/#\/schema\/logo\/image\/\"}}]}<\/script>\n<!-- \/ Yoast SEO plugin. -->","yoast_head_json":{"title":"Loom Decke \u00a0Multifarben - H\u00fcbsch","description":"Entdecken Sie den Charme unserer Loom Decke, bei der Streifen in ein beeindruckendes kariertes Muster \u00fcbergehen und eine reizvolle Mischung aus kalten und","robots":{"index":"index","follow":"follow","max-snippet":"max-snippet:-1","max-image-preview":"max-image-preview:large","max-video-preview":"max-video-preview:-1"},"canonical":"https:\/\/hubsch-interior.com\/de\/wp-json\/wp\/v2\/product\/1071076","og_locale":"de_DE","og_type":"article","og_title":"Loom Decke \u00a0Multifarben - H\u00fcbsch","og_description":"Entdecken Sie den Charme unserer Loom Decke, bei der Streifen in ein beeindruckendes kariertes Muster \u00fcbergehen und eine reizvolle Mischung aus kalten und","og_url":"https:\/\/hubsch-interior.com\/de\/produkt\/loom-decke-multifarben\/","og_site_name":"H\u00fcbsch","article_modified_time":"2026-04-11T02:32:38+00:00","og_image":[{"width":1200,"height":1200,"url":"https:\/\/hubsch-interior.com\/wp-content\/uploads\/2025\/09\/loom-plaid-multicolour-c7abd7b6818620f2303686437885a68a.jpg","type":"image\/jpeg"}],"twitter_card":"summary_large_image","schema":{"@context":"https:\/\/schema.org","@graph":[{"@type":"WebPage","@id":"https:\/\/hubsch-interior.com\/de\/produkt\/loom-decke-multifarben\/","url":"https:\/\/hubsch-interior.com\/de\/produkt\/loom-decke-multifarben\/","name":"Loom Decke \u00a0Multifarben - H\u00fcbsch","isPartOf":{"@id":"https:\/\/hubsch-interior.com\/de\/#website"},"primaryImageOfPage":{"@id":"https:\/\/hubsch-interior.com\/de\/produkt\/loom-decke-multifarben\/#primaryimage"},"image":{"@id":"https:\/\/hubsch-interior.com\/de\/produkt\/loom-decke-multifarben\/#primaryimage"},"thumbnailUrl":"https:\/\/hubsch-interior.com\/wp-content\/uploads\/2026\/02\/loom-plaid-multicolour-9be373d3db0d0259a06ba862aba0300c.jpg","datePublished":"2025-09-25T11:11:28+00:00","dateModified":"2026-04-11T02:32:38+00:00","description":"Entdecken Sie den Charme unserer Loom Decke, bei der Streifen in ein beeindruckendes kariertes Muster \u00fcbergehen und eine reizvolle Mischung aus kalten und","breadcrumb":{"@id":"https:\/\/hubsch-interior.com\/de\/produkt\/loom-decke-multifarben\/#breadcrumb"},"inLanguage":"de","potentialAction":[{"@type":"ReadAction","target":["https:\/\/hubsch-interior.com\/de\/produkt\/loom-decke-multifarben\/"]}]},{"@type":"ImageObject","inLanguage":"de","@id":"https:\/\/hubsch-interior.com\/de\/produkt\/loom-decke-multifarben\/#primaryimage","url":"https:\/\/hubsch-interior.com\/wp-content\/uploads\/2026\/02\/loom-plaid-multicolour-9be373d3db0d0259a06ba862aba0300c.jpg","contentUrl":"https:\/\/hubsch-interior.com\/wp-content\/uploads\/2026\/02\/loom-plaid-multicolour-9be373d3db0d0259a06ba862aba0300c.jpg","width":1024,"height":1024},{"@type":"BreadcrumbList","@id":"https:\/\/hubsch-interior.com\/de\/produkt\/loom-decke-multifarben\/#breadcrumb","itemListElement":[{"@type":"ListItem","position":1,"name":"Startseite","item":"https:\/\/hubsch-interior.com\/de\/"},{"@type":"ListItem","position":2,"name":"Produkte","item":"https:\/\/hubsch-interior.com\/de\/shop-2\/"},{"@type":"ListItem","position":3,"name":"Textilien","item":"https:\/\/hubsch-interior.com\/de\/produkt-kategorie\/textilien\/"},{"@type":"ListItem","position":4,"name":"Decken","item":"https:\/\/hubsch-interior.com\/de\/produkt-kategorie\/textilien\/decken-de\/"},{"@type":"ListItem","position":5,"name":"Loom Decke \u00a0Multifarben"}]},{"@type":"WebSite","@id":"https:\/\/hubsch-interior.com\/de\/#website","url":"https:\/\/hubsch-interior.com\/de\/","name":"H\u00fcbsch","description":"Danish Home Interior and Design","publisher":{"@id":"https:\/\/hubsch-interior.com\/de\/#organization"},"potentialAction":[{"@type":"SearchAction","target":{"@type":"EntryPoint","urlTemplate":"https:\/\/hubsch-interior.com\/de\/?s={search_term_string}"},"query-input":{"@type":"PropertyValueSpecification","valueRequired":true,"valueName":"search_term_string"}}],"inLanguage":"de"},{"@type":"Organization","@id":"https:\/\/hubsch-interior.com\/de\/#organization","name":"H\u00fcbsch","url":"https:\/\/hubsch-interior.com\/de\/","logo":{"@type":"ImageObject","inLanguage":"de","@id":"https:\/\/hubsch-interior.com\/de\/#\/schema\/logo\/image\/","url":"https:\/\/hubsch-interior.com\/wp-content\/uploads\/2022\/12\/Hubsch_logo_black_one_line.svg","contentUrl":"https:\/\/hubsch-interior.com\/wp-content\/uploads\/2022\/12\/Hubsch_logo_black_one_line.svg","caption":"H\u00fcbsch"},"image":{"@id":"https:\/\/hubsch-interior.com\/de\/#\/schema\/logo\/image\/"}}]}},"_links":{"self":[{"href":"https:\/\/hubsch-interior.com\/de\/wp-json\/wp\/v2\/product\/1071076","targetHints":{"allow":["GET"]}}],"collection":[{"href":"https:\/\/hubsch-interior.com\/de\/wp-json\/wp\/v2\/product"}],"about":[{"href":"https:\/\/hubsch-interior.com\/de\/wp-json\/wp\/v2\/types\/product"}],"wp:featuredmedia":[{"embeddable":true,"href":"https:\/\/hubsch-interior.com\/de\/wp-json\/wp\/v2\/media\/1098083"}],"wp:attachment":[{"href":"https:\/\/hubsch-interior.com\/de\/wp-json\/wp\/v2\/media?parent=1071076"}],"wp:term":[{"taxonomy":"product_brand","embeddable":true,"href":"https:\/\/hubsch-interior.com\/de\/wp-json\/wp\/v2\/product_brand?post=1071076"},{"taxonomy":"product_cat","embeddable":true,"href":"https:\/\/hubsch-interior.com\/de\/wp-json\/wp\/v2\/product_cat?post=1071076"},{"taxonomy":"product_tag","embeddable":true,"href":"https:\/\/hubsch-interior.com\/de\/wp-json\/wp\/v2\/product_tag?post=1071076"}],"curies":[{"name":"wp","href":"https:\/\/api.w.org\/{rel}","templated":true}]}}