{"id":1071104,"date":"2025-09-25T13:13:14","date_gmt":"2025-09-25T11:13:14","guid":{"rendered":"https:\/\/hubsch-interior.com\/product\/product\/"},"modified":"2026-04-29T04:58:14","modified_gmt":"2026-04-29T02:58:14","slug":"oblique-esstisch-runde-grau","status":"publish","type":"product","link":"https:\/\/hubsch-interior.com\/de\/produkt\/oblique-esstisch-runde-grau\/","title":{"rendered":"Oblique Esstisch Runde Grau"},"content":{"rendered":"<p>Eine ruhige Basis f\u00fcr t\u00e4gliche Zusammenk\u00fcnfte. Der Oblique Esstisch in Grau zeichnet sich durch eine glatte Linoleum-Tischplatte aus, die mit massiven Eichenbeinen kombiniert wird \u2014 eine elegante, robuste Kombination aus Form und Funktion. Sein minimalistisches Design macht ihn zu einer zeitlosen Wahl, egal ob Sie Freunde bewirten oder die Familie zu den Mahlzeiten unter der Woche versammeln. Mit seinen klaren Linien und dem beruhigenden Grauton verleiht dieser Tisch Ihrem Essbereich eine stille Souver\u00e4nit\u00e4t. Ein vielseitiges Herzst\u00fcck, gebaut f\u00fcr das echte Leben \u2014 und sch\u00f6ne Momente am Tisch.<\/p>\n","protected":false},"excerpt":{"rendered":"<p>Eine ruhige Basis f\u00fcr t\u00e4gliche Zusammenk\u00fcnfte. Der Oblique Esstisch in Grau zeichnet sich durch eine glatte Linoleum-Tischplatte aus, die mit massiven Eichenbeinen kombiniert wird \u2014 eine elegante, robuste Kombination aus Form und Funktion. Sein minimalistisches Design macht ihn zu einer zeitlosen Wahl, egal ob Sie Freunde bewirten oder die Familie zu den Mahlzeiten unter der [&hellip;]<\/p>\n","protected":false},"featured_media":1104781,"template":"","meta":{"_acf_changed":false,"inline_featured_image":false},"product_brand":[],"product_cat":[6940,6998,6323,2861,4216],"product_tag":[],"class_list":{"0":"post-1071104","1":"product","2":"type-product","3":"status-publish","4":"has-post-thumbnail","6":"product_cat-additions-de","7":"product_cat-the-buzz-de","8":"product_cat-fsc-de","9":"product_cat-tische-de","10":"product_cat-esstische-de","11":"product_shipping_class-p10","13":"pa_color-grau-2","14":"pa_material-mdf-de","15":"pa_material-eichenholz","17":"first","18":"outofstock","19":"taxable","20":"shipping-taxable","21":"purchasable","22":"product-type-simple"},"exclude_global_add_ons":[],"addons":[],"acf":[],"yoast_head":"<!-- This site is optimized with the Yoast SEO plugin v26.4 - https:\/\/yoast.com\/wordpress\/plugins\/seo\/ -->\n<title>Oblique Esstisch Runde Grau - H\u00fcbsch<\/title>\n<meta name=\"description\" content=\"Eine ruhige Basis f\u00fcr t\u00e4gliche Zusammenk\u00fcnfte. Der Oblique Esstisch in Grau zeichnet sich durch eine glatte Linoleum-Tischplatte aus, die mit massiven\" \/>\n<meta name=\"robots\" content=\"index, follow, max-snippet:-1, max-image-preview:large, max-video-preview:-1\" \/>\n<link rel=\"canonical\" href=\"https:\/\/hubsch-interior.com\/de\/wp-json\/wp\/v2\/product\/1071104\" \/>\n<meta property=\"og:locale\" content=\"de_DE\" \/>\n<meta property=\"og:type\" content=\"article\" \/>\n<meta property=\"og:title\" content=\"Oblique Esstisch Runde Grau - H\u00fcbsch\" \/>\n<meta property=\"og:description\" content=\"Eine ruhige Basis f\u00fcr t\u00e4gliche Zusammenk\u00fcnfte. Der Oblique Esstisch in Grau zeichnet sich durch eine glatte Linoleum-Tischplatte aus, die mit massiven\" \/>\n<meta property=\"og:url\" content=\"https:\/\/hubsch-interior.com\/de\/produkt\/oblique-esstisch-runde-grau\/\" \/>\n<meta property=\"og:site_name\" content=\"H\u00fcbsch\" \/>\n<meta property=\"article:modified_time\" content=\"2026-04-29T02:58:14+00:00\" \/>\n<meta property=\"og:image\" content=\"https:\/\/hubsch-interior.com\/wp-content\/uploads\/2025\/09\/oblique-dining-table-round-grey-d8fbbbc8aa018145319eacadec24519b.jpg\" \/>\n\t<meta property=\"og:image:width\" content=\"1200\" \/>\n\t<meta property=\"og:image:height\" content=\"1200\" \/>\n\t<meta property=\"og:image:type\" content=\"image\/jpeg\" \/>\n<meta name=\"twitter:card\" content=\"summary_large_image\" \/>\n<script type=\"application\/ld+json\" class=\"yoast-schema-graph\">{\"@context\":\"https:\/\/schema.org\",\"@graph\":[{\"@type\":\"WebPage\",\"@id\":\"https:\/\/hubsch-interior.com\/de\/produkt\/oblique-esstisch-runde-grau\/\",\"url\":\"https:\/\/hubsch-interior.com\/de\/produkt\/oblique-esstisch-runde-grau\/\",\"name\":\"Oblique Esstisch Runde Grau - H\u00fcbsch\",\"isPartOf\":{\"@id\":\"https:\/\/hubsch-interior.com\/de\/#website\"},\"primaryImageOfPage\":{\"@id\":\"https:\/\/hubsch-interior.com\/de\/produkt\/oblique-esstisch-runde-grau\/#primaryimage\"},\"image\":{\"@id\":\"https:\/\/hubsch-interior.com\/de\/produkt\/oblique-esstisch-runde-grau\/#primaryimage\"},\"thumbnailUrl\":\"https:\/\/hubsch-interior.com\/wp-content\/uploads\/2026\/02\/oblique-dining-table-round-grey-ee0d8cba9ebe31696b157258ecd5d315.jpg\",\"datePublished\":\"2025-09-25T11:13:14+00:00\",\"dateModified\":\"2026-04-29T02:58:14+00:00\",\"description\":\"Eine ruhige Basis f\u00fcr t\u00e4gliche Zusammenk\u00fcnfte. Der Oblique Esstisch in Grau zeichnet sich durch eine glatte Linoleum-Tischplatte aus, die mit massiven\",\"breadcrumb\":{\"@id\":\"https:\/\/hubsch-interior.com\/de\/produkt\/oblique-esstisch-runde-grau\/#breadcrumb\"},\"inLanguage\":\"de\",\"potentialAction\":[{\"@type\":\"ReadAction\",\"target\":[\"https:\/\/hubsch-interior.com\/de\/produkt\/oblique-esstisch-runde-grau\/\"]}]},{\"@type\":\"ImageObject\",\"inLanguage\":\"de\",\"@id\":\"https:\/\/hubsch-interior.com\/de\/produkt\/oblique-esstisch-runde-grau\/#primaryimage\",\"url\":\"https:\/\/hubsch-interior.com\/wp-content\/uploads\/2026\/02\/oblique-dining-table-round-grey-ee0d8cba9ebe31696b157258ecd5d315.jpg\",\"contentUrl\":\"https:\/\/hubsch-interior.com\/wp-content\/uploads\/2026\/02\/oblique-dining-table-round-grey-ee0d8cba9ebe31696b157258ecd5d315.jpg\",\"width\":1024,\"height\":1024},{\"@type\":\"BreadcrumbList\",\"@id\":\"https:\/\/hubsch-interior.com\/de\/produkt\/oblique-esstisch-runde-grau\/#breadcrumb\",\"itemListElement\":[{\"@type\":\"ListItem\",\"position\":1,\"name\":\"Startseite\",\"item\":\"https:\/\/hubsch-interior.com\/de\/\"},{\"@type\":\"ListItem\",\"position\":2,\"name\":\"Produkte\",\"item\":\"https:\/\/hubsch-interior.com\/de\/shop-2\/\"},{\"@type\":\"ListItem\",\"position\":3,\"name\":\"M\u00f6bel\",\"item\":\"https:\/\/hubsch-interior.com\/de\/produkt-kategorie\/moebel\/\"},{\"@type\":\"ListItem\",\"position\":4,\"name\":\"Tische\",\"item\":\"https:\/\/hubsch-interior.com\/de\/produkt-kategorie\/moebel\/tische-de\/\"},{\"@type\":\"ListItem\",\"position\":5,\"name\":\"Esstische\",\"item\":\"https:\/\/hubsch-interior.com\/de\/produkt-kategorie\/moebel\/tische-de\/esstische-de\/\"},{\"@type\":\"ListItem\",\"position\":6,\"name\":\"Oblique Esstisch Runde Grau\"}]},{\"@type\":\"WebSite\",\"@id\":\"https:\/\/hubsch-interior.com\/de\/#website\",\"url\":\"https:\/\/hubsch-interior.com\/de\/\",\"name\":\"H\u00fcbsch\",\"description\":\"Danish Home Interior and Design\",\"publisher\":{\"@id\":\"https:\/\/hubsch-interior.com\/de\/#organization\"},\"potentialAction\":[{\"@type\":\"SearchAction\",\"target\":{\"@type\":\"EntryPoint\",\"urlTemplate\":\"https:\/\/hubsch-interior.com\/de\/?s={search_term_string}\"},\"query-input\":{\"@type\":\"PropertyValueSpecification\",\"valueRequired\":true,\"valueName\":\"search_term_string\"}}],\"inLanguage\":\"de\"},{\"@type\":\"Organization\",\"@id\":\"https:\/\/hubsch-interior.com\/de\/#organization\",\"name\":\"H\u00fcbsch\",\"url\":\"https:\/\/hubsch-interior.com\/de\/\",\"logo\":{\"@type\":\"ImageObject\",\"inLanguage\":\"de\",\"@id\":\"https:\/\/hubsch-interior.com\/de\/#\/schema\/logo\/image\/\",\"url\":\"https:\/\/hubsch-interior.com\/wp-content\/uploads\/2022\/12\/Hubsch_logo_black_one_line.svg\",\"contentUrl\":\"https:\/\/hubsch-interior.com\/wp-content\/uploads\/2022\/12\/Hubsch_logo_black_one_line.svg\",\"caption\":\"H\u00fcbsch\"},\"image\":{\"@id\":\"https:\/\/hubsch-interior.com\/de\/#\/schema\/logo\/image\/\"}}]}<\/script>\n<!-- \/ Yoast SEO plugin. -->","yoast_head_json":{"title":"Oblique Esstisch Runde Grau - H\u00fcbsch","description":"Eine ruhige Basis f\u00fcr t\u00e4gliche Zusammenk\u00fcnfte. Der Oblique Esstisch in Grau zeichnet sich durch eine glatte Linoleum-Tischplatte aus, die mit massiven","robots":{"index":"index","follow":"follow","max-snippet":"max-snippet:-1","max-image-preview":"max-image-preview:large","max-video-preview":"max-video-preview:-1"},"canonical":"https:\/\/hubsch-interior.com\/de\/wp-json\/wp\/v2\/product\/1071104","og_locale":"de_DE","og_type":"article","og_title":"Oblique Esstisch Runde Grau - H\u00fcbsch","og_description":"Eine ruhige Basis f\u00fcr t\u00e4gliche Zusammenk\u00fcnfte. Der Oblique Esstisch in Grau zeichnet sich durch eine glatte Linoleum-Tischplatte aus, die mit massiven","og_url":"https:\/\/hubsch-interior.com\/de\/produkt\/oblique-esstisch-runde-grau\/","og_site_name":"H\u00fcbsch","article_modified_time":"2026-04-29T02:58:14+00:00","og_image":[{"width":1200,"height":1200,"url":"https:\/\/hubsch-interior.com\/wp-content\/uploads\/2025\/09\/oblique-dining-table-round-grey-d8fbbbc8aa018145319eacadec24519b.jpg","type":"image\/jpeg"}],"twitter_card":"summary_large_image","schema":{"@context":"https:\/\/schema.org","@graph":[{"@type":"WebPage","@id":"https:\/\/hubsch-interior.com\/de\/produkt\/oblique-esstisch-runde-grau\/","url":"https:\/\/hubsch-interior.com\/de\/produkt\/oblique-esstisch-runde-grau\/","name":"Oblique Esstisch Runde Grau - H\u00fcbsch","isPartOf":{"@id":"https:\/\/hubsch-interior.com\/de\/#website"},"primaryImageOfPage":{"@id":"https:\/\/hubsch-interior.com\/de\/produkt\/oblique-esstisch-runde-grau\/#primaryimage"},"image":{"@id":"https:\/\/hubsch-interior.com\/de\/produkt\/oblique-esstisch-runde-grau\/#primaryimage"},"thumbnailUrl":"https:\/\/hubsch-interior.com\/wp-content\/uploads\/2026\/02\/oblique-dining-table-round-grey-ee0d8cba9ebe31696b157258ecd5d315.jpg","datePublished":"2025-09-25T11:13:14+00:00","dateModified":"2026-04-29T02:58:14+00:00","description":"Eine ruhige Basis f\u00fcr t\u00e4gliche Zusammenk\u00fcnfte. Der Oblique Esstisch in Grau zeichnet sich durch eine glatte Linoleum-Tischplatte aus, die mit massiven","breadcrumb":{"@id":"https:\/\/hubsch-interior.com\/de\/produkt\/oblique-esstisch-runde-grau\/#breadcrumb"},"inLanguage":"de","potentialAction":[{"@type":"ReadAction","target":["https:\/\/hubsch-interior.com\/de\/produkt\/oblique-esstisch-runde-grau\/"]}]},{"@type":"ImageObject","inLanguage":"de","@id":"https:\/\/hubsch-interior.com\/de\/produkt\/oblique-esstisch-runde-grau\/#primaryimage","url":"https:\/\/hubsch-interior.com\/wp-content\/uploads\/2026\/02\/oblique-dining-table-round-grey-ee0d8cba9ebe31696b157258ecd5d315.jpg","contentUrl":"https:\/\/hubsch-interior.com\/wp-content\/uploads\/2026\/02\/oblique-dining-table-round-grey-ee0d8cba9ebe31696b157258ecd5d315.jpg","width":1024,"height":1024},{"@type":"BreadcrumbList","@id":"https:\/\/hubsch-interior.com\/de\/produkt\/oblique-esstisch-runde-grau\/#breadcrumb","itemListElement":[{"@type":"ListItem","position":1,"name":"Startseite","item":"https:\/\/hubsch-interior.com\/de\/"},{"@type":"ListItem","position":2,"name":"Produkte","item":"https:\/\/hubsch-interior.com\/de\/shop-2\/"},{"@type":"ListItem","position":3,"name":"M\u00f6bel","item":"https:\/\/hubsch-interior.com\/de\/produkt-kategorie\/moebel\/"},{"@type":"ListItem","position":4,"name":"Tische","item":"https:\/\/hubsch-interior.com\/de\/produkt-kategorie\/moebel\/tische-de\/"},{"@type":"ListItem","position":5,"name":"Esstische","item":"https:\/\/hubsch-interior.com\/de\/produkt-kategorie\/moebel\/tische-de\/esstische-de\/"},{"@type":"ListItem","position":6,"name":"Oblique Esstisch Runde Grau"}]},{"@type":"WebSite","@id":"https:\/\/hubsch-interior.com\/de\/#website","url":"https:\/\/hubsch-interior.com\/de\/","name":"H\u00fcbsch","description":"Danish Home Interior and Design","publisher":{"@id":"https:\/\/hubsch-interior.com\/de\/#organization"},"potentialAction":[{"@type":"SearchAction","target":{"@type":"EntryPoint","urlTemplate":"https:\/\/hubsch-interior.com\/de\/?s={search_term_string}"},"query-input":{"@type":"PropertyValueSpecification","valueRequired":true,"valueName":"search_term_string"}}],"inLanguage":"de"},{"@type":"Organization","@id":"https:\/\/hubsch-interior.com\/de\/#organization","name":"H\u00fcbsch","url":"https:\/\/hubsch-interior.com\/de\/","logo":{"@type":"ImageObject","inLanguage":"de","@id":"https:\/\/hubsch-interior.com\/de\/#\/schema\/logo\/image\/","url":"https:\/\/hubsch-interior.com\/wp-content\/uploads\/2022\/12\/Hubsch_logo_black_one_line.svg","contentUrl":"https:\/\/hubsch-interior.com\/wp-content\/uploads\/2022\/12\/Hubsch_logo_black_one_line.svg","caption":"H\u00fcbsch"},"image":{"@id":"https:\/\/hubsch-interior.com\/de\/#\/schema\/logo\/image\/"}}]}},"_links":{"self":[{"href":"https:\/\/hubsch-interior.com\/de\/wp-json\/wp\/v2\/product\/1071104","targetHints":{"allow":["GET"]}}],"collection":[{"href":"https:\/\/hubsch-interior.com\/de\/wp-json\/wp\/v2\/product"}],"about":[{"href":"https:\/\/hubsch-interior.com\/de\/wp-json\/wp\/v2\/types\/product"}],"wp:featuredmedia":[{"embeddable":true,"href":"https:\/\/hubsch-interior.com\/de\/wp-json\/wp\/v2\/media\/1104781"}],"wp:attachment":[{"href":"https:\/\/hubsch-interior.com\/de\/wp-json\/wp\/v2\/media?parent=1071104"}],"wp:term":[{"taxonomy":"product_brand","embeddable":true,"href":"https:\/\/hubsch-interior.com\/de\/wp-json\/wp\/v2\/product_brand?post=1071104"},{"taxonomy":"product_cat","embeddable":true,"href":"https:\/\/hubsch-interior.com\/de\/wp-json\/wp\/v2\/product_cat?post=1071104"},{"taxonomy":"product_tag","embeddable":true,"href":"https:\/\/hubsch-interior.com\/de\/wp-json\/wp\/v2\/product_tag?post=1071104"}],"curies":[{"name":"wp","href":"https:\/\/api.w.org\/{rel}","templated":true}]}}