{"id":1071128,"date":"2025-09-25T13:13:28","date_gmt":"2025-09-25T11:13:28","guid":{"rendered":"https:\/\/hubsch-interior.com\/product\/product\/"},"modified":"2026-04-14T04:56:42","modified_gmt":"2026-04-14T02:56:42","slug":"oblique-esstisch-runde-olive","status":"publish","type":"product","link":"https:\/\/hubsch-interior.com\/de\/produkt\/oblique-esstisch-runde-olive\/","title":{"rendered":"Oblique Esstisch Runde Olive"},"content":{"rendered":"<p>Design, das den Raum pr\u00e4gt und Menschen zusammenbringt. Der Oblique Esstisch in tiefem Olive bietet eine matte Linoleum-Tischplatte, kombiniert mit massiven Eichenbeinen, und bietet einen sch\u00f6nen Kontrast von Textur und Ton. Stark, funktional und voller Charakter, ist er f\u00fcr alles gemacht \u2013 von l\u00e4ssigen Fr\u00fchst\u00fccken bis zu Kerzenlicht-Dinnern. Der tiefe Gr\u00fcnton f\u00fcgt W\u00e4rme und Tiefe hinzu, was ihn zu einem herausragenden St\u00fcck macht, das sich dennoch nahtlos in Ihr Zuhause einf\u00fcgt. Ein raffiniertes Kernst\u00fcck, das sich Ihrem Rhythmus anpasst \u2013 und den Alltag bereichert.<\/p>\n","protected":false},"excerpt":{"rendered":"<p>Design, das den Raum pr\u00e4gt und Menschen zusammenbringt. Der Oblique Esstisch in tiefem Olive bietet eine matte Linoleum-Tischplatte, kombiniert mit massiven Eichenbeinen, und bietet einen sch\u00f6nen Kontrast von Textur und Ton. Stark, funktional und voller Charakter, ist er f\u00fcr alles gemacht \u2013 von l\u00e4ssigen Fr\u00fchst\u00fccken bis zu Kerzenlicht-Dinnern. Der tiefe Gr\u00fcnton f\u00fcgt W\u00e4rme und Tiefe [&hellip;]<\/p>\n","protected":false},"featured_media":1104797,"template":"","meta":{"_acf_changed":false,"inline_featured_image":false},"product_brand":[],"product_cat":[6940,6998,6323,2861,4216],"product_tag":[],"class_list":{"0":"post-1071128","1":"product","2":"type-product","3":"status-publish","4":"has-post-thumbnail","6":"product_cat-additions-de","7":"product_cat-the-buzz-de","8":"product_cat-fsc-de","9":"product_cat-tische-de","10":"product_cat-esstische-de","11":"product_shipping_class-p10","13":"pa_color-olive-3","14":"pa_material-mdf-de","15":"pa_material-eichenholz","17":"first","18":"instock","19":"taxable","20":"shipping-taxable","21":"purchasable","22":"product-type-simple"},"exclude_global_add_ons":[],"addons":[],"acf":[],"yoast_head":"<!-- This site is optimized with the Yoast SEO plugin v26.4 - https:\/\/yoast.com\/wordpress\/plugins\/seo\/ -->\n<title>Oblique Esstisch Runde Olive - H\u00fcbsch<\/title>\n<meta name=\"description\" content=\"Design, das den Raum pr\u00e4gt und Menschen zusammenbringt. Der Oblique Esstisch in tiefem Olive bietet eine matte Linoleum-Tischplatte, kombiniert mit\" \/>\n<meta name=\"robots\" content=\"index, follow, max-snippet:-1, max-image-preview:large, max-video-preview:-1\" \/>\n<link rel=\"canonical\" href=\"https:\/\/hubsch-interior.com\/de\/wp-json\/wp\/v2\/product\/1071128\" \/>\n<meta property=\"og:locale\" content=\"de_DE\" \/>\n<meta property=\"og:type\" content=\"article\" \/>\n<meta property=\"og:title\" content=\"Oblique Esstisch Runde Olive - H\u00fcbsch\" \/>\n<meta property=\"og:description\" content=\"Design, das den Raum pr\u00e4gt und Menschen zusammenbringt. Der Oblique Esstisch in tiefem Olive bietet eine matte Linoleum-Tischplatte, kombiniert mit\" \/>\n<meta property=\"og:url\" content=\"https:\/\/hubsch-interior.com\/de\/produkt\/oblique-esstisch-runde-olive\/\" \/>\n<meta property=\"og:site_name\" content=\"H\u00fcbsch\" \/>\n<meta property=\"article:modified_time\" content=\"2026-04-14T02:56:42+00:00\" \/>\n<meta property=\"og:image\" content=\"https:\/\/hubsch-interior.com\/wp-content\/uploads\/2025\/09\/oblique-dining-table-round-olive-550ab77700e14ef343ee6b7f35d22c73.jpg\" \/>\n\t<meta property=\"og:image:width\" content=\"1200\" \/>\n\t<meta property=\"og:image:height\" content=\"1200\" \/>\n\t<meta property=\"og:image:type\" content=\"image\/jpeg\" \/>\n<meta name=\"twitter:card\" content=\"summary_large_image\" \/>\n<script type=\"application\/ld+json\" class=\"yoast-schema-graph\">{\"@context\":\"https:\/\/schema.org\",\"@graph\":[{\"@type\":\"WebPage\",\"@id\":\"https:\/\/hubsch-interior.com\/de\/produkt\/oblique-esstisch-runde-olive\/\",\"url\":\"https:\/\/hubsch-interior.com\/de\/produkt\/oblique-esstisch-runde-olive\/\",\"name\":\"Oblique Esstisch Runde Olive - H\u00fcbsch\",\"isPartOf\":{\"@id\":\"https:\/\/hubsch-interior.com\/de\/#website\"},\"primaryImageOfPage\":{\"@id\":\"https:\/\/hubsch-interior.com\/de\/produkt\/oblique-esstisch-runde-olive\/#primaryimage\"},\"image\":{\"@id\":\"https:\/\/hubsch-interior.com\/de\/produkt\/oblique-esstisch-runde-olive\/#primaryimage\"},\"thumbnailUrl\":\"https:\/\/hubsch-interior.com\/wp-content\/uploads\/2026\/02\/oblique-dining-table-round-olive-d5e99f282abcf4ccde688bead389f62a.jpg\",\"datePublished\":\"2025-09-25T11:13:28+00:00\",\"dateModified\":\"2026-04-14T02:56:42+00:00\",\"description\":\"Design, das den Raum pr\u00e4gt und Menschen zusammenbringt. Der Oblique Esstisch in tiefem Olive bietet eine matte Linoleum-Tischplatte, kombiniert mit\",\"breadcrumb\":{\"@id\":\"https:\/\/hubsch-interior.com\/de\/produkt\/oblique-esstisch-runde-olive\/#breadcrumb\"},\"inLanguage\":\"de\",\"potentialAction\":[{\"@type\":\"ReadAction\",\"target\":[\"https:\/\/hubsch-interior.com\/de\/produkt\/oblique-esstisch-runde-olive\/\"]}]},{\"@type\":\"ImageObject\",\"inLanguage\":\"de\",\"@id\":\"https:\/\/hubsch-interior.com\/de\/produkt\/oblique-esstisch-runde-olive\/#primaryimage\",\"url\":\"https:\/\/hubsch-interior.com\/wp-content\/uploads\/2026\/02\/oblique-dining-table-round-olive-d5e99f282abcf4ccde688bead389f62a.jpg\",\"contentUrl\":\"https:\/\/hubsch-interior.com\/wp-content\/uploads\/2026\/02\/oblique-dining-table-round-olive-d5e99f282abcf4ccde688bead389f62a.jpg\",\"width\":1024,\"height\":1024},{\"@type\":\"BreadcrumbList\",\"@id\":\"https:\/\/hubsch-interior.com\/de\/produkt\/oblique-esstisch-runde-olive\/#breadcrumb\",\"itemListElement\":[{\"@type\":\"ListItem\",\"position\":1,\"name\":\"Startseite\",\"item\":\"https:\/\/hubsch-interior.com\/de\/\"},{\"@type\":\"ListItem\",\"position\":2,\"name\":\"Produkte\",\"item\":\"https:\/\/hubsch-interior.com\/de\/shop-2\/\"},{\"@type\":\"ListItem\",\"position\":3,\"name\":\"M\u00f6bel\",\"item\":\"https:\/\/hubsch-interior.com\/de\/produkt-kategorie\/moebel\/\"},{\"@type\":\"ListItem\",\"position\":4,\"name\":\"Tische\",\"item\":\"https:\/\/hubsch-interior.com\/de\/produkt-kategorie\/moebel\/tische-de\/\"},{\"@type\":\"ListItem\",\"position\":5,\"name\":\"Esstische\",\"item\":\"https:\/\/hubsch-interior.com\/de\/produkt-kategorie\/moebel\/tische-de\/esstische-de\/\"},{\"@type\":\"ListItem\",\"position\":6,\"name\":\"Oblique Esstisch Runde Olive\"}]},{\"@type\":\"WebSite\",\"@id\":\"https:\/\/hubsch-interior.com\/de\/#website\",\"url\":\"https:\/\/hubsch-interior.com\/de\/\",\"name\":\"H\u00fcbsch\",\"description\":\"Danish Home Interior and Design\",\"publisher\":{\"@id\":\"https:\/\/hubsch-interior.com\/de\/#organization\"},\"potentialAction\":[{\"@type\":\"SearchAction\",\"target\":{\"@type\":\"EntryPoint\",\"urlTemplate\":\"https:\/\/hubsch-interior.com\/de\/?s={search_term_string}\"},\"query-input\":{\"@type\":\"PropertyValueSpecification\",\"valueRequired\":true,\"valueName\":\"search_term_string\"}}],\"inLanguage\":\"de\"},{\"@type\":\"Organization\",\"@id\":\"https:\/\/hubsch-interior.com\/de\/#organization\",\"name\":\"H\u00fcbsch\",\"url\":\"https:\/\/hubsch-interior.com\/de\/\",\"logo\":{\"@type\":\"ImageObject\",\"inLanguage\":\"de\",\"@id\":\"https:\/\/hubsch-interior.com\/de\/#\/schema\/logo\/image\/\",\"url\":\"https:\/\/hubsch-interior.com\/wp-content\/uploads\/2022\/12\/Hubsch_logo_black_one_line.svg\",\"contentUrl\":\"https:\/\/hubsch-interior.com\/wp-content\/uploads\/2022\/12\/Hubsch_logo_black_one_line.svg\",\"caption\":\"H\u00fcbsch\"},\"image\":{\"@id\":\"https:\/\/hubsch-interior.com\/de\/#\/schema\/logo\/image\/\"}}]}<\/script>\n<!-- \/ Yoast SEO plugin. -->","yoast_head_json":{"title":"Oblique Esstisch Runde Olive - H\u00fcbsch","description":"Design, das den Raum pr\u00e4gt und Menschen zusammenbringt. Der Oblique Esstisch in tiefem Olive bietet eine matte Linoleum-Tischplatte, kombiniert mit","robots":{"index":"index","follow":"follow","max-snippet":"max-snippet:-1","max-image-preview":"max-image-preview:large","max-video-preview":"max-video-preview:-1"},"canonical":"https:\/\/hubsch-interior.com\/de\/wp-json\/wp\/v2\/product\/1071128","og_locale":"de_DE","og_type":"article","og_title":"Oblique Esstisch Runde Olive - H\u00fcbsch","og_description":"Design, das den Raum pr\u00e4gt und Menschen zusammenbringt. Der Oblique Esstisch in tiefem Olive bietet eine matte Linoleum-Tischplatte, kombiniert mit","og_url":"https:\/\/hubsch-interior.com\/de\/produkt\/oblique-esstisch-runde-olive\/","og_site_name":"H\u00fcbsch","article_modified_time":"2026-04-14T02:56:42+00:00","og_image":[{"width":1200,"height":1200,"url":"https:\/\/hubsch-interior.com\/wp-content\/uploads\/2025\/09\/oblique-dining-table-round-olive-550ab77700e14ef343ee6b7f35d22c73.jpg","type":"image\/jpeg"}],"twitter_card":"summary_large_image","schema":{"@context":"https:\/\/schema.org","@graph":[{"@type":"WebPage","@id":"https:\/\/hubsch-interior.com\/de\/produkt\/oblique-esstisch-runde-olive\/","url":"https:\/\/hubsch-interior.com\/de\/produkt\/oblique-esstisch-runde-olive\/","name":"Oblique Esstisch Runde Olive - H\u00fcbsch","isPartOf":{"@id":"https:\/\/hubsch-interior.com\/de\/#website"},"primaryImageOfPage":{"@id":"https:\/\/hubsch-interior.com\/de\/produkt\/oblique-esstisch-runde-olive\/#primaryimage"},"image":{"@id":"https:\/\/hubsch-interior.com\/de\/produkt\/oblique-esstisch-runde-olive\/#primaryimage"},"thumbnailUrl":"https:\/\/hubsch-interior.com\/wp-content\/uploads\/2026\/02\/oblique-dining-table-round-olive-d5e99f282abcf4ccde688bead389f62a.jpg","datePublished":"2025-09-25T11:13:28+00:00","dateModified":"2026-04-14T02:56:42+00:00","description":"Design, das den Raum pr\u00e4gt und Menschen zusammenbringt. Der Oblique Esstisch in tiefem Olive bietet eine matte Linoleum-Tischplatte, kombiniert mit","breadcrumb":{"@id":"https:\/\/hubsch-interior.com\/de\/produkt\/oblique-esstisch-runde-olive\/#breadcrumb"},"inLanguage":"de","potentialAction":[{"@type":"ReadAction","target":["https:\/\/hubsch-interior.com\/de\/produkt\/oblique-esstisch-runde-olive\/"]}]},{"@type":"ImageObject","inLanguage":"de","@id":"https:\/\/hubsch-interior.com\/de\/produkt\/oblique-esstisch-runde-olive\/#primaryimage","url":"https:\/\/hubsch-interior.com\/wp-content\/uploads\/2026\/02\/oblique-dining-table-round-olive-d5e99f282abcf4ccde688bead389f62a.jpg","contentUrl":"https:\/\/hubsch-interior.com\/wp-content\/uploads\/2026\/02\/oblique-dining-table-round-olive-d5e99f282abcf4ccde688bead389f62a.jpg","width":1024,"height":1024},{"@type":"BreadcrumbList","@id":"https:\/\/hubsch-interior.com\/de\/produkt\/oblique-esstisch-runde-olive\/#breadcrumb","itemListElement":[{"@type":"ListItem","position":1,"name":"Startseite","item":"https:\/\/hubsch-interior.com\/de\/"},{"@type":"ListItem","position":2,"name":"Produkte","item":"https:\/\/hubsch-interior.com\/de\/shop-2\/"},{"@type":"ListItem","position":3,"name":"M\u00f6bel","item":"https:\/\/hubsch-interior.com\/de\/produkt-kategorie\/moebel\/"},{"@type":"ListItem","position":4,"name":"Tische","item":"https:\/\/hubsch-interior.com\/de\/produkt-kategorie\/moebel\/tische-de\/"},{"@type":"ListItem","position":5,"name":"Esstische","item":"https:\/\/hubsch-interior.com\/de\/produkt-kategorie\/moebel\/tische-de\/esstische-de\/"},{"@type":"ListItem","position":6,"name":"Oblique Esstisch Runde Olive"}]},{"@type":"WebSite","@id":"https:\/\/hubsch-interior.com\/de\/#website","url":"https:\/\/hubsch-interior.com\/de\/","name":"H\u00fcbsch","description":"Danish Home Interior and Design","publisher":{"@id":"https:\/\/hubsch-interior.com\/de\/#organization"},"potentialAction":[{"@type":"SearchAction","target":{"@type":"EntryPoint","urlTemplate":"https:\/\/hubsch-interior.com\/de\/?s={search_term_string}"},"query-input":{"@type":"PropertyValueSpecification","valueRequired":true,"valueName":"search_term_string"}}],"inLanguage":"de"},{"@type":"Organization","@id":"https:\/\/hubsch-interior.com\/de\/#organization","name":"H\u00fcbsch","url":"https:\/\/hubsch-interior.com\/de\/","logo":{"@type":"ImageObject","inLanguage":"de","@id":"https:\/\/hubsch-interior.com\/de\/#\/schema\/logo\/image\/","url":"https:\/\/hubsch-interior.com\/wp-content\/uploads\/2022\/12\/Hubsch_logo_black_one_line.svg","contentUrl":"https:\/\/hubsch-interior.com\/wp-content\/uploads\/2022\/12\/Hubsch_logo_black_one_line.svg","caption":"H\u00fcbsch"},"image":{"@id":"https:\/\/hubsch-interior.com\/de\/#\/schema\/logo\/image\/"}}]}},"_links":{"self":[{"href":"https:\/\/hubsch-interior.com\/de\/wp-json\/wp\/v2\/product\/1071128","targetHints":{"allow":["GET"]}}],"collection":[{"href":"https:\/\/hubsch-interior.com\/de\/wp-json\/wp\/v2\/product"}],"about":[{"href":"https:\/\/hubsch-interior.com\/de\/wp-json\/wp\/v2\/types\/product"}],"wp:featuredmedia":[{"embeddable":true,"href":"https:\/\/hubsch-interior.com\/de\/wp-json\/wp\/v2\/media\/1104797"}],"wp:attachment":[{"href":"https:\/\/hubsch-interior.com\/de\/wp-json\/wp\/v2\/media?parent=1071128"}],"wp:term":[{"taxonomy":"product_brand","embeddable":true,"href":"https:\/\/hubsch-interior.com\/de\/wp-json\/wp\/v2\/product_brand?post=1071128"},{"taxonomy":"product_cat","embeddable":true,"href":"https:\/\/hubsch-interior.com\/de\/wp-json\/wp\/v2\/product_cat?post=1071128"},{"taxonomy":"product_tag","embeddable":true,"href":"https:\/\/hubsch-interior.com\/de\/wp-json\/wp\/v2\/product_tag?post=1071128"}],"curies":[{"name":"wp","href":"https:\/\/api.w.org\/{rel}","templated":true}]}}