{"id":1071184,"date":"2025-09-25T13:13:51","date_gmt":"2025-09-25T11:13:51","guid":{"rendered":"https:\/\/hubsch-interior.com\/product\/product\/"},"modified":"2026-04-09T04:55:52","modified_gmt":"2026-04-09T02:55:52","slug":"oblique-esstisch-rechkteckige-grau","status":"publish","type":"product","link":"https:\/\/hubsch-interior.com\/de\/produkt\/oblique-esstisch-rechkteckige-grau\/","title":{"rendered":"Oblique Esstisch Rechkteckige Grau"},"content":{"rendered":"<p>Wo Form auf Funktion trifft \u2014 und Menschen zusammenkommen. Der Oblique Esstisch ist mit einer glatten Linoleum-Tischplatte und massiven Eichenbeinen gefertigt, was ihm eine klare, erdige Pr\u00e4senz in Ihrem Essbereich verleiht. In drei markanten Farben erh\u00e4ltlich, passt er sich m\u00fchelos verschiedenen Stimmungen und Interieurs an, von k\u00fchn und grafisch bis hin zu sanft und ruhig. Stark, stilvoll und f\u00fcr das t\u00e4gliche Leben gemacht, bietet er die perfekte B\u00fchne f\u00fcr alles, von Familienmahlzeiten bis hin zu festlichen Zusammenk\u00fcnften. Ein zeitloser Tisch, der nicht nur zum Essen einl\u00e4dt \u2014 sondern immer wieder aufs Neue.<\/p>\n","protected":false},"excerpt":{"rendered":"<p>Wo Form auf Funktion trifft \u2014 und Menschen zusammenkommen. Der Oblique Esstisch ist mit einer glatten Linoleum-Tischplatte und massiven Eichenbeinen gefertigt, was ihm eine klare, erdige Pr\u00e4senz in Ihrem Essbereich verleiht. In drei markanten Farben erh\u00e4ltlich, passt er sich m\u00fchelos verschiedenen Stimmungen und Interieurs an, von k\u00fchn und grafisch bis hin zu sanft und ruhig. [&hellip;]<\/p>\n","protected":false},"featured_media":1104821,"template":"","meta":{"_acf_changed":false,"inline_featured_image":false},"product_brand":[],"product_cat":[6940,4216,6323,6998,2861],"product_tag":[],"class_list":{"0":"post-1071184","1":"product","2":"type-product","3":"status-publish","4":"has-post-thumbnail","6":"product_cat-additions-de","7":"product_cat-esstische-de","8":"product_cat-fsc-de","9":"product_cat-the-buzz-de","10":"product_cat-tische-de","11":"product_shipping_class-p10","13":"pa_color-grau-2","14":"pa_material-eichenholz","15":"pa_material-mdf-de","17":"first","18":"instock","19":"taxable","20":"shipping-taxable","21":"purchasable","22":"product-type-simple"},"exclude_global_add_ons":[],"addons":[],"acf":[],"yoast_head":"<!-- This site is optimized with the Yoast SEO plugin v26.4 - https:\/\/yoast.com\/wordpress\/plugins\/seo\/ -->\n<title>Oblique Esstisch Rechkteckige Grau - H\u00fcbsch<\/title>\n<meta name=\"description\" content=\"Wo Form auf Funktion trifft \u2014 und Menschen zusammenkommen. Der Oblique Esstisch ist mit einer glatten Linoleum-Tischplatte und massiven Eichenbeinen\" \/>\n<meta name=\"robots\" content=\"index, follow, max-snippet:-1, max-image-preview:large, max-video-preview:-1\" \/>\n<link rel=\"canonical\" href=\"https:\/\/hubsch-interior.com\/de\/wp-json\/wp\/v2\/product\/1071184\" \/>\n<meta property=\"og:locale\" content=\"de_DE\" \/>\n<meta property=\"og:type\" content=\"article\" \/>\n<meta property=\"og:title\" content=\"Oblique Esstisch Rechkteckige Grau - H\u00fcbsch\" \/>\n<meta property=\"og:description\" content=\"Wo Form auf Funktion trifft \u2014 und Menschen zusammenkommen. Der Oblique Esstisch ist mit einer glatten Linoleum-Tischplatte und massiven Eichenbeinen\" \/>\n<meta property=\"og:url\" content=\"https:\/\/hubsch-interior.com\/de\/produkt\/oblique-esstisch-rechkteckige-grau\/\" \/>\n<meta property=\"og:site_name\" content=\"H\u00fcbsch\" \/>\n<meta property=\"article:modified_time\" content=\"2026-04-09T02:55:52+00:00\" \/>\n<meta property=\"og:image\" content=\"https:\/\/hubsch-interior.com\/wp-content\/uploads\/2025\/09\/oblique-dining-table-rectangular-grey-3c637d020f16b8c03cccce791e831ea2.jpg\" \/>\n\t<meta property=\"og:image:width\" content=\"1200\" \/>\n\t<meta property=\"og:image:height\" content=\"1200\" \/>\n\t<meta property=\"og:image:type\" content=\"image\/jpeg\" \/>\n<meta name=\"twitter:card\" content=\"summary_large_image\" \/>\n<meta name=\"twitter:label1\" content=\"Gesch\u00e4tzte Lesezeit\" \/>\n\t<meta name=\"twitter:data1\" content=\"1\u00a0Minute\" \/>\n<script type=\"application\/ld+json\" class=\"yoast-schema-graph\">{\"@context\":\"https:\/\/schema.org\",\"@graph\":[{\"@type\":\"WebPage\",\"@id\":\"https:\/\/hubsch-interior.com\/de\/produkt\/oblique-esstisch-rechkteckige-grau\/\",\"url\":\"https:\/\/hubsch-interior.com\/de\/produkt\/oblique-esstisch-rechkteckige-grau\/\",\"name\":\"Oblique Esstisch Rechkteckige Grau - H\u00fcbsch\",\"isPartOf\":{\"@id\":\"https:\/\/hubsch-interior.com\/de\/#website\"},\"primaryImageOfPage\":{\"@id\":\"https:\/\/hubsch-interior.com\/de\/produkt\/oblique-esstisch-rechkteckige-grau\/#primaryimage\"},\"image\":{\"@id\":\"https:\/\/hubsch-interior.com\/de\/produkt\/oblique-esstisch-rechkteckige-grau\/#primaryimage\"},\"thumbnailUrl\":\"https:\/\/hubsch-interior.com\/wp-content\/uploads\/2026\/02\/oblique-dining-table-rectangular-grey-b51590a296ef9ed5e91bb45a39af71e5.jpg\",\"datePublished\":\"2025-09-25T11:13:51+00:00\",\"dateModified\":\"2026-04-09T02:55:52+00:00\",\"description\":\"Wo Form auf Funktion trifft \u2014 und Menschen zusammenkommen. Der Oblique Esstisch ist mit einer glatten Linoleum-Tischplatte und massiven Eichenbeinen\",\"breadcrumb\":{\"@id\":\"https:\/\/hubsch-interior.com\/de\/produkt\/oblique-esstisch-rechkteckige-grau\/#breadcrumb\"},\"inLanguage\":\"de\",\"potentialAction\":[{\"@type\":\"ReadAction\",\"target\":[\"https:\/\/hubsch-interior.com\/de\/produkt\/oblique-esstisch-rechkteckige-grau\/\"]}]},{\"@type\":\"ImageObject\",\"inLanguage\":\"de\",\"@id\":\"https:\/\/hubsch-interior.com\/de\/produkt\/oblique-esstisch-rechkteckige-grau\/#primaryimage\",\"url\":\"https:\/\/hubsch-interior.com\/wp-content\/uploads\/2026\/02\/oblique-dining-table-rectangular-grey-b51590a296ef9ed5e91bb45a39af71e5.jpg\",\"contentUrl\":\"https:\/\/hubsch-interior.com\/wp-content\/uploads\/2026\/02\/oblique-dining-table-rectangular-grey-b51590a296ef9ed5e91bb45a39af71e5.jpg\",\"width\":1024,\"height\":1024},{\"@type\":\"BreadcrumbList\",\"@id\":\"https:\/\/hubsch-interior.com\/de\/produkt\/oblique-esstisch-rechkteckige-grau\/#breadcrumb\",\"itemListElement\":[{\"@type\":\"ListItem\",\"position\":1,\"name\":\"Startseite\",\"item\":\"https:\/\/hubsch-interior.com\/de\/\"},{\"@type\":\"ListItem\",\"position\":2,\"name\":\"Produkte\",\"item\":\"https:\/\/hubsch-interior.com\/de\/shop-2\/\"},{\"@type\":\"ListItem\",\"position\":3,\"name\":\"M\u00f6bel\",\"item\":\"https:\/\/hubsch-interior.com\/de\/produkt-kategorie\/moebel\/\"},{\"@type\":\"ListItem\",\"position\":4,\"name\":\"Tische\",\"item\":\"https:\/\/hubsch-interior.com\/de\/produkt-kategorie\/moebel\/tische-de\/\"},{\"@type\":\"ListItem\",\"position\":5,\"name\":\"Esstische\",\"item\":\"https:\/\/hubsch-interior.com\/de\/produkt-kategorie\/moebel\/tische-de\/esstische-de\/\"},{\"@type\":\"ListItem\",\"position\":6,\"name\":\"Oblique Esstisch Rechkteckige Grau\"}]},{\"@type\":\"WebSite\",\"@id\":\"https:\/\/hubsch-interior.com\/de\/#website\",\"url\":\"https:\/\/hubsch-interior.com\/de\/\",\"name\":\"H\u00fcbsch\",\"description\":\"Danish Home Interior and Design\",\"publisher\":{\"@id\":\"https:\/\/hubsch-interior.com\/de\/#organization\"},\"potentialAction\":[{\"@type\":\"SearchAction\",\"target\":{\"@type\":\"EntryPoint\",\"urlTemplate\":\"https:\/\/hubsch-interior.com\/de\/?s={search_term_string}\"},\"query-input\":{\"@type\":\"PropertyValueSpecification\",\"valueRequired\":true,\"valueName\":\"search_term_string\"}}],\"inLanguage\":\"de\"},{\"@type\":\"Organization\",\"@id\":\"https:\/\/hubsch-interior.com\/de\/#organization\",\"name\":\"H\u00fcbsch\",\"url\":\"https:\/\/hubsch-interior.com\/de\/\",\"logo\":{\"@type\":\"ImageObject\",\"inLanguage\":\"de\",\"@id\":\"https:\/\/hubsch-interior.com\/de\/#\/schema\/logo\/image\/\",\"url\":\"https:\/\/hubsch-interior.com\/wp-content\/uploads\/2022\/12\/Hubsch_logo_black_one_line.svg\",\"contentUrl\":\"https:\/\/hubsch-interior.com\/wp-content\/uploads\/2022\/12\/Hubsch_logo_black_one_line.svg\",\"caption\":\"H\u00fcbsch\"},\"image\":{\"@id\":\"https:\/\/hubsch-interior.com\/de\/#\/schema\/logo\/image\/\"}}]}<\/script>\n<!-- \/ Yoast SEO plugin. -->","yoast_head_json":{"title":"Oblique Esstisch Rechkteckige Grau - H\u00fcbsch","description":"Wo Form auf Funktion trifft \u2014 und Menschen zusammenkommen. Der Oblique Esstisch ist mit einer glatten Linoleum-Tischplatte und massiven Eichenbeinen","robots":{"index":"index","follow":"follow","max-snippet":"max-snippet:-1","max-image-preview":"max-image-preview:large","max-video-preview":"max-video-preview:-1"},"canonical":"https:\/\/hubsch-interior.com\/de\/wp-json\/wp\/v2\/product\/1071184","og_locale":"de_DE","og_type":"article","og_title":"Oblique Esstisch Rechkteckige Grau - H\u00fcbsch","og_description":"Wo Form auf Funktion trifft \u2014 und Menschen zusammenkommen. Der Oblique Esstisch ist mit einer glatten Linoleum-Tischplatte und massiven Eichenbeinen","og_url":"https:\/\/hubsch-interior.com\/de\/produkt\/oblique-esstisch-rechkteckige-grau\/","og_site_name":"H\u00fcbsch","article_modified_time":"2026-04-09T02:55:52+00:00","og_image":[{"width":1200,"height":1200,"url":"https:\/\/hubsch-interior.com\/wp-content\/uploads\/2025\/09\/oblique-dining-table-rectangular-grey-3c637d020f16b8c03cccce791e831ea2.jpg","type":"image\/jpeg"}],"twitter_card":"summary_large_image","twitter_misc":{"Gesch\u00e4tzte Lesezeit":"1\u00a0Minute"},"schema":{"@context":"https:\/\/schema.org","@graph":[{"@type":"WebPage","@id":"https:\/\/hubsch-interior.com\/de\/produkt\/oblique-esstisch-rechkteckige-grau\/","url":"https:\/\/hubsch-interior.com\/de\/produkt\/oblique-esstisch-rechkteckige-grau\/","name":"Oblique Esstisch Rechkteckige Grau - H\u00fcbsch","isPartOf":{"@id":"https:\/\/hubsch-interior.com\/de\/#website"},"primaryImageOfPage":{"@id":"https:\/\/hubsch-interior.com\/de\/produkt\/oblique-esstisch-rechkteckige-grau\/#primaryimage"},"image":{"@id":"https:\/\/hubsch-interior.com\/de\/produkt\/oblique-esstisch-rechkteckige-grau\/#primaryimage"},"thumbnailUrl":"https:\/\/hubsch-interior.com\/wp-content\/uploads\/2026\/02\/oblique-dining-table-rectangular-grey-b51590a296ef9ed5e91bb45a39af71e5.jpg","datePublished":"2025-09-25T11:13:51+00:00","dateModified":"2026-04-09T02:55:52+00:00","description":"Wo Form auf Funktion trifft \u2014 und Menschen zusammenkommen. Der Oblique Esstisch ist mit einer glatten Linoleum-Tischplatte und massiven Eichenbeinen","breadcrumb":{"@id":"https:\/\/hubsch-interior.com\/de\/produkt\/oblique-esstisch-rechkteckige-grau\/#breadcrumb"},"inLanguage":"de","potentialAction":[{"@type":"ReadAction","target":["https:\/\/hubsch-interior.com\/de\/produkt\/oblique-esstisch-rechkteckige-grau\/"]}]},{"@type":"ImageObject","inLanguage":"de","@id":"https:\/\/hubsch-interior.com\/de\/produkt\/oblique-esstisch-rechkteckige-grau\/#primaryimage","url":"https:\/\/hubsch-interior.com\/wp-content\/uploads\/2026\/02\/oblique-dining-table-rectangular-grey-b51590a296ef9ed5e91bb45a39af71e5.jpg","contentUrl":"https:\/\/hubsch-interior.com\/wp-content\/uploads\/2026\/02\/oblique-dining-table-rectangular-grey-b51590a296ef9ed5e91bb45a39af71e5.jpg","width":1024,"height":1024},{"@type":"BreadcrumbList","@id":"https:\/\/hubsch-interior.com\/de\/produkt\/oblique-esstisch-rechkteckige-grau\/#breadcrumb","itemListElement":[{"@type":"ListItem","position":1,"name":"Startseite","item":"https:\/\/hubsch-interior.com\/de\/"},{"@type":"ListItem","position":2,"name":"Produkte","item":"https:\/\/hubsch-interior.com\/de\/shop-2\/"},{"@type":"ListItem","position":3,"name":"M\u00f6bel","item":"https:\/\/hubsch-interior.com\/de\/produkt-kategorie\/moebel\/"},{"@type":"ListItem","position":4,"name":"Tische","item":"https:\/\/hubsch-interior.com\/de\/produkt-kategorie\/moebel\/tische-de\/"},{"@type":"ListItem","position":5,"name":"Esstische","item":"https:\/\/hubsch-interior.com\/de\/produkt-kategorie\/moebel\/tische-de\/esstische-de\/"},{"@type":"ListItem","position":6,"name":"Oblique Esstisch Rechkteckige Grau"}]},{"@type":"WebSite","@id":"https:\/\/hubsch-interior.com\/de\/#website","url":"https:\/\/hubsch-interior.com\/de\/","name":"H\u00fcbsch","description":"Danish Home Interior and Design","publisher":{"@id":"https:\/\/hubsch-interior.com\/de\/#organization"},"potentialAction":[{"@type":"SearchAction","target":{"@type":"EntryPoint","urlTemplate":"https:\/\/hubsch-interior.com\/de\/?s={search_term_string}"},"query-input":{"@type":"PropertyValueSpecification","valueRequired":true,"valueName":"search_term_string"}}],"inLanguage":"de"},{"@type":"Organization","@id":"https:\/\/hubsch-interior.com\/de\/#organization","name":"H\u00fcbsch","url":"https:\/\/hubsch-interior.com\/de\/","logo":{"@type":"ImageObject","inLanguage":"de","@id":"https:\/\/hubsch-interior.com\/de\/#\/schema\/logo\/image\/","url":"https:\/\/hubsch-interior.com\/wp-content\/uploads\/2022\/12\/Hubsch_logo_black_one_line.svg","contentUrl":"https:\/\/hubsch-interior.com\/wp-content\/uploads\/2022\/12\/Hubsch_logo_black_one_line.svg","caption":"H\u00fcbsch"},"image":{"@id":"https:\/\/hubsch-interior.com\/de\/#\/schema\/logo\/image\/"}}]}},"_links":{"self":[{"href":"https:\/\/hubsch-interior.com\/de\/wp-json\/wp\/v2\/product\/1071184","targetHints":{"allow":["GET"]}}],"collection":[{"href":"https:\/\/hubsch-interior.com\/de\/wp-json\/wp\/v2\/product"}],"about":[{"href":"https:\/\/hubsch-interior.com\/de\/wp-json\/wp\/v2\/types\/product"}],"wp:featuredmedia":[{"embeddable":true,"href":"https:\/\/hubsch-interior.com\/de\/wp-json\/wp\/v2\/media\/1104821"}],"wp:attachment":[{"href":"https:\/\/hubsch-interior.com\/de\/wp-json\/wp\/v2\/media?parent=1071184"}],"wp:term":[{"taxonomy":"product_brand","embeddable":true,"href":"https:\/\/hubsch-interior.com\/de\/wp-json\/wp\/v2\/product_brand?post=1071184"},{"taxonomy":"product_cat","embeddable":true,"href":"https:\/\/hubsch-interior.com\/de\/wp-json\/wp\/v2\/product_cat?post=1071184"},{"taxonomy":"product_tag","embeddable":true,"href":"https:\/\/hubsch-interior.com\/de\/wp-json\/wp\/v2\/product_tag?post=1071184"}],"curies":[{"name":"wp","href":"https:\/\/api.w.org\/{rel}","templated":true}]}}