{"id":1071208,"date":"2025-09-25T13:14:04","date_gmt":"2025-09-25T11:14:04","guid":{"rendered":"https:\/\/hubsch-interior.com\/product\/product\/"},"modified":"2026-04-09T04:55:56","modified_gmt":"2026-04-09T02:55:56","slug":"oblique-esstisch-rechkteckige-olive","status":"publish","type":"product","link":"https:\/\/hubsch-interior.com\/de\/produkt\/oblique-esstisch-rechkteckige-olive\/","title":{"rendered":"Oblique Esstisch Rechkteckige Olive"},"content":{"rendered":"<p>Ein Tisch, der zum Zusammenkommen einl\u00e4dt und Ruhe ausstrahlt. Der Oblique Esstisch in tiefem Olivgr\u00fcn kombiniert eine reich get\u00f6nte Linoleum-Tischplatte mit robusten Eichenbeinen und verbindet erdige Eleganz mit allt\u00e4glicher Funktionalit\u00e4t. Als einer von drei markanten Varianten ist er ein starkes, jedoch unaufdringliches Zentrum \u2013 ideal f\u00fcr festliche Abendessen und entspannte Sonntagmorgen. Seine klare Silhouette und die warme Farbpalette bringen Tiefe in Ihren Raum, ohne sich aufzudr\u00e4ngen. Eine stille Einladung, Essen, Geschichten und die Sch\u00f6nheit des Zusammenseins zu teilen.<\/p>\n","protected":false},"excerpt":{"rendered":"<p>Ein Tisch, der zum Zusammenkommen einl\u00e4dt und Ruhe ausstrahlt. Der Oblique Esstisch in tiefem Olivgr\u00fcn kombiniert eine reich get\u00f6nte Linoleum-Tischplatte mit robusten Eichenbeinen und verbindet erdige Eleganz mit allt\u00e4glicher Funktionalit\u00e4t. Als einer von drei markanten Varianten ist er ein starkes, jedoch unaufdringliches Zentrum \u2013 ideal f\u00fcr festliche Abendessen und entspannte Sonntagmorgen. Seine klare Silhouette und [&hellip;]<\/p>\n","protected":false},"featured_media":1104845,"template":"","meta":{"_acf_changed":false,"inline_featured_image":false},"product_brand":[],"product_cat":[6940,4216,6323,6998,2861],"product_tag":[],"class_list":{"0":"post-1071208","1":"product","2":"type-product","3":"status-publish","4":"has-post-thumbnail","6":"product_cat-additions-de","7":"product_cat-esstische-de","8":"product_cat-fsc-de","9":"product_cat-the-buzz-de","10":"product_cat-tische-de","11":"product_shipping_class-p10","13":"pa_color-olive-3","14":"pa_material-eichenholz","15":"pa_material-mdf-de","17":"first","18":"instock","19":"taxable","20":"shipping-taxable","21":"purchasable","22":"product-type-simple"},"exclude_global_add_ons":[],"addons":[],"acf":[],"yoast_head":"<!-- This site is optimized with the Yoast SEO plugin v26.4 - https:\/\/yoast.com\/wordpress\/plugins\/seo\/ -->\n<title>Oblique Esstisch Rechkteckige Olive - H\u00fcbsch<\/title>\n<meta name=\"description\" content=\"Ein Tisch, der zum Zusammenkommen einl\u00e4dt und Ruhe ausstrahlt. Der Oblique Esstisch in tiefem Olivgr\u00fcn kombiniert eine reich get\u00f6nte Linoleum-Tischplatte\" \/>\n<meta name=\"robots\" content=\"index, follow, max-snippet:-1, max-image-preview:large, max-video-preview:-1\" \/>\n<link rel=\"canonical\" href=\"https:\/\/hubsch-interior.com\/de\/wp-json\/wp\/v2\/product\/1071208\" \/>\n<meta property=\"og:locale\" content=\"de_DE\" \/>\n<meta property=\"og:type\" content=\"article\" \/>\n<meta property=\"og:title\" content=\"Oblique Esstisch Rechkteckige Olive - H\u00fcbsch\" \/>\n<meta property=\"og:description\" content=\"Ein Tisch, der zum Zusammenkommen einl\u00e4dt und Ruhe ausstrahlt. Der Oblique Esstisch in tiefem Olivgr\u00fcn kombiniert eine reich get\u00f6nte Linoleum-Tischplatte\" \/>\n<meta property=\"og:url\" content=\"https:\/\/hubsch-interior.com\/de\/produkt\/oblique-esstisch-rechkteckige-olive\/\" \/>\n<meta property=\"og:site_name\" content=\"H\u00fcbsch\" \/>\n<meta property=\"article:modified_time\" content=\"2026-04-09T02:55:56+00:00\" \/>\n<meta property=\"og:image\" content=\"https:\/\/hubsch-interior.com\/wp-content\/uploads\/2025\/09\/oblique-dining-table-rectangular-olive-4a5cbb7935ee8a3b9793468676b7dcfc.jpg\" \/>\n\t<meta property=\"og:image:width\" content=\"1200\" \/>\n\t<meta property=\"og:image:height\" content=\"1200\" \/>\n\t<meta property=\"og:image:type\" content=\"image\/jpeg\" \/>\n<meta name=\"twitter:card\" content=\"summary_large_image\" \/>\n<script type=\"application\/ld+json\" class=\"yoast-schema-graph\">{\"@context\":\"https:\/\/schema.org\",\"@graph\":[{\"@type\":\"WebPage\",\"@id\":\"https:\/\/hubsch-interior.com\/de\/produkt\/oblique-esstisch-rechkteckige-olive\/\",\"url\":\"https:\/\/hubsch-interior.com\/de\/produkt\/oblique-esstisch-rechkteckige-olive\/\",\"name\":\"Oblique Esstisch Rechkteckige Olive - H\u00fcbsch\",\"isPartOf\":{\"@id\":\"https:\/\/hubsch-interior.com\/de\/#website\"},\"primaryImageOfPage\":{\"@id\":\"https:\/\/hubsch-interior.com\/de\/produkt\/oblique-esstisch-rechkteckige-olive\/#primaryimage\"},\"image\":{\"@id\":\"https:\/\/hubsch-interior.com\/de\/produkt\/oblique-esstisch-rechkteckige-olive\/#primaryimage\"},\"thumbnailUrl\":\"https:\/\/hubsch-interior.com\/wp-content\/uploads\/2026\/02\/oblique-dining-table-rectangular-olive-62368d2fe8a69a962049bef314e1d64d.jpg\",\"datePublished\":\"2025-09-25T11:14:04+00:00\",\"dateModified\":\"2026-04-09T02:55:56+00:00\",\"description\":\"Ein Tisch, der zum Zusammenkommen einl\u00e4dt und Ruhe ausstrahlt. Der Oblique Esstisch in tiefem Olivgr\u00fcn kombiniert eine reich get\u00f6nte Linoleum-Tischplatte\",\"breadcrumb\":{\"@id\":\"https:\/\/hubsch-interior.com\/de\/produkt\/oblique-esstisch-rechkteckige-olive\/#breadcrumb\"},\"inLanguage\":\"de\",\"potentialAction\":[{\"@type\":\"ReadAction\",\"target\":[\"https:\/\/hubsch-interior.com\/de\/produkt\/oblique-esstisch-rechkteckige-olive\/\"]}]},{\"@type\":\"ImageObject\",\"inLanguage\":\"de\",\"@id\":\"https:\/\/hubsch-interior.com\/de\/produkt\/oblique-esstisch-rechkteckige-olive\/#primaryimage\",\"url\":\"https:\/\/hubsch-interior.com\/wp-content\/uploads\/2026\/02\/oblique-dining-table-rectangular-olive-62368d2fe8a69a962049bef314e1d64d.jpg\",\"contentUrl\":\"https:\/\/hubsch-interior.com\/wp-content\/uploads\/2026\/02\/oblique-dining-table-rectangular-olive-62368d2fe8a69a962049bef314e1d64d.jpg\",\"width\":1024,\"height\":1024},{\"@type\":\"BreadcrumbList\",\"@id\":\"https:\/\/hubsch-interior.com\/de\/produkt\/oblique-esstisch-rechkteckige-olive\/#breadcrumb\",\"itemListElement\":[{\"@type\":\"ListItem\",\"position\":1,\"name\":\"Startseite\",\"item\":\"https:\/\/hubsch-interior.com\/de\/\"},{\"@type\":\"ListItem\",\"position\":2,\"name\":\"Produkte\",\"item\":\"https:\/\/hubsch-interior.com\/de\/shop-2\/\"},{\"@type\":\"ListItem\",\"position\":3,\"name\":\"M\u00f6bel\",\"item\":\"https:\/\/hubsch-interior.com\/de\/produkt-kategorie\/moebel\/\"},{\"@type\":\"ListItem\",\"position\":4,\"name\":\"Tische\",\"item\":\"https:\/\/hubsch-interior.com\/de\/produkt-kategorie\/moebel\/tische-de\/\"},{\"@type\":\"ListItem\",\"position\":5,\"name\":\"Esstische\",\"item\":\"https:\/\/hubsch-interior.com\/de\/produkt-kategorie\/moebel\/tische-de\/esstische-de\/\"},{\"@type\":\"ListItem\",\"position\":6,\"name\":\"Oblique Esstisch Rechkteckige Olive\"}]},{\"@type\":\"WebSite\",\"@id\":\"https:\/\/hubsch-interior.com\/de\/#website\",\"url\":\"https:\/\/hubsch-interior.com\/de\/\",\"name\":\"H\u00fcbsch\",\"description\":\"Danish Home Interior and Design\",\"publisher\":{\"@id\":\"https:\/\/hubsch-interior.com\/de\/#organization\"},\"potentialAction\":[{\"@type\":\"SearchAction\",\"target\":{\"@type\":\"EntryPoint\",\"urlTemplate\":\"https:\/\/hubsch-interior.com\/de\/?s={search_term_string}\"},\"query-input\":{\"@type\":\"PropertyValueSpecification\",\"valueRequired\":true,\"valueName\":\"search_term_string\"}}],\"inLanguage\":\"de\"},{\"@type\":\"Organization\",\"@id\":\"https:\/\/hubsch-interior.com\/de\/#organization\",\"name\":\"H\u00fcbsch\",\"url\":\"https:\/\/hubsch-interior.com\/de\/\",\"logo\":{\"@type\":\"ImageObject\",\"inLanguage\":\"de\",\"@id\":\"https:\/\/hubsch-interior.com\/de\/#\/schema\/logo\/image\/\",\"url\":\"https:\/\/hubsch-interior.com\/wp-content\/uploads\/2022\/12\/Hubsch_logo_black_one_line.svg\",\"contentUrl\":\"https:\/\/hubsch-interior.com\/wp-content\/uploads\/2022\/12\/Hubsch_logo_black_one_line.svg\",\"caption\":\"H\u00fcbsch\"},\"image\":{\"@id\":\"https:\/\/hubsch-interior.com\/de\/#\/schema\/logo\/image\/\"}}]}<\/script>\n<!-- \/ Yoast SEO plugin. -->","yoast_head_json":{"title":"Oblique Esstisch Rechkteckige Olive - H\u00fcbsch","description":"Ein Tisch, der zum Zusammenkommen einl\u00e4dt und Ruhe ausstrahlt. Der Oblique Esstisch in tiefem Olivgr\u00fcn kombiniert eine reich get\u00f6nte Linoleum-Tischplatte","robots":{"index":"index","follow":"follow","max-snippet":"max-snippet:-1","max-image-preview":"max-image-preview:large","max-video-preview":"max-video-preview:-1"},"canonical":"https:\/\/hubsch-interior.com\/de\/wp-json\/wp\/v2\/product\/1071208","og_locale":"de_DE","og_type":"article","og_title":"Oblique Esstisch Rechkteckige Olive - H\u00fcbsch","og_description":"Ein Tisch, der zum Zusammenkommen einl\u00e4dt und Ruhe ausstrahlt. Der Oblique Esstisch in tiefem Olivgr\u00fcn kombiniert eine reich get\u00f6nte Linoleum-Tischplatte","og_url":"https:\/\/hubsch-interior.com\/de\/produkt\/oblique-esstisch-rechkteckige-olive\/","og_site_name":"H\u00fcbsch","article_modified_time":"2026-04-09T02:55:56+00:00","og_image":[{"width":1200,"height":1200,"url":"https:\/\/hubsch-interior.com\/wp-content\/uploads\/2025\/09\/oblique-dining-table-rectangular-olive-4a5cbb7935ee8a3b9793468676b7dcfc.jpg","type":"image\/jpeg"}],"twitter_card":"summary_large_image","schema":{"@context":"https:\/\/schema.org","@graph":[{"@type":"WebPage","@id":"https:\/\/hubsch-interior.com\/de\/produkt\/oblique-esstisch-rechkteckige-olive\/","url":"https:\/\/hubsch-interior.com\/de\/produkt\/oblique-esstisch-rechkteckige-olive\/","name":"Oblique Esstisch Rechkteckige Olive - H\u00fcbsch","isPartOf":{"@id":"https:\/\/hubsch-interior.com\/de\/#website"},"primaryImageOfPage":{"@id":"https:\/\/hubsch-interior.com\/de\/produkt\/oblique-esstisch-rechkteckige-olive\/#primaryimage"},"image":{"@id":"https:\/\/hubsch-interior.com\/de\/produkt\/oblique-esstisch-rechkteckige-olive\/#primaryimage"},"thumbnailUrl":"https:\/\/hubsch-interior.com\/wp-content\/uploads\/2026\/02\/oblique-dining-table-rectangular-olive-62368d2fe8a69a962049bef314e1d64d.jpg","datePublished":"2025-09-25T11:14:04+00:00","dateModified":"2026-04-09T02:55:56+00:00","description":"Ein Tisch, der zum Zusammenkommen einl\u00e4dt und Ruhe ausstrahlt. Der Oblique Esstisch in tiefem Olivgr\u00fcn kombiniert eine reich get\u00f6nte Linoleum-Tischplatte","breadcrumb":{"@id":"https:\/\/hubsch-interior.com\/de\/produkt\/oblique-esstisch-rechkteckige-olive\/#breadcrumb"},"inLanguage":"de","potentialAction":[{"@type":"ReadAction","target":["https:\/\/hubsch-interior.com\/de\/produkt\/oblique-esstisch-rechkteckige-olive\/"]}]},{"@type":"ImageObject","inLanguage":"de","@id":"https:\/\/hubsch-interior.com\/de\/produkt\/oblique-esstisch-rechkteckige-olive\/#primaryimage","url":"https:\/\/hubsch-interior.com\/wp-content\/uploads\/2026\/02\/oblique-dining-table-rectangular-olive-62368d2fe8a69a962049bef314e1d64d.jpg","contentUrl":"https:\/\/hubsch-interior.com\/wp-content\/uploads\/2026\/02\/oblique-dining-table-rectangular-olive-62368d2fe8a69a962049bef314e1d64d.jpg","width":1024,"height":1024},{"@type":"BreadcrumbList","@id":"https:\/\/hubsch-interior.com\/de\/produkt\/oblique-esstisch-rechkteckige-olive\/#breadcrumb","itemListElement":[{"@type":"ListItem","position":1,"name":"Startseite","item":"https:\/\/hubsch-interior.com\/de\/"},{"@type":"ListItem","position":2,"name":"Produkte","item":"https:\/\/hubsch-interior.com\/de\/shop-2\/"},{"@type":"ListItem","position":3,"name":"M\u00f6bel","item":"https:\/\/hubsch-interior.com\/de\/produkt-kategorie\/moebel\/"},{"@type":"ListItem","position":4,"name":"Tische","item":"https:\/\/hubsch-interior.com\/de\/produkt-kategorie\/moebel\/tische-de\/"},{"@type":"ListItem","position":5,"name":"Esstische","item":"https:\/\/hubsch-interior.com\/de\/produkt-kategorie\/moebel\/tische-de\/esstische-de\/"},{"@type":"ListItem","position":6,"name":"Oblique Esstisch Rechkteckige Olive"}]},{"@type":"WebSite","@id":"https:\/\/hubsch-interior.com\/de\/#website","url":"https:\/\/hubsch-interior.com\/de\/","name":"H\u00fcbsch","description":"Danish Home Interior and Design","publisher":{"@id":"https:\/\/hubsch-interior.com\/de\/#organization"},"potentialAction":[{"@type":"SearchAction","target":{"@type":"EntryPoint","urlTemplate":"https:\/\/hubsch-interior.com\/de\/?s={search_term_string}"},"query-input":{"@type":"PropertyValueSpecification","valueRequired":true,"valueName":"search_term_string"}}],"inLanguage":"de"},{"@type":"Organization","@id":"https:\/\/hubsch-interior.com\/de\/#organization","name":"H\u00fcbsch","url":"https:\/\/hubsch-interior.com\/de\/","logo":{"@type":"ImageObject","inLanguage":"de","@id":"https:\/\/hubsch-interior.com\/de\/#\/schema\/logo\/image\/","url":"https:\/\/hubsch-interior.com\/wp-content\/uploads\/2022\/12\/Hubsch_logo_black_one_line.svg","contentUrl":"https:\/\/hubsch-interior.com\/wp-content\/uploads\/2022\/12\/Hubsch_logo_black_one_line.svg","caption":"H\u00fcbsch"},"image":{"@id":"https:\/\/hubsch-interior.com\/de\/#\/schema\/logo\/image\/"}}]}},"_links":{"self":[{"href":"https:\/\/hubsch-interior.com\/de\/wp-json\/wp\/v2\/product\/1071208","targetHints":{"allow":["GET"]}}],"collection":[{"href":"https:\/\/hubsch-interior.com\/de\/wp-json\/wp\/v2\/product"}],"about":[{"href":"https:\/\/hubsch-interior.com\/de\/wp-json\/wp\/v2\/types\/product"}],"wp:featuredmedia":[{"embeddable":true,"href":"https:\/\/hubsch-interior.com\/de\/wp-json\/wp\/v2\/media\/1104845"}],"wp:attachment":[{"href":"https:\/\/hubsch-interior.com\/de\/wp-json\/wp\/v2\/media?parent=1071208"}],"wp:term":[{"taxonomy":"product_brand","embeddable":true,"href":"https:\/\/hubsch-interior.com\/de\/wp-json\/wp\/v2\/product_brand?post=1071208"},{"taxonomy":"product_cat","embeddable":true,"href":"https:\/\/hubsch-interior.com\/de\/wp-json\/wp\/v2\/product_cat?post=1071208"},{"taxonomy":"product_tag","embeddable":true,"href":"https:\/\/hubsch-interior.com\/de\/wp-json\/wp\/v2\/product_tag?post=1071208"}],"curies":[{"name":"wp","href":"https:\/\/api.w.org\/{rel}","templated":true}]}}