{"id":1071248,"date":"2025-09-25T13:14:41","date_gmt":"2025-09-25T11:14:41","guid":{"rendered":"https:\/\/hubsch-interior.com\/product\/product\/"},"modified":"2026-04-11T04:53:15","modified_gmt":"2026-04-11T02:53:15","slug":"oblique-schreibtisch-grau","status":"publish","type":"product","link":"https:\/\/hubsch-interior.com\/de\/produkt\/oblique-schreibtisch-grau\/","title":{"rendered":"Oblique Schreibtisch Grau"},"content":{"rendered":"<p>Eine klare Oberfl\u00e4che, geschaffen f\u00fcr gro\u00dfe Ideen. Der Oblique Schreibtisch bringt mit seiner hellgrauen Linoleumplatte und den robusten Eichenbeinen ruhige Konzentration in Ihr Zuhause \u2014 eine feine Kombination aus Textur und Ton. Aus FSC-zertifiziertem Holz gefertigt, vereint er bewusstes Design mit allt\u00e4glicher Haltbarkeit. Ob Sie skizzieren, planen oder tief in E-Mails versunken sind, dieser Schreibtisch unterst\u00fctzt Ihren Arbeitsrhythmus mit Anmut und Absicht. Ein verfeinerter Arbeitsplatz, an dem Kreativit\u00e4t sich wie zu Hause f\u00fchlt.<\/p>\n","protected":false},"excerpt":{"rendered":"<p>Eine klare Oberfl\u00e4che, geschaffen f\u00fcr gro\u00dfe Ideen. Der Oblique Schreibtisch bringt mit seiner hellgrauen Linoleumplatte und den robusten Eichenbeinen ruhige Konzentration in Ihr Zuhause \u2014 eine feine Kombination aus Textur und Ton. Aus FSC-zertifiziertem Holz gefertigt, vereint er bewusstes Design mit allt\u00e4glicher Haltbarkeit. Ob Sie skizzieren, planen oder tief in E-Mails versunken sind, dieser Schreibtisch [&hellip;]<\/p>\n","protected":false},"featured_media":1104961,"template":"","meta":{"_acf_changed":false,"inline_featured_image":false},"product_brand":[],"product_cat":[6940,4216,6323,2906,6998,2861],"product_tag":[],"class_list":{"0":"post-1071248","1":"product","2":"type-product","3":"status-publish","4":"has-post-thumbnail","6":"product_cat-additions-de","7":"product_cat-esstische-de","8":"product_cat-fsc-de","9":"product_cat-schreibtische-de","10":"product_cat-the-buzz-de","11":"product_cat-tische-de","12":"product_shipping_class-p10","14":"pa_color-grau-2","15":"pa_material-eichenholz","16":"pa_material-mdf-de","18":"first","19":"instock","20":"taxable","21":"shipping-taxable","22":"purchasable","23":"product-type-simple"},"exclude_global_add_ons":[],"addons":[],"acf":[],"yoast_head":"<!-- This site is optimized with the Yoast SEO plugin v26.4 - https:\/\/yoast.com\/wordpress\/plugins\/seo\/ -->\n<title>Oblique Schreibtisch Grau - H\u00fcbsch<\/title>\n<meta name=\"description\" content=\"Eine klare Oberfl\u00e4che, geschaffen f\u00fcr gro\u00dfe Ideen. Der Oblique Schreibtisch bringt mit seiner hellgrauen Linoleumplatte und den robusten Eichenbeinen\" \/>\n<meta name=\"robots\" content=\"index, follow, max-snippet:-1, max-image-preview:large, max-video-preview:-1\" \/>\n<link rel=\"canonical\" href=\"https:\/\/hubsch-interior.com\/de\/wp-json\/wp\/v2\/product\/1071248\" \/>\n<meta property=\"og:locale\" content=\"de_DE\" \/>\n<meta property=\"og:type\" content=\"article\" \/>\n<meta property=\"og:title\" content=\"Oblique Schreibtisch Grau - H\u00fcbsch\" \/>\n<meta property=\"og:description\" content=\"Eine klare Oberfl\u00e4che, geschaffen f\u00fcr gro\u00dfe Ideen. Der Oblique Schreibtisch bringt mit seiner hellgrauen Linoleumplatte und den robusten Eichenbeinen\" \/>\n<meta property=\"og:url\" content=\"https:\/\/hubsch-interior.com\/de\/produkt\/oblique-schreibtisch-grau\/\" \/>\n<meta property=\"og:site_name\" content=\"H\u00fcbsch\" \/>\n<meta property=\"article:modified_time\" content=\"2026-04-11T02:53:15+00:00\" \/>\n<meta property=\"og:image\" content=\"https:\/\/hubsch-interior.com\/wp-content\/uploads\/2025\/09\/oblique-desk-grey-560c686957ee889c4447911ea6e1c001.jpg\" \/>\n\t<meta property=\"og:image:width\" content=\"400\" \/>\n\t<meta property=\"og:image:height\" content=\"400\" \/>\n\t<meta property=\"og:image:type\" content=\"image\/jpeg\" \/>\n<meta name=\"twitter:card\" content=\"summary_large_image\" \/>\n<script type=\"application\/ld+json\" class=\"yoast-schema-graph\">{\"@context\":\"https:\/\/schema.org\",\"@graph\":[{\"@type\":\"WebPage\",\"@id\":\"https:\/\/hubsch-interior.com\/de\/produkt\/oblique-schreibtisch-grau\/\",\"url\":\"https:\/\/hubsch-interior.com\/de\/produkt\/oblique-schreibtisch-grau\/\",\"name\":\"Oblique Schreibtisch Grau - H\u00fcbsch\",\"isPartOf\":{\"@id\":\"https:\/\/hubsch-interior.com\/de\/#website\"},\"primaryImageOfPage\":{\"@id\":\"https:\/\/hubsch-interior.com\/de\/produkt\/oblique-schreibtisch-grau\/#primaryimage\"},\"image\":{\"@id\":\"https:\/\/hubsch-interior.com\/de\/produkt\/oblique-schreibtisch-grau\/#primaryimage\"},\"thumbnailUrl\":\"https:\/\/hubsch-interior.com\/wp-content\/uploads\/2026\/02\/oblique-desk-grey-ab20bbe5ea606a20e3c6c276c870db71.jpg\",\"datePublished\":\"2025-09-25T11:14:41+00:00\",\"dateModified\":\"2026-04-11T02:53:15+00:00\",\"description\":\"Eine klare Oberfl\u00e4che, geschaffen f\u00fcr gro\u00dfe Ideen. Der Oblique Schreibtisch bringt mit seiner hellgrauen Linoleumplatte und den robusten Eichenbeinen\",\"breadcrumb\":{\"@id\":\"https:\/\/hubsch-interior.com\/de\/produkt\/oblique-schreibtisch-grau\/#breadcrumb\"},\"inLanguage\":\"de\",\"potentialAction\":[{\"@type\":\"ReadAction\",\"target\":[\"https:\/\/hubsch-interior.com\/de\/produkt\/oblique-schreibtisch-grau\/\"]}]},{\"@type\":\"ImageObject\",\"inLanguage\":\"de\",\"@id\":\"https:\/\/hubsch-interior.com\/de\/produkt\/oblique-schreibtisch-grau\/#primaryimage\",\"url\":\"https:\/\/hubsch-interior.com\/wp-content\/uploads\/2026\/02\/oblique-desk-grey-ab20bbe5ea606a20e3c6c276c870db71.jpg\",\"contentUrl\":\"https:\/\/hubsch-interior.com\/wp-content\/uploads\/2026\/02\/oblique-desk-grey-ab20bbe5ea606a20e3c6c276c870db71.jpg\",\"width\":1024,\"height\":1024},{\"@type\":\"BreadcrumbList\",\"@id\":\"https:\/\/hubsch-interior.com\/de\/produkt\/oblique-schreibtisch-grau\/#breadcrumb\",\"itemListElement\":[{\"@type\":\"ListItem\",\"position\":1,\"name\":\"Startseite\",\"item\":\"https:\/\/hubsch-interior.com\/de\/\"},{\"@type\":\"ListItem\",\"position\":2,\"name\":\"Produkte\",\"item\":\"https:\/\/hubsch-interior.com\/de\/shop-2\/\"},{\"@type\":\"ListItem\",\"position\":3,\"name\":\"M\u00f6bel\",\"item\":\"https:\/\/hubsch-interior.com\/de\/produkt-kategorie\/moebel\/\"},{\"@type\":\"ListItem\",\"position\":4,\"name\":\"Tische\",\"item\":\"https:\/\/hubsch-interior.com\/de\/produkt-kategorie\/moebel\/tische-de\/\"},{\"@type\":\"ListItem\",\"position\":5,\"name\":\"Schreibtische\",\"item\":\"https:\/\/hubsch-interior.com\/de\/produkt-kategorie\/moebel\/tische-de\/schreibtische-de\/\"},{\"@type\":\"ListItem\",\"position\":6,\"name\":\"Oblique Schreibtisch Grau\"}]},{\"@type\":\"WebSite\",\"@id\":\"https:\/\/hubsch-interior.com\/de\/#website\",\"url\":\"https:\/\/hubsch-interior.com\/de\/\",\"name\":\"H\u00fcbsch\",\"description\":\"Danish Home Interior and Design\",\"publisher\":{\"@id\":\"https:\/\/hubsch-interior.com\/de\/#organization\"},\"potentialAction\":[{\"@type\":\"SearchAction\",\"target\":{\"@type\":\"EntryPoint\",\"urlTemplate\":\"https:\/\/hubsch-interior.com\/de\/?s={search_term_string}\"},\"query-input\":{\"@type\":\"PropertyValueSpecification\",\"valueRequired\":true,\"valueName\":\"search_term_string\"}}],\"inLanguage\":\"de\"},{\"@type\":\"Organization\",\"@id\":\"https:\/\/hubsch-interior.com\/de\/#organization\",\"name\":\"H\u00fcbsch\",\"url\":\"https:\/\/hubsch-interior.com\/de\/\",\"logo\":{\"@type\":\"ImageObject\",\"inLanguage\":\"de\",\"@id\":\"https:\/\/hubsch-interior.com\/de\/#\/schema\/logo\/image\/\",\"url\":\"https:\/\/hubsch-interior.com\/wp-content\/uploads\/2022\/12\/Hubsch_logo_black_one_line.svg\",\"contentUrl\":\"https:\/\/hubsch-interior.com\/wp-content\/uploads\/2022\/12\/Hubsch_logo_black_one_line.svg\",\"caption\":\"H\u00fcbsch\"},\"image\":{\"@id\":\"https:\/\/hubsch-interior.com\/de\/#\/schema\/logo\/image\/\"}}]}<\/script>\n<!-- \/ Yoast SEO plugin. -->","yoast_head_json":{"title":"Oblique Schreibtisch Grau - H\u00fcbsch","description":"Eine klare Oberfl\u00e4che, geschaffen f\u00fcr gro\u00dfe Ideen. Der Oblique Schreibtisch bringt mit seiner hellgrauen Linoleumplatte und den robusten Eichenbeinen","robots":{"index":"index","follow":"follow","max-snippet":"max-snippet:-1","max-image-preview":"max-image-preview:large","max-video-preview":"max-video-preview:-1"},"canonical":"https:\/\/hubsch-interior.com\/de\/wp-json\/wp\/v2\/product\/1071248","og_locale":"de_DE","og_type":"article","og_title":"Oblique Schreibtisch Grau - H\u00fcbsch","og_description":"Eine klare Oberfl\u00e4che, geschaffen f\u00fcr gro\u00dfe Ideen. Der Oblique Schreibtisch bringt mit seiner hellgrauen Linoleumplatte und den robusten Eichenbeinen","og_url":"https:\/\/hubsch-interior.com\/de\/produkt\/oblique-schreibtisch-grau\/","og_site_name":"H\u00fcbsch","article_modified_time":"2026-04-11T02:53:15+00:00","og_image":[{"width":400,"height":400,"url":"https:\/\/hubsch-interior.com\/wp-content\/uploads\/2025\/09\/oblique-desk-grey-560c686957ee889c4447911ea6e1c001.jpg","type":"image\/jpeg"}],"twitter_card":"summary_large_image","schema":{"@context":"https:\/\/schema.org","@graph":[{"@type":"WebPage","@id":"https:\/\/hubsch-interior.com\/de\/produkt\/oblique-schreibtisch-grau\/","url":"https:\/\/hubsch-interior.com\/de\/produkt\/oblique-schreibtisch-grau\/","name":"Oblique Schreibtisch Grau - H\u00fcbsch","isPartOf":{"@id":"https:\/\/hubsch-interior.com\/de\/#website"},"primaryImageOfPage":{"@id":"https:\/\/hubsch-interior.com\/de\/produkt\/oblique-schreibtisch-grau\/#primaryimage"},"image":{"@id":"https:\/\/hubsch-interior.com\/de\/produkt\/oblique-schreibtisch-grau\/#primaryimage"},"thumbnailUrl":"https:\/\/hubsch-interior.com\/wp-content\/uploads\/2026\/02\/oblique-desk-grey-ab20bbe5ea606a20e3c6c276c870db71.jpg","datePublished":"2025-09-25T11:14:41+00:00","dateModified":"2026-04-11T02:53:15+00:00","description":"Eine klare Oberfl\u00e4che, geschaffen f\u00fcr gro\u00dfe Ideen. Der Oblique Schreibtisch bringt mit seiner hellgrauen Linoleumplatte und den robusten Eichenbeinen","breadcrumb":{"@id":"https:\/\/hubsch-interior.com\/de\/produkt\/oblique-schreibtisch-grau\/#breadcrumb"},"inLanguage":"de","potentialAction":[{"@type":"ReadAction","target":["https:\/\/hubsch-interior.com\/de\/produkt\/oblique-schreibtisch-grau\/"]}]},{"@type":"ImageObject","inLanguage":"de","@id":"https:\/\/hubsch-interior.com\/de\/produkt\/oblique-schreibtisch-grau\/#primaryimage","url":"https:\/\/hubsch-interior.com\/wp-content\/uploads\/2026\/02\/oblique-desk-grey-ab20bbe5ea606a20e3c6c276c870db71.jpg","contentUrl":"https:\/\/hubsch-interior.com\/wp-content\/uploads\/2026\/02\/oblique-desk-grey-ab20bbe5ea606a20e3c6c276c870db71.jpg","width":1024,"height":1024},{"@type":"BreadcrumbList","@id":"https:\/\/hubsch-interior.com\/de\/produkt\/oblique-schreibtisch-grau\/#breadcrumb","itemListElement":[{"@type":"ListItem","position":1,"name":"Startseite","item":"https:\/\/hubsch-interior.com\/de\/"},{"@type":"ListItem","position":2,"name":"Produkte","item":"https:\/\/hubsch-interior.com\/de\/shop-2\/"},{"@type":"ListItem","position":3,"name":"M\u00f6bel","item":"https:\/\/hubsch-interior.com\/de\/produkt-kategorie\/moebel\/"},{"@type":"ListItem","position":4,"name":"Tische","item":"https:\/\/hubsch-interior.com\/de\/produkt-kategorie\/moebel\/tische-de\/"},{"@type":"ListItem","position":5,"name":"Schreibtische","item":"https:\/\/hubsch-interior.com\/de\/produkt-kategorie\/moebel\/tische-de\/schreibtische-de\/"},{"@type":"ListItem","position":6,"name":"Oblique Schreibtisch Grau"}]},{"@type":"WebSite","@id":"https:\/\/hubsch-interior.com\/de\/#website","url":"https:\/\/hubsch-interior.com\/de\/","name":"H\u00fcbsch","description":"Danish Home Interior and Design","publisher":{"@id":"https:\/\/hubsch-interior.com\/de\/#organization"},"potentialAction":[{"@type":"SearchAction","target":{"@type":"EntryPoint","urlTemplate":"https:\/\/hubsch-interior.com\/de\/?s={search_term_string}"},"query-input":{"@type":"PropertyValueSpecification","valueRequired":true,"valueName":"search_term_string"}}],"inLanguage":"de"},{"@type":"Organization","@id":"https:\/\/hubsch-interior.com\/de\/#organization","name":"H\u00fcbsch","url":"https:\/\/hubsch-interior.com\/de\/","logo":{"@type":"ImageObject","inLanguage":"de","@id":"https:\/\/hubsch-interior.com\/de\/#\/schema\/logo\/image\/","url":"https:\/\/hubsch-interior.com\/wp-content\/uploads\/2022\/12\/Hubsch_logo_black_one_line.svg","contentUrl":"https:\/\/hubsch-interior.com\/wp-content\/uploads\/2022\/12\/Hubsch_logo_black_one_line.svg","caption":"H\u00fcbsch"},"image":{"@id":"https:\/\/hubsch-interior.com\/de\/#\/schema\/logo\/image\/"}}]}},"_links":{"self":[{"href":"https:\/\/hubsch-interior.com\/de\/wp-json\/wp\/v2\/product\/1071248","targetHints":{"allow":["GET"]}}],"collection":[{"href":"https:\/\/hubsch-interior.com\/de\/wp-json\/wp\/v2\/product"}],"about":[{"href":"https:\/\/hubsch-interior.com\/de\/wp-json\/wp\/v2\/types\/product"}],"wp:featuredmedia":[{"embeddable":true,"href":"https:\/\/hubsch-interior.com\/de\/wp-json\/wp\/v2\/media\/1104961"}],"wp:attachment":[{"href":"https:\/\/hubsch-interior.com\/de\/wp-json\/wp\/v2\/media?parent=1071248"}],"wp:term":[{"taxonomy":"product_brand","embeddable":true,"href":"https:\/\/hubsch-interior.com\/de\/wp-json\/wp\/v2\/product_brand?post=1071248"},{"taxonomy":"product_cat","embeddable":true,"href":"https:\/\/hubsch-interior.com\/de\/wp-json\/wp\/v2\/product_cat?post=1071248"},{"taxonomy":"product_tag","embeddable":true,"href":"https:\/\/hubsch-interior.com\/de\/wp-json\/wp\/v2\/product_tag?post=1071248"}],"curies":[{"name":"wp","href":"https:\/\/api.w.org\/{rel}","templated":true}]}}