{"id":1071264,"date":"2025-09-25T13:14:50","date_gmt":"2025-09-25T11:14:50","guid":{"rendered":"https:\/\/hubsch-interior.com\/product\/product\/"},"modified":"2026-04-11T04:53:21","modified_gmt":"2026-04-11T02:53:21","slug":"oblique-schreibtisch-olive","status":"publish","type":"product","link":"https:\/\/hubsch-interior.com\/de\/produkt\/oblique-schreibtisch-olive\/","title":{"rendered":"Oblique Schreibtisch Olive"},"content":{"rendered":"<p>F\u00fcr Konzentration entworfen, mit Ruhe geformt. Der Oblique Schreibtisch in Hellgrau kombiniert eine glatte Linoleum-Tischplatte mit massiven Eichenbeinen, wobei sanfte Farbt\u00f6ne mit einer k\u00fchnen Struktur verschmelzen. Aus FSC-zertifiziertem Holz gefertigt, unterst\u00fctzt er sowohl Ihren Arbeitsfluss als auch Ihre Werte mit langanhaltender Qualit\u00e4t und einem bedachten \u00f6kologischen Fu\u00dfabdruck. Seine minimalistische Form und die ged\u00e4mpften T\u00f6ne schaffen eine ruhige Atmosph\u00e4re \u2013 genau die richtige Umgebung f\u00fcr tiefgehende Gedanken, best\u00e4ndige Aufgaben und gelegentlich brillante Ideen. Ein Arbeitsplatz, der f\u00fcr Klarheit sorgt, damit Sie sich auf das Wesentliche konzentrieren k\u00f6nnen.<\/p>\n","protected":false},"excerpt":{"rendered":"<p>F\u00fcr Konzentration entworfen, mit Ruhe geformt. Der Oblique Schreibtisch in Hellgrau kombiniert eine glatte Linoleum-Tischplatte mit massiven Eichenbeinen, wobei sanfte Farbt\u00f6ne mit einer k\u00fchnen Struktur verschmelzen. Aus FSC-zertifiziertem Holz gefertigt, unterst\u00fctzt er sowohl Ihren Arbeitsfluss als auch Ihre Werte mit langanhaltender Qualit\u00e4t und einem bedachten \u00f6kologischen Fu\u00dfabdruck. Seine minimalistische Form und die ged\u00e4mpften T\u00f6ne schaffen [&hellip;]<\/p>\n","protected":false},"featured_media":1104969,"template":"","meta":{"_acf_changed":false,"inline_featured_image":false},"product_brand":[],"product_cat":[6940,6998,6323,2861,2906,4216],"product_tag":[],"class_list":{"0":"post-1071264","1":"product","2":"type-product","3":"status-publish","4":"has-post-thumbnail","6":"product_cat-additions-de","7":"product_cat-the-buzz-de","8":"product_cat-fsc-de","9":"product_cat-tische-de","10":"product_cat-schreibtische-de","11":"product_cat-esstische-de","12":"product_shipping_class-p10","14":"pa_color-olive-3","15":"pa_material-mdf-de","16":"pa_material-eichenholz","18":"first","19":"instock","20":"taxable","21":"shipping-taxable","22":"purchasable","23":"product-type-simple"},"exclude_global_add_ons":[],"addons":[],"acf":[],"yoast_head":"<!-- This site is optimized with the Yoast SEO plugin v26.4 - https:\/\/yoast.com\/wordpress\/plugins\/seo\/ -->\n<title>Oblique Schreibtisch Olive - H\u00fcbsch<\/title>\n<meta name=\"description\" content=\"F\u00fcr Konzentration entworfen, mit Ruhe geformt. Der Oblique Schreibtisch in Hellgrau kombiniert eine glatte Linoleum-Tischplatte mit massiven Eichenbeinen,\" \/>\n<meta name=\"robots\" content=\"index, follow, max-snippet:-1, max-image-preview:large, max-video-preview:-1\" \/>\n<link rel=\"canonical\" href=\"https:\/\/hubsch-interior.com\/de\/wp-json\/wp\/v2\/product\/1071264\" \/>\n<meta property=\"og:locale\" content=\"de_DE\" \/>\n<meta property=\"og:type\" content=\"article\" \/>\n<meta property=\"og:title\" content=\"Oblique Schreibtisch Olive - H\u00fcbsch\" \/>\n<meta property=\"og:description\" content=\"F\u00fcr Konzentration entworfen, mit Ruhe geformt. Der Oblique Schreibtisch in Hellgrau kombiniert eine glatte Linoleum-Tischplatte mit massiven Eichenbeinen,\" \/>\n<meta property=\"og:url\" content=\"https:\/\/hubsch-interior.com\/de\/produkt\/oblique-schreibtisch-olive\/\" \/>\n<meta property=\"og:site_name\" content=\"H\u00fcbsch\" \/>\n<meta property=\"article:modified_time\" content=\"2026-04-11T02:53:21+00:00\" \/>\n<meta property=\"og:image\" content=\"https:\/\/hubsch-interior.com\/wp-content\/uploads\/2025\/09\/oblique-desk-olive-231efbdbc133afbc4cc9118fa9241e59.jpg\" \/>\n\t<meta property=\"og:image:width\" content=\"400\" \/>\n\t<meta property=\"og:image:height\" content=\"400\" \/>\n\t<meta property=\"og:image:type\" content=\"image\/jpeg\" \/>\n<meta name=\"twitter:card\" content=\"summary_large_image\" \/>\n<script type=\"application\/ld+json\" class=\"yoast-schema-graph\">{\"@context\":\"https:\/\/schema.org\",\"@graph\":[{\"@type\":\"WebPage\",\"@id\":\"https:\/\/hubsch-interior.com\/de\/produkt\/oblique-schreibtisch-olive\/\",\"url\":\"https:\/\/hubsch-interior.com\/de\/produkt\/oblique-schreibtisch-olive\/\",\"name\":\"Oblique Schreibtisch Olive - H\u00fcbsch\",\"isPartOf\":{\"@id\":\"https:\/\/hubsch-interior.com\/de\/#website\"},\"primaryImageOfPage\":{\"@id\":\"https:\/\/hubsch-interior.com\/de\/produkt\/oblique-schreibtisch-olive\/#primaryimage\"},\"image\":{\"@id\":\"https:\/\/hubsch-interior.com\/de\/produkt\/oblique-schreibtisch-olive\/#primaryimage\"},\"thumbnailUrl\":\"https:\/\/hubsch-interior.com\/wp-content\/uploads\/2026\/02\/oblique-desk-olive-dfe471e983902a0651aa40e186c88ddd.jpg\",\"datePublished\":\"2025-09-25T11:14:50+00:00\",\"dateModified\":\"2026-04-11T02:53:21+00:00\",\"description\":\"F\u00fcr Konzentration entworfen, mit Ruhe geformt. Der Oblique Schreibtisch in Hellgrau kombiniert eine glatte Linoleum-Tischplatte mit massiven Eichenbeinen,\",\"breadcrumb\":{\"@id\":\"https:\/\/hubsch-interior.com\/de\/produkt\/oblique-schreibtisch-olive\/#breadcrumb\"},\"inLanguage\":\"de\",\"potentialAction\":[{\"@type\":\"ReadAction\",\"target\":[\"https:\/\/hubsch-interior.com\/de\/produkt\/oblique-schreibtisch-olive\/\"]}]},{\"@type\":\"ImageObject\",\"inLanguage\":\"de\",\"@id\":\"https:\/\/hubsch-interior.com\/de\/produkt\/oblique-schreibtisch-olive\/#primaryimage\",\"url\":\"https:\/\/hubsch-interior.com\/wp-content\/uploads\/2026\/02\/oblique-desk-olive-dfe471e983902a0651aa40e186c88ddd.jpg\",\"contentUrl\":\"https:\/\/hubsch-interior.com\/wp-content\/uploads\/2026\/02\/oblique-desk-olive-dfe471e983902a0651aa40e186c88ddd.jpg\",\"width\":1024,\"height\":1024},{\"@type\":\"BreadcrumbList\",\"@id\":\"https:\/\/hubsch-interior.com\/de\/produkt\/oblique-schreibtisch-olive\/#breadcrumb\",\"itemListElement\":[{\"@type\":\"ListItem\",\"position\":1,\"name\":\"Startseite\",\"item\":\"https:\/\/hubsch-interior.com\/de\/\"},{\"@type\":\"ListItem\",\"position\":2,\"name\":\"Produkte\",\"item\":\"https:\/\/hubsch-interior.com\/de\/shop-2\/\"},{\"@type\":\"ListItem\",\"position\":3,\"name\":\"M\u00f6bel\",\"item\":\"https:\/\/hubsch-interior.com\/de\/produkt-kategorie\/moebel\/\"},{\"@type\":\"ListItem\",\"position\":4,\"name\":\"Tische\",\"item\":\"https:\/\/hubsch-interior.com\/de\/produkt-kategorie\/moebel\/tische-de\/\"},{\"@type\":\"ListItem\",\"position\":5,\"name\":\"Schreibtische\",\"item\":\"https:\/\/hubsch-interior.com\/de\/produkt-kategorie\/moebel\/tische-de\/schreibtische-de\/\"},{\"@type\":\"ListItem\",\"position\":6,\"name\":\"Oblique Schreibtisch Olive\"}]},{\"@type\":\"WebSite\",\"@id\":\"https:\/\/hubsch-interior.com\/de\/#website\",\"url\":\"https:\/\/hubsch-interior.com\/de\/\",\"name\":\"H\u00fcbsch\",\"description\":\"Danish Home Interior and Design\",\"publisher\":{\"@id\":\"https:\/\/hubsch-interior.com\/de\/#organization\"},\"potentialAction\":[{\"@type\":\"SearchAction\",\"target\":{\"@type\":\"EntryPoint\",\"urlTemplate\":\"https:\/\/hubsch-interior.com\/de\/?s={search_term_string}\"},\"query-input\":{\"@type\":\"PropertyValueSpecification\",\"valueRequired\":true,\"valueName\":\"search_term_string\"}}],\"inLanguage\":\"de\"},{\"@type\":\"Organization\",\"@id\":\"https:\/\/hubsch-interior.com\/de\/#organization\",\"name\":\"H\u00fcbsch\",\"url\":\"https:\/\/hubsch-interior.com\/de\/\",\"logo\":{\"@type\":\"ImageObject\",\"inLanguage\":\"de\",\"@id\":\"https:\/\/hubsch-interior.com\/de\/#\/schema\/logo\/image\/\",\"url\":\"https:\/\/hubsch-interior.com\/wp-content\/uploads\/2022\/12\/Hubsch_logo_black_one_line.svg\",\"contentUrl\":\"https:\/\/hubsch-interior.com\/wp-content\/uploads\/2022\/12\/Hubsch_logo_black_one_line.svg\",\"caption\":\"H\u00fcbsch\"},\"image\":{\"@id\":\"https:\/\/hubsch-interior.com\/de\/#\/schema\/logo\/image\/\"}}]}<\/script>\n<!-- \/ Yoast SEO plugin. -->","yoast_head_json":{"title":"Oblique Schreibtisch Olive - H\u00fcbsch","description":"F\u00fcr Konzentration entworfen, mit Ruhe geformt. Der Oblique Schreibtisch in Hellgrau kombiniert eine glatte Linoleum-Tischplatte mit massiven Eichenbeinen,","robots":{"index":"index","follow":"follow","max-snippet":"max-snippet:-1","max-image-preview":"max-image-preview:large","max-video-preview":"max-video-preview:-1"},"canonical":"https:\/\/hubsch-interior.com\/de\/wp-json\/wp\/v2\/product\/1071264","og_locale":"de_DE","og_type":"article","og_title":"Oblique Schreibtisch Olive - H\u00fcbsch","og_description":"F\u00fcr Konzentration entworfen, mit Ruhe geformt. Der Oblique Schreibtisch in Hellgrau kombiniert eine glatte Linoleum-Tischplatte mit massiven Eichenbeinen,","og_url":"https:\/\/hubsch-interior.com\/de\/produkt\/oblique-schreibtisch-olive\/","og_site_name":"H\u00fcbsch","article_modified_time":"2026-04-11T02:53:21+00:00","og_image":[{"width":400,"height":400,"url":"https:\/\/hubsch-interior.com\/wp-content\/uploads\/2025\/09\/oblique-desk-olive-231efbdbc133afbc4cc9118fa9241e59.jpg","type":"image\/jpeg"}],"twitter_card":"summary_large_image","schema":{"@context":"https:\/\/schema.org","@graph":[{"@type":"WebPage","@id":"https:\/\/hubsch-interior.com\/de\/produkt\/oblique-schreibtisch-olive\/","url":"https:\/\/hubsch-interior.com\/de\/produkt\/oblique-schreibtisch-olive\/","name":"Oblique Schreibtisch Olive - H\u00fcbsch","isPartOf":{"@id":"https:\/\/hubsch-interior.com\/de\/#website"},"primaryImageOfPage":{"@id":"https:\/\/hubsch-interior.com\/de\/produkt\/oblique-schreibtisch-olive\/#primaryimage"},"image":{"@id":"https:\/\/hubsch-interior.com\/de\/produkt\/oblique-schreibtisch-olive\/#primaryimage"},"thumbnailUrl":"https:\/\/hubsch-interior.com\/wp-content\/uploads\/2026\/02\/oblique-desk-olive-dfe471e983902a0651aa40e186c88ddd.jpg","datePublished":"2025-09-25T11:14:50+00:00","dateModified":"2026-04-11T02:53:21+00:00","description":"F\u00fcr Konzentration entworfen, mit Ruhe geformt. Der Oblique Schreibtisch in Hellgrau kombiniert eine glatte Linoleum-Tischplatte mit massiven Eichenbeinen,","breadcrumb":{"@id":"https:\/\/hubsch-interior.com\/de\/produkt\/oblique-schreibtisch-olive\/#breadcrumb"},"inLanguage":"de","potentialAction":[{"@type":"ReadAction","target":["https:\/\/hubsch-interior.com\/de\/produkt\/oblique-schreibtisch-olive\/"]}]},{"@type":"ImageObject","inLanguage":"de","@id":"https:\/\/hubsch-interior.com\/de\/produkt\/oblique-schreibtisch-olive\/#primaryimage","url":"https:\/\/hubsch-interior.com\/wp-content\/uploads\/2026\/02\/oblique-desk-olive-dfe471e983902a0651aa40e186c88ddd.jpg","contentUrl":"https:\/\/hubsch-interior.com\/wp-content\/uploads\/2026\/02\/oblique-desk-olive-dfe471e983902a0651aa40e186c88ddd.jpg","width":1024,"height":1024},{"@type":"BreadcrumbList","@id":"https:\/\/hubsch-interior.com\/de\/produkt\/oblique-schreibtisch-olive\/#breadcrumb","itemListElement":[{"@type":"ListItem","position":1,"name":"Startseite","item":"https:\/\/hubsch-interior.com\/de\/"},{"@type":"ListItem","position":2,"name":"Produkte","item":"https:\/\/hubsch-interior.com\/de\/shop-2\/"},{"@type":"ListItem","position":3,"name":"M\u00f6bel","item":"https:\/\/hubsch-interior.com\/de\/produkt-kategorie\/moebel\/"},{"@type":"ListItem","position":4,"name":"Tische","item":"https:\/\/hubsch-interior.com\/de\/produkt-kategorie\/moebel\/tische-de\/"},{"@type":"ListItem","position":5,"name":"Schreibtische","item":"https:\/\/hubsch-interior.com\/de\/produkt-kategorie\/moebel\/tische-de\/schreibtische-de\/"},{"@type":"ListItem","position":6,"name":"Oblique Schreibtisch Olive"}]},{"@type":"WebSite","@id":"https:\/\/hubsch-interior.com\/de\/#website","url":"https:\/\/hubsch-interior.com\/de\/","name":"H\u00fcbsch","description":"Danish Home Interior and Design","publisher":{"@id":"https:\/\/hubsch-interior.com\/de\/#organization"},"potentialAction":[{"@type":"SearchAction","target":{"@type":"EntryPoint","urlTemplate":"https:\/\/hubsch-interior.com\/de\/?s={search_term_string}"},"query-input":{"@type":"PropertyValueSpecification","valueRequired":true,"valueName":"search_term_string"}}],"inLanguage":"de"},{"@type":"Organization","@id":"https:\/\/hubsch-interior.com\/de\/#organization","name":"H\u00fcbsch","url":"https:\/\/hubsch-interior.com\/de\/","logo":{"@type":"ImageObject","inLanguage":"de","@id":"https:\/\/hubsch-interior.com\/de\/#\/schema\/logo\/image\/","url":"https:\/\/hubsch-interior.com\/wp-content\/uploads\/2022\/12\/Hubsch_logo_black_one_line.svg","contentUrl":"https:\/\/hubsch-interior.com\/wp-content\/uploads\/2022\/12\/Hubsch_logo_black_one_line.svg","caption":"H\u00fcbsch"},"image":{"@id":"https:\/\/hubsch-interior.com\/de\/#\/schema\/logo\/image\/"}}]}},"_links":{"self":[{"href":"https:\/\/hubsch-interior.com\/de\/wp-json\/wp\/v2\/product\/1071264","targetHints":{"allow":["GET"]}}],"collection":[{"href":"https:\/\/hubsch-interior.com\/de\/wp-json\/wp\/v2\/product"}],"about":[{"href":"https:\/\/hubsch-interior.com\/de\/wp-json\/wp\/v2\/types\/product"}],"wp:featuredmedia":[{"embeddable":true,"href":"https:\/\/hubsch-interior.com\/de\/wp-json\/wp\/v2\/media\/1104969"}],"wp:attachment":[{"href":"https:\/\/hubsch-interior.com\/de\/wp-json\/wp\/v2\/media?parent=1071264"}],"wp:term":[{"taxonomy":"product_brand","embeddable":true,"href":"https:\/\/hubsch-interior.com\/de\/wp-json\/wp\/v2\/product_brand?post=1071264"},{"taxonomy":"product_cat","embeddable":true,"href":"https:\/\/hubsch-interior.com\/de\/wp-json\/wp\/v2\/product_cat?post=1071264"},{"taxonomy":"product_tag","embeddable":true,"href":"https:\/\/hubsch-interior.com\/de\/wp-json\/wp\/v2\/product_tag?post=1071264"}],"curies":[{"name":"wp","href":"https:\/\/api.w.org\/{rel}","templated":true}]}}