{"id":1071272,"date":"2025-09-25T13:15:01","date_gmt":"2025-09-25T11:15:01","guid":{"rendered":"https:\/\/hubsch-interior.com\/product\/product\/"},"modified":"2026-04-09T04:56:22","modified_gmt":"2026-04-09T02:56:22","slug":"oblique-schreibtisch-schwarz","status":"publish","type":"product","link":"https:\/\/hubsch-interior.com\/de\/produkt\/oblique-schreibtisch-schwarz\/","title":{"rendered":"Oblique Schreibtisch Schwarz"},"content":{"rendered":"<p>Kr\u00e4ftige T\u00f6ne, ruhiger Fokus. Der Oblique Schreibtisch in schwarzem Linoleum bringt grafische Eleganz in Ihren Arbeitsbereich, abgemildert durch leichte graue Akzente und gest\u00fctzt von robusten, FSC-zertifizierten Eichenbeinen. Sein durchdachtes Design vereint Langlebigkeit mit visueller Klarheit \u2013 ideal, um gro\u00dfe Ideen und allt\u00e4gliche Aufgaben in Einklang zu bringen. Ob Sie kreieren, organisieren oder einfach einen Moment innehalten, dieser Schreibtisch bietet eine Umgebung, die alles unterst\u00fctzt. Ein Statement-Piece, das darauf ausgelegt ist, Ihren Geist klar und Ihren Raum wundersch\u00f6n geordnet zu halten.<\/p>\n","protected":false},"excerpt":{"rendered":"<p>Kr\u00e4ftige T\u00f6ne, ruhiger Fokus. Der Oblique Schreibtisch in schwarzem Linoleum bringt grafische Eleganz in Ihren Arbeitsbereich, abgemildert durch leichte graue Akzente und gest\u00fctzt von robusten, FSC-zertifizierten Eichenbeinen. Sein durchdachtes Design vereint Langlebigkeit mit visueller Klarheit \u2013 ideal, um gro\u00dfe Ideen und allt\u00e4gliche Aufgaben in Einklang zu bringen. Ob Sie kreieren, organisieren oder einfach einen Moment [&hellip;]<\/p>\n","protected":false},"featured_media":1104989,"template":"","meta":{"_acf_changed":false,"inline_featured_image":false},"product_brand":[],"product_cat":[6940,4216,6323,2906,6998,2861],"product_tag":[],"class_list":{"0":"post-1071272","1":"product","2":"type-product","3":"status-publish","4":"has-post-thumbnail","6":"product_cat-additions-de","7":"product_cat-esstische-de","8":"product_cat-fsc-de","9":"product_cat-schreibtische-de","10":"product_cat-the-buzz-de","11":"product_cat-tische-de","12":"product_shipping_class-p10","14":"pa_color-schwarz","15":"pa_material-eichenholz","16":"pa_material-mdf-de","18":"first","19":"instock","20":"taxable","21":"shipping-taxable","22":"purchasable","23":"product-type-simple"},"exclude_global_add_ons":[],"addons":[],"acf":[],"yoast_head":"<!-- This site is optimized with the Yoast SEO plugin v26.4 - https:\/\/yoast.com\/wordpress\/plugins\/seo\/ -->\n<title>Oblique Schreibtisch Schwarz - H\u00fcbsch<\/title>\n<meta name=\"description\" content=\"Kr\u00e4ftige T\u00f6ne, ruhiger Fokus. Der Oblique Schreibtisch in schwarzem Linoleum bringt grafische Eleganz in Ihren Arbeitsbereich, abgemildert durch leichte\" \/>\n<meta name=\"robots\" content=\"index, follow, max-snippet:-1, max-image-preview:large, max-video-preview:-1\" \/>\n<link rel=\"canonical\" href=\"https:\/\/hubsch-interior.com\/de\/wp-json\/wp\/v2\/product\/1071272\" \/>\n<meta property=\"og:locale\" content=\"de_DE\" \/>\n<meta property=\"og:type\" content=\"article\" \/>\n<meta property=\"og:title\" content=\"Oblique Schreibtisch Schwarz - H\u00fcbsch\" \/>\n<meta property=\"og:description\" content=\"Kr\u00e4ftige T\u00f6ne, ruhiger Fokus. Der Oblique Schreibtisch in schwarzem Linoleum bringt grafische Eleganz in Ihren Arbeitsbereich, abgemildert durch leichte\" \/>\n<meta property=\"og:url\" content=\"https:\/\/hubsch-interior.com\/de\/produkt\/oblique-schreibtisch-schwarz\/\" \/>\n<meta property=\"og:site_name\" content=\"H\u00fcbsch\" \/>\n<meta property=\"article:modified_time\" content=\"2026-04-09T02:56:22+00:00\" \/>\n<meta property=\"og:image\" content=\"https:\/\/hubsch-interior.com\/wp-content\/uploads\/2025\/09\/oblique-desk-black-daf69e5d9f9a4678307835c4794fcb72.jpg\" \/>\n\t<meta property=\"og:image:width\" content=\"400\" \/>\n\t<meta property=\"og:image:height\" content=\"400\" \/>\n\t<meta property=\"og:image:type\" content=\"image\/jpeg\" \/>\n<meta name=\"twitter:card\" content=\"summary_large_image\" \/>\n<script type=\"application\/ld+json\" class=\"yoast-schema-graph\">{\"@context\":\"https:\/\/schema.org\",\"@graph\":[{\"@type\":\"WebPage\",\"@id\":\"https:\/\/hubsch-interior.com\/de\/produkt\/oblique-schreibtisch-schwarz\/\",\"url\":\"https:\/\/hubsch-interior.com\/de\/produkt\/oblique-schreibtisch-schwarz\/\",\"name\":\"Oblique Schreibtisch Schwarz - H\u00fcbsch\",\"isPartOf\":{\"@id\":\"https:\/\/hubsch-interior.com\/de\/#website\"},\"primaryImageOfPage\":{\"@id\":\"https:\/\/hubsch-interior.com\/de\/produkt\/oblique-schreibtisch-schwarz\/#primaryimage\"},\"image\":{\"@id\":\"https:\/\/hubsch-interior.com\/de\/produkt\/oblique-schreibtisch-schwarz\/#primaryimage\"},\"thumbnailUrl\":\"https:\/\/hubsch-interior.com\/wp-content\/uploads\/2026\/02\/oblique-desk-black-0f9043d6fd238cfe10e661573e30082f.jpg\",\"datePublished\":\"2025-09-25T11:15:01+00:00\",\"dateModified\":\"2026-04-09T02:56:22+00:00\",\"description\":\"Kr\u00e4ftige T\u00f6ne, ruhiger Fokus. Der Oblique Schreibtisch in schwarzem Linoleum bringt grafische Eleganz in Ihren Arbeitsbereich, abgemildert durch leichte\",\"breadcrumb\":{\"@id\":\"https:\/\/hubsch-interior.com\/de\/produkt\/oblique-schreibtisch-schwarz\/#breadcrumb\"},\"inLanguage\":\"de\",\"potentialAction\":[{\"@type\":\"ReadAction\",\"target\":[\"https:\/\/hubsch-interior.com\/de\/produkt\/oblique-schreibtisch-schwarz\/\"]}]},{\"@type\":\"ImageObject\",\"inLanguage\":\"de\",\"@id\":\"https:\/\/hubsch-interior.com\/de\/produkt\/oblique-schreibtisch-schwarz\/#primaryimage\",\"url\":\"https:\/\/hubsch-interior.com\/wp-content\/uploads\/2026\/02\/oblique-desk-black-0f9043d6fd238cfe10e661573e30082f.jpg\",\"contentUrl\":\"https:\/\/hubsch-interior.com\/wp-content\/uploads\/2026\/02\/oblique-desk-black-0f9043d6fd238cfe10e661573e30082f.jpg\",\"width\":1024,\"height\":1024},{\"@type\":\"BreadcrumbList\",\"@id\":\"https:\/\/hubsch-interior.com\/de\/produkt\/oblique-schreibtisch-schwarz\/#breadcrumb\",\"itemListElement\":[{\"@type\":\"ListItem\",\"position\":1,\"name\":\"Startseite\",\"item\":\"https:\/\/hubsch-interior.com\/de\/\"},{\"@type\":\"ListItem\",\"position\":2,\"name\":\"Produkte\",\"item\":\"https:\/\/hubsch-interior.com\/de\/shop-2\/\"},{\"@type\":\"ListItem\",\"position\":3,\"name\":\"M\u00f6bel\",\"item\":\"https:\/\/hubsch-interior.com\/de\/produkt-kategorie\/moebel\/\"},{\"@type\":\"ListItem\",\"position\":4,\"name\":\"Tische\",\"item\":\"https:\/\/hubsch-interior.com\/de\/produkt-kategorie\/moebel\/tische-de\/\"},{\"@type\":\"ListItem\",\"position\":5,\"name\":\"Schreibtische\",\"item\":\"https:\/\/hubsch-interior.com\/de\/produkt-kategorie\/moebel\/tische-de\/schreibtische-de\/\"},{\"@type\":\"ListItem\",\"position\":6,\"name\":\"Oblique Schreibtisch Schwarz\"}]},{\"@type\":\"WebSite\",\"@id\":\"https:\/\/hubsch-interior.com\/de\/#website\",\"url\":\"https:\/\/hubsch-interior.com\/de\/\",\"name\":\"H\u00fcbsch\",\"description\":\"Danish Home Interior and Design\",\"publisher\":{\"@id\":\"https:\/\/hubsch-interior.com\/de\/#organization\"},\"potentialAction\":[{\"@type\":\"SearchAction\",\"target\":{\"@type\":\"EntryPoint\",\"urlTemplate\":\"https:\/\/hubsch-interior.com\/de\/?s={search_term_string}\"},\"query-input\":{\"@type\":\"PropertyValueSpecification\",\"valueRequired\":true,\"valueName\":\"search_term_string\"}}],\"inLanguage\":\"de\"},{\"@type\":\"Organization\",\"@id\":\"https:\/\/hubsch-interior.com\/de\/#organization\",\"name\":\"H\u00fcbsch\",\"url\":\"https:\/\/hubsch-interior.com\/de\/\",\"logo\":{\"@type\":\"ImageObject\",\"inLanguage\":\"de\",\"@id\":\"https:\/\/hubsch-interior.com\/de\/#\/schema\/logo\/image\/\",\"url\":\"https:\/\/hubsch-interior.com\/wp-content\/uploads\/2022\/12\/Hubsch_logo_black_one_line.svg\",\"contentUrl\":\"https:\/\/hubsch-interior.com\/wp-content\/uploads\/2022\/12\/Hubsch_logo_black_one_line.svg\",\"caption\":\"H\u00fcbsch\"},\"image\":{\"@id\":\"https:\/\/hubsch-interior.com\/de\/#\/schema\/logo\/image\/\"}}]}<\/script>\n<!-- \/ Yoast SEO plugin. -->","yoast_head_json":{"title":"Oblique Schreibtisch Schwarz - H\u00fcbsch","description":"Kr\u00e4ftige T\u00f6ne, ruhiger Fokus. Der Oblique Schreibtisch in schwarzem Linoleum bringt grafische Eleganz in Ihren Arbeitsbereich, abgemildert durch leichte","robots":{"index":"index","follow":"follow","max-snippet":"max-snippet:-1","max-image-preview":"max-image-preview:large","max-video-preview":"max-video-preview:-1"},"canonical":"https:\/\/hubsch-interior.com\/de\/wp-json\/wp\/v2\/product\/1071272","og_locale":"de_DE","og_type":"article","og_title":"Oblique Schreibtisch Schwarz - H\u00fcbsch","og_description":"Kr\u00e4ftige T\u00f6ne, ruhiger Fokus. Der Oblique Schreibtisch in schwarzem Linoleum bringt grafische Eleganz in Ihren Arbeitsbereich, abgemildert durch leichte","og_url":"https:\/\/hubsch-interior.com\/de\/produkt\/oblique-schreibtisch-schwarz\/","og_site_name":"H\u00fcbsch","article_modified_time":"2026-04-09T02:56:22+00:00","og_image":[{"width":400,"height":400,"url":"https:\/\/hubsch-interior.com\/wp-content\/uploads\/2025\/09\/oblique-desk-black-daf69e5d9f9a4678307835c4794fcb72.jpg","type":"image\/jpeg"}],"twitter_card":"summary_large_image","schema":{"@context":"https:\/\/schema.org","@graph":[{"@type":"WebPage","@id":"https:\/\/hubsch-interior.com\/de\/produkt\/oblique-schreibtisch-schwarz\/","url":"https:\/\/hubsch-interior.com\/de\/produkt\/oblique-schreibtisch-schwarz\/","name":"Oblique Schreibtisch Schwarz - H\u00fcbsch","isPartOf":{"@id":"https:\/\/hubsch-interior.com\/de\/#website"},"primaryImageOfPage":{"@id":"https:\/\/hubsch-interior.com\/de\/produkt\/oblique-schreibtisch-schwarz\/#primaryimage"},"image":{"@id":"https:\/\/hubsch-interior.com\/de\/produkt\/oblique-schreibtisch-schwarz\/#primaryimage"},"thumbnailUrl":"https:\/\/hubsch-interior.com\/wp-content\/uploads\/2026\/02\/oblique-desk-black-0f9043d6fd238cfe10e661573e30082f.jpg","datePublished":"2025-09-25T11:15:01+00:00","dateModified":"2026-04-09T02:56:22+00:00","description":"Kr\u00e4ftige T\u00f6ne, ruhiger Fokus. Der Oblique Schreibtisch in schwarzem Linoleum bringt grafische Eleganz in Ihren Arbeitsbereich, abgemildert durch leichte","breadcrumb":{"@id":"https:\/\/hubsch-interior.com\/de\/produkt\/oblique-schreibtisch-schwarz\/#breadcrumb"},"inLanguage":"de","potentialAction":[{"@type":"ReadAction","target":["https:\/\/hubsch-interior.com\/de\/produkt\/oblique-schreibtisch-schwarz\/"]}]},{"@type":"ImageObject","inLanguage":"de","@id":"https:\/\/hubsch-interior.com\/de\/produkt\/oblique-schreibtisch-schwarz\/#primaryimage","url":"https:\/\/hubsch-interior.com\/wp-content\/uploads\/2026\/02\/oblique-desk-black-0f9043d6fd238cfe10e661573e30082f.jpg","contentUrl":"https:\/\/hubsch-interior.com\/wp-content\/uploads\/2026\/02\/oblique-desk-black-0f9043d6fd238cfe10e661573e30082f.jpg","width":1024,"height":1024},{"@type":"BreadcrumbList","@id":"https:\/\/hubsch-interior.com\/de\/produkt\/oblique-schreibtisch-schwarz\/#breadcrumb","itemListElement":[{"@type":"ListItem","position":1,"name":"Startseite","item":"https:\/\/hubsch-interior.com\/de\/"},{"@type":"ListItem","position":2,"name":"Produkte","item":"https:\/\/hubsch-interior.com\/de\/shop-2\/"},{"@type":"ListItem","position":3,"name":"M\u00f6bel","item":"https:\/\/hubsch-interior.com\/de\/produkt-kategorie\/moebel\/"},{"@type":"ListItem","position":4,"name":"Tische","item":"https:\/\/hubsch-interior.com\/de\/produkt-kategorie\/moebel\/tische-de\/"},{"@type":"ListItem","position":5,"name":"Schreibtische","item":"https:\/\/hubsch-interior.com\/de\/produkt-kategorie\/moebel\/tische-de\/schreibtische-de\/"},{"@type":"ListItem","position":6,"name":"Oblique Schreibtisch Schwarz"}]},{"@type":"WebSite","@id":"https:\/\/hubsch-interior.com\/de\/#website","url":"https:\/\/hubsch-interior.com\/de\/","name":"H\u00fcbsch","description":"Danish Home Interior and Design","publisher":{"@id":"https:\/\/hubsch-interior.com\/de\/#organization"},"potentialAction":[{"@type":"SearchAction","target":{"@type":"EntryPoint","urlTemplate":"https:\/\/hubsch-interior.com\/de\/?s={search_term_string}"},"query-input":{"@type":"PropertyValueSpecification","valueRequired":true,"valueName":"search_term_string"}}],"inLanguage":"de"},{"@type":"Organization","@id":"https:\/\/hubsch-interior.com\/de\/#organization","name":"H\u00fcbsch","url":"https:\/\/hubsch-interior.com\/de\/","logo":{"@type":"ImageObject","inLanguage":"de","@id":"https:\/\/hubsch-interior.com\/de\/#\/schema\/logo\/image\/","url":"https:\/\/hubsch-interior.com\/wp-content\/uploads\/2022\/12\/Hubsch_logo_black_one_line.svg","contentUrl":"https:\/\/hubsch-interior.com\/wp-content\/uploads\/2022\/12\/Hubsch_logo_black_one_line.svg","caption":"H\u00fcbsch"},"image":{"@id":"https:\/\/hubsch-interior.com\/de\/#\/schema\/logo\/image\/"}}]}},"_links":{"self":[{"href":"https:\/\/hubsch-interior.com\/de\/wp-json\/wp\/v2\/product\/1071272","targetHints":{"allow":["GET"]}}],"collection":[{"href":"https:\/\/hubsch-interior.com\/de\/wp-json\/wp\/v2\/product"}],"about":[{"href":"https:\/\/hubsch-interior.com\/de\/wp-json\/wp\/v2\/types\/product"}],"wp:featuredmedia":[{"embeddable":true,"href":"https:\/\/hubsch-interior.com\/de\/wp-json\/wp\/v2\/media\/1104989"}],"wp:attachment":[{"href":"https:\/\/hubsch-interior.com\/de\/wp-json\/wp\/v2\/media?parent=1071272"}],"wp:term":[{"taxonomy":"product_brand","embeddable":true,"href":"https:\/\/hubsch-interior.com\/de\/wp-json\/wp\/v2\/product_brand?post=1071272"},{"taxonomy":"product_cat","embeddable":true,"href":"https:\/\/hubsch-interior.com\/de\/wp-json\/wp\/v2\/product_cat?post=1071272"},{"taxonomy":"product_tag","embeddable":true,"href":"https:\/\/hubsch-interior.com\/de\/wp-json\/wp\/v2\/product_tag?post=1071272"}],"curies":[{"name":"wp","href":"https:\/\/api.w.org\/{rel}","templated":true}]}}